{"id":135563,"date":"2022-10-19T11:53:56","date_gmt":"2022-10-19T11:53:56","guid":{"rendered":"https:\/\/www.capgemini.com\/se-en\/?page_id=135563"},"modified":"2025-03-13T05:09:39","modified_gmt":"2025-03-13T04:09:39","slug":"capgemini-norrsken","status":"publish","type":"page","link":"https:\/\/www.capgemini.com\/se-en\/solutions\/capgemini-norrsken\/","title":{"rendered":"Capgemini Norrsken"},"content":{"rendered":"\n<header class=\"wp-block-cg-blocks-hero-reusable header heroReusable  \"><div class=\"header-bgs\"><picture><source srcset=\"https:\/\/www.capgemini.com\/se-en\/wp-content\/uploads\/sites\/20\/2023\/04\/NorthernLight-Norrsken.jpg?w=2880&amp;quality=70 1x, https:\/\/www.capgemini.com\/se-en\/wp-content\/uploads\/sites\/20\/2023\/04\/NorthernLight-Norrsken.jpg?w=2880&amp;quality=70 2x\" media=\"(min-width: 1500px)\"\/><source srcset=\"https:\/\/www.capgemini.com\/se-en\/wp-content\/uploads\/sites\/20\/2023\/04\/NorthernLight-Norrsken.jpg?w=1440&amp;quality=70 1x, https:\/\/www.capgemini.com\/se-en\/wp-content\/uploads\/sites\/20\/2023\/04\/NorthernLight-Norrsken.jpg?w=2880&amp;quality=70 2x\" media=\"(min-width: 992px)\"\/><source srcset=\"https:\/\/www.capgemini.com\/se-en\/wp-content\/uploads\/sites\/20\/2023\/04\/NorthernLight-Norrsken.jpg?w=1024&amp;quality=70 1x, https:\/\/www.capgemini.com\/se-en\/wp-content\/uploads\/sites\/20\/2023\/04\/NorthernLight-Norrsken.jpg?w=1024&amp;quality=70 2x\" media=\"(min-width: 768px)\"\/><source srcset=\"https:\/\/www.capgemini.com\/se-en\/wp-content\/uploads\/sites\/20\/2023\/04\/NorthernLight-Norrsken.jpg?w=768&amp;quality=70 1x, https:\/\/www.capgemini.com\/se-en\/wp-content\/uploads\/sites\/20\/2023\/04\/NorthernLight-Norrsken.jpg?w=768&amp;quality=70 2x\" media=\"(min-width: 0)\"\/><img decoding=\"async\" src=\"https:\/\/www.capgemini.com\/se-en\/wp-content\/uploads\/sites\/20\/2023\/04\/NorthernLight-Norrsken.jpg\" class=\"header-img header-img-d\" alt=\"NorthernLight-Norrsken\" style=\"object-fit:cover;object-position:50% 50%\" loading=\"eager\"\/><\/picture><\/div><div class=\"heroPictureCardHeaderShape\"><\/div><div class=\"container\"><div class=\"row\"><div class=\"col-md-12\"><div class=\"box\"><div class=\"boxTagWrapper\"><div class=\"tagInfo\"><div><span class=\"box-tag\">Solution<\/span><\/div><\/div><\/div><div class=\"box-title\"><h1 data-maxlength=\"34\">Capgemini Norrsken<\/h1><\/div><div class=\"inner-row-insight download-btn\"><div class=\"col-md-4 downloadFiles addPadding\"><a class=\"button-download--small\" type=\"download\" href=\"https:\/\/www.capgemini.com\/se-en\/wp-content\/uploads\/sites\/20\/2023\/04\/Pega_Northern-lights_A4_SC_SM_SE-Final-2-1.pdf\" target=\"_blank\" rel=\"noopener noreferrer\" title=\"opens in a new window\"><span>Download Article<\/span><span class=\"type\">165 KB  pdf<\/span><\/a><\/div><\/div><\/div><\/div><\/div><\/div><\/header>\n\n\n\n<section class=\"wp-block-cg-blocks-group undefined section section--article-content\"><div class=\"article-main-content\"><div class=\"container\"><div class=\"row\"><div class=\"col-12 col-md-1\"><nav class=\"article-social\"><ul class=\"social-nav\"><li class=\"ip-order-fb\"><a href=\"https:\/\/www.facebook.com\/sharer\/sharer.php?u=https:\/\/www.capgemini.com\/se-en\/solutions\/capgemini-norrsken\/\" target=\"_blank\" rel=\"noopener noreferrer\" title=\"opens in a new window\"><i aria-hidden=\"true\" class=\"icon-fb\"><\/i><span class=\"sr-only\">Facebook<\/span><\/a><\/li><li class=\"ip-order-tw\"><a href=\"https:\/\/twitter.com\/intent\/tweet?url=https:\/\/www.capgemini.com\/se-en\/solutions\/capgemini-norrsken\/&amp;text=Capgemini%20Norrsken\" target=\"_blank\" rel=\"noopener noreferrer\" title=\"opens in a new window\"><i aria-hidden=\"true\" class=\"icon-tw\"><\/i><span class=\"sr-only\">Twitter<\/span><\/a><\/li><li class=\"ip-order-li\"><a href=\"https:\/\/www.linkedin.com\/sharing\/share-offsite\/?url=https:\/\/www.capgemini.com\/se-en\/solutions\/capgemini-norrsken\/&amp;text=Capgemini%20Norrsken\" target=\"_blank\" rel=\"noopener noreferrer\" title=\"opens in a new window\"><i aria-hidden=\"true\" class=\"icon-li\"><\/i><span class=\"sr-only\">Linkedin<\/span><\/a><\/li><\/ul><\/nav><\/div><div class=\"col-12 col-md-11 col-lg-10\"><div class=\"article-text article-quote-text\">\n<h3 class=\"wp-block-heading\" id=\"h-besluts-och-arendehantering-for-svensk-offentlig-forvaltning\">Besluts- och \u00e4rendehantering f\u00f6r Svensk offentlig f\u00f6rvaltning<\/h3>\n\n\n\n<h4 class=\"wp-block-heading\">Vad \u00e4r Capgemini Norrsken?<\/h4>\n\n\n\n<p>L\u00f6sningen best\u00e5r av 3 komponenter Norrsken \u00e4r en l\u00f6sning inom \u00e4rende-och beslutsst\u00f6d f\u00f6r svensk offentlig f\u00f6rvaltning (ex myndigheter och st\u00e4der). L\u00f6sningen st\u00f6djer handl\u00e4ggning och beslutsfattande enligt svensk f\u00f6rvaltningslag och tryckfrihetsf\u00f6rordningen. Den inkluderar st\u00f6d av regler fr\u00e5n svensk och europeisk lagstiftning. Norrsken \u00e4r p\u00e5 Svenska och \u00e4r baserad p\u00e5 Pega Government Platform (PGP). L\u00f6sningen \u00e4r unik eftersom den erbjuder v\u00e4rldsledande \u00e4rendehantering anpassad f\u00f6r svensk offentlig sektor.<\/p>\n\n\n\n<figure class=\"wp-block-embed is-type-video is-provider-youtube wp-block-embed-youtube wp-embed-aspect-16-9 wp-has-aspect-ratio\"><div class=\"wp-block-embed__wrapper\">\n<iframe loading=\"lazy\" title=\"Capgemini Norrsken \u2013 \u00e4rende och beslutst\u00f6dsl\u00f6sning f\u00f6r svensk offentlig f\u00f6rvaltning\" width=\"960\" height=\"540\" src=\"https:\/\/www.youtube.com\/embed\/pdX45c72Z48?feature=oembed\" frameborder=\"0\" allow=\"accelerometer; autoplay; clipboard-write; encrypted-media; gyroscope; picture-in-picture; web-share\" referrerpolicy=\"strict-origin-when-cross-origin\" allowfullscreen><\/iframe>\n<\/div><\/figure>\n\n\n\n<h4 class=\"wp-block-heading\" id=\"h-losningen-bestar-av-3-komponenter\">L\u00f6sningen best\u00e5r av 3 komponenter<\/h4>\n\n\n\n<figure class=\"wp-block-image size-full\"><img loading=\"lazy\" decoding=\"async\" width=\"959\" height=\"586\" src=\"https:\/\/www.capgemini.com\/se-en\/wp-content\/uploads\/sites\/20\/2022\/10\/NL_1.png\" alt=\"\" class=\"wp-image-135566\" srcset=\"https:\/\/www.capgemini.com\/se-en\/wp-content\/uploads\/sites\/20\/2022\/10\/NL_1.png 959w, https:\/\/www.capgemini.com\/se-en\/wp-content\/uploads\/sites\/20\/2022\/10\/NL_1.png?resize=300,183 300w, https:\/\/www.capgemini.com\/se-en\/wp-content\/uploads\/sites\/20\/2022\/10\/NL_1.png?resize=768,469 768w\" sizes=\"auto, (max-width: 959px) 100vw, 959px\" \/><\/figure>\n\n\n\n<h4 class=\"wp-block-heading\" id=\"h-3-viktiga-fordelar\">3 viktiga f\u00f6rdelar<\/h4>\n\n\n\n<figure class=\"wp-block-image size-full\"><img loading=\"lazy\" decoding=\"async\" width=\"960\" height=\"391\" src=\"https:\/\/www.capgemini.com\/se-en\/wp-content\/uploads\/sites\/20\/2022\/10\/nl_2.png\" alt=\"\" class=\"wp-image-135567\" srcset=\"https:\/\/www.capgemini.com\/se-en\/wp-content\/uploads\/sites\/20\/2022\/10\/nl_2.png 960w, https:\/\/www.capgemini.com\/se-en\/wp-content\/uploads\/sites\/20\/2022\/10\/nl_2.png?resize=300,122 300w, https:\/\/www.capgemini.com\/se-en\/wp-content\/uploads\/sites\/20\/2022\/10\/nl_2.png?resize=768,313 768w\" sizes=\"auto, (max-width: 960px) 100vw, 960px\" \/><\/figure>\n\n\n\n<h4 class=\"wp-block-heading\" id=\"h-losningsbeskrivning\">L\u00f6sningsbeskrivning<\/h4>\n\n\n\n<p>Norrsken \u00e4r en l\u00f6sning inom \u00e4rende- och beslutsst\u00f6d f\u00f6r svenska offentlig f\u00f6rvaltning (ex myndigheter och st\u00e4der). L\u00f6sningen st\u00f6djer handl\u00e4ggning och beslutsfattande enligt svensk f\u00f6rvaltningslag och tryckfrihetsf\u00f6rordningen. Den inkluderar st\u00f6d av regler fr\u00e5n svensk och europeisk lagstiftning. Norrsken \u00e4r p\u00e5 Svenska och \u00e4r baserad p\u00e5 Pega Government Platform (PGP). L\u00f6sningen \u00e4r unik eftersom den erbjuder v\u00e4rldsledande \u00e4rendehantering anpassad f\u00f6r svensk offentlig sektor.<\/p>\n\n\n\n<h4 class=\"wp-block-heading\">L\u00f6sningen inneh\u00e5ller:<\/h4>\n\n\n\n<figure class=\"wp-block-image size-full\"><img loading=\"lazy\" decoding=\"async\" width=\"959\" height=\"606\" src=\"https:\/\/www.capgemini.com\/se-en\/wp-content\/uploads\/sites\/20\/2022\/10\/nl3.png\" alt=\"\" class=\"wp-image-135568\" srcset=\"https:\/\/www.capgemini.com\/se-en\/wp-content\/uploads\/sites\/20\/2022\/10\/nl3.png 959w, https:\/\/www.capgemini.com\/se-en\/wp-content\/uploads\/sites\/20\/2022\/10\/nl3.png?resize=300,190 300w, https:\/\/www.capgemini.com\/se-en\/wp-content\/uploads\/sites\/20\/2022\/10\/nl3.png?resize=768,485 768w\" sizes=\"auto, (max-width: 959px) 100vw, 959px\" \/><\/figure>\n\n\n\n<h4 class=\"wp-block-heading\">Capgemini Norrsken \u2013 \u00e4rende och beslutst\u00f6dsl\u00f6sning f\u00f6r svensk offentlig f\u00f6rvaltning<\/h4>\n\n\n\n<h4 class=\"wp-block-heading\">Vem fr\u00e5gar jag?<\/h4>\n\n\n\n<ul class=\"wp-block-list\">\n<li><strong>Jenny Zach\u00e9n<\/strong>, Head of Tax &amp; Other Gov, Public Sector<br>Tel: +46 72-2447086<br>Email:\u00a0<a href=\"mailto:jenny.zachen@capgemini.com\">jenny.zachen@capgemini.com<\/a><\/li>\n\n\n\n<li><strong>Jimmy Baraka<\/strong>, Public SPOC Pega COE<br>Tel: +46 70-6104119<br>Email:\u00a0<a href=\"mailto:jimmy.baraka@capgemini.com\">jimmy.baraka@capgemini.com<\/a><\/li>\n<\/ul>\n<\/div><\/div><\/div><\/div><\/div><\/section>\n","protected":false},"excerpt":{"rendered":"","protected":false},"author":324,"featured_media":135564,"parent":122193,"menu_order":0,"comment_status":"closed","ping_status":"closed","template":"","meta":{"cg_dt_proposed_to":[],"cg_seo_hreflang_relations":"[]","cg_seo_canonical_relation":"","cg_seo_hreflang_x_default_relation":"{\"uuid\":\"cd09d109-05fe-4941-9105-4ac7e5da7410\",\"blogId\":\"\",\"domain\":\"\",\"sitePath\":\"\",\"postLink\":\"\",\"postId\":null,\"isSaved\":true,\"isCrossLink\":false,\"hasCrossLink\":false}","cg_dt_approved_content":true,"cg_dt_mandatory_content":false,"cg_dt_notes":"","cg_dg_source_changed":false,"cg_dt_link_disabled":false,"_yoast_wpseo_primary_brand":"","footnotes":"","featured_focal_points":"","partner_card_description":"","gsap_animation":0},"brand":[],"partner_type":[],"service":[],"industry":[],"partners":[],"page-type":[140],"content-group":[],"class_list":["post-135563","page","type-page","status-publish","has-post-thumbnail","hentry","page-type-solutions"],"yoast_head":"<!-- This site is optimized with the Yoast SEO Premium plugin v22.8 (Yoast SEO v22.8) - https:\/\/yoast.com\/wordpress\/plugins\/seo\/ -->\n<title>Capgemini Norrsken - Capgemini Sweden<\/title>\n<meta name=\"robots\" content=\"index, follow, max-snippet:-1, max-image-preview:large, max-video-preview:-1\" \/>\n<link rel=\"canonical\" href=\"https:\/\/www.capgemini.com\/se-en\/solutions\/capgemini-norrsken\/\" \/>\n<meta property=\"og:locale\" content=\"en_US\" \/>\n<meta property=\"og:type\" content=\"article\" \/>\n<meta property=\"og:title\" content=\"Capgemini Norrsken\" \/>\n<meta property=\"og:url\" content=\"https:\/\/www.capgemini.com\/se-en\/solutions\/capgemini-norrsken\/\" \/>\n<meta property=\"og:site_name\" content=\"Capgemini Sweden\" \/>\n<meta property=\"article:modified_time\" content=\"2025-03-13T04:09:39+00:00\" \/>\n<meta property=\"og:image\" content=\"https:\/\/www.capgemini.com\/se-en\/wp-content\/uploads\/sites\/20\/2022\/10\/NL-_Web-banner_SM_SC_V1_SE-e1666182043917.png\" \/>\n\t<meta property=\"og:image:width\" content=\"1650\" \/>\n\t<meta property=\"og:image:height\" content=\"480\" \/>\n\t<meta property=\"og:image:type\" content=\"image\/png\" \/>\n<meta name=\"twitter:card\" content=\"summary_large_image\" \/>\n<meta name=\"twitter:label1\" content=\"Est. reading time\" \/>\n\t<meta name=\"twitter:data1\" content=\"2 minutes\" \/>\n<script type=\"application\/ld+json\" class=\"yoast-schema-graph\">{\"@context\":\"https:\/\/schema.org\",\"@graph\":[{\"@type\":\"WebPage\",\"@id\":\"https:\/\/www.capgemini.com\/se-en\/solutions\/capgemini-norrsken\/\",\"url\":\"https:\/\/www.capgemini.com\/se-en\/solutions\/capgemini-norrsken\/\",\"name\":\"Capgemini Norrsken - Capgemini Sweden\",\"isPartOf\":{\"@id\":\"https:\/\/www.capgemini.com\/se-en\/#website\"},\"primaryImageOfPage\":{\"@id\":\"https:\/\/www.capgemini.com\/se-en\/solutions\/capgemini-norrsken\/#primaryimage\"},\"image\":{\"@id\":\"https:\/\/www.capgemini.com\/se-en\/solutions\/capgemini-norrsken\/#primaryimage\"},\"thumbnailUrl\":\"https:\/\/www.capgemini.com\/se-en\/wp-content\/uploads\/sites\/20\/2022\/10\/NL-_Web-banner_SM_SC_V1_SE-e1666182043917.png\",\"datePublished\":\"2022-10-19T11:53:56+00:00\",\"dateModified\":\"2025-03-13T04:09:39+00:00\",\"breadcrumb\":{\"@id\":\"https:\/\/www.capgemini.com\/se-en\/solutions\/capgemini-norrsken\/#breadcrumb\"},\"inLanguage\":\"en-US\",\"potentialAction\":[{\"@type\":\"ReadAction\",\"target\":[\"https:\/\/www.capgemini.com\/se-en\/solutions\/capgemini-norrsken\/\"]}]},{\"@type\":\"ImageObject\",\"inLanguage\":\"en-US\",\"@id\":\"https:\/\/www.capgemini.com\/se-en\/solutions\/capgemini-norrsken\/#primaryimage\",\"url\":\"https:\/\/www.capgemini.com\/se-en\/wp-content\/uploads\/sites\/20\/2022\/10\/NL-_Web-banner_SM_SC_V1_SE-e1666182043917.png\",\"contentUrl\":\"https:\/\/www.capgemini.com\/se-en\/wp-content\/uploads\/sites\/20\/2022\/10\/NL-_Web-banner_SM_SC_V1_SE-e1666182043917.png\",\"width\":1650,\"height\":480},{\"@type\":\"BreadcrumbList\",\"@id\":\"https:\/\/www.capgemini.com\/se-en\/solutions\/capgemini-norrsken\/#breadcrumb\",\"itemListElement\":[{\"@type\":\"ListItem\",\"position\":1,\"name\":\"Home\",\"item\":\"https:\/\/www.capgemini.com\/se-en\/\"},{\"@type\":\"ListItem\",\"position\":2,\"name\":\"Solutions\",\"item\":\"https:\/\/www.capgemini.com\/se-en\/solutions\/\"},{\"@type\":\"ListItem\",\"position\":3,\"name\":\"Capgemini Norrsken\"}]},{\"@type\":\"WebSite\",\"@id\":\"https:\/\/www.capgemini.com\/se-en\/#website\",\"url\":\"https:\/\/www.capgemini.com\/se-en\/\",\"name\":\"Capgemini Sweden\",\"description\":\"Capgemini\",\"potentialAction\":[{\"@type\":\"SearchAction\",\"target\":{\"@type\":\"EntryPoint\",\"urlTemplate\":\"https:\/\/www.capgemini.com\/se-en\/?s={search_term_string}\"},\"query-input\":\"required name=search_term_string\"}],\"inLanguage\":\"en-US\"}]}<\/script>\n<!-- \/ Yoast SEO Premium plugin. -->","yoast_head_json":{"title":"Capgemini Norrsken - Capgemini Sweden","robots":{"index":"index","follow":"follow","max-snippet":"max-snippet:-1","max-image-preview":"max-image-preview:large","max-video-preview":"max-video-preview:-1"},"canonical":"https:\/\/www.capgemini.com\/se-en\/solutions\/capgemini-norrsken\/","og_locale":"en_US","og_type":"article","og_title":"Capgemini Norrsken","og_url":"https:\/\/www.capgemini.com\/se-en\/solutions\/capgemini-norrsken\/","og_site_name":"Capgemini Sweden","article_modified_time":"2025-03-13T04:09:39+00:00","og_image":[{"width":1650,"height":480,"url":"https:\/\/www.capgemini.com\/se-en\/wp-content\/uploads\/sites\/20\/2022\/10\/NL-_Web-banner_SM_SC_V1_SE-e1666182043917.png","type":"image\/png"}],"twitter_card":"summary_large_image","twitter_misc":{"Est. reading time":"2 minutes"},"schema":{"@context":"https:\/\/schema.org","@graph":[{"@type":"WebPage","@id":"https:\/\/www.capgemini.com\/se-en\/solutions\/capgemini-norrsken\/","url":"https:\/\/www.capgemini.com\/se-en\/solutions\/capgemini-norrsken\/","name":"Capgemini Norrsken - Capgemini Sweden","isPartOf":{"@id":"https:\/\/www.capgemini.com\/se-en\/#website"},"primaryImageOfPage":{"@id":"https:\/\/www.capgemini.com\/se-en\/solutions\/capgemini-norrsken\/#primaryimage"},"image":{"@id":"https:\/\/www.capgemini.com\/se-en\/solutions\/capgemini-norrsken\/#primaryimage"},"thumbnailUrl":"https:\/\/www.capgemini.com\/se-en\/wp-content\/uploads\/sites\/20\/2022\/10\/NL-_Web-banner_SM_SC_V1_SE-e1666182043917.png","datePublished":"2022-10-19T11:53:56+00:00","dateModified":"2025-03-13T04:09:39+00:00","breadcrumb":{"@id":"https:\/\/www.capgemini.com\/se-en\/solutions\/capgemini-norrsken\/#breadcrumb"},"inLanguage":"en-US","potentialAction":[{"@type":"ReadAction","target":["https:\/\/www.capgemini.com\/se-en\/solutions\/capgemini-norrsken\/"]}]},{"@type":"ImageObject","inLanguage":"en-US","@id":"https:\/\/www.capgemini.com\/se-en\/solutions\/capgemini-norrsken\/#primaryimage","url":"https:\/\/www.capgemini.com\/se-en\/wp-content\/uploads\/sites\/20\/2022\/10\/NL-_Web-banner_SM_SC_V1_SE-e1666182043917.png","contentUrl":"https:\/\/www.capgemini.com\/se-en\/wp-content\/uploads\/sites\/20\/2022\/10\/NL-_Web-banner_SM_SC_V1_SE-e1666182043917.png","width":1650,"height":480},{"@type":"BreadcrumbList","@id":"https:\/\/www.capgemini.com\/se-en\/solutions\/capgemini-norrsken\/#breadcrumb","itemListElement":[{"@type":"ListItem","position":1,"name":"Home","item":"https:\/\/www.capgemini.com\/se-en\/"},{"@type":"ListItem","position":2,"name":"Solutions","item":"https:\/\/www.capgemini.com\/se-en\/solutions\/"},{"@type":"ListItem","position":3,"name":"Capgemini Norrsken"}]},{"@type":"WebSite","@id":"https:\/\/www.capgemini.com\/se-en\/#website","url":"https:\/\/www.capgemini.com\/se-en\/","name":"Capgemini Sweden","description":"Capgemini","potentialAction":[{"@type":"SearchAction","target":{"@type":"EntryPoint","urlTemplate":"https:\/\/www.capgemini.com\/se-en\/?s={search_term_string}"},"query-input":"required name=search_term_string"}],"inLanguage":"en-US"}]}},"brand_term":[],"parsely":{"version":"1.1.0","canonical_url":"https:\/\/capgemini.com\/se-en\/solutions\/capgemini-norrsken\/","smart_links":{"inbound":0,"outbound":0},"traffic_boost_suggestions_count":0,"meta":{"@context":"https:\/\/schema.org","@type":"WebPage","headline":"Capgemini Norrsken","url":"https:\/\/www.capgemini.com\/se-en\/solutions\/capgemini-norrsken\/","mainEntityOfPage":{"@type":"WebPage","@id":"https:\/\/www.capgemini.com\/se-en\/solutions\/capgemini-norrsken\/"},"thumbnailUrl":"https:\/\/www.capgemini.com\/se-en\/wp-content\/uploads\/sites\/20\/2022\/10\/NL-_Web-banner_SM_SC_V1_SE-e1666182043917.png?w=150&h=150&crop=1","image":{"@type":"ImageObject","url":"https:\/\/www.capgemini.com\/se-en\/wp-content\/uploads\/sites\/20\/2022\/10\/NL-_Web-banner_SM_SC_V1_SE-e1666182043917.png"},"articleSection":"Uncategorized","author":[],"creator":[],"publisher":{"@type":"Organization","name":"Capgemini Sweden","logo":""},"keywords":[],"dateCreated":"2022-10-19T11:53:56Z","datePublished":"2022-10-19T11:53:56Z","dateModified":"2025-03-13T04:09:39Z"},"rendered":"<meta name=\"parsely-title\" content=\"Capgemini Norrsken\" \/>\n<meta name=\"parsely-link\" content=\"https:\/\/www.capgemini.com\/se-en\/solutions\/capgemini-norrsken\/\" \/>\n<meta name=\"parsely-type\" content=\"index\" \/>\n<meta name=\"parsely-image-url\" content=\"https:\/\/www.capgemini.com\/se-en\/wp-content\/uploads\/sites\/20\/2022\/10\/NL-_Web-banner_SM_SC_V1_SE-e1666182043917.png?w=150&amp;h=150&amp;crop=1\" \/>\n<meta name=\"parsely-pub-date\" content=\"2022-10-19T11:53:56Z\" \/>\n<meta name=\"parsely-section\" content=\"Uncategorized\" \/>","tracker_url":"https:\/\/cdn.parsely.com\/keys\/capgemini.com\/p.js"},"archive_status":false,"featured_image_src":"https:\/\/www.capgemini.com\/se-en\/wp-content\/uploads\/sites\/20\/2022\/10\/NL-_Web-banner_SM_SC_V1_SE-e1666182043917.png","featured_image_alt":"","jetpack_sharing_enabled":true,"distributor_meta":false,"distributor_terms":false,"distributor_media":false,"distributor_original_site_name":"Capgemini Sweden","distributor_original_site_url":"https:\/\/www.capgemini.com\/se-en","push-errors":false,"_links":{"self":[{"href":"https:\/\/www.capgemini.com\/se-en\/wp-json\/wp\/v2\/pages\/135563","targetHints":{"allow":["GET"]}}],"collection":[{"href":"https:\/\/www.capgemini.com\/se-en\/wp-json\/wp\/v2\/pages"}],"about":[{"href":"https:\/\/www.capgemini.com\/se-en\/wp-json\/wp\/v2\/types\/page"}],"author":[{"embeddable":true,"href":"https:\/\/www.capgemini.com\/se-en\/wp-json\/wp\/v2\/users\/324"}],"replies":[{"embeddable":true,"href":"https:\/\/www.capgemini.com\/se-en\/wp-json\/wp\/v2\/comments?post=135563"}],"version-history":[{"count":13,"href":"https:\/\/www.capgemini.com\/se-en\/wp-json\/wp\/v2\/pages\/135563\/revisions"}],"predecessor-version":[{"id":564958,"href":"https:\/\/www.capgemini.com\/se-en\/wp-json\/wp\/v2\/pages\/135563\/revisions\/564958"}],"up":[{"embeddable":true,"href":"https:\/\/www.capgemini.com\/se-en\/wp-json\/wp\/v2\/pages\/122193"}],"wp:featuredmedia":[{"embeddable":true,"href":"https:\/\/www.capgemini.com\/se-en\/wp-json\/wp\/v2\/media\/135564"}],"wp:attachment":[{"href":"https:\/\/www.capgemini.com\/se-en\/wp-json\/wp\/v2\/media?parent=135563"}],"wp:term":[{"taxonomy":"brand","embeddable":true,"href":"https:\/\/www.capgemini.com\/se-en\/wp-json\/wp\/v2\/brand?post=135563"},{"taxonomy":"partner_type","embeddable":true,"href":"https:\/\/www.capgemini.com\/se-en\/wp-json\/wp\/v2\/partner_type?post=135563"},{"taxonomy":"service","embeddable":true,"href":"https:\/\/www.capgemini.com\/se-en\/wp-json\/wp\/v2\/service?post=135563"},{"taxonomy":"industry","embeddable":true,"href":"https:\/\/www.capgemini.com\/se-en\/wp-json\/wp\/v2\/industry?post=135563"},{"taxonomy":"partners","embeddable":true,"href":"https:\/\/www.capgemini.com\/se-en\/wp-json\/wp\/v2\/partners?post=135563"},{"taxonomy":"page-type","embeddable":true,"href":"https:\/\/www.capgemini.com\/se-en\/wp-json\/wp\/v2\/page-type?post=135563"},{"taxonomy":"content-group","embeddable":true,"href":"https:\/\/www.capgemini.com\/se-en\/wp-json\/wp\/v2\/content-group?post=135563"}],"curies":[{"name":"wp","href":"https:\/\/api.w.org\/{rel}","templated":true}]}}