{"id":510882,"date":"2021-11-17T08:07:00","date_gmt":"2021-11-17T08:07:00","guid":{"rendered":"https:\/\/www.capgemini.com\/pt-en\/?page_id=510882"},"modified":"2022-10-25T08:08:01","modified_gmt":"2022-10-25T08:08:01","slug":"thank-you-johdon-opas-onnistuneeseen-automaatiohankkeeseen","status":"publish","type":"page","link":"https:\/\/www.capgemini.com\/pt-en\/thank-you-johdon-opas-onnistuneeseen-automaatiohankkeeseen\/","title":{"rendered":"Johdon opas onnistuneeseen automaatiohankkeeseen \u2013 Thank you"},"content":{"rendered":"\n<div class=\"wp-block-cg-blocks-hero-picture-card undefined  heroPictureCard heroPictureCardLogTitle\"><div class=\"heroPictureCardBgs\"><picture><source srcset=\"\/wp-content\/themes\/capgemini2020\/assets\/images\/mockup.png?w=2880&amp;quality=90 1x, \/wp-content\/themes\/capgemini2020\/assets\/images\/mockup.png?w=2880&amp;quality=90 2x\" media=\"(min-width: 1500px)\"\/><source srcset=\"\/wp-content\/themes\/capgemini2020\/assets\/images\/mockup.png?w=1440&amp;quality=90 1x, \/wp-content\/themes\/capgemini2020\/assets\/images\/mockup.png?w=2880&amp;quality=90 2x\" media=\"(min-width: 992px)\"\/><source srcset=\"\/wp-content\/themes\/capgemini2020\/assets\/images\/mockup.png?w=1024&amp;quality=90 1x, \/wp-content\/themes\/capgemini2020\/assets\/images\/mockup.png?w=1024&amp;quality=90 2x\" media=\"(min-width: 768px)\"\/><source srcset=\"\/wp-content\/themes\/capgemini2020\/assets\/images\/mockup.png?w=768&amp;quality=90 1x, \/wp-content\/themes\/capgemini2020\/assets\/images\/mockup.png?w=768&amp;quality=90 2x\" media=\"(min-width: 0)\"\/><img decoding=\"async\" src=\"\/wp-content\/themes\/capgemini2020\/assets\/images\/mockup.png\" class=\"desktopImage\" alt=\"\" style=\"object-fit:cover;object-position:50% 50%\" loading=\"eager\"\/><\/picture><picture><source srcset=\"\/wp-content\/themes\/capgemini2020\/assets\/images\/mockup.png?w=2880&amp;quality=90 1x, \/wp-content\/themes\/capgemini2020\/assets\/images\/mockup.png?w=2880&amp;quality=90 2x\" media=\"(min-width: 1500px)\"\/><source srcset=\"\/wp-content\/themes\/capgemini2020\/assets\/images\/mockup.png?w=1440&amp;quality=90 1x, \/wp-content\/themes\/capgemini2020\/assets\/images\/mockup.png?w=2880&amp;quality=90 2x\" media=\"(min-width: 992px)\"\/><source srcset=\"\/wp-content\/themes\/capgemini2020\/assets\/images\/mockup.png?w=1024&amp;quality=90 1x, \/wp-content\/themes\/capgemini2020\/assets\/images\/mockup.png?w=1024&amp;quality=90 2x\" media=\"(min-width: 768px)\"\/><source srcset=\"\/wp-content\/themes\/capgemini2020\/assets\/images\/mockup.png?w=768&amp;quality=90 1x, \/wp-content\/themes\/capgemini2020\/assets\/images\/mockup.png?w=768&amp;quality=90 2x\" media=\"(min-width: 0)\"\/><img decoding=\"async\" src=\"\/wp-content\/themes\/capgemini2020\/assets\/images\/mockup.png\" class=\"mobileImage\" alt=\"\" style=\"object-fit:cover;object-position:50% 50%\" loading=\"eager\"\/><\/picture><\/div><div class=\"heroPictureCardHeaderShape\"><\/div><div class=\"container\"><div class=\"row\"><div class=\"col-md-10 col-lg-10 LongTitle\"><div class=\"heroPictureCardBox\"><div class=\"heroPictureCardBoxTitle\"><h1 data-maxlength=\"144\">Johdon opas onnistuneeseen automaatiohankkeeseen \u2013 Thank you<\/h1><\/div><\/div><\/div><\/div><\/div><div class=\"small-device\"><div class=\"logoWrapperLongTitle\"> <\/div><\/div><\/div>\n\n\n\n<section class=\"wp-block-cg-blocks-group undefined section section--article-content\" id=\"quoteWrapper\"><div class=\"article-main-content\"><div class=\"container\"><div class=\"row\"><div class=\"col-12 col-md-1\"><nav class=\"article-social\"><ul class=\"social-nav\"><li class=\"ip-order-fb\"><a href=\"https:\/\/www.facebook.com\/sharer\/sharer.php?u=https:\/\/www.capgemini.com\/pt-en\/?page_id=510882\" target=\"_blank\" rel=\"noopener noreferrer\" title=\"opens in a new window\"><i aria-hidden=\"true\" class=\"icon-fb\"><\/i><span class=\"sr-only\">Facebook<\/span><\/a><\/li><li class=\"ip-order-tw\"><a href=\"https:\/\/twitter.com\/intent\/tweet?url=https:\/\/www.capgemini.com\/pt-en\/?page_id=510882&amp;text=\" target=\"_blank\" rel=\"noopener noreferrer\" title=\"opens in a new window\"><i aria-hidden=\"true\" class=\"icon-tw\"><\/i><span class=\"sr-only\">Twitter<\/span><\/a><\/li><li class=\"ip-order-li\"><a href=\"https:\/\/www.linkedin.com\/sharing\/share-offsite\/?url=https:\/\/www.capgemini.com\/pt-en\/?page_id=510882&amp;text=\" target=\"_blank\" rel=\"noopener noreferrer\" title=\"opens in a new window\"><i aria-hidden=\"true\" class=\"icon-li\"><\/i><span class=\"sr-only\">Linkedin<\/span><\/a><\/li><\/ul><\/nav><\/div><div class=\"col-12 col-md-11 col-lg-10\"><div class=\"article-text article-quote-text\">\n<p>Kiitos, ett\u00e4 latasit oppaamme. Toivottavasti opas tarjoaa sinulle uusia n\u00e4k\u00f6kulmia yrityksesi automaatiohankkeiden l\u00e4pivientiin.&nbsp;<a href=\"https:\/\/go.capgeminigroup.com\/l\/95412\/2019-09-20\/3pyc46\/95412\/216385\/Johdon_opas_onnistuneeseen_automaatiohankkeeseen_IA.pdf\" target=\"_blank\" rel=\"noreferrer noopener\">T\u00e4st\u00e4 p\u00e4\u00e4set lukemaan oppaan.<\/a><br>Saat latauslinkin my\u00f6s s\u00e4hk\u00f6postiisi voidaksesi palata oppaan pariin my\u00f6hemmin.<br>Antoisia lukuhetki\u00e4!<\/p>\n\n\n\n<p>If you want to learn more about Capgemini, I encourage you to take a look at our<\/p>\n\n\n\n<ul class=\"wp-block-list\"><li><a href=\"https:\/\/www.capgemini.com\/pt-en\/blogs\/\">Expert blog articles<\/a><\/li><li><a href=\"https:\/\/www.capgemini.com\/pt-en\/our-services\">Services<\/a><\/li><li><a href=\"https:\/\/www.capgemini.com\/pt-en\/careers\/\">Career Options<\/a><\/li><\/ul>\n<\/div><\/div><\/div><\/div><\/div><\/section>\n","protected":false},"excerpt":{"rendered":"","protected":false},"author":325,"featured_media":0,"parent":0,"menu_order":0,"comment_status":"closed","ping_status":"closed","template":"","meta":{"cg_dt_proposed_to":[],"cg_seo_hreflang_relations":"","cg_seo_canonical_relation":"","cg_seo_hreflang_x_default_relation":"","cg_dt_approved_content":true,"cg_dt_mandatory_content":false,"cg_dt_notes":"","cg_dg_source_changed":false,"cg_dt_link_disabled":false,"_yoast_wpseo_primary_brand":"","footnotes":"","featured_focal_points":"","partner_card_description":"","gsap_animation":0},"brand":[],"partner_type":[],"service":[],"industry":[],"partners":[],"page-type":[],"content-group":[],"class_list":["post-510882","page","type-page","status-publish","hentry"],"yoast_head":"<!-- This site is optimized with the Yoast SEO Premium plugin v22.8 (Yoast SEO v22.8) - https:\/\/yoast.com\/wordpress\/plugins\/seo\/ -->\n<title>Johdon opas onnistuneeseen automaatiohankkeeseen \u2013 Thank you - Capgemini Portugal<\/title>\n<meta name=\"description\" content=\"Johdon opas onnistuneeseen automaatiohankkeeseen \u2013 Thank you FacebookTwitterLinkedin Kiitos, ett\u00e4 latasit oppaamme. Toivottavasti opas tarjoaa sinulle\" \/>\n<meta name=\"robots\" content=\"index, follow, max-snippet:-1, max-image-preview:large, max-video-preview:-1\" \/>\n<link rel=\"canonical\" href=\"https:\/\/www.capgemini.com\/pt-en\/thank-you-johdon-opas-onnistuneeseen-automaatiohankkeeseen\/\" \/>\n<meta property=\"og:locale\" content=\"en_US\" \/>\n<meta property=\"og:type\" content=\"article\" \/>\n<meta property=\"og:title\" content=\"Johdon opas onnistuneeseen automaatiohankkeeseen \u2013 Thank you\" \/>\n<meta property=\"og:description\" content=\"Johdon opas onnistuneeseen automaatiohankkeeseen \u2013 Thank you FacebookTwitterLinkedin Kiitos, ett\u00e4 latasit oppaamme. Toivottavasti opas tarjoaa sinulle\" \/>\n<meta property=\"og:url\" content=\"https:\/\/www.capgemini.com\/pt-en\/thank-you-johdon-opas-onnistuneeseen-automaatiohankkeeseen\/\" \/>\n<meta property=\"og:site_name\" content=\"Capgemini Portugal\" \/>\n<meta property=\"article:modified_time\" content=\"2022-10-25T08:08:01+00:00\" \/>\n<meta name=\"twitter:card\" content=\"summary_large_image\" \/>\n<meta name=\"twitter:label1\" content=\"Est. reading time\" \/>\n\t<meta name=\"twitter:data1\" content=\"1 minute\" \/>\n<script type=\"application\/ld+json\" class=\"yoast-schema-graph\">{\"@context\":\"https:\/\/schema.org\",\"@graph\":[{\"@type\":\"WebPage\",\"@id\":\"https:\/\/www.capgemini.com\/pt-en\/thank-you-johdon-opas-onnistuneeseen-automaatiohankkeeseen\/\",\"url\":\"https:\/\/www.capgemini.com\/pt-en\/thank-you-johdon-opas-onnistuneeseen-automaatiohankkeeseen\/\",\"name\":\"Johdon opas onnistuneeseen automaatiohankkeeseen \u2013 Thank you - Capgemini Portugal\",\"isPartOf\":{\"@id\":\"https:\/\/www.capgemini.com\/pt-en\/#website\"},\"datePublished\":\"2021-11-17T08:07:00+00:00\",\"dateModified\":\"2022-10-25T08:08:01+00:00\",\"description\":\"Johdon opas onnistuneeseen automaatiohankkeeseen \u2013 Thank you FacebookTwitterLinkedin Kiitos, ett\u00e4 latasit oppaamme. Toivottavasti opas tarjoaa sinulle\",\"breadcrumb\":{\"@id\":\"https:\/\/www.capgemini.com\/pt-en\/thank-you-johdon-opas-onnistuneeseen-automaatiohankkeeseen\/#breadcrumb\"},\"inLanguage\":\"en-US\",\"potentialAction\":[{\"@type\":\"ReadAction\",\"target\":[\"https:\/\/www.capgemini.com\/pt-en\/thank-you-johdon-opas-onnistuneeseen-automaatiohankkeeseen\/\"]}]},{\"@type\":\"BreadcrumbList\",\"@id\":\"https:\/\/www.capgemini.com\/pt-en\/thank-you-johdon-opas-onnistuneeseen-automaatiohankkeeseen\/#breadcrumb\",\"itemListElement\":[{\"@type\":\"ListItem\",\"position\":1,\"name\":\"Home\",\"item\":\"https:\/\/www.capgemini.com\/pt-en\/\"},{\"@type\":\"ListItem\",\"position\":2,\"name\":\"Johdon opas onnistuneeseen automaatiohankkeeseen \u2013 Thank you\"}]},{\"@type\":\"WebSite\",\"@id\":\"https:\/\/www.capgemini.com\/pt-en\/#website\",\"url\":\"https:\/\/www.capgemini.com\/pt-en\/\",\"name\":\"Capgemini\",\"description\":\"Capgemini\",\"potentialAction\":[{\"@type\":\"SearchAction\",\"target\":{\"@type\":\"EntryPoint\",\"urlTemplate\":\"https:\/\/www.capgemini.com\/pt-en\/?s={search_term_string}\"},\"query-input\":\"required name=search_term_string\"}],\"inLanguage\":\"en-US\"},{\"@type\":\"Person\",\"@id\":\"https:\/\/www.capgemini.com\/pt-en\/#\/schema\/person\/dc3d1ac7ebaf8619f84a8d9686ea0ea7\",\"name\":\"jaydeepsinghrawat\",\"image\":{\"@type\":\"ImageObject\",\"inLanguage\":\"en-US\",\"@id\":\"https:\/\/www.capgemini.com\/pt-en\/#\/schema\/person\/image\/\",\"url\":\"https:\/\/secure.gravatar.com\/avatar\/d0d98140486adb91c92a68348ef2aedc3a74abee7aa51db555e8155fd4b4a8c6?s=96&d=mm&r=g\",\"contentUrl\":\"https:\/\/secure.gravatar.com\/avatar\/d0d98140486adb91c92a68348ef2aedc3a74abee7aa51db555e8155fd4b4a8c6?s=96&d=mm&r=g\",\"caption\":\"jaydeepsinghrawat\"},\"url\":\"https:\/\/www.capgemini.com\/pt-en\/author\/jaydeepsinghrawat\/\"}]}<\/script>\n<!-- \/ Yoast SEO Premium plugin. -->","yoast_head_json":{"title":"Johdon opas onnistuneeseen automaatiohankkeeseen \u2013 Thank you - Capgemini Portugal","description":"Johdon opas onnistuneeseen automaatiohankkeeseen \u2013 Thank you FacebookTwitterLinkedin Kiitos, ett\u00e4 latasit oppaamme. Toivottavasti opas tarjoaa sinulle","robots":{"index":"index","follow":"follow","max-snippet":"max-snippet:-1","max-image-preview":"max-image-preview:large","max-video-preview":"max-video-preview:-1"},"canonical":"https:\/\/www.capgemini.com\/pt-en\/thank-you-johdon-opas-onnistuneeseen-automaatiohankkeeseen\/","og_locale":"en_US","og_type":"article","og_title":"Johdon opas onnistuneeseen automaatiohankkeeseen \u2013 Thank you","og_description":"Johdon opas onnistuneeseen automaatiohankkeeseen \u2013 Thank you FacebookTwitterLinkedin Kiitos, ett\u00e4 latasit oppaamme. Toivottavasti opas tarjoaa sinulle","og_url":"https:\/\/www.capgemini.com\/pt-en\/thank-you-johdon-opas-onnistuneeseen-automaatiohankkeeseen\/","og_site_name":"Capgemini Portugal","article_modified_time":"2022-10-25T08:08:01+00:00","twitter_card":"summary_large_image","twitter_misc":{"Est. reading time":"1 minute"},"schema":{"@context":"https:\/\/schema.org","@graph":[{"@type":"WebPage","@id":"https:\/\/www.capgemini.com\/pt-en\/thank-you-johdon-opas-onnistuneeseen-automaatiohankkeeseen\/","url":"https:\/\/www.capgemini.com\/pt-en\/thank-you-johdon-opas-onnistuneeseen-automaatiohankkeeseen\/","name":"Johdon opas onnistuneeseen automaatiohankkeeseen \u2013 Thank you - Capgemini Portugal","isPartOf":{"@id":"https:\/\/www.capgemini.com\/pt-en\/#website"},"datePublished":"2021-11-17T08:07:00+00:00","dateModified":"2022-10-25T08:08:01+00:00","description":"Johdon opas onnistuneeseen automaatiohankkeeseen \u2013 Thank you FacebookTwitterLinkedin Kiitos, ett\u00e4 latasit oppaamme. Toivottavasti opas tarjoaa sinulle","breadcrumb":{"@id":"https:\/\/www.capgemini.com\/pt-en\/thank-you-johdon-opas-onnistuneeseen-automaatiohankkeeseen\/#breadcrumb"},"inLanguage":"en-US","potentialAction":[{"@type":"ReadAction","target":["https:\/\/www.capgemini.com\/pt-en\/thank-you-johdon-opas-onnistuneeseen-automaatiohankkeeseen\/"]}]},{"@type":"BreadcrumbList","@id":"https:\/\/www.capgemini.com\/pt-en\/thank-you-johdon-opas-onnistuneeseen-automaatiohankkeeseen\/#breadcrumb","itemListElement":[{"@type":"ListItem","position":1,"name":"Home","item":"https:\/\/www.capgemini.com\/pt-en\/"},{"@type":"ListItem","position":2,"name":"Johdon opas onnistuneeseen automaatiohankkeeseen \u2013 Thank you"}]},{"@type":"WebSite","@id":"https:\/\/www.capgemini.com\/pt-en\/#website","url":"https:\/\/www.capgemini.com\/pt-en\/","name":"Capgemini","description":"Capgemini","potentialAction":[{"@type":"SearchAction","target":{"@type":"EntryPoint","urlTemplate":"https:\/\/www.capgemini.com\/pt-en\/?s={search_term_string}"},"query-input":"required name=search_term_string"}],"inLanguage":"en-US"},{"@type":"Person","@id":"https:\/\/www.capgemini.com\/pt-en\/#\/schema\/person\/dc3d1ac7ebaf8619f84a8d9686ea0ea7","name":"jaydeepsinghrawat","image":{"@type":"ImageObject","inLanguage":"en-US","@id":"https:\/\/www.capgemini.com\/pt-en\/#\/schema\/person\/image\/","url":"https:\/\/secure.gravatar.com\/avatar\/d0d98140486adb91c92a68348ef2aedc3a74abee7aa51db555e8155fd4b4a8c6?s=96&d=mm&r=g","contentUrl":"https:\/\/secure.gravatar.com\/avatar\/d0d98140486adb91c92a68348ef2aedc3a74abee7aa51db555e8155fd4b4a8c6?s=96&d=mm&r=g","caption":"jaydeepsinghrawat"},"url":"https:\/\/www.capgemini.com\/pt-en\/author\/jaydeepsinghrawat\/"}]}},"brand_term":[],"parsely":{"version":"1.1.0","canonical_url":"https:\/\/capgemini.com\/pt-en\/thank-you-johdon-opas-onnistuneeseen-automaatiohankkeeseen\/","smart_links":{"inbound":0,"outbound":0},"traffic_boost_suggestions_count":0,"meta":{"@context":"https:\/\/schema.org","@type":"WebPage","headline":"Johdon opas onnistuneeseen automaatiohankkeeseen \u2013 Thank you","url":"https:\/\/www.capgemini.com\/pt-en\/thank-you-johdon-opas-onnistuneeseen-automaatiohankkeeseen\/","mainEntityOfPage":{"@type":"WebPage","@id":"https:\/\/www.capgemini.com\/pt-en\/thank-you-johdon-opas-onnistuneeseen-automaatiohankkeeseen\/"},"thumbnailUrl":"","image":{"@type":"ImageObject","url":""},"articleSection":"Uncategorized","author":[],"creator":[],"publisher":{"@type":"Organization","name":"Capgemini Portugal","logo":""},"keywords":[],"dateCreated":"2021-11-17T08:07:00Z","datePublished":"2021-11-17T08:07:00Z","dateModified":"2022-10-25T08:08:01Z"},"rendered":"<meta name=\"parsely-title\" content=\"Johdon opas onnistuneeseen automaatiohankkeeseen \u2013 Thank you\" \/>\n<meta name=\"parsely-link\" content=\"https:\/\/www.capgemini.com\/pt-en\/thank-you-johdon-opas-onnistuneeseen-automaatiohankkeeseen\/\" \/>\n<meta name=\"parsely-type\" content=\"index\" \/>\n<meta name=\"parsely-pub-date\" content=\"2021-11-17T08:07:00Z\" \/>\n<meta name=\"parsely-section\" content=\"Uncategorized\" \/>","tracker_url":"https:\/\/cdn.parsely.com\/keys\/capgemini.com\/p.js"},"archive_status":false,"featured_image_src":"https:\/\/www.capgemini.com\/pt-en\/wp-content\/themes\/capgemini2025\/assets\/images\/mockup.png","featured_image_alt":false,"jetpack_sharing_enabled":true,"distributor_meta":false,"distributor_terms":false,"distributor_media":false,"distributor_original_site_name":"Capgemini Portugal","distributor_original_site_url":"https:\/\/www.capgemini.com\/pt-en","push-errors":false,"_links":{"self":[{"href":"https:\/\/www.capgemini.com\/pt-en\/wp-json\/wp\/v2\/pages\/510882","targetHints":{"allow":["GET"]}}],"collection":[{"href":"https:\/\/www.capgemini.com\/pt-en\/wp-json\/wp\/v2\/pages"}],"about":[{"href":"https:\/\/www.capgemini.com\/pt-en\/wp-json\/wp\/v2\/types\/page"}],"author":[{"embeddable":true,"href":"https:\/\/www.capgemini.com\/pt-en\/wp-json\/wp\/v2\/users\/325"}],"replies":[{"embeddable":true,"href":"https:\/\/www.capgemini.com\/pt-en\/wp-json\/wp\/v2\/comments?post=510882"}],"version-history":[{"count":1,"href":"https:\/\/www.capgemini.com\/pt-en\/wp-json\/wp\/v2\/pages\/510882\/revisions"}],"predecessor-version":[{"id":510883,"href":"https:\/\/www.capgemini.com\/pt-en\/wp-json\/wp\/v2\/pages\/510882\/revisions\/510883"}],"wp:attachment":[{"href":"https:\/\/www.capgemini.com\/pt-en\/wp-json\/wp\/v2\/media?parent=510882"}],"wp:term":[{"taxonomy":"brand","embeddable":true,"href":"https:\/\/www.capgemini.com\/pt-en\/wp-json\/wp\/v2\/brand?post=510882"},{"taxonomy":"partner_type","embeddable":true,"href":"https:\/\/www.capgemini.com\/pt-en\/wp-json\/wp\/v2\/partner_type?post=510882"},{"taxonomy":"service","embeddable":true,"href":"https:\/\/www.capgemini.com\/pt-en\/wp-json\/wp\/v2\/service?post=510882"},{"taxonomy":"industry","embeddable":true,"href":"https:\/\/www.capgemini.com\/pt-en\/wp-json\/wp\/v2\/industry?post=510882"},{"taxonomy":"partners","embeddable":true,"href":"https:\/\/www.capgemini.com\/pt-en\/wp-json\/wp\/v2\/partners?post=510882"},{"taxonomy":"page-type","embeddable":true,"href":"https:\/\/www.capgemini.com\/pt-en\/wp-json\/wp\/v2\/page-type?post=510882"},{"taxonomy":"content-group","embeddable":true,"href":"https:\/\/www.capgemini.com\/pt-en\/wp-json\/wp\/v2\/content-group?post=510882"}],"curies":[{"name":"wp","href":"https:\/\/api.w.org\/{rel}","templated":true}]}}