{"id":916808,"date":"2026-04-15T05:32:38","date_gmt":"2026-04-15T05:32:38","guid":{"rendered":"https:\/\/www.capgemini.com\/pl-pl\/?page_id=916808&#038;preview_id=916808"},"modified":"2026-04-23T11:18:11","modified_gmt":"2026-04-23T11:18:11","slug":"health-and-safety-policy","status":"publish","type":"page","link":"https:\/\/www.capgemini.com\/pl-pl\/o-nas\/zarzadzanie-lad-korporacyjny\/polityki\/health-and-safety-policy\/","title":{"rendered":"Polityka Bezpiecze\u0144stwa i Higieny Pracy"},"content":{"rendered":"\n<header class=\"wp-block-cg-blocks-hero-reusable is-style-blue-line header heroReusable  \"><div class=\"header-bgs\"><\/div><div class=\"heroPictureCardHeaderShape\"><\/div><div class=\"container\"><div class=\"row\"><div class=\"col-md-12\"><div class=\"box\"><div class=\"boxTagWrapper\"><div class=\"tagInfo\"><div><span class=\"box-tag\">Policy<\/span><\/div><\/div><\/div><div class=\"box-title\"><h1 data-maxlength=\"34\">Polityka Bezpiecze\u0144stwa i\u00a0Higieny Pracy<\/h1><\/div><div class=\"inner-row-insight download-btn\"><div class=\"col-md-4 downloadFiles addPadding\"><a class=\"button-download--small\" type=\"download\" href=\"https:\/\/www.capgemini.com\/wp-content\/uploads\/2024\/12\/20241202-Group-HS-Policy.pdf\" target=\"_blank\" rel=\"noopener noreferrer\" title=\"opens in a new window\"><span>Pobierz Polityk\u0119<\/span><span class=\"type\">383 KB pdf<\/span><\/a><\/div><\/div><\/div><\/div><\/div><\/div><\/header>\n\n\n\n<section class=\"wp-block-cg-blocks-group undefined section section--article-content\"><div class=\"article-main-content\"><div class=\"container\"><div class=\"grid-container\"><div class=\"col-12 col-md-2\"><nav class=\"article-social\"><ul class=\"social-nav\"><li class=\"ip-order-fb\"><a href=\"https:\/\/www.facebook.com\/sharer\/sharer.php?u=https:\/\/www.capgemini.com\/?page_id=1079266\" target=\"_blank\" rel=\"noopener noreferrer\" title=\"opens in a new window\"><i aria-hidden=\"true\" class=\"icon-fb\"><\/i><span class=\"sr-only\">Facebook<\/span><\/a><\/li><li class=\"ip-order-li\"><a href=\"https:\/\/www.linkedin.com\/shareArticle?url=https:\/\/www.capgemini.com\/?page_id=1079266\" target=\"_blank\" rel=\"noopener noreferrer\" title=\"opens in a new window\"><i aria-hidden=\"true\" class=\"icon-li\"><\/i><span class=\"sr-only\">Linkedin<\/span><\/a><\/li><\/ul><\/nav><\/div><div><div class=\"article-text article-quote-text\">\n<h3 class=\"wp-block-heading\" id=\"h-zdrowie-i-nbsp-bezpieczenstwo-pracownikow-capgemini-maja-dla-nas-najwyzszy-priorytet-a-nbsp-calosciowy-dobrostan-naszych-ludzi-stanowi-fundament-naszej-dzialalnosci-i-nbsp-sukcesu\">Zdrowie i&nbsp;bezpiecze\u0144stwo pracownik\u00f3w Capgemini maj\u0105 dla nas najwy\u017cszy priorytet, a&nbsp;ca\u0142o\u015bciowy dobrostan naszych ludzi stanowi fundament naszej dzia\u0142alno\u015bci i&nbsp;sukcesu.<\/h3>\n\n\n\n<p>Niniejsza polityka jest okazj\u0105 do potwierdzenia naszego zaanga\u017cowania w&nbsp;tym obszarze oraz do zapewnienia sp\u00f3jno\u015bci podej\u015bcia w&nbsp;ca\u0142ej Grupie. Jest ona powi\u0105zana z&nbsp;innymi politykami Grupy, takimi jak Polityka Praw Cz\u0142owieka, Polityka Relacji Pracowniczych, Kodeks Etyki Biznesowej, Polityka R\u00f3\u017cnorodno\u015bci i&nbsp;Inkluzywno\u015bci oraz Og\u00f3lna Polityka Bezpiecze\u0144stwa i&nbsp;Ochrony Pracownik\u00f3w.<\/p>\n\n\n\n<div class=\"wp-block-buttons is-layout-flex wp-block-buttons-is-layout-flex\">\n<div class=\"wp-block-button is-style-outline is-style-outline--1\"><a class=\"wp-block-button__link wp-element-button\" href=\"https:\/\/www.capgemini.com\/wp-content\/uploads\/2024\/12\/20241202-Group-HS-Policy.pdf\" target=\"_blank\" rel=\"noreferrer noopener\">Pobierz<\/a><\/div>\n<\/div>\n<\/div><\/div><\/div><\/div><\/div><\/section>\n","protected":false},"excerpt":{"rendered":"","protected":false},"author":257,"featured_media":0,"parent":639065,"menu_order":8,"comment_status":"closed","ping_status":"closed","template":"","meta":{"cg_dt_proposed_to":[],"cg_seo_hreflang_relations":"[]","cg_seo_canonical_relation":"","cg_seo_hreflang_x_default_relation":"{\"uuid\":\"51914ead-d81f-4130-abf5-b4ea95b709ba\",\"blogId\":\"1\",\"domain\":\"www.capgemini.com\",\"sitePath\":\"\/\",\"postLink\":\"https:\/\/www.capgemini.com\/about-us\/management-and-governance\/policies\/health-and-safety-policy\/\",\"postId\":1079266,\"isSaved\":true,\"isCrossLink\":false,\"hasCrossLink\":false,\"isEnabled\":true}","cg_dt_approved_content":true,"cg_dt_mandatory_content":false,"cg_dt_notes":"","cg_dg_source_changed":false,"cg_dt_link_disabled":false,"_yoast_wpseo_primary_brand":"","footnotes":"","featured_focal_points":"","partner_card_description":"","gsap_animation":0},"brand":[],"partner_type":[],"service":[],"industry":[],"partners":[],"page-type":[182],"content-group":[],"class_list":["post-916808","page","type-page","status-publish","hentry","page-type-about-us"],"yoast_head":"<!-- This site is optimized with the Yoast SEO Premium plugin v22.8 (Yoast SEO v22.8) - https:\/\/yoast.com\/wordpress\/plugins\/seo\/ -->\n<title>Polityka Bezpiecze\u0144stwa i Higieny Pracy - Capgemini Poland<\/title>\n<meta name=\"robots\" content=\"index, follow, max-snippet:-1, max-image-preview:large, max-video-preview:-1\" \/>\n<link rel=\"canonical\" href=\"https:\/\/www.capgemini.com\/pl-pl\/o-nas\/zarzadzanie-lad-korporacyjny\/polityki\/health-and-safety-policy\/\" \/>\n<meta property=\"og:locale\" content=\"pl_PL\" \/>\n<meta property=\"og:type\" content=\"article\" \/>\n<meta property=\"og:title\" content=\"Polityka Bezpiecze\u0144stwa i Higieny Pracy\" \/>\n<meta property=\"og:url\" content=\"https:\/\/www.capgemini.com\/pl-pl\/o-nas\/zarzadzanie-lad-korporacyjny\/polityki\/health-and-safety-policy\/\" \/>\n<meta property=\"og:site_name\" content=\"Capgemini Poland\" \/>\n<meta property=\"article:modified_time\" content=\"2026-04-23T11:18:11+00:00\" \/>\n<meta property=\"og:image\" content=\"https:\/\/www.capgemini.com\/pl-pl\/wp-content\/uploads\/sites\/27\/2025\/10\/New-Web-preview-global.jpg\" \/>\n\t<meta property=\"og:image:width\" content=\"1200\" \/>\n\t<meta property=\"og:image:height\" content=\"627\" \/>\n\t<meta property=\"og:image:type\" content=\"image\/jpeg\" \/>\n<meta name=\"twitter:card\" content=\"summary_large_image\" \/>\n<meta name=\"twitter:label1\" content=\"Est. reading time\" \/>\n\t<meta name=\"twitter:data1\" content=\"1 minute\" \/>\n<script type=\"application\/ld+json\" class=\"yoast-schema-graph\">{\"@context\":\"https:\/\/schema.org\",\"@graph\":[{\"@type\":\"WebPage\",\"@id\":\"https:\/\/www.capgemini.com\/pl-pl\/o-nas\/zarzadzanie-lad-korporacyjny\/polityki\/health-and-safety-policy\/\",\"url\":\"https:\/\/www.capgemini.com\/pl-pl\/o-nas\/zarzadzanie-lad-korporacyjny\/polityki\/health-and-safety-policy\/\",\"name\":\"Polityka Bezpiecze\u0144stwa i Higieny Pracy - Capgemini Poland\",\"isPartOf\":{\"@id\":\"https:\/\/www.capgemini.com\/pl-pl\/#website\"},\"datePublished\":\"2026-04-15T05:32:38+00:00\",\"dateModified\":\"2026-04-23T11:18:11+00:00\",\"breadcrumb\":{\"@id\":\"https:\/\/www.capgemini.com\/pl-pl\/o-nas\/zarzadzanie-lad-korporacyjny\/polityki\/health-and-safety-policy\/#breadcrumb\"},\"inLanguage\":\"pl-PL\",\"potentialAction\":[{\"@type\":\"ReadAction\",\"target\":[\"https:\/\/www.capgemini.com\/pl-pl\/o-nas\/zarzadzanie-lad-korporacyjny\/polityki\/health-and-safety-policy\/\"]}]},{\"@type\":\"BreadcrumbList\",\"@id\":\"https:\/\/www.capgemini.com\/pl-pl\/o-nas\/zarzadzanie-lad-korporacyjny\/polityki\/health-and-safety-policy\/#breadcrumb\",\"itemListElement\":[{\"@type\":\"ListItem\",\"position\":1,\"name\":\"Home\",\"item\":\"https:\/\/www.capgemini.com\/pl-pl\/\"},{\"@type\":\"ListItem\",\"position\":2,\"name\":\"O nas\",\"item\":\"https:\/\/www.capgemini.com\/pl-pl\/o-nas\/\"},{\"@type\":\"ListItem\",\"position\":3,\"name\":\"Zarz\u0105dzanie i \u0142ad korporacyjny\",\"item\":\"https:\/\/www.capgemini.com\/pl-pl\/o-nas\/zarzadzanie-lad-korporacyjny\/\"},{\"@type\":\"ListItem\",\"position\":4,\"name\":\"Polityki\",\"item\":\"https:\/\/www.capgemini.com\/pl-pl\/o-nas\/zarzadzanie-lad-korporacyjny\/polityki\/\"},{\"@type\":\"ListItem\",\"position\":5,\"name\":\"Polityka Bezpiecze\u0144stwa i Higieny Pracy\"}]},{\"@type\":\"WebSite\",\"@id\":\"https:\/\/www.capgemini.com\/pl-pl\/#website\",\"url\":\"https:\/\/www.capgemini.com\/pl-pl\/\",\"name\":\"Capgemini Polska\",\"description\":\"Capgemini\",\"potentialAction\":[{\"@type\":\"SearchAction\",\"target\":{\"@type\":\"EntryPoint\",\"urlTemplate\":\"https:\/\/www.capgemini.com\/pl-pl\/?s={search_term_string}\"},\"query-input\":\"required name=search_term_string\"}],\"inLanguage\":\"pl-PL\"}]}<\/script>\n<!-- \/ Yoast SEO Premium plugin. -->","yoast_head_json":{"title":"Polityka Bezpiecze\u0144stwa i Higieny Pracy - Capgemini Poland","robots":{"index":"index","follow":"follow","max-snippet":"max-snippet:-1","max-image-preview":"max-image-preview:large","max-video-preview":"max-video-preview:-1"},"canonical":"https:\/\/www.capgemini.com\/pl-pl\/o-nas\/zarzadzanie-lad-korporacyjny\/polityki\/health-and-safety-policy\/","og_locale":"pl_PL","og_type":"article","og_title":"Polityka Bezpiecze\u0144stwa i Higieny Pracy","og_url":"https:\/\/www.capgemini.com\/pl-pl\/o-nas\/zarzadzanie-lad-korporacyjny\/polityki\/health-and-safety-policy\/","og_site_name":"Capgemini Poland","article_modified_time":"2026-04-23T11:18:11+00:00","og_image":[{"width":1200,"height":627,"url":"https:\/\/www.capgemini.com\/pl-pl\/wp-content\/uploads\/sites\/27\/2025\/10\/New-Web-preview-global.jpg","type":"image\/jpeg"}],"twitter_card":"summary_large_image","twitter_misc":{"Est. reading time":"1 minute"},"schema":{"@context":"https:\/\/schema.org","@graph":[{"@type":"WebPage","@id":"https:\/\/www.capgemini.com\/pl-pl\/o-nas\/zarzadzanie-lad-korporacyjny\/polityki\/health-and-safety-policy\/","url":"https:\/\/www.capgemini.com\/pl-pl\/o-nas\/zarzadzanie-lad-korporacyjny\/polityki\/health-and-safety-policy\/","name":"Polityka Bezpiecze\u0144stwa i Higieny Pracy - Capgemini Poland","isPartOf":{"@id":"https:\/\/www.capgemini.com\/pl-pl\/#website"},"datePublished":"2026-04-15T05:32:38+00:00","dateModified":"2026-04-23T11:18:11+00:00","breadcrumb":{"@id":"https:\/\/www.capgemini.com\/pl-pl\/o-nas\/zarzadzanie-lad-korporacyjny\/polityki\/health-and-safety-policy\/#breadcrumb"},"inLanguage":"pl-PL","potentialAction":[{"@type":"ReadAction","target":["https:\/\/www.capgemini.com\/pl-pl\/o-nas\/zarzadzanie-lad-korporacyjny\/polityki\/health-and-safety-policy\/"]}]},{"@type":"BreadcrumbList","@id":"https:\/\/www.capgemini.com\/pl-pl\/o-nas\/zarzadzanie-lad-korporacyjny\/polityki\/health-and-safety-policy\/#breadcrumb","itemListElement":[{"@type":"ListItem","position":1,"name":"Home","item":"https:\/\/www.capgemini.com\/pl-pl\/"},{"@type":"ListItem","position":2,"name":"O nas","item":"https:\/\/www.capgemini.com\/pl-pl\/o-nas\/"},{"@type":"ListItem","position":3,"name":"Zarz\u0105dzanie i \u0142ad korporacyjny","item":"https:\/\/www.capgemini.com\/pl-pl\/o-nas\/zarzadzanie-lad-korporacyjny\/"},{"@type":"ListItem","position":4,"name":"Polityki","item":"https:\/\/www.capgemini.com\/pl-pl\/o-nas\/zarzadzanie-lad-korporacyjny\/polityki\/"},{"@type":"ListItem","position":5,"name":"Polityka Bezpiecze\u0144stwa i Higieny Pracy"}]},{"@type":"WebSite","@id":"https:\/\/www.capgemini.com\/pl-pl\/#website","url":"https:\/\/www.capgemini.com\/pl-pl\/","name":"Capgemini Polska","description":"Capgemini","potentialAction":[{"@type":"SearchAction","target":{"@type":"EntryPoint","urlTemplate":"https:\/\/www.capgemini.com\/pl-pl\/?s={search_term_string}"},"query-input":"required name=search_term_string"}],"inLanguage":"pl-PL"}]}},"brand_term":[],"parsely":{"version":"1.1.0","canonical_url":"https:\/\/capgemini.com\/pl-pl\/o-nas\/zarzadzanie-lad-korporacyjny\/polityki\/health-and-safety-policy\/","smart_links":{"inbound":0,"outbound":0},"traffic_boost_suggestions_count":0,"meta":{"@context":"https:\/\/schema.org","@type":"WebPage","headline":"Polityka Bezpiecze\u0144stwa i Higieny Pracy","url":"https:\/\/www.capgemini.com\/pl-pl\/o-nas\/zarzadzanie-lad-korporacyjny\/polityki\/health-and-safety-policy\/","mainEntityOfPage":{"@type":"WebPage","@id":"https:\/\/www.capgemini.com\/pl-pl\/o-nas\/zarzadzanie-lad-korporacyjny\/polityki\/health-and-safety-policy\/"},"thumbnailUrl":"","image":{"@type":"ImageObject","url":""},"articleSection":"Uncategorized","author":[],"creator":[],"publisher":{"@type":"Organization","name":"Capgemini Poland","logo":""},"keywords":[],"dateCreated":"2026-04-15T05:32:38Z","datePublished":"2026-04-15T05:32:38Z","dateModified":"2026-04-23T11:18:11Z"},"rendered":"<meta name=\"parsely-title\" content=\"Polityka Bezpiecze\u0144stwa i Higieny Pracy\" \/>\n<meta name=\"parsely-link\" content=\"https:\/\/www.capgemini.com\/pl-pl\/o-nas\/zarzadzanie-lad-korporacyjny\/polityki\/health-and-safety-policy\/\" \/>\n<meta name=\"parsely-type\" content=\"index\" \/>\n<meta name=\"parsely-pub-date\" content=\"2026-04-15T05:32:38Z\" \/>\n<meta name=\"parsely-section\" content=\"Uncategorized\" \/>","tracker_url":"https:\/\/cdn.parsely.com\/keys\/capgemini.com\/p.js"},"archive_status":false,"featured_image_src":"https:\/\/www.capgemini.com\/pl-pl\/wp-content\/themes\/capgemini2025\/assets\/images\/mockup.png","featured_image_alt":false,"jetpack_sharing_enabled":true,"distributor_meta":false,"distributor_terms":false,"distributor_media":false,"distributor_original_site_name":"Capgemini Poland","distributor_original_site_url":"https:\/\/www.capgemini.com\/pl-pl","push-errors":false,"_links":{"self":[{"href":"https:\/\/www.capgemini.com\/pl-pl\/wp-json\/wp\/v2\/pages\/916808","targetHints":{"allow":["GET"]}}],"collection":[{"href":"https:\/\/www.capgemini.com\/pl-pl\/wp-json\/wp\/v2\/pages"}],"about":[{"href":"https:\/\/www.capgemini.com\/pl-pl\/wp-json\/wp\/v2\/types\/page"}],"author":[{"embeddable":true,"href":"https:\/\/www.capgemini.com\/pl-pl\/wp-json\/wp\/v2\/users\/257"}],"replies":[{"embeddable":true,"href":"https:\/\/www.capgemini.com\/pl-pl\/wp-json\/wp\/v2\/comments?post=916808"}],"version-history":[{"count":6,"href":"https:\/\/www.capgemini.com\/pl-pl\/wp-json\/wp\/v2\/pages\/916808\/revisions"}],"predecessor-version":[{"id":917220,"href":"https:\/\/www.capgemini.com\/pl-pl\/wp-json\/wp\/v2\/pages\/916808\/revisions\/917220"}],"up":[{"embeddable":true,"href":"https:\/\/www.capgemini.com\/pl-pl\/wp-json\/wp\/v2\/pages\/639065"}],"wp:attachment":[{"href":"https:\/\/www.capgemini.com\/pl-pl\/wp-json\/wp\/v2\/media?parent=916808"}],"wp:term":[{"taxonomy":"brand","embeddable":true,"href":"https:\/\/www.capgemini.com\/pl-pl\/wp-json\/wp\/v2\/brand?post=916808"},{"taxonomy":"partner_type","embeddable":true,"href":"https:\/\/www.capgemini.com\/pl-pl\/wp-json\/wp\/v2\/partner_type?post=916808"},{"taxonomy":"service","embeddable":true,"href":"https:\/\/www.capgemini.com\/pl-pl\/wp-json\/wp\/v2\/service?post=916808"},{"taxonomy":"industry","embeddable":true,"href":"https:\/\/www.capgemini.com\/pl-pl\/wp-json\/wp\/v2\/industry?post=916808"},{"taxonomy":"partners","embeddable":true,"href":"https:\/\/www.capgemini.com\/pl-pl\/wp-json\/wp\/v2\/partners?post=916808"},{"taxonomy":"page-type","embeddable":true,"href":"https:\/\/www.capgemini.com\/pl-pl\/wp-json\/wp\/v2\/page-type?post=916808"},{"taxonomy":"content-group","embeddable":true,"href":"https:\/\/www.capgemini.com\/pl-pl\/wp-json\/wp\/v2\/content-group?post=916808"}],"curies":[{"name":"wp","href":"https:\/\/api.w.org\/{rel}","templated":true}]}}