{"id":916627,"date":"2026-04-07T14:33:21","date_gmt":"2026-04-07T14:33:21","guid":{"rendered":"https:\/\/www.capgemini.com\/pl-pl\/?page_id=916627&#038;preview_id=916627"},"modified":"2026-04-20T12:48:00","modified_gmt":"2026-04-20T12:48:00","slug":"ai-powered-it","status":"publish","type":"page","link":"https:\/\/www.capgemini.com\/pl-pl\/uslugi\/dane-i-sztuczna-inteligencja\/ai-powered-it\/","title":{"rendered":"IT oparte na sztucznej inteligencji"},"content":{"rendered":"\n<div class=\"wp-block-cg-blocks-hero-picture-card undefined  heroPictureCard\"><div class=\"heroPictureCardBgs\"><picture><source srcset=\"https:\/\/www.capgemini.com\/wp-content\/uploads\/2026\/04\/AI-powered-IT-_2880X1800.jpg?w=2880&amp;quality=70 1x, https:\/\/www.capgemini.com\/wp-content\/uploads\/2026\/04\/AI-powered-IT-_2880X1800.jpg?w=2880&amp;quality=70 2x\" media=\"(min-width: 1500px)\"\/><source srcset=\"https:\/\/www.capgemini.com\/wp-content\/uploads\/2026\/04\/AI-powered-IT-_2880X1800.jpg?w=1440&amp;quality=70 1x, https:\/\/www.capgemini.com\/wp-content\/uploads\/2026\/04\/AI-powered-IT-_2880X1800.jpg?w=2880&amp;quality=70 2x\" media=\"(min-width: 992px)\"\/><source srcset=\"https:\/\/www.capgemini.com\/wp-content\/uploads\/2026\/04\/AI-powered-IT-_2880X1800.jpg?w=1024&amp;quality=70 1x, https:\/\/www.capgemini.com\/wp-content\/uploads\/2026\/04\/AI-powered-IT-_2880X1800.jpg?w=1024&amp;quality=70 2x\" media=\"(min-width: 768px)\"\/><source srcset=\"https:\/\/www.capgemini.com\/wp-content\/uploads\/2026\/04\/AI-powered-IT-_2880X1800.jpg?w=768&amp;quality=70 1x, https:\/\/www.capgemini.com\/wp-content\/uploads\/2026\/04\/AI-powered-IT-_2880X1800.jpg?w=768&amp;quality=70 2x\" media=\"(min-width: 0)\"\/><img decoding=\"async\" src=\"https:\/\/www.capgemini.com\/wp-content\/uploads\/2026\/04\/AI-powered-IT-_2880X1800.jpg\" class=\"desktopImage\" alt=\"\" style=\"object-fit:cover;object-position:48% 49%\" loading=\"eager\"\/><\/picture><picture><source srcset=\"https:\/\/www.capgemini.com\/wp-content\/uploads\/2026\/04\/AI-powered-IT-_2880X1800.jpg?w=2880&amp;quality=70 1x, https:\/\/www.capgemini.com\/wp-content\/uploads\/2026\/04\/AI-powered-IT-_2880X1800.jpg?w=2880&amp;quality=70 2x\" media=\"(min-width: 1500px)\"\/><source srcset=\"https:\/\/www.capgemini.com\/wp-content\/uploads\/2026\/04\/AI-powered-IT-_2880X1800.jpg?w=1440&amp;quality=70 1x, https:\/\/www.capgemini.com\/wp-content\/uploads\/2026\/04\/AI-powered-IT-_2880X1800.jpg?w=2880&amp;quality=70 2x\" media=\"(min-width: 992px)\"\/><source srcset=\"https:\/\/www.capgemini.com\/wp-content\/uploads\/2026\/04\/AI-powered-IT-_2880X1800.jpg?w=1024&amp;quality=70 1x, https:\/\/www.capgemini.com\/wp-content\/uploads\/2026\/04\/AI-powered-IT-_2880X1800.jpg?w=1024&amp;quality=70 2x\" media=\"(min-width: 768px)\"\/><source srcset=\"https:\/\/www.capgemini.com\/wp-content\/uploads\/2026\/04\/AI-powered-IT-_2880X1800.jpg?w=768&amp;quality=70 1x, https:\/\/www.capgemini.com\/wp-content\/uploads\/2026\/04\/AI-powered-IT-_2880X1800.jpg?w=768&amp;quality=70 2x\" media=\"(min-width: 0)\"\/><img decoding=\"async\" src=\"https:\/\/www.capgemini.com\/wp-content\/uploads\/2026\/04\/AI-powered-IT-_2880X1800.jpg\" class=\"mobileImage\" alt=\"\" style=\"object-fit:cover;object-position:48% 49%\" loading=\"eager\"\/><\/picture><\/div><div class=\"heroPictureCardHeaderShape\"><\/div><div class=\"container\"><div class=\"row\"><div class=\"col-md-8 col-lg-6\"><div class=\"heroPictureCardBox\"><div class=\"heroPictureCardBoxTitle\"><h1 data-maxlength=\"144\">IT oparte na sztucznej inteligencji<\/h1><\/div><\/div><\/div><\/div><\/div><div class=\"small-device\"><div class=\"brandLogoWrapper\"> <\/div><\/div><\/div>\n\n\n\n<section class=\"wp-block-cg-blocks-group section section--article-content\"><div class=\"article-main-content\"><div class=\"container\"><div class=\"grid-container\"><div class=\"col-12 col-md-2\"><nav class=\"article-social\"><ul class=\"social-nav\"><li class=\"ip-order-fb\"><a href=\"https:\/\/www.facebook.com\/sharer\/sharer.php?u=https:\/\/www.capgemini.com\/?page_id=1190606\" target=\"_blank\" rel=\"noopener noreferrer\" title=\"opens in a new window\"><i aria-hidden=\"true\" class=\"icon-fb\"><\/i><span class=\"sr-only\">Facebook<\/span><\/a><\/li><li class=\"ip-order-li\"><a href=\"https:\/\/www.linkedin.com\/shareArticle?url=https:\/\/www.capgemini.com\/?page_id=1190606\" target=\"_blank\" rel=\"noopener noreferrer\" title=\"opens in a new window\"><i aria-hidden=\"true\" class=\"icon-li\"><\/i><span class=\"sr-only\">Linkedin<\/span><\/a><\/li><\/ul><\/nav><\/div><div><div class=\"article-text article-quote-text\">\n<h2 class=\"wp-block-heading\" id=\"h-tworz-szybciej-modernizuj-madrzej-dzialaj-proaktywnie\">Tw\u00f3rz szybciej. Modernizuj m\u0105drzej. Dzia\u0142aj proaktywnie.<\/h2>\n\n\n\n<p>Sztuczna inteligencja zasadniczo zmienia to, jak tworzy si\u0119, utrzymuje i obs\u0142uguje systemy IT. W obszarze in\u017cynierii aplikacji, generatywna AI dynamicznie projektuje i generuje kody, natomiast agentic AI pe\u0142ni rol\u0119 wsp\u00f3\u0142tw\u00f3rcy &#8211; autonomicznie obs\u0142uguje powtarzaj\u0105ce si\u0119 zadania, testy oraz dokumentacje, dzi\u0119ki czemu zespo\u0142y in\u017cynierskie mog\u0105 koncentrowa\u0107 si\u0119 na innowacjach.<\/p>\n\n\n\n<p>Modernizacja system\u00f3w legacy &#8211; od dawna jedno z najbardziej zniech\u0119caj\u0105cych wyzwa\u0144 IT &#8211; jest dzi\u015b mo\u017cliwa do realizacji na du\u017c\u0105 skal\u0119. Sztuczna inteligencja analizuje, refaktoryzuje oraz przepisuje systemy legacy \u2013 w tym systemy mainframe oraz niestandardowy kod ERP. Agentic AI koordynuje procesy modernizacyjne, identyfikuje obszary o najwy\u017cszym potencjale biznesowym i ogranicza ryzyko nieod\u0142\u0105cznie zwi\u0105zane z transformacjami realizowanymi na du\u017c\u0105 skal\u0119.<br>&nbsp;<br>W obszarze operacji IT sztuczna inteligencja usprawnia rozw\u00f3j i utrzymanie aplikacji, dzia\u0142anie service desk\u00f3w IT oraz zarz\u0105dzanie chmur\u0105 i infrastruktur\u0105. Dedykowani asystenci AI dostarczaj\u0105 zespo\u0142om back\u2011office wgl\u0105du w dane w czasie rzeczywistym, automatyzuj\u0105 zadania i zapewniaj\u0105 inteligentne wsparcie decyzyjne &#8211; przekszta\u0142caj\u0105c reaktywne IT w proaktywn\u0105 funkcj\u0119 generuj\u0105c\u0105 warto\u015b\u0107 biznesow\u0105.<\/p>\n<\/div><\/div><\/div><\/div><\/div><\/section>\n\n\n\n<section class=\"wp-block-cg-blocks-intro-para-video section section--info-2cols section--insights section-video \"><div class=\"bg-color video-align-right\"><div class=\"container\"><div class=\"row video-align-left\"><div class=\"col-md-12\"><div class=\"video-align-left row box box--4 box--mini\"><div class=\"col-md-3\"><h3 class=\"Video-title\" data-maxlength=\"34\">ADMnext<\/h3><div class=\"video-info\"><p data-maxlength=\"68\">Tworzenie niesko\u0144czonych mo\u017cliwo\u015bci<\/p><\/div><\/div><div class=\"col-md-8 box-img-wrapper\"><div class=\"video-box\"><div class=\"video-wrapper\"><iframe title=\"video-section\" src=\"https:\/\/www.youtube.com\/embed\/jvPn7x8BHkA?rel=0&amp;modestbranding=1&amp;playsinline=1&amp;enablejsapi=1\" frameborder=\"0\" allow=\"accelerometer; autoplay; clipboard-write; encrypted-media; gyroscope; picture-in-picture\" allowfullscreen loading=\"lazy\" referrerpolicy=\"strict-origin-when-cross-origin\"><\/iframe><\/div><\/div><\/div><div class=\"col-md-1\"><\/div><\/div><\/div><\/div><\/div><\/div><\/section>\n\n\n\n<section class=\"wp-block-cg-blocks-how-we-do-it section section--howwedoit block-howwedoit\"><div class=\"container\"><div><div class=\"row\"><div class=\"content-title col-12 col-md-8\"><h2 data-maxlength=\"72\" class=\"expandable-heading-tag\">Jak mo\u017cemy pom\u00f3c<\/h2><\/div><\/div><div class=\"row\"><div class=\"col-12 col-md-8\"><p><br>Nasi eksperci w obszarze danych i sztucznej inteligencji wspieraj\u0105 organizacje w modernizacji, tworzeniu oraz operacyjnym zarz\u0105dzaniu IT, umo\u017cliwiaj\u0105c osi\u0105ganie wi\u0119kszej szybko\u015bci dzia\u0142ania, odporno\u015bci oraz inteligencji operacyjnej, dzi\u0119ki:<\/p><\/div><\/div><\/div><div class=\"row\"><div class=\"col-12 col-md-8\"><div class=\"section-content\">\n<div class=\"wp-block-cg-blocks-card-howwedoit expanders\"><div class=\"box card-regulated-agreements card-howwedoit\"><div class=\"expander-box filter-box tag-active opened\"><div class=\"expander-title\" tabindex=\"0\" role=\"button\" aria-expanded=\"true\"><h3 class=\"expander-heading-title\">Przyspieszonej in\u017cynierii aplikacji<\/h3><\/div><div class=\"expander-content\"><p>Generatywna AI umo\u017cliwia szybkie projektowanie, prototypowanie oraz generowanie kodu. Agentic AI pe\u0142ni rol\u0119 autonomicznego wsp\u00f3\u0142tw\u00f3rcy, realizuj\u0105c testowanie, tworzenie dokumentacji oraz powtarzalne zadania programistyczne.\u00a0<\/p><div class=\"bg-color video-align-right\"><div class=\"container\"><div class=\"row video-align-left\"><div class=\"col-md-12\"><div class=\"video-align-left row box box--4 box--mini\"><div class=\"col-md-3\"><\/div><div class=\"col-md-8 box-img-wrapper\"><div class=\"video-box\"><\/div><\/div><\/div><\/div><\/div><\/div><\/div>\n<p><\/p>\n<div class=\"content-more\"><\/div><\/div><\/div><\/div><\/div>\n\n\n\n<div class=\"wp-block-cg-blocks-card-howwedoit expanders\"><div class=\"box card-regulated-agreements card-howwedoit\"><div class=\"expander-box filter-box tag-active \"><div class=\"expander-title\" tabindex=\"0\" role=\"button\" aria-expanded=\"false\"><h3 class=\"expander-heading-title\">Modernizacji system\u00f3w legacy na du\u017c\u0105 skal\u0119<\/h3><\/div><div class=\"expander-content\"><p>Generatywna AI wspiera szybkie projektowanie, prototypowanie i generowanie kodu, natomiast agentic AI autonomicznie wsp\u00f3\u0142uczestniczy w procesie wytw\u00f3rczym, obejmuj\u0105c testowanie, dokumentacj\u0119 oraz rutynowe zadania developerskie.<\/p><div class=\"bg-color video-align-right\"><div class=\"container\"><div class=\"row video-align-left\"><div class=\"col-md-12\"><div class=\"video-align-left row box box--4 box--mini\"><div class=\"col-md-3\"><\/div><div class=\"col-md-8 box-img-wrapper\"><div class=\"video-box\"><\/div><\/div><\/div><\/div><\/div><\/div><\/div><div class=\"content-more\"><\/div><\/div><\/div><\/div><\/div>\n\n\n\n<div class=\"wp-block-cg-blocks-card-howwedoit expanders\"><div class=\"box card-regulated-agreements card-howwedoit\"><div class=\"expander-box filter-box tag-active \"><div class=\"expander-title\" tabindex=\"0\" role=\"button\" aria-expanded=\"false\"><h3 class=\"expander-heading-title\">Proaktywnym operacjom IT<\/h3><\/div><div class=\"expander-content\"><p>Sztuczna inteligencja prognozuje incydenty, automatyzuje rozwi\u0105zywanie zg\u0142osze\u0144 oraz proaktywnie zarz\u0105dza infrastruktur\u0105 &#8211; przekszta\u0142caj\u0105c IT z reaktywnego centrum koszt\u00f3w w strategiczny zas\u00f3b biznesowy.<\/p><div class=\"bg-color video-align-right\"><div class=\"container\"><div class=\"row video-align-left\"><div class=\"col-md-12\"><div class=\"video-align-left row box box--4 box--mini\"><div class=\"col-md-3\"><\/div><div class=\"col-md-8 box-img-wrapper\"><div class=\"video-box\"><\/div><\/div><\/div><\/div><\/div><\/div><\/div><div class=\"content-more\"><\/div><\/div><\/div><\/div><\/div>\n\n\n\n<div class=\"wp-block-cg-blocks-card-howwedoit expanders\"><div class=\"box card-regulated-agreements card-howwedoit\"><div class=\"expander-box filter-box tag-active \"><div class=\"expander-title\" tabindex=\"0\" role=\"button\" aria-expanded=\"false\"><h3 class=\"expander-heading-title\">Asystentom AI dla zespo\u0142\u00f3w IT<\/h3><\/div><div class=\"expander-content\"><p>Dedykowani asystenci AI dostarczaj\u0105 zespo\u0142om back\u2011office oraz zespo\u0142om operacyjnym wgl\u0105du w dane w czasie rzeczywistym, automatyzacj\u0119 zada\u0144 oraz inteligentne wsparcie proces\u00f3w decyzyjnych.<\/p><div class=\"bg-color video-align-right\"><div class=\"container\"><div class=\"row video-align-left\"><div class=\"col-md-12\"><div class=\"video-align-left row box box--4 box--mini\"><div class=\"col-md-3\"><\/div><div class=\"col-md-8 box-img-wrapper\"><div class=\"video-box\"><\/div><\/div><\/div><\/div><\/div><\/div><\/div><div class=\"content-more\"><\/div><\/div><\/div><\/div><\/div>\n<\/div><\/div><\/div><\/div><\/section>\n\n\n\n<p><\/p>\n","protected":false},"excerpt":{"rendered":"<p>Build faster. Modernize smarter. Operate proactively.<\/p>\n","protected":false},"author":81,"featured_media":1000001214499,"parent":892600,"menu_order":5,"comment_status":"closed","ping_status":"closed","template":"","meta":{"cg_dt_proposed_to":[],"cg_seo_hreflang_relations":"[]","cg_seo_canonical_relation":"","cg_seo_hreflang_x_default_relation":"","cg_dt_approved_content":true,"cg_dt_mandatory_content":false,"cg_dt_notes":"","cg_dg_source_changed":true,"cg_dt_link_disabled":false,"_yoast_wpseo_primary_brand":"","footnotes":"","featured_focal_points":"","partner_card_description":"","gsap_animation":0},"brand":[],"partner_type":[],"service":[210],"industry":[],"partners":[],"page-type":[200],"content-group":[],"class_list":["post-916627","page","type-page","status-publish","has-post-thumbnail","hentry","service-data-ai","page-type-service"],"yoast_head":"<!-- This site is optimized with the Yoast SEO Premium plugin v22.8 (Yoast SEO v22.8) - https:\/\/yoast.com\/wordpress\/plugins\/seo\/ -->\n<title>IT oparte na sztucznej inteligencji - Capgemini Poland<\/title>\n<meta name=\"robots\" content=\"index, follow, max-snippet:-1, max-image-preview:large, max-video-preview:-1\" \/>\n<link rel=\"canonical\" href=\"https:\/\/www.capgemini.com\/pl-pl\/uslugi\/dane-i-sztuczna-inteligencja\/ai-powered-it\/\" \/>\n<meta property=\"og:locale\" content=\"pl_PL\" \/>\n<meta property=\"og:type\" content=\"article\" \/>\n<meta property=\"og:title\" content=\"IT oparte na sztucznej inteligencji\" \/>\n<meta property=\"og:description\" content=\"Build faster. Modernize smarter. Operate proactively.\" \/>\n<meta property=\"og:url\" content=\"https:\/\/www.capgemini.com\/pl-pl\/uslugi\/dane-i-sztuczna-inteligencja\/ai-powered-it\/\" \/>\n<meta property=\"og:site_name\" content=\"Capgemini Poland\" \/>\n<meta property=\"article:modified_time\" content=\"2026-04-20T12:48:00+00:00\" \/>\n<meta property=\"og:image\" content=\"https:\/\/www.capgemini.com\/pl-pl\/wp-content\/uploads\/sites\/27\/2025\/10\/New-Web-preview-global.jpg\" \/>\n\t<meta property=\"og:image:width\" content=\"1200\" \/>\n\t<meta property=\"og:image:height\" content=\"627\" \/>\n\t<meta property=\"og:image:type\" content=\"image\/jpeg\" \/>\n<meta name=\"twitter:card\" content=\"summary_large_image\" \/>\n<meta name=\"twitter:label1\" content=\"Est. reading time\" \/>\n\t<meta name=\"twitter:data1\" content=\"3 minutes\" \/>\n<script type=\"application\/ld+json\" class=\"yoast-schema-graph\">{\"@context\":\"https:\/\/schema.org\",\"@graph\":[{\"@type\":\"WebPage\",\"@id\":\"https:\/\/www.capgemini.com\/pl-pl\/uslugi\/dane-i-sztuczna-inteligencja\/ai-powered-it\/\",\"url\":\"https:\/\/www.capgemini.com\/pl-pl\/uslugi\/dane-i-sztuczna-inteligencja\/ai-powered-it\/\",\"name\":\"IT oparte na sztucznej inteligencji - Capgemini Poland\",\"isPartOf\":{\"@id\":\"https:\/\/www.capgemini.com\/pl-pl\/#website\"},\"primaryImageOfPage\":{\"@id\":\"https:\/\/www.capgemini.com\/pl-pl\/uslugi\/dane-i-sztuczna-inteligencja\/ai-powered-it\/#primaryimage\"},\"image\":{\"@id\":\"https:\/\/www.capgemini.com\/pl-pl\/uslugi\/dane-i-sztuczna-inteligencja\/ai-powered-it\/#primaryimage\"},\"thumbnailUrl\":\"https:\/\/www.capgemini.com\/wp-content\/uploads\/2026\/04\/AI-powered-IT-_2880X1800.jpg\",\"datePublished\":\"2026-04-07T14:33:21+00:00\",\"dateModified\":\"2026-04-20T12:48:00+00:00\",\"breadcrumb\":{\"@id\":\"https:\/\/www.capgemini.com\/pl-pl\/uslugi\/dane-i-sztuczna-inteligencja\/ai-powered-it\/#breadcrumb\"},\"inLanguage\":\"pl-PL\",\"potentialAction\":[{\"@type\":\"ReadAction\",\"target\":[\"https:\/\/www.capgemini.com\/pl-pl\/uslugi\/dane-i-sztuczna-inteligencja\/ai-powered-it\/\"]}]},{\"@type\":\"ImageObject\",\"inLanguage\":\"pl-PL\",\"@id\":\"https:\/\/www.capgemini.com\/pl-pl\/uslugi\/dane-i-sztuczna-inteligencja\/ai-powered-it\/#primaryimage\",\"url\":\"https:\/\/www.capgemini.com\/wp-content\/uploads\/2026\/04\/AI-powered-IT-_2880X1800.jpg\",\"contentUrl\":\"https:\/\/www.capgemini.com\/wp-content\/uploads\/2026\/04\/AI-powered-IT-_2880X1800.jpg\"},{\"@type\":\"BreadcrumbList\",\"@id\":\"https:\/\/www.capgemini.com\/pl-pl\/uslugi\/dane-i-sztuczna-inteligencja\/ai-powered-it\/#breadcrumb\",\"itemListElement\":[{\"@type\":\"ListItem\",\"position\":1,\"name\":\"Home\",\"item\":\"https:\/\/www.capgemini.com\/pl-pl\/\"},{\"@type\":\"ListItem\",\"position\":2,\"name\":\"Us\u0142ugi\",\"item\":\"https:\/\/www.capgemini.com\/pl-pl\/uslugi\/\"},{\"@type\":\"ListItem\",\"position\":3,\"name\":\"Dane i sztuczna inteligencja\",\"item\":\"https:\/\/www.capgemini.com\/pl-pl\/uslugi\/dane-i-sztuczna-inteligencja\/\"},{\"@type\":\"ListItem\",\"position\":4,\"name\":\"IT oparte na sztucznej inteligencji\"}]},{\"@type\":\"WebSite\",\"@id\":\"https:\/\/www.capgemini.com\/pl-pl\/#website\",\"url\":\"https:\/\/www.capgemini.com\/pl-pl\/\",\"name\":\"Capgemini Polska\",\"description\":\"Capgemini\",\"potentialAction\":[{\"@type\":\"SearchAction\",\"target\":{\"@type\":\"EntryPoint\",\"urlTemplate\":\"https:\/\/www.capgemini.com\/pl-pl\/?s={search_term_string}\"},\"query-input\":\"required name=search_term_string\"}],\"inLanguage\":\"pl-PL\"}]}<\/script>\n<!-- \/ Yoast SEO Premium plugin. -->","yoast_head_json":{"title":"IT oparte na sztucznej inteligencji - Capgemini Poland","robots":{"index":"index","follow":"follow","max-snippet":"max-snippet:-1","max-image-preview":"max-image-preview:large","max-video-preview":"max-video-preview:-1"},"canonical":"https:\/\/www.capgemini.com\/pl-pl\/uslugi\/dane-i-sztuczna-inteligencja\/ai-powered-it\/","og_locale":"pl_PL","og_type":"article","og_title":"IT oparte na sztucznej inteligencji","og_description":"Build faster. Modernize smarter. Operate proactively.","og_url":"https:\/\/www.capgemini.com\/pl-pl\/uslugi\/dane-i-sztuczna-inteligencja\/ai-powered-it\/","og_site_name":"Capgemini Poland","article_modified_time":"2026-04-20T12:48:00+00:00","og_image":[{"width":1200,"height":627,"url":"https:\/\/www.capgemini.com\/pl-pl\/wp-content\/uploads\/sites\/27\/2025\/10\/New-Web-preview-global.jpg","type":"image\/jpeg"}],"twitter_card":"summary_large_image","twitter_misc":{"Est. reading time":"3 minutes"},"schema":{"@context":"https:\/\/schema.org","@graph":[{"@type":"WebPage","@id":"https:\/\/www.capgemini.com\/pl-pl\/uslugi\/dane-i-sztuczna-inteligencja\/ai-powered-it\/","url":"https:\/\/www.capgemini.com\/pl-pl\/uslugi\/dane-i-sztuczna-inteligencja\/ai-powered-it\/","name":"IT oparte na sztucznej inteligencji - Capgemini Poland","isPartOf":{"@id":"https:\/\/www.capgemini.com\/pl-pl\/#website"},"primaryImageOfPage":{"@id":"https:\/\/www.capgemini.com\/pl-pl\/uslugi\/dane-i-sztuczna-inteligencja\/ai-powered-it\/#primaryimage"},"image":{"@id":"https:\/\/www.capgemini.com\/pl-pl\/uslugi\/dane-i-sztuczna-inteligencja\/ai-powered-it\/#primaryimage"},"thumbnailUrl":"https:\/\/www.capgemini.com\/wp-content\/uploads\/2026\/04\/AI-powered-IT-_2880X1800.jpg","datePublished":"2026-04-07T14:33:21+00:00","dateModified":"2026-04-20T12:48:00+00:00","breadcrumb":{"@id":"https:\/\/www.capgemini.com\/pl-pl\/uslugi\/dane-i-sztuczna-inteligencja\/ai-powered-it\/#breadcrumb"},"inLanguage":"pl-PL","potentialAction":[{"@type":"ReadAction","target":["https:\/\/www.capgemini.com\/pl-pl\/uslugi\/dane-i-sztuczna-inteligencja\/ai-powered-it\/"]}]},{"@type":"ImageObject","inLanguage":"pl-PL","@id":"https:\/\/www.capgemini.com\/pl-pl\/uslugi\/dane-i-sztuczna-inteligencja\/ai-powered-it\/#primaryimage","url":"https:\/\/www.capgemini.com\/wp-content\/uploads\/2026\/04\/AI-powered-IT-_2880X1800.jpg","contentUrl":"https:\/\/www.capgemini.com\/wp-content\/uploads\/2026\/04\/AI-powered-IT-_2880X1800.jpg"},{"@type":"BreadcrumbList","@id":"https:\/\/www.capgemini.com\/pl-pl\/uslugi\/dane-i-sztuczna-inteligencja\/ai-powered-it\/#breadcrumb","itemListElement":[{"@type":"ListItem","position":1,"name":"Home","item":"https:\/\/www.capgemini.com\/pl-pl\/"},{"@type":"ListItem","position":2,"name":"Us\u0142ugi","item":"https:\/\/www.capgemini.com\/pl-pl\/uslugi\/"},{"@type":"ListItem","position":3,"name":"Dane i sztuczna inteligencja","item":"https:\/\/www.capgemini.com\/pl-pl\/uslugi\/dane-i-sztuczna-inteligencja\/"},{"@type":"ListItem","position":4,"name":"IT oparte na sztucznej inteligencji"}]},{"@type":"WebSite","@id":"https:\/\/www.capgemini.com\/pl-pl\/#website","url":"https:\/\/www.capgemini.com\/pl-pl\/","name":"Capgemini Polska","description":"Capgemini","potentialAction":[{"@type":"SearchAction","target":{"@type":"EntryPoint","urlTemplate":"https:\/\/www.capgemini.com\/pl-pl\/?s={search_term_string}"},"query-input":"required name=search_term_string"}],"inLanguage":"pl-PL"}]}},"brand_term":[],"parsely":{"version":"1.1.0","canonical_url":"https:\/\/capgemini.com\/pl-pl\/uslugi\/dane-i-sztuczna-inteligencja\/ai-powered-it\/","smart_links":{"inbound":0,"outbound":0},"traffic_boost_suggestions_count":0,"meta":{"@context":"https:\/\/schema.org","@type":"WebPage","headline":"IT oparte na sztucznej inteligencji","url":"https:\/\/www.capgemini.com\/pl-pl\/uslugi\/dane-i-sztuczna-inteligencja\/ai-powered-it\/","mainEntityOfPage":{"@type":"WebPage","@id":"https:\/\/www.capgemini.com\/pl-pl\/uslugi\/dane-i-sztuczna-inteligencja\/ai-powered-it\/"},"thumbnailUrl":"https:\/\/www.capgemini.com\/wp-content\/uploads\/2026\/04\/AI-powered-IT-_2880X1800.jpg?w=150&h=150&crop=1","image":{"@type":"ImageObject","url":"https:\/\/www.capgemini.com\/wp-content\/uploads\/2026\/04\/AI-powered-IT-_2880X1800.jpg"},"articleSection":"Uncategorized","author":[],"creator":[],"publisher":{"@type":"Organization","name":"Capgemini Poland","logo":""},"keywords":[],"dateCreated":"2026-04-07T14:33:21Z","datePublished":"2026-04-07T14:33:21Z","dateModified":"2026-04-20T12:48:00Z"},"rendered":"<meta name=\"parsely-title\" content=\"IT oparte na sztucznej inteligencji\" \/>\n<meta name=\"parsely-link\" content=\"https:\/\/www.capgemini.com\/pl-pl\/uslugi\/dane-i-sztuczna-inteligencja\/ai-powered-it\/\" \/>\n<meta name=\"parsely-type\" content=\"index\" \/>\n<meta name=\"parsely-image-url\" content=\"https:\/\/www.capgemini.com\/wp-content\/uploads\/2026\/04\/AI-powered-IT-_2880X1800.jpg?w=150&amp;h=150&amp;crop=1\" \/>\n<meta name=\"parsely-pub-date\" content=\"2026-04-07T14:33:21Z\" \/>\n<meta name=\"parsely-section\" content=\"Uncategorized\" \/>","tracker_url":"https:\/\/cdn.parsely.com\/keys\/capgemini.com\/p.js"},"archive_status":false,"featured_image_src":"https:\/\/www.capgemini.com\/wp-content\/uploads\/2026\/04\/AI-powered-IT-_2880X1800.jpg","featured_image_alt":"","jetpack_sharing_enabled":true,"distributor_meta":false,"distributor_terms":false,"distributor_media":false,"distributor_original_site_name":"Capgemini Poland","distributor_original_site_url":"https:\/\/www.capgemini.com\/pl-pl","push-errors":false,"_links":{"self":[{"href":"https:\/\/www.capgemini.com\/pl-pl\/wp-json\/wp\/v2\/pages\/916627","targetHints":{"allow":["GET"]}}],"collection":[{"href":"https:\/\/www.capgemini.com\/pl-pl\/wp-json\/wp\/v2\/pages"}],"about":[{"href":"https:\/\/www.capgemini.com\/pl-pl\/wp-json\/wp\/v2\/types\/page"}],"author":[{"embeddable":true,"href":"https:\/\/www.capgemini.com\/pl-pl\/wp-json\/wp\/v2\/users\/81"}],"replies":[{"embeddable":true,"href":"https:\/\/www.capgemini.com\/pl-pl\/wp-json\/wp\/v2\/comments?post=916627"}],"version-history":[{"count":6,"href":"https:\/\/www.capgemini.com\/pl-pl\/wp-json\/wp\/v2\/pages\/916627\/revisions"}],"predecessor-version":[{"id":917045,"href":"https:\/\/www.capgemini.com\/pl-pl\/wp-json\/wp\/v2\/pages\/916627\/revisions\/917045"}],"up":[{"embeddable":true,"href":"https:\/\/www.capgemini.com\/pl-pl\/wp-json\/wp\/v2\/pages\/892600"}],"wp:featuredmedia":[{"embeddable":true,"href":"https:\/\/www.capgemini.com\/pl-pl\/wp-json\/"}],"wp:attachment":[{"href":"https:\/\/www.capgemini.com\/pl-pl\/wp-json\/wp\/v2\/media?parent=916627"}],"wp:term":[{"taxonomy":"brand","embeddable":true,"href":"https:\/\/www.capgemini.com\/pl-pl\/wp-json\/wp\/v2\/brand?post=916627"},{"taxonomy":"partner_type","embeddable":true,"href":"https:\/\/www.capgemini.com\/pl-pl\/wp-json\/wp\/v2\/partner_type?post=916627"},{"taxonomy":"service","embeddable":true,"href":"https:\/\/www.capgemini.com\/pl-pl\/wp-json\/wp\/v2\/service?post=916627"},{"taxonomy":"industry","embeddable":true,"href":"https:\/\/www.capgemini.com\/pl-pl\/wp-json\/wp\/v2\/industry?post=916627"},{"taxonomy":"partners","embeddable":true,"href":"https:\/\/www.capgemini.com\/pl-pl\/wp-json\/wp\/v2\/partners?post=916627"},{"taxonomy":"page-type","embeddable":true,"href":"https:\/\/www.capgemini.com\/pl-pl\/wp-json\/wp\/v2\/page-type?post=916627"},{"taxonomy":"content-group","embeddable":true,"href":"https:\/\/www.capgemini.com\/pl-pl\/wp-json\/wp\/v2\/content-group?post=916627"}],"curies":[{"name":"wp","href":"https:\/\/api.w.org\/{rel}","templated":true}]}}