{"id":914152,"date":"2026-01-27T09:38:33","date_gmt":"2026-01-27T09:38:33","guid":{"rendered":"https:\/\/www.capgemini.com\/pl-pl\/?page_id=914152"},"modified":"2026-01-27T09:38:37","modified_gmt":"2026-01-27T09:38:37","slug":"tu-talent-spotyka-wartosci","status":"publish","type":"page","link":"https:\/\/www.capgemini.com\/pl-pl\/kariera\/fintech-pl\/wartosci-talent\/","title":{"rendered":"Tu talent spotyka warto\u015bci"},"content":{"rendered":"\n<div class=\"wp-block-cg-blocks-hero-picture-card  heroPictureCard\"><div class=\"heroPictureCardBgs\"><picture><source srcset=\"https:\/\/www.capgemini.com\/pl-pl\/wp-content\/uploads\/sites\/27\/2026\/01\/CAPGEMINI-SESJA_120.jpg?w=2880&amp;quality=70 1x, https:\/\/www.capgemini.com\/pl-pl\/wp-content\/uploads\/sites\/27\/2026\/01\/CAPGEMINI-SESJA_120.jpg?w=2880&amp;quality=70 2x\" media=\"(min-width: 1500px)\"\/><source srcset=\"https:\/\/www.capgemini.com\/pl-pl\/wp-content\/uploads\/sites\/27\/2026\/01\/CAPGEMINI-SESJA_120.jpg?w=1440&amp;quality=70 1x, https:\/\/www.capgemini.com\/pl-pl\/wp-content\/uploads\/sites\/27\/2026\/01\/CAPGEMINI-SESJA_120.jpg?w=2880&amp;quality=70 2x\" media=\"(min-width: 992px)\"\/><source srcset=\"https:\/\/www.capgemini.com\/pl-pl\/wp-content\/uploads\/sites\/27\/2026\/01\/CAPGEMINI-SESJA_120.jpg?w=1024&amp;quality=70 1x, https:\/\/www.capgemini.com\/pl-pl\/wp-content\/uploads\/sites\/27\/2026\/01\/CAPGEMINI-SESJA_120.jpg?w=1024&amp;quality=70 2x\" media=\"(min-width: 768px)\"\/><source srcset=\"https:\/\/www.capgemini.com\/pl-pl\/wp-content\/uploads\/sites\/27\/2026\/01\/CAPGEMINI-SESJA_120.jpg?w=768&amp;quality=70 1x, https:\/\/www.capgemini.com\/pl-pl\/wp-content\/uploads\/sites\/27\/2026\/01\/CAPGEMINI-SESJA_120.jpg?w=768&amp;quality=70 2x\" media=\"(min-width: 0)\"\/><img decoding=\"async\" src=\"https:\/\/www.capgemini.com\/pl-pl\/wp-content\/uploads\/sites\/27\/2026\/01\/CAPGEMINI-SESJA_120.jpg\" class=\"desktopImage\" alt=\"\" style=\"object-fit:cover;object-position:67% 25%\" loading=\"eager\"\/><\/picture><picture><source srcset=\"https:\/\/www.capgemini.com\/pl-pl\/wp-content\/uploads\/sites\/27\/2026\/01\/CAPGEMINI-SESJA_120.jpg?w=2880&amp;quality=70 1x, https:\/\/www.capgemini.com\/pl-pl\/wp-content\/uploads\/sites\/27\/2026\/01\/CAPGEMINI-SESJA_120.jpg?w=2880&amp;quality=70 2x\" media=\"(min-width: 1500px)\"\/><source srcset=\"https:\/\/www.capgemini.com\/pl-pl\/wp-content\/uploads\/sites\/27\/2026\/01\/CAPGEMINI-SESJA_120.jpg?w=1440&amp;quality=70 1x, https:\/\/www.capgemini.com\/pl-pl\/wp-content\/uploads\/sites\/27\/2026\/01\/CAPGEMINI-SESJA_120.jpg?w=2880&amp;quality=70 2x\" media=\"(min-width: 992px)\"\/><source srcset=\"https:\/\/www.capgemini.com\/pl-pl\/wp-content\/uploads\/sites\/27\/2026\/01\/CAPGEMINI-SESJA_120.jpg?w=1024&amp;quality=70 1x, https:\/\/www.capgemini.com\/pl-pl\/wp-content\/uploads\/sites\/27\/2026\/01\/CAPGEMINI-SESJA_120.jpg?w=1024&amp;quality=70 2x\" media=\"(min-width: 768px)\"\/><source srcset=\"https:\/\/www.capgemini.com\/pl-pl\/wp-content\/uploads\/sites\/27\/2026\/01\/CAPGEMINI-SESJA_120.jpg?w=768&amp;quality=70 1x, https:\/\/www.capgemini.com\/pl-pl\/wp-content\/uploads\/sites\/27\/2026\/01\/CAPGEMINI-SESJA_120.jpg?w=768&amp;quality=70 2x\" media=\"(min-width: 0)\"\/><img decoding=\"async\" src=\"https:\/\/www.capgemini.com\/pl-pl\/wp-content\/uploads\/sites\/27\/2026\/01\/CAPGEMINI-SESJA_120.jpg\" class=\"mobileImage\" alt=\"\" style=\"object-fit:cover;object-position:67% 25%\" loading=\"eager\"\/><\/picture><\/div><div class=\"heroPictureCardHeaderShape\"><\/div><div class=\"container\"><div class=\"row\"><div class=\"col-md-8 col-lg-6\"><div class=\"heroPictureCardBox\"><div class=\"heroPictureCardBoxTitle\"><h1 data-maxlength=\"144\">Tu talent spotyka warto\u015bci<\/h1><\/div><\/div><\/div><\/div><\/div><div class=\"small-device\"><div class=\"brandLogoWrapper\"> <\/div><\/div><\/div>\n\n\n\n<section class=\"wp-block-cg-blocks-group section section--article-content\"><div class=\"article-main-content\"><div class=\"container\"><div class=\"row\"><div class=\"col-12 col-md-1\"><nav class=\"article-social\"><ul class=\"social-nav\"><li class=\"ip-order-fb\"><a href=\"https:\/\/www.facebook.com\/sharer\/sharer.php?u=https:\/\/www.capgemini.com\/pl-pl\/?page_id=914152\" target=\"_blank\" rel=\"noopener noreferrer\" title=\"opens in a new window\"><i aria-hidden=\"true\" class=\"icon-fb\"><\/i><span class=\"sr-only\">Facebook<\/span><\/a><\/li><li class=\"ip-order-li\"><a href=\"https:\/\/www.linkedin.com\/sharing\/share-offsite\/?url=https:\/\/www.capgemini.com\/pl-pl\/?page_id=914152\" target=\"_blank\" rel=\"noopener noreferrer\" title=\"opens in a new window\"><i aria-hidden=\"true\" class=\"icon-li\"><\/i><span class=\"sr-only\">Linkedin<\/span><\/a><\/li><\/ul><\/nav><\/div><div class=\"col-12 col-md-11 col-lg-10\"><div class=\"article-text article-quote-text\">\n<h2 class=\"wp-block-heading\" id=\"h-to-wartosci-przyciagaja-najlepszych-i-napedzaja-ich-kariery-przekonaj-sie-czym-kierujemy-sie-w-capgemini\">To warto\u015bci przyci\u0105gaj\u0105 najlepszych i nap\u0119dzaj\u0105 ich kariery. Przekonaj si\u0119, czym kierujemy si\u0119 w Capgemini.<\/h2>\n\n\n\n<p style=\"font-size:17px\">Dla nas warto\u015bci to codzienne, realne zasady dzia\u0142ania, kt\u00f3re zosta\u0142y wypracowane przez niemal sze\u015b\u0107 dekad prowadzenia technologicznego biznesu na \u015bwiecie i przez trzydzie\u015bci lat dzia\u0142alno\u015bci w Polsce. Dla naszych ludzi s\u0105 one gwarancj\u0105 komfortu pracy i rozwoju. Dla nas &#8211; zobowi\u0105zaniem. A dla klient\u00f3w obietnic\u0105, \u017ce nasza praca zostanie wykonana z dba\u0142o\u015bci\u0105 o wysokie standardy jako\u015bciowe i etyczne, co jest szczeg\u00f3lnie istotne w bran\u017cy Fintech.<\/p>\n\n\n\n<section class=\"wp-block-cg-blocks-card-tabs section--social-explore card-tabs-block\"><div class=\"container\"><\/div><div class=\"tabs\"><div class=\"container\"><div class=\"row\"><div class=\"col-md-6 leftDiv\" id=\"leftDivId\"><div class=\"content-title\"><h2 class=\"card-tabs-heading\">Co mo\u017cemy Ci zaoferowa\u0107?<\/h2><\/div><ul class=\"tabs-nav\"><li data-tab=\"58cf58a0-e643-44c0-9327-bed4b0bfa920\"><a href=\"#\"><h3 class=\"infoitem-title\">Stabilno\u015b\u0107 projekt\u00f3w i spok\u00f3j ducha<\/h3><\/a><\/li><li data-tab=\"1f657229-5f2d-4f6b-bf50-560b027356c7\"><a href=\"#\"><h3 class=\"infoitem-title\">Sprint technologiczny i maraton rozwojowy<\/h3><\/a><\/li><li data-tab=\"d8481f14-ddc6-47c1-a273-83acec540b11\"><a href=\"#\"><h3 class=\"infoitem-title\">Work-life balance<\/h3><\/a><\/li><li data-tab=\"a6c9a3fe-65c2-4355-9d6d-f64b32aaa61b\"><a href=\"#\"><h3 class=\"infoitem-title\">Lider fintech, dzi\u0119ki ludziom!<\/h3><\/a><\/li><\/ul><\/div><div class=\"col-md-6 rightDiv\"><div class=\"tabs-content\"><div class=\"tab\" data-tab=\"58cf58a0-e643-44c0-9327-bed4b0bfa920\"><div class=\"tab-title\"><a href=\"#\"><span><h3 class=\"infoitem-title\">Stabilno\u015b\u0107 projekt\u00f3w i spok\u00f3j ducha<\/h3><\/span><\/a><\/div><div class=\"tab-inner\"><p><strong>Uporz\u0105dkowane procedury, jasne zasady i wspieraj\u0105ce \u015brodowisko w pracy.<\/strong> To buduje bezpiecze\u0144stwo i pozwala ze spokojn\u0105 g\u0142ow\u0105 planowa\u0107 przysz\u0142o\u015b\u0107.<br>&#8211; Capgemini ma swoje warto\u015bci i po prostu si\u0119 ich trzyma &#8211; m\u00f3wi Judyta, fullstack developerka. Docenia te\u017c dbanie o wysokie standardy programistyczne w firmie.<br>\u0141ukasz, lider zespo\u0142u developer\u00f3w, po 15 latach `na swoim`, doceni\u0142 spok\u00f3j ducha i komfort psychiczny. Ich \u017ar\u00f3d\u0142em s\u0105 sta\u0142y dost\u0119p do ciekawych projekt\u00f3w i wspieraj\u0105ca atmosfera.<br><\/p><\/div><\/div><div class=\"tab\" data-tab=\"1f657229-5f2d-4f6b-bf50-560b027356c7\"><div class=\"tab-title\"><a href=\"#\"><span><h3 class=\"infoitem-title\">Sprint technologiczny i maraton rozwojowy<\/h3><\/span><\/a><\/div><div class=\"tab-inner\"><p><strong>Dost\u0119p do najnowszych technologii i mo\u017cliwo\u015b\u0107 wykorzystania wiedzy<\/strong>, akademickiej lub zdobytej na szkoleniach, w realnych projektach. A do tego otwarta \u015bcie\u017cka kariery. Tak\u0105 ofert\u0119 dla naszych ludzi tworzymy od niemal 60 lat globalnie i od prawie 30 w Polsce. <br><em>&#8211; Od pocz\u0105tku wiadomo, co musisz zrobi\u0107, aby wskoczy\u0107 na kolejny grade <\/em>&#8211; m\u00f3wi Micha\u0142, Managing Delivery Architect. Ola- doktorantka UAM i developerka &#8211; specjalistyczn\u0105 wiedz\u0119 zdobyt\u0105 na uczelni niemal od razu przenios\u0142a do nowego projektu.<br><br>Dla klient\u00f3w chcemy by\u0107 dojrza\u0142ym partnerem przyczyniaj\u0105cym si\u0119 do prawdziwej zmiany w ich biznesie. Dla naszych ludzi oznacza to sta\u0142y dost\u0119p do najnowszych technologii i krytycznie wa\u017cnych projekt\u00f3w, a wi\u0119c tak\u017ce do rozwoju.<br><br>Wybieraj\u0105c prac\u0119 w Capgemini, decydujesz si\u0119 na drog\u0119 rozwojow\u0105, nie na pojedyncze stanowisko.<\/p><\/div><\/div><div class=\"tab\" data-tab=\"d8481f14-ddc6-47c1-a273-83acec540b11\"><div class=\"tab-title\"><a href=\"#\"><span><h3 class=\"infoitem-title\">Work-life balance<\/h3><\/span><\/a><\/div><div class=\"tab-inner\"><p><strong>Praca to cz\u0119\u015b\u0107 \u017cycia. Nigdy odwrotnie.<\/strong> Mo\u017cliwo\u015b\u0107 swobodnego \u0142\u0105czenia sfery prywatnej z karier\u0105, dodatkowo wsparta zaufaniem ze strony prze\u0142o\u017conych, to z kolei nasze \u017celazne zobowi\u0105zanie wobec zespo\u0142\u00f3w. Elastyczne godziny i hybrydowy tryb pracy, sta\u0142e i aktywne wsparcie prze\u0142o\u017conych istniej\u0105 na prawd\u0119 &#8211; nie jako kampanijne czy konferencyjne &#8220;talking points&#8221;.<\/p><\/div><\/div><div class=\"tab\" data-tab=\"a6c9a3fe-65c2-4355-9d6d-f64b32aaa61b\"><div class=\"tab-title\"><a href=\"#\"><span><h3 class=\"infoitem-title\">Lider fintech, dzi\u0119ki ludziom!<\/h3><\/span><\/a><\/div><div class=\"tab-inner\"><p><strong>Tworzymy otwarte \u015brodowisko<\/strong>, w kt\u00f3rym przyznanie si\u0119 do b\u0142\u0119du lub brak\u00f3w kompetencyjnych jest docenian\u0105 oznak\u0105 dojrza\u0142o\u015bci, a nie powodem do wstydu. Wspieramy transparentn\u0105 komunikacj\u0119, a na pierwszym miejscu stawiamy partnerskie podej\u015bcie i rozw\u00f3j naszych ludzi. Oni dzi\u0119ki temu mog\u0105 wykaza\u0107 si\u0119 kreatywno\u015bci\u0105 i rzetelno\u015bci\u0105, kt\u00f3ra sprawia, \u017ce od lat pracujemy z gigantami bran\u017cy finansowej. <br><br><\/p><\/div><\/div><\/div><\/div><\/div><\/div><\/div><\/section>\n<\/div><\/div><\/div><\/div><\/div><\/section>\n\n\n\n<section class=\"wp-block-cg-blocks-wrapper-card-text-pic wrapperCardTextPic hero-bg-shape\"><div class=\"container\"><div class=\"row\"><div class=\"col-md-12\">\n<div class=\"wp-block-cg-blocks-card-text-pic-right\"><div class=\"row card-text-pic rightCard\"><div class=\"col-md-12\"><div class=\"box--section\"><div class=\"box  row-nobleed\"><div class=\"col-lg-8 col-md-12 box-inner\"><a href=\"https:\/\/www.capgemini.com\/pl-pl\/o-nas\/kim-jestesmy\/wartosci-etyka\/\" aria-label=\"Siedem warto\u015bci Capgemini\" target=\"_blank\" rel=\"noopener noreferrer\" title=\"opens in a new window\"><h3 class=\"titlewithLink\" data-maxlength=\"144\">Siedem warto\u015bci Capgemini<\/h3><\/a><p class=\"box-text\" data-maxlength=\"\">Podczas gdy stale rozwijamy nasz\u0105 kultur\u0119, nasze warto\u015bci pozostaj\u0105 niezmienne, bo nigdy nie zapominamy o tym, kim jeste\u015bmy. Dowiedz si\u0119 wi\u0119cej na temat naszej etyki pracy i warto\u015bci, kt\u00f3re s\u0105 sednem wszystkiego, co robimy.<\/p><div class=\"box-bottom\"><a aria-label=\"Czytaj wi\u0119cej o Siedem warto\u015bci Capgemini\" class=\"more2\" data-maxlength=\"24\" href=\"https:\/\/www.capgemini.com\/pl-pl\/o-nas\/kim-jestesmy\/wartosci-etyka\/\" target=\"_blank\" rel=\"noopener noreferrer\" title=\"opens in a new window\">Sprawd\u017a<\/a><\/div><\/div><div class=\"col-lg-5 col-md-12 box-img-wrapper\"><a href=\"https:\/\/www.capgemini.com\/pl-pl\/o-nas\/kim-jestesmy\/wartosci-etyka\/\" aria-label=\"Sprawd\u017a o Siedem warto\u015bci Capgemini\" tabindex=\"-1\" target=\"_blank\" rel=\"noopener noreferrer\" title=\"opens in a new window\"><picture><source srcset=\"https:\/\/www.capgemini.com\/pl-pl\/wp-content\/uploads\/sites\/27\/2026\/01\/CAPGEMINI-SESJA_248.jpg?w=1000&amp;quality=70 1x, https:\/\/www.capgemini.com\/pl-pl\/wp-content\/uploads\/sites\/27\/2026\/01\/CAPGEMINI-SESJA_248.jpg?w=1000&amp;quality=70 2x\" media=\"(min-width: 1500px)\"\/><source srcset=\"https:\/\/www.capgemini.com\/pl-pl\/wp-content\/uploads\/sites\/27\/2026\/01\/CAPGEMINI-SESJA_248.jpg?w=500&amp;quality=70 1x, https:\/\/www.capgemini.com\/pl-pl\/wp-content\/uploads\/sites\/27\/2026\/01\/CAPGEMINI-SESJA_248.jpg?w=1000&amp;quality=70 2x\" media=\"(min-width: 992px)\"\/><source srcset=\"https:\/\/www.capgemini.com\/pl-pl\/wp-content\/uploads\/sites\/27\/2026\/01\/CAPGEMINI-SESJA_248.jpg?w=768&amp;quality=70 1x, https:\/\/www.capgemini.com\/pl-pl\/wp-content\/uploads\/sites\/27\/2026\/01\/CAPGEMINI-SESJA_248.jpg?w=768&amp;quality=70 2x\" media=\"(min-width: 768px)\"\/><source srcset=\"https:\/\/www.capgemini.com\/pl-pl\/wp-content\/uploads\/sites\/27\/2026\/01\/CAPGEMINI-SESJA_248.jpg?w=556&amp;quality=70 1x, https:\/\/www.capgemini.com\/pl-pl\/wp-content\/uploads\/sites\/27\/2026\/01\/CAPGEMINI-SESJA_248.jpg?w=556&amp;quality=70 2x\" media=\"(min-width: 0)\"\/><img decoding=\"async\" src=\"https:\/\/www.capgemini.com\/pl-pl\/wp-content\/uploads\/sites\/27\/2026\/01\/CAPGEMINI-SESJA_248.jpg\" class=\"box-img\" alt=\"\" style=\"object-fit:cover;object-position:50% 50%\" loading=\"lazy\"\/><\/picture><\/a><\/div><\/div><\/div><\/div><\/div><\/div>\n<\/div><\/div><\/div><\/section>\n\n\n\n<section class=\"wp-block-cg-blocks-call-to-action call-to-action-block\"><div class=\"container\"><div class=\"call-to-action-block-content-wrapper has-description\"><div class=\"text-wrapper has-description\"><h3 class=\"title\" data-maxlength=\"144\">Do\u0142\u0105cz do miejsca, w kt\u00f3rym talent spotyka warto\u015bci!<\/h3><p class=\"description\" data-maxlength=\"210\">Sprawd\u017a nasze oferty pracy w obszarze fintech!<\/p><\/div><div class=\"button-wrapper has-description\"><a class=\"cta-btn action-valid\" href=\"https:\/\/www.capgemini.com\/pl-pl\/kariera\/oferty-pracy\/?page=1&amp;size=11&amp;country_code=pl-pl&amp;keyword=fullstack&amp;brand=Capgemini\" target=\"\" rel=\"noopener noreferrer\" aria-label=\"Do\u0142\u0105cz do nas! o Do\u0142\u0105cz do miejsca, w kt\u00f3rym talent spotyka warto\u015bci!\" title=\"Otwiera si\u0119 w nowym oknie\" data-maxlength=\"24\" tabindex=\"0\"> Do\u0142\u0105cz do nas! <\/a><\/div><\/div><\/div><\/section>\n","protected":false},"excerpt":{"rendered":"","protected":false},"author":413,"featured_media":0,"parent":0,"menu_order":0,"comment_status":"closed","ping_status":"closed","template":"","meta":{"cg_dt_proposed_to":[],"cg_seo_hreflang_relations":"[]","cg_seo_canonical_relation":"","cg_seo_hreflang_x_default_relation":"","cg_dt_approved_content":true,"cg_dt_mandatory_content":false,"cg_dt_notes":"","cg_dg_source_changed":false,"cg_dt_link_disabled":false,"_yoast_wpseo_primary_brand":"","footnotes":"","featured_focal_points":"","partner_card_description":"","gsap_animation":0},"brand":[],"partner_type":[],"service":[],"industry":[],"partners":[],"page-type":[],"content-group":[],"class_list":["post-914152","page","type-page","status-publish","hentry"],"yoast_head":"<!-- This site is optimized with the Yoast SEO Premium plugin v22.8 (Yoast SEO v22.8) - https:\/\/yoast.com\/wordpress\/plugins\/seo\/ -->\n<title>Tu talent spotyka warto\u015bci - Capgemini Poland<\/title>\n<meta name=\"robots\" content=\"index, follow, max-snippet:-1, max-image-preview:large, max-video-preview:-1\" \/>\n<link rel=\"canonical\" href=\"https:\/\/www.capgemini.com\/pl-pl\/kariera\/fintech-pl\/wartosci-talent\/\" \/>\n<meta property=\"og:locale\" content=\"pl_PL\" \/>\n<meta property=\"og:type\" content=\"article\" \/>\n<meta property=\"og:title\" content=\"Tu talent spotyka warto\u015bci\" \/>\n<meta property=\"og:url\" content=\"https:\/\/www.capgemini.com\/pl-pl\/kariera\/fintech-pl\/wartosci-talent\/\" \/>\n<meta property=\"og:site_name\" content=\"Capgemini Poland\" \/>\n<meta property=\"article:modified_time\" content=\"2026-01-27T09:38:37+00:00\" \/>\n<meta property=\"og:image\" content=\"https:\/\/www.capgemini.com\/pl-pl\/wp-content\/uploads\/sites\/27\/2026\/01\/CAPGEMINI-SESJA_120.jpg\" \/>\n<meta name=\"twitter:card\" content=\"summary_large_image\" \/>\n<meta name=\"twitter:label1\" content=\"Est. reading time\" \/>\n\t<meta name=\"twitter:data1\" content=\"4 minutes\" \/>\n<script type=\"application\/ld+json\" class=\"yoast-schema-graph\">{\"@context\":\"https:\/\/schema.org\",\"@graph\":[{\"@type\":\"WebPage\",\"@id\":\"https:\/\/www.capgemini.com\/pl-pl\/kariera\/fintech-pl\/wartosci-talent\/\",\"url\":\"https:\/\/www.capgemini.com\/pl-pl\/kariera\/fintech-pl\/wartosci-talent\/\",\"name\":\"Tu talent spotyka warto\u015bci - Capgemini Poland\",\"isPartOf\":{\"@id\":\"https:\/\/www.capgemini.com\/pl-pl\/#website\"},\"primaryImageOfPage\":{\"@id\":\"https:\/\/www.capgemini.com\/pl-pl\/kariera\/fintech-pl\/wartosci-talent\/#primaryimage\"},\"image\":{\"@id\":\"https:\/\/www.capgemini.com\/pl-pl\/kariera\/fintech-pl\/wartosci-talent\/#primaryimage\"},\"thumbnailUrl\":\"https:\/\/www.capgemini.com\/pl-pl\/wp-content\/uploads\/sites\/27\/2026\/01\/CAPGEMINI-SESJA_120.jpg\",\"datePublished\":\"2026-01-27T09:38:33+00:00\",\"dateModified\":\"2026-01-27T09:38:37+00:00\",\"breadcrumb\":{\"@id\":\"https:\/\/www.capgemini.com\/pl-pl\/kariera\/fintech-pl\/wartosci-talent\/#breadcrumb\"},\"inLanguage\":\"pl-PL\",\"potentialAction\":[{\"@type\":\"ReadAction\",\"target\":[\"https:\/\/www.capgemini.com\/pl-pl\/kariera\/fintech-pl\/wartosci-talent\/\"]}]},{\"@type\":\"ImageObject\",\"inLanguage\":\"pl-PL\",\"@id\":\"https:\/\/www.capgemini.com\/pl-pl\/kariera\/fintech-pl\/wartosci-talent\/#primaryimage\",\"url\":\"https:\/\/www.capgemini.com\/pl-pl\/wp-content\/uploads\/sites\/27\/2026\/01\/CAPGEMINI-SESJA_120.jpg\",\"contentUrl\":\"https:\/\/www.capgemini.com\/pl-pl\/wp-content\/uploads\/sites\/27\/2026\/01\/CAPGEMINI-SESJA_120.jpg\",\"width\":8000,\"height\":5333},{\"@type\":\"BreadcrumbList\",\"@id\":\"https:\/\/www.capgemini.com\/pl-pl\/kariera\/fintech-pl\/wartosci-talent\/#breadcrumb\",\"itemListElement\":[{\"@type\":\"ListItem\",\"position\":1,\"name\":\"Home\",\"item\":\"https:\/\/www.capgemini.com\/pl-pl\/\"},{\"@type\":\"ListItem\",\"position\":2,\"name\":\"Tu talent spotyka warto\u015bci\"}]},{\"@type\":\"WebSite\",\"@id\":\"https:\/\/www.capgemini.com\/pl-pl\/#website\",\"url\":\"https:\/\/www.capgemini.com\/pl-pl\/\",\"name\":\"Capgemini Polska\",\"description\":\"Capgemini\",\"potentialAction\":[{\"@type\":\"SearchAction\",\"target\":{\"@type\":\"EntryPoint\",\"urlTemplate\":\"https:\/\/www.capgemini.com\/pl-pl\/?s={search_term_string}\"},\"query-input\":\"required name=search_term_string\"}],\"inLanguage\":\"pl-PL\"}]}<\/script>\n<!-- \/ Yoast SEO Premium plugin. -->","yoast_head_json":{"title":"Tu talent spotyka warto\u015bci - Capgemini Poland","robots":{"index":"index","follow":"follow","max-snippet":"max-snippet:-1","max-image-preview":"max-image-preview:large","max-video-preview":"max-video-preview:-1"},"canonical":"https:\/\/www.capgemini.com\/pl-pl\/kariera\/fintech-pl\/wartosci-talent\/","og_locale":"pl_PL","og_type":"article","og_title":"Tu talent spotyka warto\u015bci","og_url":"https:\/\/www.capgemini.com\/pl-pl\/kariera\/fintech-pl\/wartosci-talent\/","og_site_name":"Capgemini Poland","article_modified_time":"2026-01-27T09:38:37+00:00","og_image":[{"url":"https:\/\/www.capgemini.com\/pl-pl\/wp-content\/uploads\/sites\/27\/2026\/01\/CAPGEMINI-SESJA_120.jpg"}],"twitter_card":"summary_large_image","twitter_misc":{"Est. reading time":"4 minutes"},"schema":{"@context":"https:\/\/schema.org","@graph":[{"@type":"WebPage","@id":"https:\/\/www.capgemini.com\/pl-pl\/kariera\/fintech-pl\/wartosci-talent\/","url":"https:\/\/www.capgemini.com\/pl-pl\/kariera\/fintech-pl\/wartosci-talent\/","name":"Tu talent spotyka warto\u015bci - Capgemini Poland","isPartOf":{"@id":"https:\/\/www.capgemini.com\/pl-pl\/#website"},"primaryImageOfPage":{"@id":"https:\/\/www.capgemini.com\/pl-pl\/kariera\/fintech-pl\/wartosci-talent\/#primaryimage"},"image":{"@id":"https:\/\/www.capgemini.com\/pl-pl\/kariera\/fintech-pl\/wartosci-talent\/#primaryimage"},"thumbnailUrl":"https:\/\/www.capgemini.com\/pl-pl\/wp-content\/uploads\/sites\/27\/2026\/01\/CAPGEMINI-SESJA_120.jpg","datePublished":"2026-01-27T09:38:33+00:00","dateModified":"2026-01-27T09:38:37+00:00","breadcrumb":{"@id":"https:\/\/www.capgemini.com\/pl-pl\/kariera\/fintech-pl\/wartosci-talent\/#breadcrumb"},"inLanguage":"pl-PL","potentialAction":[{"@type":"ReadAction","target":["https:\/\/www.capgemini.com\/pl-pl\/kariera\/fintech-pl\/wartosci-talent\/"]}]},{"@type":"ImageObject","inLanguage":"pl-PL","@id":"https:\/\/www.capgemini.com\/pl-pl\/kariera\/fintech-pl\/wartosci-talent\/#primaryimage","url":"https:\/\/www.capgemini.com\/pl-pl\/wp-content\/uploads\/sites\/27\/2026\/01\/CAPGEMINI-SESJA_120.jpg","contentUrl":"https:\/\/www.capgemini.com\/pl-pl\/wp-content\/uploads\/sites\/27\/2026\/01\/CAPGEMINI-SESJA_120.jpg","width":8000,"height":5333},{"@type":"BreadcrumbList","@id":"https:\/\/www.capgemini.com\/pl-pl\/kariera\/fintech-pl\/wartosci-talent\/#breadcrumb","itemListElement":[{"@type":"ListItem","position":1,"name":"Home","item":"https:\/\/www.capgemini.com\/pl-pl\/"},{"@type":"ListItem","position":2,"name":"Tu talent spotyka warto\u015bci"}]},{"@type":"WebSite","@id":"https:\/\/www.capgemini.com\/pl-pl\/#website","url":"https:\/\/www.capgemini.com\/pl-pl\/","name":"Capgemini Polska","description":"Capgemini","potentialAction":[{"@type":"SearchAction","target":{"@type":"EntryPoint","urlTemplate":"https:\/\/www.capgemini.com\/pl-pl\/?s={search_term_string}"},"query-input":"required name=search_term_string"}],"inLanguage":"pl-PL"}]}},"brand_term":[],"parsely":{"version":"1.1.0","canonical_url":"https:\/\/capgemini.com\/pl-pl\/kariera\/fintech-pl\/wartosci-talent\/","smart_links":{"inbound":0,"outbound":0},"traffic_boost_suggestions_count":0,"meta":{"@context":"https:\/\/schema.org","@type":"WebPage","headline":"Tu talent spotyka warto\u015bci","url":"https:\/\/www.capgemini.com\/pl-pl\/kariera\/fintech-pl\/wartosci-talent\/","mainEntityOfPage":{"@type":"WebPage","@id":"https:\/\/www.capgemini.com\/pl-pl\/kariera\/fintech-pl\/wartosci-talent\/"},"thumbnailUrl":"","image":{"@type":"ImageObject","url":""},"articleSection":"Uncategorized","author":[],"creator":[],"publisher":{"@type":"Organization","name":"Capgemini Poland","logo":""},"keywords":[],"dateCreated":"2026-01-27T09:38:33Z","datePublished":"2026-01-27T09:38:33Z","dateModified":"2026-01-27T09:38:37Z"},"rendered":"<meta name=\"parsely-title\" content=\"Tu talent spotyka warto\u015bci\" \/>\n<meta name=\"parsely-link\" content=\"https:\/\/www.capgemini.com\/pl-pl\/kariera\/fintech-pl\/wartosci-talent\/\" \/>\n<meta name=\"parsely-type\" content=\"index\" \/>\n<meta name=\"parsely-pub-date\" content=\"2026-01-27T09:38:33Z\" \/>\n<meta name=\"parsely-section\" content=\"Uncategorized\" \/>","tracker_url":"https:\/\/cdn.parsely.com\/keys\/capgemini.com\/p.js"},"archive_status":false,"featured_image_src":"https:\/\/www.capgemini.com\/pl-pl\/wp-content\/themes\/capgemini2025\/assets\/images\/mockup.png","featured_image_alt":false,"jetpack_sharing_enabled":true,"distributor_meta":false,"distributor_terms":false,"distributor_media":false,"distributor_original_site_name":"Capgemini Poland","distributor_original_site_url":"https:\/\/www.capgemini.com\/pl-pl","push-errors":false,"_links":{"self":[{"href":"https:\/\/www.capgemini.com\/pl-pl\/wp-json\/wp\/v2\/pages\/914152","targetHints":{"allow":["GET"]}}],"collection":[{"href":"https:\/\/www.capgemini.com\/pl-pl\/wp-json\/wp\/v2\/pages"}],"about":[{"href":"https:\/\/www.capgemini.com\/pl-pl\/wp-json\/wp\/v2\/types\/page"}],"author":[{"embeddable":true,"href":"https:\/\/www.capgemini.com\/pl-pl\/wp-json\/wp\/v2\/users\/413"}],"replies":[{"embeddable":true,"href":"https:\/\/www.capgemini.com\/pl-pl\/wp-json\/wp\/v2\/comments?post=914152"}],"version-history":[{"count":10,"href":"https:\/\/www.capgemini.com\/pl-pl\/wp-json\/wp\/v2\/pages\/914152\/revisions"}],"predecessor-version":[{"id":914586,"href":"https:\/\/www.capgemini.com\/pl-pl\/wp-json\/wp\/v2\/pages\/914152\/revisions\/914586"}],"wp:attachment":[{"href":"https:\/\/www.capgemini.com\/pl-pl\/wp-json\/wp\/v2\/media?parent=914152"}],"wp:term":[{"taxonomy":"brand","embeddable":true,"href":"https:\/\/www.capgemini.com\/pl-pl\/wp-json\/wp\/v2\/brand?post=914152"},{"taxonomy":"partner_type","embeddable":true,"href":"https:\/\/www.capgemini.com\/pl-pl\/wp-json\/wp\/v2\/partner_type?post=914152"},{"taxonomy":"service","embeddable":true,"href":"https:\/\/www.capgemini.com\/pl-pl\/wp-json\/wp\/v2\/service?post=914152"},{"taxonomy":"industry","embeddable":true,"href":"https:\/\/www.capgemini.com\/pl-pl\/wp-json\/wp\/v2\/industry?post=914152"},{"taxonomy":"partners","embeddable":true,"href":"https:\/\/www.capgemini.com\/pl-pl\/wp-json\/wp\/v2\/partners?post=914152"},{"taxonomy":"page-type","embeddable":true,"href":"https:\/\/www.capgemini.com\/pl-pl\/wp-json\/wp\/v2\/page-type?post=914152"},{"taxonomy":"content-group","embeddable":true,"href":"https:\/\/www.capgemini.com\/pl-pl\/wp-json\/wp\/v2\/content-group?post=914152"}],"curies":[{"name":"wp","href":"https:\/\/api.w.org\/{rel}","templated":true}]}}