{"id":914149,"date":"2026-01-27T09:27:50","date_gmt":"2026-01-27T09:27:50","guid":{"rendered":"https:\/\/www.capgemini.com\/pl-pl\/?page_id=914149"},"modified":"2026-01-29T10:53:52","modified_gmt":"2026-01-29T10:53:52","slug":"tu-doswiadczenie-spotyka-innowacje-i-rozwoj","status":"publish","type":"page","link":"https:\/\/www.capgemini.com\/pl-pl\/kariera\/fintech-pl\/projekty\/","title":{"rendered":"Projekty"},"content":{"rendered":"\n<div class=\"wp-block-cg-blocks-hero-picture-card  heroPictureCard\"><div class=\"heroPictureCardBgs\"><picture><source srcset=\"https:\/\/www.capgemini.com\/pl-pl\/wp-content\/uploads\/sites\/27\/2026\/01\/CAPGEMINI-SESJA_418.jpg?w=2880&amp;quality=70 1x, https:\/\/www.capgemini.com\/pl-pl\/wp-content\/uploads\/sites\/27\/2026\/01\/CAPGEMINI-SESJA_418.jpg?w=2880&amp;quality=70 2x\" media=\"(min-width: 1500px)\"\/><source srcset=\"https:\/\/www.capgemini.com\/pl-pl\/wp-content\/uploads\/sites\/27\/2026\/01\/CAPGEMINI-SESJA_418.jpg?w=1440&amp;quality=70 1x, https:\/\/www.capgemini.com\/pl-pl\/wp-content\/uploads\/sites\/27\/2026\/01\/CAPGEMINI-SESJA_418.jpg?w=2880&amp;quality=70 2x\" media=\"(min-width: 992px)\"\/><source srcset=\"https:\/\/www.capgemini.com\/pl-pl\/wp-content\/uploads\/sites\/27\/2026\/01\/CAPGEMINI-SESJA_418.jpg?w=1024&amp;quality=70 1x, https:\/\/www.capgemini.com\/pl-pl\/wp-content\/uploads\/sites\/27\/2026\/01\/CAPGEMINI-SESJA_418.jpg?w=1024&amp;quality=70 2x\" media=\"(min-width: 768px)\"\/><source srcset=\"https:\/\/www.capgemini.com\/pl-pl\/wp-content\/uploads\/sites\/27\/2026\/01\/CAPGEMINI-SESJA_418.jpg?w=768&amp;quality=70 1x, https:\/\/www.capgemini.com\/pl-pl\/wp-content\/uploads\/sites\/27\/2026\/01\/CAPGEMINI-SESJA_418.jpg?w=768&amp;quality=70 2x\" media=\"(min-width: 0)\"\/><img decoding=\"async\" src=\"https:\/\/www.capgemini.com\/pl-pl\/wp-content\/uploads\/sites\/27\/2026\/01\/CAPGEMINI-SESJA_418.jpg\" class=\"desktopImage\" alt=\"\" style=\"object-fit:cover;object-position:59% 16%\" loading=\"eager\"\/><\/picture><picture><source srcset=\"https:\/\/www.capgemini.com\/pl-pl\/wp-content\/uploads\/sites\/27\/2026\/01\/CAPGEMINI-SESJA_418.jpg?w=2880&amp;quality=70 1x, https:\/\/www.capgemini.com\/pl-pl\/wp-content\/uploads\/sites\/27\/2026\/01\/CAPGEMINI-SESJA_418.jpg?w=2880&amp;quality=70 2x\" media=\"(min-width: 1500px)\"\/><source srcset=\"https:\/\/www.capgemini.com\/pl-pl\/wp-content\/uploads\/sites\/27\/2026\/01\/CAPGEMINI-SESJA_418.jpg?w=1440&amp;quality=70 1x, https:\/\/www.capgemini.com\/pl-pl\/wp-content\/uploads\/sites\/27\/2026\/01\/CAPGEMINI-SESJA_418.jpg?w=2880&amp;quality=70 2x\" media=\"(min-width: 992px)\"\/><source srcset=\"https:\/\/www.capgemini.com\/pl-pl\/wp-content\/uploads\/sites\/27\/2026\/01\/CAPGEMINI-SESJA_418.jpg?w=1024&amp;quality=70 1x, https:\/\/www.capgemini.com\/pl-pl\/wp-content\/uploads\/sites\/27\/2026\/01\/CAPGEMINI-SESJA_418.jpg?w=1024&amp;quality=70 2x\" media=\"(min-width: 768px)\"\/><source srcset=\"https:\/\/www.capgemini.com\/pl-pl\/wp-content\/uploads\/sites\/27\/2026\/01\/CAPGEMINI-SESJA_418.jpg?w=768&amp;quality=70 1x, https:\/\/www.capgemini.com\/pl-pl\/wp-content\/uploads\/sites\/27\/2026\/01\/CAPGEMINI-SESJA_418.jpg?w=768&amp;quality=70 2x\" media=\"(min-width: 0)\"\/><img decoding=\"async\" src=\"https:\/\/www.capgemini.com\/pl-pl\/wp-content\/uploads\/sites\/27\/2026\/01\/CAPGEMINI-SESJA_418.jpg\" class=\"mobileImage\" alt=\"\" style=\"object-fit:cover;object-position:59% 16%\" loading=\"eager\"\/><\/picture><\/div><div class=\"heroPictureCardHeaderShape\"><\/div><div class=\"container\"><div class=\"row\"><div class=\"col-md-8 col-lg-6\"><div class=\"heroPictureCardBox\"><div class=\"heroPictureCardBoxTitle\"><h1 data-maxlength=\"144\">Projekty<\/h1><\/div><\/div><\/div><\/div><\/div><div class=\"small-device\"><div class=\"brandLogoWrapper\"> <\/div><\/div><\/div>\n\n\n\n<section class=\"wp-block-cg-blocks-group section section--article-content\"><div class=\"article-main-content\"><div class=\"container\"><div class=\"row\"><div class=\"col-12 col-md-1\"><nav class=\"article-social\"><ul class=\"social-nav\"><li class=\"ip-order-fb\"><a href=\"https:\/\/www.facebook.com\/sharer\/sharer.php?u=https:\/\/www.capgemini.com\/pl-pl\/?page_id=914149\" target=\"_blank\" rel=\"noopener noreferrer\" title=\"opens in a new window\"><i aria-hidden=\"true\" class=\"icon-fb\"><\/i><span class=\"sr-only\">Facebook<\/span><\/a><\/li><li class=\"ip-order-li\"><a href=\"https:\/\/www.linkedin.com\/sharing\/share-offsite\/?url=https:\/\/www.capgemini.com\/pl-pl\/?page_id=914149\" target=\"_blank\" rel=\"noopener noreferrer\" title=\"opens in a new window\"><i aria-hidden=\"true\" class=\"icon-li\"><\/i><span class=\"sr-only\">Linkedin<\/span><\/a><\/li><\/ul><\/nav><\/div><div class=\"col-12 col-md-11 col-lg-10\"><div class=\"article-text article-quote-text\">\n<h2 class=\"wp-block-heading\" id=\"h-na-pewnym-etapie-kariery-liczy-sie-nie-tylko-stabilnosc-ale-tez-skala-roznorodnosc-projektow-i-ich-realny-wplyw-na-biznes-to-znak-poziomu-seniorskiego-w-capgemini-wiemy-jak-sprawdzic-by-ten-czas-byl-na-prawde-inspirujacy\">Na pewnym etapie kariery liczy si\u0119 nie tylko stabilno\u015b\u0107, ale te\u017c skala, r\u00f3\u017cnorodno\u015b\u0107 projekt\u00f3w i ich realny wp\u0142yw na biznes. To znak poziomu seniorskiego \u2013 w Capgemini wiemy, jak sprawdzi\u0107, by ten czas by\u0142 na prawd\u0119 inspiruj\u0105cy.<\/h2>\n\n\n\n<p>Przez lata stali\u015bmy si\u0119 cyfrowym partnerem dla najwi\u0119kszych instytucji finansowych globalnego rynku. Wsp\u00f3\u0142pracujemy z ameryka\u0144skimi gigantami, kluczowymi graczami z Europy (DACH) oraz z polskimi firmami pe\u0142ni\u0105cymi g\u0142\u00f3wn\u0105 rol\u0119 w mi\u0119dzynarodowych projektach fintech. <strong>Je\u015bli szukasz miejsca, w kt\u00f3rym mo\u017cesz mie\u0107 prawdziwy wp\u0142yw na kierunek rozwoju biznesu klient\u00f3w &#8211; jeste\u015b u siebie!<\/strong><\/p>\n\n\n\n<section class=\"wp-block-cg-blocks-card-tabs section--social-explore card-tabs-block\"><div class=\"container\"><\/div><div class=\"tabs\"><div class=\"container\"><div class=\"row\"><div class=\"col-md-6 leftDiv\" id=\"leftDivId\"><div class=\"content-title\"><h2 class=\"card-tabs-heading\">Czym si\u0119 zajmujemy?<\/h2><\/div><ul class=\"tabs-nav\"><li data-tab=\"cb28e24c-5b3e-4ddc-8df0-b4cc2ebc18fe\"><a href=\"#\" role=\"button\"><h3 class=\"infoitem-title\">Budujemy cyfrowe fundamenty i rozwijamy aplikacje<\/h3><\/a><\/li><li data-tab=\"cbf64a2e-fede-43ea-a542-848f1d7874b4\"><a href=\"#\" role=\"button\"><h3 class=\"infoitem-title\">Rozwijamy te\u017c wyszukiwanie kontekstowe<\/h3><\/a><\/li><li data-tab=\"7c40e736-7c62-43f0-bbce-2137b0fac93a\"><a href=\"#\" role=\"button\"><h3 class=\"infoitem-title\">Automatyzujemy tworzenie raport\u00f3w<\/h3><\/a><\/li><li data-tab=\"f581d4af-d4a2-4059-9cdb-f53544d90f32\"><a href=\"#\" role=\"button\"><h3 class=\"infoitem-title\">Budujemy architektur\u0119 opart\u0105 o micro front-endy<\/h3><\/a><\/li><li data-tab=\"e92295a7-fca4-47dd-9af9-fedd52eceff4\"><a href=\"#\" role=\"button\"><h3 class=\"infoitem-title\">Tworzymy wewn\u0119trzne systemy<\/h3><\/a><\/li><\/ul><\/div><div class=\"col-md-6 rightDiv\"><div class=\"tabs-content\"><div class=\"tab\" data-tab=\"cb28e24c-5b3e-4ddc-8df0-b4cc2ebc18fe\"><div class=\"tab-title\"><a href=\"#\" role=\"button\"><span><h3 class=\"infoitem-title\">Budujemy cyfrowe fundamenty i rozwijamy aplikacje<\/h3><\/span><\/a><\/div><div class=\"tab-inner\"><p><strong>Budujemy cyfrowe fundamenty i rozwijamy aplikacje<\/strong>, kt\u00f3re umo\u017cliwiaj\u0105 np. zdalne tworzenie i aktualizacj\u0119 modelowych portfolio inwestycyjnych.\u00a0<\/p><\/div><\/div><div class=\"tab\" data-tab=\"cbf64a2e-fede-43ea-a542-848f1d7874b4\"><div class=\"tab-title\"><a href=\"#\" role=\"button\"><span><h3 class=\"infoitem-title\">Rozwijamy te\u017c wyszukiwanie kontekstowe<\/h3><\/span><\/a><\/div><div class=\"tab-inner\"><p><strong>Rozwijamy te\u017c wyszukiwanie kontekstowe<\/strong> oparte na sztucznej inteligencji. U\u017cywamy do tego OpenAI przez Microsoft Azure, by zamienia\u0107 tekst na wektory liczbowe (embeddingi).\u00a0<\/p><\/div><\/div><div class=\"tab\" data-tab=\"7c40e736-7c62-43f0-bbce-2137b0fac93a\"><div class=\"tab-title\"><a href=\"#\" role=\"button\"><span><h3 class=\"infoitem-title\">Automatyzujemy tworzenie raport\u00f3w<\/h3><\/span><\/a><\/div><div class=\"tab-inner\"><p><strong>Automatyzujemy tworzenie raport\u00f3w na podstawie danych makroekonomicznych<\/strong>, optymalizuj\u0105c zarz\u0105dzanie danymi.<\/p><\/div><\/div><div class=\"tab\" data-tab=\"f581d4af-d4a2-4059-9cdb-f53544d90f32\"><div class=\"tab-title\"><a href=\"#\" role=\"button\"><span><h3 class=\"infoitem-title\">Budujemy architektur\u0119 opart\u0105 o micro front-endy<\/h3><\/span><\/a><\/div><div class=\"tab-inner\"><p><strong>Budujemy architektur\u0119 opart\u0105 o micro front-endy<\/strong>, kt\u00f3ra zapewnia niezale\u017cno\u015b\u0107 i stabilno\u015b\u0107 serwis\u00f3w.\u00a0<\/p><\/div><\/div><div class=\"tab\" data-tab=\"e92295a7-fca4-47dd-9af9-fedd52eceff4\"><div class=\"tab-title\"><a href=\"#\" role=\"button\"><span><h3 class=\"infoitem-title\">Tworzymy wewn\u0119trzne systemy<\/h3><\/span><\/a><\/div><div class=\"tab-inner\"><p><strong>Tworzymy wewn\u0119trzne systemy<\/strong>, np. do obs\u0142ugi proces\u00f3w rekrutacyjnych i wdra\u017camy rozwi\u0105zania podnosz\u0105ce dost\u0119pno\u015b\u0107 aplikacji dla os\u00f3b niedowidz\u0105cych.<\/p><\/div><\/div><\/div><\/div><\/div><\/div><\/div><\/section>\n\n\n\n<h4 class=\"wp-block-heading\" id=\"h-u-nas-rozwoj-to-codziennosc-nuda-na-to-nie-ma-szans-nbsp\">U nas rozw\u00f3j to codzienno\u015b\u0107 &#8211; nuda, na to nie ma szans.&nbsp;<\/h4>\n\n\n\n<p>Na globalnym rynku dzia\u0142amy niemal 6 dekad, a w Polsce obecni jeste\u015bmy od prawie 3 dekad! Przez ten czas pieczo\u0142owicie tworzyli\u015bmy solidn\u0105 mark\u0119 i zaufanie w\u015br\u00f3d klient\u00f3w, co owocuje sta\u0142ym nap\u0142ywem ciekawych, r\u00f3\u017cnorodnych projekt\u00f3w. Przej\u015bcie z jednego na drugi, jest cz\u0119sto jak zmiana firmy. Oznacza nowe otoczenie, zadanie i wyzwanie &#8211; bo pracujemy z najnowszymi<strong> <\/strong>technologiami i cz\u0119sto wyprzedzamy innych.&nbsp;<\/p>\n\n\n\n<p>Nuda? Nie w Capgemini. Opr\u00f3cz najnowszych technologii wspieramy naszych ludzi aktualnymi szkoleniami, dzi\u0119ki kt\u00f3rym mog\u0105 rozwija\u0107 ca\u0142y wachlarz kompetencji. Od programistycznych, do strategicznie wa\u017cnych na pewnym etapie kariery, kompetencji liderskich.&nbsp;<\/p>\n<\/div><\/div><\/div><\/div><\/div><\/section>\n\n\n\n<section class=\"wp-block-cg-blocks-call-to-action call-to-action-block\"><div class=\"container\"><div class=\"call-to-action-block-content-wrapper has-description\"><div class=\"text-wrapper has-description\"><h3 class=\"title\" data-maxlength=\"144\">W Capgemini do\u015bwiadczenie spotyka innowacje i rozw\u00f3j.<\/h3><p class=\"description\" data-maxlength=\"210\">Sprawd\u017a nasze oferty pracy w obszarze fintech. <\/p><\/div><div class=\"button-wrapper has-description\"><a class=\"cta-btn action-valid\" href=\"https:\/\/www.capgemini.com\/pl-pl\/kariera\/oferty-pracy\/?page=1&amp;size=11&amp;country_code=pl-pl&amp;keyword=fullstack&amp;brand=Capgemini\" target=\"\" rel=\"noopener noreferrer\" aria-label=\"Do\u0142\u0105cz do nas! o W Capgemini do\u015bwiadczenie spotyka innowacje i rozw\u00f3j.\" title=\"Otwiera si\u0119 w nowym oknie\" data-maxlength=\"24\" tabindex=\"0\"> Do\u0142\u0105cz do nas! <\/a><\/div><\/div><\/div><\/section>\n","protected":false},"excerpt":{"rendered":"","protected":false},"author":413,"featured_media":0,"parent":0,"menu_order":0,"comment_status":"closed","ping_status":"closed","template":"","meta":{"cg_dt_proposed_to":[],"cg_seo_hreflang_relations":"[]","cg_seo_canonical_relation":"","cg_seo_hreflang_x_default_relation":"","cg_dt_approved_content":true,"cg_dt_mandatory_content":false,"cg_dt_notes":"","cg_dg_source_changed":false,"cg_dt_link_disabled":false,"_yoast_wpseo_primary_brand":"","footnotes":"","featured_focal_points":"","partner_card_description":"","gsap_animation":0},"brand":[],"partner_type":[],"service":[],"industry":[],"partners":[],"page-type":[],"content-group":[],"class_list":["post-914149","page","type-page","status-publish","hentry"],"yoast_head":"<!-- This site is optimized with the Yoast SEO Premium plugin v22.8 (Yoast SEO v22.8) - https:\/\/yoast.com\/wordpress\/plugins\/seo\/ -->\n<title>Projekty - Capgemini Poland<\/title>\n<meta name=\"robots\" content=\"index, follow, max-snippet:-1, max-image-preview:large, max-video-preview:-1\" \/>\n<link rel=\"canonical\" href=\"https:\/\/www.capgemini.com\/pl-pl\/kariera\/fintech-pl\/projekty\/\" \/>\n<meta property=\"og:locale\" content=\"pl_PL\" \/>\n<meta property=\"og:type\" content=\"article\" \/>\n<meta property=\"og:title\" content=\"Projekty\" \/>\n<meta property=\"og:url\" content=\"https:\/\/www.capgemini.com\/pl-pl\/kariera\/fintech-pl\/projekty\/\" \/>\n<meta property=\"og:site_name\" content=\"Capgemini Poland\" \/>\n<meta property=\"article:modified_time\" content=\"2026-01-29T10:53:52+00:00\" \/>\n<meta property=\"og:image\" content=\"https:\/\/www.capgemini.com\/pl-pl\/wp-content\/uploads\/sites\/27\/2026\/01\/CAPGEMINI-SESJA_418.jpg\" \/>\n<meta name=\"twitter:card\" content=\"summary_large_image\" \/>\n<meta name=\"twitter:label1\" content=\"Est. reading time\" \/>\n\t<meta name=\"twitter:data1\" content=\"3 minutes\" \/>\n<script type=\"application\/ld+json\" class=\"yoast-schema-graph\">{\"@context\":\"https:\/\/schema.org\",\"@graph\":[{\"@type\":\"WebPage\",\"@id\":\"https:\/\/www.capgemini.com\/pl-pl\/kariera\/fintech-pl\/projekty\/\",\"url\":\"https:\/\/www.capgemini.com\/pl-pl\/kariera\/fintech-pl\/projekty\/\",\"name\":\"Projekty - Capgemini Poland\",\"isPartOf\":{\"@id\":\"https:\/\/www.capgemini.com\/pl-pl\/#website\"},\"primaryImageOfPage\":{\"@id\":\"https:\/\/www.capgemini.com\/pl-pl\/kariera\/fintech-pl\/projekty\/#primaryimage\"},\"image\":{\"@id\":\"https:\/\/www.capgemini.com\/pl-pl\/kariera\/fintech-pl\/projekty\/#primaryimage\"},\"thumbnailUrl\":\"https:\/\/www.capgemini.com\/pl-pl\/wp-content\/uploads\/sites\/27\/2026\/01\/CAPGEMINI-SESJA_418.jpg\",\"datePublished\":\"2026-01-27T09:27:50+00:00\",\"dateModified\":\"2026-01-29T10:53:52+00:00\",\"breadcrumb\":{\"@id\":\"https:\/\/www.capgemini.com\/pl-pl\/kariera\/fintech-pl\/projekty\/#breadcrumb\"},\"inLanguage\":\"pl-PL\",\"potentialAction\":[{\"@type\":\"ReadAction\",\"target\":[\"https:\/\/www.capgemini.com\/pl-pl\/kariera\/fintech-pl\/projekty\/\"]}]},{\"@type\":\"ImageObject\",\"inLanguage\":\"pl-PL\",\"@id\":\"https:\/\/www.capgemini.com\/pl-pl\/kariera\/fintech-pl\/projekty\/#primaryimage\",\"url\":\"https:\/\/www.capgemini.com\/pl-pl\/wp-content\/uploads\/sites\/27\/2026\/01\/CAPGEMINI-SESJA_418.jpg\",\"contentUrl\":\"https:\/\/www.capgemini.com\/pl-pl\/wp-content\/uploads\/sites\/27\/2026\/01\/CAPGEMINI-SESJA_418.jpg\",\"width\":8000,\"height\":5333},{\"@type\":\"BreadcrumbList\",\"@id\":\"https:\/\/www.capgemini.com\/pl-pl\/kariera\/fintech-pl\/projekty\/#breadcrumb\",\"itemListElement\":[{\"@type\":\"ListItem\",\"position\":1,\"name\":\"Home\",\"item\":\"https:\/\/www.capgemini.com\/pl-pl\/\"},{\"@type\":\"ListItem\",\"position\":2,\"name\":\"Projekty\"}]},{\"@type\":\"WebSite\",\"@id\":\"https:\/\/www.capgemini.com\/pl-pl\/#website\",\"url\":\"https:\/\/www.capgemini.com\/pl-pl\/\",\"name\":\"Capgemini Polska\",\"description\":\"Capgemini\",\"potentialAction\":[{\"@type\":\"SearchAction\",\"target\":{\"@type\":\"EntryPoint\",\"urlTemplate\":\"https:\/\/www.capgemini.com\/pl-pl\/?s={search_term_string}\"},\"query-input\":\"required name=search_term_string\"}],\"inLanguage\":\"pl-PL\"}]}<\/script>\n<!-- \/ Yoast SEO Premium plugin. -->","yoast_head_json":{"title":"Projekty - Capgemini Poland","robots":{"index":"index","follow":"follow","max-snippet":"max-snippet:-1","max-image-preview":"max-image-preview:large","max-video-preview":"max-video-preview:-1"},"canonical":"https:\/\/www.capgemini.com\/pl-pl\/kariera\/fintech-pl\/projekty\/","og_locale":"pl_PL","og_type":"article","og_title":"Projekty","og_url":"https:\/\/www.capgemini.com\/pl-pl\/kariera\/fintech-pl\/projekty\/","og_site_name":"Capgemini Poland","article_modified_time":"2026-01-29T10:53:52+00:00","og_image":[{"url":"https:\/\/www.capgemini.com\/pl-pl\/wp-content\/uploads\/sites\/27\/2026\/01\/CAPGEMINI-SESJA_418.jpg"}],"twitter_card":"summary_large_image","twitter_misc":{"Est. reading time":"3 minutes"},"schema":{"@context":"https:\/\/schema.org","@graph":[{"@type":"WebPage","@id":"https:\/\/www.capgemini.com\/pl-pl\/kariera\/fintech-pl\/projekty\/","url":"https:\/\/www.capgemini.com\/pl-pl\/kariera\/fintech-pl\/projekty\/","name":"Projekty - Capgemini Poland","isPartOf":{"@id":"https:\/\/www.capgemini.com\/pl-pl\/#website"},"primaryImageOfPage":{"@id":"https:\/\/www.capgemini.com\/pl-pl\/kariera\/fintech-pl\/projekty\/#primaryimage"},"image":{"@id":"https:\/\/www.capgemini.com\/pl-pl\/kariera\/fintech-pl\/projekty\/#primaryimage"},"thumbnailUrl":"https:\/\/www.capgemini.com\/pl-pl\/wp-content\/uploads\/sites\/27\/2026\/01\/CAPGEMINI-SESJA_418.jpg","datePublished":"2026-01-27T09:27:50+00:00","dateModified":"2026-01-29T10:53:52+00:00","breadcrumb":{"@id":"https:\/\/www.capgemini.com\/pl-pl\/kariera\/fintech-pl\/projekty\/#breadcrumb"},"inLanguage":"pl-PL","potentialAction":[{"@type":"ReadAction","target":["https:\/\/www.capgemini.com\/pl-pl\/kariera\/fintech-pl\/projekty\/"]}]},{"@type":"ImageObject","inLanguage":"pl-PL","@id":"https:\/\/www.capgemini.com\/pl-pl\/kariera\/fintech-pl\/projekty\/#primaryimage","url":"https:\/\/www.capgemini.com\/pl-pl\/wp-content\/uploads\/sites\/27\/2026\/01\/CAPGEMINI-SESJA_418.jpg","contentUrl":"https:\/\/www.capgemini.com\/pl-pl\/wp-content\/uploads\/sites\/27\/2026\/01\/CAPGEMINI-SESJA_418.jpg","width":8000,"height":5333},{"@type":"BreadcrumbList","@id":"https:\/\/www.capgemini.com\/pl-pl\/kariera\/fintech-pl\/projekty\/#breadcrumb","itemListElement":[{"@type":"ListItem","position":1,"name":"Home","item":"https:\/\/www.capgemini.com\/pl-pl\/"},{"@type":"ListItem","position":2,"name":"Projekty"}]},{"@type":"WebSite","@id":"https:\/\/www.capgemini.com\/pl-pl\/#website","url":"https:\/\/www.capgemini.com\/pl-pl\/","name":"Capgemini Polska","description":"Capgemini","potentialAction":[{"@type":"SearchAction","target":{"@type":"EntryPoint","urlTemplate":"https:\/\/www.capgemini.com\/pl-pl\/?s={search_term_string}"},"query-input":"required name=search_term_string"}],"inLanguage":"pl-PL"}]}},"brand_term":[],"parsely":{"version":"1.1.0","canonical_url":"https:\/\/capgemini.com\/pl-pl\/kariera\/fintech-pl\/projekty\/","smart_links":{"inbound":0,"outbound":0},"traffic_boost_suggestions_count":0,"meta":{"@context":"https:\/\/schema.org","@type":"WebPage","headline":"Projekty","url":"https:\/\/www.capgemini.com\/pl-pl\/kariera\/fintech-pl\/projekty\/","mainEntityOfPage":{"@type":"WebPage","@id":"https:\/\/www.capgemini.com\/pl-pl\/kariera\/fintech-pl\/projekty\/"},"thumbnailUrl":"","image":{"@type":"ImageObject","url":""},"articleSection":"Uncategorized","author":[],"creator":[],"publisher":{"@type":"Organization","name":"Capgemini Poland","logo":""},"keywords":[],"dateCreated":"2026-01-27T09:27:50Z","datePublished":"2026-01-27T09:27:50Z","dateModified":"2026-01-29T10:53:52Z"},"rendered":"<meta name=\"parsely-title\" content=\"Projekty\" \/>\n<meta name=\"parsely-link\" content=\"https:\/\/www.capgemini.com\/pl-pl\/kariera\/fintech-pl\/projekty\/\" \/>\n<meta name=\"parsely-type\" content=\"index\" \/>\n<meta name=\"parsely-pub-date\" content=\"2026-01-27T09:27:50Z\" \/>\n<meta name=\"parsely-section\" content=\"Uncategorized\" \/>","tracker_url":"https:\/\/cdn.parsely.com\/keys\/capgemini.com\/p.js"},"archive_status":false,"featured_image_src":"https:\/\/www.capgemini.com\/pl-pl\/wp-content\/themes\/capgemini2025\/assets\/images\/mockup.png","featured_image_alt":false,"jetpack_sharing_enabled":true,"distributor_meta":false,"distributor_terms":false,"distributor_media":false,"distributor_original_site_name":"Capgemini Poland","distributor_original_site_url":"https:\/\/www.capgemini.com\/pl-pl","push-errors":false,"_links":{"self":[{"href":"https:\/\/www.capgemini.com\/pl-pl\/wp-json\/wp\/v2\/pages\/914149","targetHints":{"allow":["GET"]}}],"collection":[{"href":"https:\/\/www.capgemini.com\/pl-pl\/wp-json\/wp\/v2\/pages"}],"about":[{"href":"https:\/\/www.capgemini.com\/pl-pl\/wp-json\/wp\/v2\/types\/page"}],"author":[{"embeddable":true,"href":"https:\/\/www.capgemini.com\/pl-pl\/wp-json\/wp\/v2\/users\/413"}],"replies":[{"embeddable":true,"href":"https:\/\/www.capgemini.com\/pl-pl\/wp-json\/wp\/v2\/comments?post=914149"}],"version-history":[{"count":6,"href":"https:\/\/www.capgemini.com\/pl-pl\/wp-json\/wp\/v2\/pages\/914149\/revisions"}],"predecessor-version":[{"id":914704,"href":"https:\/\/www.capgemini.com\/pl-pl\/wp-json\/wp\/v2\/pages\/914149\/revisions\/914704"}],"wp:attachment":[{"href":"https:\/\/www.capgemini.com\/pl-pl\/wp-json\/wp\/v2\/media?parent=914149"}],"wp:term":[{"taxonomy":"brand","embeddable":true,"href":"https:\/\/www.capgemini.com\/pl-pl\/wp-json\/wp\/v2\/brand?post=914149"},{"taxonomy":"partner_type","embeddable":true,"href":"https:\/\/www.capgemini.com\/pl-pl\/wp-json\/wp\/v2\/partner_type?post=914149"},{"taxonomy":"service","embeddable":true,"href":"https:\/\/www.capgemini.com\/pl-pl\/wp-json\/wp\/v2\/service?post=914149"},{"taxonomy":"industry","embeddable":true,"href":"https:\/\/www.capgemini.com\/pl-pl\/wp-json\/wp\/v2\/industry?post=914149"},{"taxonomy":"partners","embeddable":true,"href":"https:\/\/www.capgemini.com\/pl-pl\/wp-json\/wp\/v2\/partners?post=914149"},{"taxonomy":"page-type","embeddable":true,"href":"https:\/\/www.capgemini.com\/pl-pl\/wp-json\/wp\/v2\/page-type?post=914149"},{"taxonomy":"content-group","embeddable":true,"href":"https:\/\/www.capgemini.com\/pl-pl\/wp-json\/wp\/v2\/content-group?post=914149"}],"curies":[{"name":"wp","href":"https:\/\/api.w.org\/{rel}","templated":true}]}}