{"id":914141,"date":"2026-01-27T09:33:01","date_gmt":"2026-01-27T09:33:01","guid":{"rendered":"https:\/\/www.capgemini.com\/pl-pl\/?page_id=914141"},"modified":"2026-01-29T10:51:58","modified_gmt":"2026-01-29T10:51:58","slug":"tu-ambicja-spotyka-technologie","status":"publish","type":"page","link":"https:\/\/www.capgemini.com\/pl-pl\/kariera\/fintech-pl\/technologie\/","title":{"rendered":"Technologie"},"content":{"rendered":"\n<div class=\"wp-block-cg-blocks-hero-picture-card  heroPictureCard\"><div class=\"heroPictureCardBgs\"><picture><source srcset=\"https:\/\/www.capgemini.com\/pl-pl\/wp-content\/uploads\/sites\/27\/2026\/01\/CAPGEMINI-SESJA_411.jpg?w=2880&amp;quality=70 1x, https:\/\/www.capgemini.com\/pl-pl\/wp-content\/uploads\/sites\/27\/2026\/01\/CAPGEMINI-SESJA_411.jpg?w=2880&amp;quality=70 2x\" media=\"(min-width: 1500px)\"\/><source srcset=\"https:\/\/www.capgemini.com\/pl-pl\/wp-content\/uploads\/sites\/27\/2026\/01\/CAPGEMINI-SESJA_411.jpg?w=1440&amp;quality=70 1x, https:\/\/www.capgemini.com\/pl-pl\/wp-content\/uploads\/sites\/27\/2026\/01\/CAPGEMINI-SESJA_411.jpg?w=2880&amp;quality=70 2x\" media=\"(min-width: 992px)\"\/><source srcset=\"https:\/\/www.capgemini.com\/pl-pl\/wp-content\/uploads\/sites\/27\/2026\/01\/CAPGEMINI-SESJA_411.jpg?w=1024&amp;quality=70 1x, https:\/\/www.capgemini.com\/pl-pl\/wp-content\/uploads\/sites\/27\/2026\/01\/CAPGEMINI-SESJA_411.jpg?w=1024&amp;quality=70 2x\" media=\"(min-width: 768px)\"\/><source srcset=\"https:\/\/www.capgemini.com\/pl-pl\/wp-content\/uploads\/sites\/27\/2026\/01\/CAPGEMINI-SESJA_411.jpg?w=768&amp;quality=70 1x, https:\/\/www.capgemini.com\/pl-pl\/wp-content\/uploads\/sites\/27\/2026\/01\/CAPGEMINI-SESJA_411.jpg?w=768&amp;quality=70 2x\" media=\"(min-width: 0)\"\/><img decoding=\"async\" src=\"https:\/\/www.capgemini.com\/pl-pl\/wp-content\/uploads\/sites\/27\/2026\/01\/CAPGEMINI-SESJA_411.jpg\" class=\"desktopImage\" alt=\"\" style=\"object-fit:cover;object-position:53% 32%\" loading=\"eager\"\/><\/picture><picture><source srcset=\"https:\/\/www.capgemini.com\/pl-pl\/wp-content\/uploads\/sites\/27\/2026\/01\/CAPGEMINI-SESJA_411.jpg?w=2880&amp;quality=70 1x, https:\/\/www.capgemini.com\/pl-pl\/wp-content\/uploads\/sites\/27\/2026\/01\/CAPGEMINI-SESJA_411.jpg?w=2880&amp;quality=70 2x\" media=\"(min-width: 1500px)\"\/><source srcset=\"https:\/\/www.capgemini.com\/pl-pl\/wp-content\/uploads\/sites\/27\/2026\/01\/CAPGEMINI-SESJA_411.jpg?w=1440&amp;quality=70 1x, https:\/\/www.capgemini.com\/pl-pl\/wp-content\/uploads\/sites\/27\/2026\/01\/CAPGEMINI-SESJA_411.jpg?w=2880&amp;quality=70 2x\" media=\"(min-width: 992px)\"\/><source srcset=\"https:\/\/www.capgemini.com\/pl-pl\/wp-content\/uploads\/sites\/27\/2026\/01\/CAPGEMINI-SESJA_411.jpg?w=1024&amp;quality=70 1x, https:\/\/www.capgemini.com\/pl-pl\/wp-content\/uploads\/sites\/27\/2026\/01\/CAPGEMINI-SESJA_411.jpg?w=1024&amp;quality=70 2x\" media=\"(min-width: 768px)\"\/><source srcset=\"https:\/\/www.capgemini.com\/pl-pl\/wp-content\/uploads\/sites\/27\/2026\/01\/CAPGEMINI-SESJA_411.jpg?w=768&amp;quality=70 1x, https:\/\/www.capgemini.com\/pl-pl\/wp-content\/uploads\/sites\/27\/2026\/01\/CAPGEMINI-SESJA_411.jpg?w=768&amp;quality=70 2x\" media=\"(min-width: 0)\"\/><img decoding=\"async\" src=\"https:\/\/www.capgemini.com\/pl-pl\/wp-content\/uploads\/sites\/27\/2026\/01\/CAPGEMINI-SESJA_411.jpg\" class=\"mobileImage\" alt=\"\" style=\"object-fit:cover;object-position:53% 32%\" loading=\"eager\"\/><\/picture><\/div><div class=\"heroPictureCardHeaderShape\"><\/div><div class=\"container\"><div class=\"row\"><div class=\"col-md-8 col-lg-6\"><div class=\"heroPictureCardBox\"><div class=\"heroPictureCardBoxTitle\"><h1 data-maxlength=\"144\">Technologie<\/h1><\/div><\/div><\/div><\/div><\/div><div class=\"small-device\"><div class=\"brandLogoWrapper\"> <\/div><\/div><\/div>\n\n\n\n<section class=\"wp-block-cg-blocks-group section section--article-content\"><div class=\"article-main-content\"><div class=\"container\"><div class=\"row\"><div class=\"col-12 col-md-1\"><nav class=\"article-social\"><ul class=\"social-nav\"><li class=\"ip-order-fb\"><a href=\"https:\/\/www.facebook.com\/sharer\/sharer.php?u=https:\/\/www.capgemini.com\/pl-pl\/?page_id=914141\" target=\"_blank\" rel=\"noopener noreferrer\" title=\"opens in a new window\"><i aria-hidden=\"true\" class=\"icon-fb\"><\/i><span class=\"sr-only\">Facebook<\/span><\/a><\/li><li class=\"ip-order-li\"><a href=\"https:\/\/www.linkedin.com\/sharing\/share-offsite\/?url=https:\/\/www.capgemini.com\/pl-pl\/?page_id=914141\" target=\"_blank\" rel=\"noopener noreferrer\" title=\"opens in a new window\"><i aria-hidden=\"true\" class=\"icon-li\"><\/i><span class=\"sr-only\">Linkedin<\/span><\/a><\/li><\/ul><\/nav><\/div><div class=\"col-12 col-md-11 col-lg-10\"><div class=\"article-text article-quote-text\">\n<h2 class=\"wp-block-heading\" id=\"h-miedzynarodowe-projekty-nowe-frameworki-i-narzedzia-ktorych-uczysz-sie-na-co-dzien-a-takze-bezcenne-doswiadczenia-na-wyciagniecie-reki-to-wszystko-oparte-na-nowoczesnym-aktualnym-i-zroznicowanym-stacku\">Mi\u0119dzynarodowe projekty, nowe frameworki i narz\u0119dzia, kt\u00f3rych uczysz si\u0119 na co dzie\u0144, a tak\u017ce bezcenne do\u015bwiadczenia na wyci\u0105gni\u0119cie r\u0119ki. To wszystko oparte na nowoczesnym, aktualnym i zr\u00f3\u017cnicowanym stacku.<\/h2>\n\n\n\n<p style=\"font-size:17px\">R\u00f3\u017cnorodno\u015b\u0107 technologiczna to u nas norma. Nie mo\u017ce by\u0107 inaczej, bo dziej\u0105cy si\u0119 czasie rzeczywistym post\u0119p, skala klient\u00f3w i waga zada\u0144, kt\u00f3re realizujemy tego wymagaj\u0105.&nbsp;<\/p>\n\n\n\n<p style=\"font-size:17px\">Nasz najwi\u0119kszy projekt? Zmieniamy przysz\u0142o\u015b\u0107 bran\u017cy fintech. A to oznacza, \u017ce u nas nigdy nie stoisz w miejscu! B\u0119dziesz pracowa\u0107 z szerokim i z\u0142o\u017conym stackiem, w projektach, kt\u00f3re po prostu maj\u0105 sens, bo przek\u0142adaj\u0105 si\u0119 na realn\u0105 zmian\u0119 w &nbsp;biznesach naszych klient\u00f3w.&nbsp;<\/p>\n\n\n\n<section class=\"wp-block-cg-blocks-card-tabs section--social-explore card-tabs-block\"><div class=\"container\"><\/div><div class=\"tabs\"><div class=\"container\"><div class=\"row\"><div class=\"col-md-6 leftDiv\" id=\"leftDivId\"><div class=\"content-title\"><h2 class=\"card-tabs-heading\">Tech-diversity<\/h2><\/div><ul class=\"tabs-nav\"><li data-tab=\"b5d5dc10-7bcc-41c9-9440-b07e527f920a\"><a href=\"#\" role=\"button\"><h3 class=\"infoitem-title\">Architecture &amp; Data Platforms<\/h3><\/a><\/li><li data-tab=\"df593d35-980b-47c7-87be-813cae24feb0\"><a href=\"#\" role=\"button\"><h3 class=\"infoitem-title\">Cloud<\/h3><\/a><\/li><li data-tab=\"9699e235-b2a3-476f-b5ae-9a432514a2a3\"><a href=\"#\" role=\"button\"><h3 class=\"infoitem-title\">Generative AI<\/h3><\/a><\/li><li data-tab=\"79a930c8-50b4-4115-8331-9d32c53af9e2\"><a href=\"#\" role=\"button\"><h3 class=\"infoitem-title\">\u00a0Data Science<\/h3><\/a><\/li><\/ul><\/div><div class=\"col-md-6 rightDiv\"><div class=\"tabs-content\"><div class=\"tab\" data-tab=\"b5d5dc10-7bcc-41c9-9440-b07e527f920a\"><div class=\"tab-title\"><a href=\"#\" role=\"button\"><span><h3 class=\"infoitem-title\">Architecture &amp; Data Platforms<\/h3><\/span><\/a><\/div><div class=\"tab-inner\"><p>Micro front-ends sprawiaj\u0105, \u017ce aplikacje s\u0105 modu\u0142owe i niezawodne. Korzystamy te\u017c z nowoczesnych rozwi\u0105za\u0144 bazodanowych. Od SQL przez szereg rozwi\u0105za\u0144 noSQL, w tym g\u0142\u00f3wnie MongoDB.<\/p><\/div><\/div><div class=\"tab\" data-tab=\"df593d35-980b-47c7-87be-813cae24feb0\"><div class=\"tab-title\"><a href=\"#\" role=\"button\"><span><h3 class=\"infoitem-title\">Cloud<\/h3><\/span><\/a><\/div><div class=\"tab-inner\"><p>Lubimy i umiemy &#8220;buja\u0107 w chmurach&#8221;. Najcz\u0119\u015bciej robimy to dzi\u0119ki AWS i Microsoft Azure.<\/p><\/div><\/div><div class=\"tab\" data-tab=\"9699e235-b2a3-476f-b5ae-9a432514a2a3\"><div class=\"tab-title\"><a href=\"#\" role=\"button\"><span><h3 class=\"infoitem-title\">Generative AI<\/h3><\/span><\/a><\/div><div class=\"tab-inner\"><p>Gen AI staje si\u0119 nasz\u0105 specjalizacj\u0105. Dla klient\u00f3w wdra\u017camy np. rozwi\u0105zania agentic AI, czy wyszukiwanie kontekstowe w apce instytucji finansowej.\u00a0 W tym celu wykorzystujemy OpenAI zintegrowane w \u015brodowisku Microsoft Azure.<\/p><\/div><\/div><div class=\"tab\" data-tab=\"79a930c8-50b4-4115-8331-9d32c53af9e2\"><div class=\"tab-title\"><a href=\"#\" role=\"button\"><span><h3 class=\"infoitem-title\">\u00a0Data Science<\/h3><\/span><\/a><\/div><div class=\"tab-inner\"><p>Nasi ludzie pracuj\u0105 z Phytonem, ale te\u017c z niszowym j\u0119zykiem R, wykorzystywanym do z\u0142o\u017conej analizy danych makroekonomicznych np. dla bankowo\u015bci inwestycyjnej.<\/p><\/div><\/div><\/div><\/div><\/div><\/div><\/div><\/section>\n\n\n\n<p style=\"font-size:17px\"><strong>Wysokie standardy&nbsp;<\/strong><\/p>\n\n\n\n<p style=\"font-size:17px\"><strong>Stawiamy te\u017c na najwy\u017csze standardy w pracy programistycznej<\/strong>. Pocz\u0105wszy od minimalistycznej filozofii kodowania i zasady DRY (don`t repeat yourself), przez testy automatyczne oraz rygorystyczn\u0105 analiz\u0119 kodu, po ogromn\u0105 uwa\u017cno\u015b\u0107 w obszarze cyberbezpiecze\u0144stwa. Zapewniamy te\u017c rozwi\u0105zania, zgodne z wymaganiami accessibility, np. umo\u017cliwiaj\u0105c osobom niewidz\u0105cym i s\u0142abo widz\u0105cym korzystanie z aplikacji bankowych.&nbsp;<\/p>\n\n\n\n<p style=\"font-size:17px\"><strong>Pracujemy elastycznie <\/strong>&#8211; Ty wybierasz, kiedy pracujesz z biura, a kiedy z domu, stawiamy na otwart\u0105 komunikacj\u0119 i budujemy atmosfer\u0119, w kt\u00f3rej ludzie nie wahaj\u0105 si\u0119 przyzna\u0107, \u017ce czego\u015b nie umiej\u0105. A my nie wahamy si\u0119, by <strong>wesprze\u0107 ich najlepszymi szkoleniami<\/strong> (tak\u017ce zako\u0144czonymi certyfikacj\u0105) i dost\u0119pem do najciekawszych projekt\u00f3w na rynku. &nbsp;<\/p>\n<\/div><\/div><\/div><\/div><\/div><\/section>\n\n\n\n<section class=\"wp-block-cg-blocks-call-to-action call-to-action-block\"><div class=\"container\"><div class=\"call-to-action-block-content-wrapper has-description\"><div class=\"text-wrapper has-description\"><h3 class=\"title\" data-maxlength=\"144\">W Capgemini ambicja spotyka szanse i nowoczesne technologie.<\/h3><p class=\"description\" data-maxlength=\"210\">Do\u0142\u0105cz do nas jako Full-stack Developer_ka!<\/p><\/div><div class=\"button-wrapper has-description\"><a class=\"cta-btn action-valid\" href=\"https:\/\/www.capgemini.com\/pl-pl\/kariera\/oferty-pracy\/?page=1&amp;size=11&amp;country_code=pl-pl&amp;keyword=fullstack&amp;brand=Capgemini\" target=\"\" rel=\"noopener noreferrer\" aria-label=\"Do\u0142\u0105cz do nas! o W Capgemini ambicja spotyka szanse i nowoczesne technologie.\" title=\"Otwiera si\u0119 w nowym oknie\" data-maxlength=\"24\" tabindex=\"0\"> Do\u0142\u0105cz do nas! <\/a><\/div><\/div><\/div><\/section>\n","protected":false},"excerpt":{"rendered":"","protected":false},"author":413,"featured_media":0,"parent":0,"menu_order":0,"comment_status":"closed","ping_status":"closed","template":"","meta":{"cg_dt_proposed_to":[],"cg_seo_hreflang_relations":"[]","cg_seo_canonical_relation":"","cg_seo_hreflang_x_default_relation":"","cg_dt_approved_content":true,"cg_dt_mandatory_content":false,"cg_dt_notes":"","cg_dg_source_changed":false,"cg_dt_link_disabled":false,"_yoast_wpseo_primary_brand":"","footnotes":"","featured_focal_points":"","partner_card_description":"","gsap_animation":0},"brand":[],"partner_type":[],"service":[],"industry":[],"partners":[],"page-type":[],"content-group":[],"class_list":["post-914141","page","type-page","status-publish","hentry"],"yoast_head":"<!-- This site is optimized with the Yoast SEO Premium plugin v22.8 (Yoast SEO v22.8) - https:\/\/yoast.com\/wordpress\/plugins\/seo\/ -->\n<title>Technologie - Capgemini Poland<\/title>\n<meta name=\"robots\" content=\"index, follow, max-snippet:-1, max-image-preview:large, max-video-preview:-1\" \/>\n<link rel=\"canonical\" href=\"https:\/\/www.capgemini.com\/pl-pl\/kariera\/fintech-pl\/technologie\/\" \/>\n<meta property=\"og:locale\" content=\"pl_PL\" \/>\n<meta property=\"og:type\" content=\"article\" \/>\n<meta property=\"og:title\" content=\"Technologie\" \/>\n<meta property=\"og:url\" content=\"https:\/\/www.capgemini.com\/pl-pl\/kariera\/fintech-pl\/technologie\/\" \/>\n<meta property=\"og:site_name\" content=\"Capgemini Poland\" \/>\n<meta property=\"article:modified_time\" content=\"2026-01-29T10:51:58+00:00\" \/>\n<meta property=\"og:image\" content=\"https:\/\/www.capgemini.com\/pl-pl\/wp-content\/uploads\/sites\/27\/2026\/01\/CAPGEMINI-SESJA_411.jpg\" \/>\n<meta name=\"twitter:card\" content=\"summary_large_image\" \/>\n<meta name=\"twitter:label1\" content=\"Est. reading time\" \/>\n\t<meta name=\"twitter:data1\" content=\"3 minutes\" \/>\n<script type=\"application\/ld+json\" class=\"yoast-schema-graph\">{\"@context\":\"https:\/\/schema.org\",\"@graph\":[{\"@type\":\"WebPage\",\"@id\":\"https:\/\/www.capgemini.com\/pl-pl\/kariera\/fintech-pl\/technologie\/\",\"url\":\"https:\/\/www.capgemini.com\/pl-pl\/kariera\/fintech-pl\/technologie\/\",\"name\":\"Technologie - Capgemini Poland\",\"isPartOf\":{\"@id\":\"https:\/\/www.capgemini.com\/pl-pl\/#website\"},\"primaryImageOfPage\":{\"@id\":\"https:\/\/www.capgemini.com\/pl-pl\/kariera\/fintech-pl\/technologie\/#primaryimage\"},\"image\":{\"@id\":\"https:\/\/www.capgemini.com\/pl-pl\/kariera\/fintech-pl\/technologie\/#primaryimage\"},\"thumbnailUrl\":\"https:\/\/www.capgemini.com\/pl-pl\/wp-content\/uploads\/sites\/27\/2026\/01\/CAPGEMINI-SESJA_411.jpg\",\"datePublished\":\"2026-01-27T09:33:01+00:00\",\"dateModified\":\"2026-01-29T10:51:58+00:00\",\"breadcrumb\":{\"@id\":\"https:\/\/www.capgemini.com\/pl-pl\/kariera\/fintech-pl\/technologie\/#breadcrumb\"},\"inLanguage\":\"pl-PL\",\"potentialAction\":[{\"@type\":\"ReadAction\",\"target\":[\"https:\/\/www.capgemini.com\/pl-pl\/kariera\/fintech-pl\/technologie\/\"]}]},{\"@type\":\"ImageObject\",\"inLanguage\":\"pl-PL\",\"@id\":\"https:\/\/www.capgemini.com\/pl-pl\/kariera\/fintech-pl\/technologie\/#primaryimage\",\"url\":\"https:\/\/www.capgemini.com\/pl-pl\/wp-content\/uploads\/sites\/27\/2026\/01\/CAPGEMINI-SESJA_411.jpg\",\"contentUrl\":\"https:\/\/www.capgemini.com\/pl-pl\/wp-content\/uploads\/sites\/27\/2026\/01\/CAPGEMINI-SESJA_411.jpg\",\"width\":8000,\"height\":5333},{\"@type\":\"BreadcrumbList\",\"@id\":\"https:\/\/www.capgemini.com\/pl-pl\/kariera\/fintech-pl\/technologie\/#breadcrumb\",\"itemListElement\":[{\"@type\":\"ListItem\",\"position\":1,\"name\":\"Home\",\"item\":\"https:\/\/www.capgemini.com\/pl-pl\/\"},{\"@type\":\"ListItem\",\"position\":2,\"name\":\"Technologie\"}]},{\"@type\":\"WebSite\",\"@id\":\"https:\/\/www.capgemini.com\/pl-pl\/#website\",\"url\":\"https:\/\/www.capgemini.com\/pl-pl\/\",\"name\":\"Capgemini Polska\",\"description\":\"Capgemini\",\"potentialAction\":[{\"@type\":\"SearchAction\",\"target\":{\"@type\":\"EntryPoint\",\"urlTemplate\":\"https:\/\/www.capgemini.com\/pl-pl\/?s={search_term_string}\"},\"query-input\":\"required name=search_term_string\"}],\"inLanguage\":\"pl-PL\"}]}<\/script>\n<!-- \/ Yoast SEO Premium plugin. -->","yoast_head_json":{"title":"Technologie - Capgemini Poland","robots":{"index":"index","follow":"follow","max-snippet":"max-snippet:-1","max-image-preview":"max-image-preview:large","max-video-preview":"max-video-preview:-1"},"canonical":"https:\/\/www.capgemini.com\/pl-pl\/kariera\/fintech-pl\/technologie\/","og_locale":"pl_PL","og_type":"article","og_title":"Technologie","og_url":"https:\/\/www.capgemini.com\/pl-pl\/kariera\/fintech-pl\/technologie\/","og_site_name":"Capgemini Poland","article_modified_time":"2026-01-29T10:51:58+00:00","og_image":[{"url":"https:\/\/www.capgemini.com\/pl-pl\/wp-content\/uploads\/sites\/27\/2026\/01\/CAPGEMINI-SESJA_411.jpg"}],"twitter_card":"summary_large_image","twitter_misc":{"Est. reading time":"3 minutes"},"schema":{"@context":"https:\/\/schema.org","@graph":[{"@type":"WebPage","@id":"https:\/\/www.capgemini.com\/pl-pl\/kariera\/fintech-pl\/technologie\/","url":"https:\/\/www.capgemini.com\/pl-pl\/kariera\/fintech-pl\/technologie\/","name":"Technologie - Capgemini Poland","isPartOf":{"@id":"https:\/\/www.capgemini.com\/pl-pl\/#website"},"primaryImageOfPage":{"@id":"https:\/\/www.capgemini.com\/pl-pl\/kariera\/fintech-pl\/technologie\/#primaryimage"},"image":{"@id":"https:\/\/www.capgemini.com\/pl-pl\/kariera\/fintech-pl\/technologie\/#primaryimage"},"thumbnailUrl":"https:\/\/www.capgemini.com\/pl-pl\/wp-content\/uploads\/sites\/27\/2026\/01\/CAPGEMINI-SESJA_411.jpg","datePublished":"2026-01-27T09:33:01+00:00","dateModified":"2026-01-29T10:51:58+00:00","breadcrumb":{"@id":"https:\/\/www.capgemini.com\/pl-pl\/kariera\/fintech-pl\/technologie\/#breadcrumb"},"inLanguage":"pl-PL","potentialAction":[{"@type":"ReadAction","target":["https:\/\/www.capgemini.com\/pl-pl\/kariera\/fintech-pl\/technologie\/"]}]},{"@type":"ImageObject","inLanguage":"pl-PL","@id":"https:\/\/www.capgemini.com\/pl-pl\/kariera\/fintech-pl\/technologie\/#primaryimage","url":"https:\/\/www.capgemini.com\/pl-pl\/wp-content\/uploads\/sites\/27\/2026\/01\/CAPGEMINI-SESJA_411.jpg","contentUrl":"https:\/\/www.capgemini.com\/pl-pl\/wp-content\/uploads\/sites\/27\/2026\/01\/CAPGEMINI-SESJA_411.jpg","width":8000,"height":5333},{"@type":"BreadcrumbList","@id":"https:\/\/www.capgemini.com\/pl-pl\/kariera\/fintech-pl\/technologie\/#breadcrumb","itemListElement":[{"@type":"ListItem","position":1,"name":"Home","item":"https:\/\/www.capgemini.com\/pl-pl\/"},{"@type":"ListItem","position":2,"name":"Technologie"}]},{"@type":"WebSite","@id":"https:\/\/www.capgemini.com\/pl-pl\/#website","url":"https:\/\/www.capgemini.com\/pl-pl\/","name":"Capgemini Polska","description":"Capgemini","potentialAction":[{"@type":"SearchAction","target":{"@type":"EntryPoint","urlTemplate":"https:\/\/www.capgemini.com\/pl-pl\/?s={search_term_string}"},"query-input":"required name=search_term_string"}],"inLanguage":"pl-PL"}]}},"brand_term":[],"parsely":{"version":"1.1.0","canonical_url":"https:\/\/capgemini.com\/pl-pl\/kariera\/fintech-pl\/technologie\/","smart_links":{"inbound":0,"outbound":0},"traffic_boost_suggestions_count":0,"meta":{"@context":"https:\/\/schema.org","@type":"WebPage","headline":"Technologie","url":"https:\/\/www.capgemini.com\/pl-pl\/kariera\/fintech-pl\/technologie\/","mainEntityOfPage":{"@type":"WebPage","@id":"https:\/\/www.capgemini.com\/pl-pl\/kariera\/fintech-pl\/technologie\/"},"thumbnailUrl":"","image":{"@type":"ImageObject","url":""},"articleSection":"Uncategorized","author":[],"creator":[],"publisher":{"@type":"Organization","name":"Capgemini Poland","logo":""},"keywords":[],"dateCreated":"2026-01-27T09:33:01Z","datePublished":"2026-01-27T09:33:01Z","dateModified":"2026-01-29T10:51:58Z"},"rendered":"<meta name=\"parsely-title\" content=\"Technologie\" \/>\n<meta name=\"parsely-link\" content=\"https:\/\/www.capgemini.com\/pl-pl\/kariera\/fintech-pl\/technologie\/\" \/>\n<meta name=\"parsely-type\" content=\"index\" \/>\n<meta name=\"parsely-pub-date\" content=\"2026-01-27T09:33:01Z\" \/>\n<meta name=\"parsely-section\" content=\"Uncategorized\" \/>","tracker_url":"https:\/\/cdn.parsely.com\/keys\/capgemini.com\/p.js"},"archive_status":false,"featured_image_src":"https:\/\/www.capgemini.com\/pl-pl\/wp-content\/themes\/capgemini2025\/assets\/images\/mockup.png","featured_image_alt":false,"jetpack_sharing_enabled":true,"distributor_meta":false,"distributor_terms":false,"distributor_media":false,"distributor_original_site_name":"Capgemini Poland","distributor_original_site_url":"https:\/\/www.capgemini.com\/pl-pl","push-errors":false,"_links":{"self":[{"href":"https:\/\/www.capgemini.com\/pl-pl\/wp-json\/wp\/v2\/pages\/914141","targetHints":{"allow":["GET"]}}],"collection":[{"href":"https:\/\/www.capgemini.com\/pl-pl\/wp-json\/wp\/v2\/pages"}],"about":[{"href":"https:\/\/www.capgemini.com\/pl-pl\/wp-json\/wp\/v2\/types\/page"}],"author":[{"embeddable":true,"href":"https:\/\/www.capgemini.com\/pl-pl\/wp-json\/wp\/v2\/users\/413"}],"replies":[{"embeddable":true,"href":"https:\/\/www.capgemini.com\/pl-pl\/wp-json\/wp\/v2\/comments?post=914141"}],"version-history":[{"count":8,"href":"https:\/\/www.capgemini.com\/pl-pl\/wp-json\/wp\/v2\/pages\/914141\/revisions"}],"predecessor-version":[{"id":914703,"href":"https:\/\/www.capgemini.com\/pl-pl\/wp-json\/wp\/v2\/pages\/914141\/revisions\/914703"}],"wp:attachment":[{"href":"https:\/\/www.capgemini.com\/pl-pl\/wp-json\/wp\/v2\/media?parent=914141"}],"wp:term":[{"taxonomy":"brand","embeddable":true,"href":"https:\/\/www.capgemini.com\/pl-pl\/wp-json\/wp\/v2\/brand?post=914141"},{"taxonomy":"partner_type","embeddable":true,"href":"https:\/\/www.capgemini.com\/pl-pl\/wp-json\/wp\/v2\/partner_type?post=914141"},{"taxonomy":"service","embeddable":true,"href":"https:\/\/www.capgemini.com\/pl-pl\/wp-json\/wp\/v2\/service?post=914141"},{"taxonomy":"industry","embeddable":true,"href":"https:\/\/www.capgemini.com\/pl-pl\/wp-json\/wp\/v2\/industry?post=914141"},{"taxonomy":"partners","embeddable":true,"href":"https:\/\/www.capgemini.com\/pl-pl\/wp-json\/wp\/v2\/partners?post=914141"},{"taxonomy":"page-type","embeddable":true,"href":"https:\/\/www.capgemini.com\/pl-pl\/wp-json\/wp\/v2\/page-type?post=914141"},{"taxonomy":"content-group","embeddable":true,"href":"https:\/\/www.capgemini.com\/pl-pl\/wp-json\/wp\/v2\/content-group?post=914141"}],"curies":[{"name":"wp","href":"https:\/\/api.w.org\/{rel}","templated":true}]}}