{"id":910032,"date":"2025-03-25T10:19:54","date_gmt":"2025-03-25T10:19:54","guid":{"rendered":"https:\/\/www.capgemini.com\/pl-pl\/?page_id=910032"},"modified":"2025-08-27T08:54:46","modified_gmt":"2025-08-27T08:54:46","slug":"se03-e07-mapa-kobiecosci","status":"publish","type":"page","link":"https:\/\/www.capgemini.com\/pl-pl\/kariera\/dlaczego-capgemini\/benefity-i-wellbeing\/wellbeing\/podcast-lets-talk-about-wellbeing\/mapa-kobiecosci\/","title":{"rendered":"SE03-E07: Mapa kobieco\u015bci"},"content":{"rendered":"\n<div class=\"wp-block-cg-blocks-hero-picture-card undefined  heroPictureCard\"><div class=\"heroPictureCardBgs\"><picture><source srcset=\"https:\/\/www.capgemini.com\/pl-pl\/wp-content\/uploads\/sites\/27\/2025\/03\/Mapa_kobiecosci.png?w=2880&amp;quality=70 1x, https:\/\/www.capgemini.com\/pl-pl\/wp-content\/uploads\/sites\/27\/2025\/03\/Mapa_kobiecosci.png?w=2880&amp;quality=70 2x\" media=\"(min-width: 1500px)\"\/><source srcset=\"https:\/\/www.capgemini.com\/pl-pl\/wp-content\/uploads\/sites\/27\/2025\/03\/Mapa_kobiecosci.png?w=1440&amp;quality=70 1x, https:\/\/www.capgemini.com\/pl-pl\/wp-content\/uploads\/sites\/27\/2025\/03\/Mapa_kobiecosci.png?w=2880&amp;quality=70 2x\" media=\"(min-width: 992px)\"\/><source srcset=\"https:\/\/www.capgemini.com\/pl-pl\/wp-content\/uploads\/sites\/27\/2025\/03\/Mapa_kobiecosci.png?w=1024&amp;quality=70 1x, https:\/\/www.capgemini.com\/pl-pl\/wp-content\/uploads\/sites\/27\/2025\/03\/Mapa_kobiecosci.png?w=1024&amp;quality=70 2x\" media=\"(min-width: 768px)\"\/><source srcset=\"https:\/\/www.capgemini.com\/pl-pl\/wp-content\/uploads\/sites\/27\/2025\/03\/Mapa_kobiecosci.png?w=768&amp;quality=70 1x, https:\/\/www.capgemini.com\/pl-pl\/wp-content\/uploads\/sites\/27\/2025\/03\/Mapa_kobiecosci.png?w=768&amp;quality=70 2x\" media=\"(min-width: 0)\"\/><img decoding=\"async\" src=\"https:\/\/www.capgemini.com\/pl-pl\/wp-content\/uploads\/sites\/27\/2025\/03\/Mapa_kobiecosci.png\" class=\"desktopImage\" alt=\"Kobieta czytaj\u0105ca map\u0119, oparta o samoch\u00f3d, na odludziu.\" style=\"object-fit:cover;object-position:50% 21%\" loading=\"eager\"\/><\/picture><picture><source srcset=\"https:\/\/www.capgemini.com\/pl-pl\/wp-content\/uploads\/sites\/27\/2025\/03\/Mapa_kobiecosci.png?w=2880&amp;quality=70 1x, https:\/\/www.capgemini.com\/pl-pl\/wp-content\/uploads\/sites\/27\/2025\/03\/Mapa_kobiecosci.png?w=2880&amp;quality=70 2x\" media=\"(min-width: 1500px)\"\/><source srcset=\"https:\/\/www.capgemini.com\/pl-pl\/wp-content\/uploads\/sites\/27\/2025\/03\/Mapa_kobiecosci.png?w=1440&amp;quality=70 1x, https:\/\/www.capgemini.com\/pl-pl\/wp-content\/uploads\/sites\/27\/2025\/03\/Mapa_kobiecosci.png?w=2880&amp;quality=70 2x\" media=\"(min-width: 992px)\"\/><source srcset=\"https:\/\/www.capgemini.com\/pl-pl\/wp-content\/uploads\/sites\/27\/2025\/03\/Mapa_kobiecosci.png?w=1024&amp;quality=70 1x, https:\/\/www.capgemini.com\/pl-pl\/wp-content\/uploads\/sites\/27\/2025\/03\/Mapa_kobiecosci.png?w=1024&amp;quality=70 2x\" media=\"(min-width: 768px)\"\/><source srcset=\"https:\/\/www.capgemini.com\/pl-pl\/wp-content\/uploads\/sites\/27\/2025\/03\/Mapa_kobiecosci.png?w=768&amp;quality=70 1x, https:\/\/www.capgemini.com\/pl-pl\/wp-content\/uploads\/sites\/27\/2025\/03\/Mapa_kobiecosci.png?w=768&amp;quality=70 2x\" media=\"(min-width: 0)\"\/><img decoding=\"async\" src=\"https:\/\/www.capgemini.com\/pl-pl\/wp-content\/uploads\/sites\/27\/2025\/03\/Mapa_kobiecosci.png\" class=\"mobileImage\" alt=\"Kobieta czytaj\u0105ca map\u0119, oparta o samoch\u00f3d, na odludziu.\" style=\"object-fit:cover;object-position:50% 21%\" loading=\"eager\"\/><\/picture><\/div><div class=\"heroPictureCardHeaderShape\"><\/div><div class=\"container\"><div class=\"row\"><div class=\"col-md-8 col-lg-6\"><div class=\"heroPictureCardBox\"><div class=\"heroPictureCardBoxTitle\"><h1 data-maxlength=\"144\">Mapa kobieco\u015bci \u2013 czyli jak przesta\u0107 musie\u0107 by\u0107 idealn\u0105 <\/h1><\/div><\/div><\/div><\/div><\/div><div class=\"small-device\"><div class=\"brandLogoWrapper\"> <\/div><\/div><\/div>\n\n\n\n<section class=\"wp-block-cg-blocks-group undefined section section--article-content\"><div class=\"article-main-content\"><div class=\"container\"><div class=\"row\"><div class=\"col-12 col-md-1\"><nav class=\"article-social\"><ul class=\"social-nav\"><li class=\"ip-order-fb\"><a href=\"https:\/\/www.facebook.com\/sharer\/sharer.php?u=https:\/\/www.capgemini.com\/pl-pl\/kariera\/dlaczego-capgemini\/benefity-i-wellbeing\/wellbeing\/podcast-lets-talk-about-wellbeing\/mapa-kobiecosci\/\" target=\"_blank\" rel=\"noopener noreferrer\" title=\"opens in a new window\"><i aria-hidden=\"true\" class=\"icon-fb\"><\/i><span class=\"sr-only\">Facebook<\/span><\/a><\/li><li class=\"ip-order-li\"><a href=\"https:\/\/www.linkedin.com\/sharing\/share-offsite\/?url=https:\/\/www.capgemini.com\/pl-pl\/kariera\/dlaczego-capgemini\/benefity-i-wellbeing\/wellbeing\/podcast-lets-talk-about-wellbeing\/mapa-kobiecosci\/\" target=\"_blank\" rel=\"noopener noreferrer\" title=\"opens in a new window\"><i aria-hidden=\"true\" class=\"icon-li\"><\/i><span class=\"sr-only\">Linkedin<\/span><\/a><\/li><\/ul><\/nav><\/div><div class=\"col-12 col-md-11 col-lg-10\"><div class=\"article-text article-quote-text\">\n<h2 class=\"wp-block-heading\" id=\"h-w-tym-odcinku-podcastu-zanurzamy-sie-w-kobiecosc-te-prawdziwa-zywa-daleka-od-filtrow-instagrama-i-presji-spolecznych-oczekiwan\">W tym odcinku podcastu zanurzamy si\u0119 w kobieco\u015b\u0107 \u2013 t\u0119 prawdziw\u0105, \u017cyw\u0105, dalek\u0105 od filtr\u00f3w Instagrama i presji spo\u0142ecznych oczekiwa\u0144. <\/h2>\n\n\n\n<p>Razem z naszymi go\u015bciniami zadajemy sobie pytania, kt\u00f3re ka\u017cda z nas czasem sobie zadaje: czym w\u0142a\u015bciwie jest kobieco\u015b\u0107? Czy definiuje j\u0105 wygl\u0105d, emocjonalno\u015b\u0107, a mo\u017ce wybory, kt\u00f3rych dokonujemy ka\u017cdego dnia? Kobieco\u015b\u0107 to co\u015b wi\u0119cej ni\u017c spo\u0142eczne role, ubrania czy makija\u017c. To przestrze\u0144, w kt\u00f3rej ka\u017cda z nas mo\u017ce narysowa\u0107 w\u0142asn\u0105 map\u0119 \u2013 bez presji bycia idealn\u0105.<\/p>\n\n\n\n<p><strong>Najwa\u017cniejsze tematy poruszane w odcinku:<\/strong><\/p>\n\n\n\n<ul class=\"wp-block-list\">\n<li>Jak zmienia\u0142o si\u0119 postrzeganie kobieco\u015bci na przestrzeni lat?<\/li>\n\n\n\n<li>Presja spo\u0142ecznych oczekiwa\u0144 wobec kobiet \u2013 kariera, macierzy\u0144stwo, wygl\u0105d.<\/li>\n\n\n\n<li>Wp\u0142yw j\u0119zyka na nasze postrzeganie siebie i innych kobiet.<\/li>\n\n\n\n<li>Feminatywy i rola j\u0119zyka w budowaniu kobiecej to\u017csamo\u015bci.<\/li>\n\n\n\n<li>Syndrom \u201eHermiony\u201d \u2013 dlaczego kobiety czuj\u0105 presj\u0119 bycia perfekcyjnymi?<\/li>\n\n\n\n<li>Wyzwania wsp\u00f3\u0142czesnej kobiety \u2013 mi\u0119dzy tradycyjnymi rolami a wolno\u015bci\u0105 wyboru.<\/li>\n\n\n\n<li>Jak budowa\u0107 prawdziw\u0105, autentyczn\u0105 kobieco\u015b\u0107?<\/li>\n<\/ul>\n\n\n\n<p>Przygotuj si\u0119 na podr\u00f3\u017c do \u015bwiata kobieco\u015bci bez ogranicze\u0144. Gotowa, \u017ceby odkry\u0107 swoj\u0105 definicj\u0119?<\/p>\n\n\n\n<iframe style=\"border-radius:12px\" src=\"https:\/\/open.spotify.com\/embed\/episode\/3Yaq6Z2gcJVRINedLyikjU?utm_source=generator\" width=\"100%\" height=\"152\" frameBorder=\"0\" allowfullscreen=\"\" allow=\"autoplay; clipboard-write; encrypted-media; fullscreen; picture-in-picture\" loading=\"lazy\"><\/iframe>\n\n\n\n<div style=\"height:31px\" aria-hidden=\"true\" class=\"wp-block-spacer\"><\/div>\n\n\n\n<div class=\"wp-block-buttons is-layout-flex wp-block-buttons-is-layout-flex\">\n<div class=\"wp-block-button\"><a class=\"wp-block-button__link wp-element-button\" href=\"https:\/\/open.spotify.com\/episode\/3Yaq6Z2gcJVRINedLyikjU?si=M2CgshjlRte63SiY_Eo38A\">Spotify<\/a><\/div>\n\n\n\n<div class=\"wp-block-button\"><a class=\"wp-block-button__link wp-element-button\" href=\"https:\/\/podcasts.apple.com\/pl\/podcast\/mapa-kobieco%C5%9Bci-czyli-jak-przesta%C4%87-musie%C4%87-by%C4%87-idealn%C4%85\/id1503394674?i=1000700436269\">Apple Podcast<\/a><\/div>\n<\/div>\n\n\n\n<div style=\"height:30px\" aria-hidden=\"true\" class=\"wp-block-spacer\"><\/div>\n\n\n\n<p><strong>Ekspertki:<\/strong><\/p>\n\n\n\n<p>Agata Banaszak &#8211; praktyczka metody psychoterapeutycznej Internal Family Systems (IFS) oraz coachini os\u00f3b neuror\u00f3\u017cnorodnych. Wspiera osoby o r\u00f3\u017cnorodnych potrzebach w \u015brodowiskach pracy, korzystaj\u0105c z do\u015bwiadczenia zdobytego w biznesie. Autorka podcastu \u201cWied\u017ama od neuror\u00f3\u017cnorodno\u015bci\u201d.<\/p>\n\n\n\n<p>Katarzyna Michalczak &#8211; poetka, pisarka, doktorka socjologii. Laureatka nagr\u00f3d literackich. Za zbi\u00f3r opowiada\u0144 \u201cKlub sn\u00f3w\u201d nominowana do nagrody GDYNIA 2020. Wsp\u00f3\u0142prowadzi internetowy magazyn z ilustrowan\u0105 literatur\u0105 \u201cDrobiazgi\u201d. Redaktorka w \u201cKosmosie dla Dziewczynek\u201d.<\/p>\n\n\n\n<p><strong>Prowadz\u0105ca podcast:<\/strong> Katarzyna Smuda, Wellbeing Lead w Capgemini Polska.<\/p>\n\n\n\n<p><strong>Linki do zagadnie\u0144 poruszanych w odcinku:<\/strong><\/p>\n\n\n\n<ul class=\"wp-block-list\">\n<li>Kosmos dla Dziewczynek &#8211; <a href=\"https:\/\/kosmosdladziewczynek.pl\/\">https:\/\/kosmosdladziewczynek.pl\/<\/a><\/li>\n\n\n\n<li>Artyku\u0142 \u201cUwolni\u0107 Hermion\u0119\u201d &#8211; <a href=\"https:\/\/kosmosdladziewczynek.pl\/portal-wiedzy\/ale-temat\/uwolnic-hermione-ciemna-strona-dziewczynskiego-perfekcjonizmu\">https:\/\/kosmosdladziewczynek.pl\/portal-wiedzy\/ale-temat\/uwolnic-hermione-ciemna-strona-dziewczynskiego-perfekcjonizmu<\/a><\/li>\n<\/ul>\n\n\n\n<p>Podcast Capgemini Polska<\/p>\n\n\n\n<p>Produkcja: Cleverhearted<\/p>\n\n\n\n<p>Dowiedz si\u0119 wi\u0119cej o nas na: <a href=\"https:\/\/www.capgemini.com\/pl-pl\/kariera\/dlaczego-capgemini\/\">https:\/\/www.capgemini.com\/pl-pl\/kariera\/dlaczego-capgemini\/<\/a><\/p>\n\n\n\n<p>Je\u015bli masz jakie\u015b pytania z obszaru wellbeingu napisz do nas na adres: <a href=\"mailto:wellbeing.pl@capgemini.com\">wellbeing.pl@capgemini.com<\/a><\/p>\n<\/div><\/div><\/div><\/div><\/div><\/section>\n\n\n\n<p><\/p>\n","protected":false},"excerpt":{"rendered":"","protected":false},"author":413,"featured_media":0,"parent":699624,"menu_order":0,"comment_status":"closed","ping_status":"closed","template":"","meta":{"cg_dt_proposed_to":[],"cg_seo_hreflang_relations":"[]","cg_seo_canonical_relation":"","cg_seo_hreflang_x_default_relation":"","cg_dt_approved_content":true,"cg_dt_mandatory_content":false,"cg_dt_notes":"","cg_dg_source_changed":false,"cg_dt_link_disabled":false,"_yoast_wpseo_primary_brand":"","footnotes":"","featured_focal_points":"","partner_card_description":"","gsap_animation":0},"brand":[],"partner_type":[],"service":[],"industry":[],"partners":[],"page-type":[],"content-group":[],"class_list":["post-910032","page","type-page","status-publish","hentry"],"yoast_head":"<!-- This site is optimized with the Yoast SEO Premium plugin v22.8 (Yoast SEO v22.8) - https:\/\/yoast.com\/wordpress\/plugins\/seo\/ -->\n<title>SE03-E07: Mapa kobieco\u015bci - Capgemini Poland<\/title>\n<meta name=\"robots\" content=\"index, follow, max-snippet:-1, max-image-preview:large, max-video-preview:-1\" \/>\n<link rel=\"canonical\" href=\"https:\/\/www.capgemini.com\/pl-pl\/kariera\/dlaczego-capgemini\/benefity-i-wellbeing\/wellbeing\/podcast-lets-talk-about-wellbeing\/mapa-kobiecosci\/\" \/>\n<meta property=\"og:locale\" content=\"pl_PL\" \/>\n<meta property=\"og:type\" content=\"article\" \/>\n<meta property=\"og:title\" content=\"SE03-E07: Mapa kobieco\u015bci\" \/>\n<meta property=\"og:url\" content=\"https:\/\/www.capgemini.com\/pl-pl\/kariera\/dlaczego-capgemini\/benefity-i-wellbeing\/wellbeing\/podcast-lets-talk-about-wellbeing\/mapa-kobiecosci\/\" \/>\n<meta property=\"og:site_name\" content=\"Capgemini Poland\" \/>\n<meta property=\"article:modified_time\" content=\"2025-08-27T08:54:46+00:00\" \/>\n<meta property=\"og:image\" content=\"https:\/\/www.capgemini.com\/pl-pl\/wp-content\/uploads\/sites\/27\/2025\/03\/Mapa_kobiecosci.png\" \/>\n<meta name=\"twitter:card\" content=\"summary_large_image\" \/>\n<meta name=\"twitter:label1\" content=\"Est. reading time\" \/>\n\t<meta name=\"twitter:data1\" content=\"3 minutes\" \/>\n<script type=\"application\/ld+json\" class=\"yoast-schema-graph\">{\"@context\":\"https:\/\/schema.org\",\"@graph\":[{\"@type\":\"WebPage\",\"@id\":\"https:\/\/www.capgemini.com\/pl-pl\/kariera\/dlaczego-capgemini\/benefity-i-wellbeing\/wellbeing\/podcast-lets-talk-about-wellbeing\/mapa-kobiecosci\/\",\"url\":\"https:\/\/www.capgemini.com\/pl-pl\/kariera\/dlaczego-capgemini\/benefity-i-wellbeing\/wellbeing\/podcast-lets-talk-about-wellbeing\/mapa-kobiecosci\/\",\"name\":\"SE03-E07: Mapa kobieco\u015bci - Capgemini Poland\",\"isPartOf\":{\"@id\":\"https:\/\/www.capgemini.com\/pl-pl\/#website\"},\"primaryImageOfPage\":{\"@id\":\"https:\/\/www.capgemini.com\/pl-pl\/kariera\/dlaczego-capgemini\/benefity-i-wellbeing\/wellbeing\/podcast-lets-talk-about-wellbeing\/mapa-kobiecosci\/#primaryimage\"},\"image\":{\"@id\":\"https:\/\/www.capgemini.com\/pl-pl\/kariera\/dlaczego-capgemini\/benefity-i-wellbeing\/wellbeing\/podcast-lets-talk-about-wellbeing\/mapa-kobiecosci\/#primaryimage\"},\"thumbnailUrl\":\"https:\/\/www.capgemini.com\/pl-pl\/wp-content\/uploads\/sites\/27\/2025\/03\/Mapa_kobiecosci.png\",\"datePublished\":\"2025-03-25T10:19:54+00:00\",\"dateModified\":\"2025-08-27T08:54:46+00:00\",\"breadcrumb\":{\"@id\":\"https:\/\/www.capgemini.com\/pl-pl\/kariera\/dlaczego-capgemini\/benefity-i-wellbeing\/wellbeing\/podcast-lets-talk-about-wellbeing\/mapa-kobiecosci\/#breadcrumb\"},\"inLanguage\":\"pl-PL\",\"potentialAction\":[{\"@type\":\"ReadAction\",\"target\":[\"https:\/\/www.capgemini.com\/pl-pl\/kariera\/dlaczego-capgemini\/benefity-i-wellbeing\/wellbeing\/podcast-lets-talk-about-wellbeing\/mapa-kobiecosci\/\"]}]},{\"@type\":\"ImageObject\",\"inLanguage\":\"pl-PL\",\"@id\":\"https:\/\/www.capgemini.com\/pl-pl\/kariera\/dlaczego-capgemini\/benefity-i-wellbeing\/wellbeing\/podcast-lets-talk-about-wellbeing\/mapa-kobiecosci\/#primaryimage\",\"url\":\"https:\/\/www.capgemini.com\/pl-pl\/wp-content\/uploads\/sites\/27\/2025\/03\/Mapa_kobiecosci.png\",\"contentUrl\":\"https:\/\/www.capgemini.com\/pl-pl\/wp-content\/uploads\/sites\/27\/2025\/03\/Mapa_kobiecosci.png\",\"width\":2880,\"height\":1800,\"caption\":\"Kobieta czytaj\u0105ca map\u0119, oparta o samoch\u00f3d, na odludziu.\"},{\"@type\":\"BreadcrumbList\",\"@id\":\"https:\/\/www.capgemini.com\/pl-pl\/kariera\/dlaczego-capgemini\/benefity-i-wellbeing\/wellbeing\/podcast-lets-talk-about-wellbeing\/mapa-kobiecosci\/#breadcrumb\",\"itemListElement\":[{\"@type\":\"ListItem\",\"position\":1,\"name\":\"Home\",\"item\":\"https:\/\/www.capgemini.com\/pl-pl\/\"},{\"@type\":\"ListItem\",\"position\":2,\"name\":\"Kariera\",\"item\":\"https:\/\/www.capgemini.com\/pl-pl\/kariera\/\"},{\"@type\":\"ListItem\",\"position\":3,\"name\":\"Dlaczego Capgemini\",\"item\":\"https:\/\/www.capgemini.com\/pl-pl\/kariera\/dlaczego-capgemini\/\"},{\"@type\":\"ListItem\",\"position\":4,\"name\":\"Benefity i wellbeing\",\"item\":\"https:\/\/www.capgemini.com\/pl-pl\/kariera\/dlaczego-capgemini\/benefits-and-wellbeing\/\"},{\"@type\":\"ListItem\",\"position\":5,\"name\":\"Wellbeing\",\"item\":\"https:\/\/www.capgemini.com\/pl-pl\/kariera\/dlaczego-capgemini\/benefity-i-wellbeing\/wellbeing\/\"},{\"@type\":\"ListItem\",\"position\":6,\"name\":\"Podcast: Let\u2019s talk about wellbeing\",\"item\":\"https:\/\/www.capgemini.com\/pl-pl\/kariera\/dlaczego-capgemini\/benefity-i-wellbeing\/wellbeing\/podcast-lets-talk-about-wellbeing\/\"},{\"@type\":\"ListItem\",\"position\":7,\"name\":\"SE03-E07: Mapa kobieco\u015bci\"}]},{\"@type\":\"WebSite\",\"@id\":\"https:\/\/www.capgemini.com\/pl-pl\/#website\",\"url\":\"https:\/\/www.capgemini.com\/pl-pl\/\",\"name\":\"Capgemini Polska\",\"description\":\"Capgemini\",\"potentialAction\":[{\"@type\":\"SearchAction\",\"target\":{\"@type\":\"EntryPoint\",\"urlTemplate\":\"https:\/\/www.capgemini.com\/pl-pl\/?s={search_term_string}\"},\"query-input\":\"required name=search_term_string\"}],\"inLanguage\":\"pl-PL\"}]}<\/script>\n<!-- \/ Yoast SEO Premium plugin. -->","yoast_head_json":{"title":"SE03-E07: Mapa kobieco\u015bci - Capgemini Poland","robots":{"index":"index","follow":"follow","max-snippet":"max-snippet:-1","max-image-preview":"max-image-preview:large","max-video-preview":"max-video-preview:-1"},"canonical":"https:\/\/www.capgemini.com\/pl-pl\/kariera\/dlaczego-capgemini\/benefity-i-wellbeing\/wellbeing\/podcast-lets-talk-about-wellbeing\/mapa-kobiecosci\/","og_locale":"pl_PL","og_type":"article","og_title":"SE03-E07: Mapa kobieco\u015bci","og_url":"https:\/\/www.capgemini.com\/pl-pl\/kariera\/dlaczego-capgemini\/benefity-i-wellbeing\/wellbeing\/podcast-lets-talk-about-wellbeing\/mapa-kobiecosci\/","og_site_name":"Capgemini Poland","article_modified_time":"2025-08-27T08:54:46+00:00","og_image":[{"url":"https:\/\/www.capgemini.com\/pl-pl\/wp-content\/uploads\/sites\/27\/2025\/03\/Mapa_kobiecosci.png"}],"twitter_card":"summary_large_image","twitter_misc":{"Est. reading time":"3 minutes"},"schema":{"@context":"https:\/\/schema.org","@graph":[{"@type":"WebPage","@id":"https:\/\/www.capgemini.com\/pl-pl\/kariera\/dlaczego-capgemini\/benefity-i-wellbeing\/wellbeing\/podcast-lets-talk-about-wellbeing\/mapa-kobiecosci\/","url":"https:\/\/www.capgemini.com\/pl-pl\/kariera\/dlaczego-capgemini\/benefity-i-wellbeing\/wellbeing\/podcast-lets-talk-about-wellbeing\/mapa-kobiecosci\/","name":"SE03-E07: Mapa kobieco\u015bci - Capgemini Poland","isPartOf":{"@id":"https:\/\/www.capgemini.com\/pl-pl\/#website"},"primaryImageOfPage":{"@id":"https:\/\/www.capgemini.com\/pl-pl\/kariera\/dlaczego-capgemini\/benefity-i-wellbeing\/wellbeing\/podcast-lets-talk-about-wellbeing\/mapa-kobiecosci\/#primaryimage"},"image":{"@id":"https:\/\/www.capgemini.com\/pl-pl\/kariera\/dlaczego-capgemini\/benefity-i-wellbeing\/wellbeing\/podcast-lets-talk-about-wellbeing\/mapa-kobiecosci\/#primaryimage"},"thumbnailUrl":"https:\/\/www.capgemini.com\/pl-pl\/wp-content\/uploads\/sites\/27\/2025\/03\/Mapa_kobiecosci.png","datePublished":"2025-03-25T10:19:54+00:00","dateModified":"2025-08-27T08:54:46+00:00","breadcrumb":{"@id":"https:\/\/www.capgemini.com\/pl-pl\/kariera\/dlaczego-capgemini\/benefity-i-wellbeing\/wellbeing\/podcast-lets-talk-about-wellbeing\/mapa-kobiecosci\/#breadcrumb"},"inLanguage":"pl-PL","potentialAction":[{"@type":"ReadAction","target":["https:\/\/www.capgemini.com\/pl-pl\/kariera\/dlaczego-capgemini\/benefity-i-wellbeing\/wellbeing\/podcast-lets-talk-about-wellbeing\/mapa-kobiecosci\/"]}]},{"@type":"ImageObject","inLanguage":"pl-PL","@id":"https:\/\/www.capgemini.com\/pl-pl\/kariera\/dlaczego-capgemini\/benefity-i-wellbeing\/wellbeing\/podcast-lets-talk-about-wellbeing\/mapa-kobiecosci\/#primaryimage","url":"https:\/\/www.capgemini.com\/pl-pl\/wp-content\/uploads\/sites\/27\/2025\/03\/Mapa_kobiecosci.png","contentUrl":"https:\/\/www.capgemini.com\/pl-pl\/wp-content\/uploads\/sites\/27\/2025\/03\/Mapa_kobiecosci.png","width":2880,"height":1800,"caption":"Kobieta czytaj\u0105ca map\u0119, oparta o samoch\u00f3d, na odludziu."},{"@type":"BreadcrumbList","@id":"https:\/\/www.capgemini.com\/pl-pl\/kariera\/dlaczego-capgemini\/benefity-i-wellbeing\/wellbeing\/podcast-lets-talk-about-wellbeing\/mapa-kobiecosci\/#breadcrumb","itemListElement":[{"@type":"ListItem","position":1,"name":"Home","item":"https:\/\/www.capgemini.com\/pl-pl\/"},{"@type":"ListItem","position":2,"name":"Kariera","item":"https:\/\/www.capgemini.com\/pl-pl\/kariera\/"},{"@type":"ListItem","position":3,"name":"Dlaczego Capgemini","item":"https:\/\/www.capgemini.com\/pl-pl\/kariera\/dlaczego-capgemini\/"},{"@type":"ListItem","position":4,"name":"Benefity i wellbeing","item":"https:\/\/www.capgemini.com\/pl-pl\/kariera\/dlaczego-capgemini\/benefits-and-wellbeing\/"},{"@type":"ListItem","position":5,"name":"Wellbeing","item":"https:\/\/www.capgemini.com\/pl-pl\/kariera\/dlaczego-capgemini\/benefity-i-wellbeing\/wellbeing\/"},{"@type":"ListItem","position":6,"name":"Podcast: Let\u2019s talk about wellbeing","item":"https:\/\/www.capgemini.com\/pl-pl\/kariera\/dlaczego-capgemini\/benefity-i-wellbeing\/wellbeing\/podcast-lets-talk-about-wellbeing\/"},{"@type":"ListItem","position":7,"name":"SE03-E07: Mapa kobieco\u015bci"}]},{"@type":"WebSite","@id":"https:\/\/www.capgemini.com\/pl-pl\/#website","url":"https:\/\/www.capgemini.com\/pl-pl\/","name":"Capgemini Polska","description":"Capgemini","potentialAction":[{"@type":"SearchAction","target":{"@type":"EntryPoint","urlTemplate":"https:\/\/www.capgemini.com\/pl-pl\/?s={search_term_string}"},"query-input":"required name=search_term_string"}],"inLanguage":"pl-PL"}]}},"brand_term":[],"parsely":{"version":"1.1.0","canonical_url":"https:\/\/capgemini.com\/pl-pl\/kariera\/dlaczego-capgemini\/benefity-i-wellbeing\/wellbeing\/podcast-lets-talk-about-wellbeing\/mapa-kobiecosci\/","smart_links":{"inbound":0,"outbound":0},"traffic_boost_suggestions_count":0,"meta":{"@context":"https:\/\/schema.org","@type":"WebPage","headline":"SE03-E07: Mapa kobieco\u015bci","url":"https:\/\/www.capgemini.com\/pl-pl\/kariera\/dlaczego-capgemini\/benefity-i-wellbeing\/wellbeing\/podcast-lets-talk-about-wellbeing\/mapa-kobiecosci\/","mainEntityOfPage":{"@type":"WebPage","@id":"https:\/\/www.capgemini.com\/pl-pl\/kariera\/dlaczego-capgemini\/benefity-i-wellbeing\/wellbeing\/podcast-lets-talk-about-wellbeing\/mapa-kobiecosci\/"},"thumbnailUrl":"","image":{"@type":"ImageObject","url":""},"articleSection":"Uncategorized","author":[],"creator":[],"publisher":{"@type":"Organization","name":"Capgemini Poland","logo":""},"keywords":[],"dateCreated":"2025-03-25T10:19:54Z","datePublished":"2025-03-25T10:19:54Z","dateModified":"2025-08-27T08:54:46Z"},"rendered":"<meta name=\"parsely-title\" content=\"SE03-E07: Mapa kobieco\u015bci\" \/>\n<meta name=\"parsely-link\" content=\"https:\/\/www.capgemini.com\/pl-pl\/kariera\/dlaczego-capgemini\/benefity-i-wellbeing\/wellbeing\/podcast-lets-talk-about-wellbeing\/mapa-kobiecosci\/\" \/>\n<meta name=\"parsely-type\" content=\"index\" \/>\n<meta name=\"parsely-pub-date\" content=\"2025-03-25T10:19:54Z\" \/>\n<meta name=\"parsely-section\" content=\"Uncategorized\" \/>","tracker_url":"https:\/\/cdn.parsely.com\/keys\/capgemini.com\/p.js"},"archive_status":false,"featured_image_src":"https:\/\/www.capgemini.com\/pl-pl\/wp-content\/themes\/capgemini2025\/assets\/images\/mockup.png","featured_image_alt":false,"jetpack_sharing_enabled":true,"distributor_meta":false,"distributor_terms":false,"distributor_media":false,"distributor_original_site_name":"Capgemini Poland","distributor_original_site_url":"https:\/\/www.capgemini.com\/pl-pl","push-errors":false,"_links":{"self":[{"href":"https:\/\/www.capgemini.com\/pl-pl\/wp-json\/wp\/v2\/pages\/910032","targetHints":{"allow":["GET"]}}],"collection":[{"href":"https:\/\/www.capgemini.com\/pl-pl\/wp-json\/wp\/v2\/pages"}],"about":[{"href":"https:\/\/www.capgemini.com\/pl-pl\/wp-json\/wp\/v2\/types\/page"}],"author":[{"embeddable":true,"href":"https:\/\/www.capgemini.com\/pl-pl\/wp-json\/wp\/v2\/users\/413"}],"replies":[{"embeddable":true,"href":"https:\/\/www.capgemini.com\/pl-pl\/wp-json\/wp\/v2\/comments?post=910032"}],"version-history":[{"count":3,"href":"https:\/\/www.capgemini.com\/pl-pl\/wp-json\/wp\/v2\/pages\/910032\/revisions"}],"predecessor-version":[{"id":912496,"href":"https:\/\/www.capgemini.com\/pl-pl\/wp-json\/wp\/v2\/pages\/910032\/revisions\/912496"}],"up":[{"embeddable":true,"href":"https:\/\/www.capgemini.com\/pl-pl\/wp-json\/wp\/v2\/pages\/699624"}],"wp:attachment":[{"href":"https:\/\/www.capgemini.com\/pl-pl\/wp-json\/wp\/v2\/media?parent=910032"}],"wp:term":[{"taxonomy":"brand","embeddable":true,"href":"https:\/\/www.capgemini.com\/pl-pl\/wp-json\/wp\/v2\/brand?post=910032"},{"taxonomy":"partner_type","embeddable":true,"href":"https:\/\/www.capgemini.com\/pl-pl\/wp-json\/wp\/v2\/partner_type?post=910032"},{"taxonomy":"service","embeddable":true,"href":"https:\/\/www.capgemini.com\/pl-pl\/wp-json\/wp\/v2\/service?post=910032"},{"taxonomy":"industry","embeddable":true,"href":"https:\/\/www.capgemini.com\/pl-pl\/wp-json\/wp\/v2\/industry?post=910032"},{"taxonomy":"partners","embeddable":true,"href":"https:\/\/www.capgemini.com\/pl-pl\/wp-json\/wp\/v2\/partners?post=910032"},{"taxonomy":"page-type","embeddable":true,"href":"https:\/\/www.capgemini.com\/pl-pl\/wp-json\/wp\/v2\/page-type?post=910032"},{"taxonomy":"content-group","embeddable":true,"href":"https:\/\/www.capgemini.com\/pl-pl\/wp-json\/wp\/v2\/content-group?post=910032"}],"curies":[{"name":"wp","href":"https:\/\/api.w.org\/{rel}","templated":true}]}}