{"id":908553,"date":"2025-03-10T07:08:26","date_gmt":"2025-03-10T07:08:26","guid":{"rendered":"https:\/\/www.capgemini.com\/pl-pl\/?page_id=908553"},"modified":"2025-08-27T08:56:00","modified_gmt":"2025-08-27T08:56:00","slug":"dzien-kobiet-e02-czy-ai-jest-kobieta","status":"publish","type":"page","link":"https:\/\/www.capgemini.com\/pl-pl\/kariera\/dlaczego-capgemini\/benefity-i-wellbeing\/wellbeing\/podcast-lets-talk-about-wellbeing\/dzien-kobiet-czy-ai-jest-kobieta\/","title":{"rendered":"Dzie\u0144 Kobiet E02: Czy AI jest kobiet\u0105?"},"content":{"rendered":"\n<div class=\"wp-block-cg-blocks-hero-picture-card undefined  heroPictureCard\"><div class=\"heroPictureCardBgs\"><picture><source srcset=\"https:\/\/www.capgemini.com\/pl-pl\/wp-content\/uploads\/sites\/27\/2025\/03\/kobieta2.png?w=2880&amp;quality=70 1x, https:\/\/www.capgemini.com\/pl-pl\/wp-content\/uploads\/sites\/27\/2025\/03\/kobieta2.png?w=2880&amp;quality=70 2x\" media=\"(min-width: 1500px)\"\/><source srcset=\"https:\/\/www.capgemini.com\/pl-pl\/wp-content\/uploads\/sites\/27\/2025\/03\/kobieta2.png?w=1440&amp;quality=70 1x, https:\/\/www.capgemini.com\/pl-pl\/wp-content\/uploads\/sites\/27\/2025\/03\/kobieta2.png?w=2880&amp;quality=70 2x\" media=\"(min-width: 992px)\"\/><source srcset=\"https:\/\/www.capgemini.com\/pl-pl\/wp-content\/uploads\/sites\/27\/2025\/03\/kobieta2.png?w=1024&amp;quality=70 1x, https:\/\/www.capgemini.com\/pl-pl\/wp-content\/uploads\/sites\/27\/2025\/03\/kobieta2.png?w=1024&amp;quality=70 2x\" media=\"(min-width: 768px)\"\/><source srcset=\"https:\/\/www.capgemini.com\/pl-pl\/wp-content\/uploads\/sites\/27\/2025\/03\/kobieta2.png?w=768&amp;quality=70 1x, https:\/\/www.capgemini.com\/pl-pl\/wp-content\/uploads\/sites\/27\/2025\/03\/kobieta2.png?w=768&amp;quality=70 2x\" media=\"(min-width: 0)\"\/><img decoding=\"async\" src=\"https:\/\/www.capgemini.com\/pl-pl\/wp-content\/uploads\/sites\/27\/2025\/03\/kobieta2.png\" class=\"desktopImage\" alt=\"Dwie kobiety na konferencji.\" style=\"object-fit:cover;object-position:69% 9%\" loading=\"eager\"\/><\/picture><picture><source srcset=\"https:\/\/www.capgemini.com\/pl-pl\/wp-content\/uploads\/sites\/27\/2025\/03\/kobieta2.png?w=2880&amp;quality=70 1x, https:\/\/www.capgemini.com\/pl-pl\/wp-content\/uploads\/sites\/27\/2025\/03\/kobieta2.png?w=2880&amp;quality=70 2x\" media=\"(min-width: 1500px)\"\/><source srcset=\"https:\/\/www.capgemini.com\/pl-pl\/wp-content\/uploads\/sites\/27\/2025\/03\/kobieta2.png?w=1440&amp;quality=70 1x, https:\/\/www.capgemini.com\/pl-pl\/wp-content\/uploads\/sites\/27\/2025\/03\/kobieta2.png?w=2880&amp;quality=70 2x\" media=\"(min-width: 992px)\"\/><source srcset=\"https:\/\/www.capgemini.com\/pl-pl\/wp-content\/uploads\/sites\/27\/2025\/03\/kobieta2.png?w=1024&amp;quality=70 1x, https:\/\/www.capgemini.com\/pl-pl\/wp-content\/uploads\/sites\/27\/2025\/03\/kobieta2.png?w=1024&amp;quality=70 2x\" media=\"(min-width: 768px)\"\/><source srcset=\"https:\/\/www.capgemini.com\/pl-pl\/wp-content\/uploads\/sites\/27\/2025\/03\/kobieta2.png?w=768&amp;quality=70 1x, https:\/\/www.capgemini.com\/pl-pl\/wp-content\/uploads\/sites\/27\/2025\/03\/kobieta2.png?w=768&amp;quality=70 2x\" media=\"(min-width: 0)\"\/><img decoding=\"async\" src=\"https:\/\/www.capgemini.com\/pl-pl\/wp-content\/uploads\/sites\/27\/2025\/03\/kobieta2.png\" class=\"mobileImage\" alt=\"Dwie kobiety na konferencji.\" style=\"object-fit:cover;object-position:69% 9%\" loading=\"eager\"\/><\/picture><\/div><div class=\"heroPictureCardHeaderShape\"><\/div><div class=\"container\"><div class=\"row\"><div class=\"col-md-8 col-lg-6\"><div class=\"heroPictureCardBox\"><div class=\"heroPictureCardBoxTitle\"><h1 data-maxlength=\"144\">Czy AI jest kobiet\u0105?<\/h1><\/div><\/div><\/div><\/div><\/div><div class=\"small-device\"><div class=\"brandLogoWrapper\"> <\/div><\/div><\/div>\n\n\n\n<section class=\"wp-block-cg-blocks-group undefined section section--article-content\"><div class=\"article-main-content\"><div class=\"container\"><div class=\"row\"><div class=\"col-12 col-md-1\"><nav class=\"article-social\"><ul class=\"social-nav\"><li class=\"ip-order-fb\"><a href=\"https:\/\/www.facebook.com\/sharer\/sharer.php?u=https:\/\/www.capgemini.com\/pl-pl\/?page_id=908553\" target=\"_blank\" rel=\"noopener noreferrer\" title=\"opens in a new window\"><i aria-hidden=\"true\" class=\"icon-fb\"><\/i><span class=\"sr-only\">Facebook<\/span><\/a><\/li><li class=\"ip-order-li\"><a href=\"https:\/\/www.linkedin.com\/sharing\/share-offsite\/?url=https:\/\/www.capgemini.com\/pl-pl\/?page_id=908553\" target=\"_blank\" rel=\"noopener noreferrer\" title=\"opens in a new window\"><i aria-hidden=\"true\" class=\"icon-li\"><\/i><span class=\"sr-only\">Linkedin<\/span><\/a><\/li><\/ul><\/nav><\/div><div class=\"col-12 col-md-11 col-lg-10\"><div class=\"article-text article-quote-text\">\n<h2 class=\"wp-block-heading\" id=\"h-czy-ai-moze-nas-naprawde-zrozumiec\"><strong>Czy AI mo\u017ce nas naprawd\u0119 zrozumie\u0107?<\/strong><\/h2>\n\n\n\n<p>Sztuczna inteligencja jest wsz\u0119dzie \u2013 od asystent\u00f3w g\u0142osowych po systemy rekrutacyjne i algorytmy analizuj\u0105ce nasze emocje. Ale czy AI naprawd\u0119 nas rozumie, czy tylko nas imituje? W tym odcinku przygl\u0105damy si\u0119, jak technologia uczy si\u0119 od nas \u2013 zar\u00f3wno dobrych wzorc\u00f3w, jak i tych, kt\u00f3re powielaj\u0105 stereotypy i prowadz\u0105 do dyskryminacji.<\/p>\n\n\n\n<p>Czy AI mo\u017ce by\u0107 terapeut\u0105? Jak sztuczna inteligencja ocenia nas na rozmowach kwalifikacyjnych? Dlaczego cyfrowi asystenci maj\u0105 najcz\u0119\u015bciej kobiece g\u0142osy? A mo\u017ce nie\u015bwiadomie pozwalamy AI kszta\u0142towa\u0107 nasze zachowania? Odpowiedzi na te pytania mog\u0105 Ci\u0119 zaskoczy\u0107.<\/p>\n\n\n\n<p><strong>W tym odcinku poruszamy tematy:<\/strong><\/p>\n\n\n\n<ul class=\"wp-block-list\">\n<li>Dlaczego g\u0142os AI cz\u0119sto brzmi kobieco? Czy to przypadek, czy odbicie spo\u0142ecznych stereotyp\u00f3w?<\/li>\n\n\n\n<li>Jak AI podejmuje decyzje o zatrudnieniu \u2013 i dlaczego mo\u017ce nas dyskryminowa\u0107?<\/li>\n\n\n\n<li>Czy AI potrafi analizowa\u0107 nasze emocje? Jak to robi i jakie niesie to konsekwencje?<\/li>\n\n\n\n<li>Czy cyfrowi przyjaciele mog\u0105 zast\u0105pi\u0107 prawdziwe relacje? O tym, jak ludzie uzale\u017cniaj\u0105 si\u0119 od rozm\u00f3w z AI.<\/li>\n\n\n\n<li>Terapia z chatbotem \u2013 pomoc czy niebezpieczna pu\u0142apka?<\/li>\n\n\n\n<li>Granica mi\u0119dzy wsparciem a inwigilacj\u0105 \u2013 gdzie ko\u0144czy si\u0119 pomoc, a zaczyna nadz\u00f3r?<\/li>\n<\/ul>\n\n\n\n<p>Przygotuj si\u0119 na rozmow\u0119, kt\u00f3ra zmieni Twoje spojrzenie na technologi\u0119 i jej wp\u0142yw na nasz\u0105 codzienno\u015b\u0107.<\/p>\n\n\n\n<p>Pos\u0142uchaj i podziel si\u0119 swoimi przemy\u015bleniami \u2013 czy AI ju\u017c nas rozumie, czy jeszcze d\u0142ugo nie dor\u00f3wna ludzkiej intuicji?<\/p>\n\n\n\n<iframe style=\"border-radius:12px\" src=\"https:\/\/open.spotify.com\/embed\/episode\/1oyqlEufne9RzjcQBVZ9W8?utm_source=generator\" width=\"100%\" height=\"152\" frameBorder=\"0\" allowfullscreen=\"\" allow=\"autoplay; clipboard-write; encrypted-media; fullscreen; picture-in-picture\" loading=\"lazy\"><\/iframe>\n\n\n\n<div style=\"height:30px\" aria-hidden=\"true\" class=\"wp-block-spacer\"><\/div>\n\n\n\n<div class=\"wp-block-buttons is-layout-flex wp-block-buttons-is-layout-flex\">\n<div class=\"wp-block-button\"><a class=\"wp-block-button__link wp-element-button\" href=\"https:\/\/open.spotify.com\/episode\/1oyqlEufne9RzjcQBVZ9W8?si=PAhn30-3SSSYVXnvukr8Bg\">Spotify<\/a><\/div>\n\n\n\n<div class=\"wp-block-button\"><a class=\"wp-block-button__link wp-element-button\" href=\"https:\/\/podcasts.apple.com\/pl\/podcast\/czy-ai-jest-kobiet%C4%85-odcinek-specjalny\/id1503394674?i=1000698532871\">Apple Podcast<\/a><\/div>\n<\/div>\n\n\n\n<div style=\"height:33px\" aria-hidden=\"true\" class=\"wp-block-spacer\"><\/div>\n\n\n\n<p><strong>Ekspertki i eksperci:<\/strong><\/p>\n\n\n\n<p>Marina Khachatryan-Zag\u00f3rska &#8211; w\u0142a\u015bciciel poradni Blisko Siebie &#8211; Centrum Diagnozy, Terapii i Wsparcia, psycholog z wieloletnim sta\u017cem pracy, specjalista ds. opiniodawstwa s\u0105dowego, bieg\u0142a s\u0105dowa okr\u0119gu gliwickiego.<\/p>\n\n\n\n<p>Artur Sm\u00f3\u0142ka &#8211; Senior Delivery Architect w Capgemini Polska. Programista oraz Project Manager z ponad 17-letnim do\u015bwiadczeniem zawodowym, specjalizuj\u0105cy si\u0119 g\u0142\u00f3wnie w technologiach Microsoftu. Swoj\u0105 karier\u0119 zawodow\u0105 rozwija\u0142, realizuj\u0105c r\u00f3\u017cnorodne projekty zar\u00f3wno w obszarze programowania, jak i zarz\u0105dzania projektami, co pozwoli\u0142o mu zdoby\u0107 kompetencje techniczne oraz umiej\u0119tno\u015bci organizacyjne. Jego pasj\u0105 s\u0105 Internet Rzeczy (IoT) oraz nowe technologie. Prywatnie anga\u017cuje si\u0119 w rozw\u00f3j kilku innowacyjnych projekt\u00f3w zwi\u0105zanych z elektronik\u0105 oraz sztuczn\u0105 inteligencj\u0105. Czerpie ogromn\u0105 satysfakcj\u0119 z tworzenia nowatorskich rozwi\u0105za\u0144, kt\u00f3re \u0142\u0105cz\u0105 te dwa \u015bwiaty.&#8221;<\/p>\n\n\n\n<p>Szymon G\u0142owania &#8211; Lider do spraw programowania w Capgemini. Specjalizuje si\u0119 w projektowaniu kokpit\u00f3w mened\u017cerskich oraz automatyzacji proces\u00f3w. Regularnie prowadzi szkolenia, dziel\u0105c si\u0119 swoj\u0105 wiedz\u0105 i umiej\u0119tno\u015bciami. Pasjonuje si\u0119 uczeniem maszynowym, kt\u00f3re rozwija w ramach projektu doktorskiego. W wolnym czasie realizuje swoje pasje, takie jak jazda konna, w\u0119dkarstwo, s\u0142uchanie muzyki oraz gra na instrumentach.<\/p>\n\n\n\n<p><strong>Prowadz\u0105ca podcast:<\/strong> Katarzyna Smuda, Wellbeing Lead w Capgemini Polska.<\/p>\n\n\n\n<p>Podcast Capgemini Polska<\/p>\n\n\n\n<p>Produkcja: Cleverhearted<\/p>\n\n\n\n<p>Je\u015bli masz jakie\u015b pytania z obszaru wellbeingu napisz do nas na adres: <a href=\"mailto:wellbeing.pl@capgemini.com\">wellbeing.pl@capgemini.com<\/a><\/p>\n<\/div><\/div><\/div><\/div><\/div><\/section>\n","protected":false},"excerpt":{"rendered":"","protected":false},"author":413,"featured_media":0,"parent":699624,"menu_order":0,"comment_status":"closed","ping_status":"closed","template":"","meta":{"cg_dt_proposed_to":[],"cg_seo_hreflang_relations":"[]","cg_seo_canonical_relation":"","cg_seo_hreflang_x_default_relation":"","cg_dt_approved_content":true,"cg_dt_mandatory_content":false,"cg_dt_notes":"","cg_dg_source_changed":false,"cg_dt_link_disabled":false,"_yoast_wpseo_primary_brand":"","footnotes":"","featured_focal_points":"","partner_card_description":"","gsap_animation":0},"brand":[],"partner_type":[],"service":[],"industry":[],"partners":[],"page-type":[],"content-group":[],"class_list":["post-908553","page","type-page","status-publish","hentry"],"yoast_head":"<!-- This site is optimized with the Yoast SEO Premium plugin v22.8 (Yoast SEO v22.8) - https:\/\/yoast.com\/wordpress\/plugins\/seo\/ -->\n<title>Dzie\u0144 Kobiet E02: Czy AI jest kobiet\u0105? - Capgemini Poland<\/title>\n<meta name=\"description\" content=\"Czy AI mo\u017ce nas naprawd\u0119 zrozumie\u0107?\" \/>\n<meta name=\"robots\" content=\"index, follow, max-snippet:-1, max-image-preview:large, max-video-preview:-1\" \/>\n<link rel=\"canonical\" href=\"https:\/\/www.capgemini.com\/pl-pl\/kariera\/dlaczego-capgemini\/benefity-i-wellbeing\/wellbeing\/podcast-lets-talk-about-wellbeing\/dzien-kobiet-czy-ai-jest-kobieta\/\" \/>\n<meta property=\"og:locale\" content=\"pl_PL\" \/>\n<meta property=\"og:type\" content=\"article\" \/>\n<meta property=\"og:title\" content=\"Dzie\u0144 Kobiet E02: Czy AI jest kobiet\u0105?\" \/>\n<meta property=\"og:description\" content=\"Czy AI mo\u017ce nas naprawd\u0119 zrozumie\u0107?\" \/>\n<meta property=\"og:url\" content=\"https:\/\/www.capgemini.com\/pl-pl\/kariera\/dlaczego-capgemini\/benefity-i-wellbeing\/wellbeing\/podcast-lets-talk-about-wellbeing\/dzien-kobiet-czy-ai-jest-kobieta\/\" \/>\n<meta property=\"og:site_name\" content=\"Capgemini Poland\" \/>\n<meta property=\"article:modified_time\" content=\"2025-08-27T08:56:00+00:00\" \/>\n<meta property=\"og:image\" content=\"https:\/\/www.capgemini.com\/pl-pl\/wp-content\/uploads\/sites\/27\/2025\/03\/kobieta2.png\" \/>\n<meta name=\"twitter:card\" content=\"summary_large_image\" \/>\n<meta name=\"twitter:label1\" content=\"Est. reading time\" \/>\n\t<meta name=\"twitter:data1\" content=\"3 minutes\" \/>\n<script type=\"application\/ld+json\" class=\"yoast-schema-graph\">{\"@context\":\"https:\/\/schema.org\",\"@graph\":[{\"@type\":\"WebPage\",\"@id\":\"https:\/\/www.capgemini.com\/pl-pl\/kariera\/dlaczego-capgemini\/benefity-i-wellbeing\/wellbeing\/podcast-lets-talk-about-wellbeing\/dzien-kobiet-czy-ai-jest-kobieta\/\",\"url\":\"https:\/\/www.capgemini.com\/pl-pl\/kariera\/dlaczego-capgemini\/benefity-i-wellbeing\/wellbeing\/podcast-lets-talk-about-wellbeing\/dzien-kobiet-czy-ai-jest-kobieta\/\",\"name\":\"Dzie\u0144 Kobiet E02: Czy AI jest kobiet\u0105? - Capgemini Poland\",\"isPartOf\":{\"@id\":\"https:\/\/www.capgemini.com\/pl-pl\/#website\"},\"primaryImageOfPage\":{\"@id\":\"https:\/\/www.capgemini.com\/pl-pl\/kariera\/dlaczego-capgemini\/benefity-i-wellbeing\/wellbeing\/podcast-lets-talk-about-wellbeing\/dzien-kobiet-czy-ai-jest-kobieta\/#primaryimage\"},\"image\":{\"@id\":\"https:\/\/www.capgemini.com\/pl-pl\/kariera\/dlaczego-capgemini\/benefity-i-wellbeing\/wellbeing\/podcast-lets-talk-about-wellbeing\/dzien-kobiet-czy-ai-jest-kobieta\/#primaryimage\"},\"thumbnailUrl\":\"https:\/\/www.capgemini.com\/pl-pl\/wp-content\/uploads\/sites\/27\/2025\/03\/kobieta2.png\",\"datePublished\":\"2025-03-10T07:08:26+00:00\",\"dateModified\":\"2025-08-27T08:56:00+00:00\",\"description\":\"Czy AI mo\u017ce nas naprawd\u0119 zrozumie\u0107?\",\"breadcrumb\":{\"@id\":\"https:\/\/www.capgemini.com\/pl-pl\/kariera\/dlaczego-capgemini\/benefity-i-wellbeing\/wellbeing\/podcast-lets-talk-about-wellbeing\/dzien-kobiet-czy-ai-jest-kobieta\/#breadcrumb\"},\"inLanguage\":\"pl-PL\",\"potentialAction\":[{\"@type\":\"ReadAction\",\"target\":[\"https:\/\/www.capgemini.com\/pl-pl\/kariera\/dlaczego-capgemini\/benefity-i-wellbeing\/wellbeing\/podcast-lets-talk-about-wellbeing\/dzien-kobiet-czy-ai-jest-kobieta\/\"]}]},{\"@type\":\"ImageObject\",\"inLanguage\":\"pl-PL\",\"@id\":\"https:\/\/www.capgemini.com\/pl-pl\/kariera\/dlaczego-capgemini\/benefity-i-wellbeing\/wellbeing\/podcast-lets-talk-about-wellbeing\/dzien-kobiet-czy-ai-jest-kobieta\/#primaryimage\",\"url\":\"https:\/\/www.capgemini.com\/pl-pl\/wp-content\/uploads\/sites\/27\/2025\/03\/kobieta2.png\",\"contentUrl\":\"https:\/\/www.capgemini.com\/pl-pl\/wp-content\/uploads\/sites\/27\/2025\/03\/kobieta2.png\",\"width\":2880,\"height\":1800,\"caption\":\"Dwie kobiety na konferencji.\"},{\"@type\":\"BreadcrumbList\",\"@id\":\"https:\/\/www.capgemini.com\/pl-pl\/kariera\/dlaczego-capgemini\/benefity-i-wellbeing\/wellbeing\/podcast-lets-talk-about-wellbeing\/dzien-kobiet-czy-ai-jest-kobieta\/#breadcrumb\",\"itemListElement\":[{\"@type\":\"ListItem\",\"position\":1,\"name\":\"Home\",\"item\":\"https:\/\/www.capgemini.com\/pl-pl\/\"},{\"@type\":\"ListItem\",\"position\":2,\"name\":\"Kariera\",\"item\":\"https:\/\/www.capgemini.com\/pl-pl\/kariera\/\"},{\"@type\":\"ListItem\",\"position\":3,\"name\":\"Dlaczego Capgemini\",\"item\":\"https:\/\/www.capgemini.com\/pl-pl\/kariera\/dlaczego-capgemini\/\"},{\"@type\":\"ListItem\",\"position\":4,\"name\":\"Benefity i wellbeing\",\"item\":\"https:\/\/www.capgemini.com\/pl-pl\/kariera\/dlaczego-capgemini\/benefits-and-wellbeing\/\"},{\"@type\":\"ListItem\",\"position\":5,\"name\":\"Wellbeing\",\"item\":\"https:\/\/www.capgemini.com\/pl-pl\/kariera\/dlaczego-capgemini\/benefity-i-wellbeing\/wellbeing\/\"},{\"@type\":\"ListItem\",\"position\":6,\"name\":\"Podcast: Let\u2019s talk about wellbeing\",\"item\":\"https:\/\/www.capgemini.com\/pl-pl\/kariera\/dlaczego-capgemini\/benefity-i-wellbeing\/wellbeing\/podcast-lets-talk-about-wellbeing\/\"},{\"@type\":\"ListItem\",\"position\":7,\"name\":\"Dzie\u0144 Kobiet E02: Czy AI jest kobiet\u0105?\"}]},{\"@type\":\"WebSite\",\"@id\":\"https:\/\/www.capgemini.com\/pl-pl\/#website\",\"url\":\"https:\/\/www.capgemini.com\/pl-pl\/\",\"name\":\"Capgemini Polska\",\"description\":\"Capgemini\",\"potentialAction\":[{\"@type\":\"SearchAction\",\"target\":{\"@type\":\"EntryPoint\",\"urlTemplate\":\"https:\/\/www.capgemini.com\/pl-pl\/?s={search_term_string}\"},\"query-input\":\"required name=search_term_string\"}],\"inLanguage\":\"pl-PL\"}]}<\/script>\n<!-- \/ Yoast SEO Premium plugin. -->","yoast_head_json":{"title":"Dzie\u0144 Kobiet E02: Czy AI jest kobiet\u0105? - Capgemini Poland","description":"Czy AI mo\u017ce nas naprawd\u0119 zrozumie\u0107?","robots":{"index":"index","follow":"follow","max-snippet":"max-snippet:-1","max-image-preview":"max-image-preview:large","max-video-preview":"max-video-preview:-1"},"canonical":"https:\/\/www.capgemini.com\/pl-pl\/kariera\/dlaczego-capgemini\/benefity-i-wellbeing\/wellbeing\/podcast-lets-talk-about-wellbeing\/dzien-kobiet-czy-ai-jest-kobieta\/","og_locale":"pl_PL","og_type":"article","og_title":"Dzie\u0144 Kobiet E02: Czy AI jest kobiet\u0105?","og_description":"Czy AI mo\u017ce nas naprawd\u0119 zrozumie\u0107?","og_url":"https:\/\/www.capgemini.com\/pl-pl\/kariera\/dlaczego-capgemini\/benefity-i-wellbeing\/wellbeing\/podcast-lets-talk-about-wellbeing\/dzien-kobiet-czy-ai-jest-kobieta\/","og_site_name":"Capgemini Poland","article_modified_time":"2025-08-27T08:56:00+00:00","og_image":[{"url":"https:\/\/www.capgemini.com\/pl-pl\/wp-content\/uploads\/sites\/27\/2025\/03\/kobieta2.png"}],"twitter_card":"summary_large_image","twitter_misc":{"Est. reading time":"3 minutes"},"schema":{"@context":"https:\/\/schema.org","@graph":[{"@type":"WebPage","@id":"https:\/\/www.capgemini.com\/pl-pl\/kariera\/dlaczego-capgemini\/benefity-i-wellbeing\/wellbeing\/podcast-lets-talk-about-wellbeing\/dzien-kobiet-czy-ai-jest-kobieta\/","url":"https:\/\/www.capgemini.com\/pl-pl\/kariera\/dlaczego-capgemini\/benefity-i-wellbeing\/wellbeing\/podcast-lets-talk-about-wellbeing\/dzien-kobiet-czy-ai-jest-kobieta\/","name":"Dzie\u0144 Kobiet E02: Czy AI jest kobiet\u0105? - Capgemini Poland","isPartOf":{"@id":"https:\/\/www.capgemini.com\/pl-pl\/#website"},"primaryImageOfPage":{"@id":"https:\/\/www.capgemini.com\/pl-pl\/kariera\/dlaczego-capgemini\/benefity-i-wellbeing\/wellbeing\/podcast-lets-talk-about-wellbeing\/dzien-kobiet-czy-ai-jest-kobieta\/#primaryimage"},"image":{"@id":"https:\/\/www.capgemini.com\/pl-pl\/kariera\/dlaczego-capgemini\/benefity-i-wellbeing\/wellbeing\/podcast-lets-talk-about-wellbeing\/dzien-kobiet-czy-ai-jest-kobieta\/#primaryimage"},"thumbnailUrl":"https:\/\/www.capgemini.com\/pl-pl\/wp-content\/uploads\/sites\/27\/2025\/03\/kobieta2.png","datePublished":"2025-03-10T07:08:26+00:00","dateModified":"2025-08-27T08:56:00+00:00","description":"Czy AI mo\u017ce nas naprawd\u0119 zrozumie\u0107?","breadcrumb":{"@id":"https:\/\/www.capgemini.com\/pl-pl\/kariera\/dlaczego-capgemini\/benefity-i-wellbeing\/wellbeing\/podcast-lets-talk-about-wellbeing\/dzien-kobiet-czy-ai-jest-kobieta\/#breadcrumb"},"inLanguage":"pl-PL","potentialAction":[{"@type":"ReadAction","target":["https:\/\/www.capgemini.com\/pl-pl\/kariera\/dlaczego-capgemini\/benefity-i-wellbeing\/wellbeing\/podcast-lets-talk-about-wellbeing\/dzien-kobiet-czy-ai-jest-kobieta\/"]}]},{"@type":"ImageObject","inLanguage":"pl-PL","@id":"https:\/\/www.capgemini.com\/pl-pl\/kariera\/dlaczego-capgemini\/benefity-i-wellbeing\/wellbeing\/podcast-lets-talk-about-wellbeing\/dzien-kobiet-czy-ai-jest-kobieta\/#primaryimage","url":"https:\/\/www.capgemini.com\/pl-pl\/wp-content\/uploads\/sites\/27\/2025\/03\/kobieta2.png","contentUrl":"https:\/\/www.capgemini.com\/pl-pl\/wp-content\/uploads\/sites\/27\/2025\/03\/kobieta2.png","width":2880,"height":1800,"caption":"Dwie kobiety na konferencji."},{"@type":"BreadcrumbList","@id":"https:\/\/www.capgemini.com\/pl-pl\/kariera\/dlaczego-capgemini\/benefity-i-wellbeing\/wellbeing\/podcast-lets-talk-about-wellbeing\/dzien-kobiet-czy-ai-jest-kobieta\/#breadcrumb","itemListElement":[{"@type":"ListItem","position":1,"name":"Home","item":"https:\/\/www.capgemini.com\/pl-pl\/"},{"@type":"ListItem","position":2,"name":"Kariera","item":"https:\/\/www.capgemini.com\/pl-pl\/kariera\/"},{"@type":"ListItem","position":3,"name":"Dlaczego Capgemini","item":"https:\/\/www.capgemini.com\/pl-pl\/kariera\/dlaczego-capgemini\/"},{"@type":"ListItem","position":4,"name":"Benefity i wellbeing","item":"https:\/\/www.capgemini.com\/pl-pl\/kariera\/dlaczego-capgemini\/benefits-and-wellbeing\/"},{"@type":"ListItem","position":5,"name":"Wellbeing","item":"https:\/\/www.capgemini.com\/pl-pl\/kariera\/dlaczego-capgemini\/benefity-i-wellbeing\/wellbeing\/"},{"@type":"ListItem","position":6,"name":"Podcast: Let\u2019s talk about wellbeing","item":"https:\/\/www.capgemini.com\/pl-pl\/kariera\/dlaczego-capgemini\/benefity-i-wellbeing\/wellbeing\/podcast-lets-talk-about-wellbeing\/"},{"@type":"ListItem","position":7,"name":"Dzie\u0144 Kobiet E02: Czy AI jest kobiet\u0105?"}]},{"@type":"WebSite","@id":"https:\/\/www.capgemini.com\/pl-pl\/#website","url":"https:\/\/www.capgemini.com\/pl-pl\/","name":"Capgemini Polska","description":"Capgemini","potentialAction":[{"@type":"SearchAction","target":{"@type":"EntryPoint","urlTemplate":"https:\/\/www.capgemini.com\/pl-pl\/?s={search_term_string}"},"query-input":"required name=search_term_string"}],"inLanguage":"pl-PL"}]}},"brand_term":[],"parsely":{"version":"1.1.0","canonical_url":"https:\/\/capgemini.com\/pl-pl\/kariera\/dlaczego-capgemini\/benefity-i-wellbeing\/wellbeing\/podcast-lets-talk-about-wellbeing\/dzien-kobiet-czy-ai-jest-kobieta\/","smart_links":{"inbound":0,"outbound":0},"traffic_boost_suggestions_count":0,"meta":{"@context":"https:\/\/schema.org","@type":"WebPage","headline":"Dzie\u0144 Kobiet E02: Czy AI jest kobiet\u0105?","url":"https:\/\/www.capgemini.com\/pl-pl\/kariera\/dlaczego-capgemini\/benefity-i-wellbeing\/wellbeing\/podcast-lets-talk-about-wellbeing\/dzien-kobiet-czy-ai-jest-kobieta\/","mainEntityOfPage":{"@type":"WebPage","@id":"https:\/\/www.capgemini.com\/pl-pl\/kariera\/dlaczego-capgemini\/benefity-i-wellbeing\/wellbeing\/podcast-lets-talk-about-wellbeing\/dzien-kobiet-czy-ai-jest-kobieta\/"},"thumbnailUrl":"","image":{"@type":"ImageObject","url":""},"articleSection":"Uncategorized","author":[],"creator":[],"publisher":{"@type":"Organization","name":"Capgemini Poland","logo":""},"keywords":[],"dateCreated":"2025-03-10T07:08:26Z","datePublished":"2025-03-10T07:08:26Z","dateModified":"2025-08-27T08:56:00Z"},"rendered":"<meta name=\"parsely-title\" content=\"Dzie\u0144 Kobiet E02: Czy AI jest kobiet\u0105?\" \/>\n<meta name=\"parsely-link\" content=\"https:\/\/www.capgemini.com\/pl-pl\/kariera\/dlaczego-capgemini\/benefity-i-wellbeing\/wellbeing\/podcast-lets-talk-about-wellbeing\/dzien-kobiet-czy-ai-jest-kobieta\/\" \/>\n<meta name=\"parsely-type\" content=\"index\" \/>\n<meta name=\"parsely-pub-date\" content=\"2025-03-10T07:08:26Z\" \/>\n<meta name=\"parsely-section\" content=\"Uncategorized\" \/>","tracker_url":"https:\/\/cdn.parsely.com\/keys\/capgemini.com\/p.js"},"archive_status":false,"featured_image_src":"https:\/\/www.capgemini.com\/pl-pl\/wp-content\/themes\/capgemini2025\/assets\/images\/mockup.png","featured_image_alt":false,"jetpack_sharing_enabled":true,"distributor_meta":false,"distributor_terms":false,"distributor_media":false,"distributor_original_site_name":"Capgemini Poland","distributor_original_site_url":"https:\/\/www.capgemini.com\/pl-pl","push-errors":false,"_links":{"self":[{"href":"https:\/\/www.capgemini.com\/pl-pl\/wp-json\/wp\/v2\/pages\/908553","targetHints":{"allow":["GET"]}}],"collection":[{"href":"https:\/\/www.capgemini.com\/pl-pl\/wp-json\/wp\/v2\/pages"}],"about":[{"href":"https:\/\/www.capgemini.com\/pl-pl\/wp-json\/wp\/v2\/types\/page"}],"author":[{"embeddable":true,"href":"https:\/\/www.capgemini.com\/pl-pl\/wp-json\/wp\/v2\/users\/413"}],"replies":[{"embeddable":true,"href":"https:\/\/www.capgemini.com\/pl-pl\/wp-json\/wp\/v2\/comments?post=908553"}],"version-history":[{"count":4,"href":"https:\/\/www.capgemini.com\/pl-pl\/wp-json\/wp\/v2\/pages\/908553\/revisions"}],"predecessor-version":[{"id":912498,"href":"https:\/\/www.capgemini.com\/pl-pl\/wp-json\/wp\/v2\/pages\/908553\/revisions\/912498"}],"up":[{"embeddable":true,"href":"https:\/\/www.capgemini.com\/pl-pl\/wp-json\/wp\/v2\/pages\/699624"}],"wp:attachment":[{"href":"https:\/\/www.capgemini.com\/pl-pl\/wp-json\/wp\/v2\/media?parent=908553"}],"wp:term":[{"taxonomy":"brand","embeddable":true,"href":"https:\/\/www.capgemini.com\/pl-pl\/wp-json\/wp\/v2\/brand?post=908553"},{"taxonomy":"partner_type","embeddable":true,"href":"https:\/\/www.capgemini.com\/pl-pl\/wp-json\/wp\/v2\/partner_type?post=908553"},{"taxonomy":"service","embeddable":true,"href":"https:\/\/www.capgemini.com\/pl-pl\/wp-json\/wp\/v2\/service?post=908553"},{"taxonomy":"industry","embeddable":true,"href":"https:\/\/www.capgemini.com\/pl-pl\/wp-json\/wp\/v2\/industry?post=908553"},{"taxonomy":"partners","embeddable":true,"href":"https:\/\/www.capgemini.com\/pl-pl\/wp-json\/wp\/v2\/partners?post=908553"},{"taxonomy":"page-type","embeddable":true,"href":"https:\/\/www.capgemini.com\/pl-pl\/wp-json\/wp\/v2\/page-type?post=908553"},{"taxonomy":"content-group","embeddable":true,"href":"https:\/\/www.capgemini.com\/pl-pl\/wp-json\/wp\/v2\/content-group?post=908553"}],"curies":[{"name":"wp","href":"https:\/\/api.w.org\/{rel}","templated":true}]}}