{"id":899326,"date":"2023-12-19T10:49:15","date_gmt":"2023-12-19T10:49:15","guid":{"rendered":"https:\/\/www.capgemini.com\/pl-pl\/?page_id=899326"},"modified":"2025-08-27T09:00:46","modified_gmt":"2025-08-27T09:00:46","slug":"se02-e10-roznorodnosc-kulturowa","status":"publish","type":"page","link":"https:\/\/www.capgemini.com\/pl-pl\/kariera\/dlaczego-capgemini\/benefity-i-wellbeing\/wellbeing\/podcast-lets-talk-about-wellbeing\/se02-e10-roznorodnosc-kulturowa\/","title":{"rendered":"SE02-E10 &#8211; R\u00f3\u017cnorodno\u015b\u0107 kulturowa"},"content":{"rendered":"\n<div class=\"wp-block-cg-blocks-hero-picture-card undefined  heroPictureCard\"><div class=\"heroPictureCardBgs\"><picture><source srcset=\"https:\/\/www.capgemini.com\/pl-pl\/wp-content\/uploads\/sites\/27\/2023\/12\/Banery-strona-75.png?w=2880&amp;quality=70 1x, https:\/\/www.capgemini.com\/pl-pl\/wp-content\/uploads\/sites\/27\/2023\/12\/Banery-strona-75.png?w=2880&amp;quality=70 2x\" media=\"(min-width: 1500px)\"\/><source srcset=\"https:\/\/www.capgemini.com\/pl-pl\/wp-content\/uploads\/sites\/27\/2023\/12\/Banery-strona-75.png?w=1440&amp;quality=70 1x, https:\/\/www.capgemini.com\/pl-pl\/wp-content\/uploads\/sites\/27\/2023\/12\/Banery-strona-75.png?w=2880&amp;quality=70 2x\" media=\"(min-width: 992px)\"\/><source srcset=\"https:\/\/www.capgemini.com\/pl-pl\/wp-content\/uploads\/sites\/27\/2023\/12\/Banery-strona-75.png?w=1024&amp;quality=70 1x, https:\/\/www.capgemini.com\/pl-pl\/wp-content\/uploads\/sites\/27\/2023\/12\/Banery-strona-75.png?w=1024&amp;quality=70 2x\" media=\"(min-width: 768px)\"\/><source srcset=\"https:\/\/www.capgemini.com\/pl-pl\/wp-content\/uploads\/sites\/27\/2023\/12\/Banery-strona-75.png?w=768&amp;quality=70 1x, https:\/\/www.capgemini.com\/pl-pl\/wp-content\/uploads\/sites\/27\/2023\/12\/Banery-strona-75.png?w=768&amp;quality=70 2x\" media=\"(min-width: 0)\"\/><img decoding=\"async\" src=\"https:\/\/www.capgemini.com\/pl-pl\/wp-content\/uploads\/sites\/27\/2023\/12\/Banery-strona-75.png\" class=\"desktopImage\" alt=\"\" style=\"object-fit:cover;object-position:56.99999999999999% 39%\" loading=\"eager\"\/><\/picture><picture><source srcset=\"https:\/\/www.capgemini.com\/pl-pl\/wp-content\/uploads\/sites\/27\/2023\/12\/Banery-strona-75.png?w=2880&amp;quality=70 1x, https:\/\/www.capgemini.com\/pl-pl\/wp-content\/uploads\/sites\/27\/2023\/12\/Banery-strona-75.png?w=2880&amp;quality=70 2x\" media=\"(min-width: 1500px)\"\/><source srcset=\"https:\/\/www.capgemini.com\/pl-pl\/wp-content\/uploads\/sites\/27\/2023\/12\/Banery-strona-75.png?w=1440&amp;quality=70 1x, https:\/\/www.capgemini.com\/pl-pl\/wp-content\/uploads\/sites\/27\/2023\/12\/Banery-strona-75.png?w=2880&amp;quality=70 2x\" media=\"(min-width: 992px)\"\/><source srcset=\"https:\/\/www.capgemini.com\/pl-pl\/wp-content\/uploads\/sites\/27\/2023\/12\/Banery-strona-75.png?w=1024&amp;quality=70 1x, https:\/\/www.capgemini.com\/pl-pl\/wp-content\/uploads\/sites\/27\/2023\/12\/Banery-strona-75.png?w=1024&amp;quality=70 2x\" media=\"(min-width: 768px)\"\/><source srcset=\"https:\/\/www.capgemini.com\/pl-pl\/wp-content\/uploads\/sites\/27\/2023\/12\/Banery-strona-75.png?w=768&amp;quality=70 1x, https:\/\/www.capgemini.com\/pl-pl\/wp-content\/uploads\/sites\/27\/2023\/12\/Banery-strona-75.png?w=768&amp;quality=70 2x\" media=\"(min-width: 0)\"\/><img decoding=\"async\" src=\"https:\/\/www.capgemini.com\/pl-pl\/wp-content\/uploads\/sites\/27\/2023\/12\/Banery-strona-75.png\" class=\"mobileImage\" alt=\"\" style=\"object-fit:cover;object-position:56.99999999999999% 39%\" loading=\"eager\"\/><\/picture><\/div><div class=\"heroPictureCardHeaderShape\"><\/div><div class=\"container\"><div class=\"row\"><div class=\"col-md-8 col-lg-6\"><div class=\"heroPictureCardBox\"><div class=\"heroPictureCardBoxTitle\"><h1 data-maxlength=\"144\">Podcast let&#8217;s talk about wellbeing S02E10<\/h1><\/div><\/div><\/div><\/div><\/div><div class=\"small-device\"><div class=\"brandLogoWrapper\"> <\/div><\/div><\/div>\n\n\n\n<section class=\"wp-block-cg-blocks-group undefined section section--article-content\"><div class=\"article-main-content\"><div class=\"container\"><div class=\"row\"><div class=\"col-12 col-md-1\"><nav class=\"article-social\"><ul class=\"social-nav\"><li class=\"ip-order-fb\"><a href=\"https:\/\/www.facebook.com\/sharer\/sharer.php?u=https:\/\/www.capgemini.com\/pl-pl\/?page_id=894492\" target=\"_blank\" rel=\"noopener noreferrer\" title=\"opens in a new window\"><i aria-hidden=\"true\" class=\"icon-fb\"><\/i><span class=\"sr-only\">Facebook<\/span><\/a><\/li><li class=\"ip-order-tw\"><a href=\"https:\/\/twitter.com\/intent\/tweet?url=https:\/\/www.capgemini.com\/pl-pl\/?page_id=894492&amp;text=\" target=\"_blank\" rel=\"noopener noreferrer\" title=\"opens in a new window\"><i aria-hidden=\"true\" class=\"icon-tw\"><\/i><span class=\"sr-only\">Twitter<\/span><\/a><\/li><li class=\"ip-order-li\"><a href=\"https:\/\/www.linkedin.com\/sharing\/share-offsite\/?url=https:\/\/www.capgemini.com\/pl-pl\/?page_id=894492&amp;text=\" target=\"_blank\" rel=\"noopener noreferrer\" title=\"opens in a new window\"><i aria-hidden=\"true\" class=\"icon-li\"><\/i><span class=\"sr-only\">Linkedin<\/span><\/a><\/li><\/ul><\/nav><\/div><div class=\"col-12 col-md-11 col-lg-10\"><div class=\"article-text article-quote-text\">\n<h2 class=\"wp-block-heading\" id=\"h-odcinek-10-nbsp-nbsp-jak-ugasic-wewnetrzny-pozar-rozmowa-o-wypaleniu-zawodowym\">Odcinek 10 &#8211;&nbsp;&nbsp;Jak ugasi\u0107 wewn\u0119trzny po\u017car &#8211; rozmowa o wypaleniu zawodowym<\/h2>\n\n\n\n<p>Kryzys migracyjny w Europie w drugiej dekadzie XXI wieku sta\u0142 si\u0119 przedmiotem wielu debat spo\u0142ecznych i politycznych.<\/p>\n\n\n\n<h4 class=\"wp-block-heading\" id=\"h-zapraszamy-do-sluchania\"><strong>Zapraszamy do s\u0142uchania!<\/strong><\/h4>\n\n\n\n<figure class=\"wp-block-embed is-type-rich is-provider-spotify wp-block-embed-spotify wp-embed-aspect-21-9 wp-has-aspect-ratio\"><div class=\"wp-block-embed__wrapper\">\n<iframe title=\"Spotify Embed: R\u00f3\u017cnorodno\u015b\u0107 kulturowa w polskim spo\u0142ecze\u0144stwie - stereotypy vs rzeczywisto\u015b\u0107\" style=\"border-radius: 12px\" width=\"100%\" height=\"152\" frameborder=\"0\" allowfullscreen allow=\"autoplay; clipboard-write; encrypted-media; fullscreen; picture-in-picture\" loading=\"lazy\" src=\"https:\/\/open.spotify.com\/embed\/episode\/6xXXisydB3LZFRd5feuxUc?utm_source=oembed\"><\/iframe>\n<\/div><\/figure>\n\n\n\n<div class=\"wp-block-buttons is-layout-flex wp-block-buttons-is-layout-flex\">\n<div class=\"wp-block-button is-style-outline is-style-outline--1\"><a class=\"wp-block-button__link wp-element-button\" href=\"https:\/\/open.spotify.com\/episode\/6xXXisydB3LZFRd5feuxUc\">Spotify<\/a><\/div>\n\n\n\n<div class=\"wp-block-button is-style-outline is-style-outline--2\"><a class=\"wp-block-button__link wp-element-button\" href=\"https:\/\/podcasts.apple.com\/us\/podcast\/r%C3%B3%C5%BCnorodno%C5%9B%C4%87-kulturowa-w-polskim-spo%C5%82ecze%C5%84stwie-stereotypy\/id1503394674?i=1000639029031\">Apple Podcast<\/a><\/div>\n<\/div>\n\n\n\n<div style=\"height:57px\" aria-hidden=\"true\" class=\"wp-block-spacer\"><\/div>\n\n\n\n<h3 class=\"wp-block-heading\">W ostatnim odcinku &nbsp;drugiego sezonu podcastu szukamy odpowiedzi na pytania:<\/h3>\n\n\n\n<ul class=\"wp-block-list\">\n<li>przed jakimi wyzwaniami staj\u0105 obcokrajowcy chc\u0105cy zamieszka\u0107 i pracowa\u0107 w Polsce?<\/li>\n\n\n\n<li>jak r\u00f3\u017cnice kulturowe wp\u0142ywaj\u0105 na proces integracji imigrant\u00f3w?<\/li>\n\n\n\n<li>jak odbierani s\u0105 obcokrajowcy przyje\u017cd\u017caj\u0105cy do Polski?<\/li>\n\n\n\n<li>co mo\u017cemy zrobi\u0107, \u017ceby u\u0142atwi\u0107 proces integracji os\u00f3b przyje\u017cd\u017caj\u0105cych z zagranicy?<\/li>\n<\/ul>\n\n\n\n<p><\/p>\n\n\n\n<h3 class=\"wp-block-heading\">W odcinku wyst\u0105pi\u0142y:<\/h3>\n\n\n\n<p>Ania Hrynchuk &#8211; Developerka ServiceNow w Capgemini Polska. Prywatnie cz\u0119sto udziela si\u0119 w projektach spo\u0142ecznych, kt\u00f3re wspieraj\u0105 cudzoziemc\u00f3w w nauce j\u0119zyka polskiego oraz poznawaniu lokalnej kultury. Jest osob\u0105 bardzo otwart\u0105, uwielbia podr\u00f3\u017cowa\u0107, ch\u0119tnie poznaje lokalne obyczaje i tradycje.<\/p>\n\n\n\n<p>Magdalena K\u0119dziora-Grzelak &#8211; HR Business Partner w Capgemini Invent. Posiada ponad 10-letnie do\u015bwiadczenie w HR, g\u0142\u00f3wnie w rekrutacji i rozwoju talent\u00f3w w bran\u017cy IT i doradztwa biznesowego. Przez ostatnie 5 lat skupia\u0142a si\u0119 na dzia\u0142aniach HR Business Partnering, \u015bci\u015ble wsp\u00f3\u0142pracuj\u0105c z<\/p>\n\n\n\n<p>biznesem nad tematami strategii rozwoju i retencji pracownik\u00f3w. Jest pasjonatk\u0105 rozwoju talent\u00f3w, komunikacji w biznesie. G\u0142\u0119boko wierzy w zarz\u0105dzanie organizacj\u0105 poprzez warto\u015bci oraz kultur\u0119 inkluzywno\u015bci i r\u00f3\u017cnorodno\u015bci.<\/p>\n\n\n\n<p>Barbara Bie\u0142ka &#8211; Menad\u017cerka Rekrutacji w Capgemini Engineering, praktyczka i entuzjastka HR, specjalizuj\u0105ca si\u0119 we wsp\u00f3\u0142pracy z klientami z bran\u017c technologicznych. W swojej pracy szczeg\u00f3lnie zainteresowana obszarem budowania relacji z kandydatami i biznesem. Pasjonatka filozofii i psychologii, kt\u00f3re umiej\u0119tnie przeplata w swoim do\u015bwiadczeniu zawodowym. Po godzinach wieloletnia praktyczka jogi.<\/p>\n\n\n\n<p>Irena Willard &#8211; Senior rekruterka w Capgemini, francusko-polka z mi\u0119dzynarodowym do\u015bwiadczeniem zawodowym. Pasjonatka zarz\u0105dzania mi\u0119dzykulturowego, i rozwoju talent\u00f3w. Uwielbia podr\u00f3\u017cowa\u0107, pomaga\u0107 w dialogu mi\u0119dzykulturowym, inkluzywno\u015bci i uczy\u0107 si\u0119 j\u0119zyk\u00f3w. (5ty po ojczystym francuskim).<\/p>\n\n\n\n<p>Prowadz\u0105ca podcast: Katarzyna Smuda, Healthy Workplace Lead w Capgemini Polska.<\/p>\n\n\n\n<p>Podcast Capgemini Polska<\/p>\n\n\n\n<p>Produkcja: Cleverhearted Showrunners<\/p>\n\n\n\n<p>Dowiedz si\u0119 wi\u0119cej o nas na: <a href=\"https:\/\/www.capgemini.com\/pl-pl\/kariera\/dlaczego-capgemini\/\">https:\/\/www.capgemini.com\/pl-pl\/kariera\/dlaczego-capgemini\/<\/a><\/p>\n\n\n\n<p>Je\u015bli masz jakie\u015b pytania z obszaru wellbeingu napisz do nas na adres: <a href=\"mailto:wellbeing.pl@capgemini.com\">wellbeing.pl@capgemini.com<\/a><\/p>\n<\/div><\/div><\/div><\/div><\/div><\/section>\n","protected":false},"excerpt":{"rendered":"","protected":false},"author":413,"featured_media":0,"parent":699624,"menu_order":0,"comment_status":"closed","ping_status":"closed","template":"","meta":{"cg_dt_proposed_to":[],"cg_seo_hreflang_relations":"[]","cg_seo_canonical_relation":"","cg_seo_hreflang_x_default_relation":"{\"uuid\":\"1c2eaa50-6940-426a-b156-9e2a59b856ce\",\"blogId\":\"\",\"domain\":\"\",\"sitePath\":\"\",\"postLink\":\"\",\"postId\":null,\"isSaved\":true,\"isCrossLink\":false,\"hasCrossLink\":false}","cg_dt_approved_content":true,"cg_dt_mandatory_content":false,"cg_dt_notes":"","cg_dg_source_changed":false,"cg_dt_link_disabled":false,"_yoast_wpseo_primary_brand":"","footnotes":"","featured_focal_points":"","partner_card_description":"","gsap_animation":0},"brand":[],"partner_type":[],"service":[],"industry":[],"partners":[],"page-type":[],"content-group":[],"class_list":["post-899326","page","type-page","status-publish","hentry"],"yoast_head":"<!-- This site is optimized with the Yoast SEO Premium plugin v22.8 (Yoast SEO v22.8) - https:\/\/yoast.com\/wordpress\/plugins\/seo\/ -->\n<title>SE02-E10 - R\u00f3\u017cnorodno\u015b\u0107 kulturowa - Capgemini Poland<\/title>\n<meta name=\"robots\" content=\"index, follow, max-snippet:-1, max-image-preview:large, max-video-preview:-1\" \/>\n<link rel=\"canonical\" href=\"https:\/\/www.capgemini.com\/pl-pl\/kariera\/dlaczego-capgemini\/benefity-i-wellbeing\/wellbeing\/podcast-lets-talk-about-wellbeing\/se02-e10-roznorodnosc-kulturowa\/\" \/>\n<meta property=\"og:locale\" content=\"pl_PL\" \/>\n<meta property=\"og:type\" content=\"article\" \/>\n<meta property=\"og:title\" content=\"SE02-E10 - R\u00f3\u017cnorodno\u015b\u0107 kulturowa\" \/>\n<meta property=\"og:url\" content=\"https:\/\/www.capgemini.com\/pl-pl\/kariera\/dlaczego-capgemini\/benefity-i-wellbeing\/wellbeing\/podcast-lets-talk-about-wellbeing\/se02-e10-roznorodnosc-kulturowa\/\" \/>\n<meta property=\"og:site_name\" content=\"Capgemini Poland\" \/>\n<meta property=\"article:modified_time\" content=\"2025-08-27T09:00:46+00:00\" \/>\n<meta property=\"og:image\" content=\"https:\/\/prod.ucwe.capgemini.com\/pl-pl\/wp-content\/uploads\/sites\/27\/2023\/12\/Banery-strona-75.png\" \/>\n<meta name=\"twitter:card\" content=\"summary_large_image\" \/>\n<meta name=\"twitter:label1\" content=\"Est. reading time\" \/>\n\t<meta name=\"twitter:data1\" content=\"3 minutes\" \/>\n<script type=\"application\/ld+json\" class=\"yoast-schema-graph\">{\"@context\":\"https:\/\/schema.org\",\"@graph\":[{\"@type\":\"WebPage\",\"@id\":\"https:\/\/www.capgemini.com\/pl-pl\/kariera\/dlaczego-capgemini\/benefity-i-wellbeing\/wellbeing\/podcast-lets-talk-about-wellbeing\/se02-e10-roznorodnosc-kulturowa\/\",\"url\":\"https:\/\/www.capgemini.com\/pl-pl\/kariera\/dlaczego-capgemini\/benefity-i-wellbeing\/wellbeing\/podcast-lets-talk-about-wellbeing\/se02-e10-roznorodnosc-kulturowa\/\",\"name\":\"SE02-E10 - R\u00f3\u017cnorodno\u015b\u0107 kulturowa - Capgemini Poland\",\"isPartOf\":{\"@id\":\"https:\/\/www.capgemini.com\/pl-pl\/#website\"},\"primaryImageOfPage\":{\"@id\":\"https:\/\/www.capgemini.com\/pl-pl\/kariera\/dlaczego-capgemini\/benefity-i-wellbeing\/wellbeing\/podcast-lets-talk-about-wellbeing\/se02-e10-roznorodnosc-kulturowa\/#primaryimage\"},\"image\":{\"@id\":\"https:\/\/www.capgemini.com\/pl-pl\/kariera\/dlaczego-capgemini\/benefity-i-wellbeing\/wellbeing\/podcast-lets-talk-about-wellbeing\/se02-e10-roznorodnosc-kulturowa\/#primaryimage\"},\"thumbnailUrl\":\"https:\/\/www.capgemini.com\/pl-pl\/wp-content\/uploads\/sites\/27\/2023\/12\/Banery-strona-75.png\",\"datePublished\":\"2023-12-19T10:49:15+00:00\",\"dateModified\":\"2025-08-27T09:00:46+00:00\",\"breadcrumb\":{\"@id\":\"https:\/\/www.capgemini.com\/pl-pl\/kariera\/dlaczego-capgemini\/benefity-i-wellbeing\/wellbeing\/podcast-lets-talk-about-wellbeing\/se02-e10-roznorodnosc-kulturowa\/#breadcrumb\"},\"inLanguage\":\"pl-PL\",\"potentialAction\":[{\"@type\":\"ReadAction\",\"target\":[\"https:\/\/www.capgemini.com\/pl-pl\/kariera\/dlaczego-capgemini\/benefity-i-wellbeing\/wellbeing\/podcast-lets-talk-about-wellbeing\/se02-e10-roznorodnosc-kulturowa\/\"]}]},{\"@type\":\"ImageObject\",\"inLanguage\":\"pl-PL\",\"@id\":\"https:\/\/www.capgemini.com\/pl-pl\/kariera\/dlaczego-capgemini\/benefity-i-wellbeing\/wellbeing\/podcast-lets-talk-about-wellbeing\/se02-e10-roznorodnosc-kulturowa\/#primaryimage\",\"url\":\"https:\/\/www.capgemini.com\/pl-pl\/wp-content\/uploads\/sites\/27\/2023\/12\/Banery-strona-75.png\",\"contentUrl\":\"https:\/\/www.capgemini.com\/pl-pl\/wp-content\/uploads\/sites\/27\/2023\/12\/Banery-strona-75.png\",\"width\":1800,\"height\":900},{\"@type\":\"BreadcrumbList\",\"@id\":\"https:\/\/www.capgemini.com\/pl-pl\/kariera\/dlaczego-capgemini\/benefity-i-wellbeing\/wellbeing\/podcast-lets-talk-about-wellbeing\/se02-e10-roznorodnosc-kulturowa\/#breadcrumb\",\"itemListElement\":[{\"@type\":\"ListItem\",\"position\":1,\"name\":\"Home\",\"item\":\"https:\/\/www.capgemini.com\/pl-pl\/\"},{\"@type\":\"ListItem\",\"position\":2,\"name\":\"Kariera\",\"item\":\"https:\/\/www.capgemini.com\/pl-pl\/kariera\/\"},{\"@type\":\"ListItem\",\"position\":3,\"name\":\"Dlaczego Capgemini\",\"item\":\"https:\/\/www.capgemini.com\/pl-pl\/kariera\/dlaczego-capgemini\/\"},{\"@type\":\"ListItem\",\"position\":4,\"name\":\"Benefity i wellbeing\",\"item\":\"https:\/\/www.capgemini.com\/pl-pl\/kariera\/dlaczego-capgemini\/benefits-and-wellbeing\/\"},{\"@type\":\"ListItem\",\"position\":5,\"name\":\"Wellbeing\",\"item\":\"https:\/\/www.capgemini.com\/pl-pl\/kariera\/dlaczego-capgemini\/benefity-i-wellbeing\/wellbeing\/\"},{\"@type\":\"ListItem\",\"position\":6,\"name\":\"Podcast: Let\u2019s talk about wellbeing\",\"item\":\"https:\/\/www.capgemini.com\/pl-pl\/kariera\/dlaczego-capgemini\/benefity-i-wellbeing\/wellbeing\/podcast-lets-talk-about-wellbeing\/\"},{\"@type\":\"ListItem\",\"position\":7,\"name\":\"SE02-E10 &#8211; R\u00f3\u017cnorodno\u015b\u0107 kulturowa\"}]},{\"@type\":\"WebSite\",\"@id\":\"https:\/\/www.capgemini.com\/pl-pl\/#website\",\"url\":\"https:\/\/www.capgemini.com\/pl-pl\/\",\"name\":\"Capgemini Polska\",\"description\":\"Capgemini\",\"potentialAction\":[{\"@type\":\"SearchAction\",\"target\":{\"@type\":\"EntryPoint\",\"urlTemplate\":\"https:\/\/www.capgemini.com\/pl-pl\/?s={search_term_string}\"},\"query-input\":\"required name=search_term_string\"}],\"inLanguage\":\"pl-PL\"}]}<\/script>\n<!-- \/ Yoast SEO Premium plugin. -->","yoast_head_json":{"title":"SE02-E10 - R\u00f3\u017cnorodno\u015b\u0107 kulturowa - Capgemini Poland","robots":{"index":"index","follow":"follow","max-snippet":"max-snippet:-1","max-image-preview":"max-image-preview:large","max-video-preview":"max-video-preview:-1"},"canonical":"https:\/\/www.capgemini.com\/pl-pl\/kariera\/dlaczego-capgemini\/benefity-i-wellbeing\/wellbeing\/podcast-lets-talk-about-wellbeing\/se02-e10-roznorodnosc-kulturowa\/","og_locale":"pl_PL","og_type":"article","og_title":"SE02-E10 - R\u00f3\u017cnorodno\u015b\u0107 kulturowa","og_url":"https:\/\/www.capgemini.com\/pl-pl\/kariera\/dlaczego-capgemini\/benefity-i-wellbeing\/wellbeing\/podcast-lets-talk-about-wellbeing\/se02-e10-roznorodnosc-kulturowa\/","og_site_name":"Capgemini Poland","article_modified_time":"2025-08-27T09:00:46+00:00","og_image":[{"url":"https:\/\/prod.ucwe.capgemini.com\/pl-pl\/wp-content\/uploads\/sites\/27\/2023\/12\/Banery-strona-75.png"}],"twitter_card":"summary_large_image","twitter_misc":{"Est. reading time":"3 minutes"},"schema":{"@context":"https:\/\/schema.org","@graph":[{"@type":"WebPage","@id":"https:\/\/www.capgemini.com\/pl-pl\/kariera\/dlaczego-capgemini\/benefity-i-wellbeing\/wellbeing\/podcast-lets-talk-about-wellbeing\/se02-e10-roznorodnosc-kulturowa\/","url":"https:\/\/www.capgemini.com\/pl-pl\/kariera\/dlaczego-capgemini\/benefity-i-wellbeing\/wellbeing\/podcast-lets-talk-about-wellbeing\/se02-e10-roznorodnosc-kulturowa\/","name":"SE02-E10 - R\u00f3\u017cnorodno\u015b\u0107 kulturowa - Capgemini Poland","isPartOf":{"@id":"https:\/\/www.capgemini.com\/pl-pl\/#website"},"primaryImageOfPage":{"@id":"https:\/\/www.capgemini.com\/pl-pl\/kariera\/dlaczego-capgemini\/benefity-i-wellbeing\/wellbeing\/podcast-lets-talk-about-wellbeing\/se02-e10-roznorodnosc-kulturowa\/#primaryimage"},"image":{"@id":"https:\/\/www.capgemini.com\/pl-pl\/kariera\/dlaczego-capgemini\/benefity-i-wellbeing\/wellbeing\/podcast-lets-talk-about-wellbeing\/se02-e10-roznorodnosc-kulturowa\/#primaryimage"},"thumbnailUrl":"https:\/\/www.capgemini.com\/pl-pl\/wp-content\/uploads\/sites\/27\/2023\/12\/Banery-strona-75.png","datePublished":"2023-12-19T10:49:15+00:00","dateModified":"2025-08-27T09:00:46+00:00","breadcrumb":{"@id":"https:\/\/www.capgemini.com\/pl-pl\/kariera\/dlaczego-capgemini\/benefity-i-wellbeing\/wellbeing\/podcast-lets-talk-about-wellbeing\/se02-e10-roznorodnosc-kulturowa\/#breadcrumb"},"inLanguage":"pl-PL","potentialAction":[{"@type":"ReadAction","target":["https:\/\/www.capgemini.com\/pl-pl\/kariera\/dlaczego-capgemini\/benefity-i-wellbeing\/wellbeing\/podcast-lets-talk-about-wellbeing\/se02-e10-roznorodnosc-kulturowa\/"]}]},{"@type":"ImageObject","inLanguage":"pl-PL","@id":"https:\/\/www.capgemini.com\/pl-pl\/kariera\/dlaczego-capgemini\/benefity-i-wellbeing\/wellbeing\/podcast-lets-talk-about-wellbeing\/se02-e10-roznorodnosc-kulturowa\/#primaryimage","url":"https:\/\/www.capgemini.com\/pl-pl\/wp-content\/uploads\/sites\/27\/2023\/12\/Banery-strona-75.png","contentUrl":"https:\/\/www.capgemini.com\/pl-pl\/wp-content\/uploads\/sites\/27\/2023\/12\/Banery-strona-75.png","width":1800,"height":900},{"@type":"BreadcrumbList","@id":"https:\/\/www.capgemini.com\/pl-pl\/kariera\/dlaczego-capgemini\/benefity-i-wellbeing\/wellbeing\/podcast-lets-talk-about-wellbeing\/se02-e10-roznorodnosc-kulturowa\/#breadcrumb","itemListElement":[{"@type":"ListItem","position":1,"name":"Home","item":"https:\/\/www.capgemini.com\/pl-pl\/"},{"@type":"ListItem","position":2,"name":"Kariera","item":"https:\/\/www.capgemini.com\/pl-pl\/kariera\/"},{"@type":"ListItem","position":3,"name":"Dlaczego Capgemini","item":"https:\/\/www.capgemini.com\/pl-pl\/kariera\/dlaczego-capgemini\/"},{"@type":"ListItem","position":4,"name":"Benefity i wellbeing","item":"https:\/\/www.capgemini.com\/pl-pl\/kariera\/dlaczego-capgemini\/benefits-and-wellbeing\/"},{"@type":"ListItem","position":5,"name":"Wellbeing","item":"https:\/\/www.capgemini.com\/pl-pl\/kariera\/dlaczego-capgemini\/benefity-i-wellbeing\/wellbeing\/"},{"@type":"ListItem","position":6,"name":"Podcast: Let\u2019s talk about wellbeing","item":"https:\/\/www.capgemini.com\/pl-pl\/kariera\/dlaczego-capgemini\/benefity-i-wellbeing\/wellbeing\/podcast-lets-talk-about-wellbeing\/"},{"@type":"ListItem","position":7,"name":"SE02-E10 &#8211; R\u00f3\u017cnorodno\u015b\u0107 kulturowa"}]},{"@type":"WebSite","@id":"https:\/\/www.capgemini.com\/pl-pl\/#website","url":"https:\/\/www.capgemini.com\/pl-pl\/","name":"Capgemini Polska","description":"Capgemini","potentialAction":[{"@type":"SearchAction","target":{"@type":"EntryPoint","urlTemplate":"https:\/\/www.capgemini.com\/pl-pl\/?s={search_term_string}"},"query-input":"required name=search_term_string"}],"inLanguage":"pl-PL"}]}},"brand_term":[],"parsely":{"version":"1.1.0","canonical_url":"https:\/\/capgemini.com\/pl-pl\/kariera\/dlaczego-capgemini\/benefity-i-wellbeing\/wellbeing\/podcast-lets-talk-about-wellbeing\/se02-e10-roznorodnosc-kulturowa\/","smart_links":{"inbound":0,"outbound":0},"traffic_boost_suggestions_count":0,"meta":{"@context":"https:\/\/schema.org","@type":"WebPage","headline":"SE02-E10 &#8211; R\u00f3\u017cnorodno\u015b\u0107 kulturowa","url":"https:\/\/www.capgemini.com\/pl-pl\/kariera\/dlaczego-capgemini\/benefity-i-wellbeing\/wellbeing\/podcast-lets-talk-about-wellbeing\/se02-e10-roznorodnosc-kulturowa\/","mainEntityOfPage":{"@type":"WebPage","@id":"https:\/\/www.capgemini.com\/pl-pl\/kariera\/dlaczego-capgemini\/benefity-i-wellbeing\/wellbeing\/podcast-lets-talk-about-wellbeing\/se02-e10-roznorodnosc-kulturowa\/"},"thumbnailUrl":"","image":{"@type":"ImageObject","url":""},"articleSection":"Uncategorized","author":[],"creator":[],"publisher":{"@type":"Organization","name":"Capgemini Poland","logo":""},"keywords":[],"dateCreated":"2023-12-19T10:49:15Z","datePublished":"2023-12-19T10:49:15Z","dateModified":"2025-08-27T09:00:46Z"},"rendered":"<meta name=\"parsely-title\" content=\"SE02-E10 &#8211; R\u00f3\u017cnorodno\u015b\u0107 kulturowa\" \/>\n<meta name=\"parsely-link\" content=\"https:\/\/www.capgemini.com\/pl-pl\/kariera\/dlaczego-capgemini\/benefity-i-wellbeing\/wellbeing\/podcast-lets-talk-about-wellbeing\/se02-e10-roznorodnosc-kulturowa\/\" \/>\n<meta name=\"parsely-type\" content=\"index\" \/>\n<meta name=\"parsely-pub-date\" content=\"2023-12-19T10:49:15Z\" \/>\n<meta name=\"parsely-section\" content=\"Uncategorized\" \/>","tracker_url":"https:\/\/cdn.parsely.com\/keys\/capgemini.com\/p.js"},"archive_status":false,"featured_image_src":"https:\/\/www.capgemini.com\/pl-pl\/wp-content\/themes\/capgemini2025\/assets\/images\/mockup.png","featured_image_alt":false,"jetpack_sharing_enabled":true,"distributor_meta":false,"distributor_terms":false,"distributor_media":false,"distributor_original_site_name":"Capgemini Poland","distributor_original_site_url":"https:\/\/www.capgemini.com\/pl-pl","push-errors":false,"_links":{"self":[{"href":"https:\/\/www.capgemini.com\/pl-pl\/wp-json\/wp\/v2\/pages\/899326","targetHints":{"allow":["GET"]}}],"collection":[{"href":"https:\/\/www.capgemini.com\/pl-pl\/wp-json\/wp\/v2\/pages"}],"about":[{"href":"https:\/\/www.capgemini.com\/pl-pl\/wp-json\/wp\/v2\/types\/page"}],"author":[{"embeddable":true,"href":"https:\/\/www.capgemini.com\/pl-pl\/wp-json\/wp\/v2\/users\/413"}],"replies":[{"embeddable":true,"href":"https:\/\/www.capgemini.com\/pl-pl\/wp-json\/wp\/v2\/comments?post=899326"}],"version-history":[{"count":7,"href":"https:\/\/www.capgemini.com\/pl-pl\/wp-json\/wp\/v2\/pages\/899326\/revisions"}],"predecessor-version":[{"id":912506,"href":"https:\/\/www.capgemini.com\/pl-pl\/wp-json\/wp\/v2\/pages\/899326\/revisions\/912506"}],"up":[{"embeddable":true,"href":"https:\/\/www.capgemini.com\/pl-pl\/wp-json\/wp\/v2\/pages\/699624"}],"wp:attachment":[{"href":"https:\/\/www.capgemini.com\/pl-pl\/wp-json\/wp\/v2\/media?parent=899326"}],"wp:term":[{"taxonomy":"brand","embeddable":true,"href":"https:\/\/www.capgemini.com\/pl-pl\/wp-json\/wp\/v2\/brand?post=899326"},{"taxonomy":"partner_type","embeddable":true,"href":"https:\/\/www.capgemini.com\/pl-pl\/wp-json\/wp\/v2\/partner_type?post=899326"},{"taxonomy":"service","embeddable":true,"href":"https:\/\/www.capgemini.com\/pl-pl\/wp-json\/wp\/v2\/service?post=899326"},{"taxonomy":"industry","embeddable":true,"href":"https:\/\/www.capgemini.com\/pl-pl\/wp-json\/wp\/v2\/industry?post=899326"},{"taxonomy":"partners","embeddable":true,"href":"https:\/\/www.capgemini.com\/pl-pl\/wp-json\/wp\/v2\/partners?post=899326"},{"taxonomy":"page-type","embeddable":true,"href":"https:\/\/www.capgemini.com\/pl-pl\/wp-json\/wp\/v2\/page-type?post=899326"},{"taxonomy":"content-group","embeddable":true,"href":"https:\/\/www.capgemini.com\/pl-pl\/wp-json\/wp\/v2\/content-group?post=899326"}],"curies":[{"name":"wp","href":"https:\/\/api.w.org\/{rel}","templated":true}]}}