{"id":898680,"date":"2023-12-13T14:49:28","date_gmt":"2023-12-13T14:49:28","guid":{"rendered":"https:\/\/www.capgemini.com\/pl-pl\/?page_id=898680"},"modified":"2025-03-12T04:56:08","modified_gmt":"2025-03-12T04:56:08","slug":"jezyki-obce-a-projekty-it","status":"publish","type":"page","link":"https:\/\/www.capgemini.com\/pl-pl\/kariera\/software\/jezyki\/","title":{"rendered":"J\u0119zyki obce w projektach IT"},"content":{"rendered":"\n<div class=\"wp-block-cg-blocks-hero-picture-card undefined  heroPictureCard\"><div class=\"heroPictureCardBgs\"><picture><source srcset=\"https:\/\/www.capgemini.com\/pl-pl\/wp-content\/uploads\/sites\/27\/2023\/12\/IMG_0031-1.webp?w=2880&amp;quality=70 1x, https:\/\/www.capgemini.com\/pl-pl\/wp-content\/uploads\/sites\/27\/2023\/12\/IMG_0031-1.webp?w=2880&amp;quality=70 2x\" media=\"(min-width: 1500px)\"\/><source srcset=\"https:\/\/www.capgemini.com\/pl-pl\/wp-content\/uploads\/sites\/27\/2023\/12\/IMG_0031-1.webp?w=1440&amp;quality=70 1x, https:\/\/www.capgemini.com\/pl-pl\/wp-content\/uploads\/sites\/27\/2023\/12\/IMG_0031-1.webp?w=2880&amp;quality=70 2x\" media=\"(min-width: 992px)\"\/><source srcset=\"https:\/\/www.capgemini.com\/pl-pl\/wp-content\/uploads\/sites\/27\/2023\/12\/IMG_0031-1.webp?w=1024&amp;quality=70 1x, https:\/\/www.capgemini.com\/pl-pl\/wp-content\/uploads\/sites\/27\/2023\/12\/IMG_0031-1.webp?w=1024&amp;quality=70 2x\" media=\"(min-width: 768px)\"\/><source srcset=\"https:\/\/www.capgemini.com\/pl-pl\/wp-content\/uploads\/sites\/27\/2023\/12\/IMG_0031-1.webp?w=768&amp;quality=70 1x, https:\/\/www.capgemini.com\/pl-pl\/wp-content\/uploads\/sites\/27\/2023\/12\/IMG_0031-1.webp?w=768&amp;quality=70 2x\" media=\"(min-width: 0)\"\/><img decoding=\"async\" src=\"https:\/\/www.capgemini.com\/pl-pl\/wp-content\/uploads\/sites\/27\/2023\/12\/IMG_0031-1.webp\" class=\"desktopImage\" alt=\"\" style=\"object-fit:cover;object-position:50% 50%\" loading=\"eager\"\/><\/picture><picture><source srcset=\"https:\/\/www.capgemini.com\/pl-pl\/wp-content\/uploads\/sites\/27\/2023\/12\/IMG_0031-1.webp?w=2880&amp;quality=70 1x, https:\/\/www.capgemini.com\/pl-pl\/wp-content\/uploads\/sites\/27\/2023\/12\/IMG_0031-1.webp?w=2880&amp;quality=70 2x\" media=\"(min-width: 1500px)\"\/><source srcset=\"https:\/\/www.capgemini.com\/pl-pl\/wp-content\/uploads\/sites\/27\/2023\/12\/IMG_0031-1.webp?w=1440&amp;quality=70 1x, https:\/\/www.capgemini.com\/pl-pl\/wp-content\/uploads\/sites\/27\/2023\/12\/IMG_0031-1.webp?w=2880&amp;quality=70 2x\" media=\"(min-width: 992px)\"\/><source srcset=\"https:\/\/www.capgemini.com\/pl-pl\/wp-content\/uploads\/sites\/27\/2023\/12\/IMG_0031-1.webp?w=1024&amp;quality=70 1x, https:\/\/www.capgemini.com\/pl-pl\/wp-content\/uploads\/sites\/27\/2023\/12\/IMG_0031-1.webp?w=1024&amp;quality=70 2x\" media=\"(min-width: 768px)\"\/><source srcset=\"https:\/\/www.capgemini.com\/pl-pl\/wp-content\/uploads\/sites\/27\/2023\/12\/IMG_0031-1.webp?w=768&amp;quality=70 1x, https:\/\/www.capgemini.com\/pl-pl\/wp-content\/uploads\/sites\/27\/2023\/12\/IMG_0031-1.webp?w=768&amp;quality=70 2x\" media=\"(min-width: 0)\"\/><img decoding=\"async\" src=\"https:\/\/www.capgemini.com\/pl-pl\/wp-content\/uploads\/sites\/27\/2023\/12\/IMG_0031-1.webp\" class=\"mobileImage\" alt=\"\" style=\"object-fit:cover;object-position:50% 50%\" loading=\"eager\"\/><\/picture><\/div><div class=\"heroPictureCardHeaderShape\"><\/div><div class=\"container\"><div class=\"row\"><div class=\"col-md-8 col-lg-6\"><div class=\"heroPictureCardBox\"><div class=\"heroPictureCardBoxTitle\"><h1 data-maxlength=\"144\">J\u0119zyki obce w projektach IT<\/h1><\/div><\/div><\/div><\/div><\/div><div class=\"small-device\"><div class=\"brandLogoWrapper\"> <\/div><\/div><\/div>\n\n\n\n<section class=\"wp-block-cg-blocks-group undefined section section--article-content\"><div class=\"article-main-content\"><div class=\"container\"><div class=\"row\"><div class=\"col-12 col-md-1\"><nav class=\"article-social\"><ul class=\"social-nav\"><li class=\"ip-order-fb\"><a href=\"https:\/\/www.facebook.com\/sharer\/sharer.php?u=https:\/\/www.capgemini.com\/pl-pl\/projekty\/\" target=\"_blank\" rel=\"noopener noreferrer\" title=\"otwiera si\u0119 w nowym oknie\"><i aria-hidden=\"true\" class=\"icon-fb\"><\/i><span class=\"sr-only\">Facebook<\/span><\/a><\/li><li class=\"ip-order-tw\"><a href=\"https:\/\/twitter.com\/intent\/tweet?url=https:\/\/www.capgemini.com\/pl-pl\/projekty\/&amp;text=Projekty\" target=\"_blank\" rel=\"noopener noreferrer\" title=\"otwiera si\u0119 w nowym oknie\"><i aria-hidden=\"true\" class=\"icon-tw\"><\/i><span class=\"sr-only\">Twitter<\/span><\/a><\/li><li class=\"ip-order-li\"><a href=\"https:\/\/www.linkedin.com\/sharing\/share-offsite\/?url=https:\/\/www.capgemini.com\/pl-pl\/projekty\/&amp;text=Projekty\" target=\"_blank\" rel=\"noopener noreferrer\" title=\"otwiera si\u0119 w nowym oknie\"><i aria-hidden=\"true\" class=\"icon-li\"><\/i><span class=\"sr-only\">Linkedin<\/span><\/a><\/li><\/ul><\/nav><\/div><div class=\"col-12 col-md-11 col-lg-10\"><div class=\"article-text article-quote-text\">\n<h1 class=\"wp-block-heading\" id=\"h-jezyki-obce-w-projektach-it\">J\u0118ZYKI OBCE W PROJEKTACH IT<\/h1>\n\n\n\n<h2 class=\"wp-block-heading\" id=\"h-jezyki-ktore-wykorzystujemy-w-pracy\">J\u0119zyki, kt\u00f3re wykorzystujemy w pracy:<\/h2>\n\n\n\n<div class=\"wp-block-buttons is-layout-flex wp-block-buttons-is-layout-flex\">\n<div class=\"wp-block-button is-style-outline is-style-outline--1\"><a class=\"wp-block-button__link wp-element-button\" href=\"https:\/\/www.capgemini.com\/pl-pl\/languages-at-our-software-center\/\">English Version<\/a><\/div>\n<\/div>\n\n\n\n<p>We <strong>Wroc\u0142awiu, Poznaniu i w Gda\u0144sku<\/strong> na co dzie\u0144 zajmujemy si\u0119 tworzeniem oprogramowania dla klient\u00f3w z sektora ubezpieczeniowego, logistycznego, motoryzacyjnego oraz wielu innych. W codziennej pracy wykorzystujemy j\u0119zyk angielski lub\/i niemiecki.<br><br>Do naszych zespo\u0142\u00f3w poszukujemy specjalist\u00f3w i specjalistki, kt\u00f3rzy pos\u0142uguj\u0105 si\u0119 j\u0119zykiem angielskim w stopniu komunikatywnym, a tak\u017ce os\u00f3b, kt\u00f3re znaj\u0105 j\u0119zyk niemiecki w stopniu podstawowym lub zaawansowanym.<br><br>Weryfikacja umiej\u0119tno\u015bci j\u0119zykowych odbywa si\u0119 podczas drugiego etapu naszej rekrutacji. Jest nim rozmowa telefoniczna z rekruterem, kt\u00f3ra zajmuje <strong>oko\u0142o 20 minut<\/strong>. Wspieramy rozw\u00f3j j\u0119zykowy dedykowanymi kursami j\u0119zykowymi.<a href=\"https:\/\/www.facebook.com\/sharer\/sharer.php?u=https:\/\/capgeminisoftware.pl\/jezyki\/\" target=\"_blank\" rel=\"noreferrer noopener\"><\/a><\/p>\n\n\n\n<div class=\"wp-block-columns are-vertically-aligned-center is-layout-flex wp-container-core-columns-is-layout-28f84493 wp-block-columns-is-layout-flex\">\n<div class=\"wp-block-column is-vertically-aligned-center is-layout-flow wp-block-column-is-layout-flow\">\n<div class=\"wp-block-group is-content-justification-space-between is-nowrap is-layout-flex wp-container-core-group-is-layout-cb46ffcb wp-block-group-is-layout-flex\">\n<h4 class=\"wp-block-heading\">J\u0119zyk angielski<br><\/h4>\n\n\n\n<figure class=\"wp-block-image size-full\"><img loading=\"lazy\" decoding=\"async\" width=\"24\" height=\"24\" src=\"https:\/\/www.capgemini.com\/pl-pl\/wp-content\/uploads\/sites\/27\/2023\/12\/image-72.png\" alt=\"\" class=\"wp-image-898688\"\/><\/figure>\n<\/div>\n\n\n\n<p>W projektach realizowanych dla partner\u00f3w angloj\u0119zycznych oczekujemy komunikatywnej znajomo\u015bci j\u0119zyka angielskiego w mowie i pi\u015bmie (B1\/B2+). Je\u015bli deklarujesz taki poziom, powiniene\u015b budowa\u0107 swobodne wypowiedzi na tematy konkretne i abstrakcyjne oraz prowadzi\u0107 merytoryczne dyskusje na dany temat. Potrafisz te\u017c tworzy\u0107 przejrzyste oraz szczeg\u00f3\u0142owe wypowiedzi, jednocze\u015bnie wyja\u015bniaj\u0105c sw\u00f3j punkt widzenia oraz rozwa\u017caj\u0105c wady, zalety czy inne mo\u017cliwo\u015bci.<\/p>\n\n\n\n<div class=\"wp-block-buttons is-layout-flex wp-block-buttons-is-layout-flex\">\n<div class=\"wp-block-button\"><a class=\"wp-block-button__link wp-element-button\" href=\"https:\/\/www.capgemini.com\/pl-pl\/wp-content\/uploads\/sites\/27\/2023\/12\/fiszki_angielski.pdf\" target=\"_blank\" rel=\"noreferrer noopener\">Pobierz fiszki<\/a><\/div>\n<\/div>\n<\/div>\n\n\n\n<div class=\"wp-block-column is-vertically-aligned-center is-layout-flow wp-block-column-is-layout-flow\">\n<figure class=\"wp-block-image size-large\"><img loading=\"lazy\" decoding=\"async\" height=\"683\" width=\"1024\" src=\"https:\/\/www.capgemini.com\/pl-pl\/wp-content\/uploads\/sites\/27\/2023\/12\/image-73.png?w=960\" alt=\"\" class=\"wp-image-898689\" srcset=\"https:\/\/www.capgemini.com\/pl-pl\/wp-content\/uploads\/sites\/27\/2023\/12\/image-73.png 1800w, https:\/\/www.capgemini.com\/pl-pl\/wp-content\/uploads\/sites\/27\/2023\/12\/image-73.png?resize=300,200 300w, https:\/\/www.capgemini.com\/pl-pl\/wp-content\/uploads\/sites\/27\/2023\/12\/image-73.png?resize=768,512 768w, https:\/\/www.capgemini.com\/pl-pl\/wp-content\/uploads\/sites\/27\/2023\/12\/image-73.png?resize=1024,683 1024w, https:\/\/www.capgemini.com\/pl-pl\/wp-content\/uploads\/sites\/27\/2023\/12\/image-73.png?resize=1536,1024 1536w\" sizes=\"auto, (max-width: 1024px) 100vw, 1024px\" \/><\/figure>\n<\/div>\n<\/div>\n\n\n\n<div class=\"wp-block-columns are-vertically-aligned-center is-layout-flex wp-container-core-columns-is-layout-28f84493 wp-block-columns-is-layout-flex\">\n<div class=\"wp-block-column is-vertically-aligned-center is-layout-flow wp-block-column-is-layout-flow\">\n<figure class=\"wp-block-image size-large\"><img loading=\"lazy\" decoding=\"async\" height=\"683\" width=\"1024\" src=\"https:\/\/www.capgemini.com\/pl-pl\/wp-content\/uploads\/sites\/27\/2023\/12\/image-75.png?w=960\" alt=\"\" class=\"wp-image-898691\" srcset=\"https:\/\/www.capgemini.com\/pl-pl\/wp-content\/uploads\/sites\/27\/2023\/12\/image-75.png 1800w, https:\/\/www.capgemini.com\/pl-pl\/wp-content\/uploads\/sites\/27\/2023\/12\/image-75.png?resize=300,200 300w, https:\/\/www.capgemini.com\/pl-pl\/wp-content\/uploads\/sites\/27\/2023\/12\/image-75.png?resize=768,512 768w, https:\/\/www.capgemini.com\/pl-pl\/wp-content\/uploads\/sites\/27\/2023\/12\/image-75.png?resize=1024,683 1024w, https:\/\/www.capgemini.com\/pl-pl\/wp-content\/uploads\/sites\/27\/2023\/12\/image-75.png?resize=1536,1024 1536w\" sizes=\"auto, (max-width: 1024px) 100vw, 1024px\" \/><\/figure>\n<\/div>\n\n\n\n<div class=\"wp-block-column is-vertically-aligned-center is-layout-flow wp-block-column-is-layout-flow\">\n<div class=\"wp-block-group is-content-justification-space-between is-nowrap is-layout-flex wp-container-core-group-is-layout-cb46ffcb wp-block-group-is-layout-flex\">\n<h4 class=\"wp-block-heading\">J\u0119zyk niemiecki<\/h4>\n\n\n\n<figure class=\"wp-block-image size-full\"><img loading=\"lazy\" decoding=\"async\" width=\"24\" height=\"24\" src=\"https:\/\/www.capgemini.com\/pl-pl\/wp-content\/uploads\/sites\/27\/2023\/12\/image-74.png\" alt=\"\" class=\"wp-image-898690\"\/><\/figure>\n<\/div>\n\n\n\n<p>W wi\u0119kszo\u015bci oferowanych przez nas stanowisk, gdzie wymagana jest znajomo\u015b\u0107 j\u0119zyka niemieckiego, oczekujemy poziomu A2. Oznacza to, \u017ce rozumiesz wypowiedzi i wyra\u017cenia zwi\u0105zane z \u017cyciem codziennym. Potrafisz porozumiewa\u0107 si\u0119 w prostych sytuacjach komunikacyjnych. Opisujesz swoje pochodzenie oraz otoczenie, w kt\u00f3rym przebywasz. Wypowiadasz si\u0119 na tematy og\u00f3lne dotycz\u0105ce swoich potrzeb oraz czynno\u015bci \u017cyciowych. Budujesz zdania oparte o czas tera\u017aniejszy i przesz\u0142y, u\u017cywaj\u0105c podstawowych czasownik\u00f3w modalnych,takich jak: m\u00f6gen, m\u00f6chten, k\u00f6nnen, wollen.<\/p>\n\n\n\n<div class=\"wp-block-buttons is-layout-flex wp-block-buttons-is-layout-flex\">\n<div class=\"wp-block-button\"><a class=\"wp-block-button__link wp-element-button\" href=\"https:\/\/www.capgemini.com\/pl-pl\/wp-content\/uploads\/sites\/27\/2023\/12\/fiszki_niemiecki.pdf\" target=\"_blank\" rel=\"noreferrer noopener\">Pobierz fiszki<\/a><\/div>\n<\/div>\n<\/div>\n<\/div>\n\n\n\n<h2 class=\"wp-block-heading\" id=\"h-kursy-jezykowe-w-capgemini\">Kursy j\u0119zykowe w Capgemini<\/h2>\n\n\n\n<p>Wspieramy rozw\u00f3j naszych pracownik\u00f3w, dlatego je\u015bli do nas do\u0142\u0105czysz, b\u0119dziesz mie\u0107 mo\u017cliwo\u015b\u0107 podnoszenia swoich umiej\u0119tno\u015bci j\u0119zykowych, uczestnicz\u0105c w kursach indywidualnych lub grupowych. Oferujemy nauk\u0119 j\u0119zyka angielskiego i niemieckiego, a obcokrajowcom proponujemy dedykowany kurs j\u0119zyka polskiego.<br>Wsp\u00f3\u0142pracujemy z profesjonalnymi szko\u0142ami j\u0119zykowymi, kt\u00f3re zapewniaj\u0105 wykwalifikowan\u0105 kadr\u0119 dydaktyczn\u0105 oraz sprawdzone techniki nauczania. Nasi lektorzy dbaj\u0105 o dobr\u0105 atmosfer\u0119 na zaj\u0119ciach oraz przekazuj\u0105 wiedz\u0119 praktyczn\u0105, aby\u015b m\u00f3g\u0142 swobodnie komunikowa\u0107 si\u0119 w j\u0119zyku obcym.<\/p>\n\n\n\n<p>Zaj\u0119cia odbywaj\u0105 si\u0119 w biurach Capgemini lub online, aby zapewni\u0107 komfort nauki.<\/p>\n\n\n\n<div class=\"wp-block-columns are-vertically-aligned-center has-background is-layout-flex wp-container-core-columns-is-layout-28f84493 wp-block-columns-is-layout-flex\" style=\"background-color:#15011d\">\n<div class=\"wp-block-column is-vertically-aligned-center is-layout-flow wp-block-column-is-layout-flow\">\n<p><a href=\"https:\/\/youtu.be\/x6SvHGsB828\">https:\/\/youtu.be\/x6SvHGsB828<\/a><\/p>\n<\/div>\n\n\n\n<div class=\"wp-block-column is-vertically-aligned-center is-layout-flow wp-block-column-is-layout-flow\">\n<h3 class=\"wp-block-heading has-white-color has-text-color\" id=\"h-jezyki-obce-w-pracy-w-branzy-it\">J\u0119zyki obce w pracy w bran\u017cy IT<\/h3>\n<\/div>\n<\/div>\n<\/div><\/div><\/div><\/div><\/div><\/section>\n","protected":false},"excerpt":{"rendered":"","protected":false},"author":413,"featured_media":0,"parent":515050,"menu_order":0,"comment_status":"closed","ping_status":"closed","template":"","meta":{"cg_dt_proposed_to":[],"cg_seo_hreflang_relations":"[]","cg_seo_canonical_relation":"","cg_seo_hreflang_x_default_relation":"{\"uuid\":\"a125ada9-e3f4-4e8a-b00d-d1de12fa9351\",\"blogId\":\"\",\"domain\":\"\",\"sitePath\":\"\",\"postLink\":\"\",\"postId\":null,\"isSaved\":true,\"isCrossLink\":false,\"hasCrossLink\":false}","cg_dt_approved_content":true,"cg_dt_mandatory_content":false,"cg_dt_notes":"","cg_dg_source_changed":false,"cg_dt_link_disabled":false,"_yoast_wpseo_primary_brand":"","footnotes":"","featured_focal_points":"","partner_card_description":"","gsap_animation":0},"brand":[],"partner_type":[],"service":[],"industry":[],"partners":[],"page-type":[],"content-group":[],"class_list":["post-898680","page","type-page","status-publish","hentry"],"yoast_head":"<!-- This site is optimized with the Yoast SEO Premium plugin v22.8 (Yoast SEO v22.8) - https:\/\/yoast.com\/wordpress\/plugins\/seo\/ -->\n<title>J\u0119zyki obce w projektach IT - Capgemini Poland<\/title>\n<meta name=\"robots\" content=\"index, follow, max-snippet:-1, max-image-preview:large, max-video-preview:-1\" \/>\n<link rel=\"canonical\" href=\"https:\/\/www.capgemini.com\/pl-pl\/kariera\/software\/jezyki\/\" \/>\n<meta property=\"og:locale\" content=\"pl_PL\" \/>\n<meta property=\"og:type\" content=\"article\" \/>\n<meta property=\"og:title\" content=\"J\u0119zyki obce w projektach IT\" \/>\n<meta property=\"og:url\" content=\"https:\/\/www.capgemini.com\/pl-pl\/kariera\/software\/jezyki\/\" \/>\n<meta property=\"og:site_name\" content=\"Capgemini Poland\" \/>\n<meta property=\"article:modified_time\" content=\"2025-03-12T04:56:08+00:00\" \/>\n<meta property=\"og:image\" content=\"https:\/\/www.capgemini.com\/pl-pl\/wp-content\/uploads\/sites\/27\/2023\/12\/IMG_0031-1.webp\" \/>\n<meta name=\"twitter:card\" content=\"summary_large_image\" \/>\n<script type=\"application\/ld+json\" class=\"yoast-schema-graph\">{\"@context\":\"https:\/\/schema.org\",\"@graph\":[{\"@type\":\"WebPage\",\"@id\":\"https:\/\/www.capgemini.com\/pl-pl\/kariera\/software\/jezyki\/\",\"url\":\"https:\/\/www.capgemini.com\/pl-pl\/kariera\/software\/jezyki\/\",\"name\":\"J\u0119zyki obce w projektach IT - Capgemini Poland\",\"isPartOf\":{\"@id\":\"https:\/\/www.capgemini.com\/pl-pl\/#website\"},\"primaryImageOfPage\":{\"@id\":\"https:\/\/www.capgemini.com\/pl-pl\/kariera\/software\/jezyki\/#primaryimage\"},\"image\":{\"@id\":\"https:\/\/www.capgemini.com\/pl-pl\/kariera\/software\/jezyki\/#primaryimage\"},\"thumbnailUrl\":\"https:\/\/www.capgemini.com\/pl-pl\/wp-content\/uploads\/sites\/27\/2023\/12\/IMG_0031-1.webp\",\"datePublished\":\"2023-12-13T14:49:28+00:00\",\"dateModified\":\"2025-03-12T04:56:08+00:00\",\"breadcrumb\":{\"@id\":\"https:\/\/www.capgemini.com\/pl-pl\/kariera\/software\/jezyki\/#breadcrumb\"},\"inLanguage\":\"pl-PL\",\"potentialAction\":[{\"@type\":\"ReadAction\",\"target\":[\"https:\/\/www.capgemini.com\/pl-pl\/kariera\/software\/jezyki\/\"]}]},{\"@type\":\"ImageObject\",\"inLanguage\":\"pl-PL\",\"@id\":\"https:\/\/www.capgemini.com\/pl-pl\/kariera\/software\/jezyki\/#primaryimage\",\"url\":\"https:\/\/www.capgemini.com\/pl-pl\/wp-content\/uploads\/sites\/27\/2023\/12\/IMG_0031-1.webp\",\"contentUrl\":\"https:\/\/www.capgemini.com\/pl-pl\/wp-content\/uploads\/sites\/27\/2023\/12\/IMG_0031-1.webp\",\"width\":1800,\"height\":1200},{\"@type\":\"BreadcrumbList\",\"@id\":\"https:\/\/www.capgemini.com\/pl-pl\/kariera\/software\/jezyki\/#breadcrumb\",\"itemListElement\":[{\"@type\":\"ListItem\",\"position\":1,\"name\":\"Home\",\"item\":\"https:\/\/www.capgemini.com\/pl-pl\/\"},{\"@type\":\"ListItem\",\"position\":2,\"name\":\"Kariera\",\"item\":\"https:\/\/www.capgemini.com\/pl-pl\/kariera\/\"},{\"@type\":\"ListItem\",\"position\":3,\"name\":\"J\u0119zyki obce w projektach IT\"}]},{\"@type\":\"WebSite\",\"@id\":\"https:\/\/www.capgemini.com\/pl-pl\/#website\",\"url\":\"https:\/\/www.capgemini.com\/pl-pl\/\",\"name\":\"Capgemini Polska\",\"description\":\"Capgemini\",\"potentialAction\":[{\"@type\":\"SearchAction\",\"target\":{\"@type\":\"EntryPoint\",\"urlTemplate\":\"https:\/\/www.capgemini.com\/pl-pl\/?s={search_term_string}\"},\"query-input\":\"required name=search_term_string\"}],\"inLanguage\":\"pl-PL\"}]}<\/script>\n<!-- \/ Yoast SEO Premium plugin. -->","yoast_head_json":{"title":"J\u0119zyki obce w projektach IT - Capgemini Poland","robots":{"index":"index","follow":"follow","max-snippet":"max-snippet:-1","max-image-preview":"max-image-preview:large","max-video-preview":"max-video-preview:-1"},"canonical":"https:\/\/www.capgemini.com\/pl-pl\/kariera\/software\/jezyki\/","og_locale":"pl_PL","og_type":"article","og_title":"J\u0119zyki obce w projektach IT","og_url":"https:\/\/www.capgemini.com\/pl-pl\/kariera\/software\/jezyki\/","og_site_name":"Capgemini Poland","article_modified_time":"2025-03-12T04:56:08+00:00","og_image":[{"url":"https:\/\/www.capgemini.com\/pl-pl\/wp-content\/uploads\/sites\/27\/2023\/12\/IMG_0031-1.webp"}],"twitter_card":"summary_large_image","schema":{"@context":"https:\/\/schema.org","@graph":[{"@type":"WebPage","@id":"https:\/\/www.capgemini.com\/pl-pl\/kariera\/software\/jezyki\/","url":"https:\/\/www.capgemini.com\/pl-pl\/kariera\/software\/jezyki\/","name":"J\u0119zyki obce w projektach IT - Capgemini Poland","isPartOf":{"@id":"https:\/\/www.capgemini.com\/pl-pl\/#website"},"primaryImageOfPage":{"@id":"https:\/\/www.capgemini.com\/pl-pl\/kariera\/software\/jezyki\/#primaryimage"},"image":{"@id":"https:\/\/www.capgemini.com\/pl-pl\/kariera\/software\/jezyki\/#primaryimage"},"thumbnailUrl":"https:\/\/www.capgemini.com\/pl-pl\/wp-content\/uploads\/sites\/27\/2023\/12\/IMG_0031-1.webp","datePublished":"2023-12-13T14:49:28+00:00","dateModified":"2025-03-12T04:56:08+00:00","breadcrumb":{"@id":"https:\/\/www.capgemini.com\/pl-pl\/kariera\/software\/jezyki\/#breadcrumb"},"inLanguage":"pl-PL","potentialAction":[{"@type":"ReadAction","target":["https:\/\/www.capgemini.com\/pl-pl\/kariera\/software\/jezyki\/"]}]},{"@type":"ImageObject","inLanguage":"pl-PL","@id":"https:\/\/www.capgemini.com\/pl-pl\/kariera\/software\/jezyki\/#primaryimage","url":"https:\/\/www.capgemini.com\/pl-pl\/wp-content\/uploads\/sites\/27\/2023\/12\/IMG_0031-1.webp","contentUrl":"https:\/\/www.capgemini.com\/pl-pl\/wp-content\/uploads\/sites\/27\/2023\/12\/IMG_0031-1.webp","width":1800,"height":1200},{"@type":"BreadcrumbList","@id":"https:\/\/www.capgemini.com\/pl-pl\/kariera\/software\/jezyki\/#breadcrumb","itemListElement":[{"@type":"ListItem","position":1,"name":"Home","item":"https:\/\/www.capgemini.com\/pl-pl\/"},{"@type":"ListItem","position":2,"name":"Kariera","item":"https:\/\/www.capgemini.com\/pl-pl\/kariera\/"},{"@type":"ListItem","position":3,"name":"J\u0119zyki obce w projektach IT"}]},{"@type":"WebSite","@id":"https:\/\/www.capgemini.com\/pl-pl\/#website","url":"https:\/\/www.capgemini.com\/pl-pl\/","name":"Capgemini Polska","description":"Capgemini","potentialAction":[{"@type":"SearchAction","target":{"@type":"EntryPoint","urlTemplate":"https:\/\/www.capgemini.com\/pl-pl\/?s={search_term_string}"},"query-input":"required name=search_term_string"}],"inLanguage":"pl-PL"}]}},"brand_term":[],"parsely":{"version":"1.1.0","canonical_url":"https:\/\/capgemini.com\/pl-pl\/kariera\/software\/jezyki\/","smart_links":{"inbound":0,"outbound":0},"traffic_boost_suggestions_count":0,"meta":{"@context":"https:\/\/schema.org","@type":"WebPage","headline":"J\u0119zyki obce w projektach IT","url":"https:\/\/www.capgemini.com\/pl-pl\/kariera\/software\/jezyki\/","mainEntityOfPage":{"@type":"WebPage","@id":"https:\/\/www.capgemini.com\/pl-pl\/kariera\/software\/jezyki\/"},"thumbnailUrl":"","image":{"@type":"ImageObject","url":""},"articleSection":"Uncategorized","author":[],"creator":[],"publisher":{"@type":"Organization","name":"Capgemini Poland","logo":""},"keywords":[],"dateCreated":"2023-12-13T14:49:28Z","datePublished":"2023-12-13T14:49:28Z","dateModified":"2025-03-12T04:56:08Z"},"rendered":"<meta name=\"parsely-title\" content=\"J\u0119zyki obce w projektach IT\" \/>\n<meta name=\"parsely-link\" content=\"https:\/\/www.capgemini.com\/pl-pl\/kariera\/software\/jezyki\/\" \/>\n<meta name=\"parsely-type\" content=\"index\" \/>\n<meta name=\"parsely-pub-date\" content=\"2023-12-13T14:49:28Z\" \/>\n<meta name=\"parsely-section\" content=\"Uncategorized\" \/>","tracker_url":"https:\/\/cdn.parsely.com\/keys\/capgemini.com\/p.js"},"archive_status":false,"featured_image_src":"https:\/\/www.capgemini.com\/pl-pl\/wp-content\/themes\/capgemini2025\/assets\/images\/mockup.png","featured_image_alt":false,"jetpack_sharing_enabled":true,"distributor_meta":false,"distributor_terms":false,"distributor_media":false,"distributor_original_site_name":"Capgemini Poland","distributor_original_site_url":"https:\/\/www.capgemini.com\/pl-pl","push-errors":false,"_links":{"self":[{"href":"https:\/\/www.capgemini.com\/pl-pl\/wp-json\/wp\/v2\/pages\/898680","targetHints":{"allow":["GET"]}}],"collection":[{"href":"https:\/\/www.capgemini.com\/pl-pl\/wp-json\/wp\/v2\/pages"}],"about":[{"href":"https:\/\/www.capgemini.com\/pl-pl\/wp-json\/wp\/v2\/types\/page"}],"author":[{"embeddable":true,"href":"https:\/\/www.capgemini.com\/pl-pl\/wp-json\/wp\/v2\/users\/413"}],"replies":[{"embeddable":true,"href":"https:\/\/www.capgemini.com\/pl-pl\/wp-json\/wp\/v2\/comments?post=898680"}],"version-history":[{"count":9,"href":"https:\/\/www.capgemini.com\/pl-pl\/wp-json\/wp\/v2\/pages\/898680\/revisions"}],"predecessor-version":[{"id":908989,"href":"https:\/\/www.capgemini.com\/pl-pl\/wp-json\/wp\/v2\/pages\/898680\/revisions\/908989"}],"up":[{"embeddable":true,"href":"https:\/\/www.capgemini.com\/pl-pl\/wp-json\/wp\/v2\/pages\/515050"}],"wp:attachment":[{"href":"https:\/\/www.capgemini.com\/pl-pl\/wp-json\/wp\/v2\/media?parent=898680"}],"wp:term":[{"taxonomy":"brand","embeddable":true,"href":"https:\/\/www.capgemini.com\/pl-pl\/wp-json\/wp\/v2\/brand?post=898680"},{"taxonomy":"partner_type","embeddable":true,"href":"https:\/\/www.capgemini.com\/pl-pl\/wp-json\/wp\/v2\/partner_type?post=898680"},{"taxonomy":"service","embeddable":true,"href":"https:\/\/www.capgemini.com\/pl-pl\/wp-json\/wp\/v2\/service?post=898680"},{"taxonomy":"industry","embeddable":true,"href":"https:\/\/www.capgemini.com\/pl-pl\/wp-json\/wp\/v2\/industry?post=898680"},{"taxonomy":"partners","embeddable":true,"href":"https:\/\/www.capgemini.com\/pl-pl\/wp-json\/wp\/v2\/partners?post=898680"},{"taxonomy":"page-type","embeddable":true,"href":"https:\/\/www.capgemini.com\/pl-pl\/wp-json\/wp\/v2\/page-type?post=898680"},{"taxonomy":"content-group","embeddable":true,"href":"https:\/\/www.capgemini.com\/pl-pl\/wp-json\/wp\/v2\/content-group?post=898680"}],"curies":[{"name":"wp","href":"https:\/\/api.w.org\/{rel}","templated":true}]}}