{"id":898601,"date":"2023-12-13T13:05:23","date_gmt":"2023-12-13T13:05:23","guid":{"rendered":"https:\/\/www.capgemini.com\/pl-pl\/?page_id=898601"},"modified":"2025-03-12T04:58:15","modified_gmt":"2025-03-12T04:58:15","slug":"integrated-systems-that-enable-processing-a-large-volume-of-data","status":"publish","type":"page","link":"https:\/\/www.capgemini.com\/pl-pl\/kariera\/software\/projects\/integrated-systems-that-enable-processing-a-large-volume-of-data\/","title":{"rendered":"Integrated systems that enable processing a large volume of data"},"content":{"rendered":"\n<section class=\"wp-block-cg-blocks-group undefined section section--article-content\"><div class=\"article-main-content\"><div class=\"container\"><div class=\"row\"><div class=\"col-12 col-md-11 col-lg-10 offset-md-1 offset-lg-1\"><div class=\"article-text article-quote-text\">\n<div class=\"wp-block-columns is-layout-flex wp-container-core-columns-is-layout-28f84493 wp-block-columns-is-layout-flex\">\n<div class=\"wp-block-column is-layout-flow wp-block-column-is-layout-flow\" style=\"flex-basis:66.66%\">\n<figure class=\"wp-block-image size-large is-resized\"><img decoding=\"async\" src=\"https:\/\/www.capgemini.com\/pl-pl\/wp-content\/uploads\/sites\/27\/2023\/12\/Zintegrowane-systemy-przetwarzajace-1.svg?w=960\" alt=\"\" class=\"wp-image-898569\" style=\"aspect-ratio:1.5639810426540284;width:744px;height:auto\"\/><\/figure>\n<\/div>\n\n\n\n<div class=\"wp-block-column is-layout-flow wp-block-column-is-layout-flow\" style=\"flex-basis:33.33%\">\n<div class=\"wp-block-cover has-white-color has-text-color\" style=\"min-height:150px;aspect-ratio:unset;\"><span aria-hidden=\"true\" class=\"wp-block-cover__background has-background-dim-100 has-background-dim\" style=\"background-color:#336b7d\"><\/span><div class=\"wp-block-cover__inner-container has-global-padding is-layout-constrained wp-block-cover-is-layout-constrained\">\n<h4 class=\"wp-block-heading has-white-color has-text-color\" id=\"h-client\">CLIENT<\/h4>\n\n\n\n<p class=\"has-white-color has-text-color\">Serving the public sector<\/p>\n<\/div><\/div>\n\n\n\n<div style=\"height:15px\" aria-hidden=\"true\" class=\"wp-block-spacer\"><\/div>\n\n\n\n<div class=\"wp-block-cover has-white-color has-text-color\" style=\"min-height:150px;aspect-ratio:unset;\"><span aria-hidden=\"true\" class=\"wp-block-cover__background has-background-dim-100 has-background-dim\" style=\"background-color:#0f878a\"><\/span><div class=\"wp-block-cover__inner-container has-global-padding is-layout-constrained wp-block-cover-is-layout-constrained\">\n<h4 class=\"wp-block-heading has-white-color has-text-color\" id=\"h-sector\">SECTOR<\/h4>\n\n\n\n<p class=\"has-white-color has-text-color\">Public<\/p>\n<\/div><\/div>\n\n\n\n<div style=\"height:15px\" aria-hidden=\"true\" class=\"wp-block-spacer\"><\/div>\n\n\n\n<div class=\"wp-block-cover has-white-color has-text-color\" style=\"min-height:150px;aspect-ratio:unset;\"><span aria-hidden=\"true\" class=\"wp-block-cover__background has-background-dim-100 has-background-dim\" style=\"background-color:#00b2a2\"><\/span><div class=\"wp-block-cover__inner-container has-global-padding is-layout-constrained wp-block-cover-is-layout-constrained\">\n<h4 class=\"wp-block-heading has-white-color has-text-color\" id=\"h-methodology\">METHODOLOGY<\/h4>\n\n\n\n<p class=\"has-white-color has-text-color\">Waterfall, Agile<\/p>\n<\/div><\/div>\n\n\n\n<div style=\"height:15px\" aria-hidden=\"true\" class=\"wp-block-spacer\"><\/div>\n\n\n\n<div class=\"wp-block-cover is-light has-white-color has-text-color\" style=\"min-height:150px;aspect-ratio:unset;\"><span aria-hidden=\"true\" class=\"wp-block-cover__background has-background-dim-100 has-background-dim\" style=\"background-color:#57cf80\"><\/span><div class=\"wp-block-cover__inner-container has-global-padding is-layout-constrained wp-block-cover-is-layout-constrained\">\n<h4 class=\"wp-block-heading has-white-color has-text-color\" id=\"h-competences\">COMPETENCES<\/h4>\n\n\n\n<p class=\"has-white-color has-text-color\">Development, Testing<\/p>\n<\/div><\/div>\n<\/div>\n<\/div>\n\n\n\n<h3 class=\"wp-block-heading\">Business need:<\/h3>\n\n\n\n<p>Delivery of integrated systems in order to enable processing and analysis of a large volume of sensitive data with strong emphasis on functional and performance reliability as well as on high security level.<\/p>\n\n\n\n<h3 class=\"wp-block-heading\">What have we done?<\/h3>\n\n\n\n<p>We have implemented a solution that includes:<br>\u2022 Building a central test organization supporting testers working in project teams<br>\u2022 \u201eShift left\u201d testing and TDD (Test-Driven-Development) approach<br>\u2022 Emphasis on smart test automation<br>\u2022 Combination of testing processes and release management (testing pipelines, quality gates, automated regression)<br>\u2022 Advanced performance and load tests on dedicated and production-like environments<br>\u2022 Advanced security tests (OWASP Top10, static and penetration testing etc.)<br>\u2022 Access to the quality level in the program: intelligent reports, tracking relation between requirements, tests, results and found bugs.<\/p>\n\n\n\n<h3 class=\"wp-block-heading\">Technologies<\/h3>\n\n\n\n<div class=\"wp-block-group is-nowrap is-layout-flex wp-container-core-group-is-layout-6c531013 wp-block-group-is-layout-flex\">\n<figure class=\"wp-block-image\"><img decoding=\"async\" src=\"https:\/\/capgeminisoftware.pl\/app\/uploads\/2022\/10\/26.svg\" alt=\"tech-icon\"\/><\/figure>\n\n\n\n<figure class=\"wp-block-image\"><img decoding=\"async\" src=\"https:\/\/capgeminisoftware.pl\/app\/uploads\/2020\/06\/java.png\" alt=\"tech-icon\"\/><\/figure>\n\n\n\n<figure class=\"wp-block-image\"><img decoding=\"async\" src=\"https:\/\/capgeminisoftware.pl\/app\/uploads\/2020\/06\/spring.png\" alt=\"tech-icon\"\/><\/figure>\n<\/div>\n<\/div><\/div><\/div><\/div><\/div><\/section>\n","protected":false},"excerpt":{"rendered":"","protected":false},"author":650,"featured_media":0,"parent":898522,"menu_order":0,"comment_status":"closed","ping_status":"closed","template":"","meta":{"cg_dt_proposed_to":[],"cg_seo_hreflang_relations":"[]","cg_seo_canonical_relation":"","cg_seo_hreflang_x_default_relation":"{\"uuid\":\"bf3dab26-87af-416d-8321-809119dfa792\",\"blogId\":\"\",\"domain\":\"\",\"sitePath\":\"\",\"postLink\":\"\",\"postId\":null,\"isSaved\":true,\"isCrossLink\":false,\"hasCrossLink\":false}","cg_dt_approved_content":true,"cg_dt_mandatory_content":false,"cg_dt_notes":"","cg_dg_source_changed":false,"cg_dt_link_disabled":false,"_yoast_wpseo_primary_brand":"","footnotes":"","featured_focal_points":"","partner_card_description":"","gsap_animation":0},"brand":[],"partner_type":[],"service":[],"industry":[],"partners":[],"page-type":[],"content-group":[],"class_list":["post-898601","page","type-page","status-publish","hentry"],"yoast_head":"<!-- This site is optimized with the Yoast SEO Premium plugin v22.8 (Yoast SEO v22.8) - https:\/\/yoast.com\/wordpress\/plugins\/seo\/ -->\n<title>Integrated systems that enable processing a large volume of data - Capgemini Poland<\/title>\n<meta name=\"robots\" content=\"index, follow, max-snippet:-1, max-image-preview:large, max-video-preview:-1\" \/>\n<link rel=\"canonical\" href=\"https:\/\/www.capgemini.com\/pl-pl\/kariera\/software\/projects\/integrated-systems-that-enable-processing-a-large-volume-of-data\/\" \/>\n<meta property=\"og:locale\" content=\"pl_PL\" \/>\n<meta property=\"og:type\" content=\"article\" \/>\n<meta property=\"og:title\" content=\"Integrated systems that enable processing a large volume of data\" \/>\n<meta property=\"og:url\" content=\"https:\/\/www.capgemini.com\/pl-pl\/kariera\/software\/projects\/integrated-systems-that-enable-processing-a-large-volume-of-data\/\" \/>\n<meta property=\"og:site_name\" content=\"Capgemini Poland\" \/>\n<meta property=\"article:modified_time\" content=\"2025-03-12T04:58:15+00:00\" \/>\n<meta property=\"og:image\" content=\"https:\/\/prod.ucwe.capgemini.com\/pl-pl\/wp-content\/uploads\/sites\/27\/2023\/12\/Zintegrowane-systemy-przetwarzajace-1.svg?w=960\" \/>\n<meta name=\"twitter:card\" content=\"summary_large_image\" \/>\n<script type=\"application\/ld+json\" class=\"yoast-schema-graph\">{\"@context\":\"https:\/\/schema.org\",\"@graph\":[{\"@type\":\"WebPage\",\"@id\":\"https:\/\/www.capgemini.com\/pl-pl\/kariera\/software\/projects\/integrated-systems-that-enable-processing-a-large-volume-of-data\/\",\"url\":\"https:\/\/www.capgemini.com\/pl-pl\/kariera\/software\/projects\/integrated-systems-that-enable-processing-a-large-volume-of-data\/\",\"name\":\"Integrated systems that enable processing a large volume of data - Capgemini Poland\",\"isPartOf\":{\"@id\":\"https:\/\/www.capgemini.com\/pl-pl\/#website\"},\"primaryImageOfPage\":{\"@id\":\"https:\/\/www.capgemini.com\/pl-pl\/kariera\/software\/projects\/integrated-systems-that-enable-processing-a-large-volume-of-data\/#primaryimage\"},\"image\":{\"@id\":\"https:\/\/www.capgemini.com\/pl-pl\/kariera\/software\/projects\/integrated-systems-that-enable-processing-a-large-volume-of-data\/#primaryimage\"},\"thumbnailUrl\":\"https:\/\/www.capgemini.com\/pl-pl\/wp-content\/uploads\/sites\/27\/2023\/12\/Zintegrowane-systemy-przetwarzajace-1.svg?w=960\",\"datePublished\":\"2023-12-13T13:05:23+00:00\",\"dateModified\":\"2025-03-12T04:58:15+00:00\",\"breadcrumb\":{\"@id\":\"https:\/\/www.capgemini.com\/pl-pl\/kariera\/software\/projects\/integrated-systems-that-enable-processing-a-large-volume-of-data\/#breadcrumb\"},\"inLanguage\":\"pl-PL\",\"potentialAction\":[{\"@type\":\"ReadAction\",\"target\":[\"https:\/\/www.capgemini.com\/pl-pl\/kariera\/software\/projects\/integrated-systems-that-enable-processing-a-large-volume-of-data\/\"]}]},{\"@type\":\"ImageObject\",\"inLanguage\":\"pl-PL\",\"@id\":\"https:\/\/www.capgemini.com\/pl-pl\/kariera\/software\/projects\/integrated-systems-that-enable-processing-a-large-volume-of-data\/#primaryimage\",\"url\":\"https:\/\/www.capgemini.com\/pl-pl\/wp-content\/uploads\/sites\/27\/2023\/12\/Zintegrowane-systemy-przetwarzajace-1.svg\",\"contentUrl\":\"https:\/\/www.capgemini.com\/pl-pl\/wp-content\/uploads\/sites\/27\/2023\/12\/Zintegrowane-systemy-przetwarzajace-1.svg\",\"caption\":\"ikona pokazuj\u0105ce systemy dokumentacji oraz dwie osoby pracuj\u0105ce przy organizacji dokument\u00f3w\"},{\"@type\":\"BreadcrumbList\",\"@id\":\"https:\/\/www.capgemini.com\/pl-pl\/kariera\/software\/projects\/integrated-systems-that-enable-processing-a-large-volume-of-data\/#breadcrumb\",\"itemListElement\":[{\"@type\":\"ListItem\",\"position\":1,\"name\":\"Home\",\"item\":\"https:\/\/www.capgemini.com\/pl-pl\/\"},{\"@type\":\"ListItem\",\"position\":2,\"name\":\"Kariera\",\"item\":\"https:\/\/www.capgemini.com\/pl-pl\/kariera\/\"},{\"@type\":\"ListItem\",\"position\":3,\"name\":\"Software\",\"item\":\"https:\/\/www.capgemini.com\/pl-pl\/kariera\/software\/\"},{\"@type\":\"ListItem\",\"position\":4,\"name\":\"Projects\",\"item\":\"https:\/\/www.capgemini.com\/pl-pl\/kariera\/software\/projects\/\"},{\"@type\":\"ListItem\",\"position\":5,\"name\":\"Integrated systems that enable processing a large volume of data\"}]},{\"@type\":\"WebSite\",\"@id\":\"https:\/\/www.capgemini.com\/pl-pl\/#website\",\"url\":\"https:\/\/www.capgemini.com\/pl-pl\/\",\"name\":\"Capgemini Polska\",\"description\":\"Capgemini\",\"potentialAction\":[{\"@type\":\"SearchAction\",\"target\":{\"@type\":\"EntryPoint\",\"urlTemplate\":\"https:\/\/www.capgemini.com\/pl-pl\/?s={search_term_string}\"},\"query-input\":\"required name=search_term_string\"}],\"inLanguage\":\"pl-PL\"}]}<\/script>\n<!-- \/ Yoast SEO Premium plugin. -->","yoast_head_json":{"title":"Integrated systems that enable processing a large volume of data - Capgemini Poland","robots":{"index":"index","follow":"follow","max-snippet":"max-snippet:-1","max-image-preview":"max-image-preview:large","max-video-preview":"max-video-preview:-1"},"canonical":"https:\/\/www.capgemini.com\/pl-pl\/kariera\/software\/projects\/integrated-systems-that-enable-processing-a-large-volume-of-data\/","og_locale":"pl_PL","og_type":"article","og_title":"Integrated systems that enable processing a large volume of data","og_url":"https:\/\/www.capgemini.com\/pl-pl\/kariera\/software\/projects\/integrated-systems-that-enable-processing-a-large-volume-of-data\/","og_site_name":"Capgemini Poland","article_modified_time":"2025-03-12T04:58:15+00:00","og_image":[{"url":"https:\/\/prod.ucwe.capgemini.com\/pl-pl\/wp-content\/uploads\/sites\/27\/2023\/12\/Zintegrowane-systemy-przetwarzajace-1.svg?w=960"}],"twitter_card":"summary_large_image","schema":{"@context":"https:\/\/schema.org","@graph":[{"@type":"WebPage","@id":"https:\/\/www.capgemini.com\/pl-pl\/kariera\/software\/projects\/integrated-systems-that-enable-processing-a-large-volume-of-data\/","url":"https:\/\/www.capgemini.com\/pl-pl\/kariera\/software\/projects\/integrated-systems-that-enable-processing-a-large-volume-of-data\/","name":"Integrated systems that enable processing a large volume of data - Capgemini Poland","isPartOf":{"@id":"https:\/\/www.capgemini.com\/pl-pl\/#website"},"primaryImageOfPage":{"@id":"https:\/\/www.capgemini.com\/pl-pl\/kariera\/software\/projects\/integrated-systems-that-enable-processing-a-large-volume-of-data\/#primaryimage"},"image":{"@id":"https:\/\/www.capgemini.com\/pl-pl\/kariera\/software\/projects\/integrated-systems-that-enable-processing-a-large-volume-of-data\/#primaryimage"},"thumbnailUrl":"https:\/\/www.capgemini.com\/pl-pl\/wp-content\/uploads\/sites\/27\/2023\/12\/Zintegrowane-systemy-przetwarzajace-1.svg?w=960","datePublished":"2023-12-13T13:05:23+00:00","dateModified":"2025-03-12T04:58:15+00:00","breadcrumb":{"@id":"https:\/\/www.capgemini.com\/pl-pl\/kariera\/software\/projects\/integrated-systems-that-enable-processing-a-large-volume-of-data\/#breadcrumb"},"inLanguage":"pl-PL","potentialAction":[{"@type":"ReadAction","target":["https:\/\/www.capgemini.com\/pl-pl\/kariera\/software\/projects\/integrated-systems-that-enable-processing-a-large-volume-of-data\/"]}]},{"@type":"ImageObject","inLanguage":"pl-PL","@id":"https:\/\/www.capgemini.com\/pl-pl\/kariera\/software\/projects\/integrated-systems-that-enable-processing-a-large-volume-of-data\/#primaryimage","url":"https:\/\/www.capgemini.com\/pl-pl\/wp-content\/uploads\/sites\/27\/2023\/12\/Zintegrowane-systemy-przetwarzajace-1.svg","contentUrl":"https:\/\/www.capgemini.com\/pl-pl\/wp-content\/uploads\/sites\/27\/2023\/12\/Zintegrowane-systemy-przetwarzajace-1.svg","caption":"ikona pokazuj\u0105ce systemy dokumentacji oraz dwie osoby pracuj\u0105ce przy organizacji dokument\u00f3w"},{"@type":"BreadcrumbList","@id":"https:\/\/www.capgemini.com\/pl-pl\/kariera\/software\/projects\/integrated-systems-that-enable-processing-a-large-volume-of-data\/#breadcrumb","itemListElement":[{"@type":"ListItem","position":1,"name":"Home","item":"https:\/\/www.capgemini.com\/pl-pl\/"},{"@type":"ListItem","position":2,"name":"Kariera","item":"https:\/\/www.capgemini.com\/pl-pl\/kariera\/"},{"@type":"ListItem","position":3,"name":"Software","item":"https:\/\/www.capgemini.com\/pl-pl\/kariera\/software\/"},{"@type":"ListItem","position":4,"name":"Projects","item":"https:\/\/www.capgemini.com\/pl-pl\/kariera\/software\/projects\/"},{"@type":"ListItem","position":5,"name":"Integrated systems that enable processing a large volume of data"}]},{"@type":"WebSite","@id":"https:\/\/www.capgemini.com\/pl-pl\/#website","url":"https:\/\/www.capgemini.com\/pl-pl\/","name":"Capgemini Polska","description":"Capgemini","potentialAction":[{"@type":"SearchAction","target":{"@type":"EntryPoint","urlTemplate":"https:\/\/www.capgemini.com\/pl-pl\/?s={search_term_string}"},"query-input":"required name=search_term_string"}],"inLanguage":"pl-PL"}]}},"brand_term":[],"parsely":{"version":"1.1.0","canonical_url":"https:\/\/capgemini.com\/pl-pl\/kariera\/software\/projects\/integrated-systems-that-enable-processing-a-large-volume-of-data\/","smart_links":{"inbound":0,"outbound":0},"traffic_boost_suggestions_count":0,"meta":{"@context":"https:\/\/schema.org","@type":"WebPage","headline":"Integrated systems that enable processing a large volume of data","url":"https:\/\/www.capgemini.com\/pl-pl\/kariera\/software\/projects\/integrated-systems-that-enable-processing-a-large-volume-of-data\/","mainEntityOfPage":{"@type":"WebPage","@id":"https:\/\/www.capgemini.com\/pl-pl\/kariera\/software\/projects\/integrated-systems-that-enable-processing-a-large-volume-of-data\/"},"thumbnailUrl":"","image":{"@type":"ImageObject","url":""},"articleSection":"Uncategorized","author":[],"creator":[],"publisher":{"@type":"Organization","name":"Capgemini Poland","logo":""},"keywords":[],"dateCreated":"2023-12-13T13:05:23Z","datePublished":"2023-12-13T13:05:23Z","dateModified":"2025-03-12T04:58:15Z"},"rendered":"<meta name=\"parsely-title\" content=\"Integrated systems that enable processing a large volume of data\" \/>\n<meta name=\"parsely-link\" content=\"https:\/\/www.capgemini.com\/pl-pl\/kariera\/software\/projects\/integrated-systems-that-enable-processing-a-large-volume-of-data\/\" \/>\n<meta name=\"parsely-type\" content=\"index\" \/>\n<meta name=\"parsely-pub-date\" content=\"2023-12-13T13:05:23Z\" \/>\n<meta name=\"parsely-section\" content=\"Uncategorized\" \/>","tracker_url":"https:\/\/cdn.parsely.com\/keys\/capgemini.com\/p.js"},"archive_status":false,"featured_image_src":"https:\/\/www.capgemini.com\/pl-pl\/wp-content\/themes\/capgemini2025\/assets\/images\/mockup.png","featured_image_alt":false,"jetpack_sharing_enabled":true,"distributor_meta":false,"distributor_terms":false,"distributor_media":false,"distributor_original_site_name":"Capgemini Poland","distributor_original_site_url":"https:\/\/www.capgemini.com\/pl-pl","push-errors":false,"_links":{"self":[{"href":"https:\/\/www.capgemini.com\/pl-pl\/wp-json\/wp\/v2\/pages\/898601","targetHints":{"allow":["GET"]}}],"collection":[{"href":"https:\/\/www.capgemini.com\/pl-pl\/wp-json\/wp\/v2\/pages"}],"about":[{"href":"https:\/\/www.capgemini.com\/pl-pl\/wp-json\/wp\/v2\/types\/page"}],"author":[{"embeddable":true,"href":"https:\/\/www.capgemini.com\/pl-pl\/wp-json\/wp\/v2\/users\/650"}],"replies":[{"embeddable":true,"href":"https:\/\/www.capgemini.com\/pl-pl\/wp-json\/wp\/v2\/comments?post=898601"}],"version-history":[{"count":4,"href":"https:\/\/www.capgemini.com\/pl-pl\/wp-json\/wp\/v2\/pages\/898601\/revisions"}],"predecessor-version":[{"id":908996,"href":"https:\/\/www.capgemini.com\/pl-pl\/wp-json\/wp\/v2\/pages\/898601\/revisions\/908996"}],"up":[{"embeddable":true,"href":"https:\/\/www.capgemini.com\/pl-pl\/wp-json\/wp\/v2\/pages\/898522"}],"wp:attachment":[{"href":"https:\/\/www.capgemini.com\/pl-pl\/wp-json\/wp\/v2\/media?parent=898601"}],"wp:term":[{"taxonomy":"brand","embeddable":true,"href":"https:\/\/www.capgemini.com\/pl-pl\/wp-json\/wp\/v2\/brand?post=898601"},{"taxonomy":"partner_type","embeddable":true,"href":"https:\/\/www.capgemini.com\/pl-pl\/wp-json\/wp\/v2\/partner_type?post=898601"},{"taxonomy":"service","embeddable":true,"href":"https:\/\/www.capgemini.com\/pl-pl\/wp-json\/wp\/v2\/service?post=898601"},{"taxonomy":"industry","embeddable":true,"href":"https:\/\/www.capgemini.com\/pl-pl\/wp-json\/wp\/v2\/industry?post=898601"},{"taxonomy":"partners","embeddable":true,"href":"https:\/\/www.capgemini.com\/pl-pl\/wp-json\/wp\/v2\/partners?post=898601"},{"taxonomy":"page-type","embeddable":true,"href":"https:\/\/www.capgemini.com\/pl-pl\/wp-json\/wp\/v2\/page-type?post=898601"},{"taxonomy":"content-group","embeddable":true,"href":"https:\/\/www.capgemini.com\/pl-pl\/wp-json\/wp\/v2\/content-group?post=898601"}],"curies":[{"name":"wp","href":"https:\/\/api.w.org\/{rel}","templated":true}]}}