{"id":898541,"date":"2023-12-13T11:45:35","date_gmt":"2023-12-13T11:45:35","guid":{"rendered":"https:\/\/www.capgemini.com\/pl-pl\/?page_id=898541"},"modified":"2025-01-08T11:24:32","modified_gmt":"2025-01-08T11:24:32","slug":"aplikacja-do-zarzadzania-transportem-kontenerow-do-liniowcow","status":"publish","type":"page","link":"https:\/\/www.capgemini.com\/pl-pl\/kariera\/software\/projekty\/aplikacja-do-zarzadzania-transportem-kontenerow-do-liniowcow\/","title":{"rendered":"APLIKACJA DO ZARZ\u0104DZANIA TRANSPORTEM KONTENER\u00d3W DO LINIOWC\u00d3W"},"content":{"rendered":"\n<section class=\"wp-block-cg-blocks-group undefined section section--article-content\"><div class=\"article-main-content\"><div class=\"container\"><div class=\"row\"><div class=\"col-12 col-md-11 col-lg-10 offset-md-1 offset-lg-1\"><div class=\"article-text article-quote-text\">\n<div class=\"wp-block-columns is-layout-flex wp-container-core-columns-is-layout-28f84493 wp-block-columns-is-layout-flex\">\n<div class=\"wp-block-column is-layout-flow wp-block-column-is-layout-flow\" style=\"flex-basis:66.66%\">\n<figure class=\"wp-block-image size-full is-resized\"><img decoding=\"async\" src=\"https:\/\/www.capgemini.com\/pl-pl\/wp-content\/uploads\/sites\/27\/2023\/12\/ilustracja_5_Obszar-roboczy-1-2.svg\" alt=\"ikona przedstawiaj\u0105ca kobiet\u0119 oraz statek towarowy na tle kuli ziemskiej\" class=\"wp-image-898583\" style=\"aspect-ratio:1.0603448275862069;width:745px;height:auto\"\/><\/figure>\n<\/div>\n\n\n\n<div class=\"wp-block-column is-layout-flow wp-block-column-is-layout-flow\" style=\"flex-basis:33.33%\">\n<div class=\"wp-block-cover has-white-color has-text-color\" style=\"min-height:150px;aspect-ratio:unset;\"><span aria-hidden=\"true\" class=\"wp-block-cover__background has-background-dim-100 has-background-dim\" style=\"background-color:#336b7d\"><\/span><div class=\"wp-block-cover__inner-container has-global-padding is-layout-constrained wp-block-cover-is-layout-constrained\">\n<h4 class=\"wp-block-heading has-white-color has-text-color\" id=\"h-klient\">KLIENT<\/h4>\n\n\n\n<p class=\"has-white-color has-text-color\">Zajmuj\u0105cy si\u0119 mi\u0119dzykontynentalym transportem<\/p>\n<\/div><\/div>\n\n\n\n<div style=\"height:15px\" aria-hidden=\"true\" class=\"wp-block-spacer\"><\/div>\n\n\n\n<div class=\"wp-block-cover has-white-color has-text-color\" style=\"min-height:150px;aspect-ratio:unset;\"><span aria-hidden=\"true\" class=\"wp-block-cover__background has-background-dim-100 has-background-dim\" style=\"background-color:#0f878a\"><\/span><div class=\"wp-block-cover__inner-container has-global-padding is-layout-constrained wp-block-cover-is-layout-constrained\">\n<h4 class=\"wp-block-heading has-white-color has-text-color\" id=\"h-sektor\">SEKTOR<\/h4>\n\n\n\n<p class=\"has-white-color has-text-color\">Handel i dystrybucja<\/p>\n<\/div><\/div>\n\n\n\n<div style=\"height:15px\" aria-hidden=\"true\" class=\"wp-block-spacer\"><\/div>\n\n\n\n<div class=\"wp-block-cover has-white-color has-text-color\" style=\"min-height:150px;aspect-ratio:unset;\"><span aria-hidden=\"true\" class=\"wp-block-cover__background has-background-dim-100 has-background-dim\" style=\"background-color:#00b2a2\"><\/span><div class=\"wp-block-cover__inner-container has-global-padding is-layout-constrained wp-block-cover-is-layout-constrained\">\n<h4 class=\"wp-block-heading has-white-color has-text-color\" id=\"h-metodyka-pracy\">METODYKA PRACY<\/h4>\n\n\n\n<p class=\"has-white-color has-text-color\">Agile<\/p>\n<\/div><\/div>\n\n\n\n<div style=\"height:15px\" aria-hidden=\"true\" class=\"wp-block-spacer\"><\/div>\n\n\n\n<div class=\"wp-block-cover is-light has-white-color has-text-color\" style=\"min-height:150px;aspect-ratio:unset;\"><span aria-hidden=\"true\" class=\"wp-block-cover__background has-background-dim-100 has-background-dim\" style=\"background-color:#57cf80\"><\/span><div class=\"wp-block-cover__inner-container has-global-padding is-layout-constrained wp-block-cover-is-layout-constrained\">\n<h4 class=\"wp-block-heading has-white-color has-text-color\" id=\"h-kompetencje-zespoly\">KOMPETENCJE \/ ZESPO\u0141Y<\/h4>\n\n\n\n<p class=\"has-white-color has-text-color\">Analiza biznesowa, Development, DevOps, Testowanie, Maintenance (Second Line Support)<\/p>\n<\/div><\/div>\n<\/div>\n<\/div>\n\n\n\n<h3 class=\"wp-block-heading\">Potrzeba biznesowa:<\/h3>\n\n\n\n<h4 class=\"wp-block-heading\" id=\"h-zastapienie-istniejacego-systemu-do-zarzadzania-transportem-kontenerow-z-rozszerzeniem-funkcjonalnosci-i-integracja-z-innymi-aplikacjami-wykorzystywanymi-przez-klienta\">Zast\u0105pienie istniej\u0105cego systemu do zarz\u0105dzania transportem kontener\u00f3w, z rozszerzeniem funkcjonalno\u015bci i integracj\u0105 z innymi aplikacjami wykorzystywanymi przez klienta.<\/h4>\n\n\n\n<h3 class=\"wp-block-heading\">Co zrobili\u015bmy?<\/h3>\n\n\n\n<h4 class=\"wp-block-heading\" id=\"h-dokonalismy-analizy-wymagan-klienta-zaprojektowalismy-i-zaimplementowalismy-aplikacje-w-celu-zapewnienia-wymaganego-przez-klienta-poziomu-jakosci-przeprowadzalismy-testy-manualne-i-automatyczne-nowo-powstalych-funkcjonalnosci-oraz-manualnie-przeprowadzane-testy-regresyjne-funkcjonalnosci-wykorzystywanych-na-co-dzien-przez-klienta-obecnie-utrzymujemy-wdrozony-system-i-integrujemy-aplikacje-z-aktualnie-wykorzystywanym-przez-klienta-oprogramowaniem-co-stanowi-dla-nas-duze-wyzwanie\">Dokonali\u015bmy analizy wymaga\u0144 klienta, zaprojektowali\u015bmy i zaimplementowali\u015bmy aplikacj\u0119. W celu zapewnienia wymaganego przez klienta poziomu jako\u015bci przeprowadzali\u015bmy testy manualne i automatyczne nowo powsta\u0142ych funkcjonalno\u015bci oraz manualnie przeprowadzane testy regresyjne funkcjonalno\u015bci wykorzystywanych na co dzie\u0144 przez klienta. Obecnie utrzymujemy wdro\u017cony system i integrujemy aplikacj\u0119 z aktualnie wykorzystywanym przez klienta oprogramowaniem, co stanowi dla nas du\u017ce wyzwanie.<\/h4>\n\n\n\n<h3 class=\"wp-block-heading\">Testy:<\/h3>\n\n\n\n<h4 class=\"wp-block-heading\" id=\"h-w-celu-zapewnienia-wymaganego-przez-klienta-poziomu-jakosci-dzialamy-w-kilku-obszarach\">W celu zapewnienia wymaganego przez klienta poziomu jako\u015bci dzia\u0142amy w kilku obszarach:<\/h4>\n\n\n\n<ul class=\"wp-block-list\">\n<li>Przeprowadzamy testy manualne nowo powsta\u0142ych funkcjonali\u015bci. Wykonujemy je w \u015bcis\u0142ej wsp\u00f3\u0142pracy z analitykami i deweloperami. Testy progresyjne dokumentowane s\u0105 w JIRA przy u\u017cyciu xRay i s\u0105 w ka\u017cdym momencie dost\u0119pne dla klienta w celu zapewnienia transparentno\u015bci. Podobnie w JIRA dokumentowane s\u0105 znalezione b\u0142\u0119dy. Zgodnie z za\u0142o\u017conymi bramkami jako\u015bci musz\u0105 by\u0107 one naprawione przed oddaniem kolejnej wersji oprogramowania klientowi.<br><\/li>\n\n\n\n<li>Testy automatyczne wykonywane s\u0105 codziennie na aplikacji z nowo dodanymi funkcjonalno\u015bciami. Wyniki test\u00f3w s\u0105 na bie\u017c\u0105co analizowane przez zesp\u00f3\u0142 i w przypadku wyst\u0105pienia b\u0142\u0119du podejmowane s\u0105 odpowiednie akcje, \u017ceby b\u0142\u0105d sprawnie wyeliminowa\u0107. Testy automatyczne podlegaj\u0105 ca\u0142y czas rozszerzeniom, tak, \u017ceby zapewni\u0107 jak najlepsze pokrycie nowo dodawanych funkcjonalno\u015bci. Dodatkowo pracujemy nad udoskonalaniem wiarygodno\u015bci test\u00f3w i czasu oczekiwania na wyniki. Wyniki ka\u017cdorazowo publikowane s\u0105 w postaci raport\u00f3w xRay w JIRA i s\u0105 og\u00f3lno dost\u0119pne dla zainteresowanych.<br><\/li>\n\n\n\n<li>Kolejnym krokiem s\u0105 manualnie przeprowadzane testy regresyjne. W czasie tych test\u00f3w sprawdzamy dzia\u0142anie bazowych funkcjonalno\u015bci wykorzystywanych na co dzie\u0144 przez klienta. Testy odbywaj\u0105 si\u0119 na \u015brodowisku Openshift w konfiguracji zbli\u017conej do takiej, w kt\u00f3rej dzia\u0142a aplikacja u klienta. Dzi\u0119ki temu mo\u017cemy sprawdzi\u0107, czy interfejsy dzia\u0142aj\u0105 w za\u0142o\u017cony spos\u00f3b z aplikacjami wykorzystywanymi przez klienta (lub ich symulacjami). Testy odbywaj\u0105 si\u0119 na zanimizowanych danych bazuj\u0105cych na danych produkcyjnych. Zestaw tych danych jest na bie\u017c\u0105co dostosowywany przez zesp\u00f3\u0142 testerski do aktualnych potrzeb. Wyniki test\u00f3w s\u0105 ka\u017cdorazowo publikowane w JIRA, wraz ze znalezionymi b\u0142\u0119dami. Na tej podstawie podejmowana jest decyzja, czy wersja mo\u017ce zosta\u0107 przekazana klientowi.<\/li>\n<\/ul>\n\n\n\n<h2 class=\"wp-block-heading\" id=\"h-technologie\">Technologie<\/h2>\n\n\n\n<div class=\"wp-block-group is-nowrap is-layout-flex wp-container-core-group-is-layout-6c531013 wp-block-group-is-layout-flex\">\n<figure class=\"wp-block-image\"><img decoding=\"async\" src=\"https:\/\/capgeminisoftware.pl\/app\/uploads\/2020\/06\/java.png\" alt=\"tech-icon\"\/><\/figure>\n<\/div>\n<\/div><\/div><\/div><\/div><\/div><\/section>\n","protected":false},"excerpt":{"rendered":"","protected":false},"author":650,"featured_media":0,"parent":898340,"menu_order":0,"comment_status":"closed","ping_status":"closed","template":"","meta":{"cg_dt_proposed_to":[],"cg_seo_hreflang_relations":"[]","cg_seo_canonical_relation":"{\"uuid\":\"c412bf6e-7556-469f-9e61-3a71ab0f3bc8\",\"blogId\":\"\",\"domain\":\"\",\"sitePath\":\"\",\"postLink\":\"\",\"postId\":null,\"isSaved\":true,\"isCrossLink\":false,\"hasCrossLink\":false}","cg_seo_hreflang_x_default_relation":"{\"uuid\":\"7ed713d8-c9ad-4bee-b799-5593bd12ba4e\",\"blogId\":\"\",\"domain\":\"\",\"sitePath\":\"\",\"postLink\":\"\",\"postId\":null,\"isSaved\":true,\"isCrossLink\":false,\"hasCrossLink\":false}","cg_dt_approved_content":true,"cg_dt_mandatory_content":false,"cg_dt_notes":"","cg_dg_source_changed":false,"cg_dt_link_disabled":false,"_yoast_wpseo_primary_brand":"","footnotes":"","featured_focal_points":"","partner_card_description":"","gsap_animation":0},"brand":[],"partner_type":[],"service":[],"industry":[],"partners":[],"page-type":[],"content-group":[],"class_list":["post-898541","page","type-page","status-publish","hentry"],"yoast_head":"<!-- This site is optimized with the Yoast SEO Premium plugin v22.8 (Yoast SEO v22.8) - https:\/\/yoast.com\/wordpress\/plugins\/seo\/ -->\n<title>APLIKACJA DO ZARZ\u0104DZANIA TRANSPORTEM KONTENER\u00d3W DO LINIOWC\u00d3W - Capgemini Poland<\/title>\n<meta name=\"description\" content=\"Zast\u0105pienie istniej\u0105cego systemu do zarz\u0105dzania transportem kontener\u00f3w, z rozszerzeniem funkcjonalno\u015bci i integracj\u0105 z innymi aplikacjami.\" \/>\n<meta name=\"robots\" content=\"index, follow, max-snippet:-1, max-image-preview:large, max-video-preview:-1\" \/>\n<link rel=\"canonical\" href=\"https:\/\/www.capgemini.com\/pl-pl\/kariera\/software\/projekty\/aplikacja-do-zarzadzania-transportem-kontenerow-do-liniowcow\/\" \/>\n<meta property=\"og:locale\" content=\"pl_PL\" \/>\n<meta property=\"og:type\" content=\"article\" \/>\n<meta property=\"og:title\" content=\"APLIKACJA DO ZARZ\u0104DZANIA TRANSPORTEM KONTENER\u00d3W DO LINIOWC\u00d3W\" \/>\n<meta property=\"og:description\" content=\"Zast\u0105pienie istniej\u0105cego systemu do zarz\u0105dzania transportem kontener\u00f3w, z rozszerzeniem funkcjonalno\u015bci i integracj\u0105 z innymi aplikacjami.\" \/>\n<meta property=\"og:url\" content=\"https:\/\/www.capgemini.com\/pl-pl\/kariera\/software\/projekty\/aplikacja-do-zarzadzania-transportem-kontenerow-do-liniowcow\/\" \/>\n<meta property=\"og:site_name\" content=\"Capgemini Poland\" \/>\n<meta property=\"article:modified_time\" content=\"2025-01-08T11:24:32+00:00\" \/>\n<meta property=\"og:image\" content=\"https:\/\/prod.ucwe.capgemini.com\/pl-pl\/wp-content\/uploads\/sites\/27\/2023\/12\/ilustracja_5_Obszar-roboczy-1-2.svg\" \/>\n<meta name=\"twitter:card\" content=\"summary_large_image\" \/>\n<meta name=\"twitter:label1\" content=\"Est. reading time\" \/>\n\t<meta name=\"twitter:data1\" content=\"3 minutes\" \/>\n<script type=\"application\/ld+json\" class=\"yoast-schema-graph\">{\"@context\":\"https:\/\/schema.org\",\"@graph\":[{\"@type\":\"WebPage\",\"@id\":\"https:\/\/www.capgemini.com\/pl-pl\/kariera\/software\/projekty\/aplikacja-do-zarzadzania-transportem-kontenerow-do-liniowcow\/\",\"url\":\"https:\/\/www.capgemini.com\/pl-pl\/kariera\/software\/projekty\/aplikacja-do-zarzadzania-transportem-kontenerow-do-liniowcow\/\",\"name\":\"APLIKACJA DO ZARZ\u0104DZANIA TRANSPORTEM KONTENER\u00d3W DO LINIOWC\u00d3W - Capgemini Poland\",\"isPartOf\":{\"@id\":\"https:\/\/www.capgemini.com\/pl-pl\/#website\"},\"primaryImageOfPage\":{\"@id\":\"https:\/\/www.capgemini.com\/pl-pl\/kariera\/software\/projekty\/aplikacja-do-zarzadzania-transportem-kontenerow-do-liniowcow\/#primaryimage\"},\"image\":{\"@id\":\"https:\/\/www.capgemini.com\/pl-pl\/kariera\/software\/projekty\/aplikacja-do-zarzadzania-transportem-kontenerow-do-liniowcow\/#primaryimage\"},\"thumbnailUrl\":\"https:\/\/www.capgemini.com\/pl-pl\/wp-content\/uploads\/sites\/27\/2023\/12\/ilustracja_5_Obszar-roboczy-1-2.svg\",\"datePublished\":\"2023-12-13T11:45:35+00:00\",\"dateModified\":\"2025-01-08T11:24:32+00:00\",\"description\":\"Zast\u0105pienie istniej\u0105cego systemu do zarz\u0105dzania transportem kontener\u00f3w, z rozszerzeniem funkcjonalno\u015bci i integracj\u0105 z innymi aplikacjami.\",\"breadcrumb\":{\"@id\":\"https:\/\/www.capgemini.com\/pl-pl\/kariera\/software\/projekty\/aplikacja-do-zarzadzania-transportem-kontenerow-do-liniowcow\/#breadcrumb\"},\"inLanguage\":\"pl-PL\",\"potentialAction\":[{\"@type\":\"ReadAction\",\"target\":[\"https:\/\/www.capgemini.com\/pl-pl\/kariera\/software\/projekty\/aplikacja-do-zarzadzania-transportem-kontenerow-do-liniowcow\/\"]}]},{\"@type\":\"ImageObject\",\"inLanguage\":\"pl-PL\",\"@id\":\"https:\/\/www.capgemini.com\/pl-pl\/kariera\/software\/projekty\/aplikacja-do-zarzadzania-transportem-kontenerow-do-liniowcow\/#primaryimage\",\"url\":\"https:\/\/www.capgemini.com\/pl-pl\/wp-content\/uploads\/sites\/27\/2023\/12\/ilustracja_5_Obszar-roboczy-1-2.svg\",\"contentUrl\":\"https:\/\/www.capgemini.com\/pl-pl\/wp-content\/uploads\/sites\/27\/2023\/12\/ilustracja_5_Obszar-roboczy-1-2.svg\",\"caption\":\"ikona przedstawiaj\u0105ca kobiet\u0119 oraz statek towarowy na tle kuli ziemskiej\"},{\"@type\":\"BreadcrumbList\",\"@id\":\"https:\/\/www.capgemini.com\/pl-pl\/kariera\/software\/projekty\/aplikacja-do-zarzadzania-transportem-kontenerow-do-liniowcow\/#breadcrumb\",\"itemListElement\":[{\"@type\":\"ListItem\",\"position\":1,\"name\":\"Home\",\"item\":\"https:\/\/www.capgemini.com\/pl-pl\/\"},{\"@type\":\"ListItem\",\"position\":2,\"name\":\"Kariera\",\"item\":\"https:\/\/www.capgemini.com\/pl-pl\/kariera\/\"},{\"@type\":\"ListItem\",\"position\":3,\"name\":\"Projekty\",\"item\":\"https:\/\/www.capgemini.com\/pl-pl\/kariera\/software\/projekty\/\"},{\"@type\":\"ListItem\",\"position\":4,\"name\":\"APLIKACJA DO ZARZ\u0104DZANIA TRANSPORTEM KONTENER\u00d3W DO LINIOWC\u00d3W\"}]},{\"@type\":\"WebSite\",\"@id\":\"https:\/\/www.capgemini.com\/pl-pl\/#website\",\"url\":\"https:\/\/www.capgemini.com\/pl-pl\/\",\"name\":\"Capgemini Polska\",\"description\":\"Capgemini\",\"potentialAction\":[{\"@type\":\"SearchAction\",\"target\":{\"@type\":\"EntryPoint\",\"urlTemplate\":\"https:\/\/www.capgemini.com\/pl-pl\/?s={search_term_string}\"},\"query-input\":\"required name=search_term_string\"}],\"inLanguage\":\"pl-PL\"}]}<\/script>\n<!-- \/ Yoast SEO Premium plugin. -->","yoast_head_json":{"title":"APLIKACJA DO ZARZ\u0104DZANIA TRANSPORTEM KONTENER\u00d3W DO LINIOWC\u00d3W - Capgemini Poland","description":"Zast\u0105pienie istniej\u0105cego systemu do zarz\u0105dzania transportem kontener\u00f3w, z rozszerzeniem funkcjonalno\u015bci i integracj\u0105 z innymi aplikacjami.","robots":{"index":"index","follow":"follow","max-snippet":"max-snippet:-1","max-image-preview":"max-image-preview:large","max-video-preview":"max-video-preview:-1"},"canonical":"https:\/\/www.capgemini.com\/pl-pl\/kariera\/software\/projekty\/aplikacja-do-zarzadzania-transportem-kontenerow-do-liniowcow\/","og_locale":"pl_PL","og_type":"article","og_title":"APLIKACJA DO ZARZ\u0104DZANIA TRANSPORTEM KONTENER\u00d3W DO LINIOWC\u00d3W","og_description":"Zast\u0105pienie istniej\u0105cego systemu do zarz\u0105dzania transportem kontener\u00f3w, z rozszerzeniem funkcjonalno\u015bci i integracj\u0105 z innymi aplikacjami.","og_url":"https:\/\/www.capgemini.com\/pl-pl\/kariera\/software\/projekty\/aplikacja-do-zarzadzania-transportem-kontenerow-do-liniowcow\/","og_site_name":"Capgemini Poland","article_modified_time":"2025-01-08T11:24:32+00:00","og_image":[{"url":"https:\/\/prod.ucwe.capgemini.com\/pl-pl\/wp-content\/uploads\/sites\/27\/2023\/12\/ilustracja_5_Obszar-roboczy-1-2.svg"}],"twitter_card":"summary_large_image","twitter_misc":{"Est. reading time":"3 minutes"},"schema":{"@context":"https:\/\/schema.org","@graph":[{"@type":"WebPage","@id":"https:\/\/www.capgemini.com\/pl-pl\/kariera\/software\/projekty\/aplikacja-do-zarzadzania-transportem-kontenerow-do-liniowcow\/","url":"https:\/\/www.capgemini.com\/pl-pl\/kariera\/software\/projekty\/aplikacja-do-zarzadzania-transportem-kontenerow-do-liniowcow\/","name":"APLIKACJA DO ZARZ\u0104DZANIA TRANSPORTEM KONTENER\u00d3W DO LINIOWC\u00d3W - Capgemini Poland","isPartOf":{"@id":"https:\/\/www.capgemini.com\/pl-pl\/#website"},"primaryImageOfPage":{"@id":"https:\/\/www.capgemini.com\/pl-pl\/kariera\/software\/projekty\/aplikacja-do-zarzadzania-transportem-kontenerow-do-liniowcow\/#primaryimage"},"image":{"@id":"https:\/\/www.capgemini.com\/pl-pl\/kariera\/software\/projekty\/aplikacja-do-zarzadzania-transportem-kontenerow-do-liniowcow\/#primaryimage"},"thumbnailUrl":"https:\/\/www.capgemini.com\/pl-pl\/wp-content\/uploads\/sites\/27\/2023\/12\/ilustracja_5_Obszar-roboczy-1-2.svg","datePublished":"2023-12-13T11:45:35+00:00","dateModified":"2025-01-08T11:24:32+00:00","description":"Zast\u0105pienie istniej\u0105cego systemu do zarz\u0105dzania transportem kontener\u00f3w, z rozszerzeniem funkcjonalno\u015bci i integracj\u0105 z innymi aplikacjami.","breadcrumb":{"@id":"https:\/\/www.capgemini.com\/pl-pl\/kariera\/software\/projekty\/aplikacja-do-zarzadzania-transportem-kontenerow-do-liniowcow\/#breadcrumb"},"inLanguage":"pl-PL","potentialAction":[{"@type":"ReadAction","target":["https:\/\/www.capgemini.com\/pl-pl\/kariera\/software\/projekty\/aplikacja-do-zarzadzania-transportem-kontenerow-do-liniowcow\/"]}]},{"@type":"ImageObject","inLanguage":"pl-PL","@id":"https:\/\/www.capgemini.com\/pl-pl\/kariera\/software\/projekty\/aplikacja-do-zarzadzania-transportem-kontenerow-do-liniowcow\/#primaryimage","url":"https:\/\/www.capgemini.com\/pl-pl\/wp-content\/uploads\/sites\/27\/2023\/12\/ilustracja_5_Obszar-roboczy-1-2.svg","contentUrl":"https:\/\/www.capgemini.com\/pl-pl\/wp-content\/uploads\/sites\/27\/2023\/12\/ilustracja_5_Obszar-roboczy-1-2.svg","caption":"ikona przedstawiaj\u0105ca kobiet\u0119 oraz statek towarowy na tle kuli ziemskiej"},{"@type":"BreadcrumbList","@id":"https:\/\/www.capgemini.com\/pl-pl\/kariera\/software\/projekty\/aplikacja-do-zarzadzania-transportem-kontenerow-do-liniowcow\/#breadcrumb","itemListElement":[{"@type":"ListItem","position":1,"name":"Home","item":"https:\/\/www.capgemini.com\/pl-pl\/"},{"@type":"ListItem","position":2,"name":"Kariera","item":"https:\/\/www.capgemini.com\/pl-pl\/kariera\/"},{"@type":"ListItem","position":3,"name":"Projekty","item":"https:\/\/www.capgemini.com\/pl-pl\/kariera\/software\/projekty\/"},{"@type":"ListItem","position":4,"name":"APLIKACJA DO ZARZ\u0104DZANIA TRANSPORTEM KONTENER\u00d3W DO LINIOWC\u00d3W"}]},{"@type":"WebSite","@id":"https:\/\/www.capgemini.com\/pl-pl\/#website","url":"https:\/\/www.capgemini.com\/pl-pl\/","name":"Capgemini Polska","description":"Capgemini","potentialAction":[{"@type":"SearchAction","target":{"@type":"EntryPoint","urlTemplate":"https:\/\/www.capgemini.com\/pl-pl\/?s={search_term_string}"},"query-input":"required name=search_term_string"}],"inLanguage":"pl-PL"}]}},"brand_term":[],"parsely":{"version":"1.1.0","canonical_url":"https:\/\/capgemini.com\/pl-pl\/kariera\/software\/projekty\/aplikacja-do-zarzadzania-transportem-kontenerow-do-liniowcow\/","smart_links":{"inbound":0,"outbound":0},"traffic_boost_suggestions_count":0,"meta":{"@context":"https:\/\/schema.org","@type":"WebPage","headline":"APLIKACJA DO ZARZ\u0104DZANIA TRANSPORTEM KONTENER\u00d3W DO LINIOWC\u00d3W","url":"https:\/\/www.capgemini.com\/pl-pl\/kariera\/software\/projekty\/aplikacja-do-zarzadzania-transportem-kontenerow-do-liniowcow\/","mainEntityOfPage":{"@type":"WebPage","@id":"https:\/\/www.capgemini.com\/pl-pl\/kariera\/software\/projekty\/aplikacja-do-zarzadzania-transportem-kontenerow-do-liniowcow\/"},"thumbnailUrl":"","image":{"@type":"ImageObject","url":""},"articleSection":"Uncategorized","author":[],"creator":[],"publisher":{"@type":"Organization","name":"Capgemini Poland","logo":""},"keywords":[],"dateCreated":"2023-12-13T11:45:35Z","datePublished":"2023-12-13T11:45:35Z","dateModified":"2025-01-08T11:24:32Z"},"rendered":"<meta name=\"parsely-title\" content=\"APLIKACJA DO ZARZ\u0104DZANIA TRANSPORTEM KONTENER\u00d3W DO LINIOWC\u00d3W\" \/>\n<meta name=\"parsely-link\" content=\"https:\/\/www.capgemini.com\/pl-pl\/kariera\/software\/projekty\/aplikacja-do-zarzadzania-transportem-kontenerow-do-liniowcow\/\" \/>\n<meta name=\"parsely-type\" content=\"index\" \/>\n<meta name=\"parsely-pub-date\" content=\"2023-12-13T11:45:35Z\" \/>\n<meta name=\"parsely-section\" content=\"Uncategorized\" \/>","tracker_url":"https:\/\/cdn.parsely.com\/keys\/capgemini.com\/p.js"},"archive_status":false,"featured_image_src":"https:\/\/www.capgemini.com\/pl-pl\/wp-content\/themes\/capgemini2025\/assets\/images\/mockup.png","featured_image_alt":false,"jetpack_sharing_enabled":true,"distributor_meta":false,"distributor_terms":false,"distributor_media":false,"distributor_original_site_name":"Capgemini Poland","distributor_original_site_url":"https:\/\/www.capgemini.com\/pl-pl","push-errors":false,"_links":{"self":[{"href":"https:\/\/www.capgemini.com\/pl-pl\/wp-json\/wp\/v2\/pages\/898541","targetHints":{"allow":["GET"]}}],"collection":[{"href":"https:\/\/www.capgemini.com\/pl-pl\/wp-json\/wp\/v2\/pages"}],"about":[{"href":"https:\/\/www.capgemini.com\/pl-pl\/wp-json\/wp\/v2\/types\/page"}],"author":[{"embeddable":true,"href":"https:\/\/www.capgemini.com\/pl-pl\/wp-json\/wp\/v2\/users\/650"}],"replies":[{"embeddable":true,"href":"https:\/\/www.capgemini.com\/pl-pl\/wp-json\/wp\/v2\/comments?post=898541"}],"version-history":[{"count":5,"href":"https:\/\/www.capgemini.com\/pl-pl\/wp-json\/wp\/v2\/pages\/898541\/revisions"}],"predecessor-version":[{"id":907246,"href":"https:\/\/www.capgemini.com\/pl-pl\/wp-json\/wp\/v2\/pages\/898541\/revisions\/907246"}],"up":[{"embeddable":true,"href":"https:\/\/www.capgemini.com\/pl-pl\/wp-json\/wp\/v2\/pages\/898340"}],"wp:attachment":[{"href":"https:\/\/www.capgemini.com\/pl-pl\/wp-json\/wp\/v2\/media?parent=898541"}],"wp:term":[{"taxonomy":"brand","embeddable":true,"href":"https:\/\/www.capgemini.com\/pl-pl\/wp-json\/wp\/v2\/brand?post=898541"},{"taxonomy":"partner_type","embeddable":true,"href":"https:\/\/www.capgemini.com\/pl-pl\/wp-json\/wp\/v2\/partner_type?post=898541"},{"taxonomy":"service","embeddable":true,"href":"https:\/\/www.capgemini.com\/pl-pl\/wp-json\/wp\/v2\/service?post=898541"},{"taxonomy":"industry","embeddable":true,"href":"https:\/\/www.capgemini.com\/pl-pl\/wp-json\/wp\/v2\/industry?post=898541"},{"taxonomy":"partners","embeddable":true,"href":"https:\/\/www.capgemini.com\/pl-pl\/wp-json\/wp\/v2\/partners?post=898541"},{"taxonomy":"page-type","embeddable":true,"href":"https:\/\/www.capgemini.com\/pl-pl\/wp-json\/wp\/v2\/page-type?post=898541"},{"taxonomy":"content-group","embeddable":true,"href":"https:\/\/www.capgemini.com\/pl-pl\/wp-json\/wp\/v2\/content-group?post=898541"}],"curies":[{"name":"wp","href":"https:\/\/api.w.org\/{rel}","templated":true}]}}