{"id":898537,"date":"2023-12-13T11:44:04","date_gmt":"2023-12-13T11:44:04","guid":{"rendered":"https:\/\/www.capgemini.com\/pl-pl\/?page_id=898537"},"modified":"2025-01-08T11:19:36","modified_gmt":"2025-01-08T11:19:36","slug":"system-obslugujacy-zamowienia-samochodow","status":"publish","type":"page","link":"https:\/\/www.capgemini.com\/pl-pl\/kariera\/software\/projekty\/system-obslugujacy-zamowienia-samochodow-od-konfiguracji-do-odbioru-gotowego-pojazdu\/","title":{"rendered":"SYSTEM OBS\u0141UGUJ\u0104CY ZAM\u00d3WIENIA SAMOCHOD\u00d3W"},"content":{"rendered":"\n<section class=\"wp-block-cg-blocks-group undefined section section--article-content\"><div class=\"article-main-content\"><div class=\"container\"><div class=\"row\"><div class=\"col-12 col-md-11 col-lg-10 offset-md-1 offset-lg-1\"><div class=\"article-text article-quote-text\">\n<div class=\"wp-block-columns is-layout-flex wp-container-core-columns-is-layout-28f84493 wp-block-columns-is-layout-flex\">\n<div class=\"wp-block-column is-layout-flow wp-block-column-is-layout-flow\" style=\"flex-basis:66.66%\">\n<figure class=\"wp-block-image size-full is-resized\"><img decoding=\"async\" src=\"https:\/\/www.capgemini.com\/pl-pl\/wp-content\/uploads\/sites\/27\/2023\/12\/Group-1.svg\" alt=\"ikona z m\u0119\u017cczyzn\u0105 i podniesionym w warsztacie samochodem\" class=\"wp-image-898564\" style=\"aspect-ratio:1.6134020618556701;width:740px;height:auto\"\/><\/figure>\n<\/div>\n\n\n\n<div class=\"wp-block-column is-layout-flow wp-block-column-is-layout-flow\" style=\"flex-basis:33.33%\">\n<div class=\"wp-block-cover has-white-color has-text-color\" style=\"min-height:150px;aspect-ratio:unset;\"><span aria-hidden=\"true\" class=\"wp-block-cover__background has-background-dim-100 has-background-dim\" style=\"background-color:#336b7d\"><\/span><div class=\"wp-block-cover__inner-container has-global-padding is-layout-constrained wp-block-cover-is-layout-constrained\">\n<h4 class=\"wp-block-heading has-white-color has-text-color\" id=\"h-klient\">KLIENT<\/h4>\n\n\n\n<p class=\"has-white-color has-text-color\">Producent samochod\u00f3w premium<\/p>\n<\/div><\/div>\n\n\n\n<div style=\"height:15px\" aria-hidden=\"true\" class=\"wp-block-spacer\"><\/div>\n\n\n\n<div class=\"wp-block-cover has-white-color has-text-color\" style=\"min-height:150px;aspect-ratio:unset;\"><span aria-hidden=\"true\" class=\"wp-block-cover__background has-background-dim-100 has-background-dim\" style=\"background-color:#0f878a\"><\/span><div class=\"wp-block-cover__inner-container has-global-padding is-layout-constrained wp-block-cover-is-layout-constrained\">\n<h4 class=\"wp-block-heading has-white-color has-text-color\" id=\"h-sektor\">SEKTOR<\/h4>\n\n\n\n<p class=\"has-white-color has-text-color\">Motoryzacyjny<\/p>\n<\/div><\/div>\n\n\n\n<div style=\"height:15px\" aria-hidden=\"true\" class=\"wp-block-spacer\"><\/div>\n\n\n\n<div class=\"wp-block-cover has-white-color has-text-color\" style=\"min-height:150px;aspect-ratio:unset;\"><span aria-hidden=\"true\" class=\"wp-block-cover__background has-background-dim-100 has-background-dim\" style=\"background-color:#00b2a2\"><\/span><div class=\"wp-block-cover__inner-container has-global-padding is-layout-constrained wp-block-cover-is-layout-constrained\">\n<h4 class=\"wp-block-heading has-white-color has-text-color\" id=\"h-metodyka-pracy\">METODYKA PRACY<\/h4>\n\n\n\n<p class=\"has-white-color has-text-color\">Waterfall<\/p>\n<\/div><\/div>\n\n\n\n<div style=\"height:15px\" aria-hidden=\"true\" class=\"wp-block-spacer\"><\/div>\n\n\n\n<div class=\"wp-block-cover is-light has-white-color has-text-color\" style=\"min-height:150px;aspect-ratio:unset;\"><span aria-hidden=\"true\" class=\"wp-block-cover__background has-background-dim-100 has-background-dim\" style=\"background-color:#57cf80\"><\/span><div class=\"wp-block-cover__inner-container has-global-padding is-layout-constrained wp-block-cover-is-layout-constrained\">\n<h4 class=\"wp-block-heading has-white-color has-text-color\" id=\"h-kompetencje-zespoly\">KOMPETENCJE \/ ZESPO\u0141Y<\/h4>\n\n\n\n<p class=\"has-white-color has-text-color\">DevOps, Development, Testing<\/p>\n<\/div><\/div>\n<\/div>\n<\/div>\n\n\n\n<h3 class=\"wp-block-heading\">Potrzeba biznesowa:<\/h3>\n\n\n\n<h4 class=\"wp-block-heading\" id=\"h-implementacja-nowego-procesu-przyjmowania-i-obslugiwania-zamowien-opartego-na-nastepujacych-zalozeniach-rzetelnosc-i-elastycznosc-szybkosc-procesowania-zamowien-punktualnosc-dostaw-umozliwienie-szybkich-zmian-w-planowaniu-produkcji\">Implementacja nowego procesu przyjmowania i obs\u0142ugiwania zam\u00f3wie\u0144 opartego na nast\u0119puj\u0105cych za\u0142o\u017ceniach:<br><br>\u2022 rzetelno\u015b\u0107 i elastyczno\u015b\u0107<br>\u2022 szybko\u015b\u0107 procesowania zam\u00f3wie\u0144<br>\u2022 punktualno\u015b\u0107 dostaw<br>\u2022 umo\u017cliwienie szybkich zmian w planowaniu produkcji<\/h4>\n\n\n\n<h3 class=\"wp-block-heading\">Co zrobili\u015bmy?<\/h3>\n\n\n\n<h4 class=\"wp-block-heading\" id=\"h-zaprojektowalismy-i-wdrozylismy-caly-system-skladania-zamowien-zintegrowalismy-ze-soba-wiele-sektorow-i-etapow-od-projektowania-samochodu-poprzez-sprzedaz-az-po-rozliczenie-zamowienia-wprowadzenie-nowego-narzedzia-znaczaco-skrocilo-czas-przetwarzania-zamowien-a-w-konsekwencji-takze-czas-oczekiwania-na-nowy-samochod-system-jest-stale-rozwijany-o-nowe-funkcjonalnosci-nad-ktorymi-pracuja-nasi-developerzy\">Zaprojektowali\u015bmy i wdro\u017cyli\u015bmy ca\u0142y system sk\u0142adania zam\u00f3wie\u0144. Zintegrowali\u015bmy ze sob\u0105 wiele sektor\u00f3w i etap\u00f3w: od projektowania samochodu, poprzez sprzeda\u017c, a\u017c po rozliczenie zam\u00f3wienia. Wprowadzenie nowego narz\u0119dzia znacz\u0105co skr\u00f3ci\u0142o czas przetwarzania zam\u00f3wie\u0144, a w konsekwencji tak\u017ce czas oczekiwania na nowy samoch\u00f3d. System jest stale rozwijany o nowe funkcjonalno\u015bci, nad kt\u00f3rymi pracuj\u0105 nasi developerzy<\/h4>\n\n\n\n<h3 class=\"wp-block-heading\">Technologie<\/h3>\n\n\n\n<div class=\"wp-block-group is-nowrap is-layout-flex wp-container-core-group-is-layout-6c531013 wp-block-group-is-layout-flex\">\n<figure class=\"wp-block-image\"><img decoding=\"async\" src=\"https:\/\/capgeminisoftware.pl\/app\/uploads\/2020\/06\/java.png\" alt=\"tech-icon\"\/><\/figure>\n<\/div>\n<\/div><\/div><\/div><\/div><\/div><\/section>\n","protected":false},"excerpt":{"rendered":"","protected":false},"author":650,"featured_media":0,"parent":898340,"menu_order":0,"comment_status":"closed","ping_status":"closed","template":"","meta":{"cg_dt_proposed_to":[],"cg_seo_hreflang_relations":"[]","cg_seo_canonical_relation":"{\"uuid\":\"1b7bdacc-e30b-4d27-a530-f49fab149a8d\",\"blogId\":\"\",\"domain\":\"\",\"sitePath\":\"\",\"postLink\":\"\",\"postId\":null,\"isSaved\":true,\"isCrossLink\":false,\"hasCrossLink\":false}","cg_seo_hreflang_x_default_relation":"{\"uuid\":\"de6fbbf9-d39e-4c47-ba4e-9eebb0b7d91c\",\"blogId\":\"\",\"domain\":\"\",\"sitePath\":\"\",\"postLink\":\"\",\"postId\":null,\"isSaved\":true,\"isCrossLink\":false,\"hasCrossLink\":false}","cg_dt_approved_content":true,"cg_dt_mandatory_content":false,"cg_dt_notes":"","cg_dg_source_changed":false,"cg_dt_link_disabled":false,"_yoast_wpseo_primary_brand":"","footnotes":"","featured_focal_points":"","partner_card_description":"","gsap_animation":0},"brand":[],"partner_type":[],"service":[],"industry":[],"partners":[],"page-type":[],"content-group":[],"class_list":["post-898537","page","type-page","status-publish","hentry"],"yoast_head":"<!-- This site is optimized with the Yoast SEO Premium plugin v22.8 (Yoast SEO v22.8) - https:\/\/yoast.com\/wordpress\/plugins\/seo\/ -->\n<title>SYSTEM OBS\u0141UGUJ\u0104CY ZAM\u00d3WIENIA SAMOCHOD\u00d3W - Capgemini Poland<\/title>\n<meta name=\"description\" content=\"Implementacja nowego procesu przyjmowania i obs\u0142ugiwania zam\u00f3wie\u0144 opartego na warunkach czasowych i jako\u015bciowych.\" \/>\n<meta name=\"robots\" content=\"index, follow, max-snippet:-1, max-image-preview:large, max-video-preview:-1\" \/>\n<link rel=\"canonical\" href=\"https:\/\/www.capgemini.com\/pl-pl\/kariera\/software\/projekty\/system-obslugujacy-zamowienia-samochodow-od-konfiguracji-do-odbioru-gotowego-pojazdu\/\" \/>\n<meta property=\"og:locale\" content=\"pl_PL\" \/>\n<meta property=\"og:type\" content=\"article\" \/>\n<meta property=\"og:title\" content=\"SYSTEM OBS\u0141UGUJ\u0104CY ZAM\u00d3WIENIA SAMOCHOD\u00d3W\" \/>\n<meta property=\"og:description\" content=\"Implementacja nowego procesu przyjmowania i obs\u0142ugiwania zam\u00f3wie\u0144 opartego na warunkach czasowych i jako\u015bciowych.\" \/>\n<meta property=\"og:url\" content=\"https:\/\/www.capgemini.com\/pl-pl\/kariera\/software\/projekty\/system-obslugujacy-zamowienia-samochodow-od-konfiguracji-do-odbioru-gotowego-pojazdu\/\" \/>\n<meta property=\"og:site_name\" content=\"Capgemini Poland\" \/>\n<meta property=\"article:modified_time\" content=\"2025-01-08T11:19:36+00:00\" \/>\n<meta property=\"og:image\" content=\"https:\/\/prod.ucwe.capgemini.com\/pl-pl\/wp-content\/uploads\/sites\/27\/2023\/12\/Group-1.svg\" \/>\n<meta name=\"twitter:card\" content=\"summary_large_image\" \/>\n<meta name=\"twitter:label1\" content=\"Est. reading time\" \/>\n\t<meta name=\"twitter:data1\" content=\"2 minutes\" \/>\n<script type=\"application\/ld+json\" class=\"yoast-schema-graph\">{\"@context\":\"https:\/\/schema.org\",\"@graph\":[{\"@type\":\"WebPage\",\"@id\":\"https:\/\/www.capgemini.com\/pl-pl\/kariera\/software\/projekty\/system-obslugujacy-zamowienia-samochodow-od-konfiguracji-do-odbioru-gotowego-pojazdu\/\",\"url\":\"https:\/\/www.capgemini.com\/pl-pl\/kariera\/software\/projekty\/system-obslugujacy-zamowienia-samochodow-od-konfiguracji-do-odbioru-gotowego-pojazdu\/\",\"name\":\"SYSTEM OBS\u0141UGUJ\u0104CY ZAM\u00d3WIENIA SAMOCHOD\u00d3W - Capgemini Poland\",\"isPartOf\":{\"@id\":\"https:\/\/www.capgemini.com\/pl-pl\/#website\"},\"primaryImageOfPage\":{\"@id\":\"https:\/\/www.capgemini.com\/pl-pl\/kariera\/software\/projekty\/system-obslugujacy-zamowienia-samochodow-od-konfiguracji-do-odbioru-gotowego-pojazdu\/#primaryimage\"},\"image\":{\"@id\":\"https:\/\/www.capgemini.com\/pl-pl\/kariera\/software\/projekty\/system-obslugujacy-zamowienia-samochodow-od-konfiguracji-do-odbioru-gotowego-pojazdu\/#primaryimage\"},\"thumbnailUrl\":\"https:\/\/www.capgemini.com\/pl-pl\/wp-content\/uploads\/sites\/27\/2023\/12\/Group-1.svg\",\"datePublished\":\"2023-12-13T11:44:04+00:00\",\"dateModified\":\"2025-01-08T11:19:36+00:00\",\"description\":\"Implementacja nowego procesu przyjmowania i obs\u0142ugiwania zam\u00f3wie\u0144 opartego na warunkach czasowych i jako\u015bciowych.\",\"breadcrumb\":{\"@id\":\"https:\/\/www.capgemini.com\/pl-pl\/kariera\/software\/projekty\/system-obslugujacy-zamowienia-samochodow-od-konfiguracji-do-odbioru-gotowego-pojazdu\/#breadcrumb\"},\"inLanguage\":\"pl-PL\",\"potentialAction\":[{\"@type\":\"ReadAction\",\"target\":[\"https:\/\/www.capgemini.com\/pl-pl\/kariera\/software\/projekty\/system-obslugujacy-zamowienia-samochodow-od-konfiguracji-do-odbioru-gotowego-pojazdu\/\"]}]},{\"@type\":\"ImageObject\",\"inLanguage\":\"pl-PL\",\"@id\":\"https:\/\/www.capgemini.com\/pl-pl\/kariera\/software\/projekty\/system-obslugujacy-zamowienia-samochodow-od-konfiguracji-do-odbioru-gotowego-pojazdu\/#primaryimage\",\"url\":\"https:\/\/www.capgemini.com\/pl-pl\/wp-content\/uploads\/sites\/27\/2023\/12\/Group-1.svg\",\"contentUrl\":\"https:\/\/www.capgemini.com\/pl-pl\/wp-content\/uploads\/sites\/27\/2023\/12\/Group-1.svg\",\"caption\":\"ikona z m\u0119\u017cczyzn\u0105 i podniesionym w warsztacie samochodem\"},{\"@type\":\"BreadcrumbList\",\"@id\":\"https:\/\/www.capgemini.com\/pl-pl\/kariera\/software\/projekty\/system-obslugujacy-zamowienia-samochodow-od-konfiguracji-do-odbioru-gotowego-pojazdu\/#breadcrumb\",\"itemListElement\":[{\"@type\":\"ListItem\",\"position\":1,\"name\":\"Home\",\"item\":\"https:\/\/www.capgemini.com\/pl-pl\/\"},{\"@type\":\"ListItem\",\"position\":2,\"name\":\"Kariera\",\"item\":\"https:\/\/www.capgemini.com\/pl-pl\/kariera\/\"},{\"@type\":\"ListItem\",\"position\":3,\"name\":\"Projekty\",\"item\":\"https:\/\/www.capgemini.com\/pl-pl\/kariera\/software\/projekty\/\"},{\"@type\":\"ListItem\",\"position\":4,\"name\":\"SYSTEM OBS\u0141UGUJ\u0104CY ZAM\u00d3WIENIA SAMOCHOD\u00d3W\"}]},{\"@type\":\"WebSite\",\"@id\":\"https:\/\/www.capgemini.com\/pl-pl\/#website\",\"url\":\"https:\/\/www.capgemini.com\/pl-pl\/\",\"name\":\"Capgemini Polska\",\"description\":\"Capgemini\",\"potentialAction\":[{\"@type\":\"SearchAction\",\"target\":{\"@type\":\"EntryPoint\",\"urlTemplate\":\"https:\/\/www.capgemini.com\/pl-pl\/?s={search_term_string}\"},\"query-input\":\"required name=search_term_string\"}],\"inLanguage\":\"pl-PL\"}]}<\/script>\n<!-- \/ Yoast SEO Premium plugin. -->","yoast_head_json":{"title":"SYSTEM OBS\u0141UGUJ\u0104CY ZAM\u00d3WIENIA SAMOCHOD\u00d3W - Capgemini Poland","description":"Implementacja nowego procesu przyjmowania i obs\u0142ugiwania zam\u00f3wie\u0144 opartego na warunkach czasowych i jako\u015bciowych.","robots":{"index":"index","follow":"follow","max-snippet":"max-snippet:-1","max-image-preview":"max-image-preview:large","max-video-preview":"max-video-preview:-1"},"canonical":"https:\/\/www.capgemini.com\/pl-pl\/kariera\/software\/projekty\/system-obslugujacy-zamowienia-samochodow-od-konfiguracji-do-odbioru-gotowego-pojazdu\/","og_locale":"pl_PL","og_type":"article","og_title":"SYSTEM OBS\u0141UGUJ\u0104CY ZAM\u00d3WIENIA SAMOCHOD\u00d3W","og_description":"Implementacja nowego procesu przyjmowania i obs\u0142ugiwania zam\u00f3wie\u0144 opartego na warunkach czasowych i jako\u015bciowych.","og_url":"https:\/\/www.capgemini.com\/pl-pl\/kariera\/software\/projekty\/system-obslugujacy-zamowienia-samochodow-od-konfiguracji-do-odbioru-gotowego-pojazdu\/","og_site_name":"Capgemini Poland","article_modified_time":"2025-01-08T11:19:36+00:00","og_image":[{"url":"https:\/\/prod.ucwe.capgemini.com\/pl-pl\/wp-content\/uploads\/sites\/27\/2023\/12\/Group-1.svg"}],"twitter_card":"summary_large_image","twitter_misc":{"Est. reading time":"2 minutes"},"schema":{"@context":"https:\/\/schema.org","@graph":[{"@type":"WebPage","@id":"https:\/\/www.capgemini.com\/pl-pl\/kariera\/software\/projekty\/system-obslugujacy-zamowienia-samochodow-od-konfiguracji-do-odbioru-gotowego-pojazdu\/","url":"https:\/\/www.capgemini.com\/pl-pl\/kariera\/software\/projekty\/system-obslugujacy-zamowienia-samochodow-od-konfiguracji-do-odbioru-gotowego-pojazdu\/","name":"SYSTEM OBS\u0141UGUJ\u0104CY ZAM\u00d3WIENIA SAMOCHOD\u00d3W - Capgemini Poland","isPartOf":{"@id":"https:\/\/www.capgemini.com\/pl-pl\/#website"},"primaryImageOfPage":{"@id":"https:\/\/www.capgemini.com\/pl-pl\/kariera\/software\/projekty\/system-obslugujacy-zamowienia-samochodow-od-konfiguracji-do-odbioru-gotowego-pojazdu\/#primaryimage"},"image":{"@id":"https:\/\/www.capgemini.com\/pl-pl\/kariera\/software\/projekty\/system-obslugujacy-zamowienia-samochodow-od-konfiguracji-do-odbioru-gotowego-pojazdu\/#primaryimage"},"thumbnailUrl":"https:\/\/www.capgemini.com\/pl-pl\/wp-content\/uploads\/sites\/27\/2023\/12\/Group-1.svg","datePublished":"2023-12-13T11:44:04+00:00","dateModified":"2025-01-08T11:19:36+00:00","description":"Implementacja nowego procesu przyjmowania i obs\u0142ugiwania zam\u00f3wie\u0144 opartego na warunkach czasowych i jako\u015bciowych.","breadcrumb":{"@id":"https:\/\/www.capgemini.com\/pl-pl\/kariera\/software\/projekty\/system-obslugujacy-zamowienia-samochodow-od-konfiguracji-do-odbioru-gotowego-pojazdu\/#breadcrumb"},"inLanguage":"pl-PL","potentialAction":[{"@type":"ReadAction","target":["https:\/\/www.capgemini.com\/pl-pl\/kariera\/software\/projekty\/system-obslugujacy-zamowienia-samochodow-od-konfiguracji-do-odbioru-gotowego-pojazdu\/"]}]},{"@type":"ImageObject","inLanguage":"pl-PL","@id":"https:\/\/www.capgemini.com\/pl-pl\/kariera\/software\/projekty\/system-obslugujacy-zamowienia-samochodow-od-konfiguracji-do-odbioru-gotowego-pojazdu\/#primaryimage","url":"https:\/\/www.capgemini.com\/pl-pl\/wp-content\/uploads\/sites\/27\/2023\/12\/Group-1.svg","contentUrl":"https:\/\/www.capgemini.com\/pl-pl\/wp-content\/uploads\/sites\/27\/2023\/12\/Group-1.svg","caption":"ikona z m\u0119\u017cczyzn\u0105 i podniesionym w warsztacie samochodem"},{"@type":"BreadcrumbList","@id":"https:\/\/www.capgemini.com\/pl-pl\/kariera\/software\/projekty\/system-obslugujacy-zamowienia-samochodow-od-konfiguracji-do-odbioru-gotowego-pojazdu\/#breadcrumb","itemListElement":[{"@type":"ListItem","position":1,"name":"Home","item":"https:\/\/www.capgemini.com\/pl-pl\/"},{"@type":"ListItem","position":2,"name":"Kariera","item":"https:\/\/www.capgemini.com\/pl-pl\/kariera\/"},{"@type":"ListItem","position":3,"name":"Projekty","item":"https:\/\/www.capgemini.com\/pl-pl\/kariera\/software\/projekty\/"},{"@type":"ListItem","position":4,"name":"SYSTEM OBS\u0141UGUJ\u0104CY ZAM\u00d3WIENIA SAMOCHOD\u00d3W"}]},{"@type":"WebSite","@id":"https:\/\/www.capgemini.com\/pl-pl\/#website","url":"https:\/\/www.capgemini.com\/pl-pl\/","name":"Capgemini Polska","description":"Capgemini","potentialAction":[{"@type":"SearchAction","target":{"@type":"EntryPoint","urlTemplate":"https:\/\/www.capgemini.com\/pl-pl\/?s={search_term_string}"},"query-input":"required name=search_term_string"}],"inLanguage":"pl-PL"}]}},"brand_term":[],"parsely":{"version":"1.1.0","canonical_url":"https:\/\/capgemini.com\/pl-pl\/kariera\/software\/projekty\/system-obslugujacy-zamowienia-samochodow-od-konfiguracji-do-odbioru-gotowego-pojazdu\/","smart_links":{"inbound":0,"outbound":0},"traffic_boost_suggestions_count":0,"meta":{"@context":"https:\/\/schema.org","@type":"WebPage","headline":"SYSTEM OBS\u0141UGUJ\u0104CY ZAM\u00d3WIENIA SAMOCHOD\u00d3W","url":"https:\/\/www.capgemini.com\/pl-pl\/kariera\/software\/projekty\/system-obslugujacy-zamowienia-samochodow-od-konfiguracji-do-odbioru-gotowego-pojazdu\/","mainEntityOfPage":{"@type":"WebPage","@id":"https:\/\/www.capgemini.com\/pl-pl\/kariera\/software\/projekty\/system-obslugujacy-zamowienia-samochodow-od-konfiguracji-do-odbioru-gotowego-pojazdu\/"},"thumbnailUrl":"","image":{"@type":"ImageObject","url":""},"articleSection":"Uncategorized","author":[],"creator":[],"publisher":{"@type":"Organization","name":"Capgemini Poland","logo":""},"keywords":[],"dateCreated":"2023-12-13T11:44:04Z","datePublished":"2023-12-13T11:44:04Z","dateModified":"2025-01-08T11:19:36Z"},"rendered":"<meta name=\"parsely-title\" content=\"SYSTEM OBS\u0141UGUJ\u0104CY ZAM\u00d3WIENIA SAMOCHOD\u00d3W\" \/>\n<meta name=\"parsely-link\" content=\"https:\/\/www.capgemini.com\/pl-pl\/kariera\/software\/projekty\/system-obslugujacy-zamowienia-samochodow-od-konfiguracji-do-odbioru-gotowego-pojazdu\/\" \/>\n<meta name=\"parsely-type\" content=\"index\" \/>\n<meta name=\"parsely-pub-date\" content=\"2023-12-13T11:44:04Z\" \/>\n<meta name=\"parsely-section\" content=\"Uncategorized\" \/>","tracker_url":"https:\/\/cdn.parsely.com\/keys\/capgemini.com\/p.js"},"archive_status":false,"featured_image_src":"https:\/\/www.capgemini.com\/pl-pl\/wp-content\/themes\/capgemini2025\/assets\/images\/mockup.png","featured_image_alt":false,"jetpack_sharing_enabled":true,"distributor_meta":false,"distributor_terms":false,"distributor_media":false,"distributor_original_site_name":"Capgemini Poland","distributor_original_site_url":"https:\/\/www.capgemini.com\/pl-pl","push-errors":false,"_links":{"self":[{"href":"https:\/\/www.capgemini.com\/pl-pl\/wp-json\/wp\/v2\/pages\/898537","targetHints":{"allow":["GET"]}}],"collection":[{"href":"https:\/\/www.capgemini.com\/pl-pl\/wp-json\/wp\/v2\/pages"}],"about":[{"href":"https:\/\/www.capgemini.com\/pl-pl\/wp-json\/wp\/v2\/types\/page"}],"author":[{"embeddable":true,"href":"https:\/\/www.capgemini.com\/pl-pl\/wp-json\/wp\/v2\/users\/650"}],"replies":[{"embeddable":true,"href":"https:\/\/www.capgemini.com\/pl-pl\/wp-json\/wp\/v2\/comments?post=898537"}],"version-history":[{"count":4,"href":"https:\/\/www.capgemini.com\/pl-pl\/wp-json\/wp\/v2\/pages\/898537\/revisions"}],"predecessor-version":[{"id":907242,"href":"https:\/\/www.capgemini.com\/pl-pl\/wp-json\/wp\/v2\/pages\/898537\/revisions\/907242"}],"up":[{"embeddable":true,"href":"https:\/\/www.capgemini.com\/pl-pl\/wp-json\/wp\/v2\/pages\/898340"}],"wp:attachment":[{"href":"https:\/\/www.capgemini.com\/pl-pl\/wp-json\/wp\/v2\/media?parent=898537"}],"wp:term":[{"taxonomy":"brand","embeddable":true,"href":"https:\/\/www.capgemini.com\/pl-pl\/wp-json\/wp\/v2\/brand?post=898537"},{"taxonomy":"partner_type","embeddable":true,"href":"https:\/\/www.capgemini.com\/pl-pl\/wp-json\/wp\/v2\/partner_type?post=898537"},{"taxonomy":"service","embeddable":true,"href":"https:\/\/www.capgemini.com\/pl-pl\/wp-json\/wp\/v2\/service?post=898537"},{"taxonomy":"industry","embeddable":true,"href":"https:\/\/www.capgemini.com\/pl-pl\/wp-json\/wp\/v2\/industry?post=898537"},{"taxonomy":"partners","embeddable":true,"href":"https:\/\/www.capgemini.com\/pl-pl\/wp-json\/wp\/v2\/partners?post=898537"},{"taxonomy":"page-type","embeddable":true,"href":"https:\/\/www.capgemini.com\/pl-pl\/wp-json\/wp\/v2\/page-type?post=898537"},{"taxonomy":"content-group","embeddable":true,"href":"https:\/\/www.capgemini.com\/pl-pl\/wp-json\/wp\/v2\/content-group?post=898537"}],"curies":[{"name":"wp","href":"https:\/\/api.w.org\/{rel}","templated":true}]}}