{"id":898533,"date":"2023-12-13T11:41:44","date_gmt":"2023-12-13T11:41:44","guid":{"rendered":"https:\/\/www.capgemini.com\/pl-pl\/?page_id=898533"},"modified":"2025-01-08T11:15:45","modified_gmt":"2025-01-08T11:15:45","slug":"system-obslugujacy-linie-produkcyjna-samochodow","status":"publish","type":"page","link":"https:\/\/www.capgemini.com\/pl-pl\/kariera\/software\/projekty\/system-obslugujacy-linie-produkcyjna-samochodow\/","title":{"rendered":"SYSTEM OBS\u0141UGUJ\u0104CY LINI\u0118 PRODUKCYJN\u0104 SAMOCHOD\u00d3W"},"content":{"rendered":"\n<section class=\"wp-block-cg-blocks-group undefined section section--article-content\"><div class=\"article-main-content\"><div class=\"container\"><div class=\"row\"><div class=\"col-12 col-md-11 col-lg-10 offset-md-1 offset-lg-1\"><div class=\"article-text article-quote-text\">\n<div class=\"wp-block-columns is-layout-flex wp-container-core-columns-is-layout-28f84493 wp-block-columns-is-layout-flex\">\n<div class=\"wp-block-column is-layout-flow wp-block-column-is-layout-flow\" style=\"flex-basis:66.66%\">\n<figure class=\"wp-block-image size-full is-resized\"><img decoding=\"async\" src=\"https:\/\/www.capgemini.com\/pl-pl\/wp-content\/uploads\/sites\/27\/2023\/12\/ilustracja_3_Obszar-roboczy-1-1.svg\" alt=\"ikona z osob\u0105 aprawiaj\u0105c\u0105 samoch\u00f3d i kluczem francuskim\" class=\"wp-image-898576\" style=\"aspect-ratio:1.4619047619047618;width:745px;height:auto\"\/><\/figure>\n<\/div>\n\n\n\n<div class=\"wp-block-column is-layout-flow wp-block-column-is-layout-flow\" style=\"flex-basis:33.33%\">\n<div class=\"wp-block-cover has-white-color has-text-color\" style=\"min-height:150px;aspect-ratio:unset;\"><span aria-hidden=\"true\" class=\"wp-block-cover__background has-background-dim-100 has-background-dim\" style=\"background-color:#336b7d\"><\/span><div class=\"wp-block-cover__inner-container has-global-padding is-layout-constrained wp-block-cover-is-layout-constrained\">\n<h4 class=\"wp-block-heading has-white-color has-text-color\" id=\"h-klient\">KLIENT<\/h4>\n\n\n\n<p class=\"has-white-color has-text-color\">Producent samochod\u00f3w osobowych premium<\/p>\n<\/div><\/div>\n\n\n\n<div style=\"height:15px\" aria-hidden=\"true\" class=\"wp-block-spacer\"><\/div>\n\n\n\n<div class=\"wp-block-cover has-white-color has-text-color\" style=\"min-height:150px;aspect-ratio:unset;\"><span aria-hidden=\"true\" class=\"wp-block-cover__background has-background-dim-100 has-background-dim\" style=\"background-color:#0f878a\"><\/span><div class=\"wp-block-cover__inner-container has-global-padding is-layout-constrained wp-block-cover-is-layout-constrained\">\n<h4 class=\"wp-block-heading has-white-color has-text-color\" id=\"h-sektor\">SEKTOR<\/h4>\n\n\n\n<p class=\"has-white-color has-text-color\">Motoryzacyjny<\/p>\n<\/div><\/div>\n\n\n\n<div style=\"height:15px\" aria-hidden=\"true\" class=\"wp-block-spacer\"><\/div>\n\n\n\n<div class=\"wp-block-cover has-white-color has-text-color\" style=\"min-height:150px;aspect-ratio:unset;\"><span aria-hidden=\"true\" class=\"wp-block-cover__background has-background-dim-100 has-background-dim\" style=\"background-color:#00b2a2\"><\/span><div class=\"wp-block-cover__inner-container has-global-padding is-layout-constrained wp-block-cover-is-layout-constrained\">\n<h4 class=\"wp-block-heading has-white-color has-text-color\" id=\"h-metodyka-pracy\">METODYKA PRACY<\/h4>\n\n\n\n<p class=\"has-white-color has-text-color\">Agile\/Scrum<\/p>\n<\/div><\/div>\n\n\n\n<div style=\"height:15px\" aria-hidden=\"true\" class=\"wp-block-spacer\"><\/div>\n\n\n\n<div class=\"wp-block-cover is-light has-white-color has-text-color\" style=\"min-height:150px;aspect-ratio:unset;\"><span aria-hidden=\"true\" class=\"wp-block-cover__background has-background-dim-100 has-background-dim\" style=\"background-color:#57cf80\"><\/span><div class=\"wp-block-cover__inner-container has-global-padding is-layout-constrained wp-block-cover-is-layout-constrained\">\n<h4 class=\"wp-block-heading has-white-color has-text-color\" id=\"h-kompetencje-zespoly\">KOMPETENCJE \/ ZESPO\u0141Y<\/h4>\n\n\n\n<p class=\"has-white-color has-text-color\">Development, DevOps<\/p>\n<\/div><\/div>\n<\/div>\n<\/div>\n\n\n\n<h3 class=\"wp-block-heading\">Potrzeba biznesowa:<\/h3>\n\n\n\n<h4 class=\"wp-block-heading\" id=\"h-zastapienie-istniejacego-rozwiazania-opartego-na-skryptach-powlokowych-poprzez-wydajny-i-niezawodny-system-zbudowany-w-oparciu-o-nowoczesna-architekture-i-technologie\">Zast\u0105pienie istniej\u0105cego rozwi\u0105zania (opartego na skryptach pow\u0142okowych) poprzez wydajny i niezawodny system zbudowany w oparciu o nowoczesn\u0105 architektur\u0119 i technologie.<\/h4>\n\n\n\n<h4 class=\"wp-block-heading\" id=\"h-zaprojektowalismy-i-zaimplementowalismy-nowoczesny-wydajny-i-niezawodny-system-dostarczajacy-dzialowi-produkcji-dane-o-zamowionym-samochodzie-wsparlismy-klienta-w-transformacji-jego-dotychczasowego-modelu-wytwarzania-oprogramowania-do-agile-scrum-obecnie-swiadczymy-wsparcie-24-godziny-na-dobe-przez-7-dni-w-tygodniu-dla-ponad-20-fabryk-na-calym-swiecie-ktore-w-codziennej-pracy-wykorzystuja-nasz-system\">Zaprojektowali\u015bmy i zaimplementowali\u015bmy nowoczesny, wydajny i niezawodny system dostarczaj\u0105cy dzia\u0142owi produkcji dane o zam\u00f3wionym samochodzie. Wsparli\u015bmy klienta w transformacji jego dotychczasowego modelu wytwarzania oprogramowania do Agile\/Scrum. Obecnie \u015bwiadczymy wsparcie 24 godziny na dob\u0119 przez 7 dni w tygodniu dla ponad 20 fabryk na ca\u0142ym \u015bwiecie, kt\u00f3re w codziennej pracy wykorzystuj\u0105 nasz system.<\/h4>\n\n\n\n<h3 class=\"wp-block-heading\">Technologie<\/h3>\n\n\n\n<div class=\"wp-block-group is-nowrap is-layout-flex wp-container-core-group-is-layout-6c531013 wp-block-group-is-layout-flex\">\n<figure class=\"wp-block-image\"><img decoding=\"async\" src=\"https:\/\/capgeminisoftware.pl\/app\/uploads\/2020\/06\/java.png\" alt=\"tech-icon\"\/><\/figure>\n<\/div>\n<\/div><\/div><\/div><\/div><\/div><\/section>\n","protected":false},"excerpt":{"rendered":"","protected":false},"author":650,"featured_media":0,"parent":898340,"menu_order":0,"comment_status":"closed","ping_status":"closed","template":"","meta":{"cg_dt_proposed_to":[],"cg_seo_hreflang_relations":"[]","cg_seo_canonical_relation":"{\"uuid\":\"43c0afe6-68a0-4f0d-aab1-f2a9c5e03f4c\",\"blogId\":\"\",\"domain\":\"\",\"sitePath\":\"\",\"postLink\":\"\",\"postId\":null,\"isSaved\":true,\"isCrossLink\":false,\"hasCrossLink\":false}","cg_seo_hreflang_x_default_relation":"{\"uuid\":\"b9db3baa-4f56-4548-a17d-9bf7e08a1327\",\"blogId\":\"\",\"domain\":\"\",\"sitePath\":\"\",\"postLink\":\"\",\"postId\":null,\"isSaved\":true,\"isCrossLink\":false,\"hasCrossLink\":false}","cg_dt_approved_content":true,"cg_dt_mandatory_content":false,"cg_dt_notes":"","cg_dg_source_changed":false,"cg_dt_link_disabled":false,"_yoast_wpseo_primary_brand":"","footnotes":"","featured_focal_points":"","partner_card_description":"","gsap_animation":0},"brand":[],"partner_type":[],"service":[],"industry":[],"partners":[],"page-type":[],"content-group":[],"class_list":["post-898533","page","type-page","status-publish","hentry"],"yoast_head":"<!-- This site is optimized with the Yoast SEO Premium plugin v22.8 (Yoast SEO v22.8) - https:\/\/yoast.com\/wordpress\/plugins\/seo\/ -->\n<title>SYSTEM OBS\u0141UGUJ\u0104CY LINI\u0118 PRODUKCYJN\u0104 SAMOCHOD\u00d3W - Capgemini Poland<\/title>\n<meta name=\"description\" content=\"Zast\u0105pienie istniej\u0105cego rozwi\u0105zania poprzez wydajny i niezawodny system zbudowany w oparciu o nowoczesn\u0105 architektur\u0119 i technologie.\" \/>\n<meta name=\"robots\" content=\"index, follow, max-snippet:-1, max-image-preview:large, max-video-preview:-1\" \/>\n<link rel=\"canonical\" href=\"https:\/\/www.capgemini.com\/pl-pl\/kariera\/software\/projekty\/system-obslugujacy-linie-produkcyjna-samochodow\/\" \/>\n<meta property=\"og:locale\" content=\"pl_PL\" \/>\n<meta property=\"og:type\" content=\"article\" \/>\n<meta property=\"og:title\" content=\"SYSTEM OBS\u0141UGUJ\u0104CY LINI\u0118 PRODUKCYJN\u0104 SAMOCHOD\u00d3W\" \/>\n<meta property=\"og:description\" content=\"Zast\u0105pienie istniej\u0105cego rozwi\u0105zania poprzez wydajny i niezawodny system zbudowany w oparciu o nowoczesn\u0105 architektur\u0119 i technologie.\" \/>\n<meta property=\"og:url\" content=\"https:\/\/www.capgemini.com\/pl-pl\/kariera\/software\/projekty\/system-obslugujacy-linie-produkcyjna-samochodow\/\" \/>\n<meta property=\"og:site_name\" content=\"Capgemini Poland\" \/>\n<meta property=\"article:modified_time\" content=\"2025-01-08T11:15:45+00:00\" \/>\n<meta property=\"og:image\" content=\"https:\/\/prod.ucwe.capgemini.com\/pl-pl\/wp-content\/uploads\/sites\/27\/2023\/12\/ilustracja_3_Obszar-roboczy-1-1.svg\" \/>\n<meta name=\"twitter:card\" content=\"summary_large_image\" \/>\n<meta name=\"twitter:label1\" content=\"Est. reading time\" \/>\n\t<meta name=\"twitter:data1\" content=\"1 minute\" \/>\n<script type=\"application\/ld+json\" class=\"yoast-schema-graph\">{\"@context\":\"https:\/\/schema.org\",\"@graph\":[{\"@type\":\"WebPage\",\"@id\":\"https:\/\/www.capgemini.com\/pl-pl\/kariera\/software\/projekty\/system-obslugujacy-linie-produkcyjna-samochodow\/\",\"url\":\"https:\/\/www.capgemini.com\/pl-pl\/kariera\/software\/projekty\/system-obslugujacy-linie-produkcyjna-samochodow\/\",\"name\":\"SYSTEM OBS\u0141UGUJ\u0104CY LINI\u0118 PRODUKCYJN\u0104 SAMOCHOD\u00d3W - Capgemini Poland\",\"isPartOf\":{\"@id\":\"https:\/\/www.capgemini.com\/pl-pl\/#website\"},\"primaryImageOfPage\":{\"@id\":\"https:\/\/www.capgemini.com\/pl-pl\/kariera\/software\/projekty\/system-obslugujacy-linie-produkcyjna-samochodow\/#primaryimage\"},\"image\":{\"@id\":\"https:\/\/www.capgemini.com\/pl-pl\/kariera\/software\/projekty\/system-obslugujacy-linie-produkcyjna-samochodow\/#primaryimage\"},\"thumbnailUrl\":\"https:\/\/www.capgemini.com\/pl-pl\/wp-content\/uploads\/sites\/27\/2023\/12\/ilustracja_3_Obszar-roboczy-1-1.svg\",\"datePublished\":\"2023-12-13T11:41:44+00:00\",\"dateModified\":\"2025-01-08T11:15:45+00:00\",\"description\":\"Zast\u0105pienie istniej\u0105cego rozwi\u0105zania poprzez wydajny i niezawodny system zbudowany w oparciu o nowoczesn\u0105 architektur\u0119 i technologie.\",\"breadcrumb\":{\"@id\":\"https:\/\/www.capgemini.com\/pl-pl\/kariera\/software\/projekty\/system-obslugujacy-linie-produkcyjna-samochodow\/#breadcrumb\"},\"inLanguage\":\"pl-PL\",\"potentialAction\":[{\"@type\":\"ReadAction\",\"target\":[\"https:\/\/www.capgemini.com\/pl-pl\/kariera\/software\/projekty\/system-obslugujacy-linie-produkcyjna-samochodow\/\"]}]},{\"@type\":\"ImageObject\",\"inLanguage\":\"pl-PL\",\"@id\":\"https:\/\/www.capgemini.com\/pl-pl\/kariera\/software\/projekty\/system-obslugujacy-linie-produkcyjna-samochodow\/#primaryimage\",\"url\":\"https:\/\/www.capgemini.com\/pl-pl\/wp-content\/uploads\/sites\/27\/2023\/12\/ilustracja_3_Obszar-roboczy-1-1.svg\",\"contentUrl\":\"https:\/\/www.capgemini.com\/pl-pl\/wp-content\/uploads\/sites\/27\/2023\/12\/ilustracja_3_Obszar-roboczy-1-1.svg\",\"caption\":\"ikona z osob\u0105 aprawiaj\u0105c\u0105 samoch\u00f3d i kluczem francuskim\"},{\"@type\":\"BreadcrumbList\",\"@id\":\"https:\/\/www.capgemini.com\/pl-pl\/kariera\/software\/projekty\/system-obslugujacy-linie-produkcyjna-samochodow\/#breadcrumb\",\"itemListElement\":[{\"@type\":\"ListItem\",\"position\":1,\"name\":\"Home\",\"item\":\"https:\/\/www.capgemini.com\/pl-pl\/\"},{\"@type\":\"ListItem\",\"position\":2,\"name\":\"Kariera\",\"item\":\"https:\/\/www.capgemini.com\/pl-pl\/kariera\/\"},{\"@type\":\"ListItem\",\"position\":3,\"name\":\"Projekty\",\"item\":\"https:\/\/www.capgemini.com\/pl-pl\/kariera\/software\/projekty\/\"},{\"@type\":\"ListItem\",\"position\":4,\"name\":\"SYSTEM OBS\u0141UGUJ\u0104CY LINI\u0118 PRODUKCYJN\u0104 SAMOCHOD\u00d3W\"}]},{\"@type\":\"WebSite\",\"@id\":\"https:\/\/www.capgemini.com\/pl-pl\/#website\",\"url\":\"https:\/\/www.capgemini.com\/pl-pl\/\",\"name\":\"Capgemini Polska\",\"description\":\"Capgemini\",\"potentialAction\":[{\"@type\":\"SearchAction\",\"target\":{\"@type\":\"EntryPoint\",\"urlTemplate\":\"https:\/\/www.capgemini.com\/pl-pl\/?s={search_term_string}\"},\"query-input\":\"required name=search_term_string\"}],\"inLanguage\":\"pl-PL\"}]}<\/script>\n<!-- \/ Yoast SEO Premium plugin. -->","yoast_head_json":{"title":"SYSTEM OBS\u0141UGUJ\u0104CY LINI\u0118 PRODUKCYJN\u0104 SAMOCHOD\u00d3W - Capgemini Poland","description":"Zast\u0105pienie istniej\u0105cego rozwi\u0105zania poprzez wydajny i niezawodny system zbudowany w oparciu o nowoczesn\u0105 architektur\u0119 i technologie.","robots":{"index":"index","follow":"follow","max-snippet":"max-snippet:-1","max-image-preview":"max-image-preview:large","max-video-preview":"max-video-preview:-1"},"canonical":"https:\/\/www.capgemini.com\/pl-pl\/kariera\/software\/projekty\/system-obslugujacy-linie-produkcyjna-samochodow\/","og_locale":"pl_PL","og_type":"article","og_title":"SYSTEM OBS\u0141UGUJ\u0104CY LINI\u0118 PRODUKCYJN\u0104 SAMOCHOD\u00d3W","og_description":"Zast\u0105pienie istniej\u0105cego rozwi\u0105zania poprzez wydajny i niezawodny system zbudowany w oparciu o nowoczesn\u0105 architektur\u0119 i technologie.","og_url":"https:\/\/www.capgemini.com\/pl-pl\/kariera\/software\/projekty\/system-obslugujacy-linie-produkcyjna-samochodow\/","og_site_name":"Capgemini Poland","article_modified_time":"2025-01-08T11:15:45+00:00","og_image":[{"url":"https:\/\/prod.ucwe.capgemini.com\/pl-pl\/wp-content\/uploads\/sites\/27\/2023\/12\/ilustracja_3_Obszar-roboczy-1-1.svg"}],"twitter_card":"summary_large_image","twitter_misc":{"Est. reading time":"1 minute"},"schema":{"@context":"https:\/\/schema.org","@graph":[{"@type":"WebPage","@id":"https:\/\/www.capgemini.com\/pl-pl\/kariera\/software\/projekty\/system-obslugujacy-linie-produkcyjna-samochodow\/","url":"https:\/\/www.capgemini.com\/pl-pl\/kariera\/software\/projekty\/system-obslugujacy-linie-produkcyjna-samochodow\/","name":"SYSTEM OBS\u0141UGUJ\u0104CY LINI\u0118 PRODUKCYJN\u0104 SAMOCHOD\u00d3W - Capgemini Poland","isPartOf":{"@id":"https:\/\/www.capgemini.com\/pl-pl\/#website"},"primaryImageOfPage":{"@id":"https:\/\/www.capgemini.com\/pl-pl\/kariera\/software\/projekty\/system-obslugujacy-linie-produkcyjna-samochodow\/#primaryimage"},"image":{"@id":"https:\/\/www.capgemini.com\/pl-pl\/kariera\/software\/projekty\/system-obslugujacy-linie-produkcyjna-samochodow\/#primaryimage"},"thumbnailUrl":"https:\/\/www.capgemini.com\/pl-pl\/wp-content\/uploads\/sites\/27\/2023\/12\/ilustracja_3_Obszar-roboczy-1-1.svg","datePublished":"2023-12-13T11:41:44+00:00","dateModified":"2025-01-08T11:15:45+00:00","description":"Zast\u0105pienie istniej\u0105cego rozwi\u0105zania poprzez wydajny i niezawodny system zbudowany w oparciu o nowoczesn\u0105 architektur\u0119 i technologie.","breadcrumb":{"@id":"https:\/\/www.capgemini.com\/pl-pl\/kariera\/software\/projekty\/system-obslugujacy-linie-produkcyjna-samochodow\/#breadcrumb"},"inLanguage":"pl-PL","potentialAction":[{"@type":"ReadAction","target":["https:\/\/www.capgemini.com\/pl-pl\/kariera\/software\/projekty\/system-obslugujacy-linie-produkcyjna-samochodow\/"]}]},{"@type":"ImageObject","inLanguage":"pl-PL","@id":"https:\/\/www.capgemini.com\/pl-pl\/kariera\/software\/projekty\/system-obslugujacy-linie-produkcyjna-samochodow\/#primaryimage","url":"https:\/\/www.capgemini.com\/pl-pl\/wp-content\/uploads\/sites\/27\/2023\/12\/ilustracja_3_Obszar-roboczy-1-1.svg","contentUrl":"https:\/\/www.capgemini.com\/pl-pl\/wp-content\/uploads\/sites\/27\/2023\/12\/ilustracja_3_Obszar-roboczy-1-1.svg","caption":"ikona z osob\u0105 aprawiaj\u0105c\u0105 samoch\u00f3d i kluczem francuskim"},{"@type":"BreadcrumbList","@id":"https:\/\/www.capgemini.com\/pl-pl\/kariera\/software\/projekty\/system-obslugujacy-linie-produkcyjna-samochodow\/#breadcrumb","itemListElement":[{"@type":"ListItem","position":1,"name":"Home","item":"https:\/\/www.capgemini.com\/pl-pl\/"},{"@type":"ListItem","position":2,"name":"Kariera","item":"https:\/\/www.capgemini.com\/pl-pl\/kariera\/"},{"@type":"ListItem","position":3,"name":"Projekty","item":"https:\/\/www.capgemini.com\/pl-pl\/kariera\/software\/projekty\/"},{"@type":"ListItem","position":4,"name":"SYSTEM OBS\u0141UGUJ\u0104CY LINI\u0118 PRODUKCYJN\u0104 SAMOCHOD\u00d3W"}]},{"@type":"WebSite","@id":"https:\/\/www.capgemini.com\/pl-pl\/#website","url":"https:\/\/www.capgemini.com\/pl-pl\/","name":"Capgemini Polska","description":"Capgemini","potentialAction":[{"@type":"SearchAction","target":{"@type":"EntryPoint","urlTemplate":"https:\/\/www.capgemini.com\/pl-pl\/?s={search_term_string}"},"query-input":"required name=search_term_string"}],"inLanguage":"pl-PL"}]}},"brand_term":[],"parsely":{"version":"1.1.0","canonical_url":"https:\/\/capgemini.com\/pl-pl\/kariera\/software\/projekty\/system-obslugujacy-linie-produkcyjna-samochodow\/","smart_links":{"inbound":0,"outbound":0},"traffic_boost_suggestions_count":0,"meta":{"@context":"https:\/\/schema.org","@type":"WebPage","headline":"SYSTEM OBS\u0141UGUJ\u0104CY LINI\u0118 PRODUKCYJN\u0104 SAMOCHOD\u00d3W","url":"https:\/\/www.capgemini.com\/pl-pl\/kariera\/software\/projekty\/system-obslugujacy-linie-produkcyjna-samochodow\/","mainEntityOfPage":{"@type":"WebPage","@id":"https:\/\/www.capgemini.com\/pl-pl\/kariera\/software\/projekty\/system-obslugujacy-linie-produkcyjna-samochodow\/"},"thumbnailUrl":"","image":{"@type":"ImageObject","url":""},"articleSection":"Uncategorized","author":[],"creator":[],"publisher":{"@type":"Organization","name":"Capgemini Poland","logo":""},"keywords":[],"dateCreated":"2023-12-13T11:41:44Z","datePublished":"2023-12-13T11:41:44Z","dateModified":"2025-01-08T11:15:45Z"},"rendered":"<meta name=\"parsely-title\" content=\"SYSTEM OBS\u0141UGUJ\u0104CY LINI\u0118 PRODUKCYJN\u0104 SAMOCHOD\u00d3W\" \/>\n<meta name=\"parsely-link\" content=\"https:\/\/www.capgemini.com\/pl-pl\/kariera\/software\/projekty\/system-obslugujacy-linie-produkcyjna-samochodow\/\" \/>\n<meta name=\"parsely-type\" content=\"index\" \/>\n<meta name=\"parsely-pub-date\" content=\"2023-12-13T11:41:44Z\" \/>\n<meta name=\"parsely-section\" content=\"Uncategorized\" \/>","tracker_url":"https:\/\/cdn.parsely.com\/keys\/capgemini.com\/p.js"},"archive_status":false,"featured_image_src":"https:\/\/www.capgemini.com\/pl-pl\/wp-content\/themes\/capgemini2025\/assets\/images\/mockup.png","featured_image_alt":false,"jetpack_sharing_enabled":true,"distributor_meta":false,"distributor_terms":false,"distributor_media":false,"distributor_original_site_name":"Capgemini Poland","distributor_original_site_url":"https:\/\/www.capgemini.com\/pl-pl","push-errors":false,"_links":{"self":[{"href":"https:\/\/www.capgemini.com\/pl-pl\/wp-json\/wp\/v2\/pages\/898533","targetHints":{"allow":["GET"]}}],"collection":[{"href":"https:\/\/www.capgemini.com\/pl-pl\/wp-json\/wp\/v2\/pages"}],"about":[{"href":"https:\/\/www.capgemini.com\/pl-pl\/wp-json\/wp\/v2\/types\/page"}],"author":[{"embeddable":true,"href":"https:\/\/www.capgemini.com\/pl-pl\/wp-json\/wp\/v2\/users\/650"}],"replies":[{"embeddable":true,"href":"https:\/\/www.capgemini.com\/pl-pl\/wp-json\/wp\/v2\/comments?post=898533"}],"version-history":[{"count":8,"href":"https:\/\/www.capgemini.com\/pl-pl\/wp-json\/wp\/v2\/pages\/898533\/revisions"}],"predecessor-version":[{"id":907238,"href":"https:\/\/www.capgemini.com\/pl-pl\/wp-json\/wp\/v2\/pages\/898533\/revisions\/907238"}],"up":[{"embeddable":true,"href":"https:\/\/www.capgemini.com\/pl-pl\/wp-json\/wp\/v2\/pages\/898340"}],"wp:attachment":[{"href":"https:\/\/www.capgemini.com\/pl-pl\/wp-json\/wp\/v2\/media?parent=898533"}],"wp:term":[{"taxonomy":"brand","embeddable":true,"href":"https:\/\/www.capgemini.com\/pl-pl\/wp-json\/wp\/v2\/brand?post=898533"},{"taxonomy":"partner_type","embeddable":true,"href":"https:\/\/www.capgemini.com\/pl-pl\/wp-json\/wp\/v2\/partner_type?post=898533"},{"taxonomy":"service","embeddable":true,"href":"https:\/\/www.capgemini.com\/pl-pl\/wp-json\/wp\/v2\/service?post=898533"},{"taxonomy":"industry","embeddable":true,"href":"https:\/\/www.capgemini.com\/pl-pl\/wp-json\/wp\/v2\/industry?post=898533"},{"taxonomy":"partners","embeddable":true,"href":"https:\/\/www.capgemini.com\/pl-pl\/wp-json\/wp\/v2\/partners?post=898533"},{"taxonomy":"page-type","embeddable":true,"href":"https:\/\/www.capgemini.com\/pl-pl\/wp-json\/wp\/v2\/page-type?post=898533"},{"taxonomy":"content-group","embeddable":true,"href":"https:\/\/www.capgemini.com\/pl-pl\/wp-json\/wp\/v2\/content-group?post=898533"}],"curies":[{"name":"wp","href":"https:\/\/api.w.org\/{rel}","templated":true}]}}