{"id":898495,"date":"2023-12-13T11:06:48","date_gmt":"2023-12-13T11:06:48","guid":{"rendered":"https:\/\/www.capgemini.com\/pl-pl\/?page_id=898495"},"modified":"2025-01-08T11:26:45","modified_gmt":"2025-01-08T11:26:45","slug":"platforma-do-zarzadzania-transportem-morskim-lotniczym-i-ladowym","status":"publish","type":"page","link":"https:\/\/www.capgemini.com\/pl-pl\/kariera\/software\/projekty\/platforma-do-zarzadzania-transportem-morskim-lotniczym-i-ladowym\/","title":{"rendered":"PLATFORMA DO ZARZ\u0104DZANIA TRANSPORTEM MORSKIM, LOTNICZYM I L\u0104DOWYM"},"content":{"rendered":"\n<section class=\"wp-block-cg-blocks-group undefined section section--article-content\"><div class=\"article-main-content\"><div class=\"container\"><div class=\"row\"><div class=\"col-12 col-md-11 col-lg-10 offset-md-1 offset-lg-1\"><div class=\"article-text article-quote-text\">\n<div class=\"wp-block-columns is-layout-flex wp-container-core-columns-is-layout-28f84493 wp-block-columns-is-layout-flex\">\n<div class=\"wp-block-column is-layout-flow wp-block-column-is-layout-flow\" style=\"flex-basis:66.66%\">\n<figure class=\"wp-block-image size-full\"><img loading=\"lazy\" decoding=\"async\" width=\"2048\" height=\"1138\" src=\"https:\/\/www.capgemini.com\/pl-pl\/wp-content\/uploads\/sites\/27\/2023\/12\/image-64.png\" alt=\"ikona z kul\u0105 ziemsk\u0105 i przedstawieniem r\u00f3\u017cnego rodzaju transport\u00f3w\" class=\"wp-image-898611\" srcset=\"https:\/\/www.capgemini.com\/pl-pl\/wp-content\/uploads\/sites\/27\/2023\/12\/image-64.png 2048w, https:\/\/www.capgemini.com\/pl-pl\/wp-content\/uploads\/sites\/27\/2023\/12\/image-64.png?resize=300,167 300w, https:\/\/www.capgemini.com\/pl-pl\/wp-content\/uploads\/sites\/27\/2023\/12\/image-64.png?resize=768,427 768w, https:\/\/www.capgemini.com\/pl-pl\/wp-content\/uploads\/sites\/27\/2023\/12\/image-64.png?resize=1024,569 1024w, https:\/\/www.capgemini.com\/pl-pl\/wp-content\/uploads\/sites\/27\/2023\/12\/image-64.png?resize=1536,854 1536w, https:\/\/www.capgemini.com\/pl-pl\/wp-content\/uploads\/sites\/27\/2023\/12\/image-64.png?resize=360,200 360w\" sizes=\"auto, (max-width: 2048px) 100vw, 2048px\" \/><\/figure>\n<\/div>\n\n\n\n<div class=\"wp-block-column is-layout-flow wp-block-column-is-layout-flow\" style=\"flex-basis:33.33%\">\n<div class=\"wp-block-cover has-white-color has-text-color\" style=\"min-height:150px;aspect-ratio:unset;\"><span aria-hidden=\"true\" class=\"wp-block-cover__background has-background-dim-100 has-background-dim\" style=\"background-color:#336b7d\"><\/span><div class=\"wp-block-cover__inner-container has-global-padding is-layout-constrained wp-block-cover-is-layout-constrained\">\n<h4 class=\"wp-block-heading has-white-color has-text-color\" id=\"h-klient\">KLIENT<\/h4>\n\n\n\n<p class=\"has-white-color has-text-color\">Jedna z najwi\u0119kszych na \u015bwiecie firm logistycznych zajmuj\u0105ca si\u0119 transportem morskim, powietrznym oraz l\u0105dowym.<\/p>\n<\/div><\/div>\n\n\n\n<div style=\"height:15px\" aria-hidden=\"true\" class=\"wp-block-spacer\"><\/div>\n\n\n\n<div class=\"wp-block-cover has-white-color has-text-color\" style=\"min-height:150px;aspect-ratio:unset;\"><span aria-hidden=\"true\" class=\"wp-block-cover__background has-background-dim-100 has-background-dim\" style=\"background-color:#0f878a\"><\/span><div class=\"wp-block-cover__inner-container has-global-padding is-layout-constrained wp-block-cover-is-layout-constrained\">\n<h4 class=\"wp-block-heading has-white-color has-text-color\" id=\"h-sektor\">SEKTOR<\/h4>\n\n\n\n<p class=\"has-white-color has-text-color\">Handel i dystrybucja<\/p>\n<\/div><\/div>\n\n\n\n<div style=\"height:15px\" aria-hidden=\"true\" class=\"wp-block-spacer\"><\/div>\n\n\n\n<div class=\"wp-block-cover has-white-color has-text-color\" style=\"min-height:150px;aspect-ratio:unset;\"><span aria-hidden=\"true\" class=\"wp-block-cover__background has-background-dim-100 has-background-dim\" style=\"background-color:#00b2a2\"><\/span><div class=\"wp-block-cover__inner-container has-global-padding is-layout-constrained wp-block-cover-is-layout-constrained\">\n<h4 class=\"wp-block-heading has-white-color has-text-color\" id=\"h-metodyka-pracy\">METODYKA PRACY<\/h4>\n\n\n\n<p class=\"has-white-color has-text-color\">Scrumban<\/p>\n<\/div><\/div>\n\n\n\n<div style=\"height:15px\" aria-hidden=\"true\" class=\"wp-block-spacer\"><\/div>\n\n\n\n<div class=\"wp-block-cover is-light has-white-color has-text-color\" style=\"min-height:150px;aspect-ratio:unset;\"><span aria-hidden=\"true\" class=\"wp-block-cover__background has-background-dim-100 has-background-dim\" style=\"background-color:#57cf80\"><\/span><div class=\"wp-block-cover__inner-container has-global-padding is-layout-constrained wp-block-cover-is-layout-constrained\">\n<h4 class=\"wp-block-heading has-white-color has-text-color\" id=\"h-kompetencje-zespoly\">KOMPETENCJE \/ ZESPO\u0141Y<\/h4>\n\n\n\n<p class=\"has-white-color has-text-color\">DevOps, Development, Architekt, Testing, Quality manager<\/p>\n<\/div><\/div>\n<\/div>\n<\/div>\n\n\n\n<h3 class=\"wp-block-heading\">Potrzeba biznesowa:<\/h3>\n\n\n\n<h4 class=\"wp-block-heading\" id=\"h-rozwoj-i-utrzymanie-istniejacych-aplikacji-ktore-sa-duzym-zintegrowanym-rozwiazaniem-logistycznym-do-zarzadzania-lancuchami-dostaw-uzywanym-przez-dziesiatki-tysiecy-uzytkownikow-na-calym-swiecie\">Rozw\u00f3j i utrzymanie istniej\u0105cych aplikacji, kt\u00f3re s\u0105 du\u017cym, zintegrowanym rozwi\u0105zaniem logistycznym do zarz\u0105dzania \u0142a\u0144cuchami dostaw u\u017cywanym przez dziesi\u0105tki tysi\u0119cy u\u017cytkownik\u00f3w na ca\u0142ym \u015bwiecie.<\/h4>\n\n\n\n<h3 class=\"wp-block-heading\">Co zrobili\u015bmy?<\/h3>\n\n\n\n<h4 class=\"wp-block-heading\" id=\"h-od-10-lat-wspolpracujemy-z-klientem-na-polu-rozwoju-obecnej-platformy-oraz-jej-systemow-pobocznych-pracujemy-w-modelu-managed-service-dzieki-czemu-jestesmy-w-stanie-caly-czas-przejmowac-kolejne-obszary-i-zwiekszac-nasza-odpowiedzialnosc-oraz-ilosc-projektow-za-ktore-odpowiadamy-produkt-stawia-przed-nami-duzo-ciekawych-wyzwan-biznesowych-oraz-technicznych-obecnie-skupiamy-sie-na-migracji-bibliotek-do-nowszych-wersji-w-mniejszych-pobocznych-aplikacjach-kod-migrujemy-do-angulara-ponadto-w-obszarach-ktore-to-umozliwiaja-wprowadzamy-rozwiazania-zwiazane-z-iot-np-w-aplikacji-dla-sensorow-monitorujacych-kontenery-na-statkach\">Od 10 lat wsp\u00f3\u0142pracujemy z klientem na polu rozwoju obecnej platformy oraz jej system\u00f3w pobocznych. Pracujemy w modelu managed service dzi\u0119ki czemu jeste\u015bmy w stanie ca\u0142y czas przejmowa\u0107 kolejne obszary i zwi\u0119ksza\u0107 nasz\u0105 odpowiedzialno\u015b\u0107 oraz ilo\u015b\u0107 projekt\u00f3w, za kt\u00f3re odpowiadamy. Produkt stawia przed nami du\u017co ciekawych wyzwa\u0144 biznesowych oraz technicznych. Obecnie skupiamy si\u0119 na migracji bibliotek do nowszych wersji. W mniejszych, pobocznych aplikacjach kod migrujemy do Angulara. Ponadto w obszarach, kt\u00f3re to umo\u017cliwiaj\u0105 wprowadzamy rozwi\u0105zania zwi\u0105zane z IoT np.: w aplikacji dla sensor\u00f3w monitoruj\u0105cych kontenery na statkach.<\/h4>\n\n\n\n<h3 class=\"wp-block-heading\">Technologie<\/h3>\n\n\n\n<div class=\"wp-block-group is-nowrap is-layout-flex wp-container-core-group-is-layout-6c531013 wp-block-group-is-layout-flex\">\n<figure class=\"wp-block-image\"><img decoding=\"async\" src=\"https:\/\/capgeminisoftware.pl\/app\/uploads\/2020\/06\/java.png\" alt=\"tech-icon\"\/><\/figure>\n<\/div>\n<\/div><\/div><\/div><\/div><\/div><\/section>\n","protected":false},"excerpt":{"rendered":"","protected":false},"author":650,"featured_media":0,"parent":898340,"menu_order":0,"comment_status":"closed","ping_status":"closed","template":"","meta":{"cg_dt_proposed_to":[],"cg_seo_hreflang_relations":"[]","cg_seo_canonical_relation":"{\"uuid\":\"828768ed-242e-420b-bef6-7370b042d40d\",\"blogId\":\"\",\"domain\":\"\",\"sitePath\":\"\",\"postLink\":\"\",\"postId\":null,\"isSaved\":true,\"isCrossLink\":false,\"hasCrossLink\":false}","cg_seo_hreflang_x_default_relation":"{\"uuid\":\"c11977b8-5dc3-4dc5-a58f-335e6a5ea3a5\",\"blogId\":\"\",\"domain\":\"\",\"sitePath\":\"\",\"postLink\":\"\",\"postId\":null,\"isSaved\":true,\"isCrossLink\":false,\"hasCrossLink\":false}","cg_dt_approved_content":true,"cg_dt_mandatory_content":false,"cg_dt_notes":"","cg_dg_source_changed":false,"cg_dt_link_disabled":false,"_yoast_wpseo_primary_brand":"","footnotes":"","featured_focal_points":"","partner_card_description":"","gsap_animation":0},"brand":[],"partner_type":[],"service":[],"industry":[],"partners":[],"page-type":[],"content-group":[],"class_list":["post-898495","page","type-page","status-publish","hentry"],"yoast_head":"<!-- This site is optimized with the Yoast SEO Premium plugin v22.8 (Yoast SEO v22.8) - https:\/\/yoast.com\/wordpress\/plugins\/seo\/ -->\n<title>PLATFORMA DO ZARZ\u0104DZANIA TRANSPORTEM MORSKIM, LOTNICZYM I L\u0104DOWYM - Capgemini Poland<\/title>\n<meta name=\"description\" content=\"Rozw\u00f3j i utrzymanie istniej\u0105cych aplikacji do zarz\u0105dzania \u0142a\u0144cuchami dostaw u\u017cywanym przez dziesi\u0105tki tysi\u0119cy u\u017cytkownik\u00f3w na ca\u0142ym \u015bwiecie.\" \/>\n<meta name=\"robots\" content=\"index, follow, max-snippet:-1, max-image-preview:large, max-video-preview:-1\" \/>\n<link rel=\"canonical\" href=\"https:\/\/www.capgemini.com\/pl-pl\/kariera\/software\/projekty\/platforma-do-zarzadzania-transportem-morskim-lotniczym-i-ladowym\/\" \/>\n<meta property=\"og:locale\" content=\"pl_PL\" \/>\n<meta property=\"og:type\" content=\"article\" \/>\n<meta property=\"og:title\" content=\"PLATFORMA DO ZARZ\u0104DZANIA TRANSPORTEM MORSKIM, LOTNICZYM I L\u0104DOWYM\" \/>\n<meta property=\"og:description\" content=\"Rozw\u00f3j i utrzymanie istniej\u0105cych aplikacji do zarz\u0105dzania \u0142a\u0144cuchami dostaw u\u017cywanym przez dziesi\u0105tki tysi\u0119cy u\u017cytkownik\u00f3w na ca\u0142ym \u015bwiecie.\" \/>\n<meta property=\"og:url\" content=\"https:\/\/www.capgemini.com\/pl-pl\/kariera\/software\/projekty\/platforma-do-zarzadzania-transportem-morskim-lotniczym-i-ladowym\/\" \/>\n<meta property=\"og:site_name\" content=\"Capgemini Poland\" \/>\n<meta property=\"article:modified_time\" content=\"2025-01-08T11:26:45+00:00\" \/>\n<meta property=\"og:image\" content=\"https:\/\/www.capgemini.com\/pl-pl\/wp-content\/uploads\/sites\/27\/2023\/12\/image-64.png\" \/>\n<meta name=\"twitter:card\" content=\"summary_large_image\" \/>\n<meta name=\"twitter:label1\" content=\"Est. reading time\" \/>\n\t<meta name=\"twitter:data1\" content=\"2 minutes\" \/>\n<script type=\"application\/ld+json\" class=\"yoast-schema-graph\">{\"@context\":\"https:\/\/schema.org\",\"@graph\":[{\"@type\":\"WebPage\",\"@id\":\"https:\/\/www.capgemini.com\/pl-pl\/kariera\/software\/projekty\/platforma-do-zarzadzania-transportem-morskim-lotniczym-i-ladowym\/\",\"url\":\"https:\/\/www.capgemini.com\/pl-pl\/kariera\/software\/projekty\/platforma-do-zarzadzania-transportem-morskim-lotniczym-i-ladowym\/\",\"name\":\"PLATFORMA DO ZARZ\u0104DZANIA TRANSPORTEM MORSKIM, LOTNICZYM I L\u0104DOWYM - Capgemini Poland\",\"isPartOf\":{\"@id\":\"https:\/\/www.capgemini.com\/pl-pl\/#website\"},\"primaryImageOfPage\":{\"@id\":\"https:\/\/www.capgemini.com\/pl-pl\/kariera\/software\/projekty\/platforma-do-zarzadzania-transportem-morskim-lotniczym-i-ladowym\/#primaryimage\"},\"image\":{\"@id\":\"https:\/\/www.capgemini.com\/pl-pl\/kariera\/software\/projekty\/platforma-do-zarzadzania-transportem-morskim-lotniczym-i-ladowym\/#primaryimage\"},\"thumbnailUrl\":\"https:\/\/www.capgemini.com\/pl-pl\/wp-content\/uploads\/sites\/27\/2023\/12\/image-64.png\",\"datePublished\":\"2023-12-13T11:06:48+00:00\",\"dateModified\":\"2025-01-08T11:26:45+00:00\",\"description\":\"Rozw\u00f3j i utrzymanie istniej\u0105cych aplikacji do zarz\u0105dzania \u0142a\u0144cuchami dostaw u\u017cywanym przez dziesi\u0105tki tysi\u0119cy u\u017cytkownik\u00f3w na ca\u0142ym \u015bwiecie.\",\"breadcrumb\":{\"@id\":\"https:\/\/www.capgemini.com\/pl-pl\/kariera\/software\/projekty\/platforma-do-zarzadzania-transportem-morskim-lotniczym-i-ladowym\/#breadcrumb\"},\"inLanguage\":\"pl-PL\",\"potentialAction\":[{\"@type\":\"ReadAction\",\"target\":[\"https:\/\/www.capgemini.com\/pl-pl\/kariera\/software\/projekty\/platforma-do-zarzadzania-transportem-morskim-lotniczym-i-ladowym\/\"]}]},{\"@type\":\"ImageObject\",\"inLanguage\":\"pl-PL\",\"@id\":\"https:\/\/www.capgemini.com\/pl-pl\/kariera\/software\/projekty\/platforma-do-zarzadzania-transportem-morskim-lotniczym-i-ladowym\/#primaryimage\",\"url\":\"https:\/\/www.capgemini.com\/pl-pl\/wp-content\/uploads\/sites\/27\/2023\/12\/image-64.png\",\"contentUrl\":\"https:\/\/www.capgemini.com\/pl-pl\/wp-content\/uploads\/sites\/27\/2023\/12\/image-64.png\",\"width\":2048,\"height\":1138,\"caption\":\"ikona z kul\u0105 ziemsk\u0105 i przedstawieniem r\u00f3\u017cnego rodzaju transport\u00f3w\"},{\"@type\":\"BreadcrumbList\",\"@id\":\"https:\/\/www.capgemini.com\/pl-pl\/kariera\/software\/projekty\/platforma-do-zarzadzania-transportem-morskim-lotniczym-i-ladowym\/#breadcrumb\",\"itemListElement\":[{\"@type\":\"ListItem\",\"position\":1,\"name\":\"Home\",\"item\":\"https:\/\/www.capgemini.com\/pl-pl\/\"},{\"@type\":\"ListItem\",\"position\":2,\"name\":\"Kariera\",\"item\":\"https:\/\/www.capgemini.com\/pl-pl\/kariera\/\"},{\"@type\":\"ListItem\",\"position\":3,\"name\":\"Projekty\",\"item\":\"https:\/\/www.capgemini.com\/pl-pl\/kariera\/software\/projekty\/\"},{\"@type\":\"ListItem\",\"position\":4,\"name\":\"PLATFORMA DO ZARZ\u0104DZANIA TRANSPORTEM MORSKIM, LOTNICZYM I L\u0104DOWYM\"}]},{\"@type\":\"WebSite\",\"@id\":\"https:\/\/www.capgemini.com\/pl-pl\/#website\",\"url\":\"https:\/\/www.capgemini.com\/pl-pl\/\",\"name\":\"Capgemini Polska\",\"description\":\"Capgemini\",\"potentialAction\":[{\"@type\":\"SearchAction\",\"target\":{\"@type\":\"EntryPoint\",\"urlTemplate\":\"https:\/\/www.capgemini.com\/pl-pl\/?s={search_term_string}\"},\"query-input\":\"required name=search_term_string\"}],\"inLanguage\":\"pl-PL\"}]}<\/script>\n<!-- \/ Yoast SEO Premium plugin. -->","yoast_head_json":{"title":"PLATFORMA DO ZARZ\u0104DZANIA TRANSPORTEM MORSKIM, LOTNICZYM I L\u0104DOWYM - Capgemini Poland","description":"Rozw\u00f3j i utrzymanie istniej\u0105cych aplikacji do zarz\u0105dzania \u0142a\u0144cuchami dostaw u\u017cywanym przez dziesi\u0105tki tysi\u0119cy u\u017cytkownik\u00f3w na ca\u0142ym \u015bwiecie.","robots":{"index":"index","follow":"follow","max-snippet":"max-snippet:-1","max-image-preview":"max-image-preview:large","max-video-preview":"max-video-preview:-1"},"canonical":"https:\/\/www.capgemini.com\/pl-pl\/kariera\/software\/projekty\/platforma-do-zarzadzania-transportem-morskim-lotniczym-i-ladowym\/","og_locale":"pl_PL","og_type":"article","og_title":"PLATFORMA DO ZARZ\u0104DZANIA TRANSPORTEM MORSKIM, LOTNICZYM I L\u0104DOWYM","og_description":"Rozw\u00f3j i utrzymanie istniej\u0105cych aplikacji do zarz\u0105dzania \u0142a\u0144cuchami dostaw u\u017cywanym przez dziesi\u0105tki tysi\u0119cy u\u017cytkownik\u00f3w na ca\u0142ym \u015bwiecie.","og_url":"https:\/\/www.capgemini.com\/pl-pl\/kariera\/software\/projekty\/platforma-do-zarzadzania-transportem-morskim-lotniczym-i-ladowym\/","og_site_name":"Capgemini Poland","article_modified_time":"2025-01-08T11:26:45+00:00","og_image":[{"url":"https:\/\/www.capgemini.com\/pl-pl\/wp-content\/uploads\/sites\/27\/2023\/12\/image-64.png"}],"twitter_card":"summary_large_image","twitter_misc":{"Est. reading time":"2 minutes"},"schema":{"@context":"https:\/\/schema.org","@graph":[{"@type":"WebPage","@id":"https:\/\/www.capgemini.com\/pl-pl\/kariera\/software\/projekty\/platforma-do-zarzadzania-transportem-morskim-lotniczym-i-ladowym\/","url":"https:\/\/www.capgemini.com\/pl-pl\/kariera\/software\/projekty\/platforma-do-zarzadzania-transportem-morskim-lotniczym-i-ladowym\/","name":"PLATFORMA DO ZARZ\u0104DZANIA TRANSPORTEM MORSKIM, LOTNICZYM I L\u0104DOWYM - Capgemini Poland","isPartOf":{"@id":"https:\/\/www.capgemini.com\/pl-pl\/#website"},"primaryImageOfPage":{"@id":"https:\/\/www.capgemini.com\/pl-pl\/kariera\/software\/projekty\/platforma-do-zarzadzania-transportem-morskim-lotniczym-i-ladowym\/#primaryimage"},"image":{"@id":"https:\/\/www.capgemini.com\/pl-pl\/kariera\/software\/projekty\/platforma-do-zarzadzania-transportem-morskim-lotniczym-i-ladowym\/#primaryimage"},"thumbnailUrl":"https:\/\/www.capgemini.com\/pl-pl\/wp-content\/uploads\/sites\/27\/2023\/12\/image-64.png","datePublished":"2023-12-13T11:06:48+00:00","dateModified":"2025-01-08T11:26:45+00:00","description":"Rozw\u00f3j i utrzymanie istniej\u0105cych aplikacji do zarz\u0105dzania \u0142a\u0144cuchami dostaw u\u017cywanym przez dziesi\u0105tki tysi\u0119cy u\u017cytkownik\u00f3w na ca\u0142ym \u015bwiecie.","breadcrumb":{"@id":"https:\/\/www.capgemini.com\/pl-pl\/kariera\/software\/projekty\/platforma-do-zarzadzania-transportem-morskim-lotniczym-i-ladowym\/#breadcrumb"},"inLanguage":"pl-PL","potentialAction":[{"@type":"ReadAction","target":["https:\/\/www.capgemini.com\/pl-pl\/kariera\/software\/projekty\/platforma-do-zarzadzania-transportem-morskim-lotniczym-i-ladowym\/"]}]},{"@type":"ImageObject","inLanguage":"pl-PL","@id":"https:\/\/www.capgemini.com\/pl-pl\/kariera\/software\/projekty\/platforma-do-zarzadzania-transportem-morskim-lotniczym-i-ladowym\/#primaryimage","url":"https:\/\/www.capgemini.com\/pl-pl\/wp-content\/uploads\/sites\/27\/2023\/12\/image-64.png","contentUrl":"https:\/\/www.capgemini.com\/pl-pl\/wp-content\/uploads\/sites\/27\/2023\/12\/image-64.png","width":2048,"height":1138,"caption":"ikona z kul\u0105 ziemsk\u0105 i przedstawieniem r\u00f3\u017cnego rodzaju transport\u00f3w"},{"@type":"BreadcrumbList","@id":"https:\/\/www.capgemini.com\/pl-pl\/kariera\/software\/projekty\/platforma-do-zarzadzania-transportem-morskim-lotniczym-i-ladowym\/#breadcrumb","itemListElement":[{"@type":"ListItem","position":1,"name":"Home","item":"https:\/\/www.capgemini.com\/pl-pl\/"},{"@type":"ListItem","position":2,"name":"Kariera","item":"https:\/\/www.capgemini.com\/pl-pl\/kariera\/"},{"@type":"ListItem","position":3,"name":"Projekty","item":"https:\/\/www.capgemini.com\/pl-pl\/kariera\/software\/projekty\/"},{"@type":"ListItem","position":4,"name":"PLATFORMA DO ZARZ\u0104DZANIA TRANSPORTEM MORSKIM, LOTNICZYM I L\u0104DOWYM"}]},{"@type":"WebSite","@id":"https:\/\/www.capgemini.com\/pl-pl\/#website","url":"https:\/\/www.capgemini.com\/pl-pl\/","name":"Capgemini Polska","description":"Capgemini","potentialAction":[{"@type":"SearchAction","target":{"@type":"EntryPoint","urlTemplate":"https:\/\/www.capgemini.com\/pl-pl\/?s={search_term_string}"},"query-input":"required name=search_term_string"}],"inLanguage":"pl-PL"}]}},"brand_term":[],"parsely":{"version":"1.1.0","canonical_url":"https:\/\/capgemini.com\/pl-pl\/kariera\/software\/projekty\/platforma-do-zarzadzania-transportem-morskim-lotniczym-i-ladowym\/","smart_links":{"inbound":0,"outbound":0},"traffic_boost_suggestions_count":0,"meta":{"@context":"https:\/\/schema.org","@type":"WebPage","headline":"PLATFORMA DO ZARZ\u0104DZANIA TRANSPORTEM MORSKIM, LOTNICZYM I L\u0104DOWYM","url":"https:\/\/www.capgemini.com\/pl-pl\/kariera\/software\/projekty\/platforma-do-zarzadzania-transportem-morskim-lotniczym-i-ladowym\/","mainEntityOfPage":{"@type":"WebPage","@id":"https:\/\/www.capgemini.com\/pl-pl\/kariera\/software\/projekty\/platforma-do-zarzadzania-transportem-morskim-lotniczym-i-ladowym\/"},"thumbnailUrl":"","image":{"@type":"ImageObject","url":""},"articleSection":"Uncategorized","author":[],"creator":[],"publisher":{"@type":"Organization","name":"Capgemini Poland","logo":""},"keywords":[],"dateCreated":"2023-12-13T11:06:48Z","datePublished":"2023-12-13T11:06:48Z","dateModified":"2025-01-08T11:26:45Z"},"rendered":"<meta name=\"parsely-title\" content=\"PLATFORMA DO ZARZ\u0104DZANIA TRANSPORTEM MORSKIM, LOTNICZYM I L\u0104DOWYM\" \/>\n<meta name=\"parsely-link\" content=\"https:\/\/www.capgemini.com\/pl-pl\/kariera\/software\/projekty\/platforma-do-zarzadzania-transportem-morskim-lotniczym-i-ladowym\/\" \/>\n<meta name=\"parsely-type\" content=\"index\" \/>\n<meta name=\"parsely-pub-date\" content=\"2023-12-13T11:06:48Z\" \/>\n<meta name=\"parsely-section\" content=\"Uncategorized\" \/>","tracker_url":"https:\/\/cdn.parsely.com\/keys\/capgemini.com\/p.js"},"archive_status":false,"featured_image_src":"https:\/\/www.capgemini.com\/pl-pl\/wp-content\/themes\/capgemini2025\/assets\/images\/mockup.png","featured_image_alt":false,"jetpack_sharing_enabled":true,"distributor_meta":false,"distributor_terms":false,"distributor_media":false,"distributor_original_site_name":"Capgemini Poland","distributor_original_site_url":"https:\/\/www.capgemini.com\/pl-pl","push-errors":false,"_links":{"self":[{"href":"https:\/\/www.capgemini.com\/pl-pl\/wp-json\/wp\/v2\/pages\/898495","targetHints":{"allow":["GET"]}}],"collection":[{"href":"https:\/\/www.capgemini.com\/pl-pl\/wp-json\/wp\/v2\/pages"}],"about":[{"href":"https:\/\/www.capgemini.com\/pl-pl\/wp-json\/wp\/v2\/types\/page"}],"author":[{"embeddable":true,"href":"https:\/\/www.capgemini.com\/pl-pl\/wp-json\/wp\/v2\/users\/650"}],"replies":[{"embeddable":true,"href":"https:\/\/www.capgemini.com\/pl-pl\/wp-json\/wp\/v2\/comments?post=898495"}],"version-history":[{"count":2,"href":"https:\/\/www.capgemini.com\/pl-pl\/wp-json\/wp\/v2\/pages\/898495\/revisions"}],"predecessor-version":[{"id":907248,"href":"https:\/\/www.capgemini.com\/pl-pl\/wp-json\/wp\/v2\/pages\/898495\/revisions\/907248"}],"up":[{"embeddable":true,"href":"https:\/\/www.capgemini.com\/pl-pl\/wp-json\/wp\/v2\/pages\/898340"}],"wp:attachment":[{"href":"https:\/\/www.capgemini.com\/pl-pl\/wp-json\/wp\/v2\/media?parent=898495"}],"wp:term":[{"taxonomy":"brand","embeddable":true,"href":"https:\/\/www.capgemini.com\/pl-pl\/wp-json\/wp\/v2\/brand?post=898495"},{"taxonomy":"partner_type","embeddable":true,"href":"https:\/\/www.capgemini.com\/pl-pl\/wp-json\/wp\/v2\/partner_type?post=898495"},{"taxonomy":"service","embeddable":true,"href":"https:\/\/www.capgemini.com\/pl-pl\/wp-json\/wp\/v2\/service?post=898495"},{"taxonomy":"industry","embeddable":true,"href":"https:\/\/www.capgemini.com\/pl-pl\/wp-json\/wp\/v2\/industry?post=898495"},{"taxonomy":"partners","embeddable":true,"href":"https:\/\/www.capgemini.com\/pl-pl\/wp-json\/wp\/v2\/partners?post=898495"},{"taxonomy":"page-type","embeddable":true,"href":"https:\/\/www.capgemini.com\/pl-pl\/wp-json\/wp\/v2\/page-type?post=898495"},{"taxonomy":"content-group","embeddable":true,"href":"https:\/\/www.capgemini.com\/pl-pl\/wp-json\/wp\/v2\/content-group?post=898495"}],"curies":[{"name":"wp","href":"https:\/\/api.w.org\/{rel}","templated":true}]}}