{"id":898490,"date":"2023-12-13T11:04:35","date_gmt":"2023-12-13T11:04:35","guid":{"rendered":"https:\/\/www.capgemini.com\/pl-pl\/?page_id=898490"},"modified":"2025-01-08T11:21:44","modified_gmt":"2025-01-08T11:21:44","slug":"aplikacje-sluzace-do-zorganizowania-logistyki-przesylek","status":"publish","type":"page","link":"https:\/\/www.capgemini.com\/pl-pl\/kariera\/software\/projekty\/aplikacje-sluzace-do-zorganizowania-logistyki-przesylek\/","title":{"rendered":"APLIKACJE S\u0141U\u017b\u0104CE DO ZORGANIZOWANIA LOGISTYKI PRZESY\u0141EK"},"content":{"rendered":"\n<section class=\"wp-block-cg-blocks-group undefined section section--article-content\"><div class=\"article-main-content\"><div class=\"container\"><div class=\"row\"><div class=\"col-12 col-md-11 col-lg-10 offset-md-1 offset-lg-1\"><div class=\"article-text article-quote-text\">\n<div class=\"wp-block-columns is-layout-flex wp-container-core-columns-is-layout-28f84493 wp-block-columns-is-layout-flex\">\n<div class=\"wp-block-column is-layout-flow wp-block-column-is-layout-flow\" style=\"flex-basis:66.66%\">\n<figure class=\"wp-block-image size-full\"><img loading=\"lazy\" decoding=\"async\" width=\"655\" height=\"461\" src=\"https:\/\/www.capgemini.com\/pl-pl\/wp-content\/uploads\/sites\/27\/2023\/12\/image-48.png\" alt=\"ikona pokazuj\u0105ca m\u0119\u017cczyzn\u0119, wok\u00f3\u0142 ko\u0142a z\u0119bate\" class=\"wp-image-898492\" srcset=\"https:\/\/www.capgemini.com\/pl-pl\/wp-content\/uploads\/sites\/27\/2023\/12\/image-48.png 655w, https:\/\/www.capgemini.com\/pl-pl\/wp-content\/uploads\/sites\/27\/2023\/12\/image-48.png?resize=300,211 300w\" sizes=\"auto, (max-width: 655px) 100vw, 655px\" \/><\/figure>\n<\/div>\n\n\n\n<div class=\"wp-block-column is-layout-flow wp-block-column-is-layout-flow\" style=\"flex-basis:33.33%\">\n<div class=\"wp-block-cover has-white-color has-text-color\" style=\"min-height:150px;aspect-ratio:unset;\"><span aria-hidden=\"true\" class=\"wp-block-cover__background has-background-dim-100 has-background-dim\" style=\"background-color:#336b7d\"><\/span><div class=\"wp-block-cover__inner-container has-global-padding is-layout-constrained wp-block-cover-is-layout-constrained\">\n<h4 class=\"wp-block-heading has-white-color has-text-color\" id=\"h-klient\">KLIENT<\/h4>\n\n\n\n<p class=\"has-white-color has-text-color\">Jedna z najwi\u0119kszych firm logistycznych<\/p>\n<\/div><\/div>\n\n\n\n<div style=\"height:15px\" aria-hidden=\"true\" class=\"wp-block-spacer\"><\/div>\n\n\n\n<div class=\"wp-block-cover has-white-color has-text-color\" style=\"min-height:150px;aspect-ratio:unset;\"><span aria-hidden=\"true\" class=\"wp-block-cover__background has-background-dim-100 has-background-dim\" style=\"background-color:#0f878a\"><\/span><div class=\"wp-block-cover__inner-container has-global-padding is-layout-constrained wp-block-cover-is-layout-constrained\">\n<h4 class=\"wp-block-heading has-white-color has-text-color\" id=\"h-sektor\">SEKTOR<\/h4>\n\n\n\n<p class=\"has-white-color has-text-color\">Logistyka<\/p>\n<\/div><\/div>\n\n\n\n<div style=\"height:15px\" aria-hidden=\"true\" class=\"wp-block-spacer\"><\/div>\n\n\n\n<div class=\"wp-block-cover has-white-color has-text-color\" style=\"min-height:150px;aspect-ratio:unset;\"><span aria-hidden=\"true\" class=\"wp-block-cover__background has-background-dim-100 has-background-dim\" style=\"background-color:#00b2a2\"><\/span><div class=\"wp-block-cover__inner-container has-global-padding is-layout-constrained wp-block-cover-is-layout-constrained\">\n<h4 class=\"wp-block-heading has-white-color has-text-color\" id=\"h-metodyka-pracy\">METODYKA PRACY<\/h4>\n\n\n\n<p class=\"has-white-color has-text-color\">Scrum<\/p>\n<\/div><\/div>\n\n\n\n<div style=\"height:15px\" aria-hidden=\"true\" class=\"wp-block-spacer\"><\/div>\n\n\n\n<div class=\"wp-block-cover is-light has-white-color has-text-color\" style=\"min-height:150px;aspect-ratio:unset;\"><span aria-hidden=\"true\" class=\"wp-block-cover__background has-background-dim-100 has-background-dim\" style=\"background-color:#57cf80\"><\/span><div class=\"wp-block-cover__inner-container has-global-padding is-layout-constrained wp-block-cover-is-layout-constrained\">\n<h4 class=\"wp-block-heading has-white-color has-text-color\" id=\"h-kompetencje-zespoly\">KOMPETENCJE \/ ZESPO\u0141Y<\/h4>\n\n\n\n<p class=\"has-white-color has-text-color\">Testing ( automatyzacja test\u00f3w, automatyzacja proces\u00f3w biznesowych)<\/p>\n<\/div><\/div>\n<\/div>\n<\/div>\n\n\n\n<h3 class=\"wp-block-heading\">Potrzeba biznesowa:<\/h3>\n\n\n\n<h4 class=\"wp-block-heading\" id=\"h-wprowadzenie-zwinnego-prowadzenia-projektow-uporzadkowanie-procesu-testowego-skrocenie-czasu-testowania-zwiekszenie-poziomu-jakosci\">\u2022 Wprowadzenie zwinnego prowadzenia projekt\u00f3w<br>\u2022 Uporz\u0105dkowanie procesu testowego<br>\u2022 Skr\u00f3cenie czasu testowania<br>\u2022 Zwi\u0119kszenie poziomu jako\u015bci<\/h4>\n\n\n\n<h3 class=\"wp-block-heading\">Co zrobili\u015bmy?<\/h3>\n\n\n\n<h4 class=\"wp-block-heading\" id=\"h-zaproponowalismy-i-zaimplementowalismy-proces-testowy-wprowadzilismy-metryki-sluzace-raportowaniu-statusu-jakosciowego-zaproponowalismy-i-wdrozylismy-integracyjne-testy-automatyczne-zaproponowalismy-i-wdrozylismy-usprawnienia-w-obszarze-automatyzacji-procesow-biznesowych\">\u2022 Zaproponowali\u015bmy i zaimplementowali\u015bmy proces testowy<br>\u2022 Wprowadzili\u015bmy metryki s\u0142u\u017c\u0105ce raportowaniu statusu jako\u015bciowego<br>\u2022 Zaproponowali\u015bmy i wdro\u017cyli\u015bmy integracyjne testy automatyczne<br>\u2022 Zaproponowali\u015bmy i wdro\u017cyli\u015bmy usprawnienia w obszarze automatyzacji proces\u00f3w biznesowych<\/h4>\n\n\n\n<h3 class=\"wp-block-heading\">Technologie<\/h3>\n\n\n\n<div class=\"wp-block-group is-nowrap is-layout-flex wp-container-core-group-is-layout-6c531013 wp-block-group-is-layout-flex\">\n<figure class=\"wp-block-image\"><img decoding=\"async\" src=\"https:\/\/capgeminisoftware.pl\/app\/uploads\/2020\/06\/java.png\" alt=\"tech-icon\"\/><\/figure>\n<\/div>\n<\/div><\/div><\/div><\/div><\/div><\/section>\n","protected":false},"excerpt":{"rendered":"","protected":false},"author":650,"featured_media":0,"parent":898340,"menu_order":0,"comment_status":"closed","ping_status":"closed","template":"","meta":{"cg_dt_proposed_to":[],"cg_seo_hreflang_relations":"[]","cg_seo_canonical_relation":"{\"uuid\":\"eb67e349-e89e-4bfe-943c-0efd4293e7b1\",\"blogId\":\"\",\"domain\":\"\",\"sitePath\":\"\",\"postLink\":\"\",\"postId\":null,\"isSaved\":true,\"isCrossLink\":false,\"hasCrossLink\":false}","cg_seo_hreflang_x_default_relation":"{\"uuid\":\"89fd3ccd-ea8c-4358-8dda-56247b795a0c\",\"blogId\":\"\",\"domain\":\"\",\"sitePath\":\"\",\"postLink\":\"\",\"postId\":null,\"isSaved\":true,\"isCrossLink\":false,\"hasCrossLink\":false}","cg_dt_approved_content":true,"cg_dt_mandatory_content":false,"cg_dt_notes":"","cg_dg_source_changed":false,"cg_dt_link_disabled":false,"_yoast_wpseo_primary_brand":"","footnotes":"","featured_focal_points":"","partner_card_description":"","gsap_animation":0},"brand":[],"partner_type":[],"service":[],"industry":[],"partners":[],"page-type":[],"content-group":[],"class_list":["post-898490","page","type-page","status-publish","hentry"],"yoast_head":"<!-- This site is optimized with the Yoast SEO Premium plugin v22.8 (Yoast SEO v22.8) - https:\/\/yoast.com\/wordpress\/plugins\/seo\/ -->\n<title>APLIKACJE S\u0141U\u017b\u0104CE DO ZORGANIZOWANIA LOGISTYKI PRZESY\u0141EK - Capgemini Poland<\/title>\n<meta name=\"description\" content=\"Wprowadzenie zwinnego prowadzenia projekt\u00f3w, uporz\u0105dkowanie procesu testowego, skr\u00f3cenie czasu testowania, zwi\u0119kszenie poziomu jako\u015bci.\" \/>\n<meta name=\"robots\" content=\"index, follow, max-snippet:-1, max-image-preview:large, max-video-preview:-1\" \/>\n<link rel=\"canonical\" href=\"https:\/\/www.capgemini.com\/pl-pl\/kariera\/software\/projekty\/aplikacje-sluzace-do-zorganizowania-logistyki-przesylek\/\" \/>\n<meta property=\"og:locale\" content=\"pl_PL\" \/>\n<meta property=\"og:type\" content=\"article\" \/>\n<meta property=\"og:title\" content=\"APLIKACJE S\u0141U\u017b\u0104CE DO ZORGANIZOWANIA LOGISTYKI PRZESY\u0141EK\" \/>\n<meta property=\"og:description\" content=\"Wprowadzenie zwinnego prowadzenia projekt\u00f3w, uporz\u0105dkowanie procesu testowego, skr\u00f3cenie czasu testowania, zwi\u0119kszenie poziomu jako\u015bci.\" \/>\n<meta property=\"og:url\" content=\"https:\/\/www.capgemini.com\/pl-pl\/kariera\/software\/projekty\/aplikacje-sluzace-do-zorganizowania-logistyki-przesylek\/\" \/>\n<meta property=\"og:site_name\" content=\"Capgemini Poland\" \/>\n<meta property=\"article:modified_time\" content=\"2025-01-08T11:21:44+00:00\" \/>\n<meta property=\"og:image\" content=\"https:\/\/prod.ucwe.capgemini.com\/pl-pl\/wp-content\/uploads\/sites\/27\/2023\/12\/image-48.png\" \/>\n<meta name=\"twitter:card\" content=\"summary_large_image\" \/>\n<meta name=\"twitter:label1\" content=\"Est. reading time\" \/>\n\t<meta name=\"twitter:data1\" content=\"1 minute\" \/>\n<script type=\"application\/ld+json\" class=\"yoast-schema-graph\">{\"@context\":\"https:\/\/schema.org\",\"@graph\":[{\"@type\":\"WebPage\",\"@id\":\"https:\/\/www.capgemini.com\/pl-pl\/kariera\/software\/projekty\/aplikacje-sluzace-do-zorganizowania-logistyki-przesylek\/\",\"url\":\"https:\/\/www.capgemini.com\/pl-pl\/kariera\/software\/projekty\/aplikacje-sluzace-do-zorganizowania-logistyki-przesylek\/\",\"name\":\"APLIKACJE S\u0141U\u017b\u0104CE DO ZORGANIZOWANIA LOGISTYKI PRZESY\u0141EK - Capgemini Poland\",\"isPartOf\":{\"@id\":\"https:\/\/www.capgemini.com\/pl-pl\/#website\"},\"primaryImageOfPage\":{\"@id\":\"https:\/\/www.capgemini.com\/pl-pl\/kariera\/software\/projekty\/aplikacje-sluzace-do-zorganizowania-logistyki-przesylek\/#primaryimage\"},\"image\":{\"@id\":\"https:\/\/www.capgemini.com\/pl-pl\/kariera\/software\/projekty\/aplikacje-sluzace-do-zorganizowania-logistyki-przesylek\/#primaryimage\"},\"thumbnailUrl\":\"https:\/\/www.capgemini.com\/pl-pl\/wp-content\/uploads\/sites\/27\/2023\/12\/image-48.png\",\"datePublished\":\"2023-12-13T11:04:35+00:00\",\"dateModified\":\"2025-01-08T11:21:44+00:00\",\"description\":\"Wprowadzenie zwinnego prowadzenia projekt\u00f3w, uporz\u0105dkowanie procesu testowego, skr\u00f3cenie czasu testowania, zwi\u0119kszenie poziomu jako\u015bci.\",\"breadcrumb\":{\"@id\":\"https:\/\/www.capgemini.com\/pl-pl\/kariera\/software\/projekty\/aplikacje-sluzace-do-zorganizowania-logistyki-przesylek\/#breadcrumb\"},\"inLanguage\":\"pl-PL\",\"potentialAction\":[{\"@type\":\"ReadAction\",\"target\":[\"https:\/\/www.capgemini.com\/pl-pl\/kariera\/software\/projekty\/aplikacje-sluzace-do-zorganizowania-logistyki-przesylek\/\"]}]},{\"@type\":\"ImageObject\",\"inLanguage\":\"pl-PL\",\"@id\":\"https:\/\/www.capgemini.com\/pl-pl\/kariera\/software\/projekty\/aplikacje-sluzace-do-zorganizowania-logistyki-przesylek\/#primaryimage\",\"url\":\"https:\/\/www.capgemini.com\/pl-pl\/wp-content\/uploads\/sites\/27\/2023\/12\/image-48.png\",\"contentUrl\":\"https:\/\/www.capgemini.com\/pl-pl\/wp-content\/uploads\/sites\/27\/2023\/12\/image-48.png\",\"width\":655,\"height\":461,\"caption\":\"ikona pokazuj\u0105ca m\u0119\u017cczyzn\u0119, wok\u00f3\u0142 ko\u0142a z\u0119bate\"},{\"@type\":\"BreadcrumbList\",\"@id\":\"https:\/\/www.capgemini.com\/pl-pl\/kariera\/software\/projekty\/aplikacje-sluzace-do-zorganizowania-logistyki-przesylek\/#breadcrumb\",\"itemListElement\":[{\"@type\":\"ListItem\",\"position\":1,\"name\":\"Home\",\"item\":\"https:\/\/www.capgemini.com\/pl-pl\/\"},{\"@type\":\"ListItem\",\"position\":2,\"name\":\"Kariera\",\"item\":\"https:\/\/www.capgemini.com\/pl-pl\/kariera\/\"},{\"@type\":\"ListItem\",\"position\":3,\"name\":\"Projekty\",\"item\":\"https:\/\/www.capgemini.com\/pl-pl\/kariera\/software\/projekty\/\"},{\"@type\":\"ListItem\",\"position\":4,\"name\":\"APLIKACJE S\u0141U\u017b\u0104CE DO ZORGANIZOWANIA LOGISTYKI PRZESY\u0141EK\"}]},{\"@type\":\"WebSite\",\"@id\":\"https:\/\/www.capgemini.com\/pl-pl\/#website\",\"url\":\"https:\/\/www.capgemini.com\/pl-pl\/\",\"name\":\"Capgemini Polska\",\"description\":\"Capgemini\",\"potentialAction\":[{\"@type\":\"SearchAction\",\"target\":{\"@type\":\"EntryPoint\",\"urlTemplate\":\"https:\/\/www.capgemini.com\/pl-pl\/?s={search_term_string}\"},\"query-input\":\"required name=search_term_string\"}],\"inLanguage\":\"pl-PL\"}]}<\/script>\n<!-- \/ Yoast SEO Premium plugin. -->","yoast_head_json":{"title":"APLIKACJE S\u0141U\u017b\u0104CE DO ZORGANIZOWANIA LOGISTYKI PRZESY\u0141EK - Capgemini Poland","description":"Wprowadzenie zwinnego prowadzenia projekt\u00f3w, uporz\u0105dkowanie procesu testowego, skr\u00f3cenie czasu testowania, zwi\u0119kszenie poziomu jako\u015bci.","robots":{"index":"index","follow":"follow","max-snippet":"max-snippet:-1","max-image-preview":"max-image-preview:large","max-video-preview":"max-video-preview:-1"},"canonical":"https:\/\/www.capgemini.com\/pl-pl\/kariera\/software\/projekty\/aplikacje-sluzace-do-zorganizowania-logistyki-przesylek\/","og_locale":"pl_PL","og_type":"article","og_title":"APLIKACJE S\u0141U\u017b\u0104CE DO ZORGANIZOWANIA LOGISTYKI PRZESY\u0141EK","og_description":"Wprowadzenie zwinnego prowadzenia projekt\u00f3w, uporz\u0105dkowanie procesu testowego, skr\u00f3cenie czasu testowania, zwi\u0119kszenie poziomu jako\u015bci.","og_url":"https:\/\/www.capgemini.com\/pl-pl\/kariera\/software\/projekty\/aplikacje-sluzace-do-zorganizowania-logistyki-przesylek\/","og_site_name":"Capgemini Poland","article_modified_time":"2025-01-08T11:21:44+00:00","og_image":[{"url":"https:\/\/prod.ucwe.capgemini.com\/pl-pl\/wp-content\/uploads\/sites\/27\/2023\/12\/image-48.png"}],"twitter_card":"summary_large_image","twitter_misc":{"Est. reading time":"1 minute"},"schema":{"@context":"https:\/\/schema.org","@graph":[{"@type":"WebPage","@id":"https:\/\/www.capgemini.com\/pl-pl\/kariera\/software\/projekty\/aplikacje-sluzace-do-zorganizowania-logistyki-przesylek\/","url":"https:\/\/www.capgemini.com\/pl-pl\/kariera\/software\/projekty\/aplikacje-sluzace-do-zorganizowania-logistyki-przesylek\/","name":"APLIKACJE S\u0141U\u017b\u0104CE DO ZORGANIZOWANIA LOGISTYKI PRZESY\u0141EK - Capgemini Poland","isPartOf":{"@id":"https:\/\/www.capgemini.com\/pl-pl\/#website"},"primaryImageOfPage":{"@id":"https:\/\/www.capgemini.com\/pl-pl\/kariera\/software\/projekty\/aplikacje-sluzace-do-zorganizowania-logistyki-przesylek\/#primaryimage"},"image":{"@id":"https:\/\/www.capgemini.com\/pl-pl\/kariera\/software\/projekty\/aplikacje-sluzace-do-zorganizowania-logistyki-przesylek\/#primaryimage"},"thumbnailUrl":"https:\/\/www.capgemini.com\/pl-pl\/wp-content\/uploads\/sites\/27\/2023\/12\/image-48.png","datePublished":"2023-12-13T11:04:35+00:00","dateModified":"2025-01-08T11:21:44+00:00","description":"Wprowadzenie zwinnego prowadzenia projekt\u00f3w, uporz\u0105dkowanie procesu testowego, skr\u00f3cenie czasu testowania, zwi\u0119kszenie poziomu jako\u015bci.","breadcrumb":{"@id":"https:\/\/www.capgemini.com\/pl-pl\/kariera\/software\/projekty\/aplikacje-sluzace-do-zorganizowania-logistyki-przesylek\/#breadcrumb"},"inLanguage":"pl-PL","potentialAction":[{"@type":"ReadAction","target":["https:\/\/www.capgemini.com\/pl-pl\/kariera\/software\/projekty\/aplikacje-sluzace-do-zorganizowania-logistyki-przesylek\/"]}]},{"@type":"ImageObject","inLanguage":"pl-PL","@id":"https:\/\/www.capgemini.com\/pl-pl\/kariera\/software\/projekty\/aplikacje-sluzace-do-zorganizowania-logistyki-przesylek\/#primaryimage","url":"https:\/\/www.capgemini.com\/pl-pl\/wp-content\/uploads\/sites\/27\/2023\/12\/image-48.png","contentUrl":"https:\/\/www.capgemini.com\/pl-pl\/wp-content\/uploads\/sites\/27\/2023\/12\/image-48.png","width":655,"height":461,"caption":"ikona pokazuj\u0105ca m\u0119\u017cczyzn\u0119, wok\u00f3\u0142 ko\u0142a z\u0119bate"},{"@type":"BreadcrumbList","@id":"https:\/\/www.capgemini.com\/pl-pl\/kariera\/software\/projekty\/aplikacje-sluzace-do-zorganizowania-logistyki-przesylek\/#breadcrumb","itemListElement":[{"@type":"ListItem","position":1,"name":"Home","item":"https:\/\/www.capgemini.com\/pl-pl\/"},{"@type":"ListItem","position":2,"name":"Kariera","item":"https:\/\/www.capgemini.com\/pl-pl\/kariera\/"},{"@type":"ListItem","position":3,"name":"Projekty","item":"https:\/\/www.capgemini.com\/pl-pl\/kariera\/software\/projekty\/"},{"@type":"ListItem","position":4,"name":"APLIKACJE S\u0141U\u017b\u0104CE DO ZORGANIZOWANIA LOGISTYKI PRZESY\u0141EK"}]},{"@type":"WebSite","@id":"https:\/\/www.capgemini.com\/pl-pl\/#website","url":"https:\/\/www.capgemini.com\/pl-pl\/","name":"Capgemini Polska","description":"Capgemini","potentialAction":[{"@type":"SearchAction","target":{"@type":"EntryPoint","urlTemplate":"https:\/\/www.capgemini.com\/pl-pl\/?s={search_term_string}"},"query-input":"required name=search_term_string"}],"inLanguage":"pl-PL"}]}},"brand_term":[],"parsely":{"version":"1.1.0","canonical_url":"https:\/\/capgemini.com\/pl-pl\/kariera\/software\/projekty\/aplikacje-sluzace-do-zorganizowania-logistyki-przesylek\/","smart_links":{"inbound":0,"outbound":0},"traffic_boost_suggestions_count":0,"meta":{"@context":"https:\/\/schema.org","@type":"WebPage","headline":"APLIKACJE S\u0141U\u017b\u0104CE DO ZORGANIZOWANIA LOGISTYKI PRZESY\u0141EK","url":"https:\/\/www.capgemini.com\/pl-pl\/kariera\/software\/projekty\/aplikacje-sluzace-do-zorganizowania-logistyki-przesylek\/","mainEntityOfPage":{"@type":"WebPage","@id":"https:\/\/www.capgemini.com\/pl-pl\/kariera\/software\/projekty\/aplikacje-sluzace-do-zorganizowania-logistyki-przesylek\/"},"thumbnailUrl":"","image":{"@type":"ImageObject","url":""},"articleSection":"Uncategorized","author":[],"creator":[],"publisher":{"@type":"Organization","name":"Capgemini Poland","logo":""},"keywords":[],"dateCreated":"2023-12-13T11:04:35Z","datePublished":"2023-12-13T11:04:35Z","dateModified":"2025-01-08T11:21:44Z"},"rendered":"<meta name=\"parsely-title\" content=\"APLIKACJE S\u0141U\u017b\u0104CE DO ZORGANIZOWANIA LOGISTYKI PRZESY\u0141EK\" \/>\n<meta name=\"parsely-link\" content=\"https:\/\/www.capgemini.com\/pl-pl\/kariera\/software\/projekty\/aplikacje-sluzace-do-zorganizowania-logistyki-przesylek\/\" \/>\n<meta name=\"parsely-type\" content=\"index\" \/>\n<meta name=\"parsely-pub-date\" content=\"2023-12-13T11:04:35Z\" \/>\n<meta name=\"parsely-section\" content=\"Uncategorized\" \/>","tracker_url":"https:\/\/cdn.parsely.com\/keys\/capgemini.com\/p.js"},"archive_status":false,"featured_image_src":"https:\/\/www.capgemini.com\/pl-pl\/wp-content\/themes\/capgemini2025\/assets\/images\/mockup.png","featured_image_alt":false,"jetpack_sharing_enabled":true,"distributor_meta":false,"distributor_terms":false,"distributor_media":false,"distributor_original_site_name":"Capgemini Poland","distributor_original_site_url":"https:\/\/www.capgemini.com\/pl-pl","push-errors":false,"_links":{"self":[{"href":"https:\/\/www.capgemini.com\/pl-pl\/wp-json\/wp\/v2\/pages\/898490","targetHints":{"allow":["GET"]}}],"collection":[{"href":"https:\/\/www.capgemini.com\/pl-pl\/wp-json\/wp\/v2\/pages"}],"about":[{"href":"https:\/\/www.capgemini.com\/pl-pl\/wp-json\/wp\/v2\/types\/page"}],"author":[{"embeddable":true,"href":"https:\/\/www.capgemini.com\/pl-pl\/wp-json\/wp\/v2\/users\/650"}],"replies":[{"embeddable":true,"href":"https:\/\/www.capgemini.com\/pl-pl\/wp-json\/wp\/v2\/comments?post=898490"}],"version-history":[{"count":2,"href":"https:\/\/www.capgemini.com\/pl-pl\/wp-json\/wp\/v2\/pages\/898490\/revisions"}],"predecessor-version":[{"id":907244,"href":"https:\/\/www.capgemini.com\/pl-pl\/wp-json\/wp\/v2\/pages\/898490\/revisions\/907244"}],"up":[{"embeddable":true,"href":"https:\/\/www.capgemini.com\/pl-pl\/wp-json\/wp\/v2\/pages\/898340"}],"wp:attachment":[{"href":"https:\/\/www.capgemini.com\/pl-pl\/wp-json\/wp\/v2\/media?parent=898490"}],"wp:term":[{"taxonomy":"brand","embeddable":true,"href":"https:\/\/www.capgemini.com\/pl-pl\/wp-json\/wp\/v2\/brand?post=898490"},{"taxonomy":"partner_type","embeddable":true,"href":"https:\/\/www.capgemini.com\/pl-pl\/wp-json\/wp\/v2\/partner_type?post=898490"},{"taxonomy":"service","embeddable":true,"href":"https:\/\/www.capgemini.com\/pl-pl\/wp-json\/wp\/v2\/service?post=898490"},{"taxonomy":"industry","embeddable":true,"href":"https:\/\/www.capgemini.com\/pl-pl\/wp-json\/wp\/v2\/industry?post=898490"},{"taxonomy":"partners","embeddable":true,"href":"https:\/\/www.capgemini.com\/pl-pl\/wp-json\/wp\/v2\/partners?post=898490"},{"taxonomy":"page-type","embeddable":true,"href":"https:\/\/www.capgemini.com\/pl-pl\/wp-json\/wp\/v2\/page-type?post=898490"},{"taxonomy":"content-group","embeddable":true,"href":"https:\/\/www.capgemini.com\/pl-pl\/wp-json\/wp\/v2\/content-group?post=898490"}],"curies":[{"name":"wp","href":"https:\/\/api.w.org\/{rel}","templated":true}]}}