{"id":898484,"date":"2023-12-13T11:01:22","date_gmt":"2023-12-13T11:01:22","guid":{"rendered":"https:\/\/www.capgemini.com\/pl-pl\/?page_id=898484"},"modified":"2025-01-08T11:17:45","modified_gmt":"2025-01-08T11:17:45","slug":"aplikacja-do-zarzadzenia-transportem-intermodalnym","status":"publish","type":"page","link":"https:\/\/www.capgemini.com\/pl-pl\/kariera\/software\/projekty\/aplikacja-do-zarzadzenia-transportem-intermodalnym\/","title":{"rendered":"APLIKACJA DO ZARZ\u0104DZENIA TRANSPORTEM INTERMODALNYM"},"content":{"rendered":"\n<section class=\"wp-block-cg-blocks-group undefined section section--article-content\"><div class=\"article-main-content\"><div class=\"container\"><div class=\"row\"><div class=\"col-12 col-md-11 col-lg-10 offset-md-1 offset-lg-1\"><div class=\"article-text article-quote-text\">\n<div class=\"wp-block-columns is-layout-flex wp-container-core-columns-is-layout-28f84493 wp-block-columns-is-layout-flex\">\n<div class=\"wp-block-column is-layout-flow wp-block-column-is-layout-flow\" style=\"flex-basis:66.66%\">\n<figure class=\"wp-block-image size-large\"><img loading=\"lazy\" decoding=\"async\" height=\"569\" width=\"1024\" src=\"https:\/\/www.capgemini.com\/pl-pl\/wp-content\/uploads\/sites\/27\/2023\/12\/image-64.png?w=960\" alt=\"ikona z kul\u0105 ziemsk\u0105 i przedstawieniem r\u00f3\u017cnego rodzaju transport\u00f3w\" class=\"wp-image-898611\" srcset=\"https:\/\/www.capgemini.com\/pl-pl\/wp-content\/uploads\/sites\/27\/2023\/12\/image-64.png 2048w, https:\/\/www.capgemini.com\/pl-pl\/wp-content\/uploads\/sites\/27\/2023\/12\/image-64.png?resize=300,167 300w, https:\/\/www.capgemini.com\/pl-pl\/wp-content\/uploads\/sites\/27\/2023\/12\/image-64.png?resize=768,427 768w, https:\/\/www.capgemini.com\/pl-pl\/wp-content\/uploads\/sites\/27\/2023\/12\/image-64.png?resize=1024,569 1024w, https:\/\/www.capgemini.com\/pl-pl\/wp-content\/uploads\/sites\/27\/2023\/12\/image-64.png?resize=1536,854 1536w, https:\/\/www.capgemini.com\/pl-pl\/wp-content\/uploads\/sites\/27\/2023\/12\/image-64.png?resize=360,200 360w\" sizes=\"auto, (max-width: 1024px) 100vw, 1024px\" \/><\/figure>\n<\/div>\n\n\n\n<div class=\"wp-block-column is-layout-flow wp-block-column-is-layout-flow\" style=\"flex-basis:33.33%\">\n<div class=\"wp-block-cover has-white-color has-text-color\" style=\"min-height:150px;aspect-ratio:unset;\"><span aria-hidden=\"true\" class=\"wp-block-cover__background has-background-dim-100 has-background-dim\" style=\"background-color:#336b7d\"><\/span><div class=\"wp-block-cover__inner-container has-global-padding is-layout-constrained wp-block-cover-is-layout-constrained\">\n<h4 class=\"wp-block-heading has-white-color has-text-color\" id=\"h-klient\">KLIENT<\/h4>\n\n\n\n<p class=\"has-white-color has-text-color\">Wiod\u0105ca firma zajmuj\u0105ca si\u0119 mi\u0119dzynarodowym transportem morskim<\/p>\n<\/div><\/div>\n\n\n\n<div style=\"height:15px\" aria-hidden=\"true\" class=\"wp-block-spacer\"><\/div>\n\n\n\n<div class=\"wp-block-cover has-white-color has-text-color\" style=\"min-height:150px;aspect-ratio:unset;\"><span aria-hidden=\"true\" class=\"wp-block-cover__background has-background-dim-100 has-background-dim\" style=\"background-color:#0f878a\"><\/span><div class=\"wp-block-cover__inner-container has-global-padding is-layout-constrained wp-block-cover-is-layout-constrained\">\n<h4 class=\"wp-block-heading has-white-color has-text-color\" id=\"h-sektor\">SEKTOR<\/h4>\n\n\n\n<p class=\"has-white-color has-text-color\">Handel i dystrybucja<\/p>\n<\/div><\/div>\n\n\n\n<div style=\"height:15px\" aria-hidden=\"true\" class=\"wp-block-spacer\"><\/div>\n\n\n\n<div class=\"wp-block-cover has-white-color has-text-color\" style=\"min-height:150px;aspect-ratio:unset;\"><span aria-hidden=\"true\" class=\"wp-block-cover__background has-background-dim-100 has-background-dim\" style=\"background-color:#00b2a2\"><\/span><div class=\"wp-block-cover__inner-container has-global-padding is-layout-constrained wp-block-cover-is-layout-constrained\">\n<h4 class=\"wp-block-heading has-white-color has-text-color\" id=\"h-metodyka-pracy\">METODYKA PRACY<\/h4>\n\n\n\n<p class=\"has-white-color has-text-color\">Scrum<\/p>\n<\/div><\/div>\n\n\n\n<div style=\"height:15px\" aria-hidden=\"true\" class=\"wp-block-spacer\"><\/div>\n\n\n\n<div class=\"wp-block-cover is-light has-white-color has-text-color\" style=\"min-height:150px;aspect-ratio:unset;\"><span aria-hidden=\"true\" class=\"wp-block-cover__background has-background-dim-100 has-background-dim\" style=\"background-color:#57cf80\"><\/span><div class=\"wp-block-cover__inner-container has-global-padding is-layout-constrained wp-block-cover-is-layout-constrained\">\n<h4 class=\"wp-block-heading has-white-color has-text-color\" id=\"h-kompetencje-zespoly\">KOMPETENCJE \/ ZESPO\u0141Y<\/h4>\n\n\n\n<p class=\"has-white-color has-text-color\">UX\/UI, DevOps, Cloud, Development, Testing<\/p>\n<\/div><\/div>\n<\/div>\n<\/div>\n\n\n\n<h3 class=\"wp-block-heading\">Potrzeba biznesowa:<\/h3>\n\n\n\n<h4 class=\"wp-block-heading\" id=\"h-zastapienie-dotychczasowego-rozwiazania-oraz-zwiekszenie-wydajnosci-planowania-wykonywania-oraz-monitorowania-transportow-intermodalnych-wykorzystujacych-wiele-rodzajow-transportu-nowa-aplikacja-ma-byc-w-pelni-zintegrowana-z-juz-istniejacym-ekosystemem-klienta-i-bedzie-uzywana-przez-uzytkownikow-na-calym-swiecie\">Zast\u0105pienie dotychczasowego rozwi\u0105zania oraz zwi\u0119kszenie wydajno\u015bci planowania, wykonywania oraz monitorowania transport\u00f3w intermodalnych (wykorzystuj\u0105cych wiele rodzaj\u00f3w transportu). Nowa aplikacja ma by\u0107 w pe\u0142ni zintegrowana z ju\u017c istniej\u0105cym ekosystemem klienta i b\u0119dzie u\u017cywana przez u\u017cytkownik\u00f3w na ca\u0142ym \u015bwiecie.<\/h4>\n\n\n\n<h3 class=\"wp-block-heading\">Co zrobili\u015bmy?<\/h3>\n\n\n\n<h4 class=\"wp-block-heading\" id=\"h-zaprojektowalismy-i-zbudowalismy-od-podstaw-aplikacje-webowa-w-oparciu-o-najnowsze-dostepne-technologie-aplikacja-dziala-w-oparciu-o-architekture-client-server-z-wykorzystaniem-web-serwisow-rest-dodatkowo-platforma-komunikuje-sie-z-innymi-modulami-ekosystemu-klienta-za-pomoca-kolejek-calosc-jest-umieszczona-w-chmurze-open-shift-system-zezwala-na-importowanie-zamowien-na-transport-oraz-dodatkowe-uslugi-wspomaga-ich-planowanie-oraz-wysylanie-zamowien-do-firm-zewnetrznych-zezwala-rowniez-na-monitorowanie-trwajacych-transportow-oraz-komunikowanie-sie-z-zewnetrznym-systemem-finansowym-w-celu-dostarczania-informacji-finansowych-o-zrealizowanych-transportach-i-uslugach\">Zaprojektowali\u015bmy i zbudowali\u015bmy od podstaw aplikacj\u0119 webow\u0105 w oparciu o najnowsze dost\u0119pne technologie. Aplikacja dzia\u0142a w oparciu o architektur\u0119 client-server z wykorzystaniem web serwis\u00f3w REST. Dodatkowo platforma komunikuje si\u0119 z innymi modu\u0142ami ekosystemu klienta za pomoc\u0105 kolejek. Ca\u0142o\u015b\u0107 jest umieszczona w chmurze Open Shift.<br>System zezwala na importowanie zam\u00f3wie\u0144 na transport oraz dodatkowe us\u0142ugi. Wspomaga ich planowanie oraz wysy\u0142anie zam\u00f3wie\u0144 do firm zewn\u0119trznych. Zezwala r\u00f3wnie\u017c na monitorowanie trwaj\u0105cych transport\u00f3w oraz komunikowanie si\u0119 z zewn\u0119trznym systemem finansowym w celu dostarczania informacji finansowych o zrealizowanych transportach i us\u0142ugach.<\/h4>\n\n\n\n<h3 class=\"wp-block-heading\">Technologie<\/h3>\n\n\n\n<div class=\"wp-block-group is-nowrap is-layout-flex wp-container-core-group-is-layout-6c531013 wp-block-group-is-layout-flex\">\n<figure class=\"wp-block-image\"><img decoding=\"async\" src=\"https:\/\/capgeminisoftware.pl\/app\/uploads\/2020\/06\/java.png\" alt=\"tech-icon\"\/><\/figure>\n<\/div>\n<\/div><\/div><\/div><\/div><\/div><\/section>\n","protected":false},"excerpt":{"rendered":"","protected":false},"author":650,"featured_media":0,"parent":898340,"menu_order":0,"comment_status":"closed","ping_status":"closed","template":"","meta":{"cg_dt_proposed_to":[],"cg_seo_hreflang_relations":"[]","cg_seo_canonical_relation":"{\"uuid\":\"3d8bd396-742e-4630-b40e-5d1acec7e49f\",\"blogId\":\"\",\"domain\":\"\",\"sitePath\":\"\",\"postLink\":\"\",\"postId\":null,\"isSaved\":true,\"isCrossLink\":false,\"hasCrossLink\":false}","cg_seo_hreflang_x_default_relation":"{\"uuid\":\"12443097-da07-4feb-9611-6e0dfb220327\",\"blogId\":\"\",\"domain\":\"\",\"sitePath\":\"\",\"postLink\":\"\",\"postId\":null,\"isSaved\":true,\"isCrossLink\":false,\"hasCrossLink\":false}","cg_dt_approved_content":true,"cg_dt_mandatory_content":false,"cg_dt_notes":"","cg_dg_source_changed":false,"cg_dt_link_disabled":false,"_yoast_wpseo_primary_brand":"","footnotes":"","featured_focal_points":"","partner_card_description":"","gsap_animation":0},"brand":[],"partner_type":[],"service":[],"industry":[],"partners":[],"page-type":[],"content-group":[],"class_list":["post-898484","page","type-page","status-publish","hentry"],"yoast_head":"<!-- This site is optimized with the Yoast SEO Premium plugin v22.8 (Yoast SEO v22.8) - https:\/\/yoast.com\/wordpress\/plugins\/seo\/ -->\n<title>APLIKACJA DO ZARZ\u0104DZENIA TRANSPORTEM INTERMODALNYM - Capgemini Poland<\/title>\n<meta name=\"robots\" content=\"index, follow, max-snippet:-1, max-image-preview:large, max-video-preview:-1\" \/>\n<link rel=\"canonical\" href=\"https:\/\/www.capgemini.com\/pl-pl\/kariera\/software\/projekty\/aplikacja-do-zarzadzenia-transportem-intermodalnym\/\" \/>\n<meta property=\"og:locale\" content=\"pl_PL\" \/>\n<meta property=\"og:type\" content=\"article\" \/>\n<meta property=\"og:title\" content=\"APLIKACJA DO ZARZ\u0104DZENIA TRANSPORTEM INTERMODALNYM\" \/>\n<meta property=\"og:url\" content=\"https:\/\/www.capgemini.com\/pl-pl\/kariera\/software\/projekty\/aplikacja-do-zarzadzenia-transportem-intermodalnym\/\" \/>\n<meta property=\"og:site_name\" content=\"Capgemini Poland\" \/>\n<meta property=\"article:modified_time\" content=\"2025-01-08T11:17:45+00:00\" \/>\n<meta property=\"og:image\" content=\"https:\/\/prod.ucwe.capgemini.com\/pl-pl\/wp-content\/uploads\/sites\/27\/2023\/12\/image-64.png?w=960\" \/>\n<meta name=\"twitter:card\" content=\"summary_large_image\" \/>\n<meta name=\"twitter:label1\" content=\"Est. reading time\" \/>\n\t<meta name=\"twitter:data1\" content=\"2 minutes\" \/>\n<script type=\"application\/ld+json\" class=\"yoast-schema-graph\">{\"@context\":\"https:\/\/schema.org\",\"@graph\":[{\"@type\":\"WebPage\",\"@id\":\"https:\/\/www.capgemini.com\/pl-pl\/kariera\/software\/projekty\/aplikacja-do-zarzadzenia-transportem-intermodalnym\/\",\"url\":\"https:\/\/www.capgemini.com\/pl-pl\/kariera\/software\/projekty\/aplikacja-do-zarzadzenia-transportem-intermodalnym\/\",\"name\":\"APLIKACJA DO ZARZ\u0104DZENIA TRANSPORTEM INTERMODALNYM - Capgemini Poland\",\"isPartOf\":{\"@id\":\"https:\/\/www.capgemini.com\/pl-pl\/#website\"},\"primaryImageOfPage\":{\"@id\":\"https:\/\/www.capgemini.com\/pl-pl\/kariera\/software\/projekty\/aplikacja-do-zarzadzenia-transportem-intermodalnym\/#primaryimage\"},\"image\":{\"@id\":\"https:\/\/www.capgemini.com\/pl-pl\/kariera\/software\/projekty\/aplikacja-do-zarzadzenia-transportem-intermodalnym\/#primaryimage\"},\"thumbnailUrl\":\"https:\/\/www.capgemini.com\/pl-pl\/wp-content\/uploads\/sites\/27\/2023\/12\/image-64.png?w=960\",\"datePublished\":\"2023-12-13T11:01:22+00:00\",\"dateModified\":\"2025-01-08T11:17:45+00:00\",\"breadcrumb\":{\"@id\":\"https:\/\/www.capgemini.com\/pl-pl\/kariera\/software\/projekty\/aplikacja-do-zarzadzenia-transportem-intermodalnym\/#breadcrumb\"},\"inLanguage\":\"pl-PL\",\"potentialAction\":[{\"@type\":\"ReadAction\",\"target\":[\"https:\/\/www.capgemini.com\/pl-pl\/kariera\/software\/projekty\/aplikacja-do-zarzadzenia-transportem-intermodalnym\/\"]}]},{\"@type\":\"ImageObject\",\"inLanguage\":\"pl-PL\",\"@id\":\"https:\/\/www.capgemini.com\/pl-pl\/kariera\/software\/projekty\/aplikacja-do-zarzadzenia-transportem-intermodalnym\/#primaryimage\",\"url\":\"https:\/\/www.capgemini.com\/pl-pl\/wp-content\/uploads\/sites\/27\/2023\/12\/image-64.png?w=960\",\"contentUrl\":\"https:\/\/www.capgemini.com\/pl-pl\/wp-content\/uploads\/sites\/27\/2023\/12\/image-64.png?w=960\"},{\"@type\":\"BreadcrumbList\",\"@id\":\"https:\/\/www.capgemini.com\/pl-pl\/kariera\/software\/projekty\/aplikacja-do-zarzadzenia-transportem-intermodalnym\/#breadcrumb\",\"itemListElement\":[{\"@type\":\"ListItem\",\"position\":1,\"name\":\"Home\",\"item\":\"https:\/\/www.capgemini.com\/pl-pl\/\"},{\"@type\":\"ListItem\",\"position\":2,\"name\":\"Kariera\",\"item\":\"https:\/\/www.capgemini.com\/pl-pl\/kariera\/\"},{\"@type\":\"ListItem\",\"position\":3,\"name\":\"Projekty\",\"item\":\"https:\/\/www.capgemini.com\/pl-pl\/kariera\/software\/projekty\/\"},{\"@type\":\"ListItem\",\"position\":4,\"name\":\"APLIKACJA DO ZARZ\u0104DZENIA TRANSPORTEM INTERMODALNYM\"}]},{\"@type\":\"WebSite\",\"@id\":\"https:\/\/www.capgemini.com\/pl-pl\/#website\",\"url\":\"https:\/\/www.capgemini.com\/pl-pl\/\",\"name\":\"Capgemini Polska\",\"description\":\"Capgemini\",\"potentialAction\":[{\"@type\":\"SearchAction\",\"target\":{\"@type\":\"EntryPoint\",\"urlTemplate\":\"https:\/\/www.capgemini.com\/pl-pl\/?s={search_term_string}\"},\"query-input\":\"required name=search_term_string\"}],\"inLanguage\":\"pl-PL\"}]}<\/script>\n<!-- \/ Yoast SEO Premium plugin. -->","yoast_head_json":{"title":"APLIKACJA DO ZARZ\u0104DZENIA TRANSPORTEM INTERMODALNYM - Capgemini Poland","robots":{"index":"index","follow":"follow","max-snippet":"max-snippet:-1","max-image-preview":"max-image-preview:large","max-video-preview":"max-video-preview:-1"},"canonical":"https:\/\/www.capgemini.com\/pl-pl\/kariera\/software\/projekty\/aplikacja-do-zarzadzenia-transportem-intermodalnym\/","og_locale":"pl_PL","og_type":"article","og_title":"APLIKACJA DO ZARZ\u0104DZENIA TRANSPORTEM INTERMODALNYM","og_url":"https:\/\/www.capgemini.com\/pl-pl\/kariera\/software\/projekty\/aplikacja-do-zarzadzenia-transportem-intermodalnym\/","og_site_name":"Capgemini Poland","article_modified_time":"2025-01-08T11:17:45+00:00","og_image":[{"url":"https:\/\/prod.ucwe.capgemini.com\/pl-pl\/wp-content\/uploads\/sites\/27\/2023\/12\/image-64.png?w=960"}],"twitter_card":"summary_large_image","twitter_misc":{"Est. reading time":"2 minutes"},"schema":{"@context":"https:\/\/schema.org","@graph":[{"@type":"WebPage","@id":"https:\/\/www.capgemini.com\/pl-pl\/kariera\/software\/projekty\/aplikacja-do-zarzadzenia-transportem-intermodalnym\/","url":"https:\/\/www.capgemini.com\/pl-pl\/kariera\/software\/projekty\/aplikacja-do-zarzadzenia-transportem-intermodalnym\/","name":"APLIKACJA DO ZARZ\u0104DZENIA TRANSPORTEM INTERMODALNYM - Capgemini Poland","isPartOf":{"@id":"https:\/\/www.capgemini.com\/pl-pl\/#website"},"primaryImageOfPage":{"@id":"https:\/\/www.capgemini.com\/pl-pl\/kariera\/software\/projekty\/aplikacja-do-zarzadzenia-transportem-intermodalnym\/#primaryimage"},"image":{"@id":"https:\/\/www.capgemini.com\/pl-pl\/kariera\/software\/projekty\/aplikacja-do-zarzadzenia-transportem-intermodalnym\/#primaryimage"},"thumbnailUrl":"https:\/\/www.capgemini.com\/pl-pl\/wp-content\/uploads\/sites\/27\/2023\/12\/image-64.png?w=960","datePublished":"2023-12-13T11:01:22+00:00","dateModified":"2025-01-08T11:17:45+00:00","breadcrumb":{"@id":"https:\/\/www.capgemini.com\/pl-pl\/kariera\/software\/projekty\/aplikacja-do-zarzadzenia-transportem-intermodalnym\/#breadcrumb"},"inLanguage":"pl-PL","potentialAction":[{"@type":"ReadAction","target":["https:\/\/www.capgemini.com\/pl-pl\/kariera\/software\/projekty\/aplikacja-do-zarzadzenia-transportem-intermodalnym\/"]}]},{"@type":"ImageObject","inLanguage":"pl-PL","@id":"https:\/\/www.capgemini.com\/pl-pl\/kariera\/software\/projekty\/aplikacja-do-zarzadzenia-transportem-intermodalnym\/#primaryimage","url":"https:\/\/www.capgemini.com\/pl-pl\/wp-content\/uploads\/sites\/27\/2023\/12\/image-64.png?w=960","contentUrl":"https:\/\/www.capgemini.com\/pl-pl\/wp-content\/uploads\/sites\/27\/2023\/12\/image-64.png?w=960"},{"@type":"BreadcrumbList","@id":"https:\/\/www.capgemini.com\/pl-pl\/kariera\/software\/projekty\/aplikacja-do-zarzadzenia-transportem-intermodalnym\/#breadcrumb","itemListElement":[{"@type":"ListItem","position":1,"name":"Home","item":"https:\/\/www.capgemini.com\/pl-pl\/"},{"@type":"ListItem","position":2,"name":"Kariera","item":"https:\/\/www.capgemini.com\/pl-pl\/kariera\/"},{"@type":"ListItem","position":3,"name":"Projekty","item":"https:\/\/www.capgemini.com\/pl-pl\/kariera\/software\/projekty\/"},{"@type":"ListItem","position":4,"name":"APLIKACJA DO ZARZ\u0104DZENIA TRANSPORTEM INTERMODALNYM"}]},{"@type":"WebSite","@id":"https:\/\/www.capgemini.com\/pl-pl\/#website","url":"https:\/\/www.capgemini.com\/pl-pl\/","name":"Capgemini Polska","description":"Capgemini","potentialAction":[{"@type":"SearchAction","target":{"@type":"EntryPoint","urlTemplate":"https:\/\/www.capgemini.com\/pl-pl\/?s={search_term_string}"},"query-input":"required name=search_term_string"}],"inLanguage":"pl-PL"}]}},"brand_term":[],"parsely":{"version":"1.1.0","canonical_url":"https:\/\/capgemini.com\/pl-pl\/kariera\/software\/projekty\/aplikacja-do-zarzadzenia-transportem-intermodalnym\/","smart_links":{"inbound":0,"outbound":0},"traffic_boost_suggestions_count":0,"meta":{"@context":"https:\/\/schema.org","@type":"WebPage","headline":"APLIKACJA DO ZARZ\u0104DZENIA TRANSPORTEM INTERMODALNYM","url":"https:\/\/www.capgemini.com\/pl-pl\/kariera\/software\/projekty\/aplikacja-do-zarzadzenia-transportem-intermodalnym\/","mainEntityOfPage":{"@type":"WebPage","@id":"https:\/\/www.capgemini.com\/pl-pl\/kariera\/software\/projekty\/aplikacja-do-zarzadzenia-transportem-intermodalnym\/"},"thumbnailUrl":"","image":{"@type":"ImageObject","url":""},"articleSection":"Uncategorized","author":[],"creator":[],"publisher":{"@type":"Organization","name":"Capgemini Poland","logo":""},"keywords":[],"dateCreated":"2023-12-13T11:01:22Z","datePublished":"2023-12-13T11:01:22Z","dateModified":"2025-01-08T11:17:45Z"},"rendered":"<meta name=\"parsely-title\" content=\"APLIKACJA DO ZARZ\u0104DZENIA TRANSPORTEM INTERMODALNYM\" \/>\n<meta name=\"parsely-link\" content=\"https:\/\/www.capgemini.com\/pl-pl\/kariera\/software\/projekty\/aplikacja-do-zarzadzenia-transportem-intermodalnym\/\" \/>\n<meta name=\"parsely-type\" content=\"index\" \/>\n<meta name=\"parsely-pub-date\" content=\"2023-12-13T11:01:22Z\" \/>\n<meta name=\"parsely-section\" content=\"Uncategorized\" \/>","tracker_url":"https:\/\/cdn.parsely.com\/keys\/capgemini.com\/p.js"},"archive_status":false,"featured_image_src":"https:\/\/www.capgemini.com\/pl-pl\/wp-content\/themes\/capgemini2025\/assets\/images\/mockup.png","featured_image_alt":false,"jetpack_sharing_enabled":true,"distributor_meta":false,"distributor_terms":false,"distributor_media":false,"distributor_original_site_name":"Capgemini Poland","distributor_original_site_url":"https:\/\/www.capgemini.com\/pl-pl","push-errors":false,"_links":{"self":[{"href":"https:\/\/www.capgemini.com\/pl-pl\/wp-json\/wp\/v2\/pages\/898484","targetHints":{"allow":["GET"]}}],"collection":[{"href":"https:\/\/www.capgemini.com\/pl-pl\/wp-json\/wp\/v2\/pages"}],"about":[{"href":"https:\/\/www.capgemini.com\/pl-pl\/wp-json\/wp\/v2\/types\/page"}],"author":[{"embeddable":true,"href":"https:\/\/www.capgemini.com\/pl-pl\/wp-json\/wp\/v2\/users\/650"}],"replies":[{"embeddable":true,"href":"https:\/\/www.capgemini.com\/pl-pl\/wp-json\/wp\/v2\/comments?post=898484"}],"version-history":[{"count":5,"href":"https:\/\/www.capgemini.com\/pl-pl\/wp-json\/wp\/v2\/pages\/898484\/revisions"}],"predecessor-version":[{"id":907240,"href":"https:\/\/www.capgemini.com\/pl-pl\/wp-json\/wp\/v2\/pages\/898484\/revisions\/907240"}],"up":[{"embeddable":true,"href":"https:\/\/www.capgemini.com\/pl-pl\/wp-json\/wp\/v2\/pages\/898340"}],"wp:attachment":[{"href":"https:\/\/www.capgemini.com\/pl-pl\/wp-json\/wp\/v2\/media?parent=898484"}],"wp:term":[{"taxonomy":"brand","embeddable":true,"href":"https:\/\/www.capgemini.com\/pl-pl\/wp-json\/wp\/v2\/brand?post=898484"},{"taxonomy":"partner_type","embeddable":true,"href":"https:\/\/www.capgemini.com\/pl-pl\/wp-json\/wp\/v2\/partner_type?post=898484"},{"taxonomy":"service","embeddable":true,"href":"https:\/\/www.capgemini.com\/pl-pl\/wp-json\/wp\/v2\/service?post=898484"},{"taxonomy":"industry","embeddable":true,"href":"https:\/\/www.capgemini.com\/pl-pl\/wp-json\/wp\/v2\/industry?post=898484"},{"taxonomy":"partners","embeddable":true,"href":"https:\/\/www.capgemini.com\/pl-pl\/wp-json\/wp\/v2\/partners?post=898484"},{"taxonomy":"page-type","embeddable":true,"href":"https:\/\/www.capgemini.com\/pl-pl\/wp-json\/wp\/v2\/page-type?post=898484"},{"taxonomy":"content-group","embeddable":true,"href":"https:\/\/www.capgemini.com\/pl-pl\/wp-json\/wp\/v2\/content-group?post=898484"}],"curies":[{"name":"wp","href":"https:\/\/api.w.org\/{rel}","templated":true}]}}