{"id":898479,"date":"2023-12-13T10:57:53","date_gmt":"2023-12-13T10:57:53","guid":{"rendered":"https:\/\/www.capgemini.com\/pl-pl\/?page_id=898479"},"modified":"2025-01-08T11:14:05","modified_gmt":"2025-01-08T11:14:05","slug":"modernizacja-istniejacej-aplikacji-do-monitorowania-trasy-i-innych-czynnikow","status":"publish","type":"page","link":"https:\/\/www.capgemini.com\/pl-pl\/kariera\/software\/projekty\/modernizacja-istniejacej-aplikacji-do-monitorowania-trasy-i-innych-czynnikow\/","title":{"rendered":"MODERNIZACJA ISTNIEJ\u0104CEJ APLIKACJI DO MONITOROWANIA TRASY I INNYCH CZYNNIK\u00d3W"},"content":{"rendered":"\n<section class=\"wp-block-cg-blocks-group undefined section section--article-content\"><div class=\"article-main-content\"><div class=\"container\"><div class=\"row\"><div class=\"col-12 col-md-11 col-lg-10 offset-md-1 offset-lg-1\"><div class=\"article-text article-quote-text\">\n<div class=\"wp-block-columns is-layout-flex wp-container-core-columns-is-layout-28f84493 wp-block-columns-is-layout-flex\">\n<div class=\"wp-block-column is-layout-flow wp-block-column-is-layout-flow\" style=\"flex-basis:66.66%\">\n<figure class=\"wp-block-image size-full\"><img loading=\"lazy\" decoding=\"async\" width=\"592\" height=\"392\" src=\"https:\/\/www.capgemini.com\/pl-pl\/wp-content\/uploads\/sites\/27\/2023\/12\/image-53.png\" alt=\"ikona z globusem i r\u00f3\u017cnymi \u015brodkami transportu\" class=\"wp-image-898501\" srcset=\"https:\/\/www.capgemini.com\/pl-pl\/wp-content\/uploads\/sites\/27\/2023\/12\/image-53.png 592w, https:\/\/www.capgemini.com\/pl-pl\/wp-content\/uploads\/sites\/27\/2023\/12\/image-53.png?resize=300,199 300w\" sizes=\"auto, (max-width: 592px) 100vw, 592px\" \/><\/figure>\n<\/div>\n\n\n\n<div class=\"wp-block-column is-layout-flow wp-block-column-is-layout-flow\" style=\"flex-basis:33.33%\">\n<div class=\"wp-block-cover has-white-color has-text-color\" style=\"min-height:150px;aspect-ratio:unset;\"><span aria-hidden=\"true\" class=\"wp-block-cover__background has-background-dim-100 has-background-dim\" style=\"background-color:#336b7d\"><\/span><div class=\"wp-block-cover__inner-container has-global-padding is-layout-constrained wp-block-cover-is-layout-constrained\">\n<h4 class=\"wp-block-heading has-white-color has-text-color\" id=\"h-klient\">KLIENT<\/h4>\n\n\n\n<p class=\"has-white-color has-text-color\">Globalna firma transportowa i logistyczna, zajmuj\u0105ca si\u0119 spedycj\u0105 morsk\u0105 i lotnicz\u0105 &#8211; z naciskiem na logistyk\u0119 opart\u0105 na IT.<\/p>\n<\/div><\/div>\n\n\n\n<div style=\"height:15px\" aria-hidden=\"true\" class=\"wp-block-spacer\"><\/div>\n\n\n\n<div class=\"wp-block-cover has-white-color has-text-color\" style=\"min-height:150px;aspect-ratio:unset;\"><span aria-hidden=\"true\" class=\"wp-block-cover__background has-background-dim-100 has-background-dim\" style=\"background-color:#0f878a\"><\/span><div class=\"wp-block-cover__inner-container has-global-padding is-layout-constrained wp-block-cover-is-layout-constrained\">\n<h4 class=\"wp-block-heading has-white-color has-text-color\" id=\"h-sektor\">SEKTOR<\/h4>\n\n\n\n<p class=\"has-white-color has-text-color\">Logistyka i dystrybucja<\/p>\n<\/div><\/div>\n\n\n\n<div style=\"height:15px\" aria-hidden=\"true\" class=\"wp-block-spacer\"><\/div>\n\n\n\n<div class=\"wp-block-cover has-white-color has-text-color\" style=\"min-height:150px;aspect-ratio:unset;\"><span aria-hidden=\"true\" class=\"wp-block-cover__background has-background-dim-100 has-background-dim\" style=\"background-color:#00b2a2\"><\/span><div class=\"wp-block-cover__inner-container has-global-padding is-layout-constrained wp-block-cover-is-layout-constrained\">\n<h4 class=\"wp-block-heading has-white-color has-text-color\" id=\"h-metodyka-pracy\">METODYKA PRACY<\/h4>\n\n\n\n<p class=\"has-white-color has-text-color\">Scrum<\/p>\n<\/div><\/div>\n\n\n\n<div style=\"height:15px\" aria-hidden=\"true\" class=\"wp-block-spacer\"><\/div>\n\n\n\n<div class=\"wp-block-cover is-light has-white-color has-text-color\" style=\"min-height:150px;aspect-ratio:unset;\"><span aria-hidden=\"true\" class=\"wp-block-cover__background has-background-dim-100 has-background-dim\" style=\"background-color:#57cf80\"><\/span><div class=\"wp-block-cover__inner-container has-global-padding is-layout-constrained wp-block-cover-is-layout-constrained\">\n<h4 class=\"wp-block-heading has-white-color has-text-color\" id=\"h-kompetencje-zespoly\">KOMPETENCJE \/ ZESPO\u0141Y<\/h4>\n\n\n\n<p class=\"has-white-color has-text-color\">Development, Testing, Business Analysis, Product Owner, Scrum Master<\/p>\n<\/div><\/div>\n<\/div>\n<\/div>\n\n\n\n<h3 class=\"wp-block-heading\">Potrzeba biznesowa:<\/h3>\n\n\n\n<h4 class=\"wp-block-heading\" id=\"h-szybkie-ponowne-uruchomienie-aplikacji-pozwalajacej-monitorowac-zarowno-trase-jak-i-inne-czynniki-np-emisje-dwutlenku-wegla-rodzaj-napedu-czy-terminowosc-uslugodawcy-nowa-wersja-aplikacji-ma-stawiac-wiekszy-nacisk-na-uzytkownikow-zewnetrznych\">Szybkie ponowne uruchomienie aplikacji pozwalaj\u0105cej monitorowa\u0107 zar\u00f3wno tras\u0119, jak i inne czynniki, np. emisje dwutlenku w\u0119gla, rodzaj nap\u0119du czy terminowo\u015b\u0107 us\u0142ugodawcy. Nowa wersja aplikacji ma stawia\u0107 wi\u0119kszy nacisk na u\u017cytkownik\u00f3w zewn\u0119trznych.<\/h4>\n\n\n\n<h3 class=\"wp-block-heading\">Co zrobili\u015bmy?<\/h3>\n\n\n\n<h4 class=\"wp-block-heading\" id=\"h-adaptacja-i-odnowienie-istniejacej-aplikacji-zgodnie-z-szybko-rozwijajacymi-sie-potrzebami-klientow-uzytkownikow-i-aplikacji-interaktywnych-scisla-wspolpraca-z-klientem-w-postaci-google-design-sprint-z-wykorzystaniem-najnowoczesniejszych-metod-user-centric-oraz-ekspertow-ux-ui\">Adaptacja i odnowienie istniej\u0105cej aplikacji zgodnie z szybko rozwijaj\u0105cymi si\u0119 potrzebami klient\u00f3w, u\u017cytkownik\u00f3w i aplikacji interaktywnych. \u015acis\u0142a wsp\u00f3\u0142praca z klientem w postaci Google Design Sprint z wykorzystaniem najnowocze\u015bniejszych metod user-centric oraz Ekspert\u00f3w UX\/UI.<\/h4>\n\n\n\n<h3 class=\"wp-block-heading\">Technologie<\/h3>\n\n\n\n<div class=\"wp-block-group is-nowrap is-layout-flex wp-container-core-group-is-layout-6c531013 wp-block-group-is-layout-flex\">\n<figure class=\"wp-block-image\"><img decoding=\"async\" src=\"https:\/\/capgeminisoftware.pl\/app\/uploads\/2020\/06\/java.png\" alt=\"tech-icon\"\/><\/figure>\n\n\n\n<figure class=\"wp-block-image\"><img decoding=\"async\" src=\"https:\/\/capgeminisoftware.pl\/app\/uploads\/2020\/06\/spring.png\" alt=\"tech-icon\"\/><\/figure>\n\n\n\n<figure class=\"wp-block-image\"><img decoding=\"async\" src=\"https:\/\/capgeminisoftware.pl\/app\/uploads\/2022\/10\/20.svg\" alt=\"tech-icon\"\/><\/figure>\n\n\n\n<figure class=\"wp-block-image\"><img decoding=\"async\" src=\"https:\/\/capgeminisoftware.pl\/app\/uploads\/2022\/10\/16.svg\" alt=\"tech-icon\"\/><\/figure>\n\n\n\n<figure class=\"wp-block-image\"><img decoding=\"async\" src=\"https:\/\/capgeminisoftware.pl\/app\/uploads\/2022\/10\/29.svg\" alt=\"tech-icon\"\/><\/figure>\n\n\n\n<figure class=\"wp-block-image\"><img decoding=\"async\" src=\"https:\/\/capgeminisoftware.pl\/app\/uploads\/2022\/10\/28.svg\" alt=\"tech-icon\"\/><\/figure>\n\n\n\n<figure class=\"wp-block-image\"><img decoding=\"async\" src=\"https:\/\/capgeminisoftware.pl\/app\/uploads\/2022\/10\/27.svg\" alt=\"tech-icon\"\/><\/figure>\n\n\n\n<figure class=\"wp-block-image\"><img decoding=\"async\" src=\"https:\/\/capgeminisoftware.pl\/app\/uploads\/2022\/10\/30.svg\" alt=\"tech-icon\"\/><\/figure>\n<\/div>\n<\/div><\/div><\/div><\/div><\/div><\/section>\n","protected":false},"excerpt":{"rendered":"","protected":false},"author":650,"featured_media":0,"parent":898340,"menu_order":0,"comment_status":"closed","ping_status":"closed","template":"","meta":{"cg_dt_proposed_to":[],"cg_seo_hreflang_relations":"[]","cg_seo_canonical_relation":"{\"uuid\":\"7a92647f-c961-4865-836f-fe07060c2051\",\"blogId\":\"\",\"domain\":\"\",\"sitePath\":\"\",\"postLink\":\"\",\"postId\":null,\"isSaved\":true,\"isCrossLink\":false,\"hasCrossLink\":false}","cg_seo_hreflang_x_default_relation":"{\"uuid\":\"fe9e7caa-17fd-4873-8d55-d52b2fe91630\",\"blogId\":\"\",\"domain\":\"\",\"sitePath\":\"\",\"postLink\":\"\",\"postId\":null,\"isSaved\":true,\"isCrossLink\":false,\"hasCrossLink\":false}","cg_dt_approved_content":true,"cg_dt_mandatory_content":false,"cg_dt_notes":"","cg_dg_source_changed":false,"cg_dt_link_disabled":false,"_yoast_wpseo_primary_brand":"","footnotes":"","featured_focal_points":"","partner_card_description":"","gsap_animation":0},"brand":[],"partner_type":[],"service":[],"industry":[],"partners":[],"page-type":[],"content-group":[],"class_list":["post-898479","page","type-page","status-publish","hentry"],"yoast_head":"<!-- This site is optimized with the Yoast SEO Premium plugin v22.8 (Yoast SEO v22.8) - https:\/\/yoast.com\/wordpress\/plugins\/seo\/ -->\n<title>MODERNIZACJA ISTNIEJ\u0104CEJ APLIKACJI DO MONITOROWANIA TRASY I INNYCH CZYNNIK\u00d3W - Capgemini Poland<\/title>\n<meta name=\"description\" content=\"Uruchomienie aplikacji pozwalaj\u0105cej monitorowa\u0107 zar\u00f3wno tras\u0119, emisje dwutlenku w\u0119gla, rodzaj nap\u0119du czy terminowo\u015b\u0107 us\u0142ugodawcy.\" \/>\n<meta name=\"robots\" content=\"index, follow, max-snippet:-1, max-image-preview:large, max-video-preview:-1\" \/>\n<link rel=\"canonical\" href=\"https:\/\/www.capgemini.com\/pl-pl\/kariera\/software\/projekty\/modernizacja-istniejacej-aplikacji-do-monitorowania-trasy-i-innych-czynnikow\/\" \/>\n<meta property=\"og:locale\" content=\"pl_PL\" \/>\n<meta property=\"og:type\" content=\"article\" \/>\n<meta property=\"og:title\" content=\"MODERNIZACJA ISTNIEJ\u0104CEJ APLIKACJI DO MONITOROWANIA TRASY I INNYCH CZYNNIK\u00d3W\" \/>\n<meta property=\"og:description\" content=\"Uruchomienie aplikacji pozwalaj\u0105cej monitorowa\u0107 zar\u00f3wno tras\u0119, emisje dwutlenku w\u0119gla, rodzaj nap\u0119du czy terminowo\u015b\u0107 us\u0142ugodawcy.\" \/>\n<meta property=\"og:url\" content=\"https:\/\/www.capgemini.com\/pl-pl\/kariera\/software\/projekty\/modernizacja-istniejacej-aplikacji-do-monitorowania-trasy-i-innych-czynnikow\/\" \/>\n<meta property=\"og:site_name\" content=\"Capgemini Poland\" \/>\n<meta property=\"article:modified_time\" content=\"2025-01-08T11:14:05+00:00\" \/>\n<meta property=\"og:image\" content=\"https:\/\/www.capgemini.com\/pl-pl\/wp-content\/uploads\/sites\/27\/2023\/12\/image-53.png\" \/>\n<meta name=\"twitter:card\" content=\"summary_large_image\" \/>\n<meta name=\"twitter:label1\" content=\"Est. reading time\" \/>\n\t<meta name=\"twitter:data1\" content=\"3 minutes\" \/>\n<script type=\"application\/ld+json\" class=\"yoast-schema-graph\">{\"@context\":\"https:\/\/schema.org\",\"@graph\":[{\"@type\":\"WebPage\",\"@id\":\"https:\/\/www.capgemini.com\/pl-pl\/kariera\/software\/projekty\/modernizacja-istniejacej-aplikacji-do-monitorowania-trasy-i-innych-czynnikow\/\",\"url\":\"https:\/\/www.capgemini.com\/pl-pl\/kariera\/software\/projekty\/modernizacja-istniejacej-aplikacji-do-monitorowania-trasy-i-innych-czynnikow\/\",\"name\":\"MODERNIZACJA ISTNIEJ\u0104CEJ APLIKACJI DO MONITOROWANIA TRASY I INNYCH CZYNNIK\u00d3W - Capgemini Poland\",\"isPartOf\":{\"@id\":\"https:\/\/www.capgemini.com\/pl-pl\/#website\"},\"primaryImageOfPage\":{\"@id\":\"https:\/\/www.capgemini.com\/pl-pl\/kariera\/software\/projekty\/modernizacja-istniejacej-aplikacji-do-monitorowania-trasy-i-innych-czynnikow\/#primaryimage\"},\"image\":{\"@id\":\"https:\/\/www.capgemini.com\/pl-pl\/kariera\/software\/projekty\/modernizacja-istniejacej-aplikacji-do-monitorowania-trasy-i-innych-czynnikow\/#primaryimage\"},\"thumbnailUrl\":\"https:\/\/www.capgemini.com\/pl-pl\/wp-content\/uploads\/sites\/27\/2023\/12\/image-53.png\",\"datePublished\":\"2023-12-13T10:57:53+00:00\",\"dateModified\":\"2025-01-08T11:14:05+00:00\",\"description\":\"Uruchomienie aplikacji pozwalaj\u0105cej monitorowa\u0107 zar\u00f3wno tras\u0119, emisje dwutlenku w\u0119gla, rodzaj nap\u0119du czy terminowo\u015b\u0107 us\u0142ugodawcy.\",\"breadcrumb\":{\"@id\":\"https:\/\/www.capgemini.com\/pl-pl\/kariera\/software\/projekty\/modernizacja-istniejacej-aplikacji-do-monitorowania-trasy-i-innych-czynnikow\/#breadcrumb\"},\"inLanguage\":\"pl-PL\",\"potentialAction\":[{\"@type\":\"ReadAction\",\"target\":[\"https:\/\/www.capgemini.com\/pl-pl\/kariera\/software\/projekty\/modernizacja-istniejacej-aplikacji-do-monitorowania-trasy-i-innych-czynnikow\/\"]}]},{\"@type\":\"ImageObject\",\"inLanguage\":\"pl-PL\",\"@id\":\"https:\/\/www.capgemini.com\/pl-pl\/kariera\/software\/projekty\/modernizacja-istniejacej-aplikacji-do-monitorowania-trasy-i-innych-czynnikow\/#primaryimage\",\"url\":\"https:\/\/www.capgemini.com\/pl-pl\/wp-content\/uploads\/sites\/27\/2023\/12\/image-53.png\",\"contentUrl\":\"https:\/\/www.capgemini.com\/pl-pl\/wp-content\/uploads\/sites\/27\/2023\/12\/image-53.png\",\"width\":592,\"height\":392,\"caption\":\"ikona z globusem i r\u00f3\u017cnymi \u015brodkami transportu\"},{\"@type\":\"BreadcrumbList\",\"@id\":\"https:\/\/www.capgemini.com\/pl-pl\/kariera\/software\/projekty\/modernizacja-istniejacej-aplikacji-do-monitorowania-trasy-i-innych-czynnikow\/#breadcrumb\",\"itemListElement\":[{\"@type\":\"ListItem\",\"position\":1,\"name\":\"Home\",\"item\":\"https:\/\/www.capgemini.com\/pl-pl\/\"},{\"@type\":\"ListItem\",\"position\":2,\"name\":\"Kariera\",\"item\":\"https:\/\/www.capgemini.com\/pl-pl\/kariera\/\"},{\"@type\":\"ListItem\",\"position\":3,\"name\":\"Projekty\",\"item\":\"https:\/\/www.capgemini.com\/pl-pl\/kariera\/software\/projekty\/\"},{\"@type\":\"ListItem\",\"position\":4,\"name\":\"MODERNIZACJA ISTNIEJ\u0104CEJ APLIKACJI DO MONITOROWANIA TRASY I INNYCH CZYNNIK\u00d3W\"}]},{\"@type\":\"WebSite\",\"@id\":\"https:\/\/www.capgemini.com\/pl-pl\/#website\",\"url\":\"https:\/\/www.capgemini.com\/pl-pl\/\",\"name\":\"Capgemini Polska\",\"description\":\"Capgemini\",\"potentialAction\":[{\"@type\":\"SearchAction\",\"target\":{\"@type\":\"EntryPoint\",\"urlTemplate\":\"https:\/\/www.capgemini.com\/pl-pl\/?s={search_term_string}\"},\"query-input\":\"required name=search_term_string\"}],\"inLanguage\":\"pl-PL\"}]}<\/script>\n<!-- \/ Yoast SEO Premium plugin. -->","yoast_head_json":{"title":"MODERNIZACJA ISTNIEJ\u0104CEJ APLIKACJI DO MONITOROWANIA TRASY I INNYCH CZYNNIK\u00d3W - Capgemini Poland","description":"Uruchomienie aplikacji pozwalaj\u0105cej monitorowa\u0107 zar\u00f3wno tras\u0119, emisje dwutlenku w\u0119gla, rodzaj nap\u0119du czy terminowo\u015b\u0107 us\u0142ugodawcy.","robots":{"index":"index","follow":"follow","max-snippet":"max-snippet:-1","max-image-preview":"max-image-preview:large","max-video-preview":"max-video-preview:-1"},"canonical":"https:\/\/www.capgemini.com\/pl-pl\/kariera\/software\/projekty\/modernizacja-istniejacej-aplikacji-do-monitorowania-trasy-i-innych-czynnikow\/","og_locale":"pl_PL","og_type":"article","og_title":"MODERNIZACJA ISTNIEJ\u0104CEJ APLIKACJI DO MONITOROWANIA TRASY I INNYCH CZYNNIK\u00d3W","og_description":"Uruchomienie aplikacji pozwalaj\u0105cej monitorowa\u0107 zar\u00f3wno tras\u0119, emisje dwutlenku w\u0119gla, rodzaj nap\u0119du czy terminowo\u015b\u0107 us\u0142ugodawcy.","og_url":"https:\/\/www.capgemini.com\/pl-pl\/kariera\/software\/projekty\/modernizacja-istniejacej-aplikacji-do-monitorowania-trasy-i-innych-czynnikow\/","og_site_name":"Capgemini Poland","article_modified_time":"2025-01-08T11:14:05+00:00","og_image":[{"url":"https:\/\/www.capgemini.com\/pl-pl\/wp-content\/uploads\/sites\/27\/2023\/12\/image-53.png"}],"twitter_card":"summary_large_image","twitter_misc":{"Est. reading time":"3 minutes"},"schema":{"@context":"https:\/\/schema.org","@graph":[{"@type":"WebPage","@id":"https:\/\/www.capgemini.com\/pl-pl\/kariera\/software\/projekty\/modernizacja-istniejacej-aplikacji-do-monitorowania-trasy-i-innych-czynnikow\/","url":"https:\/\/www.capgemini.com\/pl-pl\/kariera\/software\/projekty\/modernizacja-istniejacej-aplikacji-do-monitorowania-trasy-i-innych-czynnikow\/","name":"MODERNIZACJA ISTNIEJ\u0104CEJ APLIKACJI DO MONITOROWANIA TRASY I INNYCH CZYNNIK\u00d3W - Capgemini Poland","isPartOf":{"@id":"https:\/\/www.capgemini.com\/pl-pl\/#website"},"primaryImageOfPage":{"@id":"https:\/\/www.capgemini.com\/pl-pl\/kariera\/software\/projekty\/modernizacja-istniejacej-aplikacji-do-monitorowania-trasy-i-innych-czynnikow\/#primaryimage"},"image":{"@id":"https:\/\/www.capgemini.com\/pl-pl\/kariera\/software\/projekty\/modernizacja-istniejacej-aplikacji-do-monitorowania-trasy-i-innych-czynnikow\/#primaryimage"},"thumbnailUrl":"https:\/\/www.capgemini.com\/pl-pl\/wp-content\/uploads\/sites\/27\/2023\/12\/image-53.png","datePublished":"2023-12-13T10:57:53+00:00","dateModified":"2025-01-08T11:14:05+00:00","description":"Uruchomienie aplikacji pozwalaj\u0105cej monitorowa\u0107 zar\u00f3wno tras\u0119, emisje dwutlenku w\u0119gla, rodzaj nap\u0119du czy terminowo\u015b\u0107 us\u0142ugodawcy.","breadcrumb":{"@id":"https:\/\/www.capgemini.com\/pl-pl\/kariera\/software\/projekty\/modernizacja-istniejacej-aplikacji-do-monitorowania-trasy-i-innych-czynnikow\/#breadcrumb"},"inLanguage":"pl-PL","potentialAction":[{"@type":"ReadAction","target":["https:\/\/www.capgemini.com\/pl-pl\/kariera\/software\/projekty\/modernizacja-istniejacej-aplikacji-do-monitorowania-trasy-i-innych-czynnikow\/"]}]},{"@type":"ImageObject","inLanguage":"pl-PL","@id":"https:\/\/www.capgemini.com\/pl-pl\/kariera\/software\/projekty\/modernizacja-istniejacej-aplikacji-do-monitorowania-trasy-i-innych-czynnikow\/#primaryimage","url":"https:\/\/www.capgemini.com\/pl-pl\/wp-content\/uploads\/sites\/27\/2023\/12\/image-53.png","contentUrl":"https:\/\/www.capgemini.com\/pl-pl\/wp-content\/uploads\/sites\/27\/2023\/12\/image-53.png","width":592,"height":392,"caption":"ikona z globusem i r\u00f3\u017cnymi \u015brodkami transportu"},{"@type":"BreadcrumbList","@id":"https:\/\/www.capgemini.com\/pl-pl\/kariera\/software\/projekty\/modernizacja-istniejacej-aplikacji-do-monitorowania-trasy-i-innych-czynnikow\/#breadcrumb","itemListElement":[{"@type":"ListItem","position":1,"name":"Home","item":"https:\/\/www.capgemini.com\/pl-pl\/"},{"@type":"ListItem","position":2,"name":"Kariera","item":"https:\/\/www.capgemini.com\/pl-pl\/kariera\/"},{"@type":"ListItem","position":3,"name":"Projekty","item":"https:\/\/www.capgemini.com\/pl-pl\/kariera\/software\/projekty\/"},{"@type":"ListItem","position":4,"name":"MODERNIZACJA ISTNIEJ\u0104CEJ APLIKACJI DO MONITOROWANIA TRASY I INNYCH CZYNNIK\u00d3W"}]},{"@type":"WebSite","@id":"https:\/\/www.capgemini.com\/pl-pl\/#website","url":"https:\/\/www.capgemini.com\/pl-pl\/","name":"Capgemini Polska","description":"Capgemini","potentialAction":[{"@type":"SearchAction","target":{"@type":"EntryPoint","urlTemplate":"https:\/\/www.capgemini.com\/pl-pl\/?s={search_term_string}"},"query-input":"required name=search_term_string"}],"inLanguage":"pl-PL"}]}},"brand_term":[],"parsely":{"version":"1.1.0","canonical_url":"https:\/\/capgemini.com\/pl-pl\/kariera\/software\/projekty\/modernizacja-istniejacej-aplikacji-do-monitorowania-trasy-i-innych-czynnikow\/","smart_links":{"inbound":0,"outbound":0},"traffic_boost_suggestions_count":0,"meta":{"@context":"https:\/\/schema.org","@type":"WebPage","headline":"MODERNIZACJA ISTNIEJ\u0104CEJ APLIKACJI DO MONITOROWANIA TRASY I INNYCH CZYNNIK\u00d3W","url":"https:\/\/www.capgemini.com\/pl-pl\/kariera\/software\/projekty\/modernizacja-istniejacej-aplikacji-do-monitorowania-trasy-i-innych-czynnikow\/","mainEntityOfPage":{"@type":"WebPage","@id":"https:\/\/www.capgemini.com\/pl-pl\/kariera\/software\/projekty\/modernizacja-istniejacej-aplikacji-do-monitorowania-trasy-i-innych-czynnikow\/"},"thumbnailUrl":"","image":{"@type":"ImageObject","url":""},"articleSection":"Uncategorized","author":[],"creator":[],"publisher":{"@type":"Organization","name":"Capgemini Poland","logo":""},"keywords":[],"dateCreated":"2023-12-13T10:57:53Z","datePublished":"2023-12-13T10:57:53Z","dateModified":"2025-01-08T11:14:05Z"},"rendered":"<meta name=\"parsely-title\" content=\"MODERNIZACJA ISTNIEJ\u0104CEJ APLIKACJI DO MONITOROWANIA TRASY I INNYCH CZYNNIK\u00d3W\" \/>\n<meta name=\"parsely-link\" content=\"https:\/\/www.capgemini.com\/pl-pl\/kariera\/software\/projekty\/modernizacja-istniejacej-aplikacji-do-monitorowania-trasy-i-innych-czynnikow\/\" \/>\n<meta name=\"parsely-type\" content=\"index\" \/>\n<meta name=\"parsely-pub-date\" content=\"2023-12-13T10:57:53Z\" \/>\n<meta name=\"parsely-section\" content=\"Uncategorized\" \/>","tracker_url":"https:\/\/cdn.parsely.com\/keys\/capgemini.com\/p.js"},"archive_status":false,"featured_image_src":"https:\/\/www.capgemini.com\/pl-pl\/wp-content\/themes\/capgemini2025\/assets\/images\/mockup.png","featured_image_alt":false,"jetpack_sharing_enabled":true,"distributor_meta":false,"distributor_terms":false,"distributor_media":false,"distributor_original_site_name":"Capgemini Poland","distributor_original_site_url":"https:\/\/www.capgemini.com\/pl-pl","push-errors":false,"_links":{"self":[{"href":"https:\/\/www.capgemini.com\/pl-pl\/wp-json\/wp\/v2\/pages\/898479","targetHints":{"allow":["GET"]}}],"collection":[{"href":"https:\/\/www.capgemini.com\/pl-pl\/wp-json\/wp\/v2\/pages"}],"about":[{"href":"https:\/\/www.capgemini.com\/pl-pl\/wp-json\/wp\/v2\/types\/page"}],"author":[{"embeddable":true,"href":"https:\/\/www.capgemini.com\/pl-pl\/wp-json\/wp\/v2\/users\/650"}],"replies":[{"embeddable":true,"href":"https:\/\/www.capgemini.com\/pl-pl\/wp-json\/wp\/v2\/comments?post=898479"}],"version-history":[{"count":3,"href":"https:\/\/www.capgemini.com\/pl-pl\/wp-json\/wp\/v2\/pages\/898479\/revisions"}],"predecessor-version":[{"id":907236,"href":"https:\/\/www.capgemini.com\/pl-pl\/wp-json\/wp\/v2\/pages\/898479\/revisions\/907236"}],"up":[{"embeddable":true,"href":"https:\/\/www.capgemini.com\/pl-pl\/wp-json\/wp\/v2\/pages\/898340"}],"wp:attachment":[{"href":"https:\/\/www.capgemini.com\/pl-pl\/wp-json\/wp\/v2\/media?parent=898479"}],"wp:term":[{"taxonomy":"brand","embeddable":true,"href":"https:\/\/www.capgemini.com\/pl-pl\/wp-json\/wp\/v2\/brand?post=898479"},{"taxonomy":"partner_type","embeddable":true,"href":"https:\/\/www.capgemini.com\/pl-pl\/wp-json\/wp\/v2\/partner_type?post=898479"},{"taxonomy":"service","embeddable":true,"href":"https:\/\/www.capgemini.com\/pl-pl\/wp-json\/wp\/v2\/service?post=898479"},{"taxonomy":"industry","embeddable":true,"href":"https:\/\/www.capgemini.com\/pl-pl\/wp-json\/wp\/v2\/industry?post=898479"},{"taxonomy":"partners","embeddable":true,"href":"https:\/\/www.capgemini.com\/pl-pl\/wp-json\/wp\/v2\/partners?post=898479"},{"taxonomy":"page-type","embeddable":true,"href":"https:\/\/www.capgemini.com\/pl-pl\/wp-json\/wp\/v2\/page-type?post=898479"},{"taxonomy":"content-group","embeddable":true,"href":"https:\/\/www.capgemini.com\/pl-pl\/wp-json\/wp\/v2\/content-group?post=898479"}],"curies":[{"name":"wp","href":"https:\/\/api.w.org\/{rel}","templated":true}]}}