{"id":898471,"date":"2023-12-13T10:51:26","date_gmt":"2023-12-13T10:51:26","guid":{"rendered":"https:\/\/www.capgemini.com\/pl-pl\/?page_id=898471"},"modified":"2025-01-08T11:09:03","modified_gmt":"2025-01-08T11:09:03","slug":"opracowanie-serwisow-dla-procesow-zwiazanych-z-przechowywaniem-danych-wrazliwych","status":"publish","type":"page","link":"https:\/\/www.capgemini.com\/pl-pl\/kariera\/software\/projekty\/opracowanie-serwisow-dla-procesow-zwiazanych-z-przechowywaniem-danych-wrazliwych\/","title":{"rendered":"OPRACOWANIE SERWIS\u00d3W DLA PROCES\u00d3W ZWI\u0104ZANYCH Z PRZECHOWYWANIEM DANYCH WRA\u017bLIWYCH"},"content":{"rendered":"\n<section class=\"wp-block-cg-blocks-group undefined section section--article-content\"><div class=\"article-main-content\"><div class=\"container\"><div class=\"row\"><div class=\"col-12 col-md-11 col-lg-10 offset-md-1 offset-lg-1\"><div class=\"article-text article-quote-text\">\n<div class=\"wp-block-columns is-layout-flex wp-container-core-columns-is-layout-28f84493 wp-block-columns-is-layout-flex\">\n<div class=\"wp-block-column is-layout-flow wp-block-column-is-layout-flow\" style=\"flex-basis:66.66%\">\n<figure class=\"wp-block-image size-full\"><img loading=\"lazy\" decoding=\"async\" width=\"568\" height=\"547\" src=\"https:\/\/www.capgemini.com\/pl-pl\/wp-content\/uploads\/sites\/27\/2023\/12\/image-40.png\" alt=\"ikona z osob\u0105 wskazuj\u0105c\u0105 na logo technologii java, ktora wyswietla si\u0119 na ekranie\" class=\"wp-image-898472\" srcset=\"https:\/\/www.capgemini.com\/pl-pl\/wp-content\/uploads\/sites\/27\/2023\/12\/image-40.png 568w, https:\/\/www.capgemini.com\/pl-pl\/wp-content\/uploads\/sites\/27\/2023\/12\/image-40.png?resize=300,289 300w\" sizes=\"auto, (max-width: 568px) 100vw, 568px\" \/><\/figure>\n<\/div>\n\n\n\n<div class=\"wp-block-column is-layout-flow wp-block-column-is-layout-flow\" style=\"flex-basis:33.33%\">\n<div class=\"wp-block-cover has-white-color has-text-color\" style=\"min-height:150px;aspect-ratio:unset;\"><span aria-hidden=\"true\" class=\"wp-block-cover__background has-background-dim-100 has-background-dim\" style=\"background-color:#336b7d\"><\/span><div class=\"wp-block-cover__inner-container has-global-padding is-layout-constrained wp-block-cover-is-layout-constrained\">\n<h4 class=\"wp-block-heading has-white-color has-text-color\" id=\"h-klient\">KLIENT<\/h4>\n\n\n\n<p class=\"has-white-color has-text-color\">Wiod\u0105cy \u015bwiatowy producent samochod\u00f3w premium<\/p>\n<\/div><\/div>\n\n\n\n<div style=\"height:15px\" aria-hidden=\"true\" class=\"wp-block-spacer\"><\/div>\n\n\n\n<div class=\"wp-block-cover has-white-color has-text-color\" style=\"min-height:150px;aspect-ratio:unset;\"><span aria-hidden=\"true\" class=\"wp-block-cover__background has-background-dim-100 has-background-dim\" style=\"background-color:#0f878a\"><\/span><div class=\"wp-block-cover__inner-container has-global-padding is-layout-constrained wp-block-cover-is-layout-constrained\">\n<h4 class=\"wp-block-heading has-white-color has-text-color\" id=\"h-sektor\">SEKTOR<\/h4>\n\n\n\n<p class=\"has-white-color has-text-color\">Motoryzacyjny<\/p>\n<\/div><\/div>\n\n\n\n<div style=\"height:15px\" aria-hidden=\"true\" class=\"wp-block-spacer\"><\/div>\n\n\n\n<div class=\"wp-block-cover has-white-color has-text-color\" style=\"min-height:150px;aspect-ratio:unset;\"><span aria-hidden=\"true\" class=\"wp-block-cover__background has-background-dim-100 has-background-dim\" style=\"background-color:#00b2a2\"><\/span><div class=\"wp-block-cover__inner-container has-global-padding is-layout-constrained wp-block-cover-is-layout-constrained\">\n<h4 class=\"wp-block-heading has-white-color has-text-color\" id=\"h-metodyka-pracy\">METODYKA PRACY<\/h4>\n\n\n\n<p class=\"has-white-color has-text-color\">SAFe<\/p>\n<\/div><\/div>\n\n\n\n<div style=\"height:15px\" aria-hidden=\"true\" class=\"wp-block-spacer\"><\/div>\n\n\n\n<div class=\"wp-block-cover is-light has-white-color has-text-color\" style=\"min-height:150px;aspect-ratio:unset;\"><span aria-hidden=\"true\" class=\"wp-block-cover__background has-background-dim-100 has-background-dim\" style=\"background-color:#57cf80\"><\/span><div class=\"wp-block-cover__inner-container has-global-padding is-layout-constrained wp-block-cover-is-layout-constrained\">\n<h4 class=\"wp-block-heading has-white-color has-text-color\" id=\"h-kompetencje-zespoly\">KOMPETENCJE \/ ZESPO\u0141Y<\/h4>\n\n\n\n<p class=\"has-white-color has-text-color\">Development, Scrum Master, Product Owner, System Architect<\/p>\n<\/div><\/div>\n<\/div>\n<\/div>\n\n\n\n<h3 class=\"wp-block-heading\">Potrzeba biznesowa:<\/h3>\n\n\n\n<h4 class=\"wp-block-heading\" id=\"h-potrzeba-sprawnego-zarzadzania-danymi-klientow-producenta-zwiazanego-z-europejskimi-wymogami-prawnymi\">Potrzeba sprawnego zarz\u0105dzania danymi klient\u00f3w producenta, zwi\u0105zanego z europejskimi wymogami prawnymi.<\/h4>\n\n\n\n<h4 class=\"wp-block-heading\" id=\"h-zostalismy-poproszeni-o-opracowanie-serwisow-dla-poszczegolnych-etapow-regulowania-procesu-i-zapewnienia-zgodnosci-z-prawami-osob-ktorych-te-dane-dotycza-okreslonymi-w-europejskim-rozporzadzeniu-o-ochronie-danych-osobowych-gdpr-ktore-pozwalaja-na-utrzymywanie-wysokiego-standardu-klienta\">Zostali\u015bmy poproszeni o opracowanie serwis\u00f3w dla poszczeg\u00f3lnych etap\u00f3w regulowania procesu i zapewnienia zgodno\u015bci z prawami os\u00f3b, kt\u00f3rych te dane dotycz\u0105, okre\u015blonymi w europejskim Rozporz\u0105dzeniu o Ochronie Danych Osobowych (GDPR), kt\u00f3re pozwalaj\u0105 na utrzymywanie wysokiego standardu klienta.<\/h4>\n\n\n\n<h3 class=\"wp-block-heading\">Co zrobili\u015bmy?<\/h3>\n\n\n\n<h4 class=\"wp-block-heading\" id=\"h-dostarczanie-mikroserwisow-umozliwiajacych-ochrone-danych-klienta-i-efektywne-przetwarzanie-przychodzacych-zadan\">Dostarczanie mikroserwis\u00f3w umo\u017cliwiaj\u0105cych ochron\u0119 danych klienta i efektywne przetwarzanie przychodz\u0105cych \u017c\u0105da\u0144.<\/h4>\n\n\n\n<h3 class=\"wp-block-heading\">Technologie<\/h3>\n\n\n\n<div class=\"wp-block-group is-nowrap is-layout-flex wp-container-core-group-is-layout-6c531013 wp-block-group-is-layout-flex\">\n<figure class=\"wp-block-image\"><img decoding=\"async\" src=\"https:\/\/capgeminisoftware.pl\/app\/uploads\/2020\/06\/java.png\" alt=\"tech-icon\"\/><\/figure>\n<\/div>\n<\/div><\/div><\/div><\/div><\/div><\/section>\n","protected":false},"excerpt":{"rendered":"","protected":false},"author":650,"featured_media":0,"parent":898340,"menu_order":0,"comment_status":"closed","ping_status":"closed","template":"","meta":{"cg_dt_proposed_to":[],"cg_seo_hreflang_relations":"[]","cg_seo_canonical_relation":"{\"uuid\":\"c8cfb5c2-18d0-4ad5-ab57-745d635dbdd3\",\"blogId\":\"\",\"domain\":\"\",\"sitePath\":\"\",\"postLink\":\"\",\"postId\":null,\"isSaved\":true,\"isCrossLink\":false,\"hasCrossLink\":false}","cg_seo_hreflang_x_default_relation":"{\"uuid\":\"70a26ae8-13d3-4a0c-b571-74c7fd38a55e\",\"blogId\":\"\",\"domain\":\"\",\"sitePath\":\"\",\"postLink\":\"\",\"postId\":null,\"isSaved\":true,\"isCrossLink\":false,\"hasCrossLink\":false}","cg_dt_approved_content":true,"cg_dt_mandatory_content":false,"cg_dt_notes":"","cg_dg_source_changed":false,"cg_dt_link_disabled":false,"_yoast_wpseo_primary_brand":"","footnotes":"","featured_focal_points":"","partner_card_description":"","gsap_animation":0},"brand":[],"partner_type":[],"service":[],"industry":[],"partners":[],"page-type":[],"content-group":[],"class_list":["post-898471","page","type-page","status-publish","hentry"],"yoast_head":"<!-- This site is optimized with the Yoast SEO Premium plugin v22.8 (Yoast SEO v22.8) - https:\/\/yoast.com\/wordpress\/plugins\/seo\/ -->\n<title>OPRACOWANIE SERWIS\u00d3W DLA PROCES\u00d3W ZWI\u0104ZANYCH Z PRZECHOWYWANIEM DANYCH WRA\u017bLIWYCH - Capgemini Poland<\/title>\n<meta name=\"description\" content=\"Potrzeba sprawnego zarz\u0105dzania danymi, szczeg\u00f3lnie wra\u017cliwymi, klient\u00f3w producenta, zwi\u0105zanego z europejskimi wymogami prawnymi.\" \/>\n<meta name=\"robots\" content=\"index, follow, max-snippet:-1, max-image-preview:large, max-video-preview:-1\" \/>\n<link rel=\"canonical\" href=\"https:\/\/www.capgemini.com\/pl-pl\/kariera\/software\/projekty\/opracowanie-serwisow-dla-procesow-zwiazanych-z-przechowywaniem-danych-wrazliwych\/\" \/>\n<meta property=\"og:locale\" content=\"pl_PL\" \/>\n<meta property=\"og:type\" content=\"article\" \/>\n<meta property=\"og:title\" content=\"OPRACOWANIE SERWIS\u00d3W DLA PROCES\u00d3W ZWI\u0104ZANYCH Z PRZECHOWYWANIEM DANYCH WRA\u017bLIWYCH\" \/>\n<meta property=\"og:description\" content=\"Potrzeba sprawnego zarz\u0105dzania danymi, szczeg\u00f3lnie wra\u017cliwymi, klient\u00f3w producenta, zwi\u0105zanego z europejskimi wymogami prawnymi.\" \/>\n<meta property=\"og:url\" content=\"https:\/\/www.capgemini.com\/pl-pl\/kariera\/software\/projekty\/opracowanie-serwisow-dla-procesow-zwiazanych-z-przechowywaniem-danych-wrazliwych\/\" \/>\n<meta property=\"og:site_name\" content=\"Capgemini Poland\" \/>\n<meta property=\"article:modified_time\" content=\"2025-01-08T11:09:03+00:00\" \/>\n<meta property=\"og:image\" content=\"https:\/\/prod.ucwe.capgemini.com\/pl-pl\/wp-content\/uploads\/sites\/27\/2023\/12\/image-40.png\" \/>\n<meta name=\"twitter:card\" content=\"summary_large_image\" \/>\n<meta name=\"twitter:label1\" content=\"Est. reading time\" \/>\n\t<meta name=\"twitter:data1\" content=\"1 minute\" \/>\n<script type=\"application\/ld+json\" class=\"yoast-schema-graph\">{\"@context\":\"https:\/\/schema.org\",\"@graph\":[{\"@type\":\"WebPage\",\"@id\":\"https:\/\/www.capgemini.com\/pl-pl\/kariera\/software\/projekty\/opracowanie-serwisow-dla-procesow-zwiazanych-z-przechowywaniem-danych-wrazliwych\/\",\"url\":\"https:\/\/www.capgemini.com\/pl-pl\/kariera\/software\/projekty\/opracowanie-serwisow-dla-procesow-zwiazanych-z-przechowywaniem-danych-wrazliwych\/\",\"name\":\"OPRACOWANIE SERWIS\u00d3W DLA PROCES\u00d3W ZWI\u0104ZANYCH Z PRZECHOWYWANIEM DANYCH WRA\u017bLIWYCH - Capgemini Poland\",\"isPartOf\":{\"@id\":\"https:\/\/www.capgemini.com\/pl-pl\/#website\"},\"primaryImageOfPage\":{\"@id\":\"https:\/\/www.capgemini.com\/pl-pl\/kariera\/software\/projekty\/opracowanie-serwisow-dla-procesow-zwiazanych-z-przechowywaniem-danych-wrazliwych\/#primaryimage\"},\"image\":{\"@id\":\"https:\/\/www.capgemini.com\/pl-pl\/kariera\/software\/projekty\/opracowanie-serwisow-dla-procesow-zwiazanych-z-przechowywaniem-danych-wrazliwych\/#primaryimage\"},\"thumbnailUrl\":\"https:\/\/www.capgemini.com\/pl-pl\/wp-content\/uploads\/sites\/27\/2023\/12\/image-40.png\",\"datePublished\":\"2023-12-13T10:51:26+00:00\",\"dateModified\":\"2025-01-08T11:09:03+00:00\",\"description\":\"Potrzeba sprawnego zarz\u0105dzania danymi, szczeg\u00f3lnie wra\u017cliwymi, klient\u00f3w producenta, zwi\u0105zanego z europejskimi wymogami prawnymi.\",\"breadcrumb\":{\"@id\":\"https:\/\/www.capgemini.com\/pl-pl\/kariera\/software\/projekty\/opracowanie-serwisow-dla-procesow-zwiazanych-z-przechowywaniem-danych-wrazliwych\/#breadcrumb\"},\"inLanguage\":\"pl-PL\",\"potentialAction\":[{\"@type\":\"ReadAction\",\"target\":[\"https:\/\/www.capgemini.com\/pl-pl\/kariera\/software\/projekty\/opracowanie-serwisow-dla-procesow-zwiazanych-z-przechowywaniem-danych-wrazliwych\/\"]}]},{\"@type\":\"ImageObject\",\"inLanguage\":\"pl-PL\",\"@id\":\"https:\/\/www.capgemini.com\/pl-pl\/kariera\/software\/projekty\/opracowanie-serwisow-dla-procesow-zwiazanych-z-przechowywaniem-danych-wrazliwych\/#primaryimage\",\"url\":\"https:\/\/www.capgemini.com\/pl-pl\/wp-content\/uploads\/sites\/27\/2023\/12\/image-40.png\",\"contentUrl\":\"https:\/\/www.capgemini.com\/pl-pl\/wp-content\/uploads\/sites\/27\/2023\/12\/image-40.png\",\"width\":568,\"height\":547,\"caption\":\"ikona z osob\u0105 wskazuj\u0105c\u0105 na logo technologii java, ktora wyswietla si\u0119 na ekranie\"},{\"@type\":\"BreadcrumbList\",\"@id\":\"https:\/\/www.capgemini.com\/pl-pl\/kariera\/software\/projekty\/opracowanie-serwisow-dla-procesow-zwiazanych-z-przechowywaniem-danych-wrazliwych\/#breadcrumb\",\"itemListElement\":[{\"@type\":\"ListItem\",\"position\":1,\"name\":\"Home\",\"item\":\"https:\/\/www.capgemini.com\/pl-pl\/\"},{\"@type\":\"ListItem\",\"position\":2,\"name\":\"Kariera\",\"item\":\"https:\/\/www.capgemini.com\/pl-pl\/kariera\/\"},{\"@type\":\"ListItem\",\"position\":3,\"name\":\"Projekty\",\"item\":\"https:\/\/www.capgemini.com\/pl-pl\/kariera\/software\/projekty\/\"},{\"@type\":\"ListItem\",\"position\":4,\"name\":\"OPRACOWANIE SERWIS\u00d3W DLA PROCES\u00d3W ZWI\u0104ZANYCH Z PRZECHOWYWANIEM DANYCH WRA\u017bLIWYCH\"}]},{\"@type\":\"WebSite\",\"@id\":\"https:\/\/www.capgemini.com\/pl-pl\/#website\",\"url\":\"https:\/\/www.capgemini.com\/pl-pl\/\",\"name\":\"Capgemini Polska\",\"description\":\"Capgemini\",\"potentialAction\":[{\"@type\":\"SearchAction\",\"target\":{\"@type\":\"EntryPoint\",\"urlTemplate\":\"https:\/\/www.capgemini.com\/pl-pl\/?s={search_term_string}\"},\"query-input\":\"required name=search_term_string\"}],\"inLanguage\":\"pl-PL\"}]}<\/script>\n<!-- \/ Yoast SEO Premium plugin. -->","yoast_head_json":{"title":"OPRACOWANIE SERWIS\u00d3W DLA PROCES\u00d3W ZWI\u0104ZANYCH Z PRZECHOWYWANIEM DANYCH WRA\u017bLIWYCH - Capgemini Poland","description":"Potrzeba sprawnego zarz\u0105dzania danymi, szczeg\u00f3lnie wra\u017cliwymi, klient\u00f3w producenta, zwi\u0105zanego z europejskimi wymogami prawnymi.","robots":{"index":"index","follow":"follow","max-snippet":"max-snippet:-1","max-image-preview":"max-image-preview:large","max-video-preview":"max-video-preview:-1"},"canonical":"https:\/\/www.capgemini.com\/pl-pl\/kariera\/software\/projekty\/opracowanie-serwisow-dla-procesow-zwiazanych-z-przechowywaniem-danych-wrazliwych\/","og_locale":"pl_PL","og_type":"article","og_title":"OPRACOWANIE SERWIS\u00d3W DLA PROCES\u00d3W ZWI\u0104ZANYCH Z PRZECHOWYWANIEM DANYCH WRA\u017bLIWYCH","og_description":"Potrzeba sprawnego zarz\u0105dzania danymi, szczeg\u00f3lnie wra\u017cliwymi, klient\u00f3w producenta, zwi\u0105zanego z europejskimi wymogami prawnymi.","og_url":"https:\/\/www.capgemini.com\/pl-pl\/kariera\/software\/projekty\/opracowanie-serwisow-dla-procesow-zwiazanych-z-przechowywaniem-danych-wrazliwych\/","og_site_name":"Capgemini Poland","article_modified_time":"2025-01-08T11:09:03+00:00","og_image":[{"url":"https:\/\/prod.ucwe.capgemini.com\/pl-pl\/wp-content\/uploads\/sites\/27\/2023\/12\/image-40.png"}],"twitter_card":"summary_large_image","twitter_misc":{"Est. reading time":"1 minute"},"schema":{"@context":"https:\/\/schema.org","@graph":[{"@type":"WebPage","@id":"https:\/\/www.capgemini.com\/pl-pl\/kariera\/software\/projekty\/opracowanie-serwisow-dla-procesow-zwiazanych-z-przechowywaniem-danych-wrazliwych\/","url":"https:\/\/www.capgemini.com\/pl-pl\/kariera\/software\/projekty\/opracowanie-serwisow-dla-procesow-zwiazanych-z-przechowywaniem-danych-wrazliwych\/","name":"OPRACOWANIE SERWIS\u00d3W DLA PROCES\u00d3W ZWI\u0104ZANYCH Z PRZECHOWYWANIEM DANYCH WRA\u017bLIWYCH - Capgemini Poland","isPartOf":{"@id":"https:\/\/www.capgemini.com\/pl-pl\/#website"},"primaryImageOfPage":{"@id":"https:\/\/www.capgemini.com\/pl-pl\/kariera\/software\/projekty\/opracowanie-serwisow-dla-procesow-zwiazanych-z-przechowywaniem-danych-wrazliwych\/#primaryimage"},"image":{"@id":"https:\/\/www.capgemini.com\/pl-pl\/kariera\/software\/projekty\/opracowanie-serwisow-dla-procesow-zwiazanych-z-przechowywaniem-danych-wrazliwych\/#primaryimage"},"thumbnailUrl":"https:\/\/www.capgemini.com\/pl-pl\/wp-content\/uploads\/sites\/27\/2023\/12\/image-40.png","datePublished":"2023-12-13T10:51:26+00:00","dateModified":"2025-01-08T11:09:03+00:00","description":"Potrzeba sprawnego zarz\u0105dzania danymi, szczeg\u00f3lnie wra\u017cliwymi, klient\u00f3w producenta, zwi\u0105zanego z europejskimi wymogami prawnymi.","breadcrumb":{"@id":"https:\/\/www.capgemini.com\/pl-pl\/kariera\/software\/projekty\/opracowanie-serwisow-dla-procesow-zwiazanych-z-przechowywaniem-danych-wrazliwych\/#breadcrumb"},"inLanguage":"pl-PL","potentialAction":[{"@type":"ReadAction","target":["https:\/\/www.capgemini.com\/pl-pl\/kariera\/software\/projekty\/opracowanie-serwisow-dla-procesow-zwiazanych-z-przechowywaniem-danych-wrazliwych\/"]}]},{"@type":"ImageObject","inLanguage":"pl-PL","@id":"https:\/\/www.capgemini.com\/pl-pl\/kariera\/software\/projekty\/opracowanie-serwisow-dla-procesow-zwiazanych-z-przechowywaniem-danych-wrazliwych\/#primaryimage","url":"https:\/\/www.capgemini.com\/pl-pl\/wp-content\/uploads\/sites\/27\/2023\/12\/image-40.png","contentUrl":"https:\/\/www.capgemini.com\/pl-pl\/wp-content\/uploads\/sites\/27\/2023\/12\/image-40.png","width":568,"height":547,"caption":"ikona z osob\u0105 wskazuj\u0105c\u0105 na logo technologii java, ktora wyswietla si\u0119 na ekranie"},{"@type":"BreadcrumbList","@id":"https:\/\/www.capgemini.com\/pl-pl\/kariera\/software\/projekty\/opracowanie-serwisow-dla-procesow-zwiazanych-z-przechowywaniem-danych-wrazliwych\/#breadcrumb","itemListElement":[{"@type":"ListItem","position":1,"name":"Home","item":"https:\/\/www.capgemini.com\/pl-pl\/"},{"@type":"ListItem","position":2,"name":"Kariera","item":"https:\/\/www.capgemini.com\/pl-pl\/kariera\/"},{"@type":"ListItem","position":3,"name":"Projekty","item":"https:\/\/www.capgemini.com\/pl-pl\/kariera\/software\/projekty\/"},{"@type":"ListItem","position":4,"name":"OPRACOWANIE SERWIS\u00d3W DLA PROCES\u00d3W ZWI\u0104ZANYCH Z PRZECHOWYWANIEM DANYCH WRA\u017bLIWYCH"}]},{"@type":"WebSite","@id":"https:\/\/www.capgemini.com\/pl-pl\/#website","url":"https:\/\/www.capgemini.com\/pl-pl\/","name":"Capgemini Polska","description":"Capgemini","potentialAction":[{"@type":"SearchAction","target":{"@type":"EntryPoint","urlTemplate":"https:\/\/www.capgemini.com\/pl-pl\/?s={search_term_string}"},"query-input":"required name=search_term_string"}],"inLanguage":"pl-PL"}]}},"brand_term":[],"parsely":{"version":"1.1.0","canonical_url":"https:\/\/capgemini.com\/pl-pl\/kariera\/software\/projekty\/opracowanie-serwisow-dla-procesow-zwiazanych-z-przechowywaniem-danych-wrazliwych\/","smart_links":{"inbound":0,"outbound":0},"traffic_boost_suggestions_count":0,"meta":{"@context":"https:\/\/schema.org","@type":"WebPage","headline":"OPRACOWANIE SERWIS\u00d3W DLA PROCES\u00d3W ZWI\u0104ZANYCH Z PRZECHOWYWANIEM DANYCH WRA\u017bLIWYCH","url":"https:\/\/www.capgemini.com\/pl-pl\/kariera\/software\/projekty\/opracowanie-serwisow-dla-procesow-zwiazanych-z-przechowywaniem-danych-wrazliwych\/","mainEntityOfPage":{"@type":"WebPage","@id":"https:\/\/www.capgemini.com\/pl-pl\/kariera\/software\/projekty\/opracowanie-serwisow-dla-procesow-zwiazanych-z-przechowywaniem-danych-wrazliwych\/"},"thumbnailUrl":"","image":{"@type":"ImageObject","url":""},"articleSection":"Uncategorized","author":[],"creator":[],"publisher":{"@type":"Organization","name":"Capgemini Poland","logo":""},"keywords":[],"dateCreated":"2023-12-13T10:51:26Z","datePublished":"2023-12-13T10:51:26Z","dateModified":"2025-01-08T11:09:03Z"},"rendered":"<meta name=\"parsely-title\" content=\"OPRACOWANIE SERWIS\u00d3W DLA PROCES\u00d3W ZWI\u0104ZANYCH Z PRZECHOWYWANIEM DANYCH WRA\u017bLIWYCH\" \/>\n<meta name=\"parsely-link\" content=\"https:\/\/www.capgemini.com\/pl-pl\/kariera\/software\/projekty\/opracowanie-serwisow-dla-procesow-zwiazanych-z-przechowywaniem-danych-wrazliwych\/\" \/>\n<meta name=\"parsely-type\" content=\"index\" \/>\n<meta name=\"parsely-pub-date\" content=\"2023-12-13T10:51:26Z\" \/>\n<meta name=\"parsely-section\" content=\"Uncategorized\" \/>","tracker_url":"https:\/\/cdn.parsely.com\/keys\/capgemini.com\/p.js"},"archive_status":false,"featured_image_src":"https:\/\/www.capgemini.com\/pl-pl\/wp-content\/themes\/capgemini2025\/assets\/images\/mockup.png","featured_image_alt":false,"jetpack_sharing_enabled":true,"distributor_meta":false,"distributor_terms":false,"distributor_media":false,"distributor_original_site_name":"Capgemini Poland","distributor_original_site_url":"https:\/\/www.capgemini.com\/pl-pl","push-errors":false,"_links":{"self":[{"href":"https:\/\/www.capgemini.com\/pl-pl\/wp-json\/wp\/v2\/pages\/898471","targetHints":{"allow":["GET"]}}],"collection":[{"href":"https:\/\/www.capgemini.com\/pl-pl\/wp-json\/wp\/v2\/pages"}],"about":[{"href":"https:\/\/www.capgemini.com\/pl-pl\/wp-json\/wp\/v2\/types\/page"}],"author":[{"embeddable":true,"href":"https:\/\/www.capgemini.com\/pl-pl\/wp-json\/wp\/v2\/users\/650"}],"replies":[{"embeddable":true,"href":"https:\/\/www.capgemini.com\/pl-pl\/wp-json\/wp\/v2\/comments?post=898471"}],"version-history":[{"count":2,"href":"https:\/\/www.capgemini.com\/pl-pl\/wp-json\/wp\/v2\/pages\/898471\/revisions"}],"predecessor-version":[{"id":907230,"href":"https:\/\/www.capgemini.com\/pl-pl\/wp-json\/wp\/v2\/pages\/898471\/revisions\/907230"}],"up":[{"embeddable":true,"href":"https:\/\/www.capgemini.com\/pl-pl\/wp-json\/wp\/v2\/pages\/898340"}],"wp:attachment":[{"href":"https:\/\/www.capgemini.com\/pl-pl\/wp-json\/wp\/v2\/media?parent=898471"}],"wp:term":[{"taxonomy":"brand","embeddable":true,"href":"https:\/\/www.capgemini.com\/pl-pl\/wp-json\/wp\/v2\/brand?post=898471"},{"taxonomy":"partner_type","embeddable":true,"href":"https:\/\/www.capgemini.com\/pl-pl\/wp-json\/wp\/v2\/partner_type?post=898471"},{"taxonomy":"service","embeddable":true,"href":"https:\/\/www.capgemini.com\/pl-pl\/wp-json\/wp\/v2\/service?post=898471"},{"taxonomy":"industry","embeddable":true,"href":"https:\/\/www.capgemini.com\/pl-pl\/wp-json\/wp\/v2\/industry?post=898471"},{"taxonomy":"partners","embeddable":true,"href":"https:\/\/www.capgemini.com\/pl-pl\/wp-json\/wp\/v2\/partners?post=898471"},{"taxonomy":"page-type","embeddable":true,"href":"https:\/\/www.capgemini.com\/pl-pl\/wp-json\/wp\/v2\/page-type?post=898471"},{"taxonomy":"content-group","embeddable":true,"href":"https:\/\/www.capgemini.com\/pl-pl\/wp-json\/wp\/v2\/content-group?post=898471"}],"curies":[{"name":"wp","href":"https:\/\/api.w.org\/{rel}","templated":true}]}}