{"id":898456,"date":"2023-12-13T10:36:58","date_gmt":"2023-12-13T10:36:58","guid":{"rendered":"https:\/\/www.capgemini.com\/pl-pl\/?page_id=898456"},"modified":"2025-01-08T10:59:04","modified_gmt":"2025-01-08T10:59:04","slug":"rozwoj-aplikacji-sluzacej-do-zarzadzania-transportem-morskim-powietrznym-i-ladowym","status":"publish","type":"page","link":"https:\/\/www.capgemini.com\/pl-pl\/kariera\/software\/projekty\/rozwoj-aplikacji-sluzacej-do-zarzadzania-transportem-morskim-powietrznym-i-ladowym\/","title":{"rendered":"ROZW\u00d3J APLIKACJI, S\u0141U\u017b\u0104CEJ DO ZARZ\u0104DZANIA TRANSPORTEM MORSKIM, POWIETRZNYM I L\u0104DOWYM"},"content":{"rendered":"\n<section class=\"wp-block-cg-blocks-group undefined section section--article-content\"><div class=\"article-main-content\"><div class=\"container\"><div class=\"row\"><div class=\"col-12 col-md-11 col-lg-10 offset-md-1 offset-lg-1\"><div class=\"article-text article-quote-text\">\n<div class=\"wp-block-columns is-layout-flex wp-container-core-columns-is-layout-28f84493 wp-block-columns-is-layout-flex\">\n<div class=\"wp-block-column is-layout-flow wp-block-column-is-layout-flow\" style=\"flex-basis:66.66%\">\n<figure class=\"wp-block-image size-full\"><img loading=\"lazy\" decoding=\"async\" width=\"592\" height=\"392\" src=\"https:\/\/www.capgemini.com\/pl-pl\/wp-content\/uploads\/sites\/27\/2023\/12\/image-53.png\" alt=\"ikona z globusem i r\u00f3\u017cnymi \u015brodkami transportu\" class=\"wp-image-898501\" srcset=\"https:\/\/www.capgemini.com\/pl-pl\/wp-content\/uploads\/sites\/27\/2023\/12\/image-53.png 592w, https:\/\/www.capgemini.com\/pl-pl\/wp-content\/uploads\/sites\/27\/2023\/12\/image-53.png?resize=300,199 300w\" sizes=\"auto, (max-width: 592px) 100vw, 592px\" \/><\/figure>\n<\/div>\n\n\n\n<div class=\"wp-block-column is-layout-flow wp-block-column-is-layout-flow\" style=\"flex-basis:33.33%\">\n<div class=\"wp-block-cover has-white-color has-text-color\" style=\"min-height:150px;aspect-ratio:unset;\"><span aria-hidden=\"true\" class=\"wp-block-cover__background has-background-dim-100 has-background-dim\" style=\"background-color:#336b7d\"><\/span><div class=\"wp-block-cover__inner-container has-global-padding is-layout-constrained wp-block-cover-is-layout-constrained\">\n<h4 class=\"wp-block-heading has-white-color has-text-color\" id=\"h-klient\">KLIENT<\/h4>\n\n\n\n<p class=\"has-white-color has-text-color\">Jedna z najwi\u0119kszych na \u015bwiecie firm logistycznych zajmuj\u0105ca si\u0119 transportem morskim, powietrznym oraz l\u0105dowym<\/p>\n<\/div><\/div>\n\n\n\n<div style=\"height:14px\" aria-hidden=\"true\" class=\"wp-block-spacer\"><\/div>\n\n\n\n<div class=\"wp-block-cover has-white-color has-text-color\" style=\"min-height:150px;aspect-ratio:unset;\"><span aria-hidden=\"true\" class=\"wp-block-cover__background has-background-dim-100 has-background-dim\" style=\"background-color:#0f878a\"><\/span><div class=\"wp-block-cover__inner-container has-global-padding is-layout-constrained wp-block-cover-is-layout-constrained\">\n<h4 class=\"wp-block-heading has-white-color has-text-color\" id=\"h-sektor\">SEKTOR<\/h4>\n\n\n\n<p class=\"has-white-color has-text-color\">Logistyka<\/p>\n\n\n\n<div style=\"height:15px\" aria-hidden=\"true\" class=\"wp-block-spacer\"><\/div>\n<\/div><\/div>\n\n\n\n<div style=\"height:14px\" aria-hidden=\"true\" class=\"wp-block-spacer\"><\/div>\n\n\n\n<div class=\"wp-block-cover has-white-color has-text-color\" style=\"min-height:150px;aspect-ratio:unset;\"><span aria-hidden=\"true\" class=\"wp-block-cover__background has-background-dim-100 has-background-dim\" style=\"background-color:#00b2a2\"><\/span><div class=\"wp-block-cover__inner-container has-global-padding is-layout-constrained wp-block-cover-is-layout-constrained\">\n<h4 class=\"wp-block-heading has-white-color has-text-color\" id=\"h-metodyka-pracy\">METODYKA PRACY<\/h4>\n\n\n\n<p class=\"has-white-color has-text-color\">Waterfall<\/p>\n<\/div><\/div>\n\n\n\n<div style=\"height:14px\" aria-hidden=\"true\" class=\"wp-block-spacer\"><\/div>\n\n\n\n<div class=\"wp-block-cover is-light has-white-color has-text-color\" style=\"min-height:150px;aspect-ratio:unset;\"><span aria-hidden=\"true\" class=\"wp-block-cover__background has-background-dim-100 has-background-dim\" style=\"background-color:#57cf80\"><\/span><div class=\"wp-block-cover__inner-container has-global-padding is-layout-constrained wp-block-cover-is-layout-constrained\">\n<h4 class=\"wp-block-heading has-white-color has-text-color\" id=\"h-kompetencje-zespoly\">KOMPETENCJE \/ ZESPO\u0141Y<\/h4>\n\n\n\n<p class=\"has-white-color has-text-color\">UX\/UI, DevOps, Cloud, Development, Testing<\/p>\n<\/div><\/div>\n<\/div>\n<\/div>\n\n\n\n<h3 class=\"wp-block-heading\">Potrzeba biznesowa:<\/h3>\n\n\n\n<h4 class=\"wp-block-heading\" id=\"h-rozwoj-i-utrzymanie-duzej-aplikacji-sluzacej-do-zarzadzania-transportem-morskim-powietrznym-i-ladowym-w-placowkach-na-calym-swiecie\">Rozw\u00f3j i utrzymanie du\u017cej aplikacji, s\u0142u\u017c\u0105cej do zarz\u0105dzania transportem morskim, powietrznym i l\u0105dowym w plac\u00f3wkach na ca\u0142ym \u015bwiecie.<\/h4>\n\n\n\n<h3 class=\"wp-block-heading\">Co zrobili\u015bmy?<\/h3>\n\n\n\n<h4 class=\"wp-block-heading\" id=\"h-od-15-lat-wspolpracujemy-z-klientem-na-polu-rozwoju-obecnej-aplikacji-oraz-jej-systemow-pobocznych-nieustannie-rozbudowujemy-system-o-nowe-moduly-wymagane-do-wdrozenia-aplikacji-do-innych-krajow-integrujemy-rowniez-aplikacje-z-systemami-zewnetrznymi-aby-zastapic-jak-najwiecej-dotychczas-uzywanych-produktow-jednym-rozwiazaniem-szytym-na-miare\">Od 15 lat wsp\u00f3\u0142pracujemy z klientem na polu rozwoju obecnej aplikacji oraz jej system\u00f3w pobocznych. Nieustannie rozbudowujemy system o nowe modu\u0142y wymagane do wdro\u017cenia aplikacji do innych kraj\u00f3w. Integrujemy r\u00f3wnie\u017c aplikacj\u0119 z systemami zewn\u0119trznymi, aby zast\u0105pi\u0107 jak najwi\u0119cej dotychczas u\u017cywanych produkt\u00f3w jednym rozwi\u0105zaniem szytym na miar\u0119.<\/h4>\n\n\n\n<h3 class=\"wp-block-heading\">Technologie<\/h3>\n\n\n\n<div class=\"wp-block-group is-nowrap is-layout-flex wp-container-core-group-is-layout-6c531013 wp-block-group-is-layout-flex\">\n<figure class=\"wp-block-image\"><img decoding=\"async\" src=\"https:\/\/capgeminisoftware.pl\/app\/uploads\/2020\/06\/java.png\" alt=\"tech-icon\"\/><\/figure>\n\n\n\n<figure class=\"wp-block-image\"><img decoding=\"async\" src=\"https:\/\/capgeminisoftware.pl\/app\/uploads\/2022\/10\/tech.svg\" alt=\"tech-icon\"\/><\/figure>\n\n\n\n<figure class=\"wp-block-image\"><img decoding=\"async\" src=\"https:\/\/capgeminisoftware.pl\/app\/uploads\/2022\/10\/26.svg\" alt=\"tech-icon\"\/><\/figure>\n\n\n\n<figure class=\"wp-block-image\"><img decoding=\"async\" src=\"https:\/\/capgeminisoftware.pl\/app\/uploads\/2020\/06\/Group.png\" alt=\"tech-icon\"\/><\/figure>\n<\/div>\n<\/div><\/div><\/div><\/div><\/div><\/section>\n","protected":false},"excerpt":{"rendered":"","protected":false},"author":650,"featured_media":0,"parent":0,"menu_order":0,"comment_status":"closed","ping_status":"closed","template":"","meta":{"cg_dt_proposed_to":[],"cg_seo_hreflang_relations":"[]","cg_seo_canonical_relation":"{\"uuid\":\"7bb132e6-2801-4cfa-84d2-5f24c703f4a1\",\"blogId\":\"\",\"domain\":\"\",\"sitePath\":\"\",\"postLink\":\"\",\"postId\":null,\"isSaved\":true,\"isCrossLink\":false,\"hasCrossLink\":false}","cg_seo_hreflang_x_default_relation":"{\"uuid\":\"1db09c49-c2e6-42e8-99eb-e045f37aae04\",\"blogId\":\"\",\"domain\":\"\",\"sitePath\":\"\",\"postLink\":\"\",\"postId\":null,\"isSaved\":true,\"isCrossLink\":false,\"hasCrossLink\":false}","cg_dt_approved_content":true,"cg_dt_mandatory_content":false,"cg_dt_notes":"","cg_dg_source_changed":false,"cg_dt_link_disabled":false,"_yoast_wpseo_primary_brand":"","footnotes":"","featured_focal_points":"","partner_card_description":"","gsap_animation":0},"brand":[],"partner_type":[],"service":[],"industry":[],"partners":[],"page-type":[],"content-group":[],"class_list":["post-898456","page","type-page","status-publish","hentry"],"yoast_head":"<!-- This site is optimized with the Yoast SEO Premium plugin v22.8 (Yoast SEO v22.8) - https:\/\/yoast.com\/wordpress\/plugins\/seo\/ -->\n<title>ROZW\u00d3J APLIKACJI, S\u0141U\u017b\u0104CEJ DO ZARZ\u0104DZANIA TRANSPORTEM MORSKIM, POWIETRZNYM I L\u0104DOWYM - Capgemini Poland<\/title>\n<meta name=\"description\" content=\"Rozw\u00f3j i utrzymanie du\u017cej aplikacji, s\u0142u\u017c\u0105cej do zarz\u0105dzania transportem morskim, powietrznym i l\u0105dowym w plac\u00f3wkach na ca\u0142ym \u015bwiecie.\" \/>\n<meta name=\"robots\" content=\"index, follow, max-snippet:-1, max-image-preview:large, max-video-preview:-1\" \/>\n<link rel=\"canonical\" href=\"https:\/\/www.capgemini.com\/pl-pl\/kariera\/software\/projekty\/rozwoj-aplikacji-sluzacej-do-zarzadzania-transportem-morskim-powietrznym-i-ladowym\/\" \/>\n<meta property=\"og:locale\" content=\"pl_PL\" \/>\n<meta property=\"og:type\" content=\"article\" \/>\n<meta property=\"og:title\" content=\"ROZW\u00d3J APLIKACJI, S\u0141U\u017b\u0104CEJ DO ZARZ\u0104DZANIA TRANSPORTEM MORSKIM, POWIETRZNYM I L\u0104DOWYM\" \/>\n<meta property=\"og:description\" content=\"Rozw\u00f3j i utrzymanie du\u017cej aplikacji, s\u0142u\u017c\u0105cej do zarz\u0105dzania transportem morskim, powietrznym i l\u0105dowym w plac\u00f3wkach na ca\u0142ym \u015bwiecie.\" \/>\n<meta property=\"og:url\" content=\"https:\/\/www.capgemini.com\/pl-pl\/kariera\/software\/projekty\/rozwoj-aplikacji-sluzacej-do-zarzadzania-transportem-morskim-powietrznym-i-ladowym\/\" \/>\n<meta property=\"og:site_name\" content=\"Capgemini Poland\" \/>\n<meta property=\"article:modified_time\" content=\"2025-01-08T10:59:04+00:00\" \/>\n<meta property=\"og:image\" content=\"https:\/\/www.capgemini.com\/pl-pl\/wp-content\/uploads\/sites\/27\/2023\/12\/image-53.png\" \/>\n<meta name=\"twitter:card\" content=\"summary_large_image\" \/>\n<meta name=\"twitter:label1\" content=\"Est. reading time\" \/>\n\t<meta name=\"twitter:data1\" content=\"2 minutes\" \/>\n<script type=\"application\/ld+json\" class=\"yoast-schema-graph\">{\"@context\":\"https:\/\/schema.org\",\"@graph\":[{\"@type\":\"WebPage\",\"@id\":\"https:\/\/www.capgemini.com\/pl-pl\/kariera\/software\/projekty\/rozwoj-aplikacji-sluzacej-do-zarzadzania-transportem-morskim-powietrznym-i-ladowym\/\",\"url\":\"https:\/\/www.capgemini.com\/pl-pl\/kariera\/software\/projekty\/rozwoj-aplikacji-sluzacej-do-zarzadzania-transportem-morskim-powietrznym-i-ladowym\/\",\"name\":\"ROZW\u00d3J APLIKACJI, S\u0141U\u017b\u0104CEJ DO ZARZ\u0104DZANIA TRANSPORTEM MORSKIM, POWIETRZNYM I L\u0104DOWYM - Capgemini Poland\",\"isPartOf\":{\"@id\":\"https:\/\/www.capgemini.com\/pl-pl\/#website\"},\"primaryImageOfPage\":{\"@id\":\"https:\/\/www.capgemini.com\/pl-pl\/kariera\/software\/projekty\/rozwoj-aplikacji-sluzacej-do-zarzadzania-transportem-morskim-powietrznym-i-ladowym\/#primaryimage\"},\"image\":{\"@id\":\"https:\/\/www.capgemini.com\/pl-pl\/kariera\/software\/projekty\/rozwoj-aplikacji-sluzacej-do-zarzadzania-transportem-morskim-powietrznym-i-ladowym\/#primaryimage\"},\"thumbnailUrl\":\"https:\/\/www.capgemini.com\/pl-pl\/wp-content\/uploads\/sites\/27\/2023\/12\/image-53.png\",\"datePublished\":\"2023-12-13T10:36:58+00:00\",\"dateModified\":\"2025-01-08T10:59:04+00:00\",\"description\":\"Rozw\u00f3j i utrzymanie du\u017cej aplikacji, s\u0142u\u017c\u0105cej do zarz\u0105dzania transportem morskim, powietrznym i l\u0105dowym w plac\u00f3wkach na ca\u0142ym \u015bwiecie.\",\"breadcrumb\":{\"@id\":\"https:\/\/www.capgemini.com\/pl-pl\/kariera\/software\/projekty\/rozwoj-aplikacji-sluzacej-do-zarzadzania-transportem-morskim-powietrznym-i-ladowym\/#breadcrumb\"},\"inLanguage\":\"pl-PL\",\"potentialAction\":[{\"@type\":\"ReadAction\",\"target\":[\"https:\/\/www.capgemini.com\/pl-pl\/kariera\/software\/projekty\/rozwoj-aplikacji-sluzacej-do-zarzadzania-transportem-morskim-powietrznym-i-ladowym\/\"]}]},{\"@type\":\"ImageObject\",\"inLanguage\":\"pl-PL\",\"@id\":\"https:\/\/www.capgemini.com\/pl-pl\/kariera\/software\/projekty\/rozwoj-aplikacji-sluzacej-do-zarzadzania-transportem-morskim-powietrznym-i-ladowym\/#primaryimage\",\"url\":\"https:\/\/www.capgemini.com\/pl-pl\/wp-content\/uploads\/sites\/27\/2023\/12\/image-53.png\",\"contentUrl\":\"https:\/\/www.capgemini.com\/pl-pl\/wp-content\/uploads\/sites\/27\/2023\/12\/image-53.png\",\"width\":592,\"height\":392,\"caption\":\"ikona z globusem i r\u00f3\u017cnymi \u015brodkami transportu\"},{\"@type\":\"BreadcrumbList\",\"@id\":\"https:\/\/www.capgemini.com\/pl-pl\/kariera\/software\/projekty\/rozwoj-aplikacji-sluzacej-do-zarzadzania-transportem-morskim-powietrznym-i-ladowym\/#breadcrumb\",\"itemListElement\":[{\"@type\":\"ListItem\",\"position\":1,\"name\":\"Home\",\"item\":\"https:\/\/www.capgemini.com\/pl-pl\/\"},{\"@type\":\"ListItem\",\"position\":2,\"name\":\"ROZW\u00d3J APLIKACJI, S\u0141U\u017b\u0104CEJ DO ZARZ\u0104DZANIA TRANSPORTEM MORSKIM, POWIETRZNYM I L\u0104DOWYM\"}]},{\"@type\":\"WebSite\",\"@id\":\"https:\/\/www.capgemini.com\/pl-pl\/#website\",\"url\":\"https:\/\/www.capgemini.com\/pl-pl\/\",\"name\":\"Capgemini Polska\",\"description\":\"Capgemini\",\"potentialAction\":[{\"@type\":\"SearchAction\",\"target\":{\"@type\":\"EntryPoint\",\"urlTemplate\":\"https:\/\/www.capgemini.com\/pl-pl\/?s={search_term_string}\"},\"query-input\":\"required name=search_term_string\"}],\"inLanguage\":\"pl-PL\"}]}<\/script>\n<!-- \/ Yoast SEO Premium plugin. -->","yoast_head_json":{"title":"ROZW\u00d3J APLIKACJI, S\u0141U\u017b\u0104CEJ DO ZARZ\u0104DZANIA TRANSPORTEM MORSKIM, POWIETRZNYM I L\u0104DOWYM - Capgemini Poland","description":"Rozw\u00f3j i utrzymanie du\u017cej aplikacji, s\u0142u\u017c\u0105cej do zarz\u0105dzania transportem morskim, powietrznym i l\u0105dowym w plac\u00f3wkach na ca\u0142ym \u015bwiecie.","robots":{"index":"index","follow":"follow","max-snippet":"max-snippet:-1","max-image-preview":"max-image-preview:large","max-video-preview":"max-video-preview:-1"},"canonical":"https:\/\/www.capgemini.com\/pl-pl\/kariera\/software\/projekty\/rozwoj-aplikacji-sluzacej-do-zarzadzania-transportem-morskim-powietrznym-i-ladowym\/","og_locale":"pl_PL","og_type":"article","og_title":"ROZW\u00d3J APLIKACJI, S\u0141U\u017b\u0104CEJ DO ZARZ\u0104DZANIA TRANSPORTEM MORSKIM, POWIETRZNYM I L\u0104DOWYM","og_description":"Rozw\u00f3j i utrzymanie du\u017cej aplikacji, s\u0142u\u017c\u0105cej do zarz\u0105dzania transportem morskim, powietrznym i l\u0105dowym w plac\u00f3wkach na ca\u0142ym \u015bwiecie.","og_url":"https:\/\/www.capgemini.com\/pl-pl\/kariera\/software\/projekty\/rozwoj-aplikacji-sluzacej-do-zarzadzania-transportem-morskim-powietrznym-i-ladowym\/","og_site_name":"Capgemini Poland","article_modified_time":"2025-01-08T10:59:04+00:00","og_image":[{"url":"https:\/\/www.capgemini.com\/pl-pl\/wp-content\/uploads\/sites\/27\/2023\/12\/image-53.png"}],"twitter_card":"summary_large_image","twitter_misc":{"Est. reading time":"2 minutes"},"schema":{"@context":"https:\/\/schema.org","@graph":[{"@type":"WebPage","@id":"https:\/\/www.capgemini.com\/pl-pl\/kariera\/software\/projekty\/rozwoj-aplikacji-sluzacej-do-zarzadzania-transportem-morskim-powietrznym-i-ladowym\/","url":"https:\/\/www.capgemini.com\/pl-pl\/kariera\/software\/projekty\/rozwoj-aplikacji-sluzacej-do-zarzadzania-transportem-morskim-powietrznym-i-ladowym\/","name":"ROZW\u00d3J APLIKACJI, S\u0141U\u017b\u0104CEJ DO ZARZ\u0104DZANIA TRANSPORTEM MORSKIM, POWIETRZNYM I L\u0104DOWYM - Capgemini Poland","isPartOf":{"@id":"https:\/\/www.capgemini.com\/pl-pl\/#website"},"primaryImageOfPage":{"@id":"https:\/\/www.capgemini.com\/pl-pl\/kariera\/software\/projekty\/rozwoj-aplikacji-sluzacej-do-zarzadzania-transportem-morskim-powietrznym-i-ladowym\/#primaryimage"},"image":{"@id":"https:\/\/www.capgemini.com\/pl-pl\/kariera\/software\/projekty\/rozwoj-aplikacji-sluzacej-do-zarzadzania-transportem-morskim-powietrznym-i-ladowym\/#primaryimage"},"thumbnailUrl":"https:\/\/www.capgemini.com\/pl-pl\/wp-content\/uploads\/sites\/27\/2023\/12\/image-53.png","datePublished":"2023-12-13T10:36:58+00:00","dateModified":"2025-01-08T10:59:04+00:00","description":"Rozw\u00f3j i utrzymanie du\u017cej aplikacji, s\u0142u\u017c\u0105cej do zarz\u0105dzania transportem morskim, powietrznym i l\u0105dowym w plac\u00f3wkach na ca\u0142ym \u015bwiecie.","breadcrumb":{"@id":"https:\/\/www.capgemini.com\/pl-pl\/kariera\/software\/projekty\/rozwoj-aplikacji-sluzacej-do-zarzadzania-transportem-morskim-powietrznym-i-ladowym\/#breadcrumb"},"inLanguage":"pl-PL","potentialAction":[{"@type":"ReadAction","target":["https:\/\/www.capgemini.com\/pl-pl\/kariera\/software\/projekty\/rozwoj-aplikacji-sluzacej-do-zarzadzania-transportem-morskim-powietrznym-i-ladowym\/"]}]},{"@type":"ImageObject","inLanguage":"pl-PL","@id":"https:\/\/www.capgemini.com\/pl-pl\/kariera\/software\/projekty\/rozwoj-aplikacji-sluzacej-do-zarzadzania-transportem-morskim-powietrznym-i-ladowym\/#primaryimage","url":"https:\/\/www.capgemini.com\/pl-pl\/wp-content\/uploads\/sites\/27\/2023\/12\/image-53.png","contentUrl":"https:\/\/www.capgemini.com\/pl-pl\/wp-content\/uploads\/sites\/27\/2023\/12\/image-53.png","width":592,"height":392,"caption":"ikona z globusem i r\u00f3\u017cnymi \u015brodkami transportu"},{"@type":"BreadcrumbList","@id":"https:\/\/www.capgemini.com\/pl-pl\/kariera\/software\/projekty\/rozwoj-aplikacji-sluzacej-do-zarzadzania-transportem-morskim-powietrznym-i-ladowym\/#breadcrumb","itemListElement":[{"@type":"ListItem","position":1,"name":"Home","item":"https:\/\/www.capgemini.com\/pl-pl\/"},{"@type":"ListItem","position":2,"name":"ROZW\u00d3J APLIKACJI, S\u0141U\u017b\u0104CEJ DO ZARZ\u0104DZANIA TRANSPORTEM MORSKIM, POWIETRZNYM I L\u0104DOWYM"}]},{"@type":"WebSite","@id":"https:\/\/www.capgemini.com\/pl-pl\/#website","url":"https:\/\/www.capgemini.com\/pl-pl\/","name":"Capgemini Polska","description":"Capgemini","potentialAction":[{"@type":"SearchAction","target":{"@type":"EntryPoint","urlTemplate":"https:\/\/www.capgemini.com\/pl-pl\/?s={search_term_string}"},"query-input":"required name=search_term_string"}],"inLanguage":"pl-PL"}]}},"brand_term":[],"parsely":{"version":"1.1.0","canonical_url":"https:\/\/capgemini.com\/pl-pl\/kariera\/software\/projekty\/rozwoj-aplikacji-sluzacej-do-zarzadzania-transportem-morskim-powietrznym-i-ladowym\/","smart_links":{"inbound":0,"outbound":0},"traffic_boost_suggestions_count":0,"meta":{"@context":"https:\/\/schema.org","@type":"WebPage","headline":"ROZW\u00d3J APLIKACJI, S\u0141U\u017b\u0104CEJ DO ZARZ\u0104DZANIA TRANSPORTEM MORSKIM, POWIETRZNYM I L\u0104DOWYM","url":"https:\/\/www.capgemini.com\/pl-pl\/kariera\/software\/projekty\/rozwoj-aplikacji-sluzacej-do-zarzadzania-transportem-morskim-powietrznym-i-ladowym\/","mainEntityOfPage":{"@type":"WebPage","@id":"https:\/\/www.capgemini.com\/pl-pl\/kariera\/software\/projekty\/rozwoj-aplikacji-sluzacej-do-zarzadzania-transportem-morskim-powietrznym-i-ladowym\/"},"thumbnailUrl":"","image":{"@type":"ImageObject","url":""},"articleSection":"Uncategorized","author":[],"creator":[],"publisher":{"@type":"Organization","name":"Capgemini Poland","logo":""},"keywords":[],"dateCreated":"2023-12-13T10:36:58Z","datePublished":"2023-12-13T10:36:58Z","dateModified":"2025-01-08T10:59:04Z"},"rendered":"<meta name=\"parsely-title\" content=\"ROZW\u00d3J APLIKACJI, S\u0141U\u017b\u0104CEJ DO ZARZ\u0104DZANIA TRANSPORTEM MORSKIM, POWIETRZNYM I L\u0104DOWYM\" \/>\n<meta name=\"parsely-link\" content=\"https:\/\/www.capgemini.com\/pl-pl\/kariera\/software\/projekty\/rozwoj-aplikacji-sluzacej-do-zarzadzania-transportem-morskim-powietrznym-i-ladowym\/\" \/>\n<meta name=\"parsely-type\" content=\"index\" \/>\n<meta name=\"parsely-pub-date\" content=\"2023-12-13T10:36:58Z\" \/>\n<meta name=\"parsely-section\" content=\"Uncategorized\" \/>","tracker_url":"https:\/\/cdn.parsely.com\/keys\/capgemini.com\/p.js"},"archive_status":false,"featured_image_src":"https:\/\/www.capgemini.com\/pl-pl\/wp-content\/themes\/capgemini2025\/assets\/images\/mockup.png","featured_image_alt":false,"jetpack_sharing_enabled":true,"distributor_meta":false,"distributor_terms":false,"distributor_media":false,"distributor_original_site_name":"Capgemini Poland","distributor_original_site_url":"https:\/\/www.capgemini.com\/pl-pl","push-errors":false,"_links":{"self":[{"href":"https:\/\/www.capgemini.com\/pl-pl\/wp-json\/wp\/v2\/pages\/898456","targetHints":{"allow":["GET"]}}],"collection":[{"href":"https:\/\/www.capgemini.com\/pl-pl\/wp-json\/wp\/v2\/pages"}],"about":[{"href":"https:\/\/www.capgemini.com\/pl-pl\/wp-json\/wp\/v2\/types\/page"}],"author":[{"embeddable":true,"href":"https:\/\/www.capgemini.com\/pl-pl\/wp-json\/wp\/v2\/users\/650"}],"replies":[{"embeddable":true,"href":"https:\/\/www.capgemini.com\/pl-pl\/wp-json\/wp\/v2\/comments?post=898456"}],"version-history":[{"count":4,"href":"https:\/\/www.capgemini.com\/pl-pl\/wp-json\/wp\/v2\/pages\/898456\/revisions"}],"predecessor-version":[{"id":907223,"href":"https:\/\/www.capgemini.com\/pl-pl\/wp-json\/wp\/v2\/pages\/898456\/revisions\/907223"}],"wp:attachment":[{"href":"https:\/\/www.capgemini.com\/pl-pl\/wp-json\/wp\/v2\/media?parent=898456"}],"wp:term":[{"taxonomy":"brand","embeddable":true,"href":"https:\/\/www.capgemini.com\/pl-pl\/wp-json\/wp\/v2\/brand?post=898456"},{"taxonomy":"partner_type","embeddable":true,"href":"https:\/\/www.capgemini.com\/pl-pl\/wp-json\/wp\/v2\/partner_type?post=898456"},{"taxonomy":"service","embeddable":true,"href":"https:\/\/www.capgemini.com\/pl-pl\/wp-json\/wp\/v2\/service?post=898456"},{"taxonomy":"industry","embeddable":true,"href":"https:\/\/www.capgemini.com\/pl-pl\/wp-json\/wp\/v2\/industry?post=898456"},{"taxonomy":"partners","embeddable":true,"href":"https:\/\/www.capgemini.com\/pl-pl\/wp-json\/wp\/v2\/partners?post=898456"},{"taxonomy":"page-type","embeddable":true,"href":"https:\/\/www.capgemini.com\/pl-pl\/wp-json\/wp\/v2\/page-type?post=898456"},{"taxonomy":"content-group","embeddable":true,"href":"https:\/\/www.capgemini.com\/pl-pl\/wp-json\/wp\/v2\/content-group?post=898456"}],"curies":[{"name":"wp","href":"https:\/\/api.w.org\/{rel}","templated":true}]}}