{"id":898233,"date":"2023-12-06T15:01:09","date_gmt":"2023-12-06T15:01:09","guid":{"rendered":"https:\/\/www.capgemini.com\/pl-pl\/?page_id=898233"},"modified":"2025-03-12T05:02:37","modified_gmt":"2025-03-12T05:02:37","slug":"akcja-relokacja","status":"publish","type":"page","link":"https:\/\/www.capgemini.com\/pl-pl\/kariera\/software\/akcja-relokacja\/","title":{"rendered":"Akcja relokacja"},"content":{"rendered":"\n<div class=\"wp-block-cg-blocks-hero-bleed-banner is-style-default\"><div class=\"hero-bleed-mp-banner is-style-default no-overlay  is-image  \" data-hero-bleed-attributes=\"{&quot;showquotetext&quot;:false,&quot;authorName&quot;:null,&quot;authorImgURL&quot;:&quot;\/wp-content\/themes\/capgemini2020\/assets\/images\/mockup.png&quot;,&quot;cglogo&quot;:&quot;&quot;,&quot;showHeroCard&quot;:false,&quot;showvideotext&quot;:false,&quot;isLongTitle&quot;:false,&quot;showCareerFields&quot;:false,&quot;careerFormActionLink&quot;:&quot;&quot;,&quot;isCareerSearchBtnOpenNewTab&quot;:false,&quot;heroImgURL&quot;:&quot;https:\/\/www.capgemini.com\/pl-pl\/wp-content\/uploads\/sites\/27\/2023\/12\/shutterstock_1853590342-2048x539-1.webp&quot;,&quot;heroImgID&quot;:898808,&quot;heroImgPosX&quot;:0.5,&quot;heroImgPosY&quot;:0.5,&quot;heroTabImgURL&quot;:null,&quot;heroTabImgPosX&quot;:0.5,&quot;heroTabImgPosY&quot;:0.5,&quot;heroMobImgURL&quot;:null,&quot;heroMobImgPosX&quot;:0.5,&quot;heroMobImgPosY&quot;:0.5,&quot;isHeroMediaFullScreen&quot;:false,&quot;heroMediaType&quot;:&quot;image&quot;,&quot;heroVideoColor&quot;:&quot;light&quot;,&quot;navMenuTextColor&quot;:&quot;black&quot;,&quot;navMenuPosition&quot;:&quot;no-overlay&quot;,&quot;isHomePage&quot;:false,&quot;showBrandLogoImg&quot;:false,&quot;enableVideoCTA&quot;:false,&quot;videoCTAOpenInNewTab&quot;:false,&quot;enableVideoAutoplay&quot;:true,&quot;termId&quot;:0,&quot;primaryTag&quot;:&quot;&quot;,&quot;primaryTagSlug&quot;:&quot;&quot;,&quot;className&quot;:&quot;is-style-default&quot;,&quot;blockId&quot;:&quot;f7ce53b9-20d7-4957-9994-cc62a45d1cfd&quot;}\"><div class=\"hero-image d-block \"><picture><source srcset=\"https:\/\/www.capgemini.com\/pl-pl\/wp-content\/uploads\/sites\/27\/2023\/12\/shutterstock_1853590342-2048x539-1.webp?w=2880&amp;quality=70 1x, https:\/\/www.capgemini.com\/pl-pl\/wp-content\/uploads\/sites\/27\/2023\/12\/shutterstock_1853590342-2048x539-1.webp?w=2880&amp;quality=70 2x\" media=\"(min-width: 1500px)\"\/><source srcset=\"https:\/\/www.capgemini.com\/pl-pl\/wp-content\/uploads\/sites\/27\/2023\/12\/shutterstock_1853590342-2048x539-1.webp?w=1440&amp;quality=70 1x, https:\/\/www.capgemini.com\/pl-pl\/wp-content\/uploads\/sites\/27\/2023\/12\/shutterstock_1853590342-2048x539-1.webp?w=2880&amp;quality=70 2x\" media=\"(min-width: 992px)\"\/><img decoding=\"async\" width=\"100%\" height=\"100%\" src=\"https:\/\/www.capgemini.com\/pl-pl\/wp-content\/uploads\/sites\/27\/2023\/12\/shutterstock_1853590342-2048x539-1.webp\" alt=\"\"\/><\/picture><\/div><div class=\"header-line hero-bg-shape\"><\/div><\/div><div class=\"modal fade ytmodal\" id=\"videoModalf7ce53b9-20d7-4957-9994-cc62a45d1cfd\" tabindex=\"-1\" role=\"dialog\" aria-labelledby=\"videoModalLabel\" aria-hidden=\"true\"><div class=\"modal-dialog modal-dialog-centered modal-lg\"><div class=\"modal-content\"><button type=\"button\" class=\"close\" data-bs-dismiss=\"modal\" aria-label=\"Close\"><span aria-hidden=\"true\">\u00d7<\/span><\/button><div class=\"modal-body\"><div class=\"ratio ratio-16x9\"><div class=\"embed-responsive embed-responsive-16by9\"><iframe class=\"embed-responsive-item\" src=\"\" id=\"video\" allowscriptaccess=\"always\" allow=\"autoplay\"><\/iframe><\/div><\/div><\/div><\/div><\/div><\/div><\/div>\n\n\n\n<section class=\"wp-block-cg-blocks-group undefined section section--article-content\"><div class=\"article-main-content\"><div class=\"container\"><div class=\"row\"><div class=\"col-12 col-md-11 col-lg-10 offset-md-1 offset-lg-1\"><div class=\"article-text article-quote-text\">\n<div class=\"wp-block-buttons is-layout-flex wp-block-buttons-is-layout-flex\">\n<div class=\"wp-block-button is-style-outline is-style-outline--1\"><a class=\"wp-block-button__link wp-element-button\" href=\"https:\/\/www.capgemini.com\/pl-pl\/kariera\/software-eng\/relocation-action\/\">English Version<\/a><\/div>\n<\/div>\n<\/div><\/div><\/div><\/div><\/div><\/section>\n\n\n\n<section class=\"wp-block-cg-blocks-group undefined section section--article-content\"><div class=\"article-main-content\"><div class=\"container\"><div class=\"row\"><div class=\"col-12 col-md-11 col-lg-10 offset-md-1 offset-lg-1\"><div class=\"article-text article-quote-text\">\n<h1 class=\"wp-block-heading\" id=\"h-akcja-relokacja\">AKCJA RELOKACJA<\/h1>\n\n\n\n<div style=\"height:30px\" aria-hidden=\"true\" class=\"wp-block-spacer\"><\/div>\n\n\n\n<p>Akcja Relokacja to bonus finansowy i dodatkowy pakiet benefit\u00f3w u\u0142atwiaj\u0105cy przeprowadzk\u0119 do <strong>Wroc\u0142awia<\/strong>, <strong>Poznania<\/strong> lub <strong>Gda\u0144ska<\/strong> z innego miasta w Polsce, czy zagranicy!<\/p>\n<\/div><\/div><\/div><\/div><\/div><\/section>\n\n\n\n<section class=\"wp-block-cg-blocks-group undefined section section--article-content\" id=\"quoteWrapper\"><div class=\"article-main-content\"><div class=\"container\"><div class=\"row\"><div class=\"col-12 col-md-11 col-lg-10 offset-md-1 offset-lg-1\"><div class=\"article-text article-quote-text\">\n\n<h2 class=\"wp-block-heading\" id=\"h-w-sklad-swiadczen-wchodza\">W sk\u0142ad \u015bwiadcze\u0144 wchodz\u0105:<\/h2>\n\n\n<div class=\"wp-block-columns is-layout-flex wp-container-core-columns-is-layout-28f84493 wp-block-columns-is-layout-flex\">\n\n<div class=\"wp-block-column is-layout-flow wp-block-column-is-layout-flow\">\n\n<h4 class=\"wp-block-heading\">Jednorazowy bonus finansowy&nbsp;w wysoko\u015bci:<\/h4>\n\n\n<ul class=\"wp-block-list\">\n\n<li>10 000 z\u0142otych brutto, u\u0142atwiaj\u0105cy przeprowadzk\u0119 na terenie Polski<\/li>\n\n<\/ul>\n\n\n<p>lub<\/p>\n\n\n<ul class=\"wp-block-list\">\n\n<li>14 500 z\u0142otych brutto dla os\u00f3b relokuj\u0105cych si\u0119 do Polski z zagranicy<\/li>\n\n<\/ul>\n\n<\/div>\n\n\n<div class=\"wp-block-column is-layout-flow wp-block-column-is-layout-flow\">\n\n<h4 class=\"wp-block-heading\">Dodatkowe \u015bwiadczenia:<\/h4>\n\n\n<ul class=\"wp-block-list\">\n\n<li>pomoc w uzyskaniu numeru PESEL,<\/li>\n\n\n<li>pomoc w otwarciu konta bankowego<\/li>\n\n\n<li>pomoc w znalezieniu mieszkania (linki do stron ze wskazanymi preferencjami kandydata\/pracownika co do wymog\u00f3w mieszkania),<\/li>\n\n\n<li>pomoc w znalezieniu przedszkola\/szko\u0142y dla dziecka obj\u0119tego obowi\u0105zkiem szkolnym zgodnie z polskimi przepisami.<\/li>\n\n<\/ul>\n\n<\/div>\n\n<\/div>\n\n\n<p><\/p>\n\n\n<div class=\"wp-block-columns is-not-stacked-on-mobile is-layout-flex wp-container-core-columns-is-layout-28f84493 wp-block-columns-is-layout-flex\">\n\n<div class=\"wp-block-column is-layout-flow wp-block-column-is-layout-flow\" style=\"flex-basis:50px\"><\/div>\n\n\n<div class=\"wp-block-column is-layout-flow wp-block-column-is-layout-flow\">\n\n<h4 class=\"wp-block-heading\">Pami\u0119taj, \u017ce z wybranych \u015bwiadcze\u0144 Akcji Relokacji mo\u017cesz jedynie skorzysta\u0107, je\u017celi Twoje aktualne miejsce zamieszkania jest oddalone co najmniej o 100 km (odleg\u0142o\u015b\u0107 mierzona w linii prostej ) od miejsca \u015bwiadczenia pracy okre\u015blonego w umowie o prac\u0119.<\/h4>\n\n<\/div>\n\n<\/div>\n\n<\/div><\/div><\/div><\/div><\/div><\/section>\n\n\n\n<section class=\"wp-block-cg-blocks-group undefined section section--article-content\"><div class=\"article-main-content\"><div class=\"container\"><div class=\"row\"><div class=\"col-12 col-md-11 col-lg-10 offset-md-1 offset-lg-1\"><div class=\"article-text article-quote-text\">\n<div class=\"wp-block-columns is-layout-flex wp-container-core-columns-is-layout-28f84493 wp-block-columns-is-layout-flex\">\n<div class=\"wp-block-column is-layout-flow wp-block-column-is-layout-flow\">\n<h4 class=\"wp-block-heading\">Warunki przyznania<\/h4>\n\n\n\n<p>Ch\u0119\u0107 skorzystania z pakietu relokacyjnego w ramach Akcji Relokacji nale\u017cy zg\u0142osi\u0107 w momencie przyjmowania oferty pracy w Capgemini (Manager przedstawi Ci wszystkie zasady zwi\u0105zane z przyznaniem bonusu).<\/p>\n<\/div>\n\n\n\n<div class=\"wp-block-column is-layout-flow wp-block-column-is-layout-flow\">\n<h4 class=\"wp-block-heading\">Masz pytania odno\u015bnie Relokacji?<\/h4>\n\n\n\n<p>Napisz do nas:<br><a href=\"mailto:rekrutacja.ssc.pl@capgemini.com\">rekrutacja.ssc.pl@capgemini.com<\/a><\/p>\n<\/div>\n<\/div>\n<\/div><\/div><\/div><\/div><\/div><\/section>\n","protected":false},"excerpt":{"rendered":"","protected":false},"author":413,"featured_media":0,"parent":898113,"menu_order":0,"comment_status":"closed","ping_status":"closed","template":"","meta":{"cg_dt_proposed_to":[],"cg_seo_hreflang_relations":"[]","cg_seo_canonical_relation":"","cg_seo_hreflang_x_default_relation":"{\"uuid\":\"5df6c2c3-961e-405b-8060-d8e13a863745\",\"blogId\":\"\",\"domain\":\"\",\"sitePath\":\"\",\"postLink\":\"\",\"postId\":null,\"isSaved\":true,\"isCrossLink\":false,\"hasCrossLink\":false}","cg_dt_approved_content":true,"cg_dt_mandatory_content":false,"cg_dt_notes":"","cg_dg_source_changed":false,"cg_dt_link_disabled":false,"_yoast_wpseo_primary_brand":"","footnotes":"","featured_focal_points":"","partner_card_description":"","gsap_animation":0},"brand":[],"partner_type":[],"service":[],"industry":[],"partners":[],"page-type":[],"content-group":[],"class_list":["post-898233","page","type-page","status-publish","hentry"],"yoast_head":"<!-- This site is optimized with the Yoast SEO Premium plugin v22.8 (Yoast SEO v22.8) - https:\/\/yoast.com\/wordpress\/plugins\/seo\/ -->\n<title>Akcja relokacja - Capgemini Poland<\/title>\n<meta name=\"robots\" content=\"index, follow, max-snippet:-1, max-image-preview:large, max-video-preview:-1\" \/>\n<link rel=\"canonical\" href=\"https:\/\/www.capgemini.com\/pl-pl\/kariera\/software\/akcja-relokacja\/\" \/>\n<meta property=\"og:locale\" content=\"pl_PL\" \/>\n<meta property=\"og:type\" content=\"article\" \/>\n<meta property=\"og:title\" content=\"Akcja relokacja\" \/>\n<meta property=\"og:url\" content=\"https:\/\/www.capgemini.com\/pl-pl\/kariera\/software\/akcja-relokacja\/\" \/>\n<meta property=\"og:site_name\" content=\"Capgemini Poland\" \/>\n<meta property=\"article:modified_time\" content=\"2025-03-12T05:02:37+00:00\" \/>\n<meta property=\"og:image\" content=\"https:\/\/prod.ucwe.capgemini.com\/pl-pl\/wp-content\/uploads\/sites\/27\/2023\/12\/shutterstock_1853590342-2048x539-1.webp\" \/>\n<meta name=\"twitter:card\" content=\"summary_large_image\" \/>\n<meta name=\"twitter:label1\" content=\"Est. reading time\" \/>\n\t<meta name=\"twitter:data1\" content=\"2 minutes\" \/>\n<script type=\"application\/ld+json\" class=\"yoast-schema-graph\">{\"@context\":\"https:\/\/schema.org\",\"@graph\":[{\"@type\":\"WebPage\",\"@id\":\"https:\/\/www.capgemini.com\/pl-pl\/kariera\/software\/akcja-relokacja\/\",\"url\":\"https:\/\/www.capgemini.com\/pl-pl\/kariera\/software\/akcja-relokacja\/\",\"name\":\"Akcja relokacja - Capgemini Poland\",\"isPartOf\":{\"@id\":\"https:\/\/www.capgemini.com\/pl-pl\/#website\"},\"primaryImageOfPage\":{\"@id\":\"https:\/\/www.capgemini.com\/pl-pl\/kariera\/software\/akcja-relokacja\/#primaryimage\"},\"image\":{\"@id\":\"https:\/\/www.capgemini.com\/pl-pl\/kariera\/software\/akcja-relokacja\/#primaryimage\"},\"thumbnailUrl\":\"https:\/\/www.capgemini.com\/pl-pl\/wp-content\/uploads\/sites\/27\/2023\/12\/shutterstock_1853590342-2048x539-1.webp\",\"datePublished\":\"2023-12-06T15:01:09+00:00\",\"dateModified\":\"2025-03-12T05:02:37+00:00\",\"breadcrumb\":{\"@id\":\"https:\/\/www.capgemini.com\/pl-pl\/kariera\/software\/akcja-relokacja\/#breadcrumb\"},\"inLanguage\":\"pl-PL\",\"potentialAction\":[{\"@type\":\"ReadAction\",\"target\":[\"https:\/\/www.capgemini.com\/pl-pl\/kariera\/software\/akcja-relokacja\/\"]}]},{\"@type\":\"ImageObject\",\"inLanguage\":\"pl-PL\",\"@id\":\"https:\/\/www.capgemini.com\/pl-pl\/kariera\/software\/akcja-relokacja\/#primaryimage\",\"url\":\"https:\/\/www.capgemini.com\/pl-pl\/wp-content\/uploads\/sites\/27\/2023\/12\/shutterstock_1853590342-2048x539-1.webp\",\"contentUrl\":\"https:\/\/www.capgemini.com\/pl-pl\/wp-content\/uploads\/sites\/27\/2023\/12\/shutterstock_1853590342-2048x539-1.webp\",\"width\":2048,\"height\":539},{\"@type\":\"BreadcrumbList\",\"@id\":\"https:\/\/www.capgemini.com\/pl-pl\/kariera\/software\/akcja-relokacja\/#breadcrumb\",\"itemListElement\":[{\"@type\":\"ListItem\",\"position\":1,\"name\":\"Home\",\"item\":\"https:\/\/www.capgemini.com\/pl-pl\/\"},{\"@type\":\"ListItem\",\"position\":2,\"name\":\"Kariera\",\"item\":\"https:\/\/www.capgemini.com\/pl-pl\/kariera\/\"},{\"@type\":\"ListItem\",\"position\":3,\"name\":\"Software\",\"item\":\"https:\/\/www.capgemini.com\/pl-pl\/kariera\/software\/\"},{\"@type\":\"ListItem\",\"position\":4,\"name\":\"Akcja relokacja\"}]},{\"@type\":\"WebSite\",\"@id\":\"https:\/\/www.capgemini.com\/pl-pl\/#website\",\"url\":\"https:\/\/www.capgemini.com\/pl-pl\/\",\"name\":\"Capgemini Polska\",\"description\":\"Capgemini\",\"potentialAction\":[{\"@type\":\"SearchAction\",\"target\":{\"@type\":\"EntryPoint\",\"urlTemplate\":\"https:\/\/www.capgemini.com\/pl-pl\/?s={search_term_string}\"},\"query-input\":\"required name=search_term_string\"}],\"inLanguage\":\"pl-PL\"}]}<\/script>\n<!-- \/ Yoast SEO Premium plugin. -->","yoast_head_json":{"title":"Akcja relokacja - Capgemini Poland","robots":{"index":"index","follow":"follow","max-snippet":"max-snippet:-1","max-image-preview":"max-image-preview:large","max-video-preview":"max-video-preview:-1"},"canonical":"https:\/\/www.capgemini.com\/pl-pl\/kariera\/software\/akcja-relokacja\/","og_locale":"pl_PL","og_type":"article","og_title":"Akcja relokacja","og_url":"https:\/\/www.capgemini.com\/pl-pl\/kariera\/software\/akcja-relokacja\/","og_site_name":"Capgemini Poland","article_modified_time":"2025-03-12T05:02:37+00:00","og_image":[{"url":"https:\/\/prod.ucwe.capgemini.com\/pl-pl\/wp-content\/uploads\/sites\/27\/2023\/12\/shutterstock_1853590342-2048x539-1.webp"}],"twitter_card":"summary_large_image","twitter_misc":{"Est. reading time":"2 minutes"},"schema":{"@context":"https:\/\/schema.org","@graph":[{"@type":"WebPage","@id":"https:\/\/www.capgemini.com\/pl-pl\/kariera\/software\/akcja-relokacja\/","url":"https:\/\/www.capgemini.com\/pl-pl\/kariera\/software\/akcja-relokacja\/","name":"Akcja relokacja - Capgemini Poland","isPartOf":{"@id":"https:\/\/www.capgemini.com\/pl-pl\/#website"},"primaryImageOfPage":{"@id":"https:\/\/www.capgemini.com\/pl-pl\/kariera\/software\/akcja-relokacja\/#primaryimage"},"image":{"@id":"https:\/\/www.capgemini.com\/pl-pl\/kariera\/software\/akcja-relokacja\/#primaryimage"},"thumbnailUrl":"https:\/\/www.capgemini.com\/pl-pl\/wp-content\/uploads\/sites\/27\/2023\/12\/shutterstock_1853590342-2048x539-1.webp","datePublished":"2023-12-06T15:01:09+00:00","dateModified":"2025-03-12T05:02:37+00:00","breadcrumb":{"@id":"https:\/\/www.capgemini.com\/pl-pl\/kariera\/software\/akcja-relokacja\/#breadcrumb"},"inLanguage":"pl-PL","potentialAction":[{"@type":"ReadAction","target":["https:\/\/www.capgemini.com\/pl-pl\/kariera\/software\/akcja-relokacja\/"]}]},{"@type":"ImageObject","inLanguage":"pl-PL","@id":"https:\/\/www.capgemini.com\/pl-pl\/kariera\/software\/akcja-relokacja\/#primaryimage","url":"https:\/\/www.capgemini.com\/pl-pl\/wp-content\/uploads\/sites\/27\/2023\/12\/shutterstock_1853590342-2048x539-1.webp","contentUrl":"https:\/\/www.capgemini.com\/pl-pl\/wp-content\/uploads\/sites\/27\/2023\/12\/shutterstock_1853590342-2048x539-1.webp","width":2048,"height":539},{"@type":"BreadcrumbList","@id":"https:\/\/www.capgemini.com\/pl-pl\/kariera\/software\/akcja-relokacja\/#breadcrumb","itemListElement":[{"@type":"ListItem","position":1,"name":"Home","item":"https:\/\/www.capgemini.com\/pl-pl\/"},{"@type":"ListItem","position":2,"name":"Kariera","item":"https:\/\/www.capgemini.com\/pl-pl\/kariera\/"},{"@type":"ListItem","position":3,"name":"Software","item":"https:\/\/www.capgemini.com\/pl-pl\/kariera\/software\/"},{"@type":"ListItem","position":4,"name":"Akcja relokacja"}]},{"@type":"WebSite","@id":"https:\/\/www.capgemini.com\/pl-pl\/#website","url":"https:\/\/www.capgemini.com\/pl-pl\/","name":"Capgemini Polska","description":"Capgemini","potentialAction":[{"@type":"SearchAction","target":{"@type":"EntryPoint","urlTemplate":"https:\/\/www.capgemini.com\/pl-pl\/?s={search_term_string}"},"query-input":"required name=search_term_string"}],"inLanguage":"pl-PL"}]}},"brand_term":[],"parsely":{"version":"1.1.0","canonical_url":"https:\/\/capgemini.com\/pl-pl\/kariera\/software\/akcja-relokacja\/","smart_links":{"inbound":0,"outbound":0},"traffic_boost_suggestions_count":0,"meta":{"@context":"https:\/\/schema.org","@type":"WebPage","headline":"Akcja relokacja","url":"https:\/\/www.capgemini.com\/pl-pl\/kariera\/software\/akcja-relokacja\/","mainEntityOfPage":{"@type":"WebPage","@id":"https:\/\/www.capgemini.com\/pl-pl\/kariera\/software\/akcja-relokacja\/"},"thumbnailUrl":"","image":{"@type":"ImageObject","url":""},"articleSection":"Uncategorized","author":[],"creator":[],"publisher":{"@type":"Organization","name":"Capgemini Poland","logo":""},"keywords":[],"dateCreated":"2023-12-06T15:01:09Z","datePublished":"2023-12-06T15:01:09Z","dateModified":"2025-03-12T05:02:37Z"},"rendered":"<meta name=\"parsely-title\" content=\"Akcja relokacja\" \/>\n<meta name=\"parsely-link\" content=\"https:\/\/www.capgemini.com\/pl-pl\/kariera\/software\/akcja-relokacja\/\" \/>\n<meta name=\"parsely-type\" content=\"index\" \/>\n<meta name=\"parsely-pub-date\" content=\"2023-12-06T15:01:09Z\" \/>\n<meta name=\"parsely-section\" content=\"Uncategorized\" \/>","tracker_url":"https:\/\/cdn.parsely.com\/keys\/capgemini.com\/p.js"},"archive_status":false,"featured_image_src":"https:\/\/www.capgemini.com\/pl-pl\/wp-content\/themes\/capgemini2025\/assets\/images\/mockup.png","featured_image_alt":false,"jetpack_sharing_enabled":true,"distributor_meta":false,"distributor_terms":false,"distributor_media":false,"distributor_original_site_name":"Capgemini Poland","distributor_original_site_url":"https:\/\/www.capgemini.com\/pl-pl","push-errors":false,"_links":{"self":[{"href":"https:\/\/www.capgemini.com\/pl-pl\/wp-json\/wp\/v2\/pages\/898233","targetHints":{"allow":["GET"]}}],"collection":[{"href":"https:\/\/www.capgemini.com\/pl-pl\/wp-json\/wp\/v2\/pages"}],"about":[{"href":"https:\/\/www.capgemini.com\/pl-pl\/wp-json\/wp\/v2\/types\/page"}],"author":[{"embeddable":true,"href":"https:\/\/www.capgemini.com\/pl-pl\/wp-json\/wp\/v2\/users\/413"}],"replies":[{"embeddable":true,"href":"https:\/\/www.capgemini.com\/pl-pl\/wp-json\/wp\/v2\/comments?post=898233"}],"version-history":[{"count":20,"href":"https:\/\/www.capgemini.com\/pl-pl\/wp-json\/wp\/v2\/pages\/898233\/revisions"}],"predecessor-version":[{"id":909001,"href":"https:\/\/www.capgemini.com\/pl-pl\/wp-json\/wp\/v2\/pages\/898233\/revisions\/909001"}],"up":[{"embeddable":true,"href":"https:\/\/www.capgemini.com\/pl-pl\/wp-json\/wp\/v2\/pages\/898113"}],"wp:attachment":[{"href":"https:\/\/www.capgemini.com\/pl-pl\/wp-json\/wp\/v2\/media?parent=898233"}],"wp:term":[{"taxonomy":"brand","embeddable":true,"href":"https:\/\/www.capgemini.com\/pl-pl\/wp-json\/wp\/v2\/brand?post=898233"},{"taxonomy":"partner_type","embeddable":true,"href":"https:\/\/www.capgemini.com\/pl-pl\/wp-json\/wp\/v2\/partner_type?post=898233"},{"taxonomy":"service","embeddable":true,"href":"https:\/\/www.capgemini.com\/pl-pl\/wp-json\/wp\/v2\/service?post=898233"},{"taxonomy":"industry","embeddable":true,"href":"https:\/\/www.capgemini.com\/pl-pl\/wp-json\/wp\/v2\/industry?post=898233"},{"taxonomy":"partners","embeddable":true,"href":"https:\/\/www.capgemini.com\/pl-pl\/wp-json\/wp\/v2\/partners?post=898233"},{"taxonomy":"page-type","embeddable":true,"href":"https:\/\/www.capgemini.com\/pl-pl\/wp-json\/wp\/v2\/page-type?post=898233"},{"taxonomy":"content-group","embeddable":true,"href":"https:\/\/www.capgemini.com\/pl-pl\/wp-json\/wp\/v2\/content-group?post=898233"}],"curies":[{"name":"wp","href":"https:\/\/api.w.org\/{rel}","templated":true}]}}