{"id":897620,"date":"2023-11-08T10:08:57","date_gmt":"2023-11-08T10:08:57","guid":{"rendered":"https:\/\/www.capgemini.com\/pl-pl\/?page_id=897620"},"modified":"2025-08-27T09:12:47","modified_gmt":"2025-08-27T09:12:47","slug":"s02e07-cyfrowa-samotnosc","status":"publish","type":"page","link":"https:\/\/www.capgemini.com\/pl-pl\/kariera\/dlaczego-capgemini\/benefity-i-wellbeing\/wellbeing\/podcast-lets-talk-about-wellbeing\/s02e07-cyfrowa-samotnosc\/","title":{"rendered":"S02E07 &#8211; Cyfrowa samotno\u015b\u0107"},"content":{"rendered":"\n<div class=\"wp-block-cg-blocks-hero-picture-card undefined  heroPictureCard\"><div class=\"heroPictureCardBgs\"><picture><source srcset=\"https:\/\/www.capgemini.com\/pl-pl\/wp-content\/uploads\/sites\/27\/2023\/11\/Banery-strona-43.png?w=2880&amp;quality=70 1x, https:\/\/www.capgemini.com\/pl-pl\/wp-content\/uploads\/sites\/27\/2023\/11\/Banery-strona-43.png?w=2880&amp;quality=70 2x\" media=\"(min-width: 1500px)\"\/><source srcset=\"https:\/\/www.capgemini.com\/pl-pl\/wp-content\/uploads\/sites\/27\/2023\/11\/Banery-strona-43.png?w=1440&amp;quality=70 1x, https:\/\/www.capgemini.com\/pl-pl\/wp-content\/uploads\/sites\/27\/2023\/11\/Banery-strona-43.png?w=2880&amp;quality=70 2x\" media=\"(min-width: 992px)\"\/><source srcset=\"https:\/\/www.capgemini.com\/pl-pl\/wp-content\/uploads\/sites\/27\/2023\/11\/Banery-strona-43.png?w=1024&amp;quality=70 1x, https:\/\/www.capgemini.com\/pl-pl\/wp-content\/uploads\/sites\/27\/2023\/11\/Banery-strona-43.png?w=1024&amp;quality=70 2x\" media=\"(min-width: 768px)\"\/><source srcset=\"https:\/\/www.capgemini.com\/pl-pl\/wp-content\/uploads\/sites\/27\/2023\/11\/Banery-strona-43.png?w=768&amp;quality=70 1x, https:\/\/www.capgemini.com\/pl-pl\/wp-content\/uploads\/sites\/27\/2023\/11\/Banery-strona-43.png?w=768&amp;quality=70 2x\" media=\"(min-width: 0)\"\/><img decoding=\"async\" src=\"https:\/\/www.capgemini.com\/pl-pl\/wp-content\/uploads\/sites\/27\/2023\/11\/Banery-strona-43.png\" class=\"desktopImage\" alt=\"\" style=\"object-fit:cover;object-position:53% 38%\" loading=\"eager\"\/><\/picture><picture><source srcset=\"https:\/\/www.capgemini.com\/pl-pl\/wp-content\/uploads\/sites\/27\/2023\/11\/Banery-strona-43.png?w=2880&amp;quality=70 1x, https:\/\/www.capgemini.com\/pl-pl\/wp-content\/uploads\/sites\/27\/2023\/11\/Banery-strona-43.png?w=2880&amp;quality=70 2x\" media=\"(min-width: 1500px)\"\/><source srcset=\"https:\/\/www.capgemini.com\/pl-pl\/wp-content\/uploads\/sites\/27\/2023\/11\/Banery-strona-43.png?w=1440&amp;quality=70 1x, https:\/\/www.capgemini.com\/pl-pl\/wp-content\/uploads\/sites\/27\/2023\/11\/Banery-strona-43.png?w=2880&amp;quality=70 2x\" media=\"(min-width: 992px)\"\/><source srcset=\"https:\/\/www.capgemini.com\/pl-pl\/wp-content\/uploads\/sites\/27\/2023\/11\/Banery-strona-43.png?w=1024&amp;quality=70 1x, https:\/\/www.capgemini.com\/pl-pl\/wp-content\/uploads\/sites\/27\/2023\/11\/Banery-strona-43.png?w=1024&amp;quality=70 2x\" media=\"(min-width: 768px)\"\/><source srcset=\"https:\/\/www.capgemini.com\/pl-pl\/wp-content\/uploads\/sites\/27\/2023\/11\/Banery-strona-43.png?w=768&amp;quality=70 1x, https:\/\/www.capgemini.com\/pl-pl\/wp-content\/uploads\/sites\/27\/2023\/11\/Banery-strona-43.png?w=768&amp;quality=70 2x\" media=\"(min-width: 0)\"\/><img decoding=\"async\" src=\"https:\/\/www.capgemini.com\/pl-pl\/wp-content\/uploads\/sites\/27\/2023\/11\/Banery-strona-43.png\" class=\"mobileImage\" alt=\"\" style=\"object-fit:cover;object-position:53% 38%\" loading=\"eager\"\/><\/picture><\/div><div class=\"heroPictureCardHeaderShape\"><\/div><div class=\"container\"><div class=\"row\"><div class=\"col-md-8 col-lg-6\"><div class=\"heroPictureCardBox\"><div class=\"heroPictureCardBoxTitle\"><h1 data-maxlength=\"144\">Podcast let&#8217;s talk about wellbeing S02E07<\/h1><\/div><\/div><\/div><\/div><\/div><div class=\"small-device\"><div class=\"brandLogoWrapper\"> <\/div><\/div><\/div>\n\n\n\n<section class=\"wp-block-cg-blocks-group undefined section section--article-content\"><div class=\"article-main-content\"><div class=\"container\"><div class=\"row\"><div class=\"col-12 col-md-1\"><nav class=\"article-social\"><ul class=\"social-nav\"><li class=\"ip-order-fb\"><a href=\"https:\/\/www.facebook.com\/sharer\/sharer.php?u=https:\/\/www.capgemini.com\/pl-pl\/?page_id=894492\" target=\"_blank\" rel=\"noopener noreferrer\" title=\"opens in a new window\"><i aria-hidden=\"true\" class=\"icon-fb\"><\/i><span class=\"sr-only\">Facebook<\/span><\/a><\/li><li class=\"ip-order-tw\"><a href=\"https:\/\/twitter.com\/intent\/tweet?url=https:\/\/www.capgemini.com\/pl-pl\/?page_id=894492&amp;text=\" target=\"_blank\" rel=\"noopener noreferrer\" title=\"opens in a new window\"><i aria-hidden=\"true\" class=\"icon-tw\"><\/i><span class=\"sr-only\">Twitter<\/span><\/a><\/li><li class=\"ip-order-li\"><a href=\"https:\/\/www.linkedin.com\/sharing\/share-offsite\/?url=https:\/\/www.capgemini.com\/pl-pl\/?page_id=894492&amp;text=\" target=\"_blank\" rel=\"noopener noreferrer\" title=\"opens in a new window\"><i aria-hidden=\"true\" class=\"icon-li\"><\/i><span class=\"sr-only\">Linkedin<\/span><\/a><\/li><\/ul><\/nav><\/div><div class=\"col-12 col-md-11 col-lg-10\"><div class=\"article-text article-quote-text\">\n<h2 class=\"wp-block-heading\" id=\"h-odcinek-7-nbsp-cyfrowa-samotnosc-jako-choroba-xxi-wieku\">Odcinek 7 &#8211;<strong>&nbsp;Cyfrowa samotno\u015b\u0107 jako choroba XXI wieku<\/strong><\/h2>\n\n\n\n<p>W XXI wieku stajemy przed wyzwaniami, z kt\u00f3rymi nigdy wcze\u015bniej ludzko\u015b\u0107 nie musia\u0142a si\u0119 mierzy\u0107. \u015awiat VUCA i BANI, cyfryzacja niemal ka\u017cdego aspektu funkcjonowania cz\u0142owieka, rozp\u0119dzone do granic mo\u017cliwo\u015bci tempo \u017cycia &#8211; to wszystko sprawia, \u017ce pomimo mo\u017cliwo\u015bci dost\u0119pu do dowolnego cz\u0142owieka na \u015bwiecie w dowolnym czasie czujemy si\u0119 coraz bardziej samotni. A kolejne przeszkody, z kt\u00f3rymi musimy sobie radzi\u0107 coraz mocniej wp\u0142ywaj\u0105 na stan naszego zdrowia psychicznego.<\/p>\n\n\n\n<h4 class=\"wp-block-heading\" id=\"h-zapraszamy-do-sluchania\"><strong>Zapraszamy do s\u0142uchania!<\/strong><\/h4>\n\n\n\n<figure class=\"wp-block-embed is-type-rich is-provider-spotify wp-block-embed-spotify wp-embed-aspect-21-9 wp-has-aspect-ratio\"><div class=\"wp-block-embed__wrapper\">\n<iframe title=\"Spotify Embed: Cyfrowa samotno\u015b\u0107 jako choroba XXI wieku\" style=\"border-radius: 12px\" width=\"100%\" height=\"152\" frameborder=\"0\" allowfullscreen allow=\"autoplay; clipboard-write; encrypted-media; fullscreen; picture-in-picture\" loading=\"lazy\" src=\"https:\/\/open.spotify.com\/embed\/episode\/67PwoLpQ5Wr3gqvzH4tGfY?utm_source=oembed\"><\/iframe>\n<\/div><\/figure>\n\n\n\n<div class=\"wp-block-buttons is-layout-flex wp-block-buttons-is-layout-flex\">\n<div class=\"wp-block-button is-style-outline is-style-outline--1\"><a class=\"wp-block-button__link wp-element-button\" href=\"https:\/\/open.spotify.com\/episode\/67PwoLpQ5Wr3gqvzH4tGfY\">Spotify<\/a><\/div>\n\n\n\n<div class=\"wp-block-button is-style-outline is-style-outline--2\"><a class=\"wp-block-button__link wp-element-button\" href=\"https:\/\/podcasts.apple.com\/us\/podcast\/cyfrowa-samotno%C5%9B%C4%87-jako-choroba-xxi-wieku\/id1503394674?i=1000633940204\">Apple Podcast<\/a><\/div>\n<\/div>\n\n\n\n<div style=\"height:57px\" aria-hidden=\"true\" class=\"wp-block-spacer\"><\/div>\n\n\n\n<h3 class=\"wp-block-heading\">W dzisiejszej odcinku odkrywamy:<\/h3>\n\n\n\n<ul class=\"wp-block-list\">\n<li>dlaczego poczucie samotno\u015bci staje si\u0119 niepokoj\u0105cym trendem wsp\u00f3\u0142czesnego spo\u0142ecze\u0144stwa?<\/li>\n\n\n\n<li>jak cyfryzacja wp\u0142ywa na to, \u017ce czujemy si\u0119 coraz bardziej samotni?<\/li>\n\n\n\n<li>jak \u201ckultura bycia zaj\u0119tym\u201d sprawia, \u017ce permanentnie brakuje nam czasu?<\/li>\n\n\n\n<li>czym jest, a czym nie jest odporno\u015b\u0107 psychiczna?<\/li>\n\n\n\n<li>dlaczego coraz wi\u0119cej z nas cierpi na depresj\u0119 i jak sobie z ni\u0105 poradzi\u0107?<\/li>\n<\/ul>\n\n\n\n<p><\/p>\n\n\n\n<h3 class=\"wp-block-heading\">Go\u015bcinie odcinka:<\/h3>\n\n\n\n<p>Maria Jankowska &#8211; specjalistka ds. bada\u0144 spo\u0142ecznych w Instytucie Pokolenia. Absolwentka Socjologii i nauk politycznych. Przez blisko 15 lat zaanga\u017cowana w organizacj\u0119 program\u00f3w stypendialnych dla uczni\u00f3w i student\u00f3w. Pomys\u0142odawczyni i koordynatorka projekt\u00f3w spo\u0142eczno-kulturalnych skierowanych do m\u0142odzie\u017cy, m.in.:&nbsp; Powiedz TAK Polsce; Akademia Patriotyzmu, Poszukiwacze skarbu Jana Paw\u0142a II, Gra o Wolno\u015b\u0107. Laureatka Warszawskiej Nagrody Edukacji Kulturalnej 2022 za realizacj\u0119 projektu Rozbroi\u0107 strach.<\/p>\n\n\n\n<p>Magdalena Bigaj &#8211; edukatorka higieny cyfrowej i profilaktyki e-uzale\u017cnie\u0144, tw\u00f3rczyni i prezeska Fundacji Instytut Cyfrowego Obywatelstwa. Medioznawczyni, badaczka i dzia\u0142aczka spo\u0142eczna. Niegdy\u015b ekspertka Ministerstwa Cyfryzacji ds. Bezpiecze\u0144stwa Dzieci i M\u0142odzie\u017cy w Internecie, cz\u0142onkini Parlamentarnego Zespo\u0142u ds. Cyberbezpiecze\u0144stwa Dzieci oraz wiceprezeska Fundacji Dbam o M\u00f3j Zasi\u0119g. Umieszczona na li\u015bcie 100 Kobiet Roku 2022 przez magazyn \u201eForbes Woman\u201d. Autorka ksi\u0105\u017cki \u201cWychowanie przy ekranie\u201d.<\/p>\n\n\n\n<p>Anna Ukalska &#8211; Certyfikowana psychoterapeutka, HR Doradczyni, Dyrektorka i Managerka. Pracuje w nurcie psychoterapii gestaltowskiej z elementami terapii poznawczej i systemowej. Jest mi\u0142o\u015bniczk\u0105 ludzi, niepoprawn\u0105 optymistk\u0105 i prawdziw\u0105 szcz\u0119\u015bciar\u0105. W \u015bwiat niesie wiar\u0119 w to, \u017ce fakty i zdarzenia s\u0105 przyjazne, \u017ce z ka\u017cdej sytuacji jest jakie\u015b wyj\u015bcie, \u017ce ma\u0142e kroki daj\u0105 wielkie rezultaty i \u017ce wdzi\u0119czno\u015b\u0107 jest kluczowym fundamentem szcz\u0119\u015bcia.<\/p>\n\n\n\n<p>Prowadz\u0105ca podcast: Katarzyna Smuda, Healthy Workplace Lead w Capgemini Polska.<\/p>\n\n\n\n<p>Podcast Capgemini Polska<\/p>\n\n\n\n<p>Produkcja: Cleverhearted Showrunners<\/p>\n\n\n\n<p>Dowiedz si\u0119 wi\u0119cej o nas na: <a href=\"https:\/\/www.capgemini.com\/pl-pl\/kariera\/dlaczego-capgemini\/\">https:\/\/www.capgemini.com\/pl-pl\/kariera\/dlaczego-capgemini\/<\/a><\/p>\n\n\n\n<p>Je\u015bli masz jakie\u015b pytania z obszaru wellbeingu napisz do nas na adres: <a href=\"mailto:wellbeing.pl@capgemini.com\">wellbeing.pl@capgemini.com<\/a><\/p>\n<\/div><\/div><\/div><\/div><\/div><\/section>\n","protected":false},"excerpt":{"rendered":"","protected":false},"author":413,"featured_media":897626,"parent":699624,"menu_order":0,"comment_status":"closed","ping_status":"closed","template":"","meta":{"cg_dt_proposed_to":[],"cg_seo_hreflang_relations":"[]","cg_seo_canonical_relation":"","cg_seo_hreflang_x_default_relation":"{\"uuid\":\"cf5a23b2-e99b-4376-a783-56591fc36fec\",\"blogId\":\"\",\"domain\":\"\",\"sitePath\":\"\",\"postLink\":\"\",\"postId\":null,\"isSaved\":true,\"isCrossLink\":false,\"hasCrossLink\":false}","cg_dt_approved_content":true,"cg_dt_mandatory_content":false,"cg_dt_notes":"","cg_dg_source_changed":false,"cg_dt_link_disabled":false,"_yoast_wpseo_primary_brand":"","footnotes":"","featured_focal_points":"","partner_card_description":"","gsap_animation":0},"brand":[],"partner_type":[],"service":[],"industry":[],"partners":[],"page-type":[],"content-group":[],"class_list":["post-897620","page","type-page","status-publish","has-post-thumbnail","hentry"],"yoast_head":"<!-- This site is optimized with the Yoast SEO Premium plugin v22.8 (Yoast SEO v22.8) - https:\/\/yoast.com\/wordpress\/plugins\/seo\/ -->\n<title>S02E07 - Cyfrowa samotno\u015b\u0107 - Capgemini Poland<\/title>\n<meta name=\"robots\" content=\"index, follow, max-snippet:-1, max-image-preview:large, max-video-preview:-1\" \/>\n<link rel=\"canonical\" href=\"https:\/\/www.capgemini.com\/pl-pl\/kariera\/dlaczego-capgemini\/benefity-i-wellbeing\/wellbeing\/podcast-lets-talk-about-wellbeing\/s02e07-cyfrowa-samotnosc\/\" \/>\n<meta property=\"og:locale\" content=\"pl_PL\" \/>\n<meta property=\"og:type\" content=\"article\" \/>\n<meta property=\"og:title\" content=\"S02E07 - Cyfrowa samotno\u015b\u0107\" \/>\n<meta property=\"og:url\" content=\"https:\/\/www.capgemini.com\/pl-pl\/kariera\/dlaczego-capgemini\/benefity-i-wellbeing\/wellbeing\/podcast-lets-talk-about-wellbeing\/s02e07-cyfrowa-samotnosc\/\" \/>\n<meta property=\"og:site_name\" content=\"Capgemini Poland\" \/>\n<meta property=\"article:modified_time\" content=\"2025-08-27T09:12:47+00:00\" \/>\n<meta property=\"og:image\" content=\"https:\/\/www.capgemini.com\/pl-pl\/wp-content\/uploads\/sites\/27\/2023\/11\/Banery-strona-43.png\" \/>\n\t<meta property=\"og:image:width\" content=\"1800\" \/>\n\t<meta property=\"og:image:height\" content=\"900\" \/>\n\t<meta property=\"og:image:type\" content=\"image\/png\" \/>\n<meta name=\"twitter:card\" content=\"summary_large_image\" \/>\n<meta name=\"twitter:label1\" content=\"Est. reading time\" \/>\n\t<meta name=\"twitter:data1\" content=\"3 minutes\" \/>\n<script type=\"application\/ld+json\" class=\"yoast-schema-graph\">{\"@context\":\"https:\/\/schema.org\",\"@graph\":[{\"@type\":\"WebPage\",\"@id\":\"https:\/\/www.capgemini.com\/pl-pl\/kariera\/dlaczego-capgemini\/benefity-i-wellbeing\/wellbeing\/podcast-lets-talk-about-wellbeing\/s02e07-cyfrowa-samotnosc\/\",\"url\":\"https:\/\/www.capgemini.com\/pl-pl\/kariera\/dlaczego-capgemini\/benefity-i-wellbeing\/wellbeing\/podcast-lets-talk-about-wellbeing\/s02e07-cyfrowa-samotnosc\/\",\"name\":\"S02E07 - Cyfrowa samotno\u015b\u0107 - Capgemini Poland\",\"isPartOf\":{\"@id\":\"https:\/\/www.capgemini.com\/pl-pl\/#website\"},\"primaryImageOfPage\":{\"@id\":\"https:\/\/www.capgemini.com\/pl-pl\/kariera\/dlaczego-capgemini\/benefity-i-wellbeing\/wellbeing\/podcast-lets-talk-about-wellbeing\/s02e07-cyfrowa-samotnosc\/#primaryimage\"},\"image\":{\"@id\":\"https:\/\/www.capgemini.com\/pl-pl\/kariera\/dlaczego-capgemini\/benefity-i-wellbeing\/wellbeing\/podcast-lets-talk-about-wellbeing\/s02e07-cyfrowa-samotnosc\/#primaryimage\"},\"thumbnailUrl\":\"https:\/\/www.capgemini.com\/pl-pl\/wp-content\/uploads\/sites\/27\/2023\/11\/Banery-strona-43.png\",\"datePublished\":\"2023-11-08T10:08:57+00:00\",\"dateModified\":\"2025-08-27T09:12:47+00:00\",\"breadcrumb\":{\"@id\":\"https:\/\/www.capgemini.com\/pl-pl\/kariera\/dlaczego-capgemini\/benefity-i-wellbeing\/wellbeing\/podcast-lets-talk-about-wellbeing\/s02e07-cyfrowa-samotnosc\/#breadcrumb\"},\"inLanguage\":\"pl-PL\",\"potentialAction\":[{\"@type\":\"ReadAction\",\"target\":[\"https:\/\/www.capgemini.com\/pl-pl\/kariera\/dlaczego-capgemini\/benefity-i-wellbeing\/wellbeing\/podcast-lets-talk-about-wellbeing\/s02e07-cyfrowa-samotnosc\/\"]}]},{\"@type\":\"ImageObject\",\"inLanguage\":\"pl-PL\",\"@id\":\"https:\/\/www.capgemini.com\/pl-pl\/kariera\/dlaczego-capgemini\/benefity-i-wellbeing\/wellbeing\/podcast-lets-talk-about-wellbeing\/s02e07-cyfrowa-samotnosc\/#primaryimage\",\"url\":\"https:\/\/www.capgemini.com\/pl-pl\/wp-content\/uploads\/sites\/27\/2023\/11\/Banery-strona-43.png\",\"contentUrl\":\"https:\/\/www.capgemini.com\/pl-pl\/wp-content\/uploads\/sites\/27\/2023\/11\/Banery-strona-43.png\",\"width\":1800,\"height\":900},{\"@type\":\"BreadcrumbList\",\"@id\":\"https:\/\/www.capgemini.com\/pl-pl\/kariera\/dlaczego-capgemini\/benefity-i-wellbeing\/wellbeing\/podcast-lets-talk-about-wellbeing\/s02e07-cyfrowa-samotnosc\/#breadcrumb\",\"itemListElement\":[{\"@type\":\"ListItem\",\"position\":1,\"name\":\"Home\",\"item\":\"https:\/\/www.capgemini.com\/pl-pl\/\"},{\"@type\":\"ListItem\",\"position\":2,\"name\":\"Kariera\",\"item\":\"https:\/\/www.capgemini.com\/pl-pl\/kariera\/\"},{\"@type\":\"ListItem\",\"position\":3,\"name\":\"Dlaczego Capgemini\",\"item\":\"https:\/\/www.capgemini.com\/pl-pl\/kariera\/dlaczego-capgemini\/\"},{\"@type\":\"ListItem\",\"position\":4,\"name\":\"Benefity i wellbeing\",\"item\":\"https:\/\/www.capgemini.com\/pl-pl\/kariera\/dlaczego-capgemini\/benefits-and-wellbeing\/\"},{\"@type\":\"ListItem\",\"position\":5,\"name\":\"Wellbeing\",\"item\":\"https:\/\/www.capgemini.com\/pl-pl\/kariera\/dlaczego-capgemini\/benefity-i-wellbeing\/wellbeing\/\"},{\"@type\":\"ListItem\",\"position\":6,\"name\":\"Podcast: Let\u2019s talk about wellbeing\",\"item\":\"https:\/\/www.capgemini.com\/pl-pl\/kariera\/dlaczego-capgemini\/benefity-i-wellbeing\/wellbeing\/podcast-lets-talk-about-wellbeing\/\"},{\"@type\":\"ListItem\",\"position\":7,\"name\":\"S02E07 &#8211; Cyfrowa samotno\u015b\u0107\"}]},{\"@type\":\"WebSite\",\"@id\":\"https:\/\/www.capgemini.com\/pl-pl\/#website\",\"url\":\"https:\/\/www.capgemini.com\/pl-pl\/\",\"name\":\"Capgemini Polska\",\"description\":\"Capgemini\",\"potentialAction\":[{\"@type\":\"SearchAction\",\"target\":{\"@type\":\"EntryPoint\",\"urlTemplate\":\"https:\/\/www.capgemini.com\/pl-pl\/?s={search_term_string}\"},\"query-input\":\"required name=search_term_string\"}],\"inLanguage\":\"pl-PL\"}]}<\/script>\n<!-- \/ Yoast SEO Premium plugin. -->","yoast_head_json":{"title":"S02E07 - Cyfrowa samotno\u015b\u0107 - Capgemini Poland","robots":{"index":"index","follow":"follow","max-snippet":"max-snippet:-1","max-image-preview":"max-image-preview:large","max-video-preview":"max-video-preview:-1"},"canonical":"https:\/\/www.capgemini.com\/pl-pl\/kariera\/dlaczego-capgemini\/benefity-i-wellbeing\/wellbeing\/podcast-lets-talk-about-wellbeing\/s02e07-cyfrowa-samotnosc\/","og_locale":"pl_PL","og_type":"article","og_title":"S02E07 - Cyfrowa samotno\u015b\u0107","og_url":"https:\/\/www.capgemini.com\/pl-pl\/kariera\/dlaczego-capgemini\/benefity-i-wellbeing\/wellbeing\/podcast-lets-talk-about-wellbeing\/s02e07-cyfrowa-samotnosc\/","og_site_name":"Capgemini Poland","article_modified_time":"2025-08-27T09:12:47+00:00","og_image":[{"width":1800,"height":900,"url":"https:\/\/www.capgemini.com\/pl-pl\/wp-content\/uploads\/sites\/27\/2023\/11\/Banery-strona-43.png","type":"image\/png"}],"twitter_card":"summary_large_image","twitter_misc":{"Est. reading time":"3 minutes"},"schema":{"@context":"https:\/\/schema.org","@graph":[{"@type":"WebPage","@id":"https:\/\/www.capgemini.com\/pl-pl\/kariera\/dlaczego-capgemini\/benefity-i-wellbeing\/wellbeing\/podcast-lets-talk-about-wellbeing\/s02e07-cyfrowa-samotnosc\/","url":"https:\/\/www.capgemini.com\/pl-pl\/kariera\/dlaczego-capgemini\/benefity-i-wellbeing\/wellbeing\/podcast-lets-talk-about-wellbeing\/s02e07-cyfrowa-samotnosc\/","name":"S02E07 - Cyfrowa samotno\u015b\u0107 - Capgemini Poland","isPartOf":{"@id":"https:\/\/www.capgemini.com\/pl-pl\/#website"},"primaryImageOfPage":{"@id":"https:\/\/www.capgemini.com\/pl-pl\/kariera\/dlaczego-capgemini\/benefity-i-wellbeing\/wellbeing\/podcast-lets-talk-about-wellbeing\/s02e07-cyfrowa-samotnosc\/#primaryimage"},"image":{"@id":"https:\/\/www.capgemini.com\/pl-pl\/kariera\/dlaczego-capgemini\/benefity-i-wellbeing\/wellbeing\/podcast-lets-talk-about-wellbeing\/s02e07-cyfrowa-samotnosc\/#primaryimage"},"thumbnailUrl":"https:\/\/www.capgemini.com\/pl-pl\/wp-content\/uploads\/sites\/27\/2023\/11\/Banery-strona-43.png","datePublished":"2023-11-08T10:08:57+00:00","dateModified":"2025-08-27T09:12:47+00:00","breadcrumb":{"@id":"https:\/\/www.capgemini.com\/pl-pl\/kariera\/dlaczego-capgemini\/benefity-i-wellbeing\/wellbeing\/podcast-lets-talk-about-wellbeing\/s02e07-cyfrowa-samotnosc\/#breadcrumb"},"inLanguage":"pl-PL","potentialAction":[{"@type":"ReadAction","target":["https:\/\/www.capgemini.com\/pl-pl\/kariera\/dlaczego-capgemini\/benefity-i-wellbeing\/wellbeing\/podcast-lets-talk-about-wellbeing\/s02e07-cyfrowa-samotnosc\/"]}]},{"@type":"ImageObject","inLanguage":"pl-PL","@id":"https:\/\/www.capgemini.com\/pl-pl\/kariera\/dlaczego-capgemini\/benefity-i-wellbeing\/wellbeing\/podcast-lets-talk-about-wellbeing\/s02e07-cyfrowa-samotnosc\/#primaryimage","url":"https:\/\/www.capgemini.com\/pl-pl\/wp-content\/uploads\/sites\/27\/2023\/11\/Banery-strona-43.png","contentUrl":"https:\/\/www.capgemini.com\/pl-pl\/wp-content\/uploads\/sites\/27\/2023\/11\/Banery-strona-43.png","width":1800,"height":900},{"@type":"BreadcrumbList","@id":"https:\/\/www.capgemini.com\/pl-pl\/kariera\/dlaczego-capgemini\/benefity-i-wellbeing\/wellbeing\/podcast-lets-talk-about-wellbeing\/s02e07-cyfrowa-samotnosc\/#breadcrumb","itemListElement":[{"@type":"ListItem","position":1,"name":"Home","item":"https:\/\/www.capgemini.com\/pl-pl\/"},{"@type":"ListItem","position":2,"name":"Kariera","item":"https:\/\/www.capgemini.com\/pl-pl\/kariera\/"},{"@type":"ListItem","position":3,"name":"Dlaczego Capgemini","item":"https:\/\/www.capgemini.com\/pl-pl\/kariera\/dlaczego-capgemini\/"},{"@type":"ListItem","position":4,"name":"Benefity i wellbeing","item":"https:\/\/www.capgemini.com\/pl-pl\/kariera\/dlaczego-capgemini\/benefits-and-wellbeing\/"},{"@type":"ListItem","position":5,"name":"Wellbeing","item":"https:\/\/www.capgemini.com\/pl-pl\/kariera\/dlaczego-capgemini\/benefity-i-wellbeing\/wellbeing\/"},{"@type":"ListItem","position":6,"name":"Podcast: Let\u2019s talk about wellbeing","item":"https:\/\/www.capgemini.com\/pl-pl\/kariera\/dlaczego-capgemini\/benefity-i-wellbeing\/wellbeing\/podcast-lets-talk-about-wellbeing\/"},{"@type":"ListItem","position":7,"name":"S02E07 &#8211; Cyfrowa samotno\u015b\u0107"}]},{"@type":"WebSite","@id":"https:\/\/www.capgemini.com\/pl-pl\/#website","url":"https:\/\/www.capgemini.com\/pl-pl\/","name":"Capgemini Polska","description":"Capgemini","potentialAction":[{"@type":"SearchAction","target":{"@type":"EntryPoint","urlTemplate":"https:\/\/www.capgemini.com\/pl-pl\/?s={search_term_string}"},"query-input":"required name=search_term_string"}],"inLanguage":"pl-PL"}]}},"brand_term":[],"parsely":{"version":"1.1.0","canonical_url":"https:\/\/capgemini.com\/pl-pl\/kariera\/dlaczego-capgemini\/benefity-i-wellbeing\/wellbeing\/podcast-lets-talk-about-wellbeing\/s02e07-cyfrowa-samotnosc\/","smart_links":{"inbound":0,"outbound":0},"traffic_boost_suggestions_count":0,"meta":{"@context":"https:\/\/schema.org","@type":"WebPage","headline":"S02E07 &#8211; Cyfrowa samotno\u015b\u0107","url":"https:\/\/www.capgemini.com\/pl-pl\/kariera\/dlaczego-capgemini\/benefity-i-wellbeing\/wellbeing\/podcast-lets-talk-about-wellbeing\/s02e07-cyfrowa-samotnosc\/","mainEntityOfPage":{"@type":"WebPage","@id":"https:\/\/www.capgemini.com\/pl-pl\/kariera\/dlaczego-capgemini\/benefity-i-wellbeing\/wellbeing\/podcast-lets-talk-about-wellbeing\/s02e07-cyfrowa-samotnosc\/"},"thumbnailUrl":"https:\/\/www.capgemini.com\/pl-pl\/wp-content\/uploads\/sites\/27\/2023\/11\/Banery-strona-43.png?w=150&h=150&crop=1","image":{"@type":"ImageObject","url":"https:\/\/www.capgemini.com\/pl-pl\/wp-content\/uploads\/sites\/27\/2023\/11\/Banery-strona-43.png"},"articleSection":"Uncategorized","author":[],"creator":[],"publisher":{"@type":"Organization","name":"Capgemini Poland","logo":""},"keywords":[],"dateCreated":"2023-11-08T10:08:57Z","datePublished":"2023-11-08T10:08:57Z","dateModified":"2025-08-27T09:12:47Z"},"rendered":"<meta name=\"parsely-title\" content=\"S02E07 &#8211; Cyfrowa samotno\u015b\u0107\" \/>\n<meta name=\"parsely-link\" content=\"https:\/\/www.capgemini.com\/pl-pl\/kariera\/dlaczego-capgemini\/benefity-i-wellbeing\/wellbeing\/podcast-lets-talk-about-wellbeing\/s02e07-cyfrowa-samotnosc\/\" \/>\n<meta name=\"parsely-type\" content=\"index\" \/>\n<meta name=\"parsely-image-url\" content=\"https:\/\/www.capgemini.com\/pl-pl\/wp-content\/uploads\/sites\/27\/2023\/11\/Banery-strona-43.png?w=150&amp;h=150&amp;crop=1\" \/>\n<meta name=\"parsely-pub-date\" content=\"2023-11-08T10:08:57Z\" \/>\n<meta name=\"parsely-section\" content=\"Uncategorized\" \/>","tracker_url":"https:\/\/cdn.parsely.com\/keys\/capgemini.com\/p.js"},"archive_status":false,"featured_image_src":"https:\/\/www.capgemini.com\/pl-pl\/wp-content\/uploads\/sites\/27\/2023\/11\/Banery-strona-43.png","featured_image_alt":"","jetpack_sharing_enabled":true,"distributor_meta":false,"distributor_terms":false,"distributor_media":false,"distributor_original_site_name":"Capgemini Poland","distributor_original_site_url":"https:\/\/www.capgemini.com\/pl-pl","push-errors":false,"_links":{"self":[{"href":"https:\/\/www.capgemini.com\/pl-pl\/wp-json\/wp\/v2\/pages\/897620","targetHints":{"allow":["GET"]}}],"collection":[{"href":"https:\/\/www.capgemini.com\/pl-pl\/wp-json\/wp\/v2\/pages"}],"about":[{"href":"https:\/\/www.capgemini.com\/pl-pl\/wp-json\/wp\/v2\/types\/page"}],"author":[{"embeddable":true,"href":"https:\/\/www.capgemini.com\/pl-pl\/wp-json\/wp\/v2\/users\/413"}],"replies":[{"embeddable":true,"href":"https:\/\/www.capgemini.com\/pl-pl\/wp-json\/wp\/v2\/comments?post=897620"}],"version-history":[{"count":4,"href":"https:\/\/www.capgemini.com\/pl-pl\/wp-json\/wp\/v2\/pages\/897620\/revisions"}],"predecessor-version":[{"id":912513,"href":"https:\/\/www.capgemini.com\/pl-pl\/wp-json\/wp\/v2\/pages\/897620\/revisions\/912513"}],"up":[{"embeddable":true,"href":"https:\/\/www.capgemini.com\/pl-pl\/wp-json\/wp\/v2\/pages\/699624"}],"wp:featuredmedia":[{"embeddable":true,"href":"https:\/\/www.capgemini.com\/pl-pl\/wp-json\/wp\/v2\/media\/897626"}],"wp:attachment":[{"href":"https:\/\/www.capgemini.com\/pl-pl\/wp-json\/wp\/v2\/media?parent=897620"}],"wp:term":[{"taxonomy":"brand","embeddable":true,"href":"https:\/\/www.capgemini.com\/pl-pl\/wp-json\/wp\/v2\/brand?post=897620"},{"taxonomy":"partner_type","embeddable":true,"href":"https:\/\/www.capgemini.com\/pl-pl\/wp-json\/wp\/v2\/partner_type?post=897620"},{"taxonomy":"service","embeddable":true,"href":"https:\/\/www.capgemini.com\/pl-pl\/wp-json\/wp\/v2\/service?post=897620"},{"taxonomy":"industry","embeddable":true,"href":"https:\/\/www.capgemini.com\/pl-pl\/wp-json\/wp\/v2\/industry?post=897620"},{"taxonomy":"partners","embeddable":true,"href":"https:\/\/www.capgemini.com\/pl-pl\/wp-json\/wp\/v2\/partners?post=897620"},{"taxonomy":"page-type","embeddable":true,"href":"https:\/\/www.capgemini.com\/pl-pl\/wp-json\/wp\/v2\/page-type?post=897620"},{"taxonomy":"content-group","embeddable":true,"href":"https:\/\/www.capgemini.com\/pl-pl\/wp-json\/wp\/v2\/content-group?post=897620"}],"curies":[{"name":"wp","href":"https:\/\/api.w.org\/{rel}","templated":true}]}}