{"id":897018,"date":"2023-10-11T16:17:08","date_gmt":"2023-10-11T16:17:08","guid":{"rendered":"https:\/\/www.capgemini.com\/pl-pl\/?page_id=897018"},"modified":"2025-03-12T05:05:10","modified_gmt":"2025-03-12T05:05:10","slug":"cookie-policy","status":"publish","type":"page","link":"https:\/\/www.capgemini.com\/pl-pl\/cookie-policy\/","title":{"rendered":"Polityka cookies"},"content":{"rendered":"\n<header class=\"wp-block-cg-blocks-hero-reusable is-style-blue-line header header--sub2 header--sub2b header--insights1  \"><div class=\"header-bgs\"><\/div><div class=\"heroPictureCardHeaderShape\"><\/div><div class=\"container\"><div class=\"row\"><div class=\"col-md-10 offset-md-1\"><div class=\"box\"><div class=\"box-title\"><h1 data-maxlength=\"34\">Polityka cookies<\/h1><\/div><div class=\"inner-row-insight download-btn\"><\/div><\/div><\/div><\/div><\/div><\/header>\n\n\n\n<section class=\"wp-block-cg-blocks-group undefined section section--article-content\"><div class=\"article-main-content\"><div class=\"container\"><div class=\"row\"><div class=\"col-12 col-md-11 col-lg-10 offset-md-1 offset-lg-1\"><div class=\"article-text article-quote-text\">\n<h2> <u><a onclick=\"truste.eu &amp;&amp; truste.eu.clickListener()\" href=\"#\">Zapoznaj si\u0119 z t\u0105 stron\u0105, je\u015bli chcesz skonfigurowa\u0107 swoje preferencje dotycz\u0105ce plik\u00f3w cookies. <\/a><\/u><\/h2>\n\n<br>\n\n\n\n<h4 class=\"wp-block-heading\" id=\"h-co-to-jest-plik-cookie\">Co to jest plik cookie?<\/h4>\n\n\n\n<p>Plik cookie jest ma\u0142ym plikiem tekstowym, kt\u00f3ry po wej\u015bciu na stron\u0119 internetow\u0105 jest pobierany na Twoje urz\u0105dzenie.<\/p>\n\n\n\n<h4 class=\"wp-block-heading\" id=\"h-co-robia-nbsp-pliki-nbsp-cookies\"><strong>Co robi\u0105<\/strong>&nbsp;pliki<strong>&nbsp;cookies?<\/strong><\/h4>\n\n\n\n<p>Pozwalaj\u0105 stronie internetowej rozpozna\u0107 Twoje urz\u0105dzenie i przechowywa\u0107 pewne informacje o Twoich preferencjach lub przesz\u0142ych dzia\u0142aniach, aby strony internetowe dzia\u0142a\u0142y bardziej efektywnie, a tak\u017ce aby dostarcza\u0107 informacje w\u0142a\u015bcicielom strony. Pliki cookies pomagaj\u0105 nam zapewni\u0107 dobre wra\u017cenia podczas przegl\u0105dania naszej strony internetowej, a tak\u017ce pozwalaj\u0105 nam na ulepszanie strony.<\/p>\n\n\n\n<h4 class=\"wp-block-heading\" id=\"h-czy-nbsp-wszystkie-nbsp-pliki-cookie-sa-takie-same\"><strong>Czy<\/strong>&nbsp;wszystkie<strong>&nbsp;pliki cookie s\u0105 takie same?<\/strong><\/h4>\n\n\n\n<p>Pliki cookies mog\u0105 si\u0119 r\u00f3\u017cni\u0107 w zale\u017cno\u015bci od czasu ich dzia\u0142ania lub pochodzenia.<\/p>\n\n\n\n<p>1. Istniej\u0105 dwa rodzaje czasu dzia\u0142ania plik\u00f3w cookies:<\/p>\n\n\n\n<ul class=\"wp-block-list\">\n<li>Pliki cookies sesji tymczasowych s\u0105 przechowywane w pami\u0119ci przegl\u0105darki tylko wtedy, gdy jest ona otwarta. Gdy tylko przegl\u0105darka zostanie zamkni\u0119ta, plik cookie zostaje usuni\u0119ty z historii u\u017cytkowania.<\/li>\n\n\n\n<li>Trwa\u0142e pliki cookies, kt\u00f3re maj\u0105 przyklejon\u0105 do nich dat\u0119 wa\u017cno\u015bci. Te pliki cookies nie s\u0105 usuwane po zamkni\u0119ciu przegl\u0105darki, lecz dopiero po up\u0142ywie terminu wa\u017cno\u015bci. Terminy te s\u0105 ustawiane zgodnie z celem, kt\u00f3remu s\u0142u\u017c\u0105 pliki cookies. Pliki te mo\u017cna r\u00f3wnie\u017c usuwa\u0107 r\u0119cznie.<\/li>\n<\/ul>\n\n\n\n<p>2. Cookies mog\u0105 pochodzi\u0107 z r\u00f3\u017cnych \u017ar\u00f3de\u0142:<\/p>\n\n\n\n<ul class=\"wp-block-list\">\n<li>Pliki cookies danej strony s\u0105 tworzone przez stron\u0119 internetow\u0105, kt\u00f3r\u0105 odwiedzasz.<\/li>\n\n\n\n<li>Pliki cookies stron trzecich s\u0105 tworzone przez innych dostawc\u00f3w i umieszczane przez w\u0142a\u015bciciela strony internetowej w r\u00f3\u017cnych celach.<\/li>\n<\/ul>\n\n\n\n<p>Wi\u0119cej informacji na temat plik\u00f3w cookies, w tym jak sprawdzi\u0107, jakie pliki cookies zosta\u0142y ustawione na urz\u0105dzeniu, oraz jak nimi zarz\u0105dza\u0107 i je usuwa\u0107, mo\u017cna znale\u017a\u0107 na stronach www.aboutcookies.org i www.youronlinechoices.eu.<\/p>\n\n\n\n<h4 class=\"wp-block-heading\" id=\"h-web-nbsp-beacons\"><strong>Web<\/strong>&nbsp;beacons<\/h4>\n\n\n\n<p>Web beacons, znane r\u00f3wnie\u017c jako sygna\u0142y nawigacyjne, to zazwyczaj przezroczyste obrazy graficzne umieszczane na stronie internetowej. Web beacons s\u0105 u\u017cywane w po\u0142\u0105czeniu z plikami cookies w celu uwzgl\u0119dnienia dzia\u0142a\u0144 os\u00f3b odwiedzaj\u0105cych nasz\u0105 stron\u0119 internetow\u0105. Mo\u017cemy u\u017cywa\u0107 web beacons w celu uzyskania takich informacji, jak adres IP urz\u0105dzenia, kt\u00f3re pobra\u0142o stron\u0119, na kt\u00f3rej pojawia si\u0119 sygna\u0142 nawigacyjny lub adres URL strony, czas, w kt\u00f3rym strona zosta\u0142a odwiedzona, oraz wersja przegl\u0105darki u\u017cytej do odwiedzenia strony.<\/p>\n\n\n\n<h4 class=\"wp-block-heading\" id=\"h-adresy-nbsp-ip-nbsp-i-adresy-url\"><strong>Adresy<\/strong>&nbsp;IP<strong>&nbsp;i adresy URL<\/strong><\/h4>\n\n\n\n<p>Adres IP jest unikalnym identyfikatorem, kt\u00f3rego niekt\u00f3re urz\u0105dzenia u\u017cywaj\u0105 do identyfikacji i komunikacji przez Internet. Gdy u\u017cytkownik odwiedza nasz\u0105 stron\u0119 internetow\u0105, mo\u017cemy wy\u015bwietli\u0107 adres IP urz\u0105dzenia u\u017cywanego do \u0142\u0105czenia si\u0119 z Internetem za pomoc\u0105 wy\u017cej wymienionych web beacons. Informacje te s\u0105 wykorzystywane do okre\u015blenia og\u00f3lnej fizycznej lokalizacji urz\u0105dzenia. Mo\u017cemy wykorzysta\u0107 te informacje do zmiany sposobu prezentacji naszych witryn internetowych w celu zwi\u0119kszenia liczby odwiedzin.<\/p>\n\n\n\n<p>URL to unikalny identyfikator lub adres dla ka\u017cdego zasobu w Internecie. Jest to na przyk\u0142ad adres strony internetowej, kt\u00f3r\u0105 odwiedza u\u017cytkownik. Wykorzystamy te informacje, aby zobaczy\u0107, kt\u00f3re strony s\u0105 odwiedzane i w jaki spos\u00f3b u\u017cytkownicy poruszaj\u0105 si\u0119 po naszej witrynie.<\/p>\n\n\n\n<h4 class=\"wp-block-heading\" id=\"h-jak-moge-nbsp-zmienic-nbsp-ustawienia-plikow-cookies\"><strong>Jak mog\u0119<\/strong>&nbsp;zmieni\u0107<strong>&nbsp;ustawienia plik\u00f3w cookies?<\/strong><\/h4>\n\n\n\n<p>Capgemini szanuje Twoje prawo do prywatno\u015bci, dlatego mo\u017cesz nie wyrazi\u0107 zgody na u\u017cywanie niekt\u00f3rych rodzaj\u00f3w plik\u00f3w cookies na tej stronie.<\/p>\n\n\n\n<p>Mo\u017cesz zmieni\u0107 nasze ustawienia domy\u015blne, jednak zablokowanie niekt\u00f3rych rodzaj\u00f3w plik\u00f3w cookies mo\u017ce mie\u0107 wp\u0142yw na Twoje do\u015bwiadczenia zwi\u0105zane z witryn\u0105. Zalecamy pozostawienie aktywnych plik\u00f3w cookies, aby m\u00f3c w pe\u0142ni korzysta\u0107 z naszej strony internetowej. Nale\u017cy pami\u0119ta\u0107, \u017ce nieaktywno\u015b\u0107 niekt\u00f3rych rodzaj\u00f3w plik\u00f3w cookies mo\u017ce mie\u0107 wp\u0142yw na korzystanie z witryny i dost\u0119pno\u015b\u0107 niekt\u00f3rych us\u0142ug.<\/p>\n\n\n\n<p>Alternatywnie, wi\u0119kszo\u015b\u0107 przegl\u0105darek internetowych pozwala na pewn\u0105 kontrol\u0119 nad plikami cookies poprzez ustawienia przegl\u0105darki. Aby dowiedzie\u0107 si\u0119 wi\u0119cej na temat plik\u00f3w cookies, w tym jak sprawdzi\u0107, jakie pliki cookie zosta\u0142y ustawione, odwied\u017a www.aboutcookies.org lub www.allaboutcookies.org.<\/p>\n\n\n\n<p>Dowiedz si\u0119 w jaki spos\u00f3b zarz\u0105dza\u0107 plikami cookies w popularnych przegl\u0105darkach:<\/p>\n\n\n\n<p><a href=\"https:\/\/support.google.com\/accounts\/answer\/61416?co=GENIE.Platform%3DDesktop&amp;hl=en\">Google Chrome<\/a><br><a href=\"https:\/\/privacy.microsoft.com\/en-us\/windows-10-microsoft-edge-and-privacy\">Microsoft Edge<\/a><br><a href=\"https:\/\/support.mozilla.org\/en-US\/kb\/enhanced-tracking-protection-firefox-desktop?redirectlocale=en-US&amp;redirectslug=enable-and-disable-cookies-website-preferences\">Mozilla Firefox<\/a><br><a href=\"https:\/\/support.microsoft.com\/en-gb\/help\/17442\/windows-internet-explorer-delete-manage-cookies\">Microsoft Internet Explorer<\/a><br><a href=\"https:\/\/help.opera.com\/en\/latest\/web-preferences\/\">Opera<\/a><br><a href=\"https:\/\/support.apple.com\/en-gb\/safari\">Apple Safari<\/a><\/p>\n\n\n\n<p>Odwied\u017a stron\u0119 internetow\u0105 producenta przegl\u0105darki, aby znale\u017a\u0107 wi\u0119cj informacji dotycz\u0105cych innych przegl\u0105darek.<\/p>\n\n\n\n<p>Odwied\u017a stron\u0119&nbsp;<a href=\"http:\/\/tools.google.com\/dlpage\/gaoptout\">http:\/\/tools.google.com\/dlpage\/gaoptout<\/a>, aby nie by\u0107 \u015bledzonym przez Google Analytics na wszystkich stronach internetowych,<\/p>\n\n\n\n<h4 class=\"wp-block-heading\" id=\"h-jakich-rodzajow-plikow-cookies-uzywamy\">Jakich rodzaj\u00f3w plik\u00f3w cookies u\u017cywamy?<\/h4>\n\n\n\n<iframe loading=\"lazy\" src=\"https:\/\/tracker-detail-page.trustarc.com\/#\/?domain=4043&amp;category=0&amp;locale=pl\" width=\"1000\" height=\"800\"><\/iframe>\n\n\n\n<p>Pliki cookie, kt\u00f3re Capgemini wykorzystuje do pomiaru ogl\u0105dalno\u015bci, s\u0105 zwolnione z obowi\u0105zku wyra\u017cania przez u\u017cytkownika zgody, zgodnie z zaleceniami Commission Nationale de l&#8217;Informatique et des Libert\u00e9s.<\/p>\n\n\n\n<p>Te pliki cookie s\u0105 rozumiane jako &#8220;Niezb\u0119dne pliki cookie&#8221; i wymienione w takiej kategorii, ze wzgl\u0119du na ich podobne dzia\u0142anie. Nie umo\u017cliwiaj\u0105 one identyfikacji u\u017cytkownika z powodu anonimowo\u015bci informacji, ale Capgemini oferuje mo\u017cliwo\u015b\u0107 ich wy\u0142\u0105czenia.<\/p>\n\n\n        <div class=\"mt-3\">\n<!--            Javascript onchange event is added inside GTM Container-->\n            <input checked=\"checked\" id=\"piano-essential-consent\" type=\"checkbox\">\n            <label for=\"piano-essential-consent\">\n                Odznacz to pole, je\u015bli chcesz wy\u0142\u0105czy\u0107 pliki cookie s\u0142u\u017c\u0105ce do pomiaru ogl\u0105dalno\u015bci zwolnione z obowi\u0105zku uzyskania zgody u\u017cytkownika.            <\/label>\n        <\/div>\n\n\n\n\n<div style=\"height:100px\" aria-hidden=\"true\" class=\"wp-block-spacer\"><\/div>\n\n\n\n<h4 class=\"wp-block-heading\" id=\"h-skontaktuj-nbsp-sie-nbsp-z-nami\"><strong>Skontaktuj<\/strong>&nbsp;si\u0119<strong>&nbsp;z nami<\/strong><\/h4>\n\n\n\n<p>W przypadku jakichkolwiek pyta\u0144 zwi\u0105zanych z u\u017cywaniem przez nas plik\u00f3w cookies, prosimy o kontakt pod adresem: <a href=\"mailto:dprequestpoland.pl@capgemini.com\">dprequestpoland.pl@capgemini.com<\/a><\/p>\n\n\n\n<p>Mo\u017cesz dowiedzie\u0107 si\u0119 wi\u0119cej o tym, jak Capgemini przetwarza Twoje dane osobowe, korzystaj\u0105c z naszej&nbsp;<strong>Polityki prywatno\u015bci<\/strong>.<\/p>\n<\/div><\/div><\/div><\/div><\/div><\/section>\n","protected":false},"excerpt":{"rendered":"","protected":false},"author":35,"featured_media":0,"parent":0,"menu_order":0,"comment_status":"closed","ping_status":"closed","template":"","meta":{"cg_dt_proposed_to":[],"cg_seo_hreflang_relations":"[]","cg_seo_canonical_relation":"","cg_seo_hreflang_x_default_relation":"{\"uuid\":\"7affa240-117f-417b-a026-fea3eedf5552\",\"blogId\":\"\",\"domain\":\"\",\"sitePath\":\"\",\"postLink\":\"\",\"postId\":null,\"isSaved\":true,\"isCrossLink\":false,\"hasCrossLink\":false}","cg_dt_approved_content":true,"cg_dt_mandatory_content":false,"cg_dt_notes":"","cg_dg_source_changed":false,"cg_dt_link_disabled":false,"_yoast_wpseo_primary_brand":"","footnotes":"","featured_focal_points":"","partner_card_description":"","gsap_animation":0},"brand":[],"partner_type":[],"service":[],"industry":[],"partners":[],"page-type":[],"content-group":[],"class_list":["post-897018","page","type-page","status-publish","hentry"],"yoast_head":"<!-- This site is optimized with the Yoast SEO Premium plugin v22.8 (Yoast SEO v22.8) - https:\/\/yoast.com\/wordpress\/plugins\/seo\/ -->\n<title>Polityka cookies - Capgemini Poland<\/title>\n<meta name=\"robots\" content=\"index, follow, max-snippet:-1, max-image-preview:large, max-video-preview:-1\" \/>\n<link rel=\"canonical\" href=\"https:\/\/www.capgemini.com\/pl-pl\/cookie-policy\/\" \/>\n<meta property=\"og:locale\" content=\"pl_PL\" \/>\n<meta property=\"og:type\" content=\"article\" \/>\n<meta property=\"og:title\" content=\"Polityka cookies\" \/>\n<meta property=\"og:url\" content=\"https:\/\/www.capgemini.com\/pl-pl\/cookie-policy\/\" \/>\n<meta property=\"og:site_name\" content=\"Capgemini Poland\" \/>\n<meta property=\"article:modified_time\" content=\"2025-03-12T05:05:10+00:00\" \/>\n<meta property=\"og:image\" content=\"https:\/\/www.capgemini.com\/pl-pl\/wp-content\/uploads\/sites\/27\/2025\/10\/New-Web-preview-global.jpg\" \/>\n\t<meta property=\"og:image:width\" content=\"1200\" \/>\n\t<meta property=\"og:image:height\" content=\"627\" \/>\n\t<meta property=\"og:image:type\" content=\"image\/jpeg\" \/>\n<meta name=\"twitter:card\" content=\"summary_large_image\" \/>\n<meta name=\"twitter:label1\" content=\"Est. reading time\" \/>\n\t<meta name=\"twitter:data1\" content=\"5 minutes\" \/>\n<script type=\"application\/ld+json\" class=\"yoast-schema-graph\">{\"@context\":\"https:\/\/schema.org\",\"@graph\":[{\"@type\":\"WebPage\",\"@id\":\"https:\/\/www.capgemini.com\/pl-pl\/cookie-policy\/\",\"url\":\"https:\/\/www.capgemini.com\/pl-pl\/cookie-policy\/\",\"name\":\"Polityka cookies - Capgemini Poland\",\"isPartOf\":{\"@id\":\"https:\/\/www.capgemini.com\/pl-pl\/#website\"},\"datePublished\":\"2023-10-11T16:17:08+00:00\",\"dateModified\":\"2025-03-12T05:05:10+00:00\",\"breadcrumb\":{\"@id\":\"https:\/\/www.capgemini.com\/pl-pl\/cookie-policy\/#breadcrumb\"},\"inLanguage\":\"pl-PL\",\"potentialAction\":[{\"@type\":\"ReadAction\",\"target\":[\"https:\/\/www.capgemini.com\/pl-pl\/cookie-policy\/\"]}]},{\"@type\":\"BreadcrumbList\",\"@id\":\"https:\/\/www.capgemini.com\/pl-pl\/cookie-policy\/#breadcrumb\",\"itemListElement\":[{\"@type\":\"ListItem\",\"position\":1,\"name\":\"Home\",\"item\":\"https:\/\/www.capgemini.com\/pl-pl\/\"},{\"@type\":\"ListItem\",\"position\":2,\"name\":\"Polityka cookies\"}]},{\"@type\":\"WebSite\",\"@id\":\"https:\/\/www.capgemini.com\/pl-pl\/#website\",\"url\":\"https:\/\/www.capgemini.com\/pl-pl\/\",\"name\":\"Capgemini Polska\",\"description\":\"Capgemini\",\"potentialAction\":[{\"@type\":\"SearchAction\",\"target\":{\"@type\":\"EntryPoint\",\"urlTemplate\":\"https:\/\/www.capgemini.com\/pl-pl\/?s={search_term_string}\"},\"query-input\":\"required name=search_term_string\"}],\"inLanguage\":\"pl-PL\"}]}<\/script>\n<!-- \/ Yoast SEO Premium plugin. -->","yoast_head_json":{"title":"Polityka cookies - Capgemini Poland","robots":{"index":"index","follow":"follow","max-snippet":"max-snippet:-1","max-image-preview":"max-image-preview:large","max-video-preview":"max-video-preview:-1"},"canonical":"https:\/\/www.capgemini.com\/pl-pl\/cookie-policy\/","og_locale":"pl_PL","og_type":"article","og_title":"Polityka cookies","og_url":"https:\/\/www.capgemini.com\/pl-pl\/cookie-policy\/","og_site_name":"Capgemini Poland","article_modified_time":"2025-03-12T05:05:10+00:00","og_image":[{"width":1200,"height":627,"url":"https:\/\/www.capgemini.com\/pl-pl\/wp-content\/uploads\/sites\/27\/2025\/10\/New-Web-preview-global.jpg","type":"image\/jpeg"}],"twitter_card":"summary_large_image","twitter_misc":{"Est. reading time":"5 minutes"},"schema":{"@context":"https:\/\/schema.org","@graph":[{"@type":"WebPage","@id":"https:\/\/www.capgemini.com\/pl-pl\/cookie-policy\/","url":"https:\/\/www.capgemini.com\/pl-pl\/cookie-policy\/","name":"Polityka cookies - Capgemini Poland","isPartOf":{"@id":"https:\/\/www.capgemini.com\/pl-pl\/#website"},"datePublished":"2023-10-11T16:17:08+00:00","dateModified":"2025-03-12T05:05:10+00:00","breadcrumb":{"@id":"https:\/\/www.capgemini.com\/pl-pl\/cookie-policy\/#breadcrumb"},"inLanguage":"pl-PL","potentialAction":[{"@type":"ReadAction","target":["https:\/\/www.capgemini.com\/pl-pl\/cookie-policy\/"]}]},{"@type":"BreadcrumbList","@id":"https:\/\/www.capgemini.com\/pl-pl\/cookie-policy\/#breadcrumb","itemListElement":[{"@type":"ListItem","position":1,"name":"Home","item":"https:\/\/www.capgemini.com\/pl-pl\/"},{"@type":"ListItem","position":2,"name":"Polityka cookies"}]},{"@type":"WebSite","@id":"https:\/\/www.capgemini.com\/pl-pl\/#website","url":"https:\/\/www.capgemini.com\/pl-pl\/","name":"Capgemini Polska","description":"Capgemini","potentialAction":[{"@type":"SearchAction","target":{"@type":"EntryPoint","urlTemplate":"https:\/\/www.capgemini.com\/pl-pl\/?s={search_term_string}"},"query-input":"required name=search_term_string"}],"inLanguage":"pl-PL"}]}},"brand_term":[],"parsely":{"version":"1.1.0","canonical_url":"https:\/\/capgemini.com\/pl-pl\/cookie-policy\/","smart_links":{"inbound":0,"outbound":0},"traffic_boost_suggestions_count":0,"meta":{"@context":"https:\/\/schema.org","@type":"WebPage","headline":"Polityka cookies","url":"https:\/\/www.capgemini.com\/pl-pl\/cookie-policy\/","mainEntityOfPage":{"@type":"WebPage","@id":"https:\/\/www.capgemini.com\/pl-pl\/cookie-policy\/"},"thumbnailUrl":"","image":{"@type":"ImageObject","url":""},"articleSection":"Uncategorized","author":[],"creator":[],"publisher":{"@type":"Organization","name":"Capgemini Poland","logo":""},"keywords":[],"dateCreated":"2023-10-11T16:17:08Z","datePublished":"2023-10-11T16:17:08Z","dateModified":"2025-03-12T05:05:10Z"},"rendered":"<meta name=\"parsely-title\" content=\"Polityka cookies\" \/>\n<meta name=\"parsely-link\" content=\"https:\/\/www.capgemini.com\/pl-pl\/cookie-policy\/\" \/>\n<meta name=\"parsely-type\" content=\"index\" \/>\n<meta name=\"parsely-pub-date\" content=\"2023-10-11T16:17:08Z\" \/>\n<meta name=\"parsely-section\" content=\"Uncategorized\" \/>","tracker_url":"https:\/\/cdn.parsely.com\/keys\/capgemini.com\/p.js"},"archive_status":false,"featured_image_src":"https:\/\/www.capgemini.com\/pl-pl\/wp-content\/themes\/capgemini2025\/assets\/images\/mockup.png","featured_image_alt":false,"jetpack_sharing_enabled":true,"distributor_meta":false,"distributor_terms":false,"distributor_media":false,"distributor_original_site_name":"Capgemini Poland","distributor_original_site_url":"https:\/\/www.capgemini.com\/pl-pl","push-errors":false,"_links":{"self":[{"href":"https:\/\/www.capgemini.com\/pl-pl\/wp-json\/wp\/v2\/pages\/897018","targetHints":{"allow":["GET"]}}],"collection":[{"href":"https:\/\/www.capgemini.com\/pl-pl\/wp-json\/wp\/v2\/pages"}],"about":[{"href":"https:\/\/www.capgemini.com\/pl-pl\/wp-json\/wp\/v2\/types\/page"}],"author":[{"embeddable":true,"href":"https:\/\/www.capgemini.com\/pl-pl\/wp-json\/wp\/v2\/users\/35"}],"replies":[{"embeddable":true,"href":"https:\/\/www.capgemini.com\/pl-pl\/wp-json\/wp\/v2\/comments?post=897018"}],"version-history":[{"count":8,"href":"https:\/\/www.capgemini.com\/pl-pl\/wp-json\/wp\/v2\/pages\/897018\/revisions"}],"predecessor-version":[{"id":909009,"href":"https:\/\/www.capgemini.com\/pl-pl\/wp-json\/wp\/v2\/pages\/897018\/revisions\/909009"}],"wp:attachment":[{"href":"https:\/\/www.capgemini.com\/pl-pl\/wp-json\/wp\/v2\/media?parent=897018"}],"wp:term":[{"taxonomy":"brand","embeddable":true,"href":"https:\/\/www.capgemini.com\/pl-pl\/wp-json\/wp\/v2\/brand?post=897018"},{"taxonomy":"partner_type","embeddable":true,"href":"https:\/\/www.capgemini.com\/pl-pl\/wp-json\/wp\/v2\/partner_type?post=897018"},{"taxonomy":"service","embeddable":true,"href":"https:\/\/www.capgemini.com\/pl-pl\/wp-json\/wp\/v2\/service?post=897018"},{"taxonomy":"industry","embeddable":true,"href":"https:\/\/www.capgemini.com\/pl-pl\/wp-json\/wp\/v2\/industry?post=897018"},{"taxonomy":"partners","embeddable":true,"href":"https:\/\/www.capgemini.com\/pl-pl\/wp-json\/wp\/v2\/partners?post=897018"},{"taxonomy":"page-type","embeddable":true,"href":"https:\/\/www.capgemini.com\/pl-pl\/wp-json\/wp\/v2\/page-type?post=897018"},{"taxonomy":"content-group","embeddable":true,"href":"https:\/\/www.capgemini.com\/pl-pl\/wp-json\/wp\/v2\/content-group?post=897018"}],"curies":[{"name":"wp","href":"https:\/\/api.w.org\/{rel}","templated":true}]}}