{"id":895715,"date":"2023-05-15T13:17:26","date_gmt":"2023-05-15T11:17:26","guid":{"rendered":"https:\/\/www.capgemini.com\/?page_id=898209"},"modified":"2025-03-12T05:27:45","modified_gmt":"2025-03-12T05:27:45","slug":"hr","status":"publish","type":"page","link":"https:\/\/www.capgemini.com\/pl-pl\/kariera\/twoja-kariera\/profesjonalne-communities\/kadry\/","title":{"rendered":"Kadry"},"content":{"rendered":"\n<div class=\"wp-block-cg-blocks-hero-picture-card undefined  heroPictureCard\"><div class=\"heroPictureCardBgs\"><picture><source srcset=\"https:\/\/www.capgemini.com\/pl-pl\/wp-content\/uploads\/sites\/27\/2024\/06\/Capgemini-Invent-zmiana-strony-www-1.png?w=2880&amp;quality=70 1x, https:\/\/www.capgemini.com\/pl-pl\/wp-content\/uploads\/sites\/27\/2024\/06\/Capgemini-Invent-zmiana-strony-www-1.png?w=2880&amp;quality=70 2x\" media=\"(min-width: 1500px)\"\/><source srcset=\"https:\/\/www.capgemini.com\/pl-pl\/wp-content\/uploads\/sites\/27\/2024\/06\/Capgemini-Invent-zmiana-strony-www-1.png?w=1440&amp;quality=70 1x, https:\/\/www.capgemini.com\/pl-pl\/wp-content\/uploads\/sites\/27\/2024\/06\/Capgemini-Invent-zmiana-strony-www-1.png?w=2880&amp;quality=70 2x\" media=\"(min-width: 992px)\"\/><source srcset=\"https:\/\/www.capgemini.com\/pl-pl\/wp-content\/uploads\/sites\/27\/2024\/06\/Capgemini-Invent-zmiana-strony-www-1.png?w=1024&amp;quality=70 1x, https:\/\/www.capgemini.com\/pl-pl\/wp-content\/uploads\/sites\/27\/2024\/06\/Capgemini-Invent-zmiana-strony-www-1.png?w=1024&amp;quality=70 2x\" media=\"(min-width: 768px)\"\/><source srcset=\"https:\/\/www.capgemini.com\/pl-pl\/wp-content\/uploads\/sites\/27\/2024\/06\/Capgemini-Invent-zmiana-strony-www-1.png?w=768&amp;quality=70 1x, https:\/\/www.capgemini.com\/pl-pl\/wp-content\/uploads\/sites\/27\/2024\/06\/Capgemini-Invent-zmiana-strony-www-1.png?w=768&amp;quality=70 2x\" media=\"(min-width: 0)\"\/><img decoding=\"async\" src=\"https:\/\/www.capgemini.com\/pl-pl\/wp-content\/uploads\/sites\/27\/2024\/06\/Capgemini-Invent-zmiana-strony-www-1.png\" class=\"desktopImage\" alt=\"spotkanie rekrutacyjne kobiety w czarnym garniturze i m\u0119\u017cczyzny w koszuli\" style=\"object-fit:cover;object-position:56.99999999999999% 32%\" loading=\"eager\"\/><\/picture><picture><source srcset=\"https:\/\/www.capgemini.com\/pl-pl\/wp-content\/uploads\/sites\/27\/2024\/06\/Capgemini-Invent-zmiana-strony-www-1.png?w=2880&amp;quality=70 1x, https:\/\/www.capgemini.com\/pl-pl\/wp-content\/uploads\/sites\/27\/2024\/06\/Capgemini-Invent-zmiana-strony-www-1.png?w=2880&amp;quality=70 2x\" media=\"(min-width: 1500px)\"\/><source srcset=\"https:\/\/www.capgemini.com\/pl-pl\/wp-content\/uploads\/sites\/27\/2024\/06\/Capgemini-Invent-zmiana-strony-www-1.png?w=1440&amp;quality=70 1x, https:\/\/www.capgemini.com\/pl-pl\/wp-content\/uploads\/sites\/27\/2024\/06\/Capgemini-Invent-zmiana-strony-www-1.png?w=2880&amp;quality=70 2x\" media=\"(min-width: 992px)\"\/><source srcset=\"https:\/\/www.capgemini.com\/pl-pl\/wp-content\/uploads\/sites\/27\/2024\/06\/Capgemini-Invent-zmiana-strony-www-1.png?w=1024&amp;quality=70 1x, https:\/\/www.capgemini.com\/pl-pl\/wp-content\/uploads\/sites\/27\/2024\/06\/Capgemini-Invent-zmiana-strony-www-1.png?w=1024&amp;quality=70 2x\" media=\"(min-width: 768px)\"\/><source srcset=\"https:\/\/www.capgemini.com\/pl-pl\/wp-content\/uploads\/sites\/27\/2024\/06\/Capgemini-Invent-zmiana-strony-www-1.png?w=768&amp;quality=70 1x, https:\/\/www.capgemini.com\/pl-pl\/wp-content\/uploads\/sites\/27\/2024\/06\/Capgemini-Invent-zmiana-strony-www-1.png?w=768&amp;quality=70 2x\" media=\"(min-width: 0)\"\/><img decoding=\"async\" src=\"https:\/\/www.capgemini.com\/pl-pl\/wp-content\/uploads\/sites\/27\/2024\/06\/Capgemini-Invent-zmiana-strony-www-1.png\" class=\"mobileImage\" alt=\"spotkanie rekrutacyjne kobiety w czarnym garniturze i m\u0119\u017cczyzny w koszuli\" style=\"object-fit:cover;object-position:56.99999999999999% 32%\" loading=\"eager\"\/><\/picture><\/div><div class=\"heroPictureCardHeaderShape\"><\/div><div class=\"container\"><div class=\"row\"><div class=\"col-md-8 col-lg-6\"><div class=\"heroPictureCardBox\"><div class=\"heroPictureCardBoxTitle\"><h1 data-maxlength=\"144\">Kadry<\/h1><\/div><\/div><\/div><\/div><\/div><div class=\"small-device\"><div class=\"brandLogoWrapper\"> <\/div><\/div><\/div>\n\n\n\n<section class=\"wp-block-cg-blocks-group undefined section section--article-content\"><div class=\"article-main-content\"><div class=\"container\"><div class=\"row\"><div class=\"col-12 col-md-1\"><nav class=\"article-social\"><ul class=\"social-nav\"><li class=\"ip-order-fb\"><a href=\"https:\/\/www.facebook.com\/sharer\/sharer.php?u=https:\/\/www.capgemini.com\/pl-pl\/kariera\/twoja-kariera\/profesjonalne-communities\/kadry\/\" target=\"_blank\" rel=\"noopener noreferrer\" title=\"otwiera si\u0119 w nowym oknie\"><i aria-hidden=\"true\" class=\"icon-fb\"><\/i><span class=\"sr-only\">Facebook<\/span><\/a><\/li><li class=\"ip-order-li\"><a href=\"https:\/\/www.linkedin.com\/sharing\/share-offsite\/?url=https:\/\/www.capgemini.com\/pl-pl\/kariera\/twoja-kariera\/profesjonalne-communities\/kadry\/\" target=\"_blank\" rel=\"noopener noreferrer\" title=\"otwiera si\u0119 w nowym oknie\"><i aria-hidden=\"true\" class=\"icon-li\"><\/i><span class=\"sr-only\">Linkedin<\/span><\/a><\/li><\/ul><\/nav><\/div><div class=\"col-12 col-md-11 col-lg-10\"><div class=\"article-text article-quote-text\">\n<h2 class=\"wp-block-heading\" id=\"h-sprawdz-mozliwosci-rozwoju-w-dziale-kadr-hr\">Sprawd\u017a mo\u017cliwo\u015bci rozwoju w dziale kadr (HR)<\/h2>\n\n\n\n<h4 class=\"wp-block-heading\" id=\"h-jako-specjalista-badz-specjalistka-ds-hr-w-capgemini-bedziesz-odgrywac-kluczowa-role-we-wspieraniu-strategii-organizacji-w-zakresie-talentow-ksztaltowaniu-jej-kultury-i-zapewnianiu-pozytywnych-doswiadczen-kazdej-zatrdunionej-tu-osoby-dzieki-swoim-umiejetnosciom-budowania-relacji-komunikacji-i-rozwiazywania-problemow-umozliwisz-organizacji-przyciaganie-rozwijanie-i-zatrzymywanie-najlepszych-talentow-wspieranie-roznorodnego-i-integracyjnego-miejsca-pracy-oraz-napedzanie-sukcesu-biznesowego-dolacz-do-naszego-zespolu-hr-i-badz-czescia-ksztaltowania-przyszlosci-pracy\" style=\"font-size:17px\">Jako specjalista b\u0105d\u017a specjalistka ds. HR w Capgemini b\u0119dziesz odgrywa\u0107 kluczow\u0105 rol\u0119 we wspieraniu strategii organizacji w zakresie talent\u00f3w, kszta\u0142towaniu jej kultury i zapewnianiu pozytywnych do\u015bwiadcze\u0144 ka\u017cdej zatrdunionej tu osoby. <br><br>Dzi\u0119ki swoim umiej\u0119tno\u015bciom budowania relacji, komunikacji i rozwi\u0105zywania problem\u00f3w, umo\u017cliwisz organizacji przyci\u0105ganie, rozwijanie i zatrzymywanie najlepszych talent\u00f3w, wspieranie r\u00f3\u017cnorodnego i integracyjnego miejsca pracy oraz nap\u0119dzanie sukcesu biznesowego. Do\u0142\u0105cz do naszego zespo\u0142u HR i b\u0105d\u017a cz\u0119\u015bci\u0105 kszta\u0142towania przysz\u0142o\u015bci pracy.<\/h4>\n<\/div><\/div><\/div><\/div><\/div><\/section>\n\n\n\n<section class=\"wp-block-cg-blocks-call-to-action undefined call-to-action-block is-style-cg-purple\"><div class=\"container\"><div class=\"call-to-action-block-content-wrapper has-description\"><div class=\"text-wrapper has-description\"> <p class=\"description\" data-maxlength=\"210\">Chcesz podj\u0105\u0107 wyzwanie? Sprawd\u017a nasze oferty pracy!<\/p><\/div><div class=\"button-wrapper has-description\"><a class=\" cta-btn action-valid\" href=\"https:\/\/www.capgemini.com\/pl-pl\/kariera\/oferty-pracy\/?page=1&amp;size=11&amp;professional_communities=HR&amp;country_code=pl-pl\" target=\"\" rel=\"noopener noreferrer\" aria-label=\"Oferty pracy o \" title=\"Otwiera si\u0119 w nowym oknie\" data-maxlength=\"24\" tabindex=\"0\"> Oferty pracy <\/a><\/div><\/div><\/div><\/section>\n\n\n\n<section class=\"wp-block-cg-blocks-learn-more learnMoreBlock updated-new-sample-amal\"><div class=\"container\"><div class=\"content-title\"><h2 class=\"learnmore-heading\">Inni widzieli r\u00f3wnie\u017c:<\/h2><\/div><div class=\"row\"><div class=\"col-md-4\"><div class=\"box\"><div class=\"box-wrapper\"><a class=\"box-title\" href=\"https:\/\/www.capgemini.com\/pl-pl\/kariera\/twoja-kariera\/twoja-kariera\/profesjonalne-communities\/marketing-i-komunikacja\/\" target=\"\" aria-label=\"Marketing i komunikacja\" rel=\"noopener noreferrer\"><div class=\"box-img-wrapper\"><img decoding=\"async\" src=\"https:\/\/www.capgemini.com\/pl-pl\/wp-content\/uploads\/sites\/27\/2023\/12\/image-73.png?w=500&amp;quality=70\" srcset=\"https:\/\/www.capgemini.com\/pl-pl\/wp-content\/uploads\/sites\/27\/2023\/12\/image-73.png?w=500&amp;quality=70 1x, https:\/\/www.capgemini.com\/pl-pl\/wp-content\/uploads\/sites\/27\/2023\/12\/image-73.png?w=1000&amp;quality=70 2x\" class=\"box-img\" alt=\"a group of people in the conference room discussing about colorful sticky notes\" style=\"object-fit:cover;object-position:50% 50%\" loading=\"lazy\"\/><\/div><h3 class=\"titleWithoutLink_learnMore\">Marketing i komunikacja<\/h3><\/a><\/div><\/div><div class=\"box-inner\"><\/div><\/div><div class=\"col-md-4\"><div class=\"box\"><div class=\"box-wrapper\"><a class=\"box-title\" href=\"https:\/\/www.capgemini.com\/pl-pl\/kariera\/twoja-kariera\/twoja-kariera\/profesjonalne-communities\/wsparcie-administracji\/\" target=\"\" aria-label=\"Wsparcie administracyjne\" rel=\"noopener noreferrer\"><div class=\"box-img-wrapper\"><img decoding=\"async\" src=\"https:\/\/www.capgemini.com\/pl-pl\/wp-content\/uploads\/sites\/27\/2024\/03\/129.png?w=500&amp;quality=70\" srcset=\"https:\/\/www.capgemini.com\/pl-pl\/wp-content\/uploads\/sites\/27\/2024\/03\/129.png?w=500&amp;quality=70 1x, https:\/\/www.capgemini.com\/pl-pl\/wp-content\/uploads\/sites\/27\/2024\/03\/129.png?w=1000&amp;quality=70 2x\" class=\"box-img\" alt=\"a youn girl in glasses in front of the camera is holding a brochure\" style=\"object-fit:cover;object-position:50% 50%\" loading=\"lazy\"\/><\/div><h3 class=\"titleWithoutLink_learnMore\">Wsparcie administracyjne<\/h3><\/a><\/div><\/div><div class=\"box-inner\"><\/div><\/div><div class=\"col-md-4\"><div class=\"box\"><div class=\"box-wrapper\"><a class=\"box-title\" href=\"https:\/\/www.capgemini.com\/pl-pl\/kariera\/twoja-kariera\/twoja-kariera\/profesjonalne-communities\/zarzadzanie-miejscami-pracy\/\" target=\"\" aria-label=\"Zarz\u0105dzanie miejscami pracy\" rel=\"noopener noreferrer\"><div class=\"box-img-wrapper\"><img decoding=\"async\" src=\"https:\/\/www.capgemini.com\/pl-pl\/wp-content\/uploads\/sites\/27\/2024\/07\/5.png?w=500&amp;quality=70\" srcset=\"https:\/\/www.capgemini.com\/pl-pl\/wp-content\/uploads\/sites\/27\/2024\/07\/5.png?w=500&amp;quality=70 1x, https:\/\/www.capgemini.com\/pl-pl\/wp-content\/uploads\/sites\/27\/2024\/07\/5.png?w=1000&amp;quality=70 2x\" class=\"box-img\" alt=\"a group of people in the conference room is pointing on colorful sticky notes\" style=\"object-fit:cover;object-position:50% 50%\" loading=\"lazy\"\/><\/div><h3 class=\"titleWithoutLink_learnMore\">Zarz\u0105dzanie miejscami pracy<\/h3><\/a><\/div><\/div><div class=\"box-inner\"><\/div><\/div><\/div><\/div><\/section>\n","protected":false},"excerpt":{"rendered":"<p>Explore opportunities in human resources (HR).<\/p>\n","protected":false},"author":81,"featured_media":0,"parent":660818,"menu_order":13,"comment_status":"closed","ping_status":"closed","template":"","meta":{"cg_dt_proposed_to":[],"cg_seo_hreflang_relations":"[]","cg_seo_canonical_relation":"","cg_seo_hreflang_x_default_relation":"{\"uuid\":\"6a9fcd5b-4f4f-410b-a8f8-3cabc4e3b581\",\"blogId\":\"\",\"domain\":\"\",\"sitePath\":\"\",\"postLink\":\"\",\"postId\":null,\"isSaved\":true,\"isCrossLink\":false,\"hasCrossLink\":false}","cg_dt_approved_content":true,"cg_dt_mandatory_content":false,"cg_dt_notes":"","cg_dg_source_changed":true,"cg_dt_link_disabled":false,"_yoast_wpseo_primary_brand":"","footnotes":"","featured_focal_points":"","partner_card_description":"","gsap_animation":0},"brand":[],"partner_type":[],"service":[],"industry":[],"partners":[],"page-type":[161],"content-group":[],"class_list":["post-895715","page","type-page","status-publish","hentry","page-type-careers"],"yoast_head":"<!-- This site is optimized with the Yoast SEO Premium plugin v22.8 (Yoast SEO v22.8) - https:\/\/yoast.com\/wordpress\/plugins\/seo\/ -->\n<title>Kadry - Capgemini Poland<\/title>\n<meta name=\"description\" content=\"Jako specjalista b\u0105d\u017a specjalistka ds. HR b\u0119dziesz odgrywa\u0107 kluczow\u0105 rol\u0119 we wspieraniu strategii organizacji w zakresie talent\u00f3w.\" \/>\n<meta name=\"robots\" content=\"index, follow, max-snippet:-1, max-image-preview:large, max-video-preview:-1\" \/>\n<link rel=\"canonical\" href=\"https:\/\/www.capgemini.com\/pl-pl\/kariera\/twoja-kariera\/profesjonalne-communities\/kadry\/\" \/>\n<meta property=\"og:locale\" content=\"pl_PL\" \/>\n<meta property=\"og:type\" content=\"article\" \/>\n<meta property=\"og:title\" content=\"Kadry\" \/>\n<meta property=\"og:description\" content=\"Jako specjalista b\u0105d\u017a specjalistka ds. HR b\u0119dziesz odgrywa\u0107 kluczow\u0105 rol\u0119 we wspieraniu strategii organizacji w zakresie talent\u00f3w.\" \/>\n<meta property=\"og:url\" content=\"https:\/\/www.capgemini.com\/pl-pl\/kariera\/twoja-kariera\/profesjonalne-communities\/kadry\/\" \/>\n<meta property=\"og:site_name\" content=\"Capgemini Poland\" \/>\n<meta property=\"article:modified_time\" content=\"2025-03-12T05:27:45+00:00\" \/>\n<meta property=\"og:image\" content=\"https:\/\/www.capgemini.com\/pl-pl\/wp-content\/uploads\/sites\/27\/2024\/06\/Capgemini-Invent-zmiana-strony-www-1.png\" \/>\n<meta name=\"twitter:card\" content=\"summary_large_image\" \/>\n<meta name=\"twitter:label1\" content=\"Est. reading time\" \/>\n\t<meta name=\"twitter:data1\" content=\"2 minutes\" \/>\n<script type=\"application\/ld+json\" class=\"yoast-schema-graph\">{\"@context\":\"https:\/\/schema.org\",\"@graph\":[{\"@type\":\"WebPage\",\"@id\":\"https:\/\/www.capgemini.com\/pl-pl\/kariera\/twoja-kariera\/profesjonalne-communities\/kadry\/\",\"url\":\"https:\/\/www.capgemini.com\/pl-pl\/kariera\/twoja-kariera\/profesjonalne-communities\/kadry\/\",\"name\":\"Kadry - Capgemini Poland\",\"isPartOf\":{\"@id\":\"https:\/\/www.capgemini.com\/pl-pl\/#website\"},\"primaryImageOfPage\":{\"@id\":\"https:\/\/www.capgemini.com\/pl-pl\/kariera\/twoja-kariera\/profesjonalne-communities\/kadry\/#primaryimage\"},\"image\":{\"@id\":\"https:\/\/www.capgemini.com\/pl-pl\/kariera\/twoja-kariera\/profesjonalne-communities\/kadry\/#primaryimage\"},\"thumbnailUrl\":\"https:\/\/www.capgemini.com\/pl-pl\/wp-content\/uploads\/sites\/27\/2024\/06\/Capgemini-Invent-zmiana-strony-www-1.png\",\"datePublished\":\"2023-05-15T11:17:26+00:00\",\"dateModified\":\"2025-03-12T05:27:45+00:00\",\"description\":\"Jako specjalista b\u0105d\u017a specjalistka ds. HR b\u0119dziesz odgrywa\u0107 kluczow\u0105 rol\u0119 we wspieraniu strategii organizacji w zakresie talent\u00f3w.\",\"breadcrumb\":{\"@id\":\"https:\/\/www.capgemini.com\/pl-pl\/kariera\/twoja-kariera\/profesjonalne-communities\/kadry\/#breadcrumb\"},\"inLanguage\":\"pl-PL\",\"potentialAction\":[{\"@type\":\"ReadAction\",\"target\":[\"https:\/\/www.capgemini.com\/pl-pl\/kariera\/twoja-kariera\/profesjonalne-communities\/kadry\/\"]}]},{\"@type\":\"ImageObject\",\"inLanguage\":\"pl-PL\",\"@id\":\"https:\/\/www.capgemini.com\/pl-pl\/kariera\/twoja-kariera\/profesjonalne-communities\/kadry\/#primaryimage\",\"url\":\"https:\/\/www.capgemini.com\/pl-pl\/wp-content\/uploads\/sites\/27\/2024\/06\/Capgemini-Invent-zmiana-strony-www-1.png\",\"contentUrl\":\"https:\/\/www.capgemini.com\/pl-pl\/wp-content\/uploads\/sites\/27\/2024\/06\/Capgemini-Invent-zmiana-strony-www-1.png\",\"width\":940,\"height\":788,\"caption\":\"spotkanie rekrutacyjne kobiety w czarnym garniturze i m\u0119\u017cczyzny w koszuli\"},{\"@type\":\"BreadcrumbList\",\"@id\":\"https:\/\/www.capgemini.com\/pl-pl\/kariera\/twoja-kariera\/profesjonalne-communities\/kadry\/#breadcrumb\",\"itemListElement\":[{\"@type\":\"ListItem\",\"position\":1,\"name\":\"Home\",\"item\":\"https:\/\/www.capgemini.com\/pl-pl\/\"},{\"@type\":\"ListItem\",\"position\":2,\"name\":\"Kariera\",\"item\":\"https:\/\/www.capgemini.com\/pl-pl\/kariera\/\"},{\"@type\":\"ListItem\",\"position\":3,\"name\":\"Twoja kariera\",\"item\":\"https:\/\/www.capgemini.com\/pl-pl\/kariera\/twoja-kariera\/\"},{\"@type\":\"ListItem\",\"position\":4,\"name\":\"Globalne obszary rozwoju\",\"item\":\"https:\/\/www.capgemini.com\/pl-pl\/kariera\/twoja-kariera\/profesjonalne-communities\/\"},{\"@type\":\"ListItem\",\"position\":5,\"name\":\"Kadry\"}]},{\"@type\":\"WebSite\",\"@id\":\"https:\/\/www.capgemini.com\/pl-pl\/#website\",\"url\":\"https:\/\/www.capgemini.com\/pl-pl\/\",\"name\":\"Capgemini Polska\",\"description\":\"Capgemini\",\"potentialAction\":[{\"@type\":\"SearchAction\",\"target\":{\"@type\":\"EntryPoint\",\"urlTemplate\":\"https:\/\/www.capgemini.com\/pl-pl\/?s={search_term_string}\"},\"query-input\":\"required name=search_term_string\"}],\"inLanguage\":\"pl-PL\"}]}<\/script>\n<!-- \/ Yoast SEO Premium plugin. -->","yoast_head_json":{"title":"Kadry - Capgemini Poland","description":"Jako specjalista b\u0105d\u017a specjalistka ds. HR b\u0119dziesz odgrywa\u0107 kluczow\u0105 rol\u0119 we wspieraniu strategii organizacji w zakresie talent\u00f3w.","robots":{"index":"index","follow":"follow","max-snippet":"max-snippet:-1","max-image-preview":"max-image-preview:large","max-video-preview":"max-video-preview:-1"},"canonical":"https:\/\/www.capgemini.com\/pl-pl\/kariera\/twoja-kariera\/profesjonalne-communities\/kadry\/","og_locale":"pl_PL","og_type":"article","og_title":"Kadry","og_description":"Jako specjalista b\u0105d\u017a specjalistka ds. HR b\u0119dziesz odgrywa\u0107 kluczow\u0105 rol\u0119 we wspieraniu strategii organizacji w zakresie talent\u00f3w.","og_url":"https:\/\/www.capgemini.com\/pl-pl\/kariera\/twoja-kariera\/profesjonalne-communities\/kadry\/","og_site_name":"Capgemini Poland","article_modified_time":"2025-03-12T05:27:45+00:00","og_image":[{"url":"https:\/\/www.capgemini.com\/pl-pl\/wp-content\/uploads\/sites\/27\/2024\/06\/Capgemini-Invent-zmiana-strony-www-1.png"}],"twitter_card":"summary_large_image","twitter_misc":{"Est. reading time":"2 minutes"},"schema":{"@context":"https:\/\/schema.org","@graph":[{"@type":"WebPage","@id":"https:\/\/www.capgemini.com\/pl-pl\/kariera\/twoja-kariera\/profesjonalne-communities\/kadry\/","url":"https:\/\/www.capgemini.com\/pl-pl\/kariera\/twoja-kariera\/profesjonalne-communities\/kadry\/","name":"Kadry - Capgemini Poland","isPartOf":{"@id":"https:\/\/www.capgemini.com\/pl-pl\/#website"},"primaryImageOfPage":{"@id":"https:\/\/www.capgemini.com\/pl-pl\/kariera\/twoja-kariera\/profesjonalne-communities\/kadry\/#primaryimage"},"image":{"@id":"https:\/\/www.capgemini.com\/pl-pl\/kariera\/twoja-kariera\/profesjonalne-communities\/kadry\/#primaryimage"},"thumbnailUrl":"https:\/\/www.capgemini.com\/pl-pl\/wp-content\/uploads\/sites\/27\/2024\/06\/Capgemini-Invent-zmiana-strony-www-1.png","datePublished":"2023-05-15T11:17:26+00:00","dateModified":"2025-03-12T05:27:45+00:00","description":"Jako specjalista b\u0105d\u017a specjalistka ds. HR b\u0119dziesz odgrywa\u0107 kluczow\u0105 rol\u0119 we wspieraniu strategii organizacji w zakresie talent\u00f3w.","breadcrumb":{"@id":"https:\/\/www.capgemini.com\/pl-pl\/kariera\/twoja-kariera\/profesjonalne-communities\/kadry\/#breadcrumb"},"inLanguage":"pl-PL","potentialAction":[{"@type":"ReadAction","target":["https:\/\/www.capgemini.com\/pl-pl\/kariera\/twoja-kariera\/profesjonalne-communities\/kadry\/"]}]},{"@type":"ImageObject","inLanguage":"pl-PL","@id":"https:\/\/www.capgemini.com\/pl-pl\/kariera\/twoja-kariera\/profesjonalne-communities\/kadry\/#primaryimage","url":"https:\/\/www.capgemini.com\/pl-pl\/wp-content\/uploads\/sites\/27\/2024\/06\/Capgemini-Invent-zmiana-strony-www-1.png","contentUrl":"https:\/\/www.capgemini.com\/pl-pl\/wp-content\/uploads\/sites\/27\/2024\/06\/Capgemini-Invent-zmiana-strony-www-1.png","width":940,"height":788,"caption":"spotkanie rekrutacyjne kobiety w czarnym garniturze i m\u0119\u017cczyzny w koszuli"},{"@type":"BreadcrumbList","@id":"https:\/\/www.capgemini.com\/pl-pl\/kariera\/twoja-kariera\/profesjonalne-communities\/kadry\/#breadcrumb","itemListElement":[{"@type":"ListItem","position":1,"name":"Home","item":"https:\/\/www.capgemini.com\/pl-pl\/"},{"@type":"ListItem","position":2,"name":"Kariera","item":"https:\/\/www.capgemini.com\/pl-pl\/kariera\/"},{"@type":"ListItem","position":3,"name":"Twoja kariera","item":"https:\/\/www.capgemini.com\/pl-pl\/kariera\/twoja-kariera\/"},{"@type":"ListItem","position":4,"name":"Globalne obszary rozwoju","item":"https:\/\/www.capgemini.com\/pl-pl\/kariera\/twoja-kariera\/profesjonalne-communities\/"},{"@type":"ListItem","position":5,"name":"Kadry"}]},{"@type":"WebSite","@id":"https:\/\/www.capgemini.com\/pl-pl\/#website","url":"https:\/\/www.capgemini.com\/pl-pl\/","name":"Capgemini Polska","description":"Capgemini","potentialAction":[{"@type":"SearchAction","target":{"@type":"EntryPoint","urlTemplate":"https:\/\/www.capgemini.com\/pl-pl\/?s={search_term_string}"},"query-input":"required name=search_term_string"}],"inLanguage":"pl-PL"}]}},"brand_term":[],"parsely":{"version":"1.1.0","canonical_url":"https:\/\/capgemini.com\/pl-pl\/kariera\/twoja-kariera\/profesjonalne-communities\/kadry\/","smart_links":{"inbound":0,"outbound":0},"traffic_boost_suggestions_count":0,"meta":{"@context":"https:\/\/schema.org","@type":"WebPage","headline":"Kadry","url":"https:\/\/www.capgemini.com\/pl-pl\/kariera\/twoja-kariera\/profesjonalne-communities\/kadry\/","mainEntityOfPage":{"@type":"WebPage","@id":"https:\/\/www.capgemini.com\/pl-pl\/kariera\/twoja-kariera\/profesjonalne-communities\/kadry\/"},"thumbnailUrl":"","image":{"@type":"ImageObject","url":""},"articleSection":"Uncategorized","author":[],"creator":[],"publisher":{"@type":"Organization","name":"Capgemini Poland","logo":""},"keywords":[],"dateCreated":"2023-05-15T11:17:26Z","datePublished":"2023-05-15T11:17:26Z","dateModified":"2025-03-12T05:27:45Z"},"rendered":"<meta name=\"parsely-title\" content=\"Kadry\" \/>\n<meta name=\"parsely-link\" content=\"https:\/\/www.capgemini.com\/pl-pl\/kariera\/twoja-kariera\/profesjonalne-communities\/kadry\/\" \/>\n<meta name=\"parsely-type\" content=\"index\" \/>\n<meta name=\"parsely-pub-date\" content=\"2023-05-15T11:17:26Z\" \/>\n<meta name=\"parsely-section\" content=\"Uncategorized\" \/>","tracker_url":"https:\/\/cdn.parsely.com\/keys\/capgemini.com\/p.js"},"archive_status":false,"featured_image_src":"https:\/\/www.capgemini.com\/pl-pl\/wp-content\/themes\/capgemini2025\/assets\/images\/mockup.png","featured_image_alt":false,"jetpack_sharing_enabled":true,"distributor_meta":false,"distributor_terms":false,"distributor_media":false,"distributor_original_site_name":"Capgemini Poland","distributor_original_site_url":"https:\/\/www.capgemini.com\/pl-pl","push-errors":false,"_links":{"self":[{"href":"https:\/\/www.capgemini.com\/pl-pl\/wp-json\/wp\/v2\/pages\/895715","targetHints":{"allow":["GET"]}}],"collection":[{"href":"https:\/\/www.capgemini.com\/pl-pl\/wp-json\/wp\/v2\/pages"}],"about":[{"href":"https:\/\/www.capgemini.com\/pl-pl\/wp-json\/wp\/v2\/types\/page"}],"author":[{"embeddable":true,"href":"https:\/\/www.capgemini.com\/pl-pl\/wp-json\/wp\/v2\/users\/81"}],"replies":[{"embeddable":true,"href":"https:\/\/www.capgemini.com\/pl-pl\/wp-json\/wp\/v2\/comments?post=895715"}],"version-history":[{"count":11,"href":"https:\/\/www.capgemini.com\/pl-pl\/wp-json\/wp\/v2\/pages\/895715\/revisions"}],"predecessor-version":[{"id":909076,"href":"https:\/\/www.capgemini.com\/pl-pl\/wp-json\/wp\/v2\/pages\/895715\/revisions\/909076"}],"up":[{"embeddable":true,"href":"https:\/\/www.capgemini.com\/pl-pl\/wp-json\/wp\/v2\/pages\/660818"}],"wp:attachment":[{"href":"https:\/\/www.capgemini.com\/pl-pl\/wp-json\/wp\/v2\/media?parent=895715"}],"wp:term":[{"taxonomy":"brand","embeddable":true,"href":"https:\/\/www.capgemini.com\/pl-pl\/wp-json\/wp\/v2\/brand?post=895715"},{"taxonomy":"partner_type","embeddable":true,"href":"https:\/\/www.capgemini.com\/pl-pl\/wp-json\/wp\/v2\/partner_type?post=895715"},{"taxonomy":"service","embeddable":true,"href":"https:\/\/www.capgemini.com\/pl-pl\/wp-json\/wp\/v2\/service?post=895715"},{"taxonomy":"industry","embeddable":true,"href":"https:\/\/www.capgemini.com\/pl-pl\/wp-json\/wp\/v2\/industry?post=895715"},{"taxonomy":"partners","embeddable":true,"href":"https:\/\/www.capgemini.com\/pl-pl\/wp-json\/wp\/v2\/partners?post=895715"},{"taxonomy":"page-type","embeddable":true,"href":"https:\/\/www.capgemini.com\/pl-pl\/wp-json\/wp\/v2\/page-type?post=895715"},{"taxonomy":"content-group","embeddable":true,"href":"https:\/\/www.capgemini.com\/pl-pl\/wp-json\/wp\/v2\/content-group?post=895715"}],"curies":[{"name":"wp","href":"https:\/\/api.w.org\/{rel}","templated":true}]}}