{"id":895714,"date":"2023-05-15T13:13:47","date_gmt":"2023-05-15T11:13:47","guid":{"rendered":"https:\/\/www.capgemini.com\/?page_id=898203"},"modified":"2025-03-12T05:28:05","modified_gmt":"2025-03-12T05:28:05","slug":"procurement","status":"publish","type":"page","link":"https:\/\/www.capgemini.com\/pl-pl\/kariera\/twoja-kariera\/profesjonalne-communities\/zaopatrzenie\/","title":{"rendered":"Zaopatrzenie"},"content":{"rendered":"\n<div class=\"wp-block-cg-blocks-hero-picture-card undefined  heroPictureCard\"><div class=\"heroPictureCardBgs\"><picture><source srcset=\"https:\/\/www.capgemini.com\/wp-content\/uploads\/2023\/05\/14a.jpg?w=2880&amp;quality=70 1x, https:\/\/www.capgemini.com\/wp-content\/uploads\/2023\/05\/14a.jpg?w=2880&amp;quality=70 2x\" media=\"(min-width: 1500px)\"\/><source srcset=\"https:\/\/www.capgemini.com\/wp-content\/uploads\/2023\/05\/14a.jpg?w=1440&amp;quality=70 1x, https:\/\/www.capgemini.com\/wp-content\/uploads\/2023\/05\/14a.jpg?w=2880&amp;quality=70 2x\" media=\"(min-width: 992px)\"\/><source srcset=\"https:\/\/www.capgemini.com\/wp-content\/uploads\/2023\/05\/14a.jpg?w=1024&amp;quality=70 1x, https:\/\/www.capgemini.com\/wp-content\/uploads\/2023\/05\/14a.jpg?w=1024&amp;quality=70 2x\" media=\"(min-width: 768px)\"\/><source srcset=\"https:\/\/www.capgemini.com\/wp-content\/uploads\/2023\/05\/14a.jpg?w=768&amp;quality=70 1x, https:\/\/www.capgemini.com\/wp-content\/uploads\/2023\/05\/14a.jpg?w=768&amp;quality=70 2x\" media=\"(min-width: 0)\"\/><img decoding=\"async\" src=\"https:\/\/www.capgemini.com\/wp-content\/uploads\/2023\/05\/14a.jpg\" class=\"desktopImage\" alt=\"\" style=\"object-fit:cover;object-position:55.00000000000001% 22%\" loading=\"eager\"\/><\/picture><picture><source srcset=\"https:\/\/www.capgemini.com\/wp-content\/uploads\/2023\/05\/14a.jpg?w=2880&amp;quality=70 1x, https:\/\/www.capgemini.com\/wp-content\/uploads\/2023\/05\/14a.jpg?w=2880&amp;quality=70 2x\" media=\"(min-width: 1500px)\"\/><source srcset=\"https:\/\/www.capgemini.com\/wp-content\/uploads\/2023\/05\/14a.jpg?w=1440&amp;quality=70 1x, https:\/\/www.capgemini.com\/wp-content\/uploads\/2023\/05\/14a.jpg?w=2880&amp;quality=70 2x\" media=\"(min-width: 992px)\"\/><source srcset=\"https:\/\/www.capgemini.com\/wp-content\/uploads\/2023\/05\/14a.jpg?w=1024&amp;quality=70 1x, https:\/\/www.capgemini.com\/wp-content\/uploads\/2023\/05\/14a.jpg?w=1024&amp;quality=70 2x\" media=\"(min-width: 768px)\"\/><source srcset=\"https:\/\/www.capgemini.com\/wp-content\/uploads\/2023\/05\/14a.jpg?w=768&amp;quality=70 1x, https:\/\/www.capgemini.com\/wp-content\/uploads\/2023\/05\/14a.jpg?w=768&amp;quality=70 2x\" media=\"(min-width: 0)\"\/><img decoding=\"async\" src=\"https:\/\/www.capgemini.com\/wp-content\/uploads\/2023\/05\/14a.jpg\" class=\"mobileImage\" alt=\"\" style=\"object-fit:cover;object-position:55.00000000000001% 22%\" loading=\"eager\"\/><\/picture><\/div><div class=\"heroPictureCardHeaderShape\"><\/div><div class=\"container\"><div class=\"row\"><div class=\"col-md-8 col-lg-6\"><div class=\"heroPictureCardBox\"><div class=\"heroPictureCardBoxTitle\"><h1 data-maxlength=\"144\">Zaopatrzenie<\/h1><\/div><\/div><\/div><\/div><\/div><div class=\"small-device\"><div class=\"brandLogoWrapper\"> <\/div><\/div><\/div>\n\n\n\n<section class=\"wp-block-cg-blocks-group undefined section section--article-content\"><div class=\"article-main-content\"><div class=\"container\"><div class=\"row\"><div class=\"col-12 col-md-1\"><nav class=\"article-social\"><ul class=\"social-nav\"><li class=\"ip-order-fb\"><a href=\"https:\/\/www.facebook.com\/sharer\/sharer.php?u=https:\/\/www.capgemini.com\/pl-pl\/kariera\/twoja-kariera\/profesjonalne-communities\/zaopatrzenie\/\" target=\"_blank\" rel=\"noopener noreferrer\" title=\"otwiera si\u0119 w nowym oknie\"><i aria-hidden=\"true\" class=\"icon-fb\"><\/i><span class=\"sr-only\">Facebook<\/span><\/a><\/li><li class=\"ip-order-li\"><a href=\"https:\/\/www.linkedin.com\/sharing\/share-offsite\/?url=https:\/\/www.capgemini.com\/pl-pl\/kariera\/twoja-kariera\/profesjonalne-communities\/zaopatrzenie\/\" target=\"_blank\" rel=\"noopener noreferrer\" title=\"otwiera si\u0119 w nowym oknie\"><i aria-hidden=\"true\" class=\"icon-li\"><\/i><span class=\"sr-only\">Linkedin<\/span><\/a><\/li><\/ul><\/nav><\/div><div class=\"col-12 col-md-11 col-lg-10\"><div class=\"article-text article-quote-text\">\n<h2 class=\"wp-block-heading\" id=\"h-poznaj-mozliwosci-jakie-daje-ci-praca-w-globalnym-dziale-zakupow-capgemini\">Poznaj mo\u017cliwo\u015bci, jakie daje Ci praca w globalnym dziale zakup\u00f3w Capgemini<\/h2>\n\n\n\n<h4 class=\"wp-block-heading\" id=\"h-dzial-zakupow-zaopatrzenia-odgrywa-kluczowa-role-w-naszej-firmie-pracujace-tu-osoby-odpowiadaja-za-to-by-capgemini-pozyskiwalo-wszystkie-te-towary-i-uslugi-ktorych-potrzebuje-by-osiagac-swoje-cele-biznesowe-na-mozliwie-najlepszych-warunkach-jako-czesc-zespolu-ds-zakupow-bedziesz-scisle-wspolpracowac-z-wewnetrznymi-dzialami-a-takze-poszukiwac-nowych-dostawcow-negocjowac-umowy-i-zarzadzac-relacjami-bedziesz-odpowiadac-za-zwiekszanie-wartosci-poprzez-rownowazenie-kosztow-jakosci-i-ryzyka-z-korzyscia-dla-calej-firmy\" style=\"font-size:17px\">Dzia\u0142 zakup\u00f3w\/zaopatrzenia odgrywa kluczow\u0105 rol\u0119 w naszej firmie\u2013 pracuj\u0105ce tu osoby odpowiadaj\u0105 za to, by Capgemini pozyskiwa\u0142o wszystkie te towary i us\u0142ugi, kt\u00f3rych potrzebuje by osi\u0105ga\u0107 swoje cele biznesowe na mo\u017cliwie najlepszych warunkach.<br><br>Jako cz\u0119\u015b\u0107 zespo\u0142u ds. zakup\u00f3w b\u0119dziesz \u015bci\u015ble wsp\u00f3\u0142pracowa\u0107 z wewn\u0119trznymi dzia\u0142ami, a tak\u017ce  poszukiwa\u0107 nowych dostawc\u00f3w, negocjowa\u0107 umowy i zarz\u0105dza\u0107 relacjami. B\u0119dziesz odpowiada\u0107 za zwi\u0119kszanie warto\u015bci poprzez r\u00f3wnowa\u017cenie koszt\u00f3w, jako\u015bci i ryzyka, z korzy\u015bci\u0105 dla ca\u0142ej firmy.<\/h4>\n\n\n\n<h3 class=\"wp-block-heading\" id=\"h-w-ramach-tego-obszaru-mozesz-objac-role-takie-jak\"><strong>W ramach tego obszaru mo\u017cesz obj\u0105\u0107 role takie, jak:<\/strong><\/h3>\n\n\n\n<ul class=\"wp-block-list\">\n<li style=\"font-size:17px\">Strategic procurement manager<\/li>\n\n\n\n<li style=\"font-size:17px\">Operational buyer<\/li>\n\n\n\n<li style=\"font-size:17px\">Supplier management<\/li>\n\n\n\n<li style=\"font-size:17px\">External resource manager<\/li>\n\n\n\n<li style=\"font-size:17px\">Back office specialist<\/li>\n\n\n\n<li style=\"font-size:17px\">Procurement excellence manager.<\/li>\n<\/ul>\n<\/div><\/div><\/div><\/div><\/div><\/section>\n\n\n\n<section class=\"wp-block-cg-blocks-call-to-action undefined call-to-action-block is-style-cg-purple\"><div class=\"container\"><div class=\"call-to-action-block-content-wrapper has-description\"><div class=\"text-wrapper has-description\"> <p class=\"description\" data-maxlength=\"210\">Chcesz podj\u0105\u0107 wyzwanie? Znajd\u017a ofert\u0119, kt\u00f3ra najbardziej Ci odpowiada!<\/p><\/div><div class=\"button-wrapper has-description\"><a class=\" cta-btn action-valid\" href=\"https:\/\/www.capgemini.com\/pl-pl\/kariera\/oferty-pracy\/?page=1&amp;size=11&amp;professional_communities=Procurement&amp;country_code=pl-pl\" target=\"\" rel=\"noopener noreferrer\" aria-label=\"Oferty pracy o \" title=\"Otwiera si\u0119 w nowym oknie\" data-maxlength=\"24\" tabindex=\"0\"> Oferty pracy <\/a><\/div><\/div><\/div><\/section>\n\n\n\n<section class=\"wp-block-cg-blocks-learn-more learnMoreBlock updated-new-sample-amal\"><div class=\"container\"><div class=\"content-title\"><h2 class=\"learnmore-heading\">Inni sprawdzili r\u00f3wnie\u017c:<\/h2><\/div><div class=\"row\"><div class=\"col-md-4\"><div class=\"box\"><div class=\"box-wrapper\"><a class=\"box-title\" href=\"https:\/\/www.capgemini.com\/pl-pl\/kariera\/twoja-kariera\/twoja-kariera\/profesjonalne-communities\/finanse\/\" target=\"\" aria-label=\"Finanse\" rel=\"noopener noreferrer\"><div class=\"box-img-wrapper\"><img decoding=\"async\" src=\"https:\/\/www.capgemini.com\/wp-content\/uploads\/2023\/05\/MicrosoftTeams-image-33.jpg?w=500&amp;quality=70\" srcset=\"https:\/\/www.capgemini.com\/wp-content\/uploads\/2023\/05\/MicrosoftTeams-image-33.jpg?w=500&amp;quality=70 1x, https:\/\/www.capgemini.com\/wp-content\/uploads\/2023\/05\/MicrosoftTeams-image-33.jpg?w=1000&amp;quality=70 2x\" class=\"box-img\" alt=\"\" style=\"object-fit:cover;object-position:50% 50%\" loading=\"lazy\"\/><\/div><h3 class=\"titleWithoutLink_learnMore\">Finanse<\/h3><\/a><\/div><\/div><div class=\"box-inner\"><\/div><\/div><div class=\"col-md-4\"><div class=\"box\"><div class=\"box-wrapper\"><a class=\"box-title\" href=\"https:\/\/www.capgemini.com\/pl-pl\/kariera\/twoja-kariera\/twoja-kariera\/profesjonalne-communities\/zarzadzanie-miejscami-pracy\/\" target=\"\" aria-label=\"Zarz\u0105dzanie miejscami pracy\" rel=\"noopener noreferrer\"><div class=\"box-img-wrapper\"><img decoding=\"async\" src=\"https:\/\/www.capgemini.com\/wp-content\/uploads\/2023\/05\/MicrosoftTeams-image-36.jpg?w=500&amp;quality=70\" srcset=\"https:\/\/www.capgemini.com\/wp-content\/uploads\/2023\/05\/MicrosoftTeams-image-36.jpg?w=500&amp;quality=70 1x, https:\/\/www.capgemini.com\/wp-content\/uploads\/2023\/05\/MicrosoftTeams-image-36.jpg?w=1000&amp;quality=70 2x\" class=\"box-img\" alt=\"\" style=\"object-fit:cover;object-position:50% 50%\" loading=\"lazy\"\/><\/div><h3 class=\"titleWithoutLink_learnMore\">Zarz\u0105dzanie miejscami pracy<\/h3><\/a><\/div><\/div><div class=\"box-inner\"><\/div><\/div><div class=\"col-md-4\"><div class=\"box\"><div class=\"box-wrapper\"><a class=\"box-title\" href=\"https:\/\/www.capgemini.com\/pl-pl\/kariera\/twoja-kariera\/twoja-kariera\/profesjonalne-communities\/prawo\/\" target=\"\" aria-label=\"Prawo\" rel=\"noopener noreferrer\"><div class=\"box-img-wrapper\"><img decoding=\"async\" src=\"https:\/\/www.capgemini.com\/wp-content\/uploads\/2023\/05\/6a.jpg?w=500&amp;quality=70\" srcset=\"https:\/\/www.capgemini.com\/wp-content\/uploads\/2023\/05\/6a.jpg?w=500&amp;quality=70 1x, https:\/\/www.capgemini.com\/wp-content\/uploads\/2023\/05\/6a.jpg?w=1000&amp;quality=70 2x\" class=\"box-img\" alt=\"\" style=\"object-fit:cover;object-position:50% 50%\" loading=\"lazy\"\/><\/div><h3 class=\"titleWithoutLink_learnMore\">Prawo<\/h3><\/a><\/div><\/div><div class=\"box-inner\"><\/div><\/div><\/div><\/div><\/section>\n","protected":false},"excerpt":{"rendered":"<p>Explore procurement roles within the Capgemini Group.<\/p>\n","protected":false},"author":81,"featured_media":0,"parent":660818,"menu_order":12,"comment_status":"closed","ping_status":"closed","template":"","meta":{"cg_dt_proposed_to":[],"cg_seo_hreflang_relations":"[]","cg_seo_canonical_relation":"","cg_seo_hreflang_x_default_relation":"{\"uuid\":\"8d92e215-8345-4b6e-8d61-083e4cb32659\",\"blogId\":\"\",\"domain\":\"\",\"sitePath\":\"\",\"postLink\":\"\",\"postId\":null,\"isSaved\":true,\"isCrossLink\":false,\"hasCrossLink\":false}","cg_dt_approved_content":true,"cg_dt_mandatory_content":false,"cg_dt_notes":"","cg_dg_source_changed":true,"cg_dt_link_disabled":false,"_yoast_wpseo_primary_brand":"","footnotes":"","featured_focal_points":"","partner_card_description":"","gsap_animation":0},"brand":[],"partner_type":[],"service":[],"industry":[],"partners":[],"page-type":[161],"content-group":[],"class_list":["post-895714","page","type-page","status-publish","hentry","page-type-careers"],"yoast_head":"<!-- This site is optimized with the Yoast SEO Premium plugin v22.8 (Yoast SEO v22.8) - https:\/\/yoast.com\/wordpress\/plugins\/seo\/ -->\n<title>Zaopatrzenie - Capgemini Poland<\/title>\n<meta name=\"description\" content=\"Poznaj mo\u017cliwo\u015bci, jakie daje Ci praca w globalnym dziale zakup\u00f3w Capgemini.\" \/>\n<meta name=\"robots\" content=\"index, follow, max-snippet:-1, max-image-preview:large, max-video-preview:-1\" \/>\n<link rel=\"canonical\" href=\"https:\/\/www.capgemini.com\/pl-pl\/kariera\/twoja-kariera\/profesjonalne-communities\/zaopatrzenie\/\" \/>\n<meta property=\"og:locale\" content=\"pl_PL\" \/>\n<meta property=\"og:type\" content=\"article\" \/>\n<meta property=\"og:title\" content=\"Zaopatrzenie\" \/>\n<meta property=\"og:description\" content=\"Poznaj mo\u017cliwo\u015bci, jakie daje Ci praca w globalnym dziale zakup\u00f3w Capgemini.\" \/>\n<meta property=\"og:url\" content=\"https:\/\/www.capgemini.com\/pl-pl\/kariera\/twoja-kariera\/profesjonalne-communities\/zaopatrzenie\/\" \/>\n<meta property=\"og:site_name\" content=\"Capgemini Poland\" \/>\n<meta property=\"article:modified_time\" content=\"2025-03-12T05:28:05+00:00\" \/>\n<meta property=\"og:image\" content=\"https:\/\/prod.ucwe.capgemini.com\/wp-content\/uploads\/2023\/05\/14a.jpg\" \/>\n<meta name=\"twitter:card\" content=\"summary_large_image\" \/>\n<meta name=\"twitter:label1\" content=\"Est. reading time\" \/>\n\t<meta name=\"twitter:data1\" content=\"2 minutes\" \/>\n<script type=\"application\/ld+json\" class=\"yoast-schema-graph\">{\"@context\":\"https:\/\/schema.org\",\"@graph\":[{\"@type\":\"WebPage\",\"@id\":\"https:\/\/www.capgemini.com\/pl-pl\/kariera\/twoja-kariera\/profesjonalne-communities\/zaopatrzenie\/\",\"url\":\"https:\/\/www.capgemini.com\/pl-pl\/kariera\/twoja-kariera\/profesjonalne-communities\/zaopatrzenie\/\",\"name\":\"Zaopatrzenie - Capgemini Poland\",\"isPartOf\":{\"@id\":\"https:\/\/www.capgemini.com\/pl-pl\/#website\"},\"primaryImageOfPage\":{\"@id\":\"https:\/\/www.capgemini.com\/pl-pl\/kariera\/twoja-kariera\/profesjonalne-communities\/zaopatrzenie\/#primaryimage\"},\"image\":{\"@id\":\"https:\/\/www.capgemini.com\/pl-pl\/kariera\/twoja-kariera\/profesjonalne-communities\/zaopatrzenie\/#primaryimage\"},\"thumbnailUrl\":\"https:\/\/www.capgemini.com\/wp-content\/uploads\/2023\/05\/14a.jpg\",\"datePublished\":\"2023-05-15T11:13:47+00:00\",\"dateModified\":\"2025-03-12T05:28:05+00:00\",\"description\":\"Poznaj mo\u017cliwo\u015bci, jakie daje Ci praca w globalnym dziale zakup\u00f3w Capgemini.\",\"breadcrumb\":{\"@id\":\"https:\/\/www.capgemini.com\/pl-pl\/kariera\/twoja-kariera\/profesjonalne-communities\/zaopatrzenie\/#breadcrumb\"},\"inLanguage\":\"pl-PL\",\"potentialAction\":[{\"@type\":\"ReadAction\",\"target\":[\"https:\/\/www.capgemini.com\/pl-pl\/kariera\/twoja-kariera\/profesjonalne-communities\/zaopatrzenie\/\"]}]},{\"@type\":\"ImageObject\",\"inLanguage\":\"pl-PL\",\"@id\":\"https:\/\/www.capgemini.com\/pl-pl\/kariera\/twoja-kariera\/profesjonalne-communities\/zaopatrzenie\/#primaryimage\",\"url\":\"https:\/\/www.capgemini.com\/wp-content\/uploads\/2023\/05\/14a.jpg\",\"contentUrl\":\"https:\/\/www.capgemini.com\/wp-content\/uploads\/2023\/05\/14a.jpg\"},{\"@type\":\"BreadcrumbList\",\"@id\":\"https:\/\/www.capgemini.com\/pl-pl\/kariera\/twoja-kariera\/profesjonalne-communities\/zaopatrzenie\/#breadcrumb\",\"itemListElement\":[{\"@type\":\"ListItem\",\"position\":1,\"name\":\"Home\",\"item\":\"https:\/\/www.capgemini.com\/pl-pl\/\"},{\"@type\":\"ListItem\",\"position\":2,\"name\":\"Kariera\",\"item\":\"https:\/\/www.capgemini.com\/pl-pl\/kariera\/\"},{\"@type\":\"ListItem\",\"position\":3,\"name\":\"Twoja kariera\",\"item\":\"https:\/\/www.capgemini.com\/pl-pl\/kariera\/twoja-kariera\/\"},{\"@type\":\"ListItem\",\"position\":4,\"name\":\"Globalne obszary rozwoju\",\"item\":\"https:\/\/www.capgemini.com\/pl-pl\/kariera\/twoja-kariera\/profesjonalne-communities\/\"},{\"@type\":\"ListItem\",\"position\":5,\"name\":\"Zaopatrzenie\"}]},{\"@type\":\"WebSite\",\"@id\":\"https:\/\/www.capgemini.com\/pl-pl\/#website\",\"url\":\"https:\/\/www.capgemini.com\/pl-pl\/\",\"name\":\"Capgemini Polska\",\"description\":\"Capgemini\",\"potentialAction\":[{\"@type\":\"SearchAction\",\"target\":{\"@type\":\"EntryPoint\",\"urlTemplate\":\"https:\/\/www.capgemini.com\/pl-pl\/?s={search_term_string}\"},\"query-input\":\"required name=search_term_string\"}],\"inLanguage\":\"pl-PL\"}]}<\/script>\n<!-- \/ Yoast SEO Premium plugin. -->","yoast_head_json":{"title":"Zaopatrzenie - Capgemini Poland","description":"Poznaj mo\u017cliwo\u015bci, jakie daje Ci praca w globalnym dziale zakup\u00f3w Capgemini.","robots":{"index":"index","follow":"follow","max-snippet":"max-snippet:-1","max-image-preview":"max-image-preview:large","max-video-preview":"max-video-preview:-1"},"canonical":"https:\/\/www.capgemini.com\/pl-pl\/kariera\/twoja-kariera\/profesjonalne-communities\/zaopatrzenie\/","og_locale":"pl_PL","og_type":"article","og_title":"Zaopatrzenie","og_description":"Poznaj mo\u017cliwo\u015bci, jakie daje Ci praca w globalnym dziale zakup\u00f3w Capgemini.","og_url":"https:\/\/www.capgemini.com\/pl-pl\/kariera\/twoja-kariera\/profesjonalne-communities\/zaopatrzenie\/","og_site_name":"Capgemini Poland","article_modified_time":"2025-03-12T05:28:05+00:00","og_image":[{"url":"https:\/\/prod.ucwe.capgemini.com\/wp-content\/uploads\/2023\/05\/14a.jpg"}],"twitter_card":"summary_large_image","twitter_misc":{"Est. reading time":"2 minutes"},"schema":{"@context":"https:\/\/schema.org","@graph":[{"@type":"WebPage","@id":"https:\/\/www.capgemini.com\/pl-pl\/kariera\/twoja-kariera\/profesjonalne-communities\/zaopatrzenie\/","url":"https:\/\/www.capgemini.com\/pl-pl\/kariera\/twoja-kariera\/profesjonalne-communities\/zaopatrzenie\/","name":"Zaopatrzenie - Capgemini Poland","isPartOf":{"@id":"https:\/\/www.capgemini.com\/pl-pl\/#website"},"primaryImageOfPage":{"@id":"https:\/\/www.capgemini.com\/pl-pl\/kariera\/twoja-kariera\/profesjonalne-communities\/zaopatrzenie\/#primaryimage"},"image":{"@id":"https:\/\/www.capgemini.com\/pl-pl\/kariera\/twoja-kariera\/profesjonalne-communities\/zaopatrzenie\/#primaryimage"},"thumbnailUrl":"https:\/\/www.capgemini.com\/wp-content\/uploads\/2023\/05\/14a.jpg","datePublished":"2023-05-15T11:13:47+00:00","dateModified":"2025-03-12T05:28:05+00:00","description":"Poznaj mo\u017cliwo\u015bci, jakie daje Ci praca w globalnym dziale zakup\u00f3w Capgemini.","breadcrumb":{"@id":"https:\/\/www.capgemini.com\/pl-pl\/kariera\/twoja-kariera\/profesjonalne-communities\/zaopatrzenie\/#breadcrumb"},"inLanguage":"pl-PL","potentialAction":[{"@type":"ReadAction","target":["https:\/\/www.capgemini.com\/pl-pl\/kariera\/twoja-kariera\/profesjonalne-communities\/zaopatrzenie\/"]}]},{"@type":"ImageObject","inLanguage":"pl-PL","@id":"https:\/\/www.capgemini.com\/pl-pl\/kariera\/twoja-kariera\/profesjonalne-communities\/zaopatrzenie\/#primaryimage","url":"https:\/\/www.capgemini.com\/wp-content\/uploads\/2023\/05\/14a.jpg","contentUrl":"https:\/\/www.capgemini.com\/wp-content\/uploads\/2023\/05\/14a.jpg"},{"@type":"BreadcrumbList","@id":"https:\/\/www.capgemini.com\/pl-pl\/kariera\/twoja-kariera\/profesjonalne-communities\/zaopatrzenie\/#breadcrumb","itemListElement":[{"@type":"ListItem","position":1,"name":"Home","item":"https:\/\/www.capgemini.com\/pl-pl\/"},{"@type":"ListItem","position":2,"name":"Kariera","item":"https:\/\/www.capgemini.com\/pl-pl\/kariera\/"},{"@type":"ListItem","position":3,"name":"Twoja kariera","item":"https:\/\/www.capgemini.com\/pl-pl\/kariera\/twoja-kariera\/"},{"@type":"ListItem","position":4,"name":"Globalne obszary rozwoju","item":"https:\/\/www.capgemini.com\/pl-pl\/kariera\/twoja-kariera\/profesjonalne-communities\/"},{"@type":"ListItem","position":5,"name":"Zaopatrzenie"}]},{"@type":"WebSite","@id":"https:\/\/www.capgemini.com\/pl-pl\/#website","url":"https:\/\/www.capgemini.com\/pl-pl\/","name":"Capgemini Polska","description":"Capgemini","potentialAction":[{"@type":"SearchAction","target":{"@type":"EntryPoint","urlTemplate":"https:\/\/www.capgemini.com\/pl-pl\/?s={search_term_string}"},"query-input":"required name=search_term_string"}],"inLanguage":"pl-PL"}]}},"brand_term":[],"parsely":{"version":"1.1.0","canonical_url":"https:\/\/capgemini.com\/pl-pl\/kariera\/twoja-kariera\/profesjonalne-communities\/zaopatrzenie\/","smart_links":{"inbound":0,"outbound":0},"traffic_boost_suggestions_count":0,"meta":{"@context":"https:\/\/schema.org","@type":"WebPage","headline":"Zaopatrzenie","url":"https:\/\/www.capgemini.com\/pl-pl\/kariera\/twoja-kariera\/profesjonalne-communities\/zaopatrzenie\/","mainEntityOfPage":{"@type":"WebPage","@id":"https:\/\/www.capgemini.com\/pl-pl\/kariera\/twoja-kariera\/profesjonalne-communities\/zaopatrzenie\/"},"thumbnailUrl":"","image":{"@type":"ImageObject","url":""},"articleSection":"Uncategorized","author":[],"creator":[],"publisher":{"@type":"Organization","name":"Capgemini Poland","logo":""},"keywords":[],"dateCreated":"2023-05-15T11:13:47Z","datePublished":"2023-05-15T11:13:47Z","dateModified":"2025-03-12T05:28:05Z"},"rendered":"<meta name=\"parsely-title\" content=\"Zaopatrzenie\" \/>\n<meta name=\"parsely-link\" content=\"https:\/\/www.capgemini.com\/pl-pl\/kariera\/twoja-kariera\/profesjonalne-communities\/zaopatrzenie\/\" \/>\n<meta name=\"parsely-type\" content=\"index\" \/>\n<meta name=\"parsely-pub-date\" content=\"2023-05-15T11:13:47Z\" \/>\n<meta name=\"parsely-section\" content=\"Uncategorized\" \/>","tracker_url":"https:\/\/cdn.parsely.com\/keys\/capgemini.com\/p.js"},"archive_status":false,"featured_image_src":"https:\/\/www.capgemini.com\/pl-pl\/wp-content\/themes\/capgemini2025\/assets\/images\/mockup.png","featured_image_alt":false,"jetpack_sharing_enabled":true,"distributor_meta":false,"distributor_terms":false,"distributor_media":false,"distributor_original_site_name":"Capgemini Poland","distributor_original_site_url":"https:\/\/www.capgemini.com\/pl-pl","push-errors":false,"_links":{"self":[{"href":"https:\/\/www.capgemini.com\/pl-pl\/wp-json\/wp\/v2\/pages\/895714","targetHints":{"allow":["GET"]}}],"collection":[{"href":"https:\/\/www.capgemini.com\/pl-pl\/wp-json\/wp\/v2\/pages"}],"about":[{"href":"https:\/\/www.capgemini.com\/pl-pl\/wp-json\/wp\/v2\/types\/page"}],"author":[{"embeddable":true,"href":"https:\/\/www.capgemini.com\/pl-pl\/wp-json\/wp\/v2\/users\/81"}],"replies":[{"embeddable":true,"href":"https:\/\/www.capgemini.com\/pl-pl\/wp-json\/wp\/v2\/comments?post=895714"}],"version-history":[{"count":10,"href":"https:\/\/www.capgemini.com\/pl-pl\/wp-json\/wp\/v2\/pages\/895714\/revisions"}],"predecessor-version":[{"id":909077,"href":"https:\/\/www.capgemini.com\/pl-pl\/wp-json\/wp\/v2\/pages\/895714\/revisions\/909077"}],"up":[{"embeddable":true,"href":"https:\/\/www.capgemini.com\/pl-pl\/wp-json\/wp\/v2\/pages\/660818"}],"wp:attachment":[{"href":"https:\/\/www.capgemini.com\/pl-pl\/wp-json\/wp\/v2\/media?parent=895714"}],"wp:term":[{"taxonomy":"brand","embeddable":true,"href":"https:\/\/www.capgemini.com\/pl-pl\/wp-json\/wp\/v2\/brand?post=895714"},{"taxonomy":"partner_type","embeddable":true,"href":"https:\/\/www.capgemini.com\/pl-pl\/wp-json\/wp\/v2\/partner_type?post=895714"},{"taxonomy":"service","embeddable":true,"href":"https:\/\/www.capgemini.com\/pl-pl\/wp-json\/wp\/v2\/service?post=895714"},{"taxonomy":"industry","embeddable":true,"href":"https:\/\/www.capgemini.com\/pl-pl\/wp-json\/wp\/v2\/industry?post=895714"},{"taxonomy":"partners","embeddable":true,"href":"https:\/\/www.capgemini.com\/pl-pl\/wp-json\/wp\/v2\/partners?post=895714"},{"taxonomy":"page-type","embeddable":true,"href":"https:\/\/www.capgemini.com\/pl-pl\/wp-json\/wp\/v2\/page-type?post=895714"},{"taxonomy":"content-group","embeddable":true,"href":"https:\/\/www.capgemini.com\/pl-pl\/wp-json\/wp\/v2\/content-group?post=895714"}],"curies":[{"name":"wp","href":"https:\/\/api.w.org\/{rel}","templated":true}]}}