{"id":895709,"date":"2023-05-15T12:57:33","date_gmt":"2023-05-15T10:57:33","guid":{"rendered":"https:\/\/www.capgemini.com\/?page_id=898174"},"modified":"2025-03-12T05:29:38","modified_gmt":"2025-03-12T05:29:38","slug":"creative-and-design","status":"publish","type":"page","link":"https:\/\/www.capgemini.com\/pl-pl\/kariera\/twoja-kariera\/profesjonalne-communities\/kreatywne-projektowanie\/","title":{"rendered":"Kreatywne projektowanie"},"content":{"rendered":"\n<div class=\"wp-block-cg-blocks-hero-picture-card undefined  heroPictureCard\"><div class=\"heroPictureCardBgs\"><picture><source srcset=\"https:\/\/www.capgemini.com\/wp-content\/uploads\/2023\/05\/12b.jpg?w=2880&amp;quality=70 1x, https:\/\/www.capgemini.com\/wp-content\/uploads\/2023\/05\/12b.jpg?w=2880&amp;quality=70 2x\" media=\"(min-width: 1500px)\"\/><source srcset=\"https:\/\/www.capgemini.com\/wp-content\/uploads\/2023\/05\/12b.jpg?w=1440&amp;quality=70 1x, https:\/\/www.capgemini.com\/wp-content\/uploads\/2023\/05\/12b.jpg?w=2880&amp;quality=70 2x\" media=\"(min-width: 992px)\"\/><source srcset=\"https:\/\/www.capgemini.com\/wp-content\/uploads\/2023\/05\/12b.jpg?w=1024&amp;quality=70 1x, https:\/\/www.capgemini.com\/wp-content\/uploads\/2023\/05\/12b.jpg?w=1024&amp;quality=70 2x\" media=\"(min-width: 768px)\"\/><source srcset=\"https:\/\/www.capgemini.com\/wp-content\/uploads\/2023\/05\/12b.jpg?w=768&amp;quality=70 1x, https:\/\/www.capgemini.com\/wp-content\/uploads\/2023\/05\/12b.jpg?w=768&amp;quality=70 2x\" media=\"(min-width: 0)\"\/><img decoding=\"async\" src=\"https:\/\/www.capgemini.com\/wp-content\/uploads\/2023\/05\/12b.jpg\" class=\"desktopImage\" alt=\"\" style=\"object-fit:cover;object-position:41% 26%\" loading=\"eager\"\/><\/picture><picture><source srcset=\"https:\/\/www.capgemini.com\/wp-content\/uploads\/2023\/05\/12b.jpg?w=2880&amp;quality=70 1x, https:\/\/www.capgemini.com\/wp-content\/uploads\/2023\/05\/12b.jpg?w=2880&amp;quality=70 2x\" media=\"(min-width: 1500px)\"\/><source srcset=\"https:\/\/www.capgemini.com\/wp-content\/uploads\/2023\/05\/12b.jpg?w=1440&amp;quality=70 1x, https:\/\/www.capgemini.com\/wp-content\/uploads\/2023\/05\/12b.jpg?w=2880&amp;quality=70 2x\" media=\"(min-width: 992px)\"\/><source srcset=\"https:\/\/www.capgemini.com\/wp-content\/uploads\/2023\/05\/12b.jpg?w=1024&amp;quality=70 1x, https:\/\/www.capgemini.com\/wp-content\/uploads\/2023\/05\/12b.jpg?w=1024&amp;quality=70 2x\" media=\"(min-width: 768px)\"\/><source srcset=\"https:\/\/www.capgemini.com\/wp-content\/uploads\/2023\/05\/12b.jpg?w=768&amp;quality=70 1x, https:\/\/www.capgemini.com\/wp-content\/uploads\/2023\/05\/12b.jpg?w=768&amp;quality=70 2x\" media=\"(min-width: 0)\"\/><img decoding=\"async\" src=\"https:\/\/www.capgemini.com\/wp-content\/uploads\/2023\/05\/12b.jpg\" class=\"mobileImage\" alt=\"\" style=\"object-fit:cover;object-position:41% 26%\" loading=\"eager\"\/><\/picture><\/div><div class=\"heroPictureCardHeaderShape\"><\/div><div class=\"container\"><div class=\"row\"><div class=\"col-md-8 col-lg-6\"><div class=\"heroPictureCardBox\"><div class=\"heroPictureCardBoxTitle\"><h1 data-maxlength=\"144\">Kreatywne projektowanie<\/h1><\/div><\/div><\/div><\/div><\/div><div class=\"small-device\"><div class=\"brandLogoWrapper\"> <\/div><\/div><\/div>\n\n\n\n<section class=\"wp-block-cg-blocks-intro-para undefined section section--intro\"><div class=\"intro-para\"><div class=\"container\"><div class=\"row\"><div class=\"col-12 col-md-1\"><nav class=\"article-social\"><ul class=\"social-nav\"><li class=\"ip-order-fb\"><a href=\"https:\/\/www.facebook.com\/sharer\/sharer.php?u=https:\/\/www.capgemini.com\/pl-pl\/kariera\/twoja-kariera\/profesjonalne-communities\/kreatywne-projektowanie\/\" target=\"_blank\" rel=\"noopener noreferrer\" title=\"otwiera si\u0119 w nowym oknie\"><i aria-hidden=\"true\" class=\"icon-fb\"><\/i><span class=\"sr-only\">Facebook<\/span><\/a><\/li><li class=\"ip-order-li\"><a href=\"https:\/\/www.linkedin.com\/sharing\/share-offsite\/?url=https:\/\/www.capgemini.com\/pl-pl\/kariera\/twoja-kariera\/profesjonalne-communities\/kreatywne-projektowanie\/\" target=\"_blank\" rel=\"noopener noreferrer\" title=\"otwiera si\u0119 w nowym oknie\"><i aria-hidden=\"true\" class=\"icon-li\"><\/i><span class=\"sr-only\">Linkedin<\/span><\/a><\/li><\/ul><\/nav><\/div><div class=\"col-12 col-md-11 col-lg-10\"><h2 class=\"intro-para-title\">Do\u0142\u0105cz do naszego zespo\u0142u i rozwijaj si\u0119 w obszarze kreatywnego projektowania. <\/h2><p class=\"intro-para-content\">Jako ekspert lub ekspertka w dziedzinie projektowania b\u0119dziesz spe\u0142nia\u0107 oczekiwania odbiorc\u00f3w ko\u0144cowych i realizowa\u0107 strategi\u0119 biznesow\u0105 za pomoc\u0105 naszej wizji technologicznej, prowadz\u0105cej do tworzenia nowych produkt\u00f3w, us\u0142ug i do\u015bwiadcze\u0144.<br><br>Ten dzia\u0142 w naszej firmie obejmuje cztery kluczowe obszary: design, kreacj\u0119 marki i tre\u015bci, kreatywn\u0105 technologi\u0119 oraz zarz\u0105dzanie programami. W swojej roli b\u0119dziesz wspiera\u0107 innowacje, kreatywne podej\u015bcie do projektowania zorientowanego na u\u017cytkownika, jednocze\u015bnie tworz\u0105c skuteczne produkty i do\u015bwiadczenia.<br><br><strong>W<\/strong> <strong>ramach tego obszaru mo\u017cesz obj\u0105\u0107 role takie, jak:<\/strong><\/p><ul class=\"box-list\"><li>Brand and creative advisor<\/li><li>Creative and design project manager<\/li><li>Content and campaign advisor<\/li><li>Product and services advisor.<\/li><\/ul><\/div><\/div><\/div><\/div><\/section>\n\n\n\n<section class=\"wp-block-cg-blocks-call-to-action undefined call-to-action-block is-style-cg-purple\"><div class=\"container\"><div class=\"call-to-action-block-content-wrapper has-description\"><div class=\"text-wrapper has-description\"> <p class=\"description\" data-maxlength=\"210\">Podejmij wyzwanie i do\u0142\u0105cz do naszego zespo\u0142u!<\/p><\/div><div class=\"button-wrapper has-description\"><a class=\" cta-btn action-valid\" href=\"https:\/\/www.capgemini.com\/pl-pl\/kariera\/oferty-pracy\/?page=1&amp;size=11&amp;professional_communities=Creative+%26+Design&amp;country_code=pl-pl\" target=\"\" rel=\"noopener noreferrer\" aria-label=\"Oferty pracy o \" title=\"Otwiera si\u0119 w nowym oknie\" data-maxlength=\"24\" tabindex=\"0\"> Oferty pracy <\/a><\/div><\/div><\/div><\/section>\n\n\n\n<section class=\"wp-block-cg-blocks-learn-more learnMoreBlock updated-new-sample-amal\"><div class=\"container\"><div class=\"content-title\"><h2 class=\"learnmore-heading\">People also viewed<\/h2><\/div><div class=\"row\"><div class=\"col-md-4\"><div class=\"box\"><div class=\"box-wrapper\"><a class=\"box-title\" href=\"https:\/\/www.capgemini.com\/pl-pl\/kariera\/twoja-kariera\/twoja-kariera\/profesjonalne-communities\/strategia-i-transformacja\/\" target=\"\" aria-label=\"Strategia i transformacja\" rel=\"noopener noreferrer\"><div class=\"box-img-wrapper\"><img decoding=\"async\" src=\"https:\/\/www.capgemini.com\/wp-content\/uploads\/2023\/05\/21b.jpg?w=500&amp;quality=70\" srcset=\"https:\/\/www.capgemini.com\/wp-content\/uploads\/2023\/05\/21b.jpg?w=500&amp;quality=70 1x, https:\/\/www.capgemini.com\/wp-content\/uploads\/2023\/05\/21b.jpg?w=1000&amp;quality=70 2x\" class=\"box-img\" alt=\"\" style=\"object-fit:cover;object-position:50% 50%\" loading=\"lazy\"\/><\/div><h3 class=\"titleWithoutLink_learnMore\">Strategia i transformacja<\/h3><\/a><\/div><\/div><div class=\"box-inner\"><\/div><\/div><div class=\"col-md-4\"><div class=\"box\"><div class=\"box-wrapper\"><a class=\"box-title\" href=\"https:\/\/www.capgemini.com\/pl-pl\/kariera\/twoja-kariera\/twoja-kariera\/profesjonalne-communities\/rozwiazania-saas\/\" target=\"\" aria-label=\"Rozwi\u0105zania SaaS\" rel=\"noopener noreferrer\"><div class=\"box-img-wrapper\"><img decoding=\"async\" src=\"https:\/\/www.capgemini.com\/wp-content\/uploads\/2023\/05\/8b.jpg?w=500&amp;quality=70\" srcset=\"https:\/\/www.capgemini.com\/wp-content\/uploads\/2023\/05\/8b.jpg?w=500&amp;quality=70 1x, https:\/\/www.capgemini.com\/wp-content\/uploads\/2023\/05\/8b.jpg?w=1000&amp;quality=70 2x\" class=\"box-img\" alt=\"\" style=\"object-fit:cover;object-position:50% 50%\" loading=\"lazy\"\/><\/div><h3 class=\"titleWithoutLink_learnMore\">Rozwi\u0105zania SaaS<\/h3><\/a><\/div><\/div><div class=\"box-inner\"><\/div><\/div><div class=\"col-md-4\"><div class=\"box\"><div class=\"box-wrapper\"><a class=\"box-title\" href=\"https:\/\/www.capgemini.com\/pl-pl\/kariera\/twoja-kariera\/twoja-kariera\/profesjonalne-communities\/marketing-i-komunikacja\/\" target=\"\" aria-label=\"Marketing i komunikacja\" rel=\"noopener noreferrer\"><div class=\"box-img-wrapper\"><img decoding=\"async\" src=\"https:\/\/www.capgemini.com\/wp-content\/uploads\/2023\/05\/17a.jpg?w=500&amp;quality=70\" srcset=\"https:\/\/www.capgemini.com\/wp-content\/uploads\/2023\/05\/17a.jpg?w=500&amp;quality=70 1x, https:\/\/www.capgemini.com\/wp-content\/uploads\/2023\/05\/17a.jpg?w=1000&amp;quality=70 2x\" class=\"box-img\" alt=\"\" style=\"object-fit:cover;object-position:50% 50%\" loading=\"lazy\"\/><\/div><h3 class=\"titleWithoutLink_learnMore\">Marketing i komunikacja<\/h3><\/a><\/div><\/div><div class=\"box-inner\"><\/div><\/div><\/div><\/div><\/section>\n","protected":false},"excerpt":{"rendered":"<p>Join our creative and design team.<\/p>\n","protected":false},"author":81,"featured_media":0,"parent":660818,"menu_order":7,"comment_status":"closed","ping_status":"closed","template":"","meta":{"cg_dt_proposed_to":[],"cg_seo_hreflang_relations":"[]","cg_seo_canonical_relation":"","cg_seo_hreflang_x_default_relation":"{\"uuid\":\"ceaa8084-71fc-4c32-928b-3047d1d584ec\",\"blogId\":\"\",\"domain\":\"\",\"sitePath\":\"\",\"postLink\":\"\",\"postId\":null,\"isSaved\":true,\"isCrossLink\":false,\"hasCrossLink\":false}","cg_dt_approved_content":true,"cg_dt_mandatory_content":false,"cg_dt_notes":"","cg_dg_source_changed":true,"cg_dt_link_disabled":false,"_yoast_wpseo_primary_brand":"","footnotes":"","featured_focal_points":"","partner_card_description":"","gsap_animation":0},"brand":[],"partner_type":[],"service":[],"industry":[],"partners":[],"page-type":[161],"content-group":[],"class_list":["post-895709","page","type-page","status-publish","hentry","page-type-careers"],"yoast_head":"<!-- This site is optimized with the Yoast SEO Premium plugin v22.8 (Yoast SEO v22.8) - https:\/\/yoast.com\/wordpress\/plugins\/seo\/ -->\n<title>Kreatywne projektowanie - Capgemini Poland<\/title>\n<meta name=\"description\" content=\"Do\u0142\u0105cz do naszego zespo\u0142u i rozwijaj si\u0119 w obszarze kreacji i designu.\" \/>\n<meta name=\"robots\" content=\"index, follow, max-snippet:-1, max-image-preview:large, max-video-preview:-1\" \/>\n<link rel=\"canonical\" href=\"https:\/\/www.capgemini.com\/pl-pl\/kariera\/twoja-kariera\/profesjonalne-communities\/kreatywne-projektowanie\/\" \/>\n<meta property=\"og:locale\" content=\"pl_PL\" \/>\n<meta property=\"og:type\" content=\"article\" \/>\n<meta property=\"og:title\" content=\"Kreatywne projektowanie\" \/>\n<meta property=\"og:description\" content=\"Do\u0142\u0105cz do naszego zespo\u0142u i rozwijaj si\u0119 w obszarze kreacji i designu.\" \/>\n<meta property=\"og:url\" content=\"https:\/\/www.capgemini.com\/pl-pl\/kariera\/twoja-kariera\/profesjonalne-communities\/kreatywne-projektowanie\/\" \/>\n<meta property=\"og:site_name\" content=\"Capgemini Poland\" \/>\n<meta property=\"article:modified_time\" content=\"2025-03-12T05:29:38+00:00\" \/>\n<meta property=\"og:image\" content=\"https:\/\/prod.ucwe.capgemini.com\/wp-content\/uploads\/2023\/05\/12b.jpg\" \/>\n<meta name=\"twitter:card\" content=\"summary_large_image\" \/>\n<script type=\"application\/ld+json\" class=\"yoast-schema-graph\">{\"@context\":\"https:\/\/schema.org\",\"@graph\":[{\"@type\":\"WebPage\",\"@id\":\"https:\/\/www.capgemini.com\/pl-pl\/kariera\/twoja-kariera\/profesjonalne-communities\/kreatywne-projektowanie\/\",\"url\":\"https:\/\/www.capgemini.com\/pl-pl\/kariera\/twoja-kariera\/profesjonalne-communities\/kreatywne-projektowanie\/\",\"name\":\"Kreatywne projektowanie - Capgemini Poland\",\"isPartOf\":{\"@id\":\"https:\/\/www.capgemini.com\/pl-pl\/#website\"},\"primaryImageOfPage\":{\"@id\":\"https:\/\/www.capgemini.com\/pl-pl\/kariera\/twoja-kariera\/profesjonalne-communities\/kreatywne-projektowanie\/#primaryimage\"},\"image\":{\"@id\":\"https:\/\/www.capgemini.com\/pl-pl\/kariera\/twoja-kariera\/profesjonalne-communities\/kreatywne-projektowanie\/#primaryimage\"},\"thumbnailUrl\":\"https:\/\/www.capgemini.com\/wp-content\/uploads\/2023\/05\/12b.jpg\",\"datePublished\":\"2023-05-15T10:57:33+00:00\",\"dateModified\":\"2025-03-12T05:29:38+00:00\",\"description\":\"Do\u0142\u0105cz do naszego zespo\u0142u i rozwijaj si\u0119 w obszarze kreacji i designu.\",\"breadcrumb\":{\"@id\":\"https:\/\/www.capgemini.com\/pl-pl\/kariera\/twoja-kariera\/profesjonalne-communities\/kreatywne-projektowanie\/#breadcrumb\"},\"inLanguage\":\"pl-PL\",\"potentialAction\":[{\"@type\":\"ReadAction\",\"target\":[\"https:\/\/www.capgemini.com\/pl-pl\/kariera\/twoja-kariera\/profesjonalne-communities\/kreatywne-projektowanie\/\"]}]},{\"@type\":\"ImageObject\",\"inLanguage\":\"pl-PL\",\"@id\":\"https:\/\/www.capgemini.com\/pl-pl\/kariera\/twoja-kariera\/profesjonalne-communities\/kreatywne-projektowanie\/#primaryimage\",\"url\":\"https:\/\/www.capgemini.com\/wp-content\/uploads\/2023\/05\/12b.jpg\",\"contentUrl\":\"https:\/\/www.capgemini.com\/wp-content\/uploads\/2023\/05\/12b.jpg\"},{\"@type\":\"BreadcrumbList\",\"@id\":\"https:\/\/www.capgemini.com\/pl-pl\/kariera\/twoja-kariera\/profesjonalne-communities\/kreatywne-projektowanie\/#breadcrumb\",\"itemListElement\":[{\"@type\":\"ListItem\",\"position\":1,\"name\":\"Home\",\"item\":\"https:\/\/www.capgemini.com\/pl-pl\/\"},{\"@type\":\"ListItem\",\"position\":2,\"name\":\"Kariera\",\"item\":\"https:\/\/www.capgemini.com\/pl-pl\/kariera\/\"},{\"@type\":\"ListItem\",\"position\":3,\"name\":\"Twoja kariera\",\"item\":\"https:\/\/www.capgemini.com\/pl-pl\/kariera\/twoja-kariera\/\"},{\"@type\":\"ListItem\",\"position\":4,\"name\":\"Globalne obszary rozwoju\",\"item\":\"https:\/\/www.capgemini.com\/pl-pl\/kariera\/twoja-kariera\/profesjonalne-communities\/\"},{\"@type\":\"ListItem\",\"position\":5,\"name\":\"Kreatywne projektowanie\"}]},{\"@type\":\"WebSite\",\"@id\":\"https:\/\/www.capgemini.com\/pl-pl\/#website\",\"url\":\"https:\/\/www.capgemini.com\/pl-pl\/\",\"name\":\"Capgemini Polska\",\"description\":\"Capgemini\",\"potentialAction\":[{\"@type\":\"SearchAction\",\"target\":{\"@type\":\"EntryPoint\",\"urlTemplate\":\"https:\/\/www.capgemini.com\/pl-pl\/?s={search_term_string}\"},\"query-input\":\"required name=search_term_string\"}],\"inLanguage\":\"pl-PL\"}]}<\/script>\n<!-- \/ Yoast SEO Premium plugin. -->","yoast_head_json":{"title":"Kreatywne projektowanie - Capgemini Poland","description":"Do\u0142\u0105cz do naszego zespo\u0142u i rozwijaj si\u0119 w obszarze kreacji i designu.","robots":{"index":"index","follow":"follow","max-snippet":"max-snippet:-1","max-image-preview":"max-image-preview:large","max-video-preview":"max-video-preview:-1"},"canonical":"https:\/\/www.capgemini.com\/pl-pl\/kariera\/twoja-kariera\/profesjonalne-communities\/kreatywne-projektowanie\/","og_locale":"pl_PL","og_type":"article","og_title":"Kreatywne projektowanie","og_description":"Do\u0142\u0105cz do naszego zespo\u0142u i rozwijaj si\u0119 w obszarze kreacji i designu.","og_url":"https:\/\/www.capgemini.com\/pl-pl\/kariera\/twoja-kariera\/profesjonalne-communities\/kreatywne-projektowanie\/","og_site_name":"Capgemini Poland","article_modified_time":"2025-03-12T05:29:38+00:00","og_image":[{"url":"https:\/\/prod.ucwe.capgemini.com\/wp-content\/uploads\/2023\/05\/12b.jpg"}],"twitter_card":"summary_large_image","schema":{"@context":"https:\/\/schema.org","@graph":[{"@type":"WebPage","@id":"https:\/\/www.capgemini.com\/pl-pl\/kariera\/twoja-kariera\/profesjonalne-communities\/kreatywne-projektowanie\/","url":"https:\/\/www.capgemini.com\/pl-pl\/kariera\/twoja-kariera\/profesjonalne-communities\/kreatywne-projektowanie\/","name":"Kreatywne projektowanie - Capgemini Poland","isPartOf":{"@id":"https:\/\/www.capgemini.com\/pl-pl\/#website"},"primaryImageOfPage":{"@id":"https:\/\/www.capgemini.com\/pl-pl\/kariera\/twoja-kariera\/profesjonalne-communities\/kreatywne-projektowanie\/#primaryimage"},"image":{"@id":"https:\/\/www.capgemini.com\/pl-pl\/kariera\/twoja-kariera\/profesjonalne-communities\/kreatywne-projektowanie\/#primaryimage"},"thumbnailUrl":"https:\/\/www.capgemini.com\/wp-content\/uploads\/2023\/05\/12b.jpg","datePublished":"2023-05-15T10:57:33+00:00","dateModified":"2025-03-12T05:29:38+00:00","description":"Do\u0142\u0105cz do naszego zespo\u0142u i rozwijaj si\u0119 w obszarze kreacji i designu.","breadcrumb":{"@id":"https:\/\/www.capgemini.com\/pl-pl\/kariera\/twoja-kariera\/profesjonalne-communities\/kreatywne-projektowanie\/#breadcrumb"},"inLanguage":"pl-PL","potentialAction":[{"@type":"ReadAction","target":["https:\/\/www.capgemini.com\/pl-pl\/kariera\/twoja-kariera\/profesjonalne-communities\/kreatywne-projektowanie\/"]}]},{"@type":"ImageObject","inLanguage":"pl-PL","@id":"https:\/\/www.capgemini.com\/pl-pl\/kariera\/twoja-kariera\/profesjonalne-communities\/kreatywne-projektowanie\/#primaryimage","url":"https:\/\/www.capgemini.com\/wp-content\/uploads\/2023\/05\/12b.jpg","contentUrl":"https:\/\/www.capgemini.com\/wp-content\/uploads\/2023\/05\/12b.jpg"},{"@type":"BreadcrumbList","@id":"https:\/\/www.capgemini.com\/pl-pl\/kariera\/twoja-kariera\/profesjonalne-communities\/kreatywne-projektowanie\/#breadcrumb","itemListElement":[{"@type":"ListItem","position":1,"name":"Home","item":"https:\/\/www.capgemini.com\/pl-pl\/"},{"@type":"ListItem","position":2,"name":"Kariera","item":"https:\/\/www.capgemini.com\/pl-pl\/kariera\/"},{"@type":"ListItem","position":3,"name":"Twoja kariera","item":"https:\/\/www.capgemini.com\/pl-pl\/kariera\/twoja-kariera\/"},{"@type":"ListItem","position":4,"name":"Globalne obszary rozwoju","item":"https:\/\/www.capgemini.com\/pl-pl\/kariera\/twoja-kariera\/profesjonalne-communities\/"},{"@type":"ListItem","position":5,"name":"Kreatywne projektowanie"}]},{"@type":"WebSite","@id":"https:\/\/www.capgemini.com\/pl-pl\/#website","url":"https:\/\/www.capgemini.com\/pl-pl\/","name":"Capgemini Polska","description":"Capgemini","potentialAction":[{"@type":"SearchAction","target":{"@type":"EntryPoint","urlTemplate":"https:\/\/www.capgemini.com\/pl-pl\/?s={search_term_string}"},"query-input":"required name=search_term_string"}],"inLanguage":"pl-PL"}]}},"brand_term":[],"parsely":{"version":"1.1.0","canonical_url":"https:\/\/capgemini.com\/pl-pl\/kariera\/twoja-kariera\/profesjonalne-communities\/kreatywne-projektowanie\/","smart_links":{"inbound":0,"outbound":0},"traffic_boost_suggestions_count":0,"meta":{"@context":"https:\/\/schema.org","@type":"WebPage","headline":"Kreatywne projektowanie","url":"https:\/\/www.capgemini.com\/pl-pl\/kariera\/twoja-kariera\/profesjonalne-communities\/kreatywne-projektowanie\/","mainEntityOfPage":{"@type":"WebPage","@id":"https:\/\/www.capgemini.com\/pl-pl\/kariera\/twoja-kariera\/profesjonalne-communities\/kreatywne-projektowanie\/"},"thumbnailUrl":"","image":{"@type":"ImageObject","url":""},"articleSection":"Uncategorized","author":[],"creator":[],"publisher":{"@type":"Organization","name":"Capgemini Poland","logo":""},"keywords":[],"dateCreated":"2023-05-15T10:57:33Z","datePublished":"2023-05-15T10:57:33Z","dateModified":"2025-03-12T05:29:38Z"},"rendered":"<meta name=\"parsely-title\" content=\"Kreatywne projektowanie\" \/>\n<meta name=\"parsely-link\" content=\"https:\/\/www.capgemini.com\/pl-pl\/kariera\/twoja-kariera\/profesjonalne-communities\/kreatywne-projektowanie\/\" \/>\n<meta name=\"parsely-type\" content=\"index\" \/>\n<meta name=\"parsely-pub-date\" content=\"2023-05-15T10:57:33Z\" \/>\n<meta name=\"parsely-section\" content=\"Uncategorized\" \/>","tracker_url":"https:\/\/cdn.parsely.com\/keys\/capgemini.com\/p.js"},"archive_status":false,"featured_image_src":"https:\/\/www.capgemini.com\/pl-pl\/wp-content\/themes\/capgemini2025\/assets\/images\/mockup.png","featured_image_alt":false,"jetpack_sharing_enabled":true,"distributor_meta":false,"distributor_terms":false,"distributor_media":false,"distributor_original_site_name":"Capgemini Poland","distributor_original_site_url":"https:\/\/www.capgemini.com\/pl-pl","push-errors":false,"_links":{"self":[{"href":"https:\/\/www.capgemini.com\/pl-pl\/wp-json\/wp\/v2\/pages\/895709","targetHints":{"allow":["GET"]}}],"collection":[{"href":"https:\/\/www.capgemini.com\/pl-pl\/wp-json\/wp\/v2\/pages"}],"about":[{"href":"https:\/\/www.capgemini.com\/pl-pl\/wp-json\/wp\/v2\/types\/page"}],"author":[{"embeddable":true,"href":"https:\/\/www.capgemini.com\/pl-pl\/wp-json\/wp\/v2\/users\/81"}],"replies":[{"embeddable":true,"href":"https:\/\/www.capgemini.com\/pl-pl\/wp-json\/wp\/v2\/comments?post=895709"}],"version-history":[{"count":6,"href":"https:\/\/www.capgemini.com\/pl-pl\/wp-json\/wp\/v2\/pages\/895709\/revisions"}],"predecessor-version":[{"id":909081,"href":"https:\/\/www.capgemini.com\/pl-pl\/wp-json\/wp\/v2\/pages\/895709\/revisions\/909081"}],"up":[{"embeddable":true,"href":"https:\/\/www.capgemini.com\/pl-pl\/wp-json\/wp\/v2\/pages\/660818"}],"wp:attachment":[{"href":"https:\/\/www.capgemini.com\/pl-pl\/wp-json\/wp\/v2\/media?parent=895709"}],"wp:term":[{"taxonomy":"brand","embeddable":true,"href":"https:\/\/www.capgemini.com\/pl-pl\/wp-json\/wp\/v2\/brand?post=895709"},{"taxonomy":"partner_type","embeddable":true,"href":"https:\/\/www.capgemini.com\/pl-pl\/wp-json\/wp\/v2\/partner_type?post=895709"},{"taxonomy":"service","embeddable":true,"href":"https:\/\/www.capgemini.com\/pl-pl\/wp-json\/wp\/v2\/service?post=895709"},{"taxonomy":"industry","embeddable":true,"href":"https:\/\/www.capgemini.com\/pl-pl\/wp-json\/wp\/v2\/industry?post=895709"},{"taxonomy":"partners","embeddable":true,"href":"https:\/\/www.capgemini.com\/pl-pl\/wp-json\/wp\/v2\/partners?post=895709"},{"taxonomy":"page-type","embeddable":true,"href":"https:\/\/www.capgemini.com\/pl-pl\/wp-json\/wp\/v2\/page-type?post=895709"},{"taxonomy":"content-group","embeddable":true,"href":"https:\/\/www.capgemini.com\/pl-pl\/wp-json\/wp\/v2\/content-group?post=895709"}],"curies":[{"name":"wp","href":"https:\/\/api.w.org\/{rel}","templated":true}]}}