{"id":895703,"date":"2023-05-15T12:35:10","date_gmt":"2023-05-15T10:35:10","guid":{"rendered":"https:\/\/www.capgemini.com\/?page_id=898124"},"modified":"2025-03-12T05:30:47","modified_gmt":"2025-03-12T05:30:47","slug":"business-analysis","status":"publish","type":"page","link":"https:\/\/www.capgemini.com\/pl-pl\/kariera\/twoja-kariera\/profesjonalne-communities\/analityka-biznesowa\/","title":{"rendered":"Analityka biznesowa"},"content":{"rendered":"\n<div class=\"wp-block-cg-blocks-hero-picture-card undefined  heroPictureCard\"><div class=\"heroPictureCardBgs\"><picture><source srcset=\"https:\/\/www.capgemini.com\/pl-pl\/wp-content\/uploads\/sites\/27\/2023\/12\/20210728Wr_rz-studio.pl_DSC9137-2048x1365-1.webp?w=2880&amp;quality=70 1x, https:\/\/www.capgemini.com\/pl-pl\/wp-content\/uploads\/sites\/27\/2023\/12\/20210728Wr_rz-studio.pl_DSC9137-2048x1365-1.webp?w=2880&amp;quality=70 2x\" media=\"(min-width: 1500px)\"\/><source srcset=\"https:\/\/www.capgemini.com\/pl-pl\/wp-content\/uploads\/sites\/27\/2023\/12\/20210728Wr_rz-studio.pl_DSC9137-2048x1365-1.webp?w=1440&amp;quality=70 1x, https:\/\/www.capgemini.com\/pl-pl\/wp-content\/uploads\/sites\/27\/2023\/12\/20210728Wr_rz-studio.pl_DSC9137-2048x1365-1.webp?w=2880&amp;quality=70 2x\" media=\"(min-width: 992px)\"\/><source srcset=\"https:\/\/www.capgemini.com\/pl-pl\/wp-content\/uploads\/sites\/27\/2023\/12\/20210728Wr_rz-studio.pl_DSC9137-2048x1365-1.webp?w=1024&amp;quality=70 1x, https:\/\/www.capgemini.com\/pl-pl\/wp-content\/uploads\/sites\/27\/2023\/12\/20210728Wr_rz-studio.pl_DSC9137-2048x1365-1.webp?w=1024&amp;quality=70 2x\" media=\"(min-width: 768px)\"\/><source srcset=\"https:\/\/www.capgemini.com\/pl-pl\/wp-content\/uploads\/sites\/27\/2023\/12\/20210728Wr_rz-studio.pl_DSC9137-2048x1365-1.webp?w=768&amp;quality=70 1x, https:\/\/www.capgemini.com\/pl-pl\/wp-content\/uploads\/sites\/27\/2023\/12\/20210728Wr_rz-studio.pl_DSC9137-2048x1365-1.webp?w=768&amp;quality=70 2x\" media=\"(min-width: 0)\"\/><img decoding=\"async\" src=\"https:\/\/www.capgemini.com\/pl-pl\/wp-content\/uploads\/sites\/27\/2023\/12\/20210728Wr_rz-studio.pl_DSC9137-2048x1365-1.webp\" class=\"desktopImage\" alt=\"a group of people discussing about the charts on the screen in the conference room\" style=\"object-fit:cover;object-position:49% 33%\" loading=\"eager\"\/><\/picture><picture><source srcset=\"https:\/\/www.capgemini.com\/pl-pl\/wp-content\/uploads\/sites\/27\/2023\/12\/20210728Wr_rz-studio.pl_DSC9137-2048x1365-1.webp?w=2880&amp;quality=70 1x, https:\/\/www.capgemini.com\/pl-pl\/wp-content\/uploads\/sites\/27\/2023\/12\/20210728Wr_rz-studio.pl_DSC9137-2048x1365-1.webp?w=2880&amp;quality=70 2x\" media=\"(min-width: 1500px)\"\/><source srcset=\"https:\/\/www.capgemini.com\/pl-pl\/wp-content\/uploads\/sites\/27\/2023\/12\/20210728Wr_rz-studio.pl_DSC9137-2048x1365-1.webp?w=1440&amp;quality=70 1x, https:\/\/www.capgemini.com\/pl-pl\/wp-content\/uploads\/sites\/27\/2023\/12\/20210728Wr_rz-studio.pl_DSC9137-2048x1365-1.webp?w=2880&amp;quality=70 2x\" media=\"(min-width: 992px)\"\/><source srcset=\"https:\/\/www.capgemini.com\/pl-pl\/wp-content\/uploads\/sites\/27\/2023\/12\/20210728Wr_rz-studio.pl_DSC9137-2048x1365-1.webp?w=1024&amp;quality=70 1x, https:\/\/www.capgemini.com\/pl-pl\/wp-content\/uploads\/sites\/27\/2023\/12\/20210728Wr_rz-studio.pl_DSC9137-2048x1365-1.webp?w=1024&amp;quality=70 2x\" media=\"(min-width: 768px)\"\/><source srcset=\"https:\/\/www.capgemini.com\/pl-pl\/wp-content\/uploads\/sites\/27\/2023\/12\/20210728Wr_rz-studio.pl_DSC9137-2048x1365-1.webp?w=768&amp;quality=70 1x, https:\/\/www.capgemini.com\/pl-pl\/wp-content\/uploads\/sites\/27\/2023\/12\/20210728Wr_rz-studio.pl_DSC9137-2048x1365-1.webp?w=768&amp;quality=70 2x\" media=\"(min-width: 0)\"\/><img decoding=\"async\" src=\"https:\/\/www.capgemini.com\/pl-pl\/wp-content\/uploads\/sites\/27\/2023\/12\/20210728Wr_rz-studio.pl_DSC9137-2048x1365-1.webp\" class=\"mobileImage\" alt=\"a group of people discussing about the charts on the screen in the conference room\" style=\"object-fit:cover;object-position:49% 33%\" loading=\"eager\"\/><\/picture><\/div><div class=\"heroPictureCardHeaderShape\"><\/div><div class=\"container\"><div class=\"row\"><div class=\"col-md-8 col-lg-6\"><div class=\"heroPictureCardBox\"><div class=\"heroPictureCardBoxTitle\"><h1 data-maxlength=\"144\">Analityka biznesowa<\/h1><\/div><\/div><\/div><\/div><\/div><div class=\"small-device\"><div class=\"brandLogoWrapper\"> <\/div><\/div><\/div>\n\n\n\n<section class=\"wp-block-cg-blocks-group undefined section section--article-content\"><div class=\"article-main-content\"><div class=\"container\"><div class=\"row\"><div class=\"col-12 col-md-1\"><nav class=\"article-social\"><ul class=\"social-nav\"><li class=\"ip-order-fb\"><a href=\"https:\/\/www.facebook.com\/sharer\/sharer.php?u=https:\/\/www.capgemini.com\/pl-pl\/kariera\/twoja-kariera\/profesjonalne-communities\/analityka-biznesowa\/\" target=\"_blank\" rel=\"noopener noreferrer\" title=\"otwiera si\u0119 w nowym oknie\"><i aria-hidden=\"true\" class=\"icon-fb\"><\/i><span class=\"sr-only\">Facebook<\/span><\/a><\/li><li class=\"ip-order-li\"><a href=\"https:\/\/www.linkedin.com\/sharing\/share-offsite\/?url=https:\/\/www.capgemini.com\/pl-pl\/kariera\/twoja-kariera\/profesjonalne-communities\/analityka-biznesowa\/\" target=\"_blank\" rel=\"noopener noreferrer\" title=\"otwiera si\u0119 w nowym oknie\"><i aria-hidden=\"true\" class=\"icon-li\"><\/i><span class=\"sr-only\">Linkedin<\/span><\/a><\/li><\/ul><\/nav><\/div><div class=\"col-12 col-md-11 col-lg-10\"><div class=\"article-text article-quote-text\">\n<h2 class=\"wp-block-heading\" id=\"h-dolacz-do-nas-i-rozwijaj-sie-w-obszarze-analityki-biznesowej\">Do\u0142\u0105cz do nas i rozwijaj si\u0119 w obszarze analityki biznesowej<\/h2>\n\n\n\n<h4 class=\"wp-block-heading\" id=\"h-obejmujac-jedno-ze-stanowisk-w-tym-obszarze-bedziesz-odgrywac-kluczowa-role-w-ulatwianiu-procesu-transformacji-i-poprawy-wydajnosci-firm-poprzez-identyfikowanie-ich-potrzeb-i-rekomendowanie-inteligentnych-cyfrowych-rozwiazan-koncentrujac-sie-na-ustrukturyzowanej-analizie-i-symulacji-obecnego-i-przyszlego-stanu-przedsiebiorstwa-bedziesz-dostarczac-klientom-wysokiej-jakosci-dokladne-i-wartosciowe-rozwiazania\" style=\"font-size:17px\">Obejmuj\u0105c jedno ze stanowisk w tym obszarze b\u0119dziesz odgrywa\u0107 kluczow\u0105 rol\u0119 w u\u0142atwianiu procesu transformacji i poprawy wydajno\u015bci firm poprzez identyfikowanie ich potrzeb i rekomendowanie inteligentnych, cyfrowych rozwi\u0105za\u0144. Koncentruj\u0105c si\u0119 na ustrukturyzowanej analizie i symulacji obecnego i przysz\u0142ego stanu przedsi\u0119biorstwa, b\u0119dziesz dostarcza\u0107 klientom wysokiej jako\u015bci, dok\u0142adne i warto\u015bciowe rozwi\u0105zania.<\/h4>\n\n\n\n<h3 class=\"wp-block-heading\" id=\"h-w-ramach-tego-obszaru-mozesz-objac-takie-role-jak\">W ramach tego obszaru mo\u017cesz obj\u0105\u0107 takie role, jak:<\/h3>\n\n\n\n<ul class=\"wp-block-list\">\n<li style=\"font-size:17px\">Business advisor<\/li>\n\n\n\n<li style=\"font-size:17px\">Product owner<\/li>\n\n\n\n<li style=\"font-size:17px\">Business solution design<\/li>\n<\/ul>\n<\/div><\/div><\/div><\/div><\/div><\/section>\n\n\n\n<section class=\"wp-block-cg-blocks-call-to-action undefined call-to-action-block is-style-cg-purple\"><div class=\"container\"><div class=\"call-to-action-block-content-wrapper has-description\"><div class=\"text-wrapper has-description\"><h3 class=\"title\" data-maxlength=\"144\">Get the future you want<\/h3><p class=\"description\" data-maxlength=\"210\">Podejmij wyzwanie i sprawd\u017a nasze oferty pracy!<\/p><\/div><div class=\"button-wrapper has-description\"><a class=\" cta-btn action-valid\" href=\"https:\/\/www.capgemini.com\/pl-pl\/kariera\/oferty-pracy\/?page=1&amp;size=11&amp;professional_communities=Business+Analysis&amp;country_code=pl-pl\" target=\"\" rel=\"noopener noreferrer\" aria-label=\"Do\u0142\u0105cz do nas o Get the future you want\" title=\"Otwiera si\u0119 w nowym oknie\" data-maxlength=\"24\" tabindex=\"0\"> Do\u0142\u0105cz do nas <\/a><\/div><\/div><\/div><\/section>\n\n\n\n<section class=\"wp-block-cg-blocks-learn-more learnMoreBlock updated-new-sample-amal\"><div class=\"container\"><div class=\"content-title\"><h2 class=\"learnmore-heading\">Sprawd\u017a r\u00f3wnie\u017c:<\/h2><\/div><div class=\"row\"><div class=\"col-md-4\"><div class=\"box\"><div class=\"box-wrapper\"><a class=\"box-title\" href=\"https:\/\/www.capgemini.com\/careers\/career-paths\/professions\/business-risk-management\/\" target=\"\" aria-label=\"Zarz\u0105dzanie ryzykiem biznesowym\" rel=\"noopener noreferrer\"><div class=\"box-img-wrapper\"><img decoding=\"async\" src=\"https:\/\/www.capgemini.com\/pl-pl\/wp-content\/uploads\/sites\/27\/2024\/04\/170.png?w=500&amp;quality=70\" srcset=\"https:\/\/www.capgemini.com\/pl-pl\/wp-content\/uploads\/sites\/27\/2024\/04\/170.png?w=500&amp;quality=70 1x, https:\/\/www.capgemini.com\/pl-pl\/wp-content\/uploads\/sites\/27\/2024\/04\/170.png?w=1000&amp;quality=70 2x\" class=\"box-img\" alt=\"two men discussin poinintin something on the laptop screen\" style=\"object-fit:cover;object-position:50% 50%\" loading=\"lazy\"\/><\/div><h3 class=\"titleWithoutLink_learnMore\">Zarz\u0105dzanie ryzykiem biznesowym<\/h3><\/a><\/div><\/div><div class=\"box-inner\"><\/div><\/div><div class=\"col-md-4\"><div class=\"box\"><div class=\"box-wrapper\"><a class=\"box-title\" href=\"https:\/\/www.capgemini.com\/pl-pl\/kariera\/twoja-kariera\/twoja-kariera\/profesjonalne-communities\/zarzadzanie-umowami-i-kontraktami\/\" target=\"\" aria-label=\"Zarz\u0105dzanie umowami i kontraktami\" rel=\"noopener noreferrer\"><div class=\"box-img-wrapper\"><img decoding=\"async\" src=\"https:\/\/www.capgemini.com\/pl-pl\/wp-content\/uploads\/sites\/27\/2024\/03\/Nowa-strona-bannery-6.png?w=500&amp;quality=70\" srcset=\"https:\/\/www.capgemini.com\/pl-pl\/wp-content\/uploads\/sites\/27\/2024\/03\/Nowa-strona-bannery-6.png?w=500&amp;quality=70 1x, https:\/\/www.capgemini.com\/pl-pl\/wp-content\/uploads\/sites\/27\/2024\/03\/Nowa-strona-bannery-6.png?w=1000&amp;quality=70 2x\" class=\"box-img\" alt=\"young woman shaking hans with her speaker\" style=\"object-fit:cover;object-position:50% 50%\" loading=\"lazy\"\/><\/div><h3 class=\"titleWithoutLink_learnMore\">Zarz\u0105dzanie umowami i kontraktami<\/h3><\/a><\/div><\/div><div class=\"box-inner\"><\/div><\/div><div class=\"col-md-4\"><div class=\"box\"><div class=\"box-wrapper\"><a class=\"box-title\" href=\"https:\/\/www.capgemini.com\/pl-pl\/kariera\/twoja-kariera\/twoja-kariera\/profesjonalne-communities\/prawo\/\" target=\"\" aria-label=\"Prawo\" rel=\"noopener noreferrer\"><div class=\"box-img-wrapper\"><img decoding=\"async\" src=\"https:\/\/www.capgemini.com\/pl-pl\/wp-content\/uploads\/sites\/27\/2024\/06\/417a1626_2b7ebe.jpg?w=500&amp;quality=70\" srcset=\"https:\/\/www.capgemini.com\/pl-pl\/wp-content\/uploads\/sites\/27\/2024\/06\/417a1626_2b7ebe.jpg?w=500&amp;quality=70 1x, https:\/\/www.capgemini.com\/pl-pl\/wp-content\/uploads\/sites\/27\/2024\/06\/417a1626_2b7ebe.jpg?w=1000&amp;quality=70 2x\" class=\"box-img\" alt=\"Capgemini Invent - kobieta w szarym garniturze z laptopem, patrz\u0105ca na wrost, w tyle spotkanie dwojga ludzi przy stoliku\" style=\"object-fit:cover;object-position:50% 50%\" loading=\"lazy\"\/><\/div><h3 class=\"titleWithoutLink_learnMore\">Prawo<\/h3><\/a><\/div><\/div><div class=\"box-inner\"><\/div><\/div><\/div><\/div><\/section>\n","protected":false},"excerpt":{"rendered":"<p>Join us as a business analyst.<\/p>\n","protected":false},"author":81,"featured_media":0,"parent":660818,"menu_order":3,"comment_status":"closed","ping_status":"closed","template":"","meta":{"cg_dt_proposed_to":[],"cg_seo_hreflang_relations":"[]","cg_seo_canonical_relation":"","cg_seo_hreflang_x_default_relation":"{\"uuid\":\"661d8e75-664e-4e7a-ab2d-d2fa210e6785\",\"blogId\":\"\",\"domain\":\"\",\"sitePath\":\"\",\"postLink\":\"\",\"postId\":null,\"isSaved\":true,\"isCrossLink\":false,\"hasCrossLink\":false}","cg_dt_approved_content":true,"cg_dt_mandatory_content":false,"cg_dt_notes":"","cg_dg_source_changed":true,"cg_dt_link_disabled":false,"_yoast_wpseo_primary_brand":"","footnotes":"","featured_focal_points":"","partner_card_description":"","gsap_animation":0},"brand":[],"partner_type":[],"service":[],"industry":[],"partners":[],"page-type":[161],"content-group":[],"class_list":["post-895703","page","type-page","status-publish","hentry","page-type-careers"],"yoast_head":"<!-- This site is optimized with the Yoast SEO Premium plugin v22.8 (Yoast SEO v22.8) - https:\/\/yoast.com\/wordpress\/plugins\/seo\/ -->\n<title>Analityka biznesowa - Capgemini Poland<\/title>\n<meta name=\"description\" content=\"Obejmuj\u0105c stanowisko w tym obszarze b\u0119dziesz odgrywa\u0107 kluczow\u0105 rol\u0119 w u\u0142atwianiu procesu transformacji i poprawy wydajno\u015bci firm.\" \/>\n<meta name=\"robots\" content=\"index, follow, max-snippet:-1, max-image-preview:large, max-video-preview:-1\" \/>\n<link rel=\"canonical\" href=\"https:\/\/www.capgemini.com\/pl-pl\/kariera\/twoja-kariera\/profesjonalne-communities\/analityka-biznesowa\/\" \/>\n<meta property=\"og:locale\" content=\"pl_PL\" \/>\n<meta property=\"og:type\" content=\"article\" \/>\n<meta property=\"og:title\" content=\"Analityka biznesowa\" \/>\n<meta property=\"og:description\" content=\"Obejmuj\u0105c stanowisko w tym obszarze b\u0119dziesz odgrywa\u0107 kluczow\u0105 rol\u0119 w u\u0142atwianiu procesu transformacji i poprawy wydajno\u015bci firm.\" \/>\n<meta property=\"og:url\" content=\"https:\/\/www.capgemini.com\/pl-pl\/kariera\/twoja-kariera\/profesjonalne-communities\/analityka-biznesowa\/\" \/>\n<meta property=\"og:site_name\" content=\"Capgemini Poland\" \/>\n<meta property=\"article:modified_time\" content=\"2025-03-12T05:30:47+00:00\" \/>\n<meta property=\"og:image\" content=\"https:\/\/www.capgemini.com\/pl-pl\/wp-content\/uploads\/sites\/27\/2023\/12\/20210728Wr_rz-studio.pl_DSC9137-2048x1365-1.webp\" \/>\n<meta name=\"twitter:card\" content=\"summary_large_image\" \/>\n<script type=\"application\/ld+json\" class=\"yoast-schema-graph\">{\"@context\":\"https:\/\/schema.org\",\"@graph\":[{\"@type\":\"WebPage\",\"@id\":\"https:\/\/www.capgemini.com\/pl-pl\/kariera\/twoja-kariera\/profesjonalne-communities\/analityka-biznesowa\/\",\"url\":\"https:\/\/www.capgemini.com\/pl-pl\/kariera\/twoja-kariera\/profesjonalne-communities\/analityka-biznesowa\/\",\"name\":\"Analityka biznesowa - Capgemini Poland\",\"isPartOf\":{\"@id\":\"https:\/\/www.capgemini.com\/pl-pl\/#website\"},\"primaryImageOfPage\":{\"@id\":\"https:\/\/www.capgemini.com\/pl-pl\/kariera\/twoja-kariera\/profesjonalne-communities\/analityka-biznesowa\/#primaryimage\"},\"image\":{\"@id\":\"https:\/\/www.capgemini.com\/pl-pl\/kariera\/twoja-kariera\/profesjonalne-communities\/analityka-biznesowa\/#primaryimage\"},\"thumbnailUrl\":\"https:\/\/www.capgemini.com\/pl-pl\/wp-content\/uploads\/sites\/27\/2023\/12\/20210728Wr_rz-studio.pl_DSC9137-2048x1365-1.webp\",\"datePublished\":\"2023-05-15T10:35:10+00:00\",\"dateModified\":\"2025-03-12T05:30:47+00:00\",\"description\":\"Obejmuj\u0105c stanowisko w tym obszarze b\u0119dziesz odgrywa\u0107 kluczow\u0105 rol\u0119 w u\u0142atwianiu procesu transformacji i poprawy wydajno\u015bci firm.\",\"breadcrumb\":{\"@id\":\"https:\/\/www.capgemini.com\/pl-pl\/kariera\/twoja-kariera\/profesjonalne-communities\/analityka-biznesowa\/#breadcrumb\"},\"inLanguage\":\"pl-PL\",\"potentialAction\":[{\"@type\":\"ReadAction\",\"target\":[\"https:\/\/www.capgemini.com\/pl-pl\/kariera\/twoja-kariera\/profesjonalne-communities\/analityka-biznesowa\/\"]}]},{\"@type\":\"ImageObject\",\"inLanguage\":\"pl-PL\",\"@id\":\"https:\/\/www.capgemini.com\/pl-pl\/kariera\/twoja-kariera\/profesjonalne-communities\/analityka-biznesowa\/#primaryimage\",\"url\":\"https:\/\/www.capgemini.com\/pl-pl\/wp-content\/uploads\/sites\/27\/2023\/12\/20210728Wr_rz-studio.pl_DSC9137-2048x1365-1.webp\",\"contentUrl\":\"https:\/\/www.capgemini.com\/pl-pl\/wp-content\/uploads\/sites\/27\/2023\/12\/20210728Wr_rz-studio.pl_DSC9137-2048x1365-1.webp\",\"width\":2048,\"height\":1365,\"caption\":\"a group of people discussing about the charts on the screen in the conference room\"},{\"@type\":\"BreadcrumbList\",\"@id\":\"https:\/\/www.capgemini.com\/pl-pl\/kariera\/twoja-kariera\/profesjonalne-communities\/analityka-biznesowa\/#breadcrumb\",\"itemListElement\":[{\"@type\":\"ListItem\",\"position\":1,\"name\":\"Home\",\"item\":\"https:\/\/www.capgemini.com\/pl-pl\/\"},{\"@type\":\"ListItem\",\"position\":2,\"name\":\"Kariera\",\"item\":\"https:\/\/www.capgemini.com\/pl-pl\/kariera\/\"},{\"@type\":\"ListItem\",\"position\":3,\"name\":\"Twoja kariera\",\"item\":\"https:\/\/www.capgemini.com\/pl-pl\/kariera\/twoja-kariera\/\"},{\"@type\":\"ListItem\",\"position\":4,\"name\":\"Globalne obszary rozwoju\",\"item\":\"https:\/\/www.capgemini.com\/pl-pl\/kariera\/twoja-kariera\/profesjonalne-communities\/\"},{\"@type\":\"ListItem\",\"position\":5,\"name\":\"Analityka biznesowa\"}]},{\"@type\":\"WebSite\",\"@id\":\"https:\/\/www.capgemini.com\/pl-pl\/#website\",\"url\":\"https:\/\/www.capgemini.com\/pl-pl\/\",\"name\":\"Capgemini Polska\",\"description\":\"Capgemini\",\"potentialAction\":[{\"@type\":\"SearchAction\",\"target\":{\"@type\":\"EntryPoint\",\"urlTemplate\":\"https:\/\/www.capgemini.com\/pl-pl\/?s={search_term_string}\"},\"query-input\":\"required name=search_term_string\"}],\"inLanguage\":\"pl-PL\"}]}<\/script>\n<!-- \/ Yoast SEO Premium plugin. -->","yoast_head_json":{"title":"Analityka biznesowa - Capgemini Poland","description":"Obejmuj\u0105c stanowisko w tym obszarze b\u0119dziesz odgrywa\u0107 kluczow\u0105 rol\u0119 w u\u0142atwianiu procesu transformacji i poprawy wydajno\u015bci firm.","robots":{"index":"index","follow":"follow","max-snippet":"max-snippet:-1","max-image-preview":"max-image-preview:large","max-video-preview":"max-video-preview:-1"},"canonical":"https:\/\/www.capgemini.com\/pl-pl\/kariera\/twoja-kariera\/profesjonalne-communities\/analityka-biznesowa\/","og_locale":"pl_PL","og_type":"article","og_title":"Analityka biznesowa","og_description":"Obejmuj\u0105c stanowisko w tym obszarze b\u0119dziesz odgrywa\u0107 kluczow\u0105 rol\u0119 w u\u0142atwianiu procesu transformacji i poprawy wydajno\u015bci firm.","og_url":"https:\/\/www.capgemini.com\/pl-pl\/kariera\/twoja-kariera\/profesjonalne-communities\/analityka-biznesowa\/","og_site_name":"Capgemini Poland","article_modified_time":"2025-03-12T05:30:47+00:00","og_image":[{"url":"https:\/\/www.capgemini.com\/pl-pl\/wp-content\/uploads\/sites\/27\/2023\/12\/20210728Wr_rz-studio.pl_DSC9137-2048x1365-1.webp"}],"twitter_card":"summary_large_image","schema":{"@context":"https:\/\/schema.org","@graph":[{"@type":"WebPage","@id":"https:\/\/www.capgemini.com\/pl-pl\/kariera\/twoja-kariera\/profesjonalne-communities\/analityka-biznesowa\/","url":"https:\/\/www.capgemini.com\/pl-pl\/kariera\/twoja-kariera\/profesjonalne-communities\/analityka-biznesowa\/","name":"Analityka biznesowa - Capgemini Poland","isPartOf":{"@id":"https:\/\/www.capgemini.com\/pl-pl\/#website"},"primaryImageOfPage":{"@id":"https:\/\/www.capgemini.com\/pl-pl\/kariera\/twoja-kariera\/profesjonalne-communities\/analityka-biznesowa\/#primaryimage"},"image":{"@id":"https:\/\/www.capgemini.com\/pl-pl\/kariera\/twoja-kariera\/profesjonalne-communities\/analityka-biznesowa\/#primaryimage"},"thumbnailUrl":"https:\/\/www.capgemini.com\/pl-pl\/wp-content\/uploads\/sites\/27\/2023\/12\/20210728Wr_rz-studio.pl_DSC9137-2048x1365-1.webp","datePublished":"2023-05-15T10:35:10+00:00","dateModified":"2025-03-12T05:30:47+00:00","description":"Obejmuj\u0105c stanowisko w tym obszarze b\u0119dziesz odgrywa\u0107 kluczow\u0105 rol\u0119 w u\u0142atwianiu procesu transformacji i poprawy wydajno\u015bci firm.","breadcrumb":{"@id":"https:\/\/www.capgemini.com\/pl-pl\/kariera\/twoja-kariera\/profesjonalne-communities\/analityka-biznesowa\/#breadcrumb"},"inLanguage":"pl-PL","potentialAction":[{"@type":"ReadAction","target":["https:\/\/www.capgemini.com\/pl-pl\/kariera\/twoja-kariera\/profesjonalne-communities\/analityka-biznesowa\/"]}]},{"@type":"ImageObject","inLanguage":"pl-PL","@id":"https:\/\/www.capgemini.com\/pl-pl\/kariera\/twoja-kariera\/profesjonalne-communities\/analityka-biznesowa\/#primaryimage","url":"https:\/\/www.capgemini.com\/pl-pl\/wp-content\/uploads\/sites\/27\/2023\/12\/20210728Wr_rz-studio.pl_DSC9137-2048x1365-1.webp","contentUrl":"https:\/\/www.capgemini.com\/pl-pl\/wp-content\/uploads\/sites\/27\/2023\/12\/20210728Wr_rz-studio.pl_DSC9137-2048x1365-1.webp","width":2048,"height":1365,"caption":"a group of people discussing about the charts on the screen in the conference room"},{"@type":"BreadcrumbList","@id":"https:\/\/www.capgemini.com\/pl-pl\/kariera\/twoja-kariera\/profesjonalne-communities\/analityka-biznesowa\/#breadcrumb","itemListElement":[{"@type":"ListItem","position":1,"name":"Home","item":"https:\/\/www.capgemini.com\/pl-pl\/"},{"@type":"ListItem","position":2,"name":"Kariera","item":"https:\/\/www.capgemini.com\/pl-pl\/kariera\/"},{"@type":"ListItem","position":3,"name":"Twoja kariera","item":"https:\/\/www.capgemini.com\/pl-pl\/kariera\/twoja-kariera\/"},{"@type":"ListItem","position":4,"name":"Globalne obszary rozwoju","item":"https:\/\/www.capgemini.com\/pl-pl\/kariera\/twoja-kariera\/profesjonalne-communities\/"},{"@type":"ListItem","position":5,"name":"Analityka biznesowa"}]},{"@type":"WebSite","@id":"https:\/\/www.capgemini.com\/pl-pl\/#website","url":"https:\/\/www.capgemini.com\/pl-pl\/","name":"Capgemini Polska","description":"Capgemini","potentialAction":[{"@type":"SearchAction","target":{"@type":"EntryPoint","urlTemplate":"https:\/\/www.capgemini.com\/pl-pl\/?s={search_term_string}"},"query-input":"required name=search_term_string"}],"inLanguage":"pl-PL"}]}},"brand_term":[],"parsely":{"version":"1.1.0","canonical_url":"https:\/\/capgemini.com\/pl-pl\/kariera\/twoja-kariera\/profesjonalne-communities\/analityka-biznesowa\/","smart_links":{"inbound":0,"outbound":0},"traffic_boost_suggestions_count":0,"meta":{"@context":"https:\/\/schema.org","@type":"WebPage","headline":"Analityka biznesowa","url":"https:\/\/www.capgemini.com\/pl-pl\/kariera\/twoja-kariera\/profesjonalne-communities\/analityka-biznesowa\/","mainEntityOfPage":{"@type":"WebPage","@id":"https:\/\/www.capgemini.com\/pl-pl\/kariera\/twoja-kariera\/profesjonalne-communities\/analityka-biznesowa\/"},"thumbnailUrl":"","image":{"@type":"ImageObject","url":""},"articleSection":"Uncategorized","author":[],"creator":[],"publisher":{"@type":"Organization","name":"Capgemini Poland","logo":""},"keywords":[],"dateCreated":"2023-05-15T10:35:10Z","datePublished":"2023-05-15T10:35:10Z","dateModified":"2025-03-12T05:30:47Z"},"rendered":"<meta name=\"parsely-title\" content=\"Analityka biznesowa\" \/>\n<meta name=\"parsely-link\" content=\"https:\/\/www.capgemini.com\/pl-pl\/kariera\/twoja-kariera\/profesjonalne-communities\/analityka-biznesowa\/\" \/>\n<meta name=\"parsely-type\" content=\"index\" \/>\n<meta name=\"parsely-pub-date\" content=\"2023-05-15T10:35:10Z\" \/>\n<meta name=\"parsely-section\" content=\"Uncategorized\" \/>","tracker_url":"https:\/\/cdn.parsely.com\/keys\/capgemini.com\/p.js"},"archive_status":false,"featured_image_src":"https:\/\/www.capgemini.com\/pl-pl\/wp-content\/themes\/capgemini2025\/assets\/images\/mockup.png","featured_image_alt":false,"jetpack_sharing_enabled":true,"distributor_meta":false,"distributor_terms":false,"distributor_media":false,"distributor_original_site_name":"Capgemini Poland","distributor_original_site_url":"https:\/\/www.capgemini.com\/pl-pl","push-errors":false,"_links":{"self":[{"href":"https:\/\/www.capgemini.com\/pl-pl\/wp-json\/wp\/v2\/pages\/895703","targetHints":{"allow":["GET"]}}],"collection":[{"href":"https:\/\/www.capgemini.com\/pl-pl\/wp-json\/wp\/v2\/pages"}],"about":[{"href":"https:\/\/www.capgemini.com\/pl-pl\/wp-json\/wp\/v2\/types\/page"}],"author":[{"embeddable":true,"href":"https:\/\/www.capgemini.com\/pl-pl\/wp-json\/wp\/v2\/users\/81"}],"replies":[{"embeddable":true,"href":"https:\/\/www.capgemini.com\/pl-pl\/wp-json\/wp\/v2\/comments?post=895703"}],"version-history":[{"count":17,"href":"https:\/\/www.capgemini.com\/pl-pl\/wp-json\/wp\/v2\/pages\/895703\/revisions"}],"predecessor-version":[{"id":909085,"href":"https:\/\/www.capgemini.com\/pl-pl\/wp-json\/wp\/v2\/pages\/895703\/revisions\/909085"}],"up":[{"embeddable":true,"href":"https:\/\/www.capgemini.com\/pl-pl\/wp-json\/wp\/v2\/pages\/660818"}],"wp:attachment":[{"href":"https:\/\/www.capgemini.com\/pl-pl\/wp-json\/wp\/v2\/media?parent=895703"}],"wp:term":[{"taxonomy":"brand","embeddable":true,"href":"https:\/\/www.capgemini.com\/pl-pl\/wp-json\/wp\/v2\/brand?post=895703"},{"taxonomy":"partner_type","embeddable":true,"href":"https:\/\/www.capgemini.com\/pl-pl\/wp-json\/wp\/v2\/partner_type?post=895703"},{"taxonomy":"service","embeddable":true,"href":"https:\/\/www.capgemini.com\/pl-pl\/wp-json\/wp\/v2\/service?post=895703"},{"taxonomy":"industry","embeddable":true,"href":"https:\/\/www.capgemini.com\/pl-pl\/wp-json\/wp\/v2\/industry?post=895703"},{"taxonomy":"partners","embeddable":true,"href":"https:\/\/www.capgemini.com\/pl-pl\/wp-json\/wp\/v2\/partners?post=895703"},{"taxonomy":"page-type","embeddable":true,"href":"https:\/\/www.capgemini.com\/pl-pl\/wp-json\/wp\/v2\/page-type?post=895703"},{"taxonomy":"content-group","embeddable":true,"href":"https:\/\/www.capgemini.com\/pl-pl\/wp-json\/wp\/v2\/content-group?post=895703"}],"curies":[{"name":"wp","href":"https:\/\/api.w.org\/{rel}","templated":true}]}}