{"id":889431,"date":"2021-12-07T08:57:23","date_gmt":"2021-12-07T07:57:23","guid":{"rendered":"https:\/\/www.capgemini.com\/?page_id=639119"},"modified":"2025-03-12T06:52:55","modified_gmt":"2025-03-12T06:52:55","slug":"code-of-business-ethics","status":"publish","type":"page","link":"https:\/\/www.capgemini.com\/pl-pl\/o-nas\/zarzadzanie-lad-korporacyjny\/polityki\/kodeks-etyki-biznesowej\/","title":{"rendered":"Kodeks etyki biznesowej"},"content":{"rendered":"\n<header class=\"wp-block-cg-blocks-hero-reusable is-style-blue-line header heroReusable  \"><div class=\"header-bgs\"><\/div><div class=\"heroPictureCardHeaderShape\"><\/div><div class=\"container\"><div class=\"row\"><div class=\"col-md-12\"><div class=\"box\"><div class=\"boxTagWrapper\"><div class=\"tagInfo\"><div><span class=\"box-tag\">Policy<\/span><\/div><\/div><\/div><div class=\"box-title\"><h1 data-maxlength=\"34\">Kodeks etyki biznesowej<\/h1><\/div><div class=\"inner-row-insight download-btn\"><div class=\"col-md-4 downloadFiles addPadding\"><a class=\"button-download--small\" type=\"download\" href=\"https:\/\/www.capgemini.com\/wp-content\/uploads\/2021\/12\/Capgemini-CBE_2021_English-v3.2.pdf\" target=\"_blank\" rel=\"noopener noreferrer\" title=\"otwiera si\u0119 w nowym oknie\"><span>Download code (EN)<\/span><span class=\"type\">1 MB  pdf<\/span><\/a><\/div><\/div><\/div><\/div><\/div><\/div><\/header>\n\n\n\n<section class=\"wp-block-cg-blocks-group undefined section section--article-content\"><div class=\"article-main-content\"><div class=\"container\"><div class=\"row\"><div class=\"col-12 col-md-11 col-lg-10 offset-md-1 offset-lg-1\"><div class=\"article-text article-quote-text\">\n<h3 class=\"wp-block-heading\" id=\"h-\"><\/h3>\n\n\n\n<p>Kodeks etyki biznesowej Capgemini przedstawia nasze warto\u015bci, zasady etyczne i oczekiwane zachowania w pi\u0119ciu kluczowych obszarach:<\/p>\n\n\n\n<ul class=\"wp-block-list\">\n<li>Bezpieczne i inkluzywne \u015brodowisko pracy<\/li>\n\n\n\n<li>Zaufanie w relacjach biznesowych<\/li>\n\n\n\n<li>Bezpiecze\u0144stwo i integralno\u015b\u0107 Grupy oraz zasob\u00f3w podmiot\u00f3w zewn\u0119trznych<\/li>\n\n\n\n<li>Spo\u0142eczna odpowiedzialno\u015b\u0107 biznesu<\/li>\n\n\n\n<li>Kultura zg\u0142aszania problem\u00f3w etycznych<\/li>\n<\/ul>\n\n\n\n<p><\/p>\n\n\n\n<p><\/p>\n\n\n\n<p><strong>Pobierz nasz Kodeks etyki biznesowej<\/strong><\/p>\n\n\n\n<p><a href=\"https:\/\/www.capgemini.com\/wp-content\/uploads\/2021\/12\/Capgemini-CBE_2021_English-v3.2.pdf\" target=\"_blank\" rel=\"noreferrer noopener\">EN<\/a>&nbsp;|&nbsp;<a href=\"https:\/\/www.capgemini.com\/wp-content\/uploads\/2021\/12\/Capgemini-CBE_2021_Spanish-v3.2.pdf\" target=\"_blank\" rel=\"noreferrer noopener\">ES<\/a>&nbsp;| <a href=\"https:\/\/www.capgemini.com\/wp-content\/uploads\/2021\/12\/Capgemini-CBE_2021_German-v3.2.pdf\" target=\"_blank\" rel=\"noreferrer noopener\">DE<\/a> | <a href=\"https:\/\/www.capgemini.com\/wp-content\/uploads\/2021\/12\/Capgemini-CBE_2021_French-v3.2.pdf\" target=\"_blank\" rel=\"noreferrer noopener\">FR<\/a> | <a href=\"https:\/\/www.capgemini.com\/wp-content\/uploads\/2021\/12\/Capgemini-CBE_2021_Italian-v3.2.pdf\" target=\"_blank\" rel=\"noreferrer noopener\">IT<\/a> | <a href=\"https:\/\/www.capgemini.com\/wp-content\/uploads\/2021\/12\/Capgemini-CBE_2021_Japanese-v3.2.pdf\" target=\"_blank\" rel=\"noreferrer noopener\">JP<\/a> | <a href=\"https:\/\/www.capgemini.com\/wp-content\/uploads\/2021\/12\/Capgemini-CBE_2021_Polish-v3.2.pdf\" target=\"_blank\" rel=\"noreferrer noopener\">PL<\/a> | <a href=\"https:\/\/www.capgemini.com\/wp-content\/uploads\/2021\/12\/Capgemini-CBE_2021_Brazilian-v3.2.pdf\" target=\"_blank\" rel=\"noreferrer noopener\">PT<\/a> | <a href=\"https:\/\/www.capgemini.com\/wp-content\/uploads\/2021\/12\/Capgemini-CBE_2021_Russian-v3.2.pdf\" target=\"_blank\" rel=\"noreferrer noopener\">RU<\/a> |&nbsp;<a href=\"https:\/\/www.capgemini.com\/wp-content\/uploads\/2021\/12\/Capgemini-CBE_2021_Chinese-v3.2.pdf\" target=\"_blank\" rel=\"noreferrer noopener\">ZH<\/a>  <\/p>\n\n\n\n<p><\/p>\n\n\n\n<p><\/p>\n\n\n\n<p><\/p>\n<\/div><\/div><\/div><\/div><\/div><\/section>\n","protected":false},"excerpt":{"rendered":"","protected":false},"author":121,"featured_media":889432,"parent":639065,"menu_order":2,"comment_status":"closed","ping_status":"closed","template":"","meta":{"cg_dt_proposed_to":[],"cg_seo_hreflang_relations":"[]","cg_seo_canonical_relation":"","cg_seo_hreflang_x_default_relation":"{\"uuid\":\"7aef9b26-d673-4336-99d7-51f7c5458dc7\",\"blogId\":\"\",\"domain\":\"\",\"sitePath\":\"\",\"postLink\":\"\",\"postId\":null,\"isSaved\":true,\"isCrossLink\":false,\"hasCrossLink\":false}","cg_dt_approved_content":true,"cg_dt_mandatory_content":false,"cg_dt_notes":"","cg_dg_source_changed":true,"cg_dt_link_disabled":false,"_yoast_wpseo_primary_brand":"","footnotes":"","featured_focal_points":"","partner_card_description":"","gsap_animation":0},"brand":[],"partner_type":[],"service":[],"industry":[],"partners":[],"page-type":[],"content-group":[],"class_list":["post-889431","page","type-page","status-publish","has-post-thumbnail","hentry"],"yoast_head":"<!-- This site is optimized with the Yoast SEO Premium plugin v22.8 (Yoast SEO v22.8) - https:\/\/yoast.com\/wordpress\/plugins\/seo\/ -->\n<title>Kodeks etyki biznesowej | Zarz\u0105dzanie i \u0142ad korporacyjny | Capgemini Polska<\/title>\n<meta name=\"description\" content=\"Kodeks etyki biznesowej Capgemini przedstawia nasze warto\u015bci, zasady etyczne i oczekiwane zachowania w pi\u0119ciu kluczowych obszarach.\" \/>\n<meta name=\"robots\" content=\"index, follow, max-snippet:-1, max-image-preview:large, max-video-preview:-1\" \/>\n<link rel=\"canonical\" href=\"https:\/\/www.capgemini.com\/pl-pl\/o-nas\/zarzadzanie-lad-korporacyjny\/polityki\/kodeks-etyki-biznesowej\/\" \/>\n<meta property=\"og:locale\" content=\"pl_PL\" \/>\n<meta property=\"og:type\" content=\"article\" \/>\n<meta property=\"og:title\" content=\"Kodeks etyki biznesowej\" \/>\n<meta property=\"og:description\" content=\"Kodeks etyki biznesowej Capgemini przedstawia nasze warto\u015bci, zasady etyczne i oczekiwane zachowania w pi\u0119ciu kluczowych obszarach.\" \/>\n<meta property=\"og:url\" content=\"https:\/\/www.capgemini.com\/pl-pl\/o-nas\/zarzadzanie-lad-korporacyjny\/polityki\/kodeks-etyki-biznesowej\/\" \/>\n<meta property=\"og:site_name\" content=\"Capgemini Poland\" \/>\n<meta property=\"article:modified_time\" content=\"2025-03-12T06:52:55+00:00\" \/>\n<meta property=\"og:image\" content=\"https:\/\/www.capgemini.com\/pl-pl\/wp-content\/uploads\/sites\/27\/2021\/12\/Capgemini_LifeAt_meet-our-people.jpg\" \/>\n\t<meta property=\"og:image:width\" content=\"2880\" \/>\n\t<meta property=\"og:image:height\" content=\"1800\" \/>\n\t<meta property=\"og:image:type\" content=\"image\/jpeg\" \/>\n<meta name=\"twitter:card\" content=\"summary_large_image\" \/>\n<meta name=\"twitter:label1\" content=\"Est. reading time\" \/>\n\t<meta name=\"twitter:data1\" content=\"1 minute\" \/>\n<script type=\"application\/ld+json\" class=\"yoast-schema-graph\">{\"@context\":\"https:\/\/schema.org\",\"@graph\":[{\"@type\":\"WebPage\",\"@id\":\"https:\/\/www.capgemini.com\/pl-pl\/o-nas\/zarzadzanie-lad-korporacyjny\/polityki\/kodeks-etyki-biznesowej\/\",\"url\":\"https:\/\/www.capgemini.com\/pl-pl\/o-nas\/zarzadzanie-lad-korporacyjny\/polityki\/kodeks-etyki-biznesowej\/\",\"name\":\"Kodeks etyki biznesowej | Zarz\u0105dzanie i \u0142ad korporacyjny | Capgemini Polska\",\"isPartOf\":{\"@id\":\"https:\/\/www.capgemini.com\/pl-pl\/#website\"},\"primaryImageOfPage\":{\"@id\":\"https:\/\/www.capgemini.com\/pl-pl\/o-nas\/zarzadzanie-lad-korporacyjny\/polityki\/kodeks-etyki-biznesowej\/#primaryimage\"},\"image\":{\"@id\":\"https:\/\/www.capgemini.com\/pl-pl\/o-nas\/zarzadzanie-lad-korporacyjny\/polityki\/kodeks-etyki-biznesowej\/#primaryimage\"},\"thumbnailUrl\":\"https:\/\/www.capgemini.com\/pl-pl\/wp-content\/uploads\/sites\/27\/2021\/12\/Capgemini_LifeAt_meet-our-people.jpg\",\"datePublished\":\"2021-12-07T07:57:23+00:00\",\"dateModified\":\"2025-03-12T06:52:55+00:00\",\"description\":\"Kodeks etyki biznesowej Capgemini przedstawia nasze warto\u015bci, zasady etyczne i oczekiwane zachowania w pi\u0119ciu kluczowych obszarach.\",\"breadcrumb\":{\"@id\":\"https:\/\/www.capgemini.com\/pl-pl\/o-nas\/zarzadzanie-lad-korporacyjny\/polityki\/kodeks-etyki-biznesowej\/#breadcrumb\"},\"inLanguage\":\"pl-PL\",\"potentialAction\":[{\"@type\":\"ReadAction\",\"target\":[\"https:\/\/www.capgemini.com\/pl-pl\/o-nas\/zarzadzanie-lad-korporacyjny\/polityki\/kodeks-etyki-biznesowej\/\"]}]},{\"@type\":\"ImageObject\",\"inLanguage\":\"pl-PL\",\"@id\":\"https:\/\/www.capgemini.com\/pl-pl\/o-nas\/zarzadzanie-lad-korporacyjny\/polityki\/kodeks-etyki-biznesowej\/#primaryimage\",\"url\":\"https:\/\/www.capgemini.com\/pl-pl\/wp-content\/uploads\/sites\/27\/2021\/12\/Capgemini_LifeAt_meet-our-people.jpg\",\"contentUrl\":\"https:\/\/www.capgemini.com\/pl-pl\/wp-content\/uploads\/sites\/27\/2021\/12\/Capgemini_LifeAt_meet-our-people.jpg\",\"width\":2880,\"height\":1800},{\"@type\":\"BreadcrumbList\",\"@id\":\"https:\/\/www.capgemini.com\/pl-pl\/o-nas\/zarzadzanie-lad-korporacyjny\/polityki\/kodeks-etyki-biznesowej\/#breadcrumb\",\"itemListElement\":[{\"@type\":\"ListItem\",\"position\":1,\"name\":\"Home\",\"item\":\"https:\/\/www.capgemini.com\/pl-pl\/\"},{\"@type\":\"ListItem\",\"position\":2,\"name\":\"O nas\",\"item\":\"https:\/\/www.capgemini.com\/pl-pl\/o-nas\/\"},{\"@type\":\"ListItem\",\"position\":3,\"name\":\"Zarz\u0105dzanie i \u0142ad korporacyjny\",\"item\":\"https:\/\/www.capgemini.com\/pl-pl\/o-nas\/zarzadzanie-lad-korporacyjny\/\"},{\"@type\":\"ListItem\",\"position\":4,\"name\":\"Polityki\",\"item\":\"https:\/\/www.capgemini.com\/pl-pl\/o-nas\/zarzadzanie-lad-korporacyjny\/polityki\/\"},{\"@type\":\"ListItem\",\"position\":5,\"name\":\"Kodeks etyki biznesowej\"}]},{\"@type\":\"WebSite\",\"@id\":\"https:\/\/www.capgemini.com\/pl-pl\/#website\",\"url\":\"https:\/\/www.capgemini.com\/pl-pl\/\",\"name\":\"Capgemini Polska\",\"description\":\"Capgemini\",\"potentialAction\":[{\"@type\":\"SearchAction\",\"target\":{\"@type\":\"EntryPoint\",\"urlTemplate\":\"https:\/\/www.capgemini.com\/pl-pl\/?s={search_term_string}\"},\"query-input\":\"required name=search_term_string\"}],\"inLanguage\":\"pl-PL\"}]}<\/script>\n<!-- \/ Yoast SEO Premium plugin. -->","yoast_head_json":{"title":"Kodeks etyki biznesowej | Zarz\u0105dzanie i \u0142ad korporacyjny | Capgemini Polska","description":"Kodeks etyki biznesowej Capgemini przedstawia nasze warto\u015bci, zasady etyczne i oczekiwane zachowania w pi\u0119ciu kluczowych obszarach.","robots":{"index":"index","follow":"follow","max-snippet":"max-snippet:-1","max-image-preview":"max-image-preview:large","max-video-preview":"max-video-preview:-1"},"canonical":"https:\/\/www.capgemini.com\/pl-pl\/o-nas\/zarzadzanie-lad-korporacyjny\/polityki\/kodeks-etyki-biznesowej\/","og_locale":"pl_PL","og_type":"article","og_title":"Kodeks etyki biznesowej","og_description":"Kodeks etyki biznesowej Capgemini przedstawia nasze warto\u015bci, zasady etyczne i oczekiwane zachowania w pi\u0119ciu kluczowych obszarach.","og_url":"https:\/\/www.capgemini.com\/pl-pl\/o-nas\/zarzadzanie-lad-korporacyjny\/polityki\/kodeks-etyki-biznesowej\/","og_site_name":"Capgemini Poland","article_modified_time":"2025-03-12T06:52:55+00:00","og_image":[{"width":2880,"height":1800,"url":"https:\/\/www.capgemini.com\/pl-pl\/wp-content\/uploads\/sites\/27\/2021\/12\/Capgemini_LifeAt_meet-our-people.jpg","type":"image\/jpeg"}],"twitter_card":"summary_large_image","twitter_misc":{"Est. reading time":"1 minute"},"schema":{"@context":"https:\/\/schema.org","@graph":[{"@type":"WebPage","@id":"https:\/\/www.capgemini.com\/pl-pl\/o-nas\/zarzadzanie-lad-korporacyjny\/polityki\/kodeks-etyki-biznesowej\/","url":"https:\/\/www.capgemini.com\/pl-pl\/o-nas\/zarzadzanie-lad-korporacyjny\/polityki\/kodeks-etyki-biznesowej\/","name":"Kodeks etyki biznesowej | Zarz\u0105dzanie i \u0142ad korporacyjny | Capgemini Polska","isPartOf":{"@id":"https:\/\/www.capgemini.com\/pl-pl\/#website"},"primaryImageOfPage":{"@id":"https:\/\/www.capgemini.com\/pl-pl\/o-nas\/zarzadzanie-lad-korporacyjny\/polityki\/kodeks-etyki-biznesowej\/#primaryimage"},"image":{"@id":"https:\/\/www.capgemini.com\/pl-pl\/o-nas\/zarzadzanie-lad-korporacyjny\/polityki\/kodeks-etyki-biznesowej\/#primaryimage"},"thumbnailUrl":"https:\/\/www.capgemini.com\/pl-pl\/wp-content\/uploads\/sites\/27\/2021\/12\/Capgemini_LifeAt_meet-our-people.jpg","datePublished":"2021-12-07T07:57:23+00:00","dateModified":"2025-03-12T06:52:55+00:00","description":"Kodeks etyki biznesowej Capgemini przedstawia nasze warto\u015bci, zasady etyczne i oczekiwane zachowania w pi\u0119ciu kluczowych obszarach.","breadcrumb":{"@id":"https:\/\/www.capgemini.com\/pl-pl\/o-nas\/zarzadzanie-lad-korporacyjny\/polityki\/kodeks-etyki-biznesowej\/#breadcrumb"},"inLanguage":"pl-PL","potentialAction":[{"@type":"ReadAction","target":["https:\/\/www.capgemini.com\/pl-pl\/o-nas\/zarzadzanie-lad-korporacyjny\/polityki\/kodeks-etyki-biznesowej\/"]}]},{"@type":"ImageObject","inLanguage":"pl-PL","@id":"https:\/\/www.capgemini.com\/pl-pl\/o-nas\/zarzadzanie-lad-korporacyjny\/polityki\/kodeks-etyki-biznesowej\/#primaryimage","url":"https:\/\/www.capgemini.com\/pl-pl\/wp-content\/uploads\/sites\/27\/2021\/12\/Capgemini_LifeAt_meet-our-people.jpg","contentUrl":"https:\/\/www.capgemini.com\/pl-pl\/wp-content\/uploads\/sites\/27\/2021\/12\/Capgemini_LifeAt_meet-our-people.jpg","width":2880,"height":1800},{"@type":"BreadcrumbList","@id":"https:\/\/www.capgemini.com\/pl-pl\/o-nas\/zarzadzanie-lad-korporacyjny\/polityki\/kodeks-etyki-biznesowej\/#breadcrumb","itemListElement":[{"@type":"ListItem","position":1,"name":"Home","item":"https:\/\/www.capgemini.com\/pl-pl\/"},{"@type":"ListItem","position":2,"name":"O nas","item":"https:\/\/www.capgemini.com\/pl-pl\/o-nas\/"},{"@type":"ListItem","position":3,"name":"Zarz\u0105dzanie i \u0142ad korporacyjny","item":"https:\/\/www.capgemini.com\/pl-pl\/o-nas\/zarzadzanie-lad-korporacyjny\/"},{"@type":"ListItem","position":4,"name":"Polityki","item":"https:\/\/www.capgemini.com\/pl-pl\/o-nas\/zarzadzanie-lad-korporacyjny\/polityki\/"},{"@type":"ListItem","position":5,"name":"Kodeks etyki biznesowej"}]},{"@type":"WebSite","@id":"https:\/\/www.capgemini.com\/pl-pl\/#website","url":"https:\/\/www.capgemini.com\/pl-pl\/","name":"Capgemini Polska","description":"Capgemini","potentialAction":[{"@type":"SearchAction","target":{"@type":"EntryPoint","urlTemplate":"https:\/\/www.capgemini.com\/pl-pl\/?s={search_term_string}"},"query-input":"required name=search_term_string"}],"inLanguage":"pl-PL"}]}},"brand_term":[],"parsely":{"version":"1.1.0","canonical_url":"https:\/\/capgemini.com\/pl-pl\/o-nas\/zarzadzanie-lad-korporacyjny\/polityki\/kodeks-etyki-biznesowej\/","smart_links":{"inbound":0,"outbound":0},"traffic_boost_suggestions_count":0,"meta":{"@context":"https:\/\/schema.org","@type":"WebPage","headline":"Kodeks etyki biznesowej","url":"https:\/\/www.capgemini.com\/pl-pl\/o-nas\/zarzadzanie-lad-korporacyjny\/polityki\/kodeks-etyki-biznesowej\/","mainEntityOfPage":{"@type":"WebPage","@id":"https:\/\/www.capgemini.com\/pl-pl\/o-nas\/zarzadzanie-lad-korporacyjny\/polityki\/kodeks-etyki-biznesowej\/"},"thumbnailUrl":"https:\/\/www.capgemini.com\/pl-pl\/wp-content\/uploads\/sites\/27\/2021\/12\/Capgemini_LifeAt_meet-our-people.jpg?w=150&h=150&crop=1","image":{"@type":"ImageObject","url":"https:\/\/www.capgemini.com\/pl-pl\/wp-content\/uploads\/sites\/27\/2021\/12\/Capgemini_LifeAt_meet-our-people.jpg"},"articleSection":"Uncategorized","author":[],"creator":[],"publisher":{"@type":"Organization","name":"Capgemini Poland","logo":""},"keywords":[],"dateCreated":"2021-12-07T07:57:23Z","datePublished":"2021-12-07T07:57:23Z","dateModified":"2025-03-12T06:52:55Z"},"rendered":"<meta name=\"parsely-title\" content=\"Kodeks etyki biznesowej\" \/>\n<meta name=\"parsely-link\" content=\"https:\/\/www.capgemini.com\/pl-pl\/o-nas\/zarzadzanie-lad-korporacyjny\/polityki\/kodeks-etyki-biznesowej\/\" \/>\n<meta name=\"parsely-type\" content=\"index\" \/>\n<meta name=\"parsely-image-url\" content=\"https:\/\/www.capgemini.com\/pl-pl\/wp-content\/uploads\/sites\/27\/2021\/12\/Capgemini_LifeAt_meet-our-people.jpg?w=150&amp;h=150&amp;crop=1\" \/>\n<meta name=\"parsely-pub-date\" content=\"2021-12-07T07:57:23Z\" \/>\n<meta name=\"parsely-section\" content=\"Uncategorized\" \/>","tracker_url":"https:\/\/cdn.parsely.com\/keys\/capgemini.com\/p.js"},"archive_status":false,"featured_image_src":"https:\/\/www.capgemini.com\/pl-pl\/wp-content\/uploads\/sites\/27\/2021\/12\/Capgemini_LifeAt_meet-our-people.jpg","featured_image_alt":"","jetpack_sharing_enabled":true,"distributor_meta":false,"distributor_terms":false,"distributor_media":false,"distributor_original_site_name":"Capgemini Poland","distributor_original_site_url":"https:\/\/www.capgemini.com\/pl-pl","push-errors":false,"_links":{"self":[{"href":"https:\/\/www.capgemini.com\/pl-pl\/wp-json\/wp\/v2\/pages\/889431","targetHints":{"allow":["GET"]}}],"collection":[{"href":"https:\/\/www.capgemini.com\/pl-pl\/wp-json\/wp\/v2\/pages"}],"about":[{"href":"https:\/\/www.capgemini.com\/pl-pl\/wp-json\/wp\/v2\/types\/page"}],"author":[{"embeddable":true,"href":"https:\/\/www.capgemini.com\/pl-pl\/wp-json\/wp\/v2\/users\/121"}],"replies":[{"embeddable":true,"href":"https:\/\/www.capgemini.com\/pl-pl\/wp-json\/wp\/v2\/comments?post=889431"}],"version-history":[{"count":3,"href":"https:\/\/www.capgemini.com\/pl-pl\/wp-json\/wp\/v2\/pages\/889431\/revisions"}],"predecessor-version":[{"id":909302,"href":"https:\/\/www.capgemini.com\/pl-pl\/wp-json\/wp\/v2\/pages\/889431\/revisions\/909302"}],"up":[{"embeddable":true,"href":"https:\/\/www.capgemini.com\/pl-pl\/wp-json\/wp\/v2\/pages\/639065"}],"wp:featuredmedia":[{"embeddable":true,"href":"https:\/\/www.capgemini.com\/pl-pl\/wp-json\/wp\/v2\/media\/889432"}],"wp:attachment":[{"href":"https:\/\/www.capgemini.com\/pl-pl\/wp-json\/wp\/v2\/media?parent=889431"}],"wp:term":[{"taxonomy":"brand","embeddable":true,"href":"https:\/\/www.capgemini.com\/pl-pl\/wp-json\/wp\/v2\/brand?post=889431"},{"taxonomy":"partner_type","embeddable":true,"href":"https:\/\/www.capgemini.com\/pl-pl\/wp-json\/wp\/v2\/partner_type?post=889431"},{"taxonomy":"service","embeddable":true,"href":"https:\/\/www.capgemini.com\/pl-pl\/wp-json\/wp\/v2\/service?post=889431"},{"taxonomy":"industry","embeddable":true,"href":"https:\/\/www.capgemini.com\/pl-pl\/wp-json\/wp\/v2\/industry?post=889431"},{"taxonomy":"partners","embeddable":true,"href":"https:\/\/www.capgemini.com\/pl-pl\/wp-json\/wp\/v2\/partners?post=889431"},{"taxonomy":"page-type","embeddable":true,"href":"https:\/\/www.capgemini.com\/pl-pl\/wp-json\/wp\/v2\/page-type?post=889431"},{"taxonomy":"content-group","embeddable":true,"href":"https:\/\/www.capgemini.com\/pl-pl\/wp-json\/wp\/v2\/content-group?post=889431"}],"curies":[{"name":"wp","href":"https:\/\/api.w.org\/{rel}","templated":true}]}}