{"id":889430,"date":"2021-12-07T10:17:35","date_gmt":"2021-12-07T09:17:35","guid":{"rendered":"https:\/\/www.capgemini.com\/?page_id=639157"},"modified":"2025-12-03T07:07:51","modified_gmt":"2025-12-03T07:07:51","slug":"speakup","status":"publish","type":"page","link":"https:\/\/www.capgemini.com\/pl-pl\/o-nas\/zarzadzanie-lad-korporacyjny\/polityki\/speakup\/","title":{"rendered":"SpeakUp"},"content":{"rendered":"\n<header class=\"wp-block-cg-blocks-hero-reusable is-style-blue-line header heroReusable  \"><div class=\"header-bgs\"><\/div><div class=\"heroPictureCardHeaderShape\"><\/div><div class=\"container\"><div class=\"row\"><div class=\"col-md-12\"><div class=\"box\"><div class=\"boxTagWrapper\"><div class=\"tagInfo\"><div><span class=\"box-tag\">Policy<\/span><\/div><\/div><\/div><div class=\"box-title\"><h1 data-maxlength=\"34\">Polityka speakup<\/h1><\/div><div class=\"inner-row-insight download-btn\"><div class=\"col-md-4 downloadFiles addPadding\"><a class=\"button-download--small\" type=\"download\" href=\"https:\/\/www.capgemini.com\/wp-content\/uploads\/2022\/01\/Capgemini_SpeakUpPolicy_English.pdf\" target=\"_blank\" rel=\"noopener noreferrer\" title=\"opens in a new window\"><span>Download policy (EN)<\/span><span class=\"type\">236 KB pdf<\/span><\/a><\/div><\/div><\/div><\/div><\/div><\/div><\/header>\n\n\n\n<section class=\"wp-block-cg-blocks-group undefined section section--article-content\"><div class=\"article-main-content\"><div class=\"container\"><div class=\"row\"><div class=\"col-12 col-md-11 col-lg-10 offset-md-1 offset-lg-1\"><div class=\"article-text article-quote-text\">\n<p>SpeakUp to internetowa i telefoniczna infolinia, kt\u00f3ra s\u0142u\u017cy do zg\u0142aszania problem\u00f3w zwi\u0105zanych z etyk\u0105, a tak\u017ce pozwala nam na zarz\u0105dzanie przypadkami jej naruszenia. Dzi\u0119ki SpeakUp osoby pracuj\u0105ce w Capgemini mog\u0105 skorzysta\u0107 z porad niezale\u017cnych konsultant\u00f3w.<\/p>\n\n\n\n<p>Korzystanie z tego narz\u0119dzia jest dobrowolne i poufne i zapewnia anonimowo\u015b\u0107 (z wyj\u0105tkiem kraj\u00f3w, w kt\u00f3rych nie by\u0142oby to zgodne z lokalnym prawem). Jest udost\u0119pniane przez Capgemini dla wszystkich zespo\u0142\u00f3w, a tak\u017ce dla naszych klient\u00f3w, dostawc\u00f3w i partner\u00f3w biznesowych.<\/p>\n\n\n\n<div class=\"wp-block-buttons is-layout-flex wp-block-buttons-is-layout-flex\">\n<div class=\"wp-block-button is-style-outline is-style-outline--1\"><a class=\"wp-block-button__link wp-element-button\" href=\"https:\/\/capgemini.integrityline.com\/\" target=\"_blank\" rel=\"noreferrer noopener\">Skontaktuj si\u0119 z infolini\u0105 SpeakUp<\/a><\/div>\n<\/div>\n<\/div><\/div><\/div><\/div><\/div><\/section>\n\n\n\n<section class=\"wp-block-cg-blocks-intro-para-video is-style-cg-sapphire3 section section--info-2cols section--insights section-video \"><div class=\"bg-color video-align-left\"><div class=\"container\"><div class=\"row video-align-right\"><div class=\"col-md-12\"><div class=\"video-align-right row box box--4 box--mini\"><div class=\"col-md-1\"><\/div><div class=\"col-md-8 box-img-wrapper\"><div class=\"video-box\"><div class=\"video-wrapper\"><iframe title=\"video-section\" src=\"https:\/\/www.youtube.com\/embed\/B86vB6qSXi0?rel=0&amp;modestbranding=1&amp;playsinline=1&amp;enablejsapi=1\" frameborder=\"0\" allow=\"accelerometer; autoplay; clipboard-write; encrypted-media; gyroscope; picture-in-picture\" allowfullscreen loading=\"lazy\" referrerpolicy=\"strict-origin-when-cross-origin\"><\/iframe><\/div><\/div><\/div><div class=\"col-md-3\"><h3 class=\"Video-title\" data-maxlength=\"34\">Introduction to SpeakUp<\/h3><div class=\"video-info\"><p data-maxlength=\"68\">One way employees can raise concerns at work<\/p><\/div><\/div><div class=\"col-md-1\"><\/div><\/div><\/div><\/div><\/div><\/div><\/section>\n\n\n\n<section class=\"wp-block-cg-blocks-group undefined section section--article-content\"><div class=\"article-main-content\"><div class=\"container\"><div class=\"row\"><div class=\"col-12 col-md-11 col-lg-10 offset-md-1 offset-lg-1\"><div class=\"article-text article-quote-text\">\n<p>SpeakUp, nasza dzia\u0142aj\u0105ca 24 godziny na dob\u0119, internetowa i telefoniczna infolinia ds. etyki, mo\u017ce by\u0107 wykorzystywana do zg\u0142aszania swoich w\u0105tpliwo\u015bci oraz w celu pro\u015bby o porad\u0119 lub wskaz\u00f3wki dotycz\u0105ce dzia\u0142a\u0144 lub zachowa\u0144, kt\u00f3re:<\/p>\n\n\n\n<ul class=\"wp-block-list\">\n<li>s\u0105 niezgodne z naszymi&nbsp;<a href=\"\/about-us\/who-we-are\/values-and-ethics\/\">warto\u015bciami<\/a>&nbsp;i aspiracjami etycznymi okre\u015blonymi w <a href=\"\/about-us\/who-we-are\/our-values\/our-ethical-culture\/code-of-business-ethics\/\">naszym Kodeksie etyki biznesowej <\/a>i w powi\u0105zanych wytycznych;<\/li>\n\n\n\n<li>s\u0105 niezgodne z obowi\u0105zuj\u0105cym prawem, przepisami i wewn\u0119trznymi wymogami dotycz\u0105cymi zgodno\u015bci z przepisami;<\/li>\n\n\n\n<li>mog\u0105 znacz\u0105co wp\u0142ywa\u0107 na interesy Grupy Capgemini i jej podmiot\u00f3w stowarzyszonych.<\/li>\n<\/ul>\n\n\n\n<p><\/p>\n\n\n\n<p><strong>Polityka SpeakUp jest dost\u0119pna w nast\u0119puj\u0105cych j\u0119zykach:<\/strong><\/p>\n\n\n\n<p><a href=\"https:\/\/www.capgemini.com\/wp-content\/uploads\/2022\/01\/Capgemini_SpeakUpPolicy_English.pdf\" target=\"_blank\" rel=\"noreferrer noopener\">EN<\/a>&nbsp;| <a href=\"https:\/\/www.capgemini.com\/wp-content\/uploads\/2022\/01\/Capgemini_SpeakUpPolicy_Arabic.pdf\" target=\"_blank\" rel=\"noreferrer noopener\">AR<\/a>&nbsp;|&nbsp;<a href=\"https:\/\/www.capgemini.com\/wp-content\/uploads\/2022\/01\/Capgemini_SpeakUpPolicy_Czech.pdf\" target=\"_blank\" rel=\"noreferrer noopener\">CZ<\/a>&nbsp;|&nbsp;<a href=\"https:\/\/www.capgemini.com\/wp-content\/uploads\/2022\/01\/Capgemini_SpeakUpPolicy_Dutch.pdf\" target=\"_blank\" rel=\"noreferrer noopener\">NL<\/a>&nbsp;|&nbsp;<a href=\"https:\/\/www.capgemini.com\/wp-content\/uploads\/2022\/01\/Capgemini_SpeakUpPolicy_Danish.pdf\" target=\"_blank\" rel=\"noreferrer noopener\">DA<\/a>&nbsp;|&nbsp;<a href=\"https:\/\/www.capgemini.com\/wp-content\/uploads\/2022\/01\/Capgemini_SpeakUpPolicy_EuropeanSpanish.pdf\" target=\"_blank\" rel=\"noreferrer noopener\">EU-ES<\/a>&nbsp;|&nbsp;<a href=\"https:\/\/www.capgemini.com\/wp-content\/uploads\/2022\/01\/Capgemini_SpeakUpPolicy_Finnish.pdf\" target=\"_blank\" rel=\"noreferrer noopener\">FI<\/a>&nbsp;|&nbsp;<a href=\"https:\/\/www.capgemini.com\/wp-content\/uploads\/2022\/01\/Capgemini_SpeakUpPolicy__French-1.pdf\" target=\"_blank\" rel=\"noreferrer noopener\">FR<\/a>&nbsp;|&nbsp;<a href=\"https:\/\/www.capgemini.com\/wp-content\/uploads\/2022\/01\/SpeakUp_Policy_FR-Maroc-v1.4-ABE_11102021.pdf\" target=\"_blank\" rel=\"noreferrer noopener\">FR-MA<\/a>&nbsp;|&nbsp;<a href=\"https:\/\/www.capgemini.com\/wp-content\/uploads\/2022\/01\/Capgemini_SpeakUpPolicy_German-1.pdf\" target=\"_blank\" rel=\"noreferrer noopener\">DE<\/a> |&nbsp;<a href=\"https:\/\/www.capgemini.com\/wp-content\/uploads\/2022\/01\/SpeakUp_Policy_English-for-Hungary-v1_20201103.pdf\" target=\"_blank\" rel=\"noreferrer noopener\">EN-HU<\/a>&nbsp;|&nbsp;<a href=\"https:\/\/www.capgemini.com\/wp-content\/uploads\/2022\/01\/SpeakUp_Policy_Hungarian-v1_20201103.pdf\" target=\"_blank\" rel=\"noreferrer noopener\">HU<\/a>&nbsp;|&nbsp;<a href=\"https:\/\/www.capgemini.com\/wp-content\/uploads\/2022\/01\/Capgemini_SpeakUpPolicy_Italian.pdf\" target=\"_blank\" rel=\"noreferrer noopener\">IT<\/a>&nbsp;|&nbsp;<a href=\"https:\/\/www.capgemini.com\/wp-content\/uploads\/2022\/01\/Capgemini_SpeakUpPolicy_Japanese.pdf\" target=\"_blank\" rel=\"noreferrer noopener\">JP<\/a>&nbsp;|&nbsp;<a href=\"https:\/\/www.capgemini.com\/wp-content\/uploads\/2022\/01\/Capgemini_SpeakUpPolicy_Norwegian.pdf\" target=\"_blank\" rel=\"noreferrer noopener\">NO<\/a>&nbsp;|&nbsp;<a href=\"https:\/\/www.capgemini.com\/wp-content\/uploads\/2022\/01\/Capgemini_SpeakUpPolicy_Polish.pdf\" target=\"_blank\" rel=\"noreferrer noopener\">PL<\/a>&nbsp;|&nbsp;<a href=\"https:\/\/www.capgemini.com\/wp-content\/uploads\/2022\/01\/Capgemini_SpeakUpPolicy_Portugese.pdf\" target=\"_blank\" rel=\"noreferrer noopener\">PO<\/a>&nbsp;|&nbsp;<a href=\"https:\/\/www.capgemini.com\/wp-content\/uploads\/2022\/01\/Capgemini_SpeakUpPolicy_Romanian.pdf\" target=\"_blank\" rel=\"noreferrer noopener\">RO<\/a>  |&nbsp;<a href=\"https:\/\/www.capgemini.com\/wp-content\/uploads\/2022\/01\/Capgemini_SpeakUpPolicy_SimplifiedChinese.pdf\" target=\"_blank\" rel=\"noreferrer noopener\">ZH<\/a>&nbsp;|&nbsp;<a href=\"https:\/\/www.capgemini.com\/wp-content\/uploads\/2022\/01\/Capgemini_SpeakUpPolicy_Slovak.pdf\" target=\"_blank\" rel=\"noreferrer noopener\">SL<\/a>&nbsp;|&nbsp;<a href=\"https:\/\/www.capgemini.com\/wp-content\/uploads\/2022\/01\/Capgemini_SpeakUpPolicy_Spanish.pdf\" target=\"_blank\" rel=\"noreferrer noopener\">ES<\/a>&nbsp;|&nbsp;<a href=\"https:\/\/www.capgemini.com\/wp-content\/uploads\/2022\/01\/Capgemini_SpeakUpPolicy_Swedish.pdf\" target=\"_blank\" rel=\"noreferrer noopener\">SE<\/a>&nbsp;|&nbsp;<a href=\"https:\/\/www.capgemini.com\/wp-content\/uploads\/2022\/01\/Capgemini_SpeakUpPolicy_Russian.pdf\" target=\"_blank\" rel=\"noreferrer noopener\">RU<\/a> | <a href=\"https:\/\/www.capgemini.com\/wp-content\/uploads\/2022\/01\/Capgemini_SpeakUpPolicy_Vietnamese.pdf\" target=\"_blank\" rel=\"noreferrer noopener\">VN<\/a> &nbsp;<\/p>\n<\/div><\/div><\/div><\/div><\/div><\/section>\n","protected":false},"excerpt":{"rendered":"","protected":false},"author":121,"featured_media":0,"parent":639065,"menu_order":9,"comment_status":"closed","ping_status":"closed","template":"","meta":{"cg_dt_proposed_to":[],"cg_seo_hreflang_relations":"[]","cg_seo_canonical_relation":"","cg_seo_hreflang_x_default_relation":"{\"uuid\":\"71104a2d-518d-4150-b1c8-52a883470198\",\"blogId\":\"\",\"domain\":\"\",\"sitePath\":\"\",\"postLink\":\"\",\"postId\":null,\"isSaved\":true,\"isCrossLink\":false,\"hasCrossLink\":false}","cg_dt_approved_content":true,"cg_dt_mandatory_content":false,"cg_dt_notes":"","cg_dg_source_changed":true,"cg_dt_link_disabled":false,"_yoast_wpseo_primary_brand":"","footnotes":"","featured_focal_points":"","partner_card_description":"","gsap_animation":0},"brand":[],"partner_type":[],"service":[],"industry":[],"partners":[],"page-type":[],"content-group":[],"class_list":["post-889430","page","type-page","status-publish","hentry"],"yoast_head":"<!-- This site is optimized with the Yoast SEO Premium plugin v22.8 (Yoast SEO v22.8) - https:\/\/yoast.com\/wordpress\/plugins\/seo\/ -->\n<title>Polityka Speakup | Zarz\u0105dzanie i \u0142ad korporacyjny | Capgemini Polska<\/title>\n<meta name=\"description\" content=\"SpeakUp to internetowa i telefoniczna infolinia, kt\u00f3ra s\u0142u\u017cy do zg\u0142aszania problem\u00f3w zwi\u0105zanych z etyk\u0105.\" \/>\n<meta name=\"robots\" content=\"index, follow, max-snippet:-1, max-image-preview:large, max-video-preview:-1\" \/>\n<link rel=\"canonical\" href=\"https:\/\/www.capgemini.com\/pl-pl\/o-nas\/zarzadzanie-lad-korporacyjny\/polityki\/speakup\/\" \/>\n<meta property=\"og:locale\" content=\"pl_PL\" \/>\n<meta property=\"og:type\" content=\"article\" \/>\n<meta property=\"og:title\" content=\"SpeakUp\" \/>\n<meta property=\"og:description\" content=\"SpeakUp to internetowa i telefoniczna infolinia, kt\u00f3ra s\u0142u\u017cy do zg\u0142aszania problem\u00f3w zwi\u0105zanych z etyk\u0105.\" \/>\n<meta property=\"og:url\" content=\"https:\/\/www.capgemini.com\/pl-pl\/o-nas\/zarzadzanie-lad-korporacyjny\/polityki\/speakup\/\" \/>\n<meta property=\"og:site_name\" content=\"Capgemini Poland\" \/>\n<meta property=\"article:modified_time\" content=\"2025-12-03T07:07:51+00:00\" \/>\n<meta property=\"og:image\" content=\"https:\/\/www.capgemini.com\/pl-pl\/wp-content\/uploads\/sites\/27\/2025\/10\/New-Web-preview-global.jpg\" \/>\n\t<meta property=\"og:image:width\" content=\"1200\" \/>\n\t<meta property=\"og:image:height\" content=\"627\" \/>\n\t<meta property=\"og:image:type\" content=\"image\/jpeg\" \/>\n<meta name=\"twitter:card\" content=\"summary_large_image\" \/>\n<meta name=\"twitter:label1\" content=\"Est. reading time\" \/>\n\t<meta name=\"twitter:data1\" content=\"2 minutes\" \/>\n<script type=\"application\/ld+json\" class=\"yoast-schema-graph\">{\"@context\":\"https:\/\/schema.org\",\"@graph\":[{\"@type\":\"WebPage\",\"@id\":\"https:\/\/www.capgemini.com\/pl-pl\/o-nas\/zarzadzanie-lad-korporacyjny\/polityki\/speakup\/\",\"url\":\"https:\/\/www.capgemini.com\/pl-pl\/o-nas\/zarzadzanie-lad-korporacyjny\/polityki\/speakup\/\",\"name\":\"Polityka Speakup | Zarz\u0105dzanie i \u0142ad korporacyjny | Capgemini Polska\",\"isPartOf\":{\"@id\":\"https:\/\/www.capgemini.com\/pl-pl\/#website\"},\"datePublished\":\"2021-12-07T09:17:35+00:00\",\"dateModified\":\"2025-12-03T07:07:51+00:00\",\"description\":\"SpeakUp to internetowa i telefoniczna infolinia, kt\u00f3ra s\u0142u\u017cy do zg\u0142aszania problem\u00f3w zwi\u0105zanych z etyk\u0105.\",\"breadcrumb\":{\"@id\":\"https:\/\/www.capgemini.com\/pl-pl\/o-nas\/zarzadzanie-lad-korporacyjny\/polityki\/speakup\/#breadcrumb\"},\"inLanguage\":\"pl-PL\",\"potentialAction\":[{\"@type\":\"ReadAction\",\"target\":[\"https:\/\/www.capgemini.com\/pl-pl\/o-nas\/zarzadzanie-lad-korporacyjny\/polityki\/speakup\/\"]}]},{\"@type\":\"BreadcrumbList\",\"@id\":\"https:\/\/www.capgemini.com\/pl-pl\/o-nas\/zarzadzanie-lad-korporacyjny\/polityki\/speakup\/#breadcrumb\",\"itemListElement\":[{\"@type\":\"ListItem\",\"position\":1,\"name\":\"Home\",\"item\":\"https:\/\/www.capgemini.com\/pl-pl\/\"},{\"@type\":\"ListItem\",\"position\":2,\"name\":\"O nas\",\"item\":\"https:\/\/www.capgemini.com\/pl-pl\/o-nas\/\"},{\"@type\":\"ListItem\",\"position\":3,\"name\":\"Zarz\u0105dzanie i \u0142ad korporacyjny\",\"item\":\"https:\/\/www.capgemini.com\/pl-pl\/o-nas\/zarzadzanie-lad-korporacyjny\/\"},{\"@type\":\"ListItem\",\"position\":4,\"name\":\"Polityki\",\"item\":\"https:\/\/www.capgemini.com\/pl-pl\/o-nas\/zarzadzanie-lad-korporacyjny\/polityki\/\"},{\"@type\":\"ListItem\",\"position\":5,\"name\":\"SpeakUp\"}]},{\"@type\":\"WebSite\",\"@id\":\"https:\/\/www.capgemini.com\/pl-pl\/#website\",\"url\":\"https:\/\/www.capgemini.com\/pl-pl\/\",\"name\":\"Capgemini Polska\",\"description\":\"Capgemini\",\"potentialAction\":[{\"@type\":\"SearchAction\",\"target\":{\"@type\":\"EntryPoint\",\"urlTemplate\":\"https:\/\/www.capgemini.com\/pl-pl\/?s={search_term_string}\"},\"query-input\":\"required name=search_term_string\"}],\"inLanguage\":\"pl-PL\"}]}<\/script>\n<!-- \/ Yoast SEO Premium plugin. -->","yoast_head_json":{"title":"Polityka Speakup | Zarz\u0105dzanie i \u0142ad korporacyjny | Capgemini Polska","description":"SpeakUp to internetowa i telefoniczna infolinia, kt\u00f3ra s\u0142u\u017cy do zg\u0142aszania problem\u00f3w zwi\u0105zanych z etyk\u0105.","robots":{"index":"index","follow":"follow","max-snippet":"max-snippet:-1","max-image-preview":"max-image-preview:large","max-video-preview":"max-video-preview:-1"},"canonical":"https:\/\/www.capgemini.com\/pl-pl\/o-nas\/zarzadzanie-lad-korporacyjny\/polityki\/speakup\/","og_locale":"pl_PL","og_type":"article","og_title":"SpeakUp","og_description":"SpeakUp to internetowa i telefoniczna infolinia, kt\u00f3ra s\u0142u\u017cy do zg\u0142aszania problem\u00f3w zwi\u0105zanych z etyk\u0105.","og_url":"https:\/\/www.capgemini.com\/pl-pl\/o-nas\/zarzadzanie-lad-korporacyjny\/polityki\/speakup\/","og_site_name":"Capgemini Poland","article_modified_time":"2025-12-03T07:07:51+00:00","og_image":[{"width":1200,"height":627,"url":"https:\/\/www.capgemini.com\/pl-pl\/wp-content\/uploads\/sites\/27\/2025\/10\/New-Web-preview-global.jpg","type":"image\/jpeg"}],"twitter_card":"summary_large_image","twitter_misc":{"Est. reading time":"2 minutes"},"schema":{"@context":"https:\/\/schema.org","@graph":[{"@type":"WebPage","@id":"https:\/\/www.capgemini.com\/pl-pl\/o-nas\/zarzadzanie-lad-korporacyjny\/polityki\/speakup\/","url":"https:\/\/www.capgemini.com\/pl-pl\/o-nas\/zarzadzanie-lad-korporacyjny\/polityki\/speakup\/","name":"Polityka Speakup | Zarz\u0105dzanie i \u0142ad korporacyjny | Capgemini Polska","isPartOf":{"@id":"https:\/\/www.capgemini.com\/pl-pl\/#website"},"datePublished":"2021-12-07T09:17:35+00:00","dateModified":"2025-12-03T07:07:51+00:00","description":"SpeakUp to internetowa i telefoniczna infolinia, kt\u00f3ra s\u0142u\u017cy do zg\u0142aszania problem\u00f3w zwi\u0105zanych z etyk\u0105.","breadcrumb":{"@id":"https:\/\/www.capgemini.com\/pl-pl\/o-nas\/zarzadzanie-lad-korporacyjny\/polityki\/speakup\/#breadcrumb"},"inLanguage":"pl-PL","potentialAction":[{"@type":"ReadAction","target":["https:\/\/www.capgemini.com\/pl-pl\/o-nas\/zarzadzanie-lad-korporacyjny\/polityki\/speakup\/"]}]},{"@type":"BreadcrumbList","@id":"https:\/\/www.capgemini.com\/pl-pl\/o-nas\/zarzadzanie-lad-korporacyjny\/polityki\/speakup\/#breadcrumb","itemListElement":[{"@type":"ListItem","position":1,"name":"Home","item":"https:\/\/www.capgemini.com\/pl-pl\/"},{"@type":"ListItem","position":2,"name":"O nas","item":"https:\/\/www.capgemini.com\/pl-pl\/o-nas\/"},{"@type":"ListItem","position":3,"name":"Zarz\u0105dzanie i \u0142ad korporacyjny","item":"https:\/\/www.capgemini.com\/pl-pl\/o-nas\/zarzadzanie-lad-korporacyjny\/"},{"@type":"ListItem","position":4,"name":"Polityki","item":"https:\/\/www.capgemini.com\/pl-pl\/o-nas\/zarzadzanie-lad-korporacyjny\/polityki\/"},{"@type":"ListItem","position":5,"name":"SpeakUp"}]},{"@type":"WebSite","@id":"https:\/\/www.capgemini.com\/pl-pl\/#website","url":"https:\/\/www.capgemini.com\/pl-pl\/","name":"Capgemini Polska","description":"Capgemini","potentialAction":[{"@type":"SearchAction","target":{"@type":"EntryPoint","urlTemplate":"https:\/\/www.capgemini.com\/pl-pl\/?s={search_term_string}"},"query-input":"required name=search_term_string"}],"inLanguage":"pl-PL"}]}},"brand_term":[],"parsely":{"version":"1.1.0","canonical_url":"https:\/\/capgemini.com\/pl-pl\/o-nas\/zarzadzanie-lad-korporacyjny\/polityki\/speakup\/","smart_links":{"inbound":0,"outbound":0},"traffic_boost_suggestions_count":0,"meta":{"@context":"https:\/\/schema.org","@type":"WebPage","headline":"SpeakUp","url":"https:\/\/www.capgemini.com\/pl-pl\/o-nas\/zarzadzanie-lad-korporacyjny\/polityki\/speakup\/","mainEntityOfPage":{"@type":"WebPage","@id":"https:\/\/www.capgemini.com\/pl-pl\/o-nas\/zarzadzanie-lad-korporacyjny\/polityki\/speakup\/"},"thumbnailUrl":"","image":{"@type":"ImageObject","url":""},"articleSection":"Uncategorized","author":[],"creator":[],"publisher":{"@type":"Organization","name":"Capgemini Poland","logo":""},"keywords":[],"dateCreated":"2021-12-07T09:17:35Z","datePublished":"2021-12-07T09:17:35Z","dateModified":"2025-12-03T07:07:51Z"},"rendered":"<meta name=\"parsely-title\" content=\"SpeakUp\" \/>\n<meta name=\"parsely-link\" content=\"https:\/\/www.capgemini.com\/pl-pl\/o-nas\/zarzadzanie-lad-korporacyjny\/polityki\/speakup\/\" \/>\n<meta name=\"parsely-type\" content=\"index\" \/>\n<meta name=\"parsely-pub-date\" content=\"2021-12-07T09:17:35Z\" \/>\n<meta name=\"parsely-section\" content=\"Uncategorized\" \/>","tracker_url":"https:\/\/cdn.parsely.com\/keys\/capgemini.com\/p.js"},"archive_status":false,"featured_image_src":"https:\/\/www.capgemini.com\/pl-pl\/wp-content\/themes\/capgemini2025\/assets\/images\/mockup.png","featured_image_alt":false,"jetpack_sharing_enabled":true,"distributor_meta":false,"distributor_terms":false,"distributor_media":false,"distributor_original_site_name":"Capgemini Poland","distributor_original_site_url":"https:\/\/www.capgemini.com\/pl-pl","push-errors":false,"_links":{"self":[{"href":"https:\/\/www.capgemini.com\/pl-pl\/wp-json\/wp\/v2\/pages\/889430","targetHints":{"allow":["GET"]}}],"collection":[{"href":"https:\/\/www.capgemini.com\/pl-pl\/wp-json\/wp\/v2\/pages"}],"about":[{"href":"https:\/\/www.capgemini.com\/pl-pl\/wp-json\/wp\/v2\/types\/page"}],"author":[{"embeddable":true,"href":"https:\/\/www.capgemini.com\/pl-pl\/wp-json\/wp\/v2\/users\/121"}],"replies":[{"embeddable":true,"href":"https:\/\/www.capgemini.com\/pl-pl\/wp-json\/wp\/v2\/comments?post=889430"}],"version-history":[{"count":7,"href":"https:\/\/www.capgemini.com\/pl-pl\/wp-json\/wp\/v2\/pages\/889430\/revisions"}],"predecessor-version":[{"id":913664,"href":"https:\/\/www.capgemini.com\/pl-pl\/wp-json\/wp\/v2\/pages\/889430\/revisions\/913664"}],"up":[{"embeddable":true,"href":"https:\/\/www.capgemini.com\/pl-pl\/wp-json\/wp\/v2\/pages\/639065"}],"wp:attachment":[{"href":"https:\/\/www.capgemini.com\/pl-pl\/wp-json\/wp\/v2\/media?parent=889430"}],"wp:term":[{"taxonomy":"brand","embeddable":true,"href":"https:\/\/www.capgemini.com\/pl-pl\/wp-json\/wp\/v2\/brand?post=889430"},{"taxonomy":"partner_type","embeddable":true,"href":"https:\/\/www.capgemini.com\/pl-pl\/wp-json\/wp\/v2\/partner_type?post=889430"},{"taxonomy":"service","embeddable":true,"href":"https:\/\/www.capgemini.com\/pl-pl\/wp-json\/wp\/v2\/service?post=889430"},{"taxonomy":"industry","embeddable":true,"href":"https:\/\/www.capgemini.com\/pl-pl\/wp-json\/wp\/v2\/industry?post=889430"},{"taxonomy":"partners","embeddable":true,"href":"https:\/\/www.capgemini.com\/pl-pl\/wp-json\/wp\/v2\/partners?post=889430"},{"taxonomy":"page-type","embeddable":true,"href":"https:\/\/www.capgemini.com\/pl-pl\/wp-json\/wp\/v2\/page-type?post=889430"},{"taxonomy":"content-group","embeddable":true,"href":"https:\/\/www.capgemini.com\/pl-pl\/wp-json\/wp\/v2\/content-group?post=889430"}],"curies":[{"name":"wp","href":"https:\/\/api.w.org\/{rel}","templated":true}]}}