{"id":703275,"date":"2023-02-10T05:23:47","date_gmt":"2023-02-10T05:23:47","guid":{"rendered":"https:\/\/www.capgemini.com\/pl-pl\/?page_id=703275"},"modified":"2025-03-12T05:45:27","modified_gmt":"2025-03-12T05:45:27","slug":"warunki-korzystania-ze-strony","status":"publish","type":"page","link":"https:\/\/www.capgemini.com\/pl-pl\/warunki-korzystania-ze-strony\/","title":{"rendered":"Warunki korzystania ze strony"},"content":{"rendered":"\n<div class=\"wp-block-cg-blocks-hero-picture-card undefined  heroPictureCard\"><div class=\"heroPictureCardBgs\"><picture><source srcset=\"https:\/\/www.capgemini.com\/pl-pl\/wp-content\/uploads\/sites\/27\/2023\/02\/Nowa-strona-bannery-8.png?w=2880&amp;quality=70 1x, https:\/\/www.capgemini.com\/pl-pl\/wp-content\/uploads\/sites\/27\/2023\/02\/Nowa-strona-bannery-8.png?w=2880&amp;quality=70 2x\" media=\"(min-width: 1500px)\"\/><source srcset=\"https:\/\/www.capgemini.com\/pl-pl\/wp-content\/uploads\/sites\/27\/2023\/02\/Nowa-strona-bannery-8.png?w=1440&amp;quality=70 1x, https:\/\/www.capgemini.com\/pl-pl\/wp-content\/uploads\/sites\/27\/2023\/02\/Nowa-strona-bannery-8.png?w=2880&amp;quality=70 2x\" media=\"(min-width: 992px)\"\/><source srcset=\"https:\/\/www.capgemini.com\/pl-pl\/wp-content\/uploads\/sites\/27\/2023\/02\/Nowa-strona-bannery-8.png?w=1024&amp;quality=70 1x, https:\/\/www.capgemini.com\/pl-pl\/wp-content\/uploads\/sites\/27\/2023\/02\/Nowa-strona-bannery-8.png?w=1024&amp;quality=70 2x\" media=\"(min-width: 768px)\"\/><source srcset=\"https:\/\/www.capgemini.com\/pl-pl\/wp-content\/uploads\/sites\/27\/2023\/02\/Nowa-strona-bannery-8.png?w=768&amp;quality=70 1x, https:\/\/www.capgemini.com\/pl-pl\/wp-content\/uploads\/sites\/27\/2023\/02\/Nowa-strona-bannery-8.png?w=768&amp;quality=70 2x\" media=\"(min-width: 0)\"\/><img decoding=\"async\" src=\"https:\/\/www.capgemini.com\/pl-pl\/wp-content\/uploads\/sites\/27\/2023\/02\/Nowa-strona-bannery-8.png\" class=\"desktopImage\" alt=\"\" style=\"object-fit:cover;object-position:52% 28.999999999999996%\" loading=\"eager\"\/><\/picture><picture><source srcset=\"https:\/\/www.capgemini.com\/pl-pl\/wp-content\/uploads\/sites\/27\/2023\/02\/Nowa-strona-bannery-8.png?w=2880&amp;quality=70 1x, https:\/\/www.capgemini.com\/pl-pl\/wp-content\/uploads\/sites\/27\/2023\/02\/Nowa-strona-bannery-8.png?w=2880&amp;quality=70 2x\" media=\"(min-width: 1500px)\"\/><source srcset=\"https:\/\/www.capgemini.com\/pl-pl\/wp-content\/uploads\/sites\/27\/2023\/02\/Nowa-strona-bannery-8.png?w=1440&amp;quality=70 1x, https:\/\/www.capgemini.com\/pl-pl\/wp-content\/uploads\/sites\/27\/2023\/02\/Nowa-strona-bannery-8.png?w=2880&amp;quality=70 2x\" media=\"(min-width: 992px)\"\/><source srcset=\"https:\/\/www.capgemini.com\/pl-pl\/wp-content\/uploads\/sites\/27\/2023\/02\/Nowa-strona-bannery-8.png?w=1024&amp;quality=70 1x, https:\/\/www.capgemini.com\/pl-pl\/wp-content\/uploads\/sites\/27\/2023\/02\/Nowa-strona-bannery-8.png?w=1024&amp;quality=70 2x\" media=\"(min-width: 768px)\"\/><source srcset=\"https:\/\/www.capgemini.com\/pl-pl\/wp-content\/uploads\/sites\/27\/2023\/02\/Nowa-strona-bannery-8.png?w=768&amp;quality=70 1x, https:\/\/www.capgemini.com\/pl-pl\/wp-content\/uploads\/sites\/27\/2023\/02\/Nowa-strona-bannery-8.png?w=768&amp;quality=70 2x\" media=\"(min-width: 0)\"\/><img decoding=\"async\" src=\"https:\/\/www.capgemini.com\/pl-pl\/wp-content\/uploads\/sites\/27\/2023\/02\/Nowa-strona-bannery-8.png\" class=\"mobileImage\" alt=\"\" style=\"object-fit:cover;object-position:52% 28.999999999999996%\" loading=\"eager\"\/><\/picture><\/div><div class=\"heroPictureCardHeaderShape\"><\/div><div class=\"container\"><div class=\"row\"><div class=\"col-md-8 col-lg-6\"><div class=\"heroPictureCardBox\"><div class=\"heroPictureCardBoxTitle\"><h1 data-maxlength=\"144\">Warunki korzystania ze strony<\/h1><\/div><\/div><\/div><\/div><\/div><div class=\"small-device\"><div class=\"brandLogoWrapper\"> <\/div><\/div><\/div>\n\n\n\n<section class=\"wp-block-cg-blocks-group undefined section section--article-content\"><div class=\"article-main-content\"><div class=\"container\"><div class=\"row\"><div class=\"col-12 col-md-1\"><nav class=\"article-social\"><ul class=\"social-nav\"><li class=\"ip-order-fb\"><a href=\"https:\/\/www.facebook.com\/sharer\/sharer.php?u=https:\/\/www.capgemini.com\/pl-pl\/?page_id=703275\" target=\"_blank\" rel=\"noopener noreferrer\" title=\"otwiera si\u0119 w nowym oknie\"><i aria-hidden=\"true\" class=\"icon-fb\"><\/i><span class=\"sr-only\">Facebook<\/span><\/a><\/li><li class=\"ip-order-tw\"><a href=\"https:\/\/twitter.com\/intent\/tweet?url=https:\/\/www.capgemini.com\/pl-pl\/?page_id=703275&amp;text=\" target=\"_blank\" rel=\"noopener noreferrer\" title=\"otwiera si\u0119 w nowym oknie\"><i aria-hidden=\"true\" class=\"icon-tw\"><\/i><span class=\"sr-only\">Twitter<\/span><\/a><\/li><li class=\"ip-order-li\"><a href=\"https:\/\/www.linkedin.com\/sharing\/share-offsite\/?url=https:\/\/www.capgemini.com\/pl-pl\/?page_id=703275&amp;text=\" target=\"_blank\" rel=\"noopener noreferrer\" title=\"otwiera si\u0119 w nowym oknie\"><i aria-hidden=\"true\" class=\"icon-li\"><\/i><span class=\"sr-only\">Linkedin<\/span><\/a><\/li><\/ul><\/nav><\/div><div class=\"col-12 col-md-11 col-lg-10\"><div class=\"article-text article-quote-text\">\n<p><strong>1) Wyra\u017cenie zgody<\/strong><br>Wchodz\u0105c na witryn\u0119 sp\u00f3\u0142ki Capgemini (\u201eSp\u00f3\u0142ki\u201d) i przegl\u0105daj\u0105c j\u0105 b\u0105d\u017a korzystaj\u0105c z dowolnych jej tre\u015bci i\/lub pobieraj\u0105c je, u\u017cytkownik wyra\u017ca zgod\u0119 na \u201eWarunki korzystania z witryny\u201d przedstawione poni\u017cej.<\/p>\n\n\n\n<p><strong>2) Cel witryny<\/strong><br>Wszelkie materia\u0142y umieszczone na witrynie Sp\u00f3\u0142ki udost\u0119pniono wy\u0142\u0105cznie w celach informacyjnych i nie mog\u0105 by\u0107 one uwa\u017cane za ofert\u0119 handlow\u0105, licencj\u0119, czy dokument ustanawiaj\u0105cy pomi\u0119dzy u\u017cytkownikiem a Sp\u00f3\u0142k\u0105 stosunek doradczy, powierniczy lub zawodowy. \u017badne informacje zawarte na witrynie nie mog\u0105 zast\u0105pi\u0107 w\u0142asnego, samodzielnego badania.<br>Informacje przedstawione na niniejszej witrynie mog\u0105 dotyczy\u0107 towar\u00f3w lub us\u0142ug niedost\u0119pnych w kraju u\u017cytkownika.<\/p>\n\n\n\n<p><strong>3) \u0141\u0105cza internetowe do witryn os\u00f3b trzecich<\/strong><br>\u0141\u0105cza internetowe do witryn os\u00f3b trzecich zamieszczono wy\u0142\u0105cznie dla wygody odwiedzaj\u0105cych i ich umieszczenie nie oznacza aprobaty b\u0105d\u017a akceptacji przez Sp\u00f3\u0142k\u0119 witryn, do kt\u00f3rych \u0142\u0105cza zamieszczono, nawet je\u015bli zawieraj\u0105 one logo Sp\u00f3\u0142ki, poniewa\u017c Sp\u00f3\u0142ka nie posiada na nie wp\u0142ywu. Sp\u00f3\u0142ka nie mo\u017ce zatem ponosi\u0107 odpowiedzialno\u015bci za tre\u015b\u0107 jakiejkolwiek witryny, do kt\u00f3rej \u0142\u0105cze zamieszczono, b\u0105d\u017a za tre\u015b\u0107 umieszczonego na niej \u0142\u0105cza internetowego.<br>U\u017cytkownik przyjmuje do wiadomo\u015bci, \u017ce wy\u015bwietlanie zawarto\u015bci witryny Sp\u00f3\u0142ki w ramce umieszczonej w innej witrynie internetowej (tzw. ramkowanie) i wszelkie podobne dzia\u0142ania s\u0105 zabronione.<\/p>\n\n\n\n<p><strong>4) W\u0142asno\u015b\u0107 intelektualna<\/strong><br>Niniejsza witryna jest chroniona prawami w\u0142asno\u015bci intelektualnej i stanowi wy\u0142\u0105czn\u0105 w\u0142asno\u015b\u0107 Sp\u00f3\u0142ki. Wszelkie umieszczone na niej materia\u0142y, w tym, mi\u0119dzy innymi, teksty, dane, grafiki, obrazy, d\u017awi\u0119ki, nagrania video, logo, ikony lub kod html s\u0105 chronione przepisami dotycz\u0105cymi w\u0142asno\u015bci intelektualnej i pozostaj\u0105 w\u0142asno\u015bci\u0105 Sp\u00f3\u0142ki lub osoby trzeciej.<br>U\u017cytkownik mo\u017ce korzysta\u0107 z tych materia\u0142\u00f3w dla cel\u00f3w w\u0142asnych i niekomercyjnych zgodnie z zasadami zawartymi w przepisach dotycz\u0105cych w\u0142asno\u015bci intelektualnej. Wszelkie inne sposoby korzystania lub modyfikowanie zawarto\u015bci witryny Sp\u00f3\u0142ki, bez uprzedniego upowa\u017cnienia uzyskanego od Sp\u00f3\u0142ki na pi\u015bmie, s\u0105 zabronione.<br><strong>Zastrze\u017cone znaki towarowe Sp\u00f3\u0142ki:<\/strong><br>\u2022 Rightshore \u00ae jest znakiem towarowym nale\u017c\u0105cym do Capgemini<br>\u2022 Collaborative Business Experience \u2122 jest znakiem towarowym nale\u017c\u0105cym do Capgemini<\/p>\n\n\n\n<p><strong>5) Gwarancja i odpowiedzialno\u015b\u0107 prawna<\/strong><br>Wszelkie materia\u0142y, w tym oprogramowanie przeznaczone do pobrania, umieszczone na witrynie Sp\u00f3\u0142ki, jest udost\u0119pniane w stanie \u201ejak jest\u201d i bez \u017cadnej gwarancji, w zakresie prawnie dozwolonym. Sp\u00f3\u0142ka do\u0142o\u017cy nale\u017cytych stara\u0144, aby zapewni\u0107 rzetelno\u015b\u0107 informacji prezentowanych na witrynie, jednak nie gwarantuje, \u017ce nie zawiera ona nie\u015bcis\u0142o\u015bci, b\u0142\u0119d\u00f3w i\/albo przeocze\u0144, wirus\u00f3w, robak\u00f3w, koni troja\u0144skich i tym podobnych, ani \u017ce jej zawarto\u015b\u0107 jest aktualna b\u0105d\u017a odpowiednia dla konkretnego zastosowania przez u\u017cytkownika. Sp\u00f3\u0142ka zastrzega sobie r\u00f3wnie\u017c prawo do wprowadzenia zmian w informacjach w dowolnym czasie i bez uprzedzenia. Sp\u00f3\u0142ka nie gwarantuje uzyskania konkretnych wynik\u00f3w dzi\u0119ki jakiemukolwiek oprogramowaniu dost\u0119pnemu na niniejszej witrynie. U\u017cytkownik ponosi wy\u0142\u0105czn\u0105 odpowiedzialno\u015b\u0107 za wykorzystanie materia\u0142\u00f3w umieszczonych na witrynie.<br>Informacje umieszczone na witrynie nie stanowi\u0105 rozszerzenia lub zmiany gwarancji mog\u0105cej mie\u0107 zastosowanie w przypadku u\u017cytkownika ze wzgl\u0119du na stosunek umowny mi\u0119dzy u\u017cytkownikiem a Sp\u00f3\u0142k\u0105.<br>Sp\u00f3\u0142ka nie ponosi odpowiedzialno\u015bci za jakiekolwiek szkody po\u015brednie, uboczne b\u0105d\u017a szczeg\u00f3lne, w tym, mi\u0119dzy innymi, za utracone zyski b\u0105d\u017a przychody, przerw\u0119 w dzia\u0142alno\u015bci, utrat\u0119 danych wynikaj\u0105c\u0105 z lub zwi\u0105zan\u0105 z wykorzystaniem, niemo\u017cno\u015bci\u0105 wykorzystania lub oparciem si\u0119 na jakichkolwiek materia\u0142ach umieszczonych na niniejszej witrynie lub jakiejkolwiek witrynie, do kt\u00f3rej \u0142\u0105cze zamieszczono.<br>Odpowiedzialno\u015b\u0107 Sp\u00f3\u0142ki za szkody bezpo\u015brednie wynikaj\u0105ce z lub zwi\u0105zane z wykorzystaniem, niemo\u017cno\u015bci\u0105 wykorzystania lub oparciem si\u0119 na jakichkolwiek materia\u0142ach umieszczonych na niniejszej witrynie lub jakiejkolwiek witrynie, do kt\u00f3rej \u0142\u0105cze zamieszczono, nie mo\u017ce w \u017cadnym razie przewy\u017cszy\u0107 kwoty 1000 euro.<\/p>\n\n\n\n<p><strong>6)&nbsp;&nbsp;<\/strong><strong>Polityka ochrony danych osobowych w Internecie<\/strong>&nbsp;\u2013&nbsp;<strong>Zastosowanie informacji Cookies<\/strong><br>Prosz\u0119 przejrze\u0107 nasz\u0105&nbsp;<a href=\"https:\/\/preprod.wcms.capgemini.com\/pl-pl\/polityka-prywatnosci\/\"><u>Polityk\u0119 ochrony danych osobowych<\/u><\/a>&nbsp;w Internecie.<\/p>\n\n\n\n<p><strong>7)&nbsp;<\/strong><strong>Uwagi u\u017cytkownik\u00f3w<\/strong><br>Sp\u00f3\u0142ka nie przyjmuje na siebie obowi\u0105zku monitorowania informacji, kt\u00f3re mog\u0105 by\u0107 umieszczane na jej witrynie przez u\u017cytkownik\u00f3w.<br>U\u017cytkownik gwarantuje, \u017ce wszelkie informacje, Materia\u0142y (termin \u201eMateria\u0142y\u201d obejmuje wszystkie projekty, pliki i inne przesy\u0142ane do nas za\u0142\u0105czniki) b\u0105d\u017a uwagi nieb\u0119d\u0105ce danymi osobowymi, kt\u00f3re u\u017cytkownik prze\u015ble Sp\u00f3\u0142ce za po\u015brednictwem witryny, nie naruszaj\u0105 praw w\u0142asno\u015bci intelektualnej i \u017cadnych innych obowi\u0105zuj\u0105cych przepis\u00f3w. Takie informacje, Materia\u0142y b\u0105d\u017a uwagi nie b\u0119d\u0105 traktowane jako poufne i zastrze\u017cone. Przesy\u0142aj\u0105c jakiekolwiek informacje b\u0105d\u017a Materia\u0142y, u\u017cytkownik udziela Sp\u00f3\u0142ce nieograniczonego i nieodwo\u0142alnego pozwolenia na wykorzystanie, uruchamianie, wy\u015bwietlanie, modyfikowanie i przesy\u0142anie takich informacji, Materia\u0142\u00f3w b\u0105d\u017a uwag, w tym wszelkich pomys\u0142\u00f3w, poj\u0119\u0107 lub wiedzy eksperckiej, b\u0119d\u0105cych ich podstaw\u0105 (termin \u201cMateria\u0142y\u201d obejmuje wszystkie projekty, pliki i inne przesy\u0142ane do nas za\u0142\u0105czniki). Sp\u00f3\u0142ka zastrzega sobie prawo wykorzystania takich informacji w dowolny wybrany przez siebie spos\u00f3b.<\/p>\n\n\n\n<p><strong>8) Prawo w\u0142a\u015bciwe \u2013 rozdzielno\u015b\u0107 postanowie\u0144<\/strong><br>Wszelkie spory lub roszczenia wynikaj\u0105ce z \u201eWarunk\u00f3w korzystania z witryny\u201d lub z nimi zwi\u0105zane podlegaj\u0105 prawu francuskiemu. Wy\u0142\u0105cznym s\u0105dem w\u0142a\u015bciwym jest S\u0105d Gospodarczy Pary\u017ca.<br>Je\u017celi kt\u00f3rekolwiek z postanowie\u0144 niniejszych \u201eWarunk\u00f3w korzystania z witryny\u201d zostanie uznane przez s\u0105d za bezprawne, niewa\u017cne b\u0105d\u017a niewykonalne, pozosta\u0142e postanowienia pozostan\u0105 w mocy.<\/p>\n\n\n\n<p><strong>9) Zmiany \u201eWarunk\u00f3w korzystania z witryny\u201d<\/strong><br>Sp\u00f3\u0142ka zastrzega sobie prawo wprowadzenia zmian \u201eWarunk\u00f3w korzystania z witryny\u201d, na jakich udost\u0119pniana jest niniejsza witryna, w dowolnym czasie i bez uprzedzenia. Zmiany staj\u0105 si\u0119 automatycznie obowi\u0105zuj\u0105ce dla u\u017cytkownika korzystaj\u0105cego z witryny, nale\u017cy wi\u0119c co jaki\u015b czas przegl\u0105da\u0107 \u201eWarunki korzystania z witryny\u201d.<\/p>\n<\/div><\/div><\/div><\/div><\/div><\/section>\n","protected":false},"excerpt":{"rendered":"","protected":false},"author":413,"featured_media":0,"parent":0,"menu_order":0,"comment_status":"closed","ping_status":"closed","template":"","meta":{"cg_dt_proposed_to":[],"cg_seo_hreflang_relations":"[]","cg_seo_canonical_relation":"","cg_seo_hreflang_x_default_relation":"{\"uuid\":\"2f5f0bd4-6b8e-4d88-927d-efe16608eba7\",\"blogId\":\"\",\"domain\":\"\",\"sitePath\":\"\",\"postLink\":\"\",\"postId\":null,\"isSaved\":false,\"isCrossLink\":false,\"hasCrossLink\":false}","cg_dt_approved_content":true,"cg_dt_mandatory_content":false,"cg_dt_notes":"","cg_dg_source_changed":false,"cg_dt_link_disabled":false,"_yoast_wpseo_primary_brand":"","footnotes":"","featured_focal_points":"","partner_card_description":"","gsap_animation":0},"brand":[],"partner_type":[],"service":[],"industry":[],"partners":[],"page-type":[],"content-group":[],"class_list":["post-703275","page","type-page","status-publish","hentry"],"yoast_head":"<!-- This site is optimized with the Yoast SEO Premium plugin v22.8 (Yoast SEO v22.8) - https:\/\/yoast.com\/wordpress\/plugins\/seo\/ -->\n<title>Warunki korzystania ze strony - Capgemini Poland<\/title>\n<meta name=\"description\" content=\"Warunki korzystania ze strony\" \/>\n<meta name=\"robots\" content=\"index, follow, max-snippet:-1, max-image-preview:large, max-video-preview:-1\" \/>\n<link rel=\"canonical\" href=\"https:\/\/www.capgemini.com\/pl-pl\/warunki-korzystania-ze-strony\/\" \/>\n<meta property=\"og:locale\" content=\"pl_PL\" \/>\n<meta property=\"og:type\" content=\"article\" \/>\n<meta property=\"og:title\" content=\"Warunki korzystania ze strony\" \/>\n<meta property=\"og:description\" content=\"Warunki korzystania ze strony\" \/>\n<meta property=\"og:url\" content=\"https:\/\/www.capgemini.com\/pl-pl\/warunki-korzystania-ze-strony\/\" \/>\n<meta property=\"og:site_name\" content=\"Capgemini Poland\" \/>\n<meta property=\"article:modified_time\" content=\"2025-03-12T05:45:27+00:00\" \/>\n<meta property=\"og:image\" content=\"https:\/\/prod.ucwe.capgemini.com\/pl-pl\/wp-content\/uploads\/sites\/27\/2023\/02\/Nowa-strona-bannery-8.png\" \/>\n<meta name=\"twitter:card\" content=\"summary_large_image\" \/>\n<meta name=\"twitter:label1\" content=\"Est. reading time\" \/>\n\t<meta name=\"twitter:data1\" content=\"6 minutes\" \/>\n<script type=\"application\/ld+json\" class=\"yoast-schema-graph\">{\"@context\":\"https:\/\/schema.org\",\"@graph\":[{\"@type\":\"WebPage\",\"@id\":\"https:\/\/www.capgemini.com\/pl-pl\/warunki-korzystania-ze-strony\/\",\"url\":\"https:\/\/www.capgemini.com\/pl-pl\/warunki-korzystania-ze-strony\/\",\"name\":\"Warunki korzystania ze strony - Capgemini Poland\",\"isPartOf\":{\"@id\":\"https:\/\/www.capgemini.com\/pl-pl\/#website\"},\"primaryImageOfPage\":{\"@id\":\"https:\/\/www.capgemini.com\/pl-pl\/warunki-korzystania-ze-strony\/#primaryimage\"},\"image\":{\"@id\":\"https:\/\/www.capgemini.com\/pl-pl\/warunki-korzystania-ze-strony\/#primaryimage\"},\"thumbnailUrl\":\"https:\/\/www.capgemini.com\/pl-pl\/wp-content\/uploads\/sites\/27\/2023\/02\/Nowa-strona-bannery-8.png\",\"datePublished\":\"2023-02-10T05:23:47+00:00\",\"dateModified\":\"2025-03-12T05:45:27+00:00\",\"description\":\"Warunki korzystania ze strony\",\"breadcrumb\":{\"@id\":\"https:\/\/www.capgemini.com\/pl-pl\/warunki-korzystania-ze-strony\/#breadcrumb\"},\"inLanguage\":\"pl-PL\",\"potentialAction\":[{\"@type\":\"ReadAction\",\"target\":[\"https:\/\/www.capgemini.com\/pl-pl\/warunki-korzystania-ze-strony\/\"]}]},{\"@type\":\"ImageObject\",\"inLanguage\":\"pl-PL\",\"@id\":\"https:\/\/www.capgemini.com\/pl-pl\/warunki-korzystania-ze-strony\/#primaryimage\",\"url\":\"https:\/\/www.capgemini.com\/pl-pl\/wp-content\/uploads\/sites\/27\/2023\/02\/Nowa-strona-bannery-8.png\",\"contentUrl\":\"https:\/\/www.capgemini.com\/pl-pl\/wp-content\/uploads\/sites\/27\/2023\/02\/Nowa-strona-bannery-8.png\",\"width\":2880,\"height\":1800},{\"@type\":\"BreadcrumbList\",\"@id\":\"https:\/\/www.capgemini.com\/pl-pl\/warunki-korzystania-ze-strony\/#breadcrumb\",\"itemListElement\":[{\"@type\":\"ListItem\",\"position\":1,\"name\":\"Home\",\"item\":\"https:\/\/www.capgemini.com\/pl-pl\/\"},{\"@type\":\"ListItem\",\"position\":2,\"name\":\"Warunki korzystania ze strony\"}]},{\"@type\":\"WebSite\",\"@id\":\"https:\/\/www.capgemini.com\/pl-pl\/#website\",\"url\":\"https:\/\/www.capgemini.com\/pl-pl\/\",\"name\":\"Capgemini Polska\",\"description\":\"Capgemini\",\"potentialAction\":[{\"@type\":\"SearchAction\",\"target\":{\"@type\":\"EntryPoint\",\"urlTemplate\":\"https:\/\/www.capgemini.com\/pl-pl\/?s={search_term_string}\"},\"query-input\":\"required name=search_term_string\"}],\"inLanguage\":\"pl-PL\"}]}<\/script>\n<!-- \/ Yoast SEO Premium plugin. -->","yoast_head_json":{"title":"Warunki korzystania ze strony - Capgemini Poland","description":"Warunki korzystania ze strony","robots":{"index":"index","follow":"follow","max-snippet":"max-snippet:-1","max-image-preview":"max-image-preview:large","max-video-preview":"max-video-preview:-1"},"canonical":"https:\/\/www.capgemini.com\/pl-pl\/warunki-korzystania-ze-strony\/","og_locale":"pl_PL","og_type":"article","og_title":"Warunki korzystania ze strony","og_description":"Warunki korzystania ze strony","og_url":"https:\/\/www.capgemini.com\/pl-pl\/warunki-korzystania-ze-strony\/","og_site_name":"Capgemini Poland","article_modified_time":"2025-03-12T05:45:27+00:00","og_image":[{"url":"https:\/\/prod.ucwe.capgemini.com\/pl-pl\/wp-content\/uploads\/sites\/27\/2023\/02\/Nowa-strona-bannery-8.png"}],"twitter_card":"summary_large_image","twitter_misc":{"Est. reading time":"6 minutes"},"schema":{"@context":"https:\/\/schema.org","@graph":[{"@type":"WebPage","@id":"https:\/\/www.capgemini.com\/pl-pl\/warunki-korzystania-ze-strony\/","url":"https:\/\/www.capgemini.com\/pl-pl\/warunki-korzystania-ze-strony\/","name":"Warunki korzystania ze strony - Capgemini Poland","isPartOf":{"@id":"https:\/\/www.capgemini.com\/pl-pl\/#website"},"primaryImageOfPage":{"@id":"https:\/\/www.capgemini.com\/pl-pl\/warunki-korzystania-ze-strony\/#primaryimage"},"image":{"@id":"https:\/\/www.capgemini.com\/pl-pl\/warunki-korzystania-ze-strony\/#primaryimage"},"thumbnailUrl":"https:\/\/www.capgemini.com\/pl-pl\/wp-content\/uploads\/sites\/27\/2023\/02\/Nowa-strona-bannery-8.png","datePublished":"2023-02-10T05:23:47+00:00","dateModified":"2025-03-12T05:45:27+00:00","description":"Warunki korzystania ze strony","breadcrumb":{"@id":"https:\/\/www.capgemini.com\/pl-pl\/warunki-korzystania-ze-strony\/#breadcrumb"},"inLanguage":"pl-PL","potentialAction":[{"@type":"ReadAction","target":["https:\/\/www.capgemini.com\/pl-pl\/warunki-korzystania-ze-strony\/"]}]},{"@type":"ImageObject","inLanguage":"pl-PL","@id":"https:\/\/www.capgemini.com\/pl-pl\/warunki-korzystania-ze-strony\/#primaryimage","url":"https:\/\/www.capgemini.com\/pl-pl\/wp-content\/uploads\/sites\/27\/2023\/02\/Nowa-strona-bannery-8.png","contentUrl":"https:\/\/www.capgemini.com\/pl-pl\/wp-content\/uploads\/sites\/27\/2023\/02\/Nowa-strona-bannery-8.png","width":2880,"height":1800},{"@type":"BreadcrumbList","@id":"https:\/\/www.capgemini.com\/pl-pl\/warunki-korzystania-ze-strony\/#breadcrumb","itemListElement":[{"@type":"ListItem","position":1,"name":"Home","item":"https:\/\/www.capgemini.com\/pl-pl\/"},{"@type":"ListItem","position":2,"name":"Warunki korzystania ze strony"}]},{"@type":"WebSite","@id":"https:\/\/www.capgemini.com\/pl-pl\/#website","url":"https:\/\/www.capgemini.com\/pl-pl\/","name":"Capgemini Polska","description":"Capgemini","potentialAction":[{"@type":"SearchAction","target":{"@type":"EntryPoint","urlTemplate":"https:\/\/www.capgemini.com\/pl-pl\/?s={search_term_string}"},"query-input":"required name=search_term_string"}],"inLanguage":"pl-PL"}]}},"brand_term":[],"parsely":{"version":"1.1.0","canonical_url":"https:\/\/capgemini.com\/pl-pl\/warunki-korzystania-ze-strony\/","smart_links":{"inbound":0,"outbound":0},"traffic_boost_suggestions_count":0,"meta":{"@context":"https:\/\/schema.org","@type":"WebPage","headline":"Warunki korzystania ze strony","url":"https:\/\/www.capgemini.com\/pl-pl\/warunki-korzystania-ze-strony\/","mainEntityOfPage":{"@type":"WebPage","@id":"https:\/\/www.capgemini.com\/pl-pl\/warunki-korzystania-ze-strony\/"},"thumbnailUrl":"","image":{"@type":"ImageObject","url":""},"articleSection":"Uncategorized","author":[],"creator":[],"publisher":{"@type":"Organization","name":"Capgemini Poland","logo":""},"keywords":[],"dateCreated":"2023-02-10T05:23:47Z","datePublished":"2023-02-10T05:23:47Z","dateModified":"2025-03-12T05:45:27Z"},"rendered":"<meta name=\"parsely-title\" content=\"Warunki korzystania ze strony\" \/>\n<meta name=\"parsely-link\" content=\"https:\/\/www.capgemini.com\/pl-pl\/warunki-korzystania-ze-strony\/\" \/>\n<meta name=\"parsely-type\" content=\"index\" \/>\n<meta name=\"parsely-pub-date\" content=\"2023-02-10T05:23:47Z\" \/>\n<meta name=\"parsely-section\" content=\"Uncategorized\" \/>","tracker_url":"https:\/\/cdn.parsely.com\/keys\/capgemini.com\/p.js"},"archive_status":false,"featured_image_src":"https:\/\/www.capgemini.com\/pl-pl\/wp-content\/themes\/capgemini2025\/assets\/images\/mockup.png","featured_image_alt":false,"jetpack_sharing_enabled":true,"distributor_meta":false,"distributor_terms":false,"distributor_media":false,"distributor_original_site_name":"Capgemini Poland","distributor_original_site_url":"https:\/\/www.capgemini.com\/pl-pl","push-errors":false,"_links":{"self":[{"href":"https:\/\/www.capgemini.com\/pl-pl\/wp-json\/wp\/v2\/pages\/703275","targetHints":{"allow":["GET"]}}],"collection":[{"href":"https:\/\/www.capgemini.com\/pl-pl\/wp-json\/wp\/v2\/pages"}],"about":[{"href":"https:\/\/www.capgemini.com\/pl-pl\/wp-json\/wp\/v2\/types\/page"}],"author":[{"embeddable":true,"href":"https:\/\/www.capgemini.com\/pl-pl\/wp-json\/wp\/v2\/users\/413"}],"replies":[{"embeddable":true,"href":"https:\/\/www.capgemini.com\/pl-pl\/wp-json\/wp\/v2\/comments?post=703275"}],"version-history":[{"count":3,"href":"https:\/\/www.capgemini.com\/pl-pl\/wp-json\/wp\/v2\/pages\/703275\/revisions"}],"predecessor-version":[{"id":909130,"href":"https:\/\/www.capgemini.com\/pl-pl\/wp-json\/wp\/v2\/pages\/703275\/revisions\/909130"}],"wp:attachment":[{"href":"https:\/\/www.capgemini.com\/pl-pl\/wp-json\/wp\/v2\/media?parent=703275"}],"wp:term":[{"taxonomy":"brand","embeddable":true,"href":"https:\/\/www.capgemini.com\/pl-pl\/wp-json\/wp\/v2\/brand?post=703275"},{"taxonomy":"partner_type","embeddable":true,"href":"https:\/\/www.capgemini.com\/pl-pl\/wp-json\/wp\/v2\/partner_type?post=703275"},{"taxonomy":"service","embeddable":true,"href":"https:\/\/www.capgemini.com\/pl-pl\/wp-json\/wp\/v2\/service?post=703275"},{"taxonomy":"industry","embeddable":true,"href":"https:\/\/www.capgemini.com\/pl-pl\/wp-json\/wp\/v2\/industry?post=703275"},{"taxonomy":"partners","embeddable":true,"href":"https:\/\/www.capgemini.com\/pl-pl\/wp-json\/wp\/v2\/partners?post=703275"},{"taxonomy":"page-type","embeddable":true,"href":"https:\/\/www.capgemini.com\/pl-pl\/wp-json\/wp\/v2\/page-type?post=703275"},{"taxonomy":"content-group","embeddable":true,"href":"https:\/\/www.capgemini.com\/pl-pl\/wp-json\/wp\/v2\/content-group?post=703275"}],"curies":[{"name":"wp","href":"https:\/\/api.w.org\/{rel}","templated":true}]}}