{"id":702011,"date":"2023-02-03T11:28:55","date_gmt":"2023-02-03T11:28:55","guid":{"rendered":"https:\/\/www.capgemini.com\/pl-pl\/?page_id=702011"},"modified":"2025-03-12T05:46:36","modified_gmt":"2025-03-12T05:46:36","slug":"poznaj-dominika-data-science-manager","status":"publish","type":"page","link":"https:\/\/www.capgemini.com\/pl-pl\/kariera\/data-science-capgemini-invent\/","title":{"rendered":"Poznaj dominika,\u00a0senior data science manager"},"content":{"rendered":"\n<div class=\"wp-block-cg-blocks-hero-picture-card undefined  heroPictureCard\"><div class=\"heroPictureCardBgs\"><picture><source srcset=\"https:\/\/www.capgemini.com\/pl-pl\/wp-content\/uploads\/sites\/27\/2023\/02\/Dominik.png?w=2880&amp;quality=70 1x, https:\/\/www.capgemini.com\/pl-pl\/wp-content\/uploads\/sites\/27\/2023\/02\/Dominik.png?w=2880&amp;quality=70 2x\" media=\"(min-width: 1500px)\"\/><source srcset=\"https:\/\/www.capgemini.com\/pl-pl\/wp-content\/uploads\/sites\/27\/2023\/02\/Dominik.png?w=1440&amp;quality=70 1x, https:\/\/www.capgemini.com\/pl-pl\/wp-content\/uploads\/sites\/27\/2023\/02\/Dominik.png?w=2880&amp;quality=70 2x\" media=\"(min-width: 992px)\"\/><source srcset=\"https:\/\/www.capgemini.com\/pl-pl\/wp-content\/uploads\/sites\/27\/2023\/02\/Dominik.png?w=1024&amp;quality=70 1x, https:\/\/www.capgemini.com\/pl-pl\/wp-content\/uploads\/sites\/27\/2023\/02\/Dominik.png?w=1024&amp;quality=70 2x\" media=\"(min-width: 768px)\"\/><source srcset=\"https:\/\/www.capgemini.com\/pl-pl\/wp-content\/uploads\/sites\/27\/2023\/02\/Dominik.png?w=768&amp;quality=70 1x, https:\/\/www.capgemini.com\/pl-pl\/wp-content\/uploads\/sites\/27\/2023\/02\/Dominik.png?w=768&amp;quality=70 2x\" media=\"(min-width: 0)\"\/><img decoding=\"async\" src=\"https:\/\/www.capgemini.com\/pl-pl\/wp-content\/uploads\/sites\/27\/2023\/02\/Dominik.png\" class=\"desktopImage\" alt=\"\" style=\"object-fit:cover;object-position:50% 7.000000000000001%\" loading=\"eager\"\/><\/picture><picture><source srcset=\"https:\/\/www.capgemini.com\/pl-pl\/wp-content\/uploads\/sites\/27\/2023\/02\/Dominik.png?w=2880&amp;quality=70 1x, https:\/\/www.capgemini.com\/pl-pl\/wp-content\/uploads\/sites\/27\/2023\/02\/Dominik.png?w=2880&amp;quality=70 2x\" media=\"(min-width: 1500px)\"\/><source srcset=\"https:\/\/www.capgemini.com\/pl-pl\/wp-content\/uploads\/sites\/27\/2023\/02\/Dominik.png?w=1440&amp;quality=70 1x, https:\/\/www.capgemini.com\/pl-pl\/wp-content\/uploads\/sites\/27\/2023\/02\/Dominik.png?w=2880&amp;quality=70 2x\" media=\"(min-width: 992px)\"\/><source srcset=\"https:\/\/www.capgemini.com\/pl-pl\/wp-content\/uploads\/sites\/27\/2023\/02\/Dominik.png?w=1024&amp;quality=70 1x, https:\/\/www.capgemini.com\/pl-pl\/wp-content\/uploads\/sites\/27\/2023\/02\/Dominik.png?w=1024&amp;quality=70 2x\" media=\"(min-width: 768px)\"\/><source srcset=\"https:\/\/www.capgemini.com\/pl-pl\/wp-content\/uploads\/sites\/27\/2023\/02\/Dominik.png?w=768&amp;quality=70 1x, https:\/\/www.capgemini.com\/pl-pl\/wp-content\/uploads\/sites\/27\/2023\/02\/Dominik.png?w=768&amp;quality=70 2x\" media=\"(min-width: 0)\"\/><img decoding=\"async\" src=\"https:\/\/www.capgemini.com\/pl-pl\/wp-content\/uploads\/sites\/27\/2023\/02\/Dominik.png\" class=\"mobileImage\" alt=\"\" style=\"object-fit:cover;object-position:50% 7.000000000000001%\" loading=\"eager\"\/><\/picture><\/div><div class=\"heroPictureCardHeaderShape\"><\/div><div class=\"container\"><div class=\"row\"><div class=\"col-md-8 col-lg-6\"><div class=\"heroPictureCardBox\"><div class=\"heroPictureCardBoxTitle\"><h1 data-maxlength=\"144\">Poznaj dominika,\u00a0senior data science manager<\/h1><\/div><\/div><\/div><\/div><\/div><div class=\"small-device\"><div class=\"brandLogoWrapper\"> <\/div><\/div><\/div>\n\n\n\n<section class=\"wp-block-cg-blocks-group undefined section section--article-content\"><div class=\"article-main-content\"><div class=\"container\"><div class=\"row\"><div class=\"col-12 col-md-11 col-lg-10 offset-md-1 offset-lg-1\"><div class=\"article-text article-quote-text\">\n<p><strong>YOUR FUTURE IN DATA SCIENCE<\/strong><\/p>\n\n\n\n<div class=\"wp-block-buttons is-layout-flex wp-block-buttons-is-layout-flex\">\n<div class=\"wp-block-button is-style-outline is-style-outline--1\"><a class=\"wp-block-button__link wp-element-button\" href=\"https:\/\/www.capgemini.com\/pl-pl\/kariera\/meet-dominik-data-science-manager\/\">English Version <\/a><\/div>\n<\/div>\n\n\n\n<p><\/p>\n\n\n\n<p>Cze\u015b\u0107! Poznaj Dominika! Jako Senior Data Science Manager zarz\u0105dza zespo\u0142em, dba r\u00f3wnie\u017c o komfort pracy ekspert\u00f3w. Zajmuje si\u0119 m.in. kodowaniem rozwi\u0105za\u0144 sztucznej inteligencji \u2013 tak, by by\u0142y intuicyjne dla ich u\u017cytkownik\u00f3w. Jego praca to tak\u017ce mn\u00f3stwo tzw. umiej\u0119tno\u015bci mi\u0119kkich, by wymieni\u0107 cho\u0107by zdolno\u015bci komunikacyjne czy zarz\u0105dzanie stresem. Na co dzie\u0144 pracuje m.in. za pomoc\u0105: Pythona, Kubernetesa, SQL, SAP, AWS, GCP. Jak sam wspomina, jego praca dla Capgemini to dos\u0142owne rozwini\u0119cie formu\u0142y \u201eGet the future you want\u201d. Zobacz, co jeszcze o pracy w Capgemini m\u00f3wi sam Dominik!<\/p>\n\n\n\n<figure class=\"wp-block-embed is-type-video is-provider-youtube wp-block-embed-youtube wp-embed-aspect-16-9 wp-has-aspect-ratio\"><div class=\"wp-block-embed__wrapper\">\n<iframe loading=\"lazy\" title=\"Future in Data Science? Meet Dominik, Data Science Manager\" width=\"960\" height=\"540\" src=\"https:\/\/www.youtube.com\/embed\/5TjkqTfUFPM?feature=oembed\" frameborder=\"0\" allow=\"accelerometer; autoplay; clipboard-write; encrypted-media; gyroscope; picture-in-picture; web-share\" referrerpolicy=\"strict-origin-when-cross-origin\" allowfullscreen><\/iframe>\n<\/div><\/figure>\n<\/div><\/div><\/div><\/div><\/div><\/section>\n\n\n\n<section class=\"wp-block-cg-blocks-group undefined section section--article-content\"><div class=\"article-main-content\"><div class=\"container\"><div class=\"row\"><div class=\"col-12 col-md-11 col-lg-10 offset-md-1 offset-lg-1\"><div class=\"article-text article-quote-text\">\n<p><strong>KATALOG STANOWISK:<\/strong><\/p>\n\n\n\n<ul class=\"wp-block-list\">\n<li><a href=\"https:\/\/jobs.capgemini.com\/job-invite\/661133\/\" target=\"_blank\" rel=\"noreferrer noopener\">Data Science (Senior) Consultant<\/a><\/li>\n\n\n\n<li><a href=\"https:\/\/jobs.capgemini.com\/pl-gb\/job\/Warszawa\/846877101\/\">Data Modeler<\/a><\/li>\n\n\n\n<li><a href=\"https:\/\/jobs.capgemini.com\/pl-gb\/job\/Warszawa\/846878101\/\">Data Governance Architect<\/a><\/li>\n\n\n\n<li><a href=\"https:\/\/jobs.capgemini.com\/pl-gb\/job\/Warszawa\/847028701\/\">Junior Data Scientist<\/a><\/li>\n\n\n\n<li><a href=\"https:\/\/jobs.capgemini.com\/pl-gb\/job\/Warszawa\/798693201\/\">Cloud Data Engineer<\/a><\/li>\n<\/ul>\n\n\n\n<p>W Capgemini wspieramy klient\u00f3w, wykorzystuj\u0105c wiedz\u0119 i do\u015bwiadczenie naszych specjalist\u00f3w oraz znajomo\u015b\u0107 j\u0119zyk\u00f3w obcych.<\/p>\n\n\n\n<p><strong>Rozw\u00f3j w Capgemini\/ Przysz\u0142o\u015b\u0107 w Capgemini<\/strong><\/p>\n\n\n\n<p>Zgodnie z filozofi\u0105 \u201eGet the future you want\u201d, w Capgemini robimy wszystko, by pom\u00f3c rozwin\u0105\u0107 skrzyd\u0142a naszym specjalistom. Je\u015bli masz na siebie pomys\u0142, z rado\u015bci\u0105 pomo\u017cemy Ci w jego realizacji. Je\u015bli szukasz nowych wyzwa\u0144, pomo\u017cemy Ci je znale\u017a\u0107. Dominik znalaz\u0142 swoj\u0105 \u015bcie\u017ck\u0119 kariery, a my pomagamy mu w realizacji jego zamierze\u0144, dostarczaj\u0105c narz\u0119dzia, know how i mi\u0119dzynarodowe projekty. To samo zrobimy dla Ciebie.<\/p>\n\n\n\n<p><strong>Jak? To proste:<\/strong><\/p>\n\n\n\n<ul class=\"wp-block-list\">\n<li>poprzez intensywne wewn\u0119trzne szkolenia rozwojowe (prowadzone przez ekspert\u00f3w Capgemini), wsparcie mentor\u00f3w (wsp\u00f3lne planowanie rozwoju kariery oraz rozwoju kompetencji technicznych)<\/li>\n\n\n\n<li>poprzez siatk\u0119 szkole\u0144 zewn\u0119trznych z uznanymi autorytetami biznesowymi i technologicznymi<\/li>\n\n\n\n<li>poprzez zapewnienie certyfikacji, dost\u0119pu do kurs\u00f3w i warsztat\u00f3w (zar\u00f3wno kompetencje mi\u0119kkie, jak i twarde)<\/li>\n\n\n\n<li>poprzez dost\u0119p do platform z kursami i szkoleniami online (m.in. Pluralsight, Courser itp.)<\/li>\n<\/ul>\n\n\n\n<p><strong>Do\u0142\u0105cz do naszego zespo\u0142u!<\/strong><\/p>\n<\/div><\/div><\/div><\/div><\/div><\/section>\n","protected":false},"excerpt":{"rendered":"","protected":false},"author":413,"featured_media":0,"parent":0,"menu_order":0,"comment_status":"closed","ping_status":"closed","template":"","meta":{"cg_dt_proposed_to":[],"cg_seo_hreflang_relations":"[]","cg_seo_canonical_relation":"","cg_seo_hreflang_x_default_relation":"{\"uuid\":\"64c27b84-fa66-48dc-b029-723291e0f950\",\"blogId\":\"\",\"domain\":\"\",\"sitePath\":\"\",\"postLink\":\"\",\"postId\":null,\"isSaved\":true,\"isCrossLink\":false,\"hasCrossLink\":false}","cg_dt_approved_content":true,"cg_dt_mandatory_content":false,"cg_dt_notes":"","cg_dg_source_changed":false,"cg_dt_link_disabled":false,"_yoast_wpseo_primary_brand":"","footnotes":"","featured_focal_points":"","partner_card_description":"","gsap_animation":0},"brand":[],"partner_type":[],"service":[],"industry":[],"partners":[],"page-type":[],"content-group":[],"class_list":["post-702011","page","type-page","status-publish","hentry"],"yoast_head":"<!-- This site is optimized with the Yoast SEO Premium plugin v22.8 (Yoast SEO v22.8) - https:\/\/yoast.com\/wordpress\/plugins\/seo\/ -->\n<title>Poznaj dominika,\u00a0senior data science manager - Capgemini Poland<\/title>\n<meta name=\"description\" content=\"Poznaj Dominika,\u00a0Senior Data Science Manager\" \/>\n<meta name=\"robots\" content=\"index, follow, max-snippet:-1, max-image-preview:large, max-video-preview:-1\" \/>\n<link rel=\"canonical\" href=\"https:\/\/www.capgemini.com\/pl-pl\/kariera\/data-science-capgemini-invent\/\" \/>\n<meta property=\"og:locale\" content=\"pl_PL\" \/>\n<meta property=\"og:type\" content=\"article\" \/>\n<meta property=\"og:title\" content=\"Poznaj dominika,\u00a0senior data science manager\" \/>\n<meta property=\"og:description\" content=\"Poznaj Dominika,\u00a0Senior Data Science Manager\" \/>\n<meta property=\"og:url\" content=\"https:\/\/www.capgemini.com\/pl-pl\/kariera\/data-science-capgemini-invent\/\" \/>\n<meta property=\"og:site_name\" content=\"Capgemini Poland\" \/>\n<meta property=\"article:modified_time\" content=\"2025-03-12T05:46:36+00:00\" \/>\n<meta property=\"og:image\" content=\"https:\/\/www.capgemini.com\/pl-pl\/wp-content\/uploads\/sites\/27\/2023\/02\/Dominik.png\" \/>\n<meta name=\"twitter:card\" content=\"summary_large_image\" \/>\n<meta name=\"twitter:label1\" content=\"Est. reading time\" \/>\n\t<meta name=\"twitter:data1\" content=\"2 minutes\" \/>\n<script type=\"application\/ld+json\" class=\"yoast-schema-graph\">{\"@context\":\"https:\/\/schema.org\",\"@graph\":[{\"@type\":\"WebPage\",\"@id\":\"https:\/\/www.capgemini.com\/pl-pl\/kariera\/data-science-capgemini-invent\/\",\"url\":\"https:\/\/www.capgemini.com\/pl-pl\/kariera\/data-science-capgemini-invent\/\",\"name\":\"Poznaj dominika,\u00a0senior data science manager - Capgemini Poland\",\"isPartOf\":{\"@id\":\"https:\/\/www.capgemini.com\/pl-pl\/#website\"},\"primaryImageOfPage\":{\"@id\":\"https:\/\/www.capgemini.com\/pl-pl\/kariera\/data-science-capgemini-invent\/#primaryimage\"},\"image\":{\"@id\":\"https:\/\/www.capgemini.com\/pl-pl\/kariera\/data-science-capgemini-invent\/#primaryimage\"},\"thumbnailUrl\":\"https:\/\/www.capgemini.com\/pl-pl\/wp-content\/uploads\/sites\/27\/2023\/02\/Dominik.png\",\"datePublished\":\"2023-02-03T11:28:55+00:00\",\"dateModified\":\"2025-03-12T05:46:36+00:00\",\"description\":\"Poznaj Dominika,\u00a0Senior Data Science Manager\",\"breadcrumb\":{\"@id\":\"https:\/\/www.capgemini.com\/pl-pl\/kariera\/data-science-capgemini-invent\/#breadcrumb\"},\"inLanguage\":\"pl-PL\",\"potentialAction\":[{\"@type\":\"ReadAction\",\"target\":[\"https:\/\/www.capgemini.com\/pl-pl\/kariera\/data-science-capgemini-invent\/\"]}]},{\"@type\":\"ImageObject\",\"inLanguage\":\"pl-PL\",\"@id\":\"https:\/\/www.capgemini.com\/pl-pl\/kariera\/data-science-capgemini-invent\/#primaryimage\",\"url\":\"https:\/\/www.capgemini.com\/pl-pl\/wp-content\/uploads\/sites\/27\/2023\/02\/Dominik.png\",\"contentUrl\":\"https:\/\/www.capgemini.com\/pl-pl\/wp-content\/uploads\/sites\/27\/2023\/02\/Dominik.png\"},{\"@type\":\"BreadcrumbList\",\"@id\":\"https:\/\/www.capgemini.com\/pl-pl\/kariera\/data-science-capgemini-invent\/#breadcrumb\",\"itemListElement\":[{\"@type\":\"ListItem\",\"position\":1,\"name\":\"Home\",\"item\":\"https:\/\/www.capgemini.com\/pl-pl\/\"},{\"@type\":\"ListItem\",\"position\":2,\"name\":\"Poznaj dominika,\u00a0senior data science manager\"}]},{\"@type\":\"WebSite\",\"@id\":\"https:\/\/www.capgemini.com\/pl-pl\/#website\",\"url\":\"https:\/\/www.capgemini.com\/pl-pl\/\",\"name\":\"Capgemini Polska\",\"description\":\"Capgemini\",\"potentialAction\":[{\"@type\":\"SearchAction\",\"target\":{\"@type\":\"EntryPoint\",\"urlTemplate\":\"https:\/\/www.capgemini.com\/pl-pl\/?s={search_term_string}\"},\"query-input\":\"required name=search_term_string\"}],\"inLanguage\":\"pl-PL\"}]}<\/script>\n<!-- \/ Yoast SEO Premium plugin. -->","yoast_head_json":{"title":"Poznaj dominika,\u00a0senior data science manager - Capgemini Poland","description":"Poznaj Dominika,\u00a0Senior Data Science Manager","robots":{"index":"index","follow":"follow","max-snippet":"max-snippet:-1","max-image-preview":"max-image-preview:large","max-video-preview":"max-video-preview:-1"},"canonical":"https:\/\/www.capgemini.com\/pl-pl\/kariera\/data-science-capgemini-invent\/","og_locale":"pl_PL","og_type":"article","og_title":"Poznaj dominika,\u00a0senior data science manager","og_description":"Poznaj Dominika,\u00a0Senior Data Science Manager","og_url":"https:\/\/www.capgemini.com\/pl-pl\/kariera\/data-science-capgemini-invent\/","og_site_name":"Capgemini Poland","article_modified_time":"2025-03-12T05:46:36+00:00","og_image":[{"url":"https:\/\/www.capgemini.com\/pl-pl\/wp-content\/uploads\/sites\/27\/2023\/02\/Dominik.png"}],"twitter_card":"summary_large_image","twitter_misc":{"Est. reading time":"2 minutes"},"schema":{"@context":"https:\/\/schema.org","@graph":[{"@type":"WebPage","@id":"https:\/\/www.capgemini.com\/pl-pl\/kariera\/data-science-capgemini-invent\/","url":"https:\/\/www.capgemini.com\/pl-pl\/kariera\/data-science-capgemini-invent\/","name":"Poznaj dominika,\u00a0senior data science manager - Capgemini Poland","isPartOf":{"@id":"https:\/\/www.capgemini.com\/pl-pl\/#website"},"primaryImageOfPage":{"@id":"https:\/\/www.capgemini.com\/pl-pl\/kariera\/data-science-capgemini-invent\/#primaryimage"},"image":{"@id":"https:\/\/www.capgemini.com\/pl-pl\/kariera\/data-science-capgemini-invent\/#primaryimage"},"thumbnailUrl":"https:\/\/www.capgemini.com\/pl-pl\/wp-content\/uploads\/sites\/27\/2023\/02\/Dominik.png","datePublished":"2023-02-03T11:28:55+00:00","dateModified":"2025-03-12T05:46:36+00:00","description":"Poznaj Dominika,\u00a0Senior Data Science Manager","breadcrumb":{"@id":"https:\/\/www.capgemini.com\/pl-pl\/kariera\/data-science-capgemini-invent\/#breadcrumb"},"inLanguage":"pl-PL","potentialAction":[{"@type":"ReadAction","target":["https:\/\/www.capgemini.com\/pl-pl\/kariera\/data-science-capgemini-invent\/"]}]},{"@type":"ImageObject","inLanguage":"pl-PL","@id":"https:\/\/www.capgemini.com\/pl-pl\/kariera\/data-science-capgemini-invent\/#primaryimage","url":"https:\/\/www.capgemini.com\/pl-pl\/wp-content\/uploads\/sites\/27\/2023\/02\/Dominik.png","contentUrl":"https:\/\/www.capgemini.com\/pl-pl\/wp-content\/uploads\/sites\/27\/2023\/02\/Dominik.png"},{"@type":"BreadcrumbList","@id":"https:\/\/www.capgemini.com\/pl-pl\/kariera\/data-science-capgemini-invent\/#breadcrumb","itemListElement":[{"@type":"ListItem","position":1,"name":"Home","item":"https:\/\/www.capgemini.com\/pl-pl\/"},{"@type":"ListItem","position":2,"name":"Poznaj dominika,\u00a0senior data science manager"}]},{"@type":"WebSite","@id":"https:\/\/www.capgemini.com\/pl-pl\/#website","url":"https:\/\/www.capgemini.com\/pl-pl\/","name":"Capgemini Polska","description":"Capgemini","potentialAction":[{"@type":"SearchAction","target":{"@type":"EntryPoint","urlTemplate":"https:\/\/www.capgemini.com\/pl-pl\/?s={search_term_string}"},"query-input":"required name=search_term_string"}],"inLanguage":"pl-PL"}]}},"brand_term":[],"parsely":{"version":"1.1.0","canonical_url":"https:\/\/capgemini.com\/pl-pl\/kariera\/data-science-capgemini-invent\/","smart_links":{"inbound":0,"outbound":0},"traffic_boost_suggestions_count":0,"meta":{"@context":"https:\/\/schema.org","@type":"WebPage","headline":"Poznaj dominika,\u00a0senior data science manager","url":"https:\/\/www.capgemini.com\/pl-pl\/kariera\/data-science-capgemini-invent\/","mainEntityOfPage":{"@type":"WebPage","@id":"https:\/\/www.capgemini.com\/pl-pl\/kariera\/data-science-capgemini-invent\/"},"thumbnailUrl":"","image":{"@type":"ImageObject","url":""},"articleSection":"Uncategorized","author":[],"creator":[],"publisher":{"@type":"Organization","name":"Capgemini Poland","logo":""},"keywords":[],"dateCreated":"2023-02-03T11:28:55Z","datePublished":"2023-02-03T11:28:55Z","dateModified":"2025-03-12T05:46:36Z"},"rendered":"<meta name=\"parsely-title\" content=\"Poznaj dominika,\u00a0senior data science manager\" \/>\n<meta name=\"parsely-link\" content=\"https:\/\/www.capgemini.com\/pl-pl\/kariera\/data-science-capgemini-invent\/\" \/>\n<meta name=\"parsely-type\" content=\"index\" \/>\n<meta name=\"parsely-pub-date\" content=\"2023-02-03T11:28:55Z\" \/>\n<meta name=\"parsely-section\" content=\"Uncategorized\" \/>","tracker_url":"https:\/\/cdn.parsely.com\/keys\/capgemini.com\/p.js"},"archive_status":false,"featured_image_src":"https:\/\/www.capgemini.com\/pl-pl\/wp-content\/themes\/capgemini2025\/assets\/images\/mockup.png","featured_image_alt":false,"jetpack_sharing_enabled":true,"distributor_meta":false,"distributor_terms":false,"distributor_media":false,"distributor_original_site_name":"Capgemini Poland","distributor_original_site_url":"https:\/\/www.capgemini.com\/pl-pl","push-errors":false,"_links":{"self":[{"href":"https:\/\/www.capgemini.com\/pl-pl\/wp-json\/wp\/v2\/pages\/702011","targetHints":{"allow":["GET"]}}],"collection":[{"href":"https:\/\/www.capgemini.com\/pl-pl\/wp-json\/wp\/v2\/pages"}],"about":[{"href":"https:\/\/www.capgemini.com\/pl-pl\/wp-json\/wp\/v2\/types\/page"}],"author":[{"embeddable":true,"href":"https:\/\/www.capgemini.com\/pl-pl\/wp-json\/wp\/v2\/users\/413"}],"replies":[{"embeddable":true,"href":"https:\/\/www.capgemini.com\/pl-pl\/wp-json\/wp\/v2\/comments?post=702011"}],"version-history":[{"count":6,"href":"https:\/\/www.capgemini.com\/pl-pl\/wp-json\/wp\/v2\/pages\/702011\/revisions"}],"predecessor-version":[{"id":909134,"href":"https:\/\/www.capgemini.com\/pl-pl\/wp-json\/wp\/v2\/pages\/702011\/revisions\/909134"}],"wp:attachment":[{"href":"https:\/\/www.capgemini.com\/pl-pl\/wp-json\/wp\/v2\/media?parent=702011"}],"wp:term":[{"taxonomy":"brand","embeddable":true,"href":"https:\/\/www.capgemini.com\/pl-pl\/wp-json\/wp\/v2\/brand?post=702011"},{"taxonomy":"partner_type","embeddable":true,"href":"https:\/\/www.capgemini.com\/pl-pl\/wp-json\/wp\/v2\/partner_type?post=702011"},{"taxonomy":"service","embeddable":true,"href":"https:\/\/www.capgemini.com\/pl-pl\/wp-json\/wp\/v2\/service?post=702011"},{"taxonomy":"industry","embeddable":true,"href":"https:\/\/www.capgemini.com\/pl-pl\/wp-json\/wp\/v2\/industry?post=702011"},{"taxonomy":"partners","embeddable":true,"href":"https:\/\/www.capgemini.com\/pl-pl\/wp-json\/wp\/v2\/partners?post=702011"},{"taxonomy":"page-type","embeddable":true,"href":"https:\/\/www.capgemini.com\/pl-pl\/wp-json\/wp\/v2\/page-type?post=702011"},{"taxonomy":"content-group","embeddable":true,"href":"https:\/\/www.capgemini.com\/pl-pl\/wp-json\/wp\/v2\/content-group?post=702011"}],"curies":[{"name":"wp","href":"https:\/\/api.w.org\/{rel}","templated":true}]}}