{"id":701997,"date":"2023-02-03T11:11:56","date_gmt":"2023-02-03T11:11:56","guid":{"rendered":"https:\/\/www.capgemini.com\/pl-pl\/?page_id=701997"},"modified":"2025-03-12T05:47:07","modified_gmt":"2025-03-12T05:47:07","slug":"poznaj-ade-senior-business-process-consultant","status":"publish","type":"page","link":"https:\/\/www.capgemini.com\/pl-pl\/kariera\/experts-business-process-consultant\/","title":{"rendered":"Poznaj ad\u0119,\u00a0senior business process consultant"},"content":{"rendered":"\n<div class=\"wp-block-cg-blocks-hero-picture-card undefined  heroPictureCard\"><div class=\"heroPictureCardBgs\"><picture><source srcset=\"https:\/\/www.capgemini.com\/pl-pl\/wp-content\/uploads\/sites\/27\/2023\/02\/Adrianna.png?w=2880&amp;quality=70 1x, https:\/\/www.capgemini.com\/pl-pl\/wp-content\/uploads\/sites\/27\/2023\/02\/Adrianna.png?w=2880&amp;quality=70 2x\" media=\"(min-width: 1500px)\"\/><source srcset=\"https:\/\/www.capgemini.com\/pl-pl\/wp-content\/uploads\/sites\/27\/2023\/02\/Adrianna.png?w=1440&amp;quality=70 1x, https:\/\/www.capgemini.com\/pl-pl\/wp-content\/uploads\/sites\/27\/2023\/02\/Adrianna.png?w=2880&amp;quality=70 2x\" media=\"(min-width: 992px)\"\/><source srcset=\"https:\/\/www.capgemini.com\/pl-pl\/wp-content\/uploads\/sites\/27\/2023\/02\/Adrianna.png?w=1024&amp;quality=70 1x, https:\/\/www.capgemini.com\/pl-pl\/wp-content\/uploads\/sites\/27\/2023\/02\/Adrianna.png?w=1024&amp;quality=70 2x\" media=\"(min-width: 768px)\"\/><source srcset=\"https:\/\/www.capgemini.com\/pl-pl\/wp-content\/uploads\/sites\/27\/2023\/02\/Adrianna.png?w=768&amp;quality=70 1x, https:\/\/www.capgemini.com\/pl-pl\/wp-content\/uploads\/sites\/27\/2023\/02\/Adrianna.png?w=768&amp;quality=70 2x\" media=\"(min-width: 0)\"\/><img decoding=\"async\" src=\"https:\/\/www.capgemini.com\/pl-pl\/wp-content\/uploads\/sites\/27\/2023\/02\/Adrianna.png\" class=\"desktopImage\" alt=\"\" style=\"object-fit:cover;object-position:53% 1%\" loading=\"eager\"\/><\/picture><picture><source srcset=\"https:\/\/www.capgemini.com\/pl-pl\/wp-content\/uploads\/sites\/27\/2023\/02\/Adrianna.png?w=2880&amp;quality=70 1x, https:\/\/www.capgemini.com\/pl-pl\/wp-content\/uploads\/sites\/27\/2023\/02\/Adrianna.png?w=2880&amp;quality=70 2x\" media=\"(min-width: 1500px)\"\/><source srcset=\"https:\/\/www.capgemini.com\/pl-pl\/wp-content\/uploads\/sites\/27\/2023\/02\/Adrianna.png?w=1440&amp;quality=70 1x, https:\/\/www.capgemini.com\/pl-pl\/wp-content\/uploads\/sites\/27\/2023\/02\/Adrianna.png?w=2880&amp;quality=70 2x\" media=\"(min-width: 992px)\"\/><source srcset=\"https:\/\/www.capgemini.com\/pl-pl\/wp-content\/uploads\/sites\/27\/2023\/02\/Adrianna.png?w=1024&amp;quality=70 1x, https:\/\/www.capgemini.com\/pl-pl\/wp-content\/uploads\/sites\/27\/2023\/02\/Adrianna.png?w=1024&amp;quality=70 2x\" media=\"(min-width: 768px)\"\/><source srcset=\"https:\/\/www.capgemini.com\/pl-pl\/wp-content\/uploads\/sites\/27\/2023\/02\/Adrianna.png?w=768&amp;quality=70 1x, https:\/\/www.capgemini.com\/pl-pl\/wp-content\/uploads\/sites\/27\/2023\/02\/Adrianna.png?w=768&amp;quality=70 2x\" media=\"(min-width: 0)\"\/><img decoding=\"async\" src=\"https:\/\/www.capgemini.com\/pl-pl\/wp-content\/uploads\/sites\/27\/2023\/02\/Adrianna.png\" class=\"mobileImage\" alt=\"\" style=\"object-fit:cover;object-position:53% 1%\" loading=\"eager\"\/><\/picture><\/div><div class=\"heroPictureCardHeaderShape\"><\/div><div class=\"container\"><div class=\"row\"><div class=\"col-md-8 col-lg-6\"><div class=\"heroPictureCardBox\"><div class=\"heroPictureCardBoxTitle\"><h1 data-maxlength=\"144\">Poznaj ad\u0119,\u00a0senior business process consultant<\/h1><\/div><\/div><\/div><\/div><\/div><div class=\"small-device\"><div class=\"brandLogoWrapper\"> <\/div><\/div><\/div>\n\n\n\n<section class=\"wp-block-cg-blocks-group undefined section section--article-content\"><div class=\"article-main-content\"><div class=\"container\"><div class=\"row\"><div class=\"col-12 col-md-11 col-lg-10 offset-md-1 offset-lg-1\"><div class=\"article-text article-quote-text\">\n<p><strong>INTELLIGENT FINANCE AND ACCOUNTING OPERATIONS <\/strong><\/p>\n\n\n\n<div class=\"wp-block-buttons is-layout-flex wp-block-buttons-is-layout-flex\">\n<div class=\"wp-block-button is-style-outline is-style-outline--1\"><a class=\"wp-block-button__link wp-element-button\" href=\"https:\/\/www.capgemini.com\/pl-pl\/kariera\/meet-ada-senior-business-process-consultant\/\">English Version <\/a><\/div>\n<\/div>\n\n\n\n<p><\/p>\n\n\n\n<p>Cze\u015b\u0107! Poznaj Ad\u0119! Jako Senior Business Process Consultant wciela si\u0119 w wiele r\u00f3l, by wymieni\u0107 cho\u0107by Project Managera, Transformation Leada czy Transition Managera, ale \u2013 jak sama podkre\u015bla \u2013 najbardziej lubi rol\u0119 Wonder Woman \u2013 tej, kt\u00f3ra ratuje \u015bwiat. Aktualnie pracuje jako Stream Lead, wdra\u017caj\u0105c transformacj\u0119 dla nowego du\u017cego klienta. Ada lubi sprawdza\u0107 siebie w nowych okoliczno\u015bciach, co zgodnie z filozofi\u0105 \u201eGet the future you want\u201d, pozwala jej rozwija\u0107 si\u0119 i szuka\u0107 swojej drogi. Zobacz, co jeszcze o swojej pracy m\u00f3wi Ada!<\/p>\n\n\n\n<figure class=\"wp-block-embed is-type-video is-provider-youtube wp-block-embed-youtube wp-embed-aspect-16-9 wp-has-aspect-ratio\"><div class=\"wp-block-embed__wrapper\">\n<iframe loading=\"lazy\" title=\"Want to Create the Future of Finance? Meet Ada, Senior Business Process Consultant\" width=\"960\" height=\"540\" src=\"https:\/\/www.youtube.com\/embed\/S-cWPY97ipw?feature=oembed\" frameborder=\"0\" allow=\"accelerometer; autoplay; clipboard-write; encrypted-media; gyroscope; picture-in-picture; web-share\" referrerpolicy=\"strict-origin-when-cross-origin\" allowfullscreen><\/iframe>\n<\/div><\/figure>\n<\/div><\/div><\/div><\/div><\/div><\/section>\n\n\n\n<section class=\"wp-block-cg-blocks-group undefined section section--article-content\"><div class=\"article-main-content\"><div class=\"container\"><div class=\"row\"><div class=\"col-12 col-md-11 col-lg-10 offset-md-1 offset-lg-1\"><div class=\"article-text article-quote-text\">\n<h3 class=\"wp-block-heading\" id=\"h-katalog-naszych-uslug-w-3-zespolach-w-ktorych-i-ty-mozesz-rozpoczac-prace\"><strong>Katalog naszych us\u0142ug w 3 zespo\u0142ach, w kt\u00f3rych i Ty mo\u017cesz rozpocz\u0105\u0107 prac\u0119:<\/strong><\/h3>\n\n\n\n<ul class=\"wp-block-list\">\n<li>Praca z naszymi klientami nad ich wizj\u0105 i docelowym modelem operacyjnym dla funkcji back office<\/li>\n\n\n\n<li>Projektowanie i wdra\u017canie szczeg\u00f3\u0142owych modeli proces\u00f3w, z wbudowan\u0105 automatyk\u0105, sterowaniem<\/li>\n\n\n\n<li>Projektowanie i wdra\u017canie organizacji GBS i SSC<\/li>\n\n\n\n<li>Wspieranie przej\u015bcia na nowy model dzia\u0142ania<\/li>\n\n\n\n<li>Zarz\u0105dzanie z\u0142o\u017conymi programami transformacji biznesowej<\/li>\n\n\n\n<li>Prowadzenie ci\u0105g\u0142ych innowacji dzi\u0119ki Biuru ds. Transformacji i Innowacji (TIO)<\/li>\n\n\n\n<li>Wdra\u017canie wiod\u0105cej na rynku technologii umo\u017cliwiaj\u0105cej transformacj\u0119 cyfrow\u0105<\/li>\n\n\n\n<li>Zarz\u0105dzanie adopcj\u0105 i zmian\u0105<\/li>\n<\/ul>\n\n\n\n<p>W Capgemini wspieramy klient\u00f3w, wykorzystuj\u0105c wiedz\u0119 i do\u015bwiadczenie naszych specjalist\u00f3w oraz znajomo\u015b\u0107 j\u0119zyk\u00f3w obcych.<\/p>\n\n\n\n<p><strong>Rozw\u00f3j w Capgemini\/ Przysz\u0142o\u015b\u0107 w Capgemini<\/strong><\/p>\n\n\n\n<p>Zgodnie z filozofi\u0105 \u201eGet the future you want\u201d, w Capgemini robimy wszystko, by pom\u00f3c rozwin\u0105\u0107 skrzyd\u0142a naszym specjalistom. Je\u015bli masz na siebie pomys\u0142, z rado\u015bci\u0105 pomo\u017cemy Ci w jego realizacji. Je\u015bli szukasz nowych wyzwa\u0144, pomo\u017cemy Ci je znale\u017a\u0107. Ada wci\u0105\u017c poszukuje swojej drogi, sprawdzaj\u0105c si\u0119 w r\u00f3\u017cnych rolach, a my pomagamy jej w realizacji tych zamierze\u0144, dostarczaj\u0105c narz\u0119dzia, know how i mi\u0119dzynarodowe wsparcie. To samo zrobimy dla Ciebie.<\/p>\n\n\n\n<p>Jak? To proste:<\/p>\n\n\n\n<ul class=\"wp-block-list\">\n<li>poprzez intensywne wewn\u0119trzne szkolenia rozwojowe (prowadzone przez ekspert\u00f3w Capgemini), wsparcie mentor\u00f3w (wsp\u00f3lne planowanie rozwoju kariery oraz rozwoju kompetencji technicznych)<\/li>\n\n\n\n<li>poprzez siatk\u0119 szkole\u0144 zewn\u0119trznych z uznanymi autorytetami biznesowymi i technologicznymi<\/li>\n\n\n\n<li>poprzez zapewnienie certyfikacji, dost\u0119pu do kurs\u00f3w i warsztat\u00f3w (zar\u00f3wno kompetencje mi\u0119kkie, jak i twarde)<\/li>\n\n\n\n<li>poprzez dost\u0119p do platform z kursami i szkoleniami online (m.in. Pluralsight, Courser itp.)<\/li>\n<\/ul>\n\n\n\n<h4 class=\"wp-block-heading\"><strong>IFAO GBS:<\/strong><\/h4>\n\n\n\n<figure class=\"wp-block-table\"><table><tbody><tr><td><a href=\"https:\/\/career5.successfactors.eu\/sfcareer\/jobreqcareer?jobId=498623&amp;company=C0001123183P\">Senior Change Manager<\/a><\/td><\/tr><tr><td><a href=\"https:\/\/www.capgemini.com\/pl-pl\/jobs\/project-lead-associate-3\/\">Project Lead Associate<\/a><\/td><\/tr><tr><td><a href=\"https:\/\/www.capgemini.com\/pl-pl\/jobs\/business-transformation-manager\/\">Business Transformation Manager<\/a><\/td><\/tr><tr><td><a href=\"https:\/\/www.capgemini.com\/pl-pl\/jobs\/business-transformation-senior-consultant\/\">Business Transformation Senior Consultant<\/a><\/td><\/tr><\/tbody><\/table><\/figure>\n\n\n\n<p><\/p>\n\n\n\n<h4 class=\"wp-block-heading\"><strong>IFAO Consulting:<\/strong><\/h4>\n\n\n\n<figure class=\"wp-block-table\"><table><tbody><tr><td><a href=\"https:\/\/jobs.capgemini.com\/job-invite\/1280342\/\">Finance Transformation Senior Consultant \u2013 FPIA Consulting<\/a><\/td><\/tr><tr><td><a href=\"https:\/\/jobs.capgemini.com\/job-invite\/1280381\/\">Finance Transformation Manager \u2013 FPIA Consulting<\/a><\/td><\/tr><tr><td><a href=\"https:\/\/jobs.capgemini.com\/job-invite\/1274285\/\">Finance Transformation Consultant \u2013 FPIA Consulting<\/a><\/td><\/tr><\/tbody><\/table><\/figure>\n\n\n\n<p><\/p>\n\n\n\n<h4 class=\"wp-block-heading\"><strong>IFAO Platforms:<\/strong><\/h4>\n\n\n\n<figure class=\"wp-block-table\"><table><tbody><tr><td><a href=\"https:\/\/jobs.capgemini.com\/job-invite\/1259753\/\" target=\"_blank\" rel=\"noreferrer noopener\">P2P Digital Transformation Associate Manager<\/a><\/td><\/tr><tr><td><a href=\"https:\/\/jobs.capgemini.com\/pl-gb\/job\/Krak%C3%B3w-Digital-Finance-Solution-Architect\/790493601\/\" target=\"_blank\" rel=\"noreferrer noopener\">Digital Finance Solution Architect<\/a><\/td><\/tr><tr><td><a href=\"https:\/\/jobs.capgemini.com\/pl-gb\/job\/Krak%C3%B3w-Business-Intelligence-Analyst-MA\/773442501\/\" target=\"_blank\" rel=\"noreferrer noopener\">Business Intelligence Analyst<\/a><\/td><\/tr><tr><td><a href=\"https:\/\/jobs.capgemini.com\/pl-gb\/job\/Krak%C3%B3w-ServiceNow-Implementation-Manager\/773445401\/\" target=\"_blank\" rel=\"noreferrer noopener\">ServiceNow Implementation Manager<\/a><\/td><\/tr><\/tbody><\/table><\/figure>\n\n\n\n<p><strong>Do\u0142\u0105cz do naszych zespo\u0142\u00f3w!<\/strong><\/p>\n<\/div><\/div><\/div><\/div><\/div><\/section>\n","protected":false},"excerpt":{"rendered":"","protected":false},"author":413,"featured_media":0,"parent":0,"menu_order":0,"comment_status":"closed","ping_status":"closed","template":"","meta":{"cg_dt_proposed_to":[],"cg_seo_hreflang_relations":"[]","cg_seo_canonical_relation":"","cg_seo_hreflang_x_default_relation":"{\"uuid\":\"e163683c-fcfc-42ec-ba9b-5f9ab7646b81\",\"blogId\":\"\",\"domain\":\"\",\"sitePath\":\"\",\"postLink\":\"\",\"postId\":null,\"isSaved\":true,\"isCrossLink\":false,\"hasCrossLink\":false}","cg_dt_approved_content":true,"cg_dt_mandatory_content":false,"cg_dt_notes":"","cg_dg_source_changed":false,"cg_dt_link_disabled":false,"_yoast_wpseo_primary_brand":"","footnotes":"","featured_focal_points":"","partner_card_description":"","gsap_animation":0},"brand":[],"partner_type":[],"service":[],"industry":[],"partners":[],"page-type":[],"content-group":[],"class_list":["post-701997","page","type-page","status-publish","hentry"],"yoast_head":"<!-- This site is optimized with the Yoast SEO Premium plugin v22.8 (Yoast SEO v22.8) - https:\/\/yoast.com\/wordpress\/plugins\/seo\/ -->\n<title>Poznaj ad\u0119,\u00a0senior business process consultant - Capgemini Poland<\/title>\n<meta name=\"description\" content=\"INTELLIGENT FINANCE AND ACCOUNTING OPERATIONS\" \/>\n<meta name=\"robots\" content=\"index, follow, max-snippet:-1, max-image-preview:large, max-video-preview:-1\" \/>\n<link rel=\"canonical\" href=\"https:\/\/www.capgemini.com\/pl-pl\/kariera\/experts-business-process-consultant\/\" \/>\n<meta property=\"og:locale\" content=\"pl_PL\" \/>\n<meta property=\"og:type\" content=\"article\" \/>\n<meta property=\"og:title\" content=\"Poznaj ad\u0119,\u00a0senior business process consultant\" \/>\n<meta property=\"og:description\" content=\"INTELLIGENT FINANCE AND ACCOUNTING OPERATIONS\" \/>\n<meta property=\"og:url\" content=\"https:\/\/www.capgemini.com\/pl-pl\/kariera\/experts-business-process-consultant\/\" \/>\n<meta property=\"og:site_name\" content=\"Capgemini Poland\" \/>\n<meta property=\"article:modified_time\" content=\"2025-03-12T05:47:07+00:00\" \/>\n<meta property=\"og:image\" content=\"https:\/\/www.capgemini.com\/pl-pl\/wp-content\/uploads\/sites\/27\/2023\/02\/Adrianna.png\" \/>\n<meta name=\"twitter:card\" content=\"summary_large_image\" \/>\n<meta name=\"twitter:label1\" content=\"Est. reading time\" \/>\n\t<meta name=\"twitter:data1\" content=\"3 minutes\" \/>\n<script type=\"application\/ld+json\" class=\"yoast-schema-graph\">{\"@context\":\"https:\/\/schema.org\",\"@graph\":[{\"@type\":\"WebPage\",\"@id\":\"https:\/\/www.capgemini.com\/pl-pl\/kariera\/experts-business-process-consultant\/\",\"url\":\"https:\/\/www.capgemini.com\/pl-pl\/kariera\/experts-business-process-consultant\/\",\"name\":\"Poznaj ad\u0119,\u00a0senior business process consultant - Capgemini Poland\",\"isPartOf\":{\"@id\":\"https:\/\/www.capgemini.com\/pl-pl\/#website\"},\"primaryImageOfPage\":{\"@id\":\"https:\/\/www.capgemini.com\/pl-pl\/kariera\/experts-business-process-consultant\/#primaryimage\"},\"image\":{\"@id\":\"https:\/\/www.capgemini.com\/pl-pl\/kariera\/experts-business-process-consultant\/#primaryimage\"},\"thumbnailUrl\":\"https:\/\/www.capgemini.com\/pl-pl\/wp-content\/uploads\/sites\/27\/2023\/02\/Adrianna.png\",\"datePublished\":\"2023-02-03T11:11:56+00:00\",\"dateModified\":\"2025-03-12T05:47:07+00:00\",\"description\":\"INTELLIGENT FINANCE AND ACCOUNTING OPERATIONS\",\"breadcrumb\":{\"@id\":\"https:\/\/www.capgemini.com\/pl-pl\/kariera\/experts-business-process-consultant\/#breadcrumb\"},\"inLanguage\":\"pl-PL\",\"potentialAction\":[{\"@type\":\"ReadAction\",\"target\":[\"https:\/\/www.capgemini.com\/pl-pl\/kariera\/experts-business-process-consultant\/\"]}]},{\"@type\":\"ImageObject\",\"inLanguage\":\"pl-PL\",\"@id\":\"https:\/\/www.capgemini.com\/pl-pl\/kariera\/experts-business-process-consultant\/#primaryimage\",\"url\":\"https:\/\/www.capgemini.com\/pl-pl\/wp-content\/uploads\/sites\/27\/2023\/02\/Adrianna.png\",\"contentUrl\":\"https:\/\/www.capgemini.com\/pl-pl\/wp-content\/uploads\/sites\/27\/2023\/02\/Adrianna.png\"},{\"@type\":\"BreadcrumbList\",\"@id\":\"https:\/\/www.capgemini.com\/pl-pl\/kariera\/experts-business-process-consultant\/#breadcrumb\",\"itemListElement\":[{\"@type\":\"ListItem\",\"position\":1,\"name\":\"Home\",\"item\":\"https:\/\/www.capgemini.com\/pl-pl\/\"},{\"@type\":\"ListItem\",\"position\":2,\"name\":\"Poznaj ad\u0119,\u00a0senior business process consultant\"}]},{\"@type\":\"WebSite\",\"@id\":\"https:\/\/www.capgemini.com\/pl-pl\/#website\",\"url\":\"https:\/\/www.capgemini.com\/pl-pl\/\",\"name\":\"Capgemini Polska\",\"description\":\"Capgemini\",\"potentialAction\":[{\"@type\":\"SearchAction\",\"target\":{\"@type\":\"EntryPoint\",\"urlTemplate\":\"https:\/\/www.capgemini.com\/pl-pl\/?s={search_term_string}\"},\"query-input\":\"required name=search_term_string\"}],\"inLanguage\":\"pl-PL\"}]}<\/script>\n<!-- \/ Yoast SEO Premium plugin. -->","yoast_head_json":{"title":"Poznaj ad\u0119,\u00a0senior business process consultant - Capgemini Poland","description":"INTELLIGENT FINANCE AND ACCOUNTING OPERATIONS","robots":{"index":"index","follow":"follow","max-snippet":"max-snippet:-1","max-image-preview":"max-image-preview:large","max-video-preview":"max-video-preview:-1"},"canonical":"https:\/\/www.capgemini.com\/pl-pl\/kariera\/experts-business-process-consultant\/","og_locale":"pl_PL","og_type":"article","og_title":"Poznaj ad\u0119,\u00a0senior business process consultant","og_description":"INTELLIGENT FINANCE AND ACCOUNTING OPERATIONS","og_url":"https:\/\/www.capgemini.com\/pl-pl\/kariera\/experts-business-process-consultant\/","og_site_name":"Capgemini Poland","article_modified_time":"2025-03-12T05:47:07+00:00","og_image":[{"url":"https:\/\/www.capgemini.com\/pl-pl\/wp-content\/uploads\/sites\/27\/2023\/02\/Adrianna.png"}],"twitter_card":"summary_large_image","twitter_misc":{"Est. reading time":"3 minutes"},"schema":{"@context":"https:\/\/schema.org","@graph":[{"@type":"WebPage","@id":"https:\/\/www.capgemini.com\/pl-pl\/kariera\/experts-business-process-consultant\/","url":"https:\/\/www.capgemini.com\/pl-pl\/kariera\/experts-business-process-consultant\/","name":"Poznaj ad\u0119,\u00a0senior business process consultant - Capgemini Poland","isPartOf":{"@id":"https:\/\/www.capgemini.com\/pl-pl\/#website"},"primaryImageOfPage":{"@id":"https:\/\/www.capgemini.com\/pl-pl\/kariera\/experts-business-process-consultant\/#primaryimage"},"image":{"@id":"https:\/\/www.capgemini.com\/pl-pl\/kariera\/experts-business-process-consultant\/#primaryimage"},"thumbnailUrl":"https:\/\/www.capgemini.com\/pl-pl\/wp-content\/uploads\/sites\/27\/2023\/02\/Adrianna.png","datePublished":"2023-02-03T11:11:56+00:00","dateModified":"2025-03-12T05:47:07+00:00","description":"INTELLIGENT FINANCE AND ACCOUNTING OPERATIONS","breadcrumb":{"@id":"https:\/\/www.capgemini.com\/pl-pl\/kariera\/experts-business-process-consultant\/#breadcrumb"},"inLanguage":"pl-PL","potentialAction":[{"@type":"ReadAction","target":["https:\/\/www.capgemini.com\/pl-pl\/kariera\/experts-business-process-consultant\/"]}]},{"@type":"ImageObject","inLanguage":"pl-PL","@id":"https:\/\/www.capgemini.com\/pl-pl\/kariera\/experts-business-process-consultant\/#primaryimage","url":"https:\/\/www.capgemini.com\/pl-pl\/wp-content\/uploads\/sites\/27\/2023\/02\/Adrianna.png","contentUrl":"https:\/\/www.capgemini.com\/pl-pl\/wp-content\/uploads\/sites\/27\/2023\/02\/Adrianna.png"},{"@type":"BreadcrumbList","@id":"https:\/\/www.capgemini.com\/pl-pl\/kariera\/experts-business-process-consultant\/#breadcrumb","itemListElement":[{"@type":"ListItem","position":1,"name":"Home","item":"https:\/\/www.capgemini.com\/pl-pl\/"},{"@type":"ListItem","position":2,"name":"Poznaj ad\u0119,\u00a0senior business process consultant"}]},{"@type":"WebSite","@id":"https:\/\/www.capgemini.com\/pl-pl\/#website","url":"https:\/\/www.capgemini.com\/pl-pl\/","name":"Capgemini Polska","description":"Capgemini","potentialAction":[{"@type":"SearchAction","target":{"@type":"EntryPoint","urlTemplate":"https:\/\/www.capgemini.com\/pl-pl\/?s={search_term_string}"},"query-input":"required name=search_term_string"}],"inLanguage":"pl-PL"}]}},"brand_term":[],"parsely":{"version":"1.1.0","canonical_url":"https:\/\/capgemini.com\/pl-pl\/kariera\/experts-business-process-consultant\/","smart_links":{"inbound":0,"outbound":0},"traffic_boost_suggestions_count":0,"meta":{"@context":"https:\/\/schema.org","@type":"WebPage","headline":"Poznaj ad\u0119,\u00a0senior business process consultant","url":"https:\/\/www.capgemini.com\/pl-pl\/kariera\/experts-business-process-consultant\/","mainEntityOfPage":{"@type":"WebPage","@id":"https:\/\/www.capgemini.com\/pl-pl\/kariera\/experts-business-process-consultant\/"},"thumbnailUrl":"","image":{"@type":"ImageObject","url":""},"articleSection":"Uncategorized","author":[],"creator":[],"publisher":{"@type":"Organization","name":"Capgemini Poland","logo":""},"keywords":[],"dateCreated":"2023-02-03T11:11:56Z","datePublished":"2023-02-03T11:11:56Z","dateModified":"2025-03-12T05:47:07Z"},"rendered":"<meta name=\"parsely-title\" content=\"Poznaj ad\u0119,\u00a0senior business process consultant\" \/>\n<meta name=\"parsely-link\" content=\"https:\/\/www.capgemini.com\/pl-pl\/kariera\/experts-business-process-consultant\/\" \/>\n<meta name=\"parsely-type\" content=\"index\" \/>\n<meta name=\"parsely-pub-date\" content=\"2023-02-03T11:11:56Z\" \/>\n<meta name=\"parsely-section\" content=\"Uncategorized\" \/>","tracker_url":"https:\/\/cdn.parsely.com\/keys\/capgemini.com\/p.js"},"archive_status":false,"featured_image_src":"https:\/\/www.capgemini.com\/pl-pl\/wp-content\/themes\/capgemini2025\/assets\/images\/mockup.png","featured_image_alt":false,"jetpack_sharing_enabled":true,"distributor_meta":false,"distributor_terms":false,"distributor_media":false,"distributor_original_site_name":"Capgemini Poland","distributor_original_site_url":"https:\/\/www.capgemini.com\/pl-pl","push-errors":false,"_links":{"self":[{"href":"https:\/\/www.capgemini.com\/pl-pl\/wp-json\/wp\/v2\/pages\/701997","targetHints":{"allow":["GET"]}}],"collection":[{"href":"https:\/\/www.capgemini.com\/pl-pl\/wp-json\/wp\/v2\/pages"}],"about":[{"href":"https:\/\/www.capgemini.com\/pl-pl\/wp-json\/wp\/v2\/types\/page"}],"author":[{"embeddable":true,"href":"https:\/\/www.capgemini.com\/pl-pl\/wp-json\/wp\/v2\/users\/413"}],"replies":[{"embeddable":true,"href":"https:\/\/www.capgemini.com\/pl-pl\/wp-json\/wp\/v2\/comments?post=701997"}],"version-history":[{"count":7,"href":"https:\/\/www.capgemini.com\/pl-pl\/wp-json\/wp\/v2\/pages\/701997\/revisions"}],"predecessor-version":[{"id":909136,"href":"https:\/\/www.capgemini.com\/pl-pl\/wp-json\/wp\/v2\/pages\/701997\/revisions\/909136"}],"wp:attachment":[{"href":"https:\/\/www.capgemini.com\/pl-pl\/wp-json\/wp\/v2\/media?parent=701997"}],"wp:term":[{"taxonomy":"brand","embeddable":true,"href":"https:\/\/www.capgemini.com\/pl-pl\/wp-json\/wp\/v2\/brand?post=701997"},{"taxonomy":"partner_type","embeddable":true,"href":"https:\/\/www.capgemini.com\/pl-pl\/wp-json\/wp\/v2\/partner_type?post=701997"},{"taxonomy":"service","embeddable":true,"href":"https:\/\/www.capgemini.com\/pl-pl\/wp-json\/wp\/v2\/service?post=701997"},{"taxonomy":"industry","embeddable":true,"href":"https:\/\/www.capgemini.com\/pl-pl\/wp-json\/wp\/v2\/industry?post=701997"},{"taxonomy":"partners","embeddable":true,"href":"https:\/\/www.capgemini.com\/pl-pl\/wp-json\/wp\/v2\/partners?post=701997"},{"taxonomy":"page-type","embeddable":true,"href":"https:\/\/www.capgemini.com\/pl-pl\/wp-json\/wp\/v2\/page-type?post=701997"},{"taxonomy":"content-group","embeddable":true,"href":"https:\/\/www.capgemini.com\/pl-pl\/wp-json\/wp\/v2\/content-group?post=701997"}],"curies":[{"name":"wp","href":"https:\/\/api.w.org\/{rel}","templated":true}]}}