{"id":701988,"date":"2023-02-03T10:57:47","date_gmt":"2023-02-03T10:57:47","guid":{"rendered":"https:\/\/www.capgemini.com\/pl-pl\/?page_id=701988"},"modified":"2025-03-12T05:47:53","modified_gmt":"2025-03-12T05:47:53","slug":"poznaj-agnieszke-p2p-global-process-owner","status":"publish","type":"page","link":"https:\/\/www.capgemini.com\/pl-pl\/kariera\/experts-p2p\/","title":{"rendered":"Poznaj Agnieszk\u0119,\u00a0 P2P global process owner"},"content":{"rendered":"\n<div class=\"wp-block-cg-blocks-hero-picture-card undefined  heroPictureCard\"><div class=\"heroPictureCardBgs\"><picture><source srcset=\"https:\/\/www.capgemini.com\/pl-pl\/wp-content\/uploads\/sites\/27\/2023\/02\/Agnieszka.png?w=2880&amp;quality=70 1x, https:\/\/www.capgemini.com\/pl-pl\/wp-content\/uploads\/sites\/27\/2023\/02\/Agnieszka.png?w=2880&amp;quality=70 2x\" media=\"(min-width: 1500px)\"\/><source srcset=\"https:\/\/www.capgemini.com\/pl-pl\/wp-content\/uploads\/sites\/27\/2023\/02\/Agnieszka.png?w=1440&amp;quality=70 1x, https:\/\/www.capgemini.com\/pl-pl\/wp-content\/uploads\/sites\/27\/2023\/02\/Agnieszka.png?w=2880&amp;quality=70 2x\" media=\"(min-width: 992px)\"\/><source srcset=\"https:\/\/www.capgemini.com\/pl-pl\/wp-content\/uploads\/sites\/27\/2023\/02\/Agnieszka.png?w=1024&amp;quality=70 1x, https:\/\/www.capgemini.com\/pl-pl\/wp-content\/uploads\/sites\/27\/2023\/02\/Agnieszka.png?w=1024&amp;quality=70 2x\" media=\"(min-width: 768px)\"\/><source srcset=\"https:\/\/www.capgemini.com\/pl-pl\/wp-content\/uploads\/sites\/27\/2023\/02\/Agnieszka.png?w=768&amp;quality=70 1x, https:\/\/www.capgemini.com\/pl-pl\/wp-content\/uploads\/sites\/27\/2023\/02\/Agnieszka.png?w=768&amp;quality=70 2x\" media=\"(min-width: 0)\"\/><img decoding=\"async\" src=\"https:\/\/www.capgemini.com\/pl-pl\/wp-content\/uploads\/sites\/27\/2023\/02\/Agnieszka.png\" class=\"desktopImage\" alt=\"\" style=\"object-fit:cover;object-position:51% 13%\" loading=\"eager\"\/><\/picture><picture><source srcset=\"https:\/\/www.capgemini.com\/pl-pl\/wp-content\/uploads\/sites\/27\/2023\/02\/Agnieszka.png?w=2880&amp;quality=70 1x, https:\/\/www.capgemini.com\/pl-pl\/wp-content\/uploads\/sites\/27\/2023\/02\/Agnieszka.png?w=2880&amp;quality=70 2x\" media=\"(min-width: 1500px)\"\/><source srcset=\"https:\/\/www.capgemini.com\/pl-pl\/wp-content\/uploads\/sites\/27\/2023\/02\/Agnieszka.png?w=1440&amp;quality=70 1x, https:\/\/www.capgemini.com\/pl-pl\/wp-content\/uploads\/sites\/27\/2023\/02\/Agnieszka.png?w=2880&amp;quality=70 2x\" media=\"(min-width: 992px)\"\/><source srcset=\"https:\/\/www.capgemini.com\/pl-pl\/wp-content\/uploads\/sites\/27\/2023\/02\/Agnieszka.png?w=1024&amp;quality=70 1x, https:\/\/www.capgemini.com\/pl-pl\/wp-content\/uploads\/sites\/27\/2023\/02\/Agnieszka.png?w=1024&amp;quality=70 2x\" media=\"(min-width: 768px)\"\/><source srcset=\"https:\/\/www.capgemini.com\/pl-pl\/wp-content\/uploads\/sites\/27\/2023\/02\/Agnieszka.png?w=768&amp;quality=70 1x, https:\/\/www.capgemini.com\/pl-pl\/wp-content\/uploads\/sites\/27\/2023\/02\/Agnieszka.png?w=768&amp;quality=70 2x\" media=\"(min-width: 0)\"\/><img decoding=\"async\" src=\"https:\/\/www.capgemini.com\/pl-pl\/wp-content\/uploads\/sites\/27\/2023\/02\/Agnieszka.png\" class=\"mobileImage\" alt=\"\" style=\"object-fit:cover;object-position:51% 13%\" loading=\"eager\"\/><\/picture><\/div><div class=\"heroPictureCardHeaderShape\"><\/div><div class=\"container\"><div class=\"row\"><div class=\"col-md-8 col-lg-6\"><div class=\"heroPictureCardBox\"><div class=\"heroPictureCardBoxTitle\"><h1 data-maxlength=\"144\">Poznaj Agnieszk\u0119,\u00a0 P2P global process owner<\/h1><\/div><\/div><\/div><\/div><\/div><div class=\"small-device\"><div class=\"brandLogoWrapper\"> <\/div><\/div><\/div>\n\n\n\n<section class=\"wp-block-cg-blocks-group undefined section section--article-content\"><div class=\"article-main-content\"><div class=\"container\"><div class=\"row\"><div class=\"col-12 col-md-11 col-lg-10 offset-md-1 offset-lg-1\"><div class=\"article-text article-quote-text\">\n<p><strong>YOUR FUTURE IN FINANCE AND ACCOUNTING<\/strong><\/p>\n\n\n\n<div class=\"wp-block-buttons is-layout-flex wp-block-buttons-is-layout-flex\">\n<div class=\"wp-block-button is-style-outline is-style-outline--1\"><a class=\"wp-block-button__link wp-element-button\" href=\"https:\/\/www.capgemini.com\/pl-pl\/kariera\/meet-agnieszka-p2p-global-process-owner\/\">English Version <\/a><\/div>\n<\/div>\n\n\n\n<p><\/p>\n\n\n\n<p>Cze\u015b\u0107! Poznaj Agnieszk\u0119! Jako P2P Global Process Owner odpowiada za zarz\u0105dzanie wydajno\u015bci\u0105 procesu, projektowaniem zmian, standaryzacj\u0119 i optymalizacj\u0119 proces\u00f3w P2P w pi\u0119ciu centrach zlokalizowanych w r\u00f3\u017cnych cz\u0119\u015bciach \u015bwiata. Na co dzie\u0144 zarz\u0105dza zespo\u0142ami Master Data, Procurement, AP Help Desk oraz zespo\u0142ami wdra\u017caj\u0105cymi i wspieraj\u0105cymi systemy ksi\u0119gowe i zakupowe. Agnieszka g\u0142\u0119boko wierzy w automatyzacj\u0119 proces\u00f3w i \u2013 zgodnie z filozofi\u0105 \u201eGet the future you want\u201d \u2013 z ni\u0105 zamierza zwi\u0105za\u0107 swoj\u0105 przysz\u0142o\u015b\u0107. Zobacz, co jeszcze m\u00f3wi o swojej pracy w Capgemini Agnieszka!<\/p>\n\n\n\n<figure class=\"wp-block-embed is-type-video is-provider-youtube wp-block-embed-youtube wp-embed-aspect-16-9 wp-has-aspect-ratio\"><div class=\"wp-block-embed__wrapper\">\n<iframe loading=\"lazy\" title=\"Willing to Unriddle the Puzzles? Meet Agnieszka, P2P Global Process Owner\" width=\"960\" height=\"540\" src=\"https:\/\/www.youtube.com\/embed\/23rY50A7Ry0?feature=oembed\" frameborder=\"0\" allow=\"accelerometer; autoplay; clipboard-write; encrypted-media; gyroscope; picture-in-picture; web-share\" referrerpolicy=\"strict-origin-when-cross-origin\" allowfullscreen><\/iframe>\n<\/div><\/figure>\n<\/div><\/div><\/div><\/div><\/div><\/section>\n\n\n\n<section class=\"wp-block-cg-blocks-group undefined section section--article-content\"><div class=\"article-main-content\"><div class=\"container\"><div class=\"row\"><div class=\"col-12 col-md-11 col-lg-10 offset-md-1 offset-lg-1\"><div class=\"article-text article-quote-text\">\n<p><strong>KATALOG STANOWISK W OBSZARZE FINANSE I KSI\u0118GOWO\u015a\u0106<\/strong><\/p>\n\n\n\n<ul class=\"wp-block-list\">\n<li>P2P<\/li>\n\n\n\n<li>R2R<\/li>\n\n\n\n<li>O2C<\/li>\n<\/ul>\n\n\n\n<p>W Capgemini wspieramy klient\u00f3w, wykorzystuj\u0105c wiedz\u0119 i do\u015bwiadczenie naszych specjalist\u00f3w oraz znajomo\u015b\u0107 j\u0119zyk\u00f3w obcych. Na stanowisku P2P Global Process Owner Agnieszka jest odpowiedzialna m.in. za kordynacj\u0119 prac finansowo-ksi\u0119gowych mi\u0119dzy centrami Capgemini zlokalizowanymi w r\u00f3\u017cnych cz\u0119\u015bciach \u015bwiata, wdra\u017ca r\u00f3wnie\u017c automatyzacje do projekt\u00f3w, by pracy manualnej by\u0142o jak najmniej.<\/p>\n\n\n\n<p><strong>Rozw\u00f3j w Capgemini\/ Przysz\u0142o\u015b\u0107 w Capgemini<\/strong><\/p>\n\n\n\n<p>Zgodnie z filozofi\u0105 \u201eGet the future you want\u201d, w Capgemini robimy wszystko, by pom\u00f3c rozwin\u0105\u0107 skrzyd\u0142a naszym specjalistom. Je\u015bli masz na siebie pomys\u0142, z rado\u015bci\u0105 pomo\u017cemy Ci w jego realizacji. Je\u015bli szukasz nowych wyzwa\u0144, pomo\u017cemy Ci je znale\u017a\u0107. Agnieszka chcia\u0142aby rozwija\u0107 w\u0142asny projekt, a my pomagamy jej w realizacji tych zamierze\u0144, dostarczaj\u0105c narz\u0119dzia, know how i mi\u0119dzynarodowe wsparcie. To samo zrobimy dla Ciebie.<\/p>\n\n\n\n<p>Jak? To proste:<\/p>\n\n\n\n<ul class=\"wp-block-list\">\n<li>poprzez intensywne wewn\u0119trzne szkolenia rozwojowe (prowadzone przez ekspert\u00f3w Capgemini), wsparcie mentor\u00f3w (wsp\u00f3lne planowanie rozwoju kariery oraz rozwoju kompetencji technicznych)<\/li>\n\n\n\n<li>poprzez siatk\u0119 szkole\u0144 zewn\u0119trznych z uznanymi autorytetami biznesowymi i technologicznymi<\/li>\n\n\n\n<li>poprzez zapewnienie certyfikacji, dost\u0119pu do kurs\u00f3w i warsztat\u00f3w (zar\u00f3wno kompetencje mi\u0119kkie, jak i twarde)<\/li>\n\n\n\n<li>poprzez dost\u0119p do platform z kursami i szkoleniami online (m.in. Pluralsight, Courser itp.)<\/li>\n<\/ul>\n\n\n\n<p>Do\u0142\u0105cz do naszych zespo\u0142\u00f3w!<\/p>\n\n\n\n<p>Poznaj Ole, Catalina i Tomka. Sprawd\u017a jak wygl\u0105da praca ekspert\u00f3w i manager\u00f3w w Capgemini Polska. Sprawd\u017a, jak mo\u017cesz si\u0119 rozwija\u0107, godzi\u0107 prac\u0119 z \u017cyciem prywatnym i anga\u017cowa\u0107 si\u0119 w dodatkowe aktywno\u015bci.<\/p>\n<\/div><\/div><\/div><\/div><\/div><\/section>\n","protected":false},"excerpt":{"rendered":"","protected":false},"author":413,"featured_media":0,"parent":0,"menu_order":0,"comment_status":"closed","ping_status":"closed","template":"","meta":{"cg_dt_proposed_to":[],"cg_seo_hreflang_relations":"[]","cg_seo_canonical_relation":"","cg_seo_hreflang_x_default_relation":"{\"uuid\":\"78ff4e8f-81d9-46d4-aca5-f295332281f7\",\"blogId\":\"\",\"domain\":\"\",\"sitePath\":\"\",\"postLink\":\"\",\"postId\":null,\"isSaved\":true,\"isCrossLink\":false,\"hasCrossLink\":false}","cg_dt_approved_content":true,"cg_dt_mandatory_content":false,"cg_dt_notes":"","cg_dg_source_changed":false,"cg_dt_link_disabled":false,"_yoast_wpseo_primary_brand":"","footnotes":"","featured_focal_points":"","partner_card_description":"","gsap_animation":0},"brand":[],"partner_type":[],"service":[],"industry":[],"partners":[],"page-type":[],"content-group":[],"class_list":["post-701988","page","type-page","status-publish","hentry"],"yoast_head":"<!-- This site is optimized with the Yoast SEO Premium plugin v22.8 (Yoast SEO v22.8) - https:\/\/yoast.com\/wordpress\/plugins\/seo\/ -->\n<title>Poznaj Agnieszk\u0119,\u00a0 P2P global process owner - Capgemini Poland<\/title>\n<meta name=\"description\" content=\"YOUR FUTURE IN FINANCE AND ACCOUNTING\" \/>\n<meta name=\"robots\" content=\"index, follow, max-snippet:-1, max-image-preview:large, max-video-preview:-1\" \/>\n<link rel=\"canonical\" href=\"https:\/\/www.capgemini.com\/pl-pl\/kariera\/experts-p2p\/\" \/>\n<meta property=\"og:locale\" content=\"pl_PL\" \/>\n<meta property=\"og:type\" content=\"article\" \/>\n<meta property=\"og:title\" content=\"Poznaj Agnieszk\u0119,\u00a0 P2P global process owner\" \/>\n<meta property=\"og:description\" content=\"YOUR FUTURE IN FINANCE AND ACCOUNTING\" \/>\n<meta property=\"og:url\" content=\"https:\/\/www.capgemini.com\/pl-pl\/kariera\/experts-p2p\/\" \/>\n<meta property=\"og:site_name\" content=\"Capgemini Poland\" \/>\n<meta property=\"article:modified_time\" content=\"2025-03-12T05:47:53+00:00\" \/>\n<meta property=\"og:image\" content=\"https:\/\/www.capgemini.com\/pl-pl\/wp-content\/uploads\/sites\/27\/2023\/02\/Agnieszka.png\" \/>\n<meta name=\"twitter:card\" content=\"summary_large_image\" \/>\n<meta name=\"twitter:label1\" content=\"Est. reading time\" \/>\n\t<meta name=\"twitter:data1\" content=\"3 minutes\" \/>\n<script type=\"application\/ld+json\" class=\"yoast-schema-graph\">{\"@context\":\"https:\/\/schema.org\",\"@graph\":[{\"@type\":\"WebPage\",\"@id\":\"https:\/\/www.capgemini.com\/pl-pl\/kariera\/experts-p2p\/\",\"url\":\"https:\/\/www.capgemini.com\/pl-pl\/kariera\/experts-p2p\/\",\"name\":\"Poznaj Agnieszk\u0119,\u00a0 P2P global process owner - Capgemini Poland\",\"isPartOf\":{\"@id\":\"https:\/\/www.capgemini.com\/pl-pl\/#website\"},\"primaryImageOfPage\":{\"@id\":\"https:\/\/www.capgemini.com\/pl-pl\/kariera\/experts-p2p\/#primaryimage\"},\"image\":{\"@id\":\"https:\/\/www.capgemini.com\/pl-pl\/kariera\/experts-p2p\/#primaryimage\"},\"thumbnailUrl\":\"https:\/\/www.capgemini.com\/pl-pl\/wp-content\/uploads\/sites\/27\/2023\/02\/Agnieszka.png\",\"datePublished\":\"2023-02-03T10:57:47+00:00\",\"dateModified\":\"2025-03-12T05:47:53+00:00\",\"description\":\"YOUR FUTURE IN FINANCE AND ACCOUNTING\",\"breadcrumb\":{\"@id\":\"https:\/\/www.capgemini.com\/pl-pl\/kariera\/experts-p2p\/#breadcrumb\"},\"inLanguage\":\"pl-PL\",\"potentialAction\":[{\"@type\":\"ReadAction\",\"target\":[\"https:\/\/www.capgemini.com\/pl-pl\/kariera\/experts-p2p\/\"]}]},{\"@type\":\"ImageObject\",\"inLanguage\":\"pl-PL\",\"@id\":\"https:\/\/www.capgemini.com\/pl-pl\/kariera\/experts-p2p\/#primaryimage\",\"url\":\"https:\/\/www.capgemini.com\/pl-pl\/wp-content\/uploads\/sites\/27\/2023\/02\/Agnieszka.png\",\"contentUrl\":\"https:\/\/www.capgemini.com\/pl-pl\/wp-content\/uploads\/sites\/27\/2023\/02\/Agnieszka.png\"},{\"@type\":\"BreadcrumbList\",\"@id\":\"https:\/\/www.capgemini.com\/pl-pl\/kariera\/experts-p2p\/#breadcrumb\",\"itemListElement\":[{\"@type\":\"ListItem\",\"position\":1,\"name\":\"Home\",\"item\":\"https:\/\/www.capgemini.com\/pl-pl\/\"},{\"@type\":\"ListItem\",\"position\":2,\"name\":\"Poznaj Agnieszk\u0119,\u00a0 P2P global process owner\"}]},{\"@type\":\"WebSite\",\"@id\":\"https:\/\/www.capgemini.com\/pl-pl\/#website\",\"url\":\"https:\/\/www.capgemini.com\/pl-pl\/\",\"name\":\"Capgemini Polska\",\"description\":\"Capgemini\",\"potentialAction\":[{\"@type\":\"SearchAction\",\"target\":{\"@type\":\"EntryPoint\",\"urlTemplate\":\"https:\/\/www.capgemini.com\/pl-pl\/?s={search_term_string}\"},\"query-input\":\"required name=search_term_string\"}],\"inLanguage\":\"pl-PL\"}]}<\/script>\n<!-- \/ Yoast SEO Premium plugin. -->","yoast_head_json":{"title":"Poznaj Agnieszk\u0119,\u00a0 P2P global process owner - Capgemini Poland","description":"YOUR FUTURE IN FINANCE AND ACCOUNTING","robots":{"index":"index","follow":"follow","max-snippet":"max-snippet:-1","max-image-preview":"max-image-preview:large","max-video-preview":"max-video-preview:-1"},"canonical":"https:\/\/www.capgemini.com\/pl-pl\/kariera\/experts-p2p\/","og_locale":"pl_PL","og_type":"article","og_title":"Poznaj Agnieszk\u0119,\u00a0 P2P global process owner","og_description":"YOUR FUTURE IN FINANCE AND ACCOUNTING","og_url":"https:\/\/www.capgemini.com\/pl-pl\/kariera\/experts-p2p\/","og_site_name":"Capgemini Poland","article_modified_time":"2025-03-12T05:47:53+00:00","og_image":[{"url":"https:\/\/www.capgemini.com\/pl-pl\/wp-content\/uploads\/sites\/27\/2023\/02\/Agnieszka.png"}],"twitter_card":"summary_large_image","twitter_misc":{"Est. reading time":"3 minutes"},"schema":{"@context":"https:\/\/schema.org","@graph":[{"@type":"WebPage","@id":"https:\/\/www.capgemini.com\/pl-pl\/kariera\/experts-p2p\/","url":"https:\/\/www.capgemini.com\/pl-pl\/kariera\/experts-p2p\/","name":"Poznaj Agnieszk\u0119,\u00a0 P2P global process owner - Capgemini Poland","isPartOf":{"@id":"https:\/\/www.capgemini.com\/pl-pl\/#website"},"primaryImageOfPage":{"@id":"https:\/\/www.capgemini.com\/pl-pl\/kariera\/experts-p2p\/#primaryimage"},"image":{"@id":"https:\/\/www.capgemini.com\/pl-pl\/kariera\/experts-p2p\/#primaryimage"},"thumbnailUrl":"https:\/\/www.capgemini.com\/pl-pl\/wp-content\/uploads\/sites\/27\/2023\/02\/Agnieszka.png","datePublished":"2023-02-03T10:57:47+00:00","dateModified":"2025-03-12T05:47:53+00:00","description":"YOUR FUTURE IN FINANCE AND ACCOUNTING","breadcrumb":{"@id":"https:\/\/www.capgemini.com\/pl-pl\/kariera\/experts-p2p\/#breadcrumb"},"inLanguage":"pl-PL","potentialAction":[{"@type":"ReadAction","target":["https:\/\/www.capgemini.com\/pl-pl\/kariera\/experts-p2p\/"]}]},{"@type":"ImageObject","inLanguage":"pl-PL","@id":"https:\/\/www.capgemini.com\/pl-pl\/kariera\/experts-p2p\/#primaryimage","url":"https:\/\/www.capgemini.com\/pl-pl\/wp-content\/uploads\/sites\/27\/2023\/02\/Agnieszka.png","contentUrl":"https:\/\/www.capgemini.com\/pl-pl\/wp-content\/uploads\/sites\/27\/2023\/02\/Agnieszka.png"},{"@type":"BreadcrumbList","@id":"https:\/\/www.capgemini.com\/pl-pl\/kariera\/experts-p2p\/#breadcrumb","itemListElement":[{"@type":"ListItem","position":1,"name":"Home","item":"https:\/\/www.capgemini.com\/pl-pl\/"},{"@type":"ListItem","position":2,"name":"Poznaj Agnieszk\u0119,\u00a0 P2P global process owner"}]},{"@type":"WebSite","@id":"https:\/\/www.capgemini.com\/pl-pl\/#website","url":"https:\/\/www.capgemini.com\/pl-pl\/","name":"Capgemini Polska","description":"Capgemini","potentialAction":[{"@type":"SearchAction","target":{"@type":"EntryPoint","urlTemplate":"https:\/\/www.capgemini.com\/pl-pl\/?s={search_term_string}"},"query-input":"required name=search_term_string"}],"inLanguage":"pl-PL"}]}},"brand_term":[],"parsely":{"version":"1.1.0","canonical_url":"https:\/\/capgemini.com\/pl-pl\/kariera\/experts-p2p\/","smart_links":{"inbound":0,"outbound":0},"traffic_boost_suggestions_count":0,"meta":{"@context":"https:\/\/schema.org","@type":"WebPage","headline":"Poznaj Agnieszk\u0119,\u00a0 P2P global process owner","url":"https:\/\/www.capgemini.com\/pl-pl\/kariera\/experts-p2p\/","mainEntityOfPage":{"@type":"WebPage","@id":"https:\/\/www.capgemini.com\/pl-pl\/kariera\/experts-p2p\/"},"thumbnailUrl":"","image":{"@type":"ImageObject","url":""},"articleSection":"Uncategorized","author":[],"creator":[],"publisher":{"@type":"Organization","name":"Capgemini Poland","logo":""},"keywords":[],"dateCreated":"2023-02-03T10:57:47Z","datePublished":"2023-02-03T10:57:47Z","dateModified":"2025-03-12T05:47:53Z"},"rendered":"<meta name=\"parsely-title\" content=\"Poznaj Agnieszk\u0119,\u00a0 P2P global process owner\" \/>\n<meta name=\"parsely-link\" content=\"https:\/\/www.capgemini.com\/pl-pl\/kariera\/experts-p2p\/\" \/>\n<meta name=\"parsely-type\" content=\"index\" \/>\n<meta name=\"parsely-pub-date\" content=\"2023-02-03T10:57:47Z\" \/>\n<meta name=\"parsely-section\" content=\"Uncategorized\" \/>","tracker_url":"https:\/\/cdn.parsely.com\/keys\/capgemini.com\/p.js"},"archive_status":false,"featured_image_src":"https:\/\/www.capgemini.com\/pl-pl\/wp-content\/themes\/capgemini2025\/assets\/images\/mockup.png","featured_image_alt":false,"jetpack_sharing_enabled":true,"distributor_meta":false,"distributor_terms":false,"distributor_media":false,"distributor_original_site_name":"Capgemini Poland","distributor_original_site_url":"https:\/\/www.capgemini.com\/pl-pl","push-errors":false,"_links":{"self":[{"href":"https:\/\/www.capgemini.com\/pl-pl\/wp-json\/wp\/v2\/pages\/701988","targetHints":{"allow":["GET"]}}],"collection":[{"href":"https:\/\/www.capgemini.com\/pl-pl\/wp-json\/wp\/v2\/pages"}],"about":[{"href":"https:\/\/www.capgemini.com\/pl-pl\/wp-json\/wp\/v2\/types\/page"}],"author":[{"embeddable":true,"href":"https:\/\/www.capgemini.com\/pl-pl\/wp-json\/wp\/v2\/users\/413"}],"replies":[{"embeddable":true,"href":"https:\/\/www.capgemini.com\/pl-pl\/wp-json\/wp\/v2\/comments?post=701988"}],"version-history":[{"count":6,"href":"https:\/\/www.capgemini.com\/pl-pl\/wp-json\/wp\/v2\/pages\/701988\/revisions"}],"predecessor-version":[{"id":909139,"href":"https:\/\/www.capgemini.com\/pl-pl\/wp-json\/wp\/v2\/pages\/701988\/revisions\/909139"}],"wp:attachment":[{"href":"https:\/\/www.capgemini.com\/pl-pl\/wp-json\/wp\/v2\/media?parent=701988"}],"wp:term":[{"taxonomy":"brand","embeddable":true,"href":"https:\/\/www.capgemini.com\/pl-pl\/wp-json\/wp\/v2\/brand?post=701988"},{"taxonomy":"partner_type","embeddable":true,"href":"https:\/\/www.capgemini.com\/pl-pl\/wp-json\/wp\/v2\/partner_type?post=701988"},{"taxonomy":"service","embeddable":true,"href":"https:\/\/www.capgemini.com\/pl-pl\/wp-json\/wp\/v2\/service?post=701988"},{"taxonomy":"industry","embeddable":true,"href":"https:\/\/www.capgemini.com\/pl-pl\/wp-json\/wp\/v2\/industry?post=701988"},{"taxonomy":"partners","embeddable":true,"href":"https:\/\/www.capgemini.com\/pl-pl\/wp-json\/wp\/v2\/partners?post=701988"},{"taxonomy":"page-type","embeddable":true,"href":"https:\/\/www.capgemini.com\/pl-pl\/wp-json\/wp\/v2\/page-type?post=701988"},{"taxonomy":"content-group","embeddable":true,"href":"https:\/\/www.capgemini.com\/pl-pl\/wp-json\/wp\/v2\/content-group?post=701988"}],"curies":[{"name":"wp","href":"https:\/\/api.w.org\/{rel}","templated":true}]}}