{"id":701961,"date":"2023-02-03T09:57:07","date_gmt":"2023-02-03T09:57:07","guid":{"rendered":"https:\/\/www.capgemini.com\/pl-pl\/?page_id=701961"},"modified":"2025-03-12T05:49:14","modified_gmt":"2025-03-12T05:49:14","slug":"poznaj-piotra-senior-net-developer","status":"publish","type":"page","link":"https:\/\/www.capgemini.com\/pl-pl\/kariera\/net-developer\/","title":{"rendered":"Poznaj Piotra, senior.net developer"},"content":{"rendered":"\n<div class=\"wp-block-cg-blocks-hero-picture-card undefined  heroPictureCard\"><div class=\"heroPictureCardBgs\"><picture><source srcset=\"https:\/\/www.capgemini.com\/pl-pl\/wp-content\/uploads\/sites\/27\/2023\/02\/Piotr.png?w=2880&amp;quality=70 1x, https:\/\/www.capgemini.com\/pl-pl\/wp-content\/uploads\/sites\/27\/2023\/02\/Piotr.png?w=2880&amp;quality=70 2x\" media=\"(min-width: 1500px)\"\/><source srcset=\"https:\/\/www.capgemini.com\/pl-pl\/wp-content\/uploads\/sites\/27\/2023\/02\/Piotr.png?w=1440&amp;quality=70 1x, https:\/\/www.capgemini.com\/pl-pl\/wp-content\/uploads\/sites\/27\/2023\/02\/Piotr.png?w=2880&amp;quality=70 2x\" media=\"(min-width: 992px)\"\/><source srcset=\"https:\/\/www.capgemini.com\/pl-pl\/wp-content\/uploads\/sites\/27\/2023\/02\/Piotr.png?w=1024&amp;quality=70 1x, https:\/\/www.capgemini.com\/pl-pl\/wp-content\/uploads\/sites\/27\/2023\/02\/Piotr.png?w=1024&amp;quality=70 2x\" media=\"(min-width: 768px)\"\/><source srcset=\"https:\/\/www.capgemini.com\/pl-pl\/wp-content\/uploads\/sites\/27\/2023\/02\/Piotr.png?w=768&amp;quality=70 1x, https:\/\/www.capgemini.com\/pl-pl\/wp-content\/uploads\/sites\/27\/2023\/02\/Piotr.png?w=768&amp;quality=70 2x\" media=\"(min-width: 0)\"\/><img decoding=\"async\" src=\"https:\/\/www.capgemini.com\/pl-pl\/wp-content\/uploads\/sites\/27\/2023\/02\/Piotr.png\" class=\"desktopImage\" alt=\"\" style=\"object-fit:cover;object-position:50% 28.999999999999996%\" loading=\"eager\"\/><\/picture><picture><source srcset=\"https:\/\/www.capgemini.com\/pl-pl\/wp-content\/uploads\/sites\/27\/2023\/02\/Piotr.png?w=2880&amp;quality=70 1x, https:\/\/www.capgemini.com\/pl-pl\/wp-content\/uploads\/sites\/27\/2023\/02\/Piotr.png?w=2880&amp;quality=70 2x\" media=\"(min-width: 1500px)\"\/><source srcset=\"https:\/\/www.capgemini.com\/pl-pl\/wp-content\/uploads\/sites\/27\/2023\/02\/Piotr.png?w=1440&amp;quality=70 1x, https:\/\/www.capgemini.com\/pl-pl\/wp-content\/uploads\/sites\/27\/2023\/02\/Piotr.png?w=2880&amp;quality=70 2x\" media=\"(min-width: 992px)\"\/><source srcset=\"https:\/\/www.capgemini.com\/pl-pl\/wp-content\/uploads\/sites\/27\/2023\/02\/Piotr.png?w=1024&amp;quality=70 1x, https:\/\/www.capgemini.com\/pl-pl\/wp-content\/uploads\/sites\/27\/2023\/02\/Piotr.png?w=1024&amp;quality=70 2x\" media=\"(min-width: 768px)\"\/><source srcset=\"https:\/\/www.capgemini.com\/pl-pl\/wp-content\/uploads\/sites\/27\/2023\/02\/Piotr.png?w=768&amp;quality=70 1x, https:\/\/www.capgemini.com\/pl-pl\/wp-content\/uploads\/sites\/27\/2023\/02\/Piotr.png?w=768&amp;quality=70 2x\" media=\"(min-width: 0)\"\/><img decoding=\"async\" src=\"https:\/\/www.capgemini.com\/pl-pl\/wp-content\/uploads\/sites\/27\/2023\/02\/Piotr.png\" class=\"mobileImage\" alt=\"\" style=\"object-fit:cover;object-position:50% 28.999999999999996%\" loading=\"eager\"\/><\/picture><\/div><div class=\"heroPictureCardHeaderShape\"><\/div><div class=\"container\"><div class=\"row\"><div class=\"col-md-8 col-lg-6\"><div class=\"heroPictureCardBox\"><div class=\"heroPictureCardBoxTitle\"><h1 data-maxlength=\"144\">Poznaj Piotra, senior.net developer<\/h1><\/div><\/div><\/div><\/div><\/div><div class=\"small-device\"><div class=\"brandLogoWrapper\"> <\/div><\/div><\/div>\n\n\n\n<section class=\"wp-block-cg-blocks-group undefined section section--article-content\"><div class=\"article-main-content\"><div class=\"container\"><div class=\"row\"><div class=\"col-12 col-md-11 col-lg-10 offset-md-1 offset-lg-1\"><div class=\"article-text article-quote-text\">\n<p><strong>.NET developer in action!<\/strong><\/p>\n\n\n\n<div class=\"wp-block-buttons is-layout-flex wp-block-buttons-is-layout-flex\">\n<div class=\"wp-block-button is-style-outline is-style-outline--1\"><a class=\"wp-block-button__link wp-element-button\" href=\"https:\/\/www.capgemini.com\/pl-pl\/meet-piotr-senior-net-developer\/\">English Version <\/a><\/div>\n<\/div>\n\n\n\n<p><\/p>\n\n\n\n<p>Cze\u015b\u0107! Poznaj Piotra! Piotr rozwija swoje umiej\u0119tno\u015bci oraz karier\u0119 jako starszy programista .NET. Na co dzie\u0144 pracuje w oparciu o .NET Core, bazy danych SQL Server czy Azure. Piotr wierzy, \u017ce przysz\u0142o\u015b\u0107 biznesu to AI. Zgodnie z has\u0142em \u201eGet the future you want\u201d, planuje rozwija\u0107 si\u0119 w kierunku architekta, aby, jak sam m\u00f3wi, \u201emie\u0107 wi\u0119kszy wp\u0142yw na kszta\u0142t rozwi\u0105za\u0144 proponowanych klientom\u201d.<\/p>\n\n\n\n<p>Pos\u0142uchaj, co o swojej pracy m\u00f3wi Piotr!<\/p>\n\n\n\n<figure class=\"wp-block-embed is-type-video is-provider-youtube wp-block-embed-youtube wp-embed-aspect-16-9 wp-has-aspect-ratio\"><div class=\"wp-block-embed__wrapper\">\n<iframe loading=\"lazy\" title=\"Want to Be a Part of .NET Projects? Meet Piotr, Senior .NET Developer\" width=\"960\" height=\"540\" src=\"https:\/\/www.youtube.com\/embed\/tNld-5ziH-I?feature=oembed\" frameborder=\"0\" allow=\"accelerometer; autoplay; clipboard-write; encrypted-media; gyroscope; picture-in-picture; web-share\" referrerpolicy=\"strict-origin-when-cross-origin\" allowfullscreen><\/iframe>\n<\/div><\/figure>\n<\/div><\/div><\/div><\/div><\/div><\/section>\n\n\n\n<section class=\"wp-block-cg-blocks-group undefined section section--article-content\"><div class=\"article-main-content\"><div class=\"container\"><div class=\"row\"><div class=\"col-12 col-md-11 col-lg-10 offset-md-1 offset-lg-1\"><div class=\"article-text article-quote-text\">\n<p>W Capgemini wspieramy klient\u00f3w, wykorzystuj\u0105c wiedz\u0119, do\u015bwiadczenie i zaanga\u017cowanie naszych specjalist\u00f3w. Tworzymy zgrany zesp\u00f3\u0142, kt\u00f3ry nowych pracownik\u00f3w przyjmuje z otwartymi r\u0119kami, wspieraj\u0105c podczas pierwszych zada\u0144. Przy tworzeniu projekt\u00f3w opartych na .NET wykorzystujemy C#, .NET Core, SQL\/MSSQL, Web i Micro Services, WCF (SOAP), ASP.NET MVC i Power BI.<\/p>\n\n\n\n<p><strong>Rozw\u00f3j w Capgemini\/ Przysz\u0142o\u015b\u0107 w Capgemini<\/strong><\/p>\n\n\n\n<p>Zgodnie z filozofi\u0105 \u201eGet the future you want\u201d, w Capgemini robimy wszystko, by pom\u00f3c rozwin\u0105\u0107 skrzyd\u0142a naszym specjalistom. Je\u015bli masz na siebie pomys\u0142, z rado\u015bci\u0105 pomo\u017cemy Ci w jego realizacji. Je\u015bli szukasz nowych wyzwa\u0144, pomo\u017cemy Ci je znale\u017a\u0107. Piotr, kt\u00f3rego ju\u017c znacie, widzi swoj\u0105 przysz\u0142o\u015b\u0107 zawodow\u0105 w charakterze architekta, dlatego dostarczamy mu narz\u0119dzi i konsultacji, by m\u00f3g\u0142 rozwija\u0107 swoj\u0105 karier\u0119. To samo zrobimy dla Ciebie!<br>Jak? To proste:<\/p>\n\n\n\n<ul class=\"wp-block-list\">\n<li>poprzez intensywne wewn\u0119trzne szkolenia rozwojowe (prowadzone przez ekspert\u00f3w Capgemini), wsparcie mentor\u00f3w (wsp\u00f3lne planowanie rozwoju kariery oraz rozwoju kompetencji technicznych)<\/li>\n\n\n\n<li>poprzez siatk\u0119 szkole\u0144 zewn\u0119trznych z uznanymi autorytetami biznesowymi i technologicznymi<\/li>\n\n\n\n<li>poprzez zapewnienie certyfikacji, dost\u0119pu do kurs\u00f3w i warsztat\u00f3w (zar\u00f3wno kompetencje mi\u0119kkie, jak i twarde)<\/li>\n\n\n\n<li>poprzez dost\u0119p do naszych wewn\u0119trznych communities, w kt\u00f3rych wsp\u00f3lnie z innymi specjalistami mo\u017cesz dyskutowa\u0107 i poszukiwa\u0107 optymalnych rozwi\u0105za\u0144 w interesuj\u0105cym Ci\u0119 obszarze<\/li>\n\n\n\n<li>poprzez dost\u0119p do platform z kursami i szkoleniami online (m.in. Pluralsight, Coursera itp.)<\/li>\n<\/ul>\n\n\n\n<p>Wspieramy tak\u017ce rozw\u00f3j wielokierunkowo, na czterech \u015bcie\u017ckach kariery: technicznej, menad\u017cerskiej, trenerskiej i project managementowej. Oferujemy r\u00f3wnie\u017c kursy j\u0119zykowe na r\u00f3\u017cnych poziomach zaawansowania (angielski, niemiecki, polski).<\/p>\n\n\n\n<p><strong>OBECNIE DO NASZEGO ZESPO\u0141U POSZUKUJEMY M.IN.:<\/strong><\/p>\n\n\n\n<ul class=\"wp-block-list\">\n<li>.NET Developer<\/li>\n\n\n\n<li>Senior .NET Developer<\/li>\n\n\n\n<li>.NET Software Architect<\/li>\n<\/ul>\n\n\n\n<p>Je\u015bli szukasz nowych wyzwa\u0144, chcesz do\u015bwiadczy\u0107 nieograniczonych mo\u017cliwo\u015bci i razem nami wyznacza\u0107 trendy innowacji technologicznych \u2013 to miejsce jest dla Ciebie!<\/p>\n<\/div><\/div><\/div><\/div><\/div><\/section>\n\n\n\n<section class=\"wp-block-cg-blocks-group undefined section section--article-content\" id=\"quoteWrapper\"><div class=\"article-main-content\"><div class=\"container\"><div class=\"row\"><div class=\"col-12 col-md-11 col-lg-10 offset-md-1 offset-lg-1\"><div class=\"article-text article-quote-text\"><\/div><\/div><\/div><\/div><\/div><\/section>\n","protected":false},"excerpt":{"rendered":"","protected":false},"author":413,"featured_media":0,"parent":0,"menu_order":0,"comment_status":"closed","ping_status":"closed","template":"","meta":{"cg_dt_proposed_to":[],"cg_seo_hreflang_relations":"[]","cg_seo_canonical_relation":"","cg_seo_hreflang_x_default_relation":"{\"uuid\":\"8a3ca173-76e0-43b7-a688-eeda4fbb81ce\",\"blogId\":\"\",\"domain\":\"\",\"sitePath\":\"\",\"postLink\":\"\",\"postId\":null,\"isSaved\":true,\"isCrossLink\":false,\"hasCrossLink\":false}","cg_dt_approved_content":true,"cg_dt_mandatory_content":false,"cg_dt_notes":"","cg_dg_source_changed":false,"cg_dt_link_disabled":false,"_yoast_wpseo_primary_brand":"","footnotes":"","featured_focal_points":"","partner_card_description":"","gsap_animation":0},"brand":[],"partner_type":[],"service":[],"industry":[],"partners":[],"page-type":[],"content-group":[],"class_list":["post-701961","page","type-page","status-publish","hentry"],"yoast_head":"<!-- This site is optimized with the Yoast SEO Premium plugin v22.8 (Yoast SEO v22.8) - https:\/\/yoast.com\/wordpress\/plugins\/seo\/ -->\n<title>Poznaj Piotra, senior.net developer - Capgemini Poland<\/title>\n<meta name=\"description\" content=\"Cze\u015b\u0107! Poznaj Piotra! Piotr rozwija swoje umiej\u0119tno\u015bci oraz karier\u0119 jako starszy programista .\" \/>\n<meta name=\"robots\" content=\"index, follow, max-snippet:-1, max-image-preview:large, max-video-preview:-1\" \/>\n<link rel=\"canonical\" href=\"https:\/\/www.capgemini.com\/pl-pl\/kariera\/net-developer\/\" \/>\n<meta property=\"og:locale\" content=\"pl_PL\" \/>\n<meta property=\"og:type\" content=\"article\" \/>\n<meta property=\"og:title\" content=\"Poznaj Piotra, senior.net developer\" \/>\n<meta property=\"og:description\" content=\"Cze\u015b\u0107! Poznaj Piotra! Piotr rozwija swoje umiej\u0119tno\u015bci oraz karier\u0119 jako starszy programista .\" \/>\n<meta property=\"og:url\" content=\"https:\/\/www.capgemini.com\/pl-pl\/kariera\/net-developer\/\" \/>\n<meta property=\"og:site_name\" content=\"Capgemini Poland\" \/>\n<meta property=\"article:modified_time\" content=\"2025-03-12T05:49:14+00:00\" \/>\n<meta property=\"og:image\" content=\"https:\/\/www.capgemini.com\/pl-pl\/wp-content\/uploads\/sites\/27\/2023\/02\/Piotr.png\" \/>\n<meta name=\"twitter:card\" content=\"summary_large_image\" \/>\n<meta name=\"twitter:label1\" content=\"Est. reading time\" \/>\n\t<meta name=\"twitter:data1\" content=\"3 minutes\" \/>\n<script type=\"application\/ld+json\" class=\"yoast-schema-graph\">{\"@context\":\"https:\/\/schema.org\",\"@graph\":[{\"@type\":\"WebPage\",\"@id\":\"https:\/\/www.capgemini.com\/pl-pl\/kariera\/net-developer\/\",\"url\":\"https:\/\/www.capgemini.com\/pl-pl\/kariera\/net-developer\/\",\"name\":\"Poznaj Piotra, senior.net developer - Capgemini Poland\",\"isPartOf\":{\"@id\":\"https:\/\/www.capgemini.com\/pl-pl\/#website\"},\"primaryImageOfPage\":{\"@id\":\"https:\/\/www.capgemini.com\/pl-pl\/kariera\/net-developer\/#primaryimage\"},\"image\":{\"@id\":\"https:\/\/www.capgemini.com\/pl-pl\/kariera\/net-developer\/#primaryimage\"},\"thumbnailUrl\":\"https:\/\/www.capgemini.com\/pl-pl\/wp-content\/uploads\/sites\/27\/2023\/02\/Piotr.png\",\"datePublished\":\"2023-02-03T09:57:07+00:00\",\"dateModified\":\"2025-03-12T05:49:14+00:00\",\"description\":\"Cze\u015b\u0107! Poznaj Piotra! Piotr rozwija swoje umiej\u0119tno\u015bci oraz karier\u0119 jako starszy programista .\",\"breadcrumb\":{\"@id\":\"https:\/\/www.capgemini.com\/pl-pl\/kariera\/net-developer\/#breadcrumb\"},\"inLanguage\":\"pl-PL\",\"potentialAction\":[{\"@type\":\"ReadAction\",\"target\":[\"https:\/\/www.capgemini.com\/pl-pl\/kariera\/net-developer\/\"]}]},{\"@type\":\"ImageObject\",\"inLanguage\":\"pl-PL\",\"@id\":\"https:\/\/www.capgemini.com\/pl-pl\/kariera\/net-developer\/#primaryimage\",\"url\":\"https:\/\/www.capgemini.com\/pl-pl\/wp-content\/uploads\/sites\/27\/2023\/02\/Piotr.png\",\"contentUrl\":\"https:\/\/www.capgemini.com\/pl-pl\/wp-content\/uploads\/sites\/27\/2023\/02\/Piotr.png\"},{\"@type\":\"BreadcrumbList\",\"@id\":\"https:\/\/www.capgemini.com\/pl-pl\/kariera\/net-developer\/#breadcrumb\",\"itemListElement\":[{\"@type\":\"ListItem\",\"position\":1,\"name\":\"Home\",\"item\":\"https:\/\/www.capgemini.com\/pl-pl\/\"},{\"@type\":\"ListItem\",\"position\":2,\"name\":\"Poznaj Piotra, senior.net developer\"}]},{\"@type\":\"WebSite\",\"@id\":\"https:\/\/www.capgemini.com\/pl-pl\/#website\",\"url\":\"https:\/\/www.capgemini.com\/pl-pl\/\",\"name\":\"Capgemini Polska\",\"description\":\"Capgemini\",\"potentialAction\":[{\"@type\":\"SearchAction\",\"target\":{\"@type\":\"EntryPoint\",\"urlTemplate\":\"https:\/\/www.capgemini.com\/pl-pl\/?s={search_term_string}\"},\"query-input\":\"required name=search_term_string\"}],\"inLanguage\":\"pl-PL\"}]}<\/script>\n<!-- \/ Yoast SEO Premium plugin. -->","yoast_head_json":{"title":"Poznaj Piotra, senior.net developer - Capgemini Poland","description":"Cze\u015b\u0107! Poznaj Piotra! Piotr rozwija swoje umiej\u0119tno\u015bci oraz karier\u0119 jako starszy programista .","robots":{"index":"index","follow":"follow","max-snippet":"max-snippet:-1","max-image-preview":"max-image-preview:large","max-video-preview":"max-video-preview:-1"},"canonical":"https:\/\/www.capgemini.com\/pl-pl\/kariera\/net-developer\/","og_locale":"pl_PL","og_type":"article","og_title":"Poznaj Piotra, senior.net developer","og_description":"Cze\u015b\u0107! Poznaj Piotra! Piotr rozwija swoje umiej\u0119tno\u015bci oraz karier\u0119 jako starszy programista .","og_url":"https:\/\/www.capgemini.com\/pl-pl\/kariera\/net-developer\/","og_site_name":"Capgemini Poland","article_modified_time":"2025-03-12T05:49:14+00:00","og_image":[{"url":"https:\/\/www.capgemini.com\/pl-pl\/wp-content\/uploads\/sites\/27\/2023\/02\/Piotr.png"}],"twitter_card":"summary_large_image","twitter_misc":{"Est. reading time":"3 minutes"},"schema":{"@context":"https:\/\/schema.org","@graph":[{"@type":"WebPage","@id":"https:\/\/www.capgemini.com\/pl-pl\/kariera\/net-developer\/","url":"https:\/\/www.capgemini.com\/pl-pl\/kariera\/net-developer\/","name":"Poznaj Piotra, senior.net developer - Capgemini Poland","isPartOf":{"@id":"https:\/\/www.capgemini.com\/pl-pl\/#website"},"primaryImageOfPage":{"@id":"https:\/\/www.capgemini.com\/pl-pl\/kariera\/net-developer\/#primaryimage"},"image":{"@id":"https:\/\/www.capgemini.com\/pl-pl\/kariera\/net-developer\/#primaryimage"},"thumbnailUrl":"https:\/\/www.capgemini.com\/pl-pl\/wp-content\/uploads\/sites\/27\/2023\/02\/Piotr.png","datePublished":"2023-02-03T09:57:07+00:00","dateModified":"2025-03-12T05:49:14+00:00","description":"Cze\u015b\u0107! Poznaj Piotra! Piotr rozwija swoje umiej\u0119tno\u015bci oraz karier\u0119 jako starszy programista .","breadcrumb":{"@id":"https:\/\/www.capgemini.com\/pl-pl\/kariera\/net-developer\/#breadcrumb"},"inLanguage":"pl-PL","potentialAction":[{"@type":"ReadAction","target":["https:\/\/www.capgemini.com\/pl-pl\/kariera\/net-developer\/"]}]},{"@type":"ImageObject","inLanguage":"pl-PL","@id":"https:\/\/www.capgemini.com\/pl-pl\/kariera\/net-developer\/#primaryimage","url":"https:\/\/www.capgemini.com\/pl-pl\/wp-content\/uploads\/sites\/27\/2023\/02\/Piotr.png","contentUrl":"https:\/\/www.capgemini.com\/pl-pl\/wp-content\/uploads\/sites\/27\/2023\/02\/Piotr.png"},{"@type":"BreadcrumbList","@id":"https:\/\/www.capgemini.com\/pl-pl\/kariera\/net-developer\/#breadcrumb","itemListElement":[{"@type":"ListItem","position":1,"name":"Home","item":"https:\/\/www.capgemini.com\/pl-pl\/"},{"@type":"ListItem","position":2,"name":"Poznaj Piotra, senior.net developer"}]},{"@type":"WebSite","@id":"https:\/\/www.capgemini.com\/pl-pl\/#website","url":"https:\/\/www.capgemini.com\/pl-pl\/","name":"Capgemini Polska","description":"Capgemini","potentialAction":[{"@type":"SearchAction","target":{"@type":"EntryPoint","urlTemplate":"https:\/\/www.capgemini.com\/pl-pl\/?s={search_term_string}"},"query-input":"required name=search_term_string"}],"inLanguage":"pl-PL"}]}},"brand_term":[],"parsely":{"version":"1.1.0","canonical_url":"https:\/\/capgemini.com\/pl-pl\/kariera\/net-developer\/","smart_links":{"inbound":0,"outbound":0},"traffic_boost_suggestions_count":0,"meta":{"@context":"https:\/\/schema.org","@type":"WebPage","headline":"Poznaj Piotra, senior.net developer","url":"https:\/\/www.capgemini.com\/pl-pl\/kariera\/net-developer\/","mainEntityOfPage":{"@type":"WebPage","@id":"https:\/\/www.capgemini.com\/pl-pl\/kariera\/net-developer\/"},"thumbnailUrl":"","image":{"@type":"ImageObject","url":""},"articleSection":"Uncategorized","author":[],"creator":[],"publisher":{"@type":"Organization","name":"Capgemini Poland","logo":""},"keywords":[],"dateCreated":"2023-02-03T09:57:07Z","datePublished":"2023-02-03T09:57:07Z","dateModified":"2025-03-12T05:49:14Z"},"rendered":"<meta name=\"parsely-title\" content=\"Poznaj Piotra, senior.net developer\" \/>\n<meta name=\"parsely-link\" content=\"https:\/\/www.capgemini.com\/pl-pl\/kariera\/net-developer\/\" \/>\n<meta name=\"parsely-type\" content=\"index\" \/>\n<meta name=\"parsely-pub-date\" content=\"2023-02-03T09:57:07Z\" \/>\n<meta name=\"parsely-section\" content=\"Uncategorized\" \/>","tracker_url":"https:\/\/cdn.parsely.com\/keys\/capgemini.com\/p.js"},"archive_status":false,"featured_image_src":"https:\/\/www.capgemini.com\/pl-pl\/wp-content\/themes\/capgemini2025\/assets\/images\/mockup.png","featured_image_alt":false,"jetpack_sharing_enabled":true,"distributor_meta":false,"distributor_terms":false,"distributor_media":false,"distributor_original_site_name":"Capgemini Poland","distributor_original_site_url":"https:\/\/www.capgemini.com\/pl-pl","push-errors":false,"_links":{"self":[{"href":"https:\/\/www.capgemini.com\/pl-pl\/wp-json\/wp\/v2\/pages\/701961","targetHints":{"allow":["GET"]}}],"collection":[{"href":"https:\/\/www.capgemini.com\/pl-pl\/wp-json\/wp\/v2\/pages"}],"about":[{"href":"https:\/\/www.capgemini.com\/pl-pl\/wp-json\/wp\/v2\/types\/page"}],"author":[{"embeddable":true,"href":"https:\/\/www.capgemini.com\/pl-pl\/wp-json\/wp\/v2\/users\/413"}],"replies":[{"embeddable":true,"href":"https:\/\/www.capgemini.com\/pl-pl\/wp-json\/wp\/v2\/comments?post=701961"}],"version-history":[{"count":9,"href":"https:\/\/www.capgemini.com\/pl-pl\/wp-json\/wp\/v2\/pages\/701961\/revisions"}],"predecessor-version":[{"id":909144,"href":"https:\/\/www.capgemini.com\/pl-pl\/wp-json\/wp\/v2\/pages\/701961\/revisions\/909144"}],"wp:attachment":[{"href":"https:\/\/www.capgemini.com\/pl-pl\/wp-json\/wp\/v2\/media?parent=701961"}],"wp:term":[{"taxonomy":"brand","embeddable":true,"href":"https:\/\/www.capgemini.com\/pl-pl\/wp-json\/wp\/v2\/brand?post=701961"},{"taxonomy":"partner_type","embeddable":true,"href":"https:\/\/www.capgemini.com\/pl-pl\/wp-json\/wp\/v2\/partner_type?post=701961"},{"taxonomy":"service","embeddable":true,"href":"https:\/\/www.capgemini.com\/pl-pl\/wp-json\/wp\/v2\/service?post=701961"},{"taxonomy":"industry","embeddable":true,"href":"https:\/\/www.capgemini.com\/pl-pl\/wp-json\/wp\/v2\/industry?post=701961"},{"taxonomy":"partners","embeddable":true,"href":"https:\/\/www.capgemini.com\/pl-pl\/wp-json\/wp\/v2\/partners?post=701961"},{"taxonomy":"page-type","embeddable":true,"href":"https:\/\/www.capgemini.com\/pl-pl\/wp-json\/wp\/v2\/page-type?post=701961"},{"taxonomy":"content-group","embeddable":true,"href":"https:\/\/www.capgemini.com\/pl-pl\/wp-json\/wp\/v2\/content-group?post=701961"}],"curies":[{"name":"wp","href":"https:\/\/api.w.org\/{rel}","templated":true}]}}