{"id":701913,"date":"2023-02-02T16:36:36","date_gmt":"2023-02-02T16:36:36","guid":{"rendered":"https:\/\/www.capgemini.com\/pl-pl\/?page_id=701913"},"modified":"2026-02-19T12:21:57","modified_gmt":"2026-02-19T12:21:57","slug":"newsroom","status":"publish","type":"page","link":"https:\/\/www.capgemini.com\/pl-pl\/aktualnosci\/informacje-prasowe\/","title":{"rendered":"Informacje prasowe"},"content":{"rendered":"\n<div class=\"wp-block-cg-blocks-hero-picture-card undefined  heroPictureCard\"><div class=\"heroPictureCardBgs\"><picture><source srcset=\"https:\/\/www.capgemini.com\/wp-content\/uploads\/2022\/05\/Capgemini_News_Press-Releases.jpg?w=2880&amp;quality=70 1x, https:\/\/www.capgemini.com\/wp-content\/uploads\/2022\/05\/Capgemini_News_Press-Releases.jpg?w=2880&amp;quality=70 2x\" media=\"(min-width: 1500px)\"\/><source srcset=\"https:\/\/www.capgemini.com\/wp-content\/uploads\/2022\/05\/Capgemini_News_Press-Releases.jpg?w=1440&amp;quality=70 1x, https:\/\/www.capgemini.com\/wp-content\/uploads\/2022\/05\/Capgemini_News_Press-Releases.jpg?w=2880&amp;quality=70 2x\" media=\"(min-width: 992px)\"\/><source srcset=\"https:\/\/www.capgemini.com\/wp-content\/uploads\/2022\/05\/Capgemini_News_Press-Releases.jpg?w=1024&amp;quality=70 1x, https:\/\/www.capgemini.com\/wp-content\/uploads\/2022\/05\/Capgemini_News_Press-Releases.jpg?w=1024&amp;quality=70 2x\" media=\"(min-width: 768px)\"\/><source srcset=\"https:\/\/www.capgemini.com\/wp-content\/uploads\/2022\/05\/Capgemini_News_Press-Releases.jpg?w=768&amp;quality=70 1x, https:\/\/www.capgemini.com\/wp-content\/uploads\/2022\/05\/Capgemini_News_Press-Releases.jpg?w=768&amp;quality=70 2x\" media=\"(min-width: 0)\"\/><img decoding=\"async\" src=\"https:\/\/www.capgemini.com\/wp-content\/uploads\/2022\/05\/Capgemini_News_Press-Releases.jpg\" class=\"desktopImage\" alt=\"\" style=\"object-fit:cover;object-position:49% 81%\" loading=\"eager\"\/><\/picture><picture><source srcset=\"https:\/\/www.capgemini.com\/wp-content\/uploads\/2022\/05\/Capgemini_News_Press-Releases.jpg?w=2880&amp;quality=70 1x, https:\/\/www.capgemini.com\/wp-content\/uploads\/2022\/05\/Capgemini_News_Press-Releases.jpg?w=2880&amp;quality=70 2x\" media=\"(min-width: 1500px)\"\/><source srcset=\"https:\/\/www.capgemini.com\/wp-content\/uploads\/2022\/05\/Capgemini_News_Press-Releases.jpg?w=1440&amp;quality=70 1x, https:\/\/www.capgemini.com\/wp-content\/uploads\/2022\/05\/Capgemini_News_Press-Releases.jpg?w=2880&amp;quality=70 2x\" media=\"(min-width: 992px)\"\/><source srcset=\"https:\/\/www.capgemini.com\/wp-content\/uploads\/2022\/05\/Capgemini_News_Press-Releases.jpg?w=1024&amp;quality=70 1x, https:\/\/www.capgemini.com\/wp-content\/uploads\/2022\/05\/Capgemini_News_Press-Releases.jpg?w=1024&amp;quality=70 2x\" media=\"(min-width: 768px)\"\/><source srcset=\"https:\/\/www.capgemini.com\/wp-content\/uploads\/2022\/05\/Capgemini_News_Press-Releases.jpg?w=768&amp;quality=70 1x, https:\/\/www.capgemini.com\/wp-content\/uploads\/2022\/05\/Capgemini_News_Press-Releases.jpg?w=768&amp;quality=70 2x\" media=\"(min-width: 0)\"\/><img decoding=\"async\" src=\"https:\/\/www.capgemini.com\/wp-content\/uploads\/2022\/05\/Capgemini_News_Press-Releases.jpg\" class=\"mobileImage\" alt=\"\" style=\"object-fit:cover;object-position:49% 81%\" loading=\"eager\"\/><\/picture><\/div><div class=\"heroPictureCardHeaderShape\"><\/div><div class=\"container\"><div class=\"row\"><div class=\"col-md-8 col-lg-6\"><div class=\"heroPictureCardBox\"><div class=\"heroPictureCardBoxTitle\"><h1 data-maxlength=\"144\">Informacje prasowe<\/h1><\/div><\/div><\/div><\/div><\/div><div class=\"small-device\"><div class=\"brandLogoWrapper\"> <\/div><\/div><\/div>\n\n\n\n<section class=\"wp-block-cg-blocks-intro-para undefined section section--intro\"><div class=\"intro-para\"><div class=\"container\"><div class=\"row\"><div class=\"col-12 col-md-11 col-lg-10\"><h2 class=\"intro-para-title\">Witaj w naszym newsroomie &#8211; znajdziesz tu najnowsze i archiwalne informacje ze \u015bwiata Capgemini. Je\u015bli szukasz szczeg\u00f3\u0142\u00f3w dotycz\u0105cych naszych globalnych raport\u00f3w finansowych, odwie\u017a <a href=\"https:\/\/investors.capgemini.com\/en\/financial-news\/\" target=\"_blank\" rel=\"noreferrer noopener\">stron\u0119 dla inwestor\u00f3w<\/a>.<br><\/h2><\/div><\/div><\/div><\/div><\/section>\n\n\n<section class=\"section--publications section--press-news archive-pages\">\n    <div class=\"container\">\n      <div class=\"filters filters--vertical\" data-max=\"10\">\n        <div class=\"archive-search\">\n          <form class=\"form--oneliner js-search-form search search-icon\" action=\"\" method=\"get\">\n            <div class=\"form-block\">\n              <input type=\"text\" aria-label=\"Enter search text\" name=\"search\" class=\"archive_phrase_search noeffect-input archive-search-input archive-search-input\" placeholder=\"Wpisz w wyszukiwarce\u2026\">\n              <div class=\"search-icon\"> <\/div>\n              <button class=\"search-button archive-search-button\">Szukaj<\/button>\n            <\/div>\n            <!-- <div class=\"button-wrapper\">\n              <input aria-label=\"search button\" type=\"submit\" id=\"pr_form_subbmit\" alt=\"Szukaj\" value=\"Search\">\n            <\/div> -->\n          <\/form>\n        <\/div>\n        <!-- filterStart --><!-- filterEnd -->\n        <!-- Single Press Release REST Template -->\n        <script id=\"search_result_item_template\" type=\"text\/template\">\n            <div class=\"box filter-box\">\n                <div class=\"box-inner\">\n                    <span class=\"box-tag\">{{ type }}<\/span>\n                    <a class=\"box-title\" href=\"{{ url }}\"><h3 class=\"archive-blogs-subtitle\">{{ title }}<\/h3><\/a>\n                    <div class=\"box-date\">\n                        <span>{{ date }}<\/span>\n                    <\/div>\n                <\/div>\n                <div class=\"box-right\">\n                    <a href=\"{{ url }}\" class=\"more2 cta-link\" aria-label=\"Read more about {{ title }}\">Dowiedz si\u0119 wi\u0119cej<\/a>\n                    {{ brandimg }}\n                    {{ brandimgwhite }}\n                <\/div>\n            <\/div>\n        <\/script>\n\n        <div class=\"filters-content filters-content-archive\" data-type=\"press-release\">\n        <\/div>\n\n        <h3 class=\"js-no-results\">No results matching your search<\/h3>\n\n        <div class=\"filters-bottom\">\n          <a class=\"filters-more\" href=\"#\" id=\"pr_filters_more\">Wy\u015bwietl 10 kolejnych wiadomo\u015bci<\/a>\n        <\/div>\n\n      <\/div>\n    <\/div>\n  <\/section>\n\n\n\n<div class=\"wrapper-get-in-touch-block\">\n<section class=\"wp-block-cg-blocks-wrapper-get-in-touch section get-in-touch-block\"><div class=\"container\"><div class=\"content-title\"><h2 class=\"getintouch-heading\">Skontaktuj si\u0119 z nami<\/h2><\/div><div><div class=\"cg-slider card-hide\"><\/div><div class=\"cg-slider card-show\">\t\t<div class=\"main\">\n\n\t\t\t\n\t\t\t<div class=\"box\">\n\t\t\t\t\t\t\t\t\t<div class=\"box-author-img\">\n\t\t\t\t\t\t\t\t\t\t\t\t\t<img loading=\"lazy\" alt=\"Ma\u0142gorzata Kubiak\"\n\t\t\t\t\t\t\t\tsrc=\"https:\/\/www.capgemini.com\/pl-pl\/wp-content\/uploads\/sites\/27\/2026\/02\/A4A9198-\u2014-square.jpg?w=250&#038;quality=70\">\n\t\t\t\t\t\t\t\t\t\t\t\n\t\t\t\t\t<\/div>\n\n\n\t\t\t\t\t\t\t\t\t\t\t<h3>Ma\u0142gorzata Kubiak<\/h3>\n\t\t\t\t\t\n\t\t\t\t\t\t\t\t\t\t\t<p class=\"box-position\">Senior Marketing &amp; Communication Specialist<\/p>\n\t\t\t\t\t\n\t\t\t\t\t<ul class=\"social-nav\">\n\t\t\t\t\t\t\t\t\t\t\t\t\t<li>\n\t\t\t\t\t\t\t\t\t\t\t\t\t\t\t\t\t<a class=\"icon-wrapper\"\n\t\t\t\t\t\t\t\t\taria-label=\"Call Ma\u0142gorzata Kubiak\"\n\t\t\t\t\t\t\t\t\thref=\"tel:+48798810434\">\n\t\t\t\t\t\t\t\t\t\t<i aria-hidden=\"true\" class=\"icon-phone2\"><\/i>\n\t\t\t\t\t\t\t\t\t<\/a>\n\t\t\t\t\t\t\t\t\t\t\t\t\t\t\t<\/li>\n\t\t\t\t\t\t\n\t\t\t\t\t\t\t\t\t\t\t\t\t<li>\n\t\t\t\t\t\t\t\t\t\t\t\t\t\t\t\t\t<a class=\"icon-wrapper\"\n\t\t\t\t\t\t\t\t\taria-label=\"Email Ma\u0142gorzata Kubiak\"\n\t\t\t\t\t\t\t\t\thref=\"mailto:malgorzata.kubiak@capgemini.com\">\n\t\t\t\t\t\t\t\t\t\t<i aria-hidden=\"true\" class=\"mail-iconn\"><\/i>\n\t\t\t\t\t\t\t\t\t<\/a>\n\t\t\t\t\t\t\t\t\t\t\t\t\t\t\t<\/li>\n\t\t\t\t\t\t\n\t\t\t\t\t\t\t\t\t\t\t<\/ul>\n\t\t\t\t\t\t\t<\/div>\n\n\t\t\t\n\t\t<\/div>\n\t<\/div><\/div><\/div><\/section>\n<\/div>","protected":false},"excerpt":{"rendered":"","protected":false},"author":58,"featured_media":0,"parent":700301,"menu_order":1,"comment_status":"closed","ping_status":"closed","template":"","meta":{"cg_dt_proposed_to":[],"cg_seo_hreflang_relations":"[]","cg_seo_canonical_relation":"","cg_seo_hreflang_x_default_relation":"{\"uuid\":\"718a600c-3a53-4653-893d-ee88d32ee03b\",\"blogId\":\"\",\"domain\":\"\",\"sitePath\":\"\",\"postLink\":\"\",\"postId\":null,\"isSaved\":true,\"isCrossLink\":false,\"hasCrossLink\":false}","cg_dt_approved_content":true,"cg_dt_mandatory_content":false,"cg_dt_notes":"","cg_dg_source_changed":false,"cg_dt_link_disabled":false,"_yoast_wpseo_primary_brand":"","footnotes":"","featured_focal_points":"{\"x\":0.49,\"y\":0.31}","partner_card_description":"","gsap_animation":0},"brand":[],"partner_type":[],"service":[],"industry":[],"partners":[],"page-type":[],"content-group":[],"class_list":["post-701913","page","type-page","status-publish","hentry"],"yoast_head":"<!-- This site is optimized with the Yoast SEO Premium plugin v22.8 (Yoast SEO v22.8) - https:\/\/yoast.com\/wordpress\/plugins\/seo\/ -->\n<title>Informacje prasowe | Capgemini Polska<\/title>\n<meta name=\"description\" content=\"Witaj w naszym newsroomie \u2013 znajdziesz tu zar\u00f3wno najnowsze, jak i archiwalne informacje ze \u015bwiata Capgemini.\" \/>\n<meta name=\"robots\" content=\"index, follow, max-snippet:-1, max-image-preview:large, max-video-preview:-1\" \/>\n<link rel=\"canonical\" href=\"https:\/\/www.capgemini.com\/pl-pl\/aktualnosci\/informacje-prasowe\/\" \/>\n<meta property=\"og:locale\" content=\"pl_PL\" \/>\n<meta property=\"og:type\" content=\"article\" \/>\n<meta property=\"og:title\" content=\"Informacje prasowe\" \/>\n<meta property=\"og:description\" content=\"Witaj w naszym newsroomie \u2013 znajdziesz tu zar\u00f3wno najnowsze, jak i archiwalne informacje ze \u015bwiata Capgemini.\" \/>\n<meta property=\"og:url\" content=\"https:\/\/www.capgemini.com\/pl-pl\/aktualnosci\/informacje-prasowe\/\" \/>\n<meta property=\"og:site_name\" content=\"Capgemini Poland\" \/>\n<meta property=\"article:modified_time\" content=\"2026-02-19T12:21:57+00:00\" \/>\n<meta property=\"og:image\" content=\"https:\/\/www.capgemini.com\/wp-content\/uploads\/2022\/05\/Capgemini_News_Press-Releases.jpg\" \/>\n<meta name=\"twitter:card\" content=\"summary_large_image\" \/>\n<meta name=\"twitter:label1\" content=\"Est. reading time\" \/>\n\t<meta name=\"twitter:data1\" content=\"1 minute\" \/>\n<script type=\"application\/ld+json\" class=\"yoast-schema-graph\">{\"@context\":\"https:\/\/schema.org\",\"@graph\":[{\"@type\":\"WebPage\",\"@id\":\"https:\/\/www.capgemini.com\/pl-pl\/aktualnosci\/informacje-prasowe\/\",\"url\":\"https:\/\/www.capgemini.com\/pl-pl\/aktualnosci\/informacje-prasowe\/\",\"name\":\"Informacje prasowe | Capgemini Polska\",\"isPartOf\":{\"@id\":\"https:\/\/www.capgemini.com\/pl-pl\/#website\"},\"primaryImageOfPage\":{\"@id\":\"https:\/\/www.capgemini.com\/pl-pl\/aktualnosci\/informacje-prasowe\/#primaryimage\"},\"image\":{\"@id\":\"https:\/\/www.capgemini.com\/pl-pl\/aktualnosci\/informacje-prasowe\/#primaryimage\"},\"thumbnailUrl\":\"https:\/\/www.capgemini.com\/wp-content\/uploads\/2022\/05\/Capgemini_News_Press-Releases.jpg\",\"datePublished\":\"2023-02-02T16:36:36+00:00\",\"dateModified\":\"2026-02-19T12:21:57+00:00\",\"description\":\"Witaj w naszym newsroomie \u2013 znajdziesz tu zar\u00f3wno najnowsze, jak i archiwalne informacje ze \u015bwiata Capgemini.\",\"breadcrumb\":{\"@id\":\"https:\/\/www.capgemini.com\/pl-pl\/aktualnosci\/informacje-prasowe\/#breadcrumb\"},\"inLanguage\":\"pl-PL\",\"potentialAction\":[{\"@type\":\"ReadAction\",\"target\":[\"https:\/\/www.capgemini.com\/pl-pl\/aktualnosci\/informacje-prasowe\/\"]}]},{\"@type\":\"ImageObject\",\"inLanguage\":\"pl-PL\",\"@id\":\"https:\/\/www.capgemini.com\/pl-pl\/aktualnosci\/informacje-prasowe\/#primaryimage\",\"url\":\"https:\/\/www.capgemini.com\/wp-content\/uploads\/2022\/05\/Capgemini_News_Press-Releases.jpg\",\"contentUrl\":\"https:\/\/www.capgemini.com\/wp-content\/uploads\/2022\/05\/Capgemini_News_Press-Releases.jpg\"},{\"@type\":\"BreadcrumbList\",\"@id\":\"https:\/\/www.capgemini.com\/pl-pl\/aktualnosci\/informacje-prasowe\/#breadcrumb\",\"itemListElement\":[{\"@type\":\"ListItem\",\"position\":1,\"name\":\"Home\",\"item\":\"https:\/\/www.capgemini.com\/pl-pl\/\"},{\"@type\":\"ListItem\",\"position\":2,\"name\":\"Aktualno\u015bci\",\"item\":\"https:\/\/www.capgemini.com\/pl-pl\/aktualnosci\/\"},{\"@type\":\"ListItem\",\"position\":3,\"name\":\"Informacje prasowe\"}]},{\"@type\":\"WebSite\",\"@id\":\"https:\/\/www.capgemini.com\/pl-pl\/#website\",\"url\":\"https:\/\/www.capgemini.com\/pl-pl\/\",\"name\":\"Capgemini Polska\",\"description\":\"Capgemini\",\"potentialAction\":[{\"@type\":\"SearchAction\",\"target\":{\"@type\":\"EntryPoint\",\"urlTemplate\":\"https:\/\/www.capgemini.com\/pl-pl\/?s={search_term_string}\"},\"query-input\":\"required name=search_term_string\"}],\"inLanguage\":\"pl-PL\"}]}<\/script>\n<!-- \/ Yoast SEO Premium plugin. -->","yoast_head_json":{"title":"Informacje prasowe | Capgemini Polska","description":"Witaj w naszym newsroomie \u2013 znajdziesz tu zar\u00f3wno najnowsze, jak i archiwalne informacje ze \u015bwiata Capgemini.","robots":{"index":"index","follow":"follow","max-snippet":"max-snippet:-1","max-image-preview":"max-image-preview:large","max-video-preview":"max-video-preview:-1"},"canonical":"https:\/\/www.capgemini.com\/pl-pl\/aktualnosci\/informacje-prasowe\/","og_locale":"pl_PL","og_type":"article","og_title":"Informacje prasowe","og_description":"Witaj w naszym newsroomie \u2013 znajdziesz tu zar\u00f3wno najnowsze, jak i archiwalne informacje ze \u015bwiata Capgemini.","og_url":"https:\/\/www.capgemini.com\/pl-pl\/aktualnosci\/informacje-prasowe\/","og_site_name":"Capgemini Poland","article_modified_time":"2026-02-19T12:21:57+00:00","og_image":[{"url":"https:\/\/www.capgemini.com\/wp-content\/uploads\/2022\/05\/Capgemini_News_Press-Releases.jpg"}],"twitter_card":"summary_large_image","twitter_misc":{"Est. reading time":"1 minute"},"schema":{"@context":"https:\/\/schema.org","@graph":[{"@type":"WebPage","@id":"https:\/\/www.capgemini.com\/pl-pl\/aktualnosci\/informacje-prasowe\/","url":"https:\/\/www.capgemini.com\/pl-pl\/aktualnosci\/informacje-prasowe\/","name":"Informacje prasowe | Capgemini Polska","isPartOf":{"@id":"https:\/\/www.capgemini.com\/pl-pl\/#website"},"primaryImageOfPage":{"@id":"https:\/\/www.capgemini.com\/pl-pl\/aktualnosci\/informacje-prasowe\/#primaryimage"},"image":{"@id":"https:\/\/www.capgemini.com\/pl-pl\/aktualnosci\/informacje-prasowe\/#primaryimage"},"thumbnailUrl":"https:\/\/www.capgemini.com\/wp-content\/uploads\/2022\/05\/Capgemini_News_Press-Releases.jpg","datePublished":"2023-02-02T16:36:36+00:00","dateModified":"2026-02-19T12:21:57+00:00","description":"Witaj w naszym newsroomie \u2013 znajdziesz tu zar\u00f3wno najnowsze, jak i archiwalne informacje ze \u015bwiata Capgemini.","breadcrumb":{"@id":"https:\/\/www.capgemini.com\/pl-pl\/aktualnosci\/informacje-prasowe\/#breadcrumb"},"inLanguage":"pl-PL","potentialAction":[{"@type":"ReadAction","target":["https:\/\/www.capgemini.com\/pl-pl\/aktualnosci\/informacje-prasowe\/"]}]},{"@type":"ImageObject","inLanguage":"pl-PL","@id":"https:\/\/www.capgemini.com\/pl-pl\/aktualnosci\/informacje-prasowe\/#primaryimage","url":"https:\/\/www.capgemini.com\/wp-content\/uploads\/2022\/05\/Capgemini_News_Press-Releases.jpg","contentUrl":"https:\/\/www.capgemini.com\/wp-content\/uploads\/2022\/05\/Capgemini_News_Press-Releases.jpg"},{"@type":"BreadcrumbList","@id":"https:\/\/www.capgemini.com\/pl-pl\/aktualnosci\/informacje-prasowe\/#breadcrumb","itemListElement":[{"@type":"ListItem","position":1,"name":"Home","item":"https:\/\/www.capgemini.com\/pl-pl\/"},{"@type":"ListItem","position":2,"name":"Aktualno\u015bci","item":"https:\/\/www.capgemini.com\/pl-pl\/aktualnosci\/"},{"@type":"ListItem","position":3,"name":"Informacje prasowe"}]},{"@type":"WebSite","@id":"https:\/\/www.capgemini.com\/pl-pl\/#website","url":"https:\/\/www.capgemini.com\/pl-pl\/","name":"Capgemini Polska","description":"Capgemini","potentialAction":[{"@type":"SearchAction","target":{"@type":"EntryPoint","urlTemplate":"https:\/\/www.capgemini.com\/pl-pl\/?s={search_term_string}"},"query-input":"required name=search_term_string"}],"inLanguage":"pl-PL"}]}},"brand_term":[],"parsely":{"version":"1.1.0","canonical_url":"https:\/\/capgemini.com\/pl-pl\/aktualnosci\/informacje-prasowe\/","smart_links":{"inbound":0,"outbound":0},"traffic_boost_suggestions_count":0,"meta":{"@context":"https:\/\/schema.org","@type":"WebPage","headline":"Informacje prasowe","url":"https:\/\/www.capgemini.com\/pl-pl\/aktualnosci\/informacje-prasowe\/","mainEntityOfPage":{"@type":"WebPage","@id":"https:\/\/www.capgemini.com\/pl-pl\/aktualnosci\/informacje-prasowe\/"},"thumbnailUrl":"","image":{"@type":"ImageObject","url":""},"articleSection":"Uncategorized","author":[],"creator":[],"publisher":{"@type":"Organization","name":"Capgemini Poland","logo":""},"keywords":[],"dateCreated":"2023-02-02T16:36:36Z","datePublished":"2023-02-02T16:36:36Z","dateModified":"2026-02-19T12:21:57Z"},"rendered":"<meta name=\"parsely-title\" content=\"Informacje prasowe\" \/>\n<meta name=\"parsely-link\" content=\"https:\/\/www.capgemini.com\/pl-pl\/aktualnosci\/informacje-prasowe\/\" \/>\n<meta name=\"parsely-type\" content=\"index\" \/>\n<meta name=\"parsely-pub-date\" content=\"2023-02-02T16:36:36Z\" \/>\n<meta name=\"parsely-section\" content=\"Uncategorized\" \/>","tracker_url":"https:\/\/cdn.parsely.com\/keys\/capgemini.com\/p.js"},"archive_status":false,"featured_image_src":"https:\/\/www.capgemini.com\/pl-pl\/wp-content\/themes\/capgemini2025\/assets\/images\/mockup.png","featured_image_alt":false,"jetpack_sharing_enabled":true,"distributor_meta":false,"distributor_terms":false,"distributor_media":false,"distributor_original_site_name":"Capgemini Poland","distributor_original_site_url":"https:\/\/www.capgemini.com\/pl-pl","push-errors":false,"_links":{"self":[{"href":"https:\/\/www.capgemini.com\/pl-pl\/wp-json\/wp\/v2\/pages\/701913","targetHints":{"allow":["GET"]}}],"collection":[{"href":"https:\/\/www.capgemini.com\/pl-pl\/wp-json\/wp\/v2\/pages"}],"about":[{"href":"https:\/\/www.capgemini.com\/pl-pl\/wp-json\/wp\/v2\/types\/page"}],"author":[{"embeddable":true,"href":"https:\/\/www.capgemini.com\/pl-pl\/wp-json\/wp\/v2\/users\/58"}],"replies":[{"embeddable":true,"href":"https:\/\/www.capgemini.com\/pl-pl\/wp-json\/wp\/v2\/comments?post=701913"}],"version-history":[{"count":17,"href":"https:\/\/www.capgemini.com\/pl-pl\/wp-json\/wp\/v2\/pages\/701913\/revisions"}],"predecessor-version":[{"id":915089,"href":"https:\/\/www.capgemini.com\/pl-pl\/wp-json\/wp\/v2\/pages\/701913\/revisions\/915089"}],"up":[{"embeddable":true,"href":"https:\/\/www.capgemini.com\/pl-pl\/wp-json\/wp\/v2\/pages\/700301"}],"wp:attachment":[{"href":"https:\/\/www.capgemini.com\/pl-pl\/wp-json\/wp\/v2\/media?parent=701913"}],"wp:term":[{"taxonomy":"brand","embeddable":true,"href":"https:\/\/www.capgemini.com\/pl-pl\/wp-json\/wp\/v2\/brand?post=701913"},{"taxonomy":"partner_type","embeddable":true,"href":"https:\/\/www.capgemini.com\/pl-pl\/wp-json\/wp\/v2\/partner_type?post=701913"},{"taxonomy":"service","embeddable":true,"href":"https:\/\/www.capgemini.com\/pl-pl\/wp-json\/wp\/v2\/service?post=701913"},{"taxonomy":"industry","embeddable":true,"href":"https:\/\/www.capgemini.com\/pl-pl\/wp-json\/wp\/v2\/industry?post=701913"},{"taxonomy":"partners","embeddable":true,"href":"https:\/\/www.capgemini.com\/pl-pl\/wp-json\/wp\/v2\/partners?post=701913"},{"taxonomy":"page-type","embeddable":true,"href":"https:\/\/www.capgemini.com\/pl-pl\/wp-json\/wp\/v2\/page-type?post=701913"},{"taxonomy":"content-group","embeddable":true,"href":"https:\/\/www.capgemini.com\/pl-pl\/wp-json\/wp\/v2\/content-group?post=701913"}],"curies":[{"name":"wp","href":"https:\/\/api.w.org\/{rel}","templated":true}]}}