{"id":701762,"date":"2023-02-02T08:18:17","date_gmt":"2023-02-02T08:18:17","guid":{"rendered":"https:\/\/www.capgemini.com\/pl-pl\/?page_id=701762"},"modified":"2025-08-29T12:31:07","modified_gmt":"2025-08-29T12:31:07","slug":"kariera-twoja-kariera-pierwsza-praca-praktyki-opole-program-praktyk-letnich","status":"publish","type":"page","link":"https:\/\/www.capgemini.com\/pl-pl\/kariera\/twoja-kariera\/pierwsza-praca\/praktyki-opole-program-praktyk-letnich\/","title":{"rendered":"Program praktyk letnich w Opolu"},"content":{"rendered":"\n<div class=\"wp-block-cg-blocks-hero-picture-card undefined  heroPictureCard\"><div class=\"heroPictureCardBgs\"><picture><source srcset=\"https:\/\/www.capgemini.com\/pl-pl\/wp-content\/uploads\/sites\/27\/2023\/02\/Projekt-bez-tytulu-6.png?w=2880&amp;quality=70 1x, https:\/\/www.capgemini.com\/pl-pl\/wp-content\/uploads\/sites\/27\/2023\/02\/Projekt-bez-tytulu-6.png?w=2880&amp;quality=70 2x\" media=\"(min-width: 1500px)\"\/><source srcset=\"https:\/\/www.capgemini.com\/pl-pl\/wp-content\/uploads\/sites\/27\/2023\/02\/Projekt-bez-tytulu-6.png?w=1440&amp;quality=70 1x, https:\/\/www.capgemini.com\/pl-pl\/wp-content\/uploads\/sites\/27\/2023\/02\/Projekt-bez-tytulu-6.png?w=2880&amp;quality=70 2x\" media=\"(min-width: 992px)\"\/><source srcset=\"https:\/\/www.capgemini.com\/pl-pl\/wp-content\/uploads\/sites\/27\/2023\/02\/Projekt-bez-tytulu-6.png?w=1024&amp;quality=70 1x, https:\/\/www.capgemini.com\/pl-pl\/wp-content\/uploads\/sites\/27\/2023\/02\/Projekt-bez-tytulu-6.png?w=1024&amp;quality=70 2x\" media=\"(min-width: 768px)\"\/><source srcset=\"https:\/\/www.capgemini.com\/pl-pl\/wp-content\/uploads\/sites\/27\/2023\/02\/Projekt-bez-tytulu-6.png?w=768&amp;quality=70 1x, https:\/\/www.capgemini.com\/pl-pl\/wp-content\/uploads\/sites\/27\/2023\/02\/Projekt-bez-tytulu-6.png?w=768&amp;quality=70 2x\" media=\"(min-width: 0)\"\/><img decoding=\"async\" src=\"https:\/\/www.capgemini.com\/pl-pl\/wp-content\/uploads\/sites\/27\/2023\/02\/Projekt-bez-tytulu-6.png\" class=\"desktopImage\" alt=\"\" style=\"object-fit:cover;object-position:50% 50%\" loading=\"eager\"\/><\/picture><picture><source srcset=\"https:\/\/www.capgemini.com\/pl-pl\/wp-content\/uploads\/sites\/27\/2023\/02\/Projekt-bez-tytulu-6.png?w=2880&amp;quality=70 1x, https:\/\/www.capgemini.com\/pl-pl\/wp-content\/uploads\/sites\/27\/2023\/02\/Projekt-bez-tytulu-6.png?w=2880&amp;quality=70 2x\" media=\"(min-width: 1500px)\"\/><source srcset=\"https:\/\/www.capgemini.com\/pl-pl\/wp-content\/uploads\/sites\/27\/2023\/02\/Projekt-bez-tytulu-6.png?w=1440&amp;quality=70 1x, https:\/\/www.capgemini.com\/pl-pl\/wp-content\/uploads\/sites\/27\/2023\/02\/Projekt-bez-tytulu-6.png?w=2880&amp;quality=70 2x\" media=\"(min-width: 992px)\"\/><source srcset=\"https:\/\/www.capgemini.com\/pl-pl\/wp-content\/uploads\/sites\/27\/2023\/02\/Projekt-bez-tytulu-6.png?w=1024&amp;quality=70 1x, https:\/\/www.capgemini.com\/pl-pl\/wp-content\/uploads\/sites\/27\/2023\/02\/Projekt-bez-tytulu-6.png?w=1024&amp;quality=70 2x\" media=\"(min-width: 768px)\"\/><source srcset=\"https:\/\/www.capgemini.com\/pl-pl\/wp-content\/uploads\/sites\/27\/2023\/02\/Projekt-bez-tytulu-6.png?w=768&amp;quality=70 1x, https:\/\/www.capgemini.com\/pl-pl\/wp-content\/uploads\/sites\/27\/2023\/02\/Projekt-bez-tytulu-6.png?w=768&amp;quality=70 2x\" media=\"(min-width: 0)\"\/><img decoding=\"async\" src=\"https:\/\/www.capgemini.com\/pl-pl\/wp-content\/uploads\/sites\/27\/2023\/02\/Projekt-bez-tytulu-6.png\" class=\"mobileImage\" alt=\"\" style=\"object-fit:cover;object-position:50% 50%\" loading=\"eager\"\/><\/picture><\/div><div class=\"heroPictureCardHeaderShape\"><\/div><div class=\"container\"><div class=\"row\"><div class=\"col-md-8 col-lg-6\"><div class=\"heroPictureCardBox\"><div class=\"heroPictureCardBoxTitle\"><h1 data-maxlength=\"144\">Program praktyk letnich w opolu<\/h1><\/div><\/div><\/div><\/div><\/div><div class=\"small-device\"><div class=\"brandLogoWrapper\"> <\/div><\/div><\/div>\n\n\n\n<section class=\"wp-block-cg-blocks-group undefined section section--article-content\"><div class=\"article-main-content\"><div class=\"container\"><div class=\"row\"><div class=\"col-12 col-md-1\"><nav class=\"article-social\"><ul class=\"social-nav\"><li class=\"ip-order-fb\"><a href=\"https:\/\/www.facebook.com\/sharer\/sharer.php?u=https:\/\/www.capgemini.com\/pl-pl\/kariera-twoja-kariera-pierwsza-praca-praktyki-opole-program-praktyk-letnich\/\" target=\"_blank\" rel=\"noopener noreferrer\" title=\"opens in a new window\"><i aria-hidden=\"true\" class=\"icon-fb\"><\/i><span class=\"sr-only\">Facebook<\/span><\/a><\/li><li class=\"ip-order-tw\"><a href=\"https:\/\/twitter.com\/intent\/tweet?url=https:\/\/www.capgemini.com\/pl-pl\/kariera-twoja-kariera-pierwsza-praca-praktyki-opole-program-praktyk-letnich\/&amp;text=Program%20praktyk%20letnich%20w%20Opolu\" target=\"_blank\" rel=\"noopener noreferrer\" title=\"opens in a new window\"><i aria-hidden=\"true\" class=\"icon-tw\"><\/i><span class=\"sr-only\">Twitter<\/span><\/a><\/li><li class=\"ip-order-li\"><a href=\"https:\/\/www.linkedin.com\/sharing\/share-offsite\/?url=https:\/\/www.capgemini.com\/pl-pl\/kariera-twoja-kariera-pierwsza-praca-praktyki-opole-program-praktyk-letnich\/&amp;text=Program%20praktyk%20letnich%20w%20Opolu\" target=\"_blank\" rel=\"noopener noreferrer\" title=\"opens in a new window\"><i aria-hidden=\"true\" class=\"icon-li\"><\/i><span class=\"sr-only\">Linkedin<\/span><\/a><\/li><\/ul><\/nav><\/div><div class=\"col-12 col-md-11 col-lg-10\"><div class=\"article-text article-quote-text\">\n<h4 class=\"wp-block-heading\" id=\"h-wakacje-to-doskonaly-moment-na-rozpoczecie-kariery-zawodowej\">Wakacje to doskona\u0142y moment na rozpocz\u0119cie kariery zawodowej!<\/h4>\n\n\n\n<p><br>Do udzia\u0142u w Programie Praktyk Letnich zapraszamy student\u00f3w III, IV i V roku sudi\u00f3w, kt\u00f3rzy chc\u0105 zdoby\u0107 praktyczn\u0105 wiedz\u0119 i cenne do\u015bwiadczenie pracuj\u0105c w gronie najlepszych ekspert\u00f3w i profesjonalist\u00f3w. Podczas 3 \u2013 miesi\u0119cznych p\u0142atnych praktyk studenci pracuj\u0105 w jednym z zespo\u0142\u00f3w realizuj\u0105cych projekty dla klient\u00f3w firmy w obszarach: finanse, ksi\u0119gowo\u015b\u0107, obs\u0142uga klienta czy IT.<br>Letnie Praktyki w Capgemini<br>3 miesi\u0105ce p\u0142atnych praktyk\u00a0<strong>dla student\u00f3w III, IV oraz V roku studi\u00f3w<\/strong><br><strong>Miejsce pracy: Opole<\/strong><br><strong>Czas trwania praktyk: lipiec \u2013 wrzesie\u0144<\/strong><br><br>Mo\u017cliwo\u015b\u0107 przed\u0142u\u017cenia wsp\u00f3\u0142pracy po zako\u0144czeniu programu<br>Dedykowane szkolenia dla wszystkich praktykant\u00f3w<br>Dzia\u0142y, do kt\u00f3rych rekrutujemy: Obs\u0142uga klienta, IT<br>Co mo\u017cemy Ci zaoferowa\u0107?<br>P\u0142atne praktyki od lipca do wrze\u015bnia<br>Zdob\u0119dziesz do\u015bwiadczenie w mi\u0119dzynarodowej firmie<br>Wykorzystasz swoje umiej\u0119tno\u015bci j\u0119zykowe w codziennej pracy<br>Poznasz tajniki pracy zespo\u0142owej<br>Zdob\u0119dziesz praktyczne umiej\u0119tno\u015bci w zakresie zarz\u0105dzania czasem i priorytetami<br>We\u017amiesz udzia\u0142 w ciekawych szkoleniach zdobywaj\u0105c cenne kompetencje<br>Otrzymasz wsparcie opiekuna praktyk<\/p>\n\n\n\n<p><\/p>\n<\/div><\/div><\/div><\/div><\/div><\/section>\n\n\n\n<p><\/p>\n","protected":false},"excerpt":{"rendered":"","protected":false},"author":413,"featured_media":0,"parent":0,"menu_order":0,"comment_status":"closed","ping_status":"closed","template":"","meta":{"cg_dt_proposed_to":[],"cg_seo_hreflang_relations":"[]","cg_seo_canonical_relation":"","cg_seo_hreflang_x_default_relation":"{\"uuid\":\"12dd177b-ffc4-4bba-aff6-f241ed3d8911\",\"blogId\":\"\",\"domain\":\"\",\"sitePath\":\"\",\"postLink\":\"\",\"postId\":null,\"isSaved\":false,\"isCrossLink\":false,\"hasCrossLink\":false}","cg_dt_approved_content":true,"cg_dt_mandatory_content":false,"cg_dt_notes":"","cg_dg_source_changed":false,"cg_dt_link_disabled":false,"_yoast_wpseo_primary_brand":"","footnotes":"","featured_focal_points":"","partner_card_description":"","gsap_animation":0},"brand":[],"partner_type":[],"service":[],"industry":[],"partners":[],"page-type":[],"content-group":[],"class_list":["post-701762","page","type-page","status-publish","hentry"],"yoast_head":"<!-- This site is optimized with the Yoast SEO Premium plugin v22.8 (Yoast SEO v22.8) - https:\/\/yoast.com\/wordpress\/plugins\/seo\/ -->\n<title>Program praktyk letnich w Opolu - Capgemini Poland<\/title>\n<meta name=\"description\" content=\"Wakacje to doskona\u0142y moment na rozpocz\u0119cie kariery zawodowej!\" \/>\n<meta name=\"robots\" content=\"index, follow, max-snippet:-1, max-image-preview:large, max-video-preview:-1\" \/>\n<link rel=\"canonical\" href=\"https:\/\/www.capgemini.com\/pl-pl\/kariera\/twoja-kariera\/pierwsza-praca\/praktyki-opole-program-praktyk-letnich\/\" \/>\n<meta property=\"og:locale\" content=\"pl_PL\" \/>\n<meta property=\"og:type\" content=\"article\" \/>\n<meta property=\"og:title\" content=\"Program praktyk letnich w Opolu\" \/>\n<meta property=\"og:description\" content=\"Wakacje to doskona\u0142y moment na rozpocz\u0119cie kariery zawodowej!\" \/>\n<meta property=\"og:url\" content=\"https:\/\/www.capgemini.com\/pl-pl\/kariera\/twoja-kariera\/pierwsza-praca\/praktyki-opole-program-praktyk-letnich\/\" \/>\n<meta property=\"og:site_name\" content=\"Capgemini Poland\" \/>\n<meta property=\"article:modified_time\" content=\"2025-08-29T12:31:07+00:00\" \/>\n<meta property=\"og:image\" content=\"https:\/\/www.capgemini.com\/pl-pl\/wp-content\/uploads\/sites\/27\/2023\/02\/Projekt-bez-tytulu-6.png\" \/>\n<meta name=\"twitter:card\" content=\"summary_large_image\" \/>\n<meta name=\"twitter:label1\" content=\"Est. reading time\" \/>\n\t<meta name=\"twitter:data1\" content=\"2 minutes\" \/>\n<script type=\"application\/ld+json\" class=\"yoast-schema-graph\">{\"@context\":\"https:\/\/schema.org\",\"@graph\":[{\"@type\":\"WebPage\",\"@id\":\"https:\/\/www.capgemini.com\/pl-pl\/kariera\/twoja-kariera\/pierwsza-praca\/praktyki-opole-program-praktyk-letnich\/\",\"url\":\"https:\/\/www.capgemini.com\/pl-pl\/kariera\/twoja-kariera\/pierwsza-praca\/praktyki-opole-program-praktyk-letnich\/\",\"name\":\"Program praktyk letnich w Opolu - Capgemini Poland\",\"isPartOf\":{\"@id\":\"https:\/\/www.capgemini.com\/pl-pl\/#website\"},\"primaryImageOfPage\":{\"@id\":\"https:\/\/www.capgemini.com\/pl-pl\/kariera\/twoja-kariera\/pierwsza-praca\/praktyki-opole-program-praktyk-letnich\/#primaryimage\"},\"image\":{\"@id\":\"https:\/\/www.capgemini.com\/pl-pl\/kariera\/twoja-kariera\/pierwsza-praca\/praktyki-opole-program-praktyk-letnich\/#primaryimage\"},\"thumbnailUrl\":\"https:\/\/www.capgemini.com\/pl-pl\/wp-content\/uploads\/sites\/27\/2023\/02\/Projekt-bez-tytulu-6.png\",\"datePublished\":\"2023-02-02T08:18:17+00:00\",\"dateModified\":\"2025-08-29T12:31:07+00:00\",\"description\":\"Wakacje to doskona\u0142y moment na rozpocz\u0119cie kariery zawodowej!\",\"breadcrumb\":{\"@id\":\"https:\/\/www.capgemini.com\/pl-pl\/kariera\/twoja-kariera\/pierwsza-praca\/praktyki-opole-program-praktyk-letnich\/#breadcrumb\"},\"inLanguage\":\"pl-PL\",\"potentialAction\":[{\"@type\":\"ReadAction\",\"target\":[\"https:\/\/www.capgemini.com\/pl-pl\/kariera\/twoja-kariera\/pierwsza-praca\/praktyki-opole-program-praktyk-letnich\/\"]}]},{\"@type\":\"ImageObject\",\"inLanguage\":\"pl-PL\",\"@id\":\"https:\/\/www.capgemini.com\/pl-pl\/kariera\/twoja-kariera\/pierwsza-praca\/praktyki-opole-program-praktyk-letnich\/#primaryimage\",\"url\":\"https:\/\/www.capgemini.com\/pl-pl\/wp-content\/uploads\/sites\/27\/2023\/02\/Projekt-bez-tytulu-6.png\",\"contentUrl\":\"https:\/\/www.capgemini.com\/pl-pl\/wp-content\/uploads\/sites\/27\/2023\/02\/Projekt-bez-tytulu-6.png\"},{\"@type\":\"BreadcrumbList\",\"@id\":\"https:\/\/www.capgemini.com\/pl-pl\/kariera\/twoja-kariera\/pierwsza-praca\/praktyki-opole-program-praktyk-letnich\/#breadcrumb\",\"itemListElement\":[{\"@type\":\"ListItem\",\"position\":1,\"name\":\"Home\",\"item\":\"https:\/\/www.capgemini.com\/pl-pl\/\"},{\"@type\":\"ListItem\",\"position\":2,\"name\":\"Program praktyk letnich w Opolu\"}]},{\"@type\":\"WebSite\",\"@id\":\"https:\/\/www.capgemini.com\/pl-pl\/#website\",\"url\":\"https:\/\/www.capgemini.com\/pl-pl\/\",\"name\":\"Capgemini Polska\",\"description\":\"Capgemini\",\"potentialAction\":[{\"@type\":\"SearchAction\",\"target\":{\"@type\":\"EntryPoint\",\"urlTemplate\":\"https:\/\/www.capgemini.com\/pl-pl\/?s={search_term_string}\"},\"query-input\":\"required name=search_term_string\"}],\"inLanguage\":\"pl-PL\"}]}<\/script>\n<!-- \/ Yoast SEO Premium plugin. -->","yoast_head_json":{"title":"Program praktyk letnich w Opolu - Capgemini Poland","description":"Wakacje to doskona\u0142y moment na rozpocz\u0119cie kariery zawodowej!","robots":{"index":"index","follow":"follow","max-snippet":"max-snippet:-1","max-image-preview":"max-image-preview:large","max-video-preview":"max-video-preview:-1"},"canonical":"https:\/\/www.capgemini.com\/pl-pl\/kariera\/twoja-kariera\/pierwsza-praca\/praktyki-opole-program-praktyk-letnich\/","og_locale":"pl_PL","og_type":"article","og_title":"Program praktyk letnich w Opolu","og_description":"Wakacje to doskona\u0142y moment na rozpocz\u0119cie kariery zawodowej!","og_url":"https:\/\/www.capgemini.com\/pl-pl\/kariera\/twoja-kariera\/pierwsza-praca\/praktyki-opole-program-praktyk-letnich\/","og_site_name":"Capgemini Poland","article_modified_time":"2025-08-29T12:31:07+00:00","og_image":[{"url":"https:\/\/www.capgemini.com\/pl-pl\/wp-content\/uploads\/sites\/27\/2023\/02\/Projekt-bez-tytulu-6.png"}],"twitter_card":"summary_large_image","twitter_misc":{"Est. reading time":"2 minutes"},"schema":{"@context":"https:\/\/schema.org","@graph":[{"@type":"WebPage","@id":"https:\/\/www.capgemini.com\/pl-pl\/kariera\/twoja-kariera\/pierwsza-praca\/praktyki-opole-program-praktyk-letnich\/","url":"https:\/\/www.capgemini.com\/pl-pl\/kariera\/twoja-kariera\/pierwsza-praca\/praktyki-opole-program-praktyk-letnich\/","name":"Program praktyk letnich w Opolu - Capgemini Poland","isPartOf":{"@id":"https:\/\/www.capgemini.com\/pl-pl\/#website"},"primaryImageOfPage":{"@id":"https:\/\/www.capgemini.com\/pl-pl\/kariera\/twoja-kariera\/pierwsza-praca\/praktyki-opole-program-praktyk-letnich\/#primaryimage"},"image":{"@id":"https:\/\/www.capgemini.com\/pl-pl\/kariera\/twoja-kariera\/pierwsza-praca\/praktyki-opole-program-praktyk-letnich\/#primaryimage"},"thumbnailUrl":"https:\/\/www.capgemini.com\/pl-pl\/wp-content\/uploads\/sites\/27\/2023\/02\/Projekt-bez-tytulu-6.png","datePublished":"2023-02-02T08:18:17+00:00","dateModified":"2025-08-29T12:31:07+00:00","description":"Wakacje to doskona\u0142y moment na rozpocz\u0119cie kariery zawodowej!","breadcrumb":{"@id":"https:\/\/www.capgemini.com\/pl-pl\/kariera\/twoja-kariera\/pierwsza-praca\/praktyki-opole-program-praktyk-letnich\/#breadcrumb"},"inLanguage":"pl-PL","potentialAction":[{"@type":"ReadAction","target":["https:\/\/www.capgemini.com\/pl-pl\/kariera\/twoja-kariera\/pierwsza-praca\/praktyki-opole-program-praktyk-letnich\/"]}]},{"@type":"ImageObject","inLanguage":"pl-PL","@id":"https:\/\/www.capgemini.com\/pl-pl\/kariera\/twoja-kariera\/pierwsza-praca\/praktyki-opole-program-praktyk-letnich\/#primaryimage","url":"https:\/\/www.capgemini.com\/pl-pl\/wp-content\/uploads\/sites\/27\/2023\/02\/Projekt-bez-tytulu-6.png","contentUrl":"https:\/\/www.capgemini.com\/pl-pl\/wp-content\/uploads\/sites\/27\/2023\/02\/Projekt-bez-tytulu-6.png"},{"@type":"BreadcrumbList","@id":"https:\/\/www.capgemini.com\/pl-pl\/kariera\/twoja-kariera\/pierwsza-praca\/praktyki-opole-program-praktyk-letnich\/#breadcrumb","itemListElement":[{"@type":"ListItem","position":1,"name":"Home","item":"https:\/\/www.capgemini.com\/pl-pl\/"},{"@type":"ListItem","position":2,"name":"Program praktyk letnich w Opolu"}]},{"@type":"WebSite","@id":"https:\/\/www.capgemini.com\/pl-pl\/#website","url":"https:\/\/www.capgemini.com\/pl-pl\/","name":"Capgemini Polska","description":"Capgemini","potentialAction":[{"@type":"SearchAction","target":{"@type":"EntryPoint","urlTemplate":"https:\/\/www.capgemini.com\/pl-pl\/?s={search_term_string}"},"query-input":"required name=search_term_string"}],"inLanguage":"pl-PL"}]}},"brand_term":[],"parsely":{"version":"1.1.0","canonical_url":"https:\/\/capgemini.com\/pl-pl\/kariera\/twoja-kariera\/pierwsza-praca\/praktyki-opole-program-praktyk-letnich\/","smart_links":{"inbound":0,"outbound":0},"traffic_boost_suggestions_count":0,"meta":{"@context":"https:\/\/schema.org","@type":"WebPage","headline":"Program praktyk letnich w Opolu","url":"https:\/\/www.capgemini.com\/pl-pl\/kariera\/twoja-kariera\/pierwsza-praca\/praktyki-opole-program-praktyk-letnich\/","mainEntityOfPage":{"@type":"WebPage","@id":"https:\/\/www.capgemini.com\/pl-pl\/kariera\/twoja-kariera\/pierwsza-praca\/praktyki-opole-program-praktyk-letnich\/"},"thumbnailUrl":"","image":{"@type":"ImageObject","url":""},"articleSection":"Uncategorized","author":[],"creator":[],"publisher":{"@type":"Organization","name":"Capgemini Poland","logo":""},"keywords":[],"dateCreated":"2023-02-02T08:18:17Z","datePublished":"2023-02-02T08:18:17Z","dateModified":"2025-08-29T12:31:07Z"},"rendered":"<meta name=\"parsely-title\" content=\"Program praktyk letnich w Opolu\" \/>\n<meta name=\"parsely-link\" content=\"https:\/\/www.capgemini.com\/pl-pl\/kariera\/twoja-kariera\/pierwsza-praca\/praktyki-opole-program-praktyk-letnich\/\" \/>\n<meta name=\"parsely-type\" content=\"index\" \/>\n<meta name=\"parsely-pub-date\" content=\"2023-02-02T08:18:17Z\" \/>\n<meta name=\"parsely-section\" content=\"Uncategorized\" \/>","tracker_url":"https:\/\/cdn.parsely.com\/keys\/capgemini.com\/p.js"},"archive_status":false,"featured_image_src":"https:\/\/www.capgemini.com\/pl-pl\/wp-content\/themes\/capgemini2025\/assets\/images\/mockup.png","featured_image_alt":false,"jetpack_sharing_enabled":true,"distributor_meta":false,"distributor_terms":false,"distributor_media":false,"distributor_original_site_name":"Capgemini Poland","distributor_original_site_url":"https:\/\/www.capgemini.com\/pl-pl","push-errors":false,"_links":{"self":[{"href":"https:\/\/www.capgemini.com\/pl-pl\/wp-json\/wp\/v2\/pages\/701762","targetHints":{"allow":["GET"]}}],"collection":[{"href":"https:\/\/www.capgemini.com\/pl-pl\/wp-json\/wp\/v2\/pages"}],"about":[{"href":"https:\/\/www.capgemini.com\/pl-pl\/wp-json\/wp\/v2\/types\/page"}],"author":[{"embeddable":true,"href":"https:\/\/www.capgemini.com\/pl-pl\/wp-json\/wp\/v2\/users\/413"}],"replies":[{"embeddable":true,"href":"https:\/\/www.capgemini.com\/pl-pl\/wp-json\/wp\/v2\/comments?post=701762"}],"version-history":[{"count":7,"href":"https:\/\/www.capgemini.com\/pl-pl\/wp-json\/wp\/v2\/pages\/701762\/revisions"}],"predecessor-version":[{"id":912624,"href":"https:\/\/www.capgemini.com\/pl-pl\/wp-json\/wp\/v2\/pages\/701762\/revisions\/912624"}],"wp:attachment":[{"href":"https:\/\/www.capgemini.com\/pl-pl\/wp-json\/wp\/v2\/media?parent=701762"}],"wp:term":[{"taxonomy":"brand","embeddable":true,"href":"https:\/\/www.capgemini.com\/pl-pl\/wp-json\/wp\/v2\/brand?post=701762"},{"taxonomy":"partner_type","embeddable":true,"href":"https:\/\/www.capgemini.com\/pl-pl\/wp-json\/wp\/v2\/partner_type?post=701762"},{"taxonomy":"service","embeddable":true,"href":"https:\/\/www.capgemini.com\/pl-pl\/wp-json\/wp\/v2\/service?post=701762"},{"taxonomy":"industry","embeddable":true,"href":"https:\/\/www.capgemini.com\/pl-pl\/wp-json\/wp\/v2\/industry?post=701762"},{"taxonomy":"partners","embeddable":true,"href":"https:\/\/www.capgemini.com\/pl-pl\/wp-json\/wp\/v2\/partners?post=701762"},{"taxonomy":"page-type","embeddable":true,"href":"https:\/\/www.capgemini.com\/pl-pl\/wp-json\/wp\/v2\/page-type?post=701762"},{"taxonomy":"content-group","embeddable":true,"href":"https:\/\/www.capgemini.com\/pl-pl\/wp-json\/wp\/v2\/content-group?post=701762"}],"curies":[{"name":"wp","href":"https:\/\/api.w.org\/{rel}","templated":true}]}}