{"id":701090,"date":"2023-01-30T16:32:14","date_gmt":"2023-01-30T16:32:14","guid":{"rendered":"https:\/\/www.capgemini.com\/pl-pl\/?page_id=701090"},"modified":"2025-10-31T11:17:23","modified_gmt":"2025-10-31T11:17:23","slug":"events","status":"publish","type":"page","link":"https:\/\/www.capgemini.com\/pl-pl\/aktualnosci\/wydarzenia\/","title":{"rendered":"Wydarzenia"},"content":{"rendered":"\n<div class=\"wp-block-cg-blocks-hero-picture-card undefined  heroPictureCard\"><div class=\"heroPictureCardBgs\"><picture><source srcset=\"https:\/\/www.capgemini.com\/pl-pl\/wp-content\/uploads\/sites\/27\/2022\/12\/CAPGEMINI-katowice-38.png?w=2880&amp;quality=70 1x, https:\/\/www.capgemini.com\/pl-pl\/wp-content\/uploads\/sites\/27\/2022\/12\/CAPGEMINI-katowice-38.png?w=2880&amp;quality=70 2x\" media=\"(min-width: 1500px)\"\/><source srcset=\"https:\/\/www.capgemini.com\/pl-pl\/wp-content\/uploads\/sites\/27\/2022\/12\/CAPGEMINI-katowice-38.png?w=1440&amp;quality=70 1x, https:\/\/www.capgemini.com\/pl-pl\/wp-content\/uploads\/sites\/27\/2022\/12\/CAPGEMINI-katowice-38.png?w=2880&amp;quality=70 2x\" media=\"(min-width: 992px)\"\/><source srcset=\"https:\/\/www.capgemini.com\/pl-pl\/wp-content\/uploads\/sites\/27\/2022\/12\/CAPGEMINI-katowice-38.png?w=1024&amp;quality=70 1x, https:\/\/www.capgemini.com\/pl-pl\/wp-content\/uploads\/sites\/27\/2022\/12\/CAPGEMINI-katowice-38.png?w=1024&amp;quality=70 2x\" media=\"(min-width: 768px)\"\/><source srcset=\"https:\/\/www.capgemini.com\/pl-pl\/wp-content\/uploads\/sites\/27\/2022\/12\/CAPGEMINI-katowice-38.png?w=768&amp;quality=70 1x, https:\/\/www.capgemini.com\/pl-pl\/wp-content\/uploads\/sites\/27\/2022\/12\/CAPGEMINI-katowice-38.png?w=768&amp;quality=70 2x\" media=\"(min-width: 0)\"\/><img decoding=\"async\" src=\"https:\/\/www.capgemini.com\/pl-pl\/wp-content\/uploads\/sites\/27\/2022\/12\/CAPGEMINI-katowice-38.png\" class=\"desktopImage\" alt=\"\" style=\"object-fit:cover;object-position:54% 69%\" loading=\"eager\"\/><\/picture><picture><source srcset=\"https:\/\/www.capgemini.com\/pl-pl\/wp-content\/uploads\/sites\/27\/2022\/12\/CAPGEMINI-katowice-38.png?w=2880&amp;quality=70 1x, https:\/\/www.capgemini.com\/pl-pl\/wp-content\/uploads\/sites\/27\/2022\/12\/CAPGEMINI-katowice-38.png?w=2880&amp;quality=70 2x\" media=\"(min-width: 1500px)\"\/><source srcset=\"https:\/\/www.capgemini.com\/pl-pl\/wp-content\/uploads\/sites\/27\/2022\/12\/CAPGEMINI-katowice-38.png?w=1440&amp;quality=70 1x, https:\/\/www.capgemini.com\/pl-pl\/wp-content\/uploads\/sites\/27\/2022\/12\/CAPGEMINI-katowice-38.png?w=2880&amp;quality=70 2x\" media=\"(min-width: 992px)\"\/><source srcset=\"https:\/\/www.capgemini.com\/pl-pl\/wp-content\/uploads\/sites\/27\/2022\/12\/CAPGEMINI-katowice-38.png?w=1024&amp;quality=70 1x, https:\/\/www.capgemini.com\/pl-pl\/wp-content\/uploads\/sites\/27\/2022\/12\/CAPGEMINI-katowice-38.png?w=1024&amp;quality=70 2x\" media=\"(min-width: 768px)\"\/><source srcset=\"https:\/\/www.capgemini.com\/pl-pl\/wp-content\/uploads\/sites\/27\/2022\/12\/CAPGEMINI-katowice-38.png?w=768&amp;quality=70 1x, https:\/\/www.capgemini.com\/pl-pl\/wp-content\/uploads\/sites\/27\/2022\/12\/CAPGEMINI-katowice-38.png?w=768&amp;quality=70 2x\" media=\"(min-width: 0)\"\/><img decoding=\"async\" src=\"https:\/\/www.capgemini.com\/pl-pl\/wp-content\/uploads\/sites\/27\/2022\/12\/CAPGEMINI-katowice-38.png\" class=\"mobileImage\" alt=\"\" style=\"object-fit:cover;object-position:54% 69%\" loading=\"eager\"\/><\/picture><\/div><div class=\"heroPictureCardHeaderShape\"><\/div><div class=\"container\"><div class=\"row\"><div class=\"col-md-8 col-lg-6\"><div class=\"heroPictureCardBox\"><div class=\"heroPictureCardBoxTitle\"><h1 data-maxlength=\"144\">Wydarzenia<\/h1><\/div><\/div><\/div><\/div><\/div><div class=\"small-device\"><div class=\"brandLogoWrapper\"> <\/div><\/div><\/div>\n\n\n\n<section class=\"wp-block-cg-blocks-intro-para undefined section section--intro\"><div class=\"intro-para\"><div class=\"container\"><div class=\"row\"><div class=\"col-12 col-md-1\"><nav class=\"article-social\"><ul class=\"social-nav\"><li class=\"ip-order-fb\"><a href=\"https:\/\/www.facebook.com\/sharer\/sharer.php?u=https:\/\/www.capgemini.com\/pl-pl\/aktualnosci\/wydarzenia\/\" target=\"_blank\" rel=\"noopener noreferrer\" title=\"opens in a new window\"><i aria-hidden=\"true\" class=\"icon-fb\"><\/i><span class=\"sr-only\">Facebook<\/span><\/a><\/li><li class=\"ip-order-li\"><a href=\"https:\/\/www.linkedin.com\/sharing\/share-offsite\/?url=https:\/\/www.capgemini.com\/pl-pl\/aktualnosci\/wydarzenia\/\" target=\"_blank\" rel=\"noopener noreferrer\" title=\"opens in a new window\"><i aria-hidden=\"true\" class=\"icon-li\"><\/i><span class=\"sr-only\">Linkedin<\/span><\/a><\/li><\/ul><\/nav><\/div><div class=\"col-12 col-md-11 col-lg-10\"><h2 class=\"intro-para-title\"> Gdzie mo\u017cna nas spotka\u0107?<\/h2><p class=\"intro-para-content\">Nasi eksperci i ekspertki od zawsze ch\u0119tnie dziel\u0105 si\u0119 swoimi pasjami i wiedz\u0105. Mo\u017cna ich pos\u0142ucha\u0107 <strong>na spotkaniach bran\u017cowych, organizowanych przez Capgemini Polska<\/strong> &#8211; stacjonarnie oraz online. <br><br>Na li\u015bcie wydarze\u0144, w jakich bierzemy udzia\u0142 znajduj\u0105 si\u0119 te\u017c <strong>topowe konferencje zewn\u0119trzne i tech-festiwale<\/strong>, kt\u00f3re sa dla nas okazj\u0105 do wymiany do\u015bwiadcze\u0144 na temat nowoczesnych technologii czy prezentacji licznych, zrealizowanych z sukcesem projekt\u00f3w. <br><br>Capgemini Polska wielokrotnie pojawia si\u0119 na <strong>targach pracy<\/strong> czy <strong>wydarzeniach odbywaj\u0105cych si\u0119 na uczelniach wy\u017cszych<\/strong> w ca\u0142ej Polsce.<br><br>Sprawd\u017acie nasz kalendarz wydarze\u0144 i do\u0142\u0105cz do nas w czasie jednego z event\u00f3w!<\/p><\/div><\/div><\/div><\/div><\/section>\n\n\n<section class=\"section--publications section--press-news section--events-listing archive-pages eventPage\">\n\n\t<div class=\"container\">\n\n\t\t<div class=\"filters filters--vertical\" data-max=\"10\">\n\n\t\t\t<div class=\"archive-search\">\n\n\t<form class=\"form--oneliner js-search-form search search-icon\" action=\"\" method=\"get\"  >\n\n\t\t<div class=\"form-block\">\n\n\t\t\t<input type=\"text\" name=\"search\" aria-label=\"Enter search text\" id=\"pr_form_subbmit\" alt=\"Szukaj\"\n\t\t\t       class=\"archive_phrase_search noeffect-input archive-search-input\" placeholder=\"Wpisz w wyszukiwarce\u2026\">\n\n\t\t\t<div class=\"search-icon\"><\/div>\n\n\t\t\t<button class=\"search-button archive-search-button\">Szukaj<\/button>\n\n\t\t<\/div>\n\n\t<\/form>\n\n<\/div>\n\n\n\t\t\t<!-- filterStart -->\n\t\t\t<div class=\"filter-container\">\n\n\t\t\t\t<div class=\"filters-selects-label\" tabindex=\"0\" role=\"button\" aria-pressed=\"false\" aria-expanded=\"false\">\n\t\t\t\t\t<span class=\"d-none d-md-inline\">Filtry<\/span>\n\t\t\t\t\t<span class=\"d-inline d-md-none\">Filtrowanie wynik\u00f3w<\/span>\n\t\t\t\t<\/div>\n\n\t\t\t\t<div class=\"filters-selects-list filter-negative-margin\">\n\t\t\t\t\t<!-- filterDropdownLocationStart -->\n\t\t\t\t\t<div class=\"filters-selects-box\">\n\t\t\t\t\t\t<label for=\"select_event_locations\">\n\t\t\t\t\t\t\t<select\n\t\t\t\t\t\t\t\tplaceholder=\"City\"\n\t\t\t\t\t\t\t\tclass=\"js-filter js-with-select2\"\n\t\t\t\t\t\t\t\tname=\"event-location\"\n\t\t\t\t\t\t\t\tid=\"select_event_locations\"\n\t\t\t\t\t\t\t\tmultiple\n\t\t\t\t\t\t\t\tdata-filter-select=\"0\"\n\t\t\t\t\t\t\t>\n\t\t\t\t\t\t\t\t<option value=\"wroclaw-legnicka-48k-capgemini\">Capgemini, Legnicka 48K, Wroc\u0142aw<\/option><option value=\"wroclaw-rynek-25-hard-rock-cafe\">Hard Rock Cafe, Rynek 25, Wroc\u0142aw<\/option><option value=\"poland-poznan\">Pozna\u0144, Poland<\/option><option value=\"poland-mazowieckie-warszawa\">Warszawa, Mazowieckie, Poland<\/option>\n\t\t\t\t\t\t\t<\/select>\n\t\t\t\t\t\t<\/label>\n\t\t\t\t\t<\/div>\n\t\t\t\t\t<!-- filterDropdownLocationEnd -->\n\t\t\t\t<\/div>\n\n\t\t\t\t<div class=\"filters-tags-wrapper\">\n\t\t\t\t\t<div class=\"filters-tags-list\"><\/div>\n\t\t\t\t\t<button class=\"filters-clear\" id=\"clearDates\">Wyczy\u015b\u0107 wszystko<\/button>\n\t\t\t\t<\/div>\n\n\t\t\t<\/div>\n\t\t\t<!-- filterEnd -->\n\n\t\t\t<div class=\"filter-container filter-data\">\n\n\t\t\t\t<a\n\t\t\t\t\tclass=\"js-event-filter more2 upcomingEventBtn event-button\"\n\t\t\t\t\thref=\"?events=upcoming\"\n\t\t\t\t\tdata-value=\"upcoming\"\n\t\t\t\t>\n\t\t\t\t\tNadchodz\u0105ce wydarzenia\n\t\t\t\t<\/a>\n\n\t\t\t\t<a\n\t\t\t\t\tclass=\"js-event-filter more2 pastEventBtn event-button\"\n\t\t\t\t\thref=\"?events=past\"\n\t\t\t\t\tdata-value=\"past\"\n\t\t\t\t>\n\t\t\t\t\tMinione wydarzenia\n\t\t\t\t<\/a>\n\n\t\t\t\t<!-- filterBusinessStart --><!-- filterBusinessEnd -->\n\n\t\t\t\t<!-- filterCareerStart --><!-- filterCareerEnd -->\n\n\t\t\t<\/div>\n\n\n\t\t\t<!-- Single Event REST Template -->\n\t\t\t<script id=\"search_result_item_template\" type=\"text\/template\">\n\n\t\t\t\t<div class=\"box box--event filter-box\">\n\n\t\t\t\t\t<a href={{ url }}>\n\n\t\t\t\t\t\t<div class=\"box-inner-dateTimeInfo event-box-inner event-box-inner-{{ eventtype }}\">\n\n\n\t\t\t\t\t\t\t<!-- date divided for particular sections -->\n\t\t\t\t\t\t\t<span class=\"month\">{{ eventblocktitle }}<\/span>\n\t\t\t\t\t\t\t<span class=\"month\">{{ month }} {{ day }}<\/span>\n\t\t\t\t\t\t\t<span class=\"year\">{{ year }}<\/span>\n\t\t\t\t\t\t\t<span class=\"time\">{{ hour }} {{ eventtimezone }}<\/span>\n\n\n\n\t\t\t\t\t\t<\/div>\n\n\t\t\t\t\t<\/a>\n\n\t\t\t\t\t<div class=\"box-inner\">\n\t\t\t\t\t\t<span class=\"box-tag\">{{ eventtype }}<\/span>\n\t\t\t\t\t\t<a class=\"box-title\" href={{ url }}><h3 class=\"archive-blogs-subtitle\">{{ title }}<\/h3><\/a>\n\t\t\t\t\t\t{{ banner }}\n\t\t\t\t\t\t<div class=\"box-date\">\n\t\t\t\t\t\t\t<span>{{ location }}<\/span>\n\t\t\t\t\t\t<\/div>\n\t\t\t\t\t<\/div>\n\n\t\t\t\t\t<div class=\"box-right {{ eventclass }}\">\n\n\t\t\t\t\t\t{{ addtocalmarkup }}\n\n\t\t\t\t\t\t<div class=\"registerBtnWrapper\">\n\t\t\t\t\t\t\t<a href=\"{{ url }}\" class=\"event-register\">Zarejestruj si\u0119<\/a>\n\t\t\t\t\t\t<\/div>\n\n\t\t\t\t\t<\/div>\n\n\t\t\t\t<\/div>\n\n\t\t\t<\/script>\n\n\t\t\t<div class=\"filters-content filters-content-archive\" data-type=\"event\"><\/div>\n\n\t\t\t<h3 class=\"js-no-results\">No results matching your search<\/h3>\n\n\t\t\t<div class=\"filters-bottom\">\n\t\t\t\t<a class=\"filters-more\" href=\"#\" id=\"pr_filters_more\">Za\u0142aduj wi\u0119cej<\/a>\n\t\t\t<\/div>\n\n\t\t<\/div><!-- \/.filters -->\n\n\t<\/div><!-- \/.container -->\n\n<\/section>\n","protected":false},"excerpt":{"rendered":"","protected":false},"author":58,"featured_media":0,"parent":700301,"menu_order":6,"comment_status":"closed","ping_status":"closed","template":"","meta":{"cg_dt_proposed_to":[],"cg_seo_hreflang_relations":"[]","cg_seo_canonical_relation":"","cg_seo_hreflang_x_default_relation":"{\"uuid\":\"336f03fa-5f06-47a2-b4a0-d4dc71cde8cc\",\"blogId\":\"\",\"domain\":\"\",\"sitePath\":\"\",\"postLink\":\"\",\"postId\":null,\"isSaved\":true,\"isCrossLink\":false,\"hasCrossLink\":false}","cg_dt_approved_content":true,"cg_dt_mandatory_content":false,"cg_dt_notes":"","cg_dg_source_changed":false,"cg_dt_link_disabled":false,"_yoast_wpseo_primary_brand":"","footnotes":"","featured_focal_points":"","partner_card_description":"","gsap_animation":0},"brand":[],"partner_type":[],"service":[],"industry":[],"partners":[],"page-type":[],"content-group":[],"class_list":["post-701090","page","type-page","status-publish","hentry"],"yoast_head":"<!-- This site is optimized with the Yoast SEO Premium plugin v22.8 (Yoast SEO v22.8) - https:\/\/yoast.com\/wordpress\/plugins\/seo\/ -->\n<title>Wydarzenia - Capgemini Poland<\/title>\n<meta name=\"description\" content=\"Event\" \/>\n<meta name=\"robots\" content=\"index, follow, max-snippet:-1, max-image-preview:large, max-video-preview:-1\" \/>\n<link rel=\"canonical\" href=\"https:\/\/www.capgemini.com\/pl-pl\/aktualnosci\/wydarzenia\/\" \/>\n<meta property=\"og:locale\" content=\"pl_PL\" \/>\n<meta property=\"og:type\" content=\"article\" \/>\n<meta property=\"og:title\" content=\"Wydarzenia\" \/>\n<meta property=\"og:description\" content=\"Event\" \/>\n<meta property=\"og:url\" content=\"https:\/\/www.capgemini.com\/pl-pl\/aktualnosci\/wydarzenia\/\" \/>\n<meta property=\"og:site_name\" content=\"Capgemini Poland\" \/>\n<meta property=\"article:modified_time\" content=\"2025-10-31T11:17:23+00:00\" \/>\n<meta property=\"og:image\" content=\"https:\/\/www.capgemini.com\/pl-pl\/wp-content\/uploads\/sites\/27\/2022\/12\/CAPGEMINI-katowice-38.png\" \/>\n<meta name=\"twitter:card\" content=\"summary_large_image\" \/>\n<script type=\"application\/ld+json\" class=\"yoast-schema-graph\">{\"@context\":\"https:\/\/schema.org\",\"@graph\":[{\"@type\":\"WebPage\",\"@id\":\"https:\/\/www.capgemini.com\/pl-pl\/aktualnosci\/wydarzenia\/\",\"url\":\"https:\/\/www.capgemini.com\/pl-pl\/aktualnosci\/wydarzenia\/\",\"name\":\"Wydarzenia - Capgemini Poland\",\"isPartOf\":{\"@id\":\"https:\/\/www.capgemini.com\/pl-pl\/#website\"},\"primaryImageOfPage\":{\"@id\":\"https:\/\/www.capgemini.com\/pl-pl\/aktualnosci\/wydarzenia\/#primaryimage\"},\"image\":{\"@id\":\"https:\/\/www.capgemini.com\/pl-pl\/aktualnosci\/wydarzenia\/#primaryimage\"},\"thumbnailUrl\":\"https:\/\/www.capgemini.com\/pl-pl\/wp-content\/uploads\/sites\/27\/2022\/12\/CAPGEMINI-katowice-38.png\",\"datePublished\":\"2023-01-30T16:32:14+00:00\",\"dateModified\":\"2025-10-31T11:17:23+00:00\",\"description\":\"Event\",\"breadcrumb\":{\"@id\":\"https:\/\/www.capgemini.com\/pl-pl\/aktualnosci\/wydarzenia\/#breadcrumb\"},\"inLanguage\":\"pl-PL\",\"potentialAction\":[{\"@type\":\"ReadAction\",\"target\":[\"https:\/\/www.capgemini.com\/pl-pl\/aktualnosci\/wydarzenia\/\"]}]},{\"@type\":\"ImageObject\",\"inLanguage\":\"pl-PL\",\"@id\":\"https:\/\/www.capgemini.com\/pl-pl\/aktualnosci\/wydarzenia\/#primaryimage\",\"url\":\"https:\/\/www.capgemini.com\/pl-pl\/wp-content\/uploads\/sites\/27\/2022\/12\/CAPGEMINI-katowice-38.png\",\"contentUrl\":\"https:\/\/www.capgemini.com\/pl-pl\/wp-content\/uploads\/sites\/27\/2022\/12\/CAPGEMINI-katowice-38.png\"},{\"@type\":\"BreadcrumbList\",\"@id\":\"https:\/\/www.capgemini.com\/pl-pl\/aktualnosci\/wydarzenia\/#breadcrumb\",\"itemListElement\":[{\"@type\":\"ListItem\",\"position\":1,\"name\":\"Home\",\"item\":\"https:\/\/www.capgemini.com\/pl-pl\/\"},{\"@type\":\"ListItem\",\"position\":2,\"name\":\"Aktualno\u015bci\",\"item\":\"https:\/\/www.capgemini.com\/pl-pl\/aktualnosci\/\"},{\"@type\":\"ListItem\",\"position\":3,\"name\":\"Wydarzenia\"}]},{\"@type\":\"WebSite\",\"@id\":\"https:\/\/www.capgemini.com\/pl-pl\/#website\",\"url\":\"https:\/\/www.capgemini.com\/pl-pl\/\",\"name\":\"Capgemini Polska\",\"description\":\"Capgemini\",\"potentialAction\":[{\"@type\":\"SearchAction\",\"target\":{\"@type\":\"EntryPoint\",\"urlTemplate\":\"https:\/\/www.capgemini.com\/pl-pl\/?s={search_term_string}\"},\"query-input\":\"required name=search_term_string\"}],\"inLanguage\":\"pl-PL\"}]}<\/script>\n<!-- \/ Yoast SEO Premium plugin. -->","yoast_head_json":{"title":"Wydarzenia - Capgemini Poland","description":"Event","robots":{"index":"index","follow":"follow","max-snippet":"max-snippet:-1","max-image-preview":"max-image-preview:large","max-video-preview":"max-video-preview:-1"},"canonical":"https:\/\/www.capgemini.com\/pl-pl\/aktualnosci\/wydarzenia\/","og_locale":"pl_PL","og_type":"article","og_title":"Wydarzenia","og_description":"Event","og_url":"https:\/\/www.capgemini.com\/pl-pl\/aktualnosci\/wydarzenia\/","og_site_name":"Capgemini Poland","article_modified_time":"2025-10-31T11:17:23+00:00","og_image":[{"url":"https:\/\/www.capgemini.com\/pl-pl\/wp-content\/uploads\/sites\/27\/2022\/12\/CAPGEMINI-katowice-38.png"}],"twitter_card":"summary_large_image","schema":{"@context":"https:\/\/schema.org","@graph":[{"@type":"WebPage","@id":"https:\/\/www.capgemini.com\/pl-pl\/aktualnosci\/wydarzenia\/","url":"https:\/\/www.capgemini.com\/pl-pl\/aktualnosci\/wydarzenia\/","name":"Wydarzenia - Capgemini Poland","isPartOf":{"@id":"https:\/\/www.capgemini.com\/pl-pl\/#website"},"primaryImageOfPage":{"@id":"https:\/\/www.capgemini.com\/pl-pl\/aktualnosci\/wydarzenia\/#primaryimage"},"image":{"@id":"https:\/\/www.capgemini.com\/pl-pl\/aktualnosci\/wydarzenia\/#primaryimage"},"thumbnailUrl":"https:\/\/www.capgemini.com\/pl-pl\/wp-content\/uploads\/sites\/27\/2022\/12\/CAPGEMINI-katowice-38.png","datePublished":"2023-01-30T16:32:14+00:00","dateModified":"2025-10-31T11:17:23+00:00","description":"Event","breadcrumb":{"@id":"https:\/\/www.capgemini.com\/pl-pl\/aktualnosci\/wydarzenia\/#breadcrumb"},"inLanguage":"pl-PL","potentialAction":[{"@type":"ReadAction","target":["https:\/\/www.capgemini.com\/pl-pl\/aktualnosci\/wydarzenia\/"]}]},{"@type":"ImageObject","inLanguage":"pl-PL","@id":"https:\/\/www.capgemini.com\/pl-pl\/aktualnosci\/wydarzenia\/#primaryimage","url":"https:\/\/www.capgemini.com\/pl-pl\/wp-content\/uploads\/sites\/27\/2022\/12\/CAPGEMINI-katowice-38.png","contentUrl":"https:\/\/www.capgemini.com\/pl-pl\/wp-content\/uploads\/sites\/27\/2022\/12\/CAPGEMINI-katowice-38.png"},{"@type":"BreadcrumbList","@id":"https:\/\/www.capgemini.com\/pl-pl\/aktualnosci\/wydarzenia\/#breadcrumb","itemListElement":[{"@type":"ListItem","position":1,"name":"Home","item":"https:\/\/www.capgemini.com\/pl-pl\/"},{"@type":"ListItem","position":2,"name":"Aktualno\u015bci","item":"https:\/\/www.capgemini.com\/pl-pl\/aktualnosci\/"},{"@type":"ListItem","position":3,"name":"Wydarzenia"}]},{"@type":"WebSite","@id":"https:\/\/www.capgemini.com\/pl-pl\/#website","url":"https:\/\/www.capgemini.com\/pl-pl\/","name":"Capgemini Polska","description":"Capgemini","potentialAction":[{"@type":"SearchAction","target":{"@type":"EntryPoint","urlTemplate":"https:\/\/www.capgemini.com\/pl-pl\/?s={search_term_string}"},"query-input":"required name=search_term_string"}],"inLanguage":"pl-PL"}]}},"brand_term":[],"parsely":{"version":"1.1.0","canonical_url":"https:\/\/capgemini.com\/pl-pl\/aktualnosci\/wydarzenia\/","smart_links":{"inbound":0,"outbound":0},"traffic_boost_suggestions_count":0,"meta":{"@context":"https:\/\/schema.org","@type":"WebPage","headline":"Wydarzenia","url":"https:\/\/www.capgemini.com\/pl-pl\/aktualnosci\/wydarzenia\/","mainEntityOfPage":{"@type":"WebPage","@id":"https:\/\/www.capgemini.com\/pl-pl\/aktualnosci\/wydarzenia\/"},"thumbnailUrl":"","image":{"@type":"ImageObject","url":""},"articleSection":"Uncategorized","author":[],"creator":[],"publisher":{"@type":"Organization","name":"Capgemini Poland","logo":""},"keywords":[],"dateCreated":"2023-01-30T16:32:14Z","datePublished":"2023-01-30T16:32:14Z","dateModified":"2025-10-31T11:17:23Z"},"rendered":"<meta name=\"parsely-title\" content=\"Wydarzenia\" \/>\n<meta name=\"parsely-link\" content=\"https:\/\/www.capgemini.com\/pl-pl\/aktualnosci\/wydarzenia\/\" \/>\n<meta name=\"parsely-type\" content=\"index\" \/>\n<meta name=\"parsely-pub-date\" content=\"2023-01-30T16:32:14Z\" \/>\n<meta name=\"parsely-section\" content=\"Uncategorized\" \/>","tracker_url":"https:\/\/cdn.parsely.com\/keys\/capgemini.com\/p.js"},"archive_status":false,"featured_image_src":"https:\/\/www.capgemini.com\/pl-pl\/wp-content\/themes\/capgemini2025\/assets\/images\/mockup.png","featured_image_alt":false,"jetpack_sharing_enabled":true,"distributor_meta":false,"distributor_terms":false,"distributor_media":false,"distributor_original_site_name":"Capgemini Poland","distributor_original_site_url":"https:\/\/www.capgemini.com\/pl-pl","push-errors":false,"_links":{"self":[{"href":"https:\/\/www.capgemini.com\/pl-pl\/wp-json\/wp\/v2\/pages\/701090","targetHints":{"allow":["GET"]}}],"collection":[{"href":"https:\/\/www.capgemini.com\/pl-pl\/wp-json\/wp\/v2\/pages"}],"about":[{"href":"https:\/\/www.capgemini.com\/pl-pl\/wp-json\/wp\/v2\/types\/page"}],"author":[{"embeddable":true,"href":"https:\/\/www.capgemini.com\/pl-pl\/wp-json\/wp\/v2\/users\/58"}],"replies":[{"embeddable":true,"href":"https:\/\/www.capgemini.com\/pl-pl\/wp-json\/wp\/v2\/comments?post=701090"}],"version-history":[{"count":12,"href":"https:\/\/www.capgemini.com\/pl-pl\/wp-json\/wp\/v2\/pages\/701090\/revisions"}],"predecessor-version":[{"id":916381,"href":"https:\/\/www.capgemini.com\/pl-pl\/wp-json\/wp\/v2\/pages\/701090\/revisions\/916381"}],"up":[{"embeddable":true,"href":"https:\/\/www.capgemini.com\/pl-pl\/wp-json\/wp\/v2\/pages\/700301"}],"wp:attachment":[{"href":"https:\/\/www.capgemini.com\/pl-pl\/wp-json\/wp\/v2\/media?parent=701090"}],"wp:term":[{"taxonomy":"brand","embeddable":true,"href":"https:\/\/www.capgemini.com\/pl-pl\/wp-json\/wp\/v2\/brand?post=701090"},{"taxonomy":"partner_type","embeddable":true,"href":"https:\/\/www.capgemini.com\/pl-pl\/wp-json\/wp\/v2\/partner_type?post=701090"},{"taxonomy":"service","embeddable":true,"href":"https:\/\/www.capgemini.com\/pl-pl\/wp-json\/wp\/v2\/service?post=701090"},{"taxonomy":"industry","embeddable":true,"href":"https:\/\/www.capgemini.com\/pl-pl\/wp-json\/wp\/v2\/industry?post=701090"},{"taxonomy":"partners","embeddable":true,"href":"https:\/\/www.capgemini.com\/pl-pl\/wp-json\/wp\/v2\/partners?post=701090"},{"taxonomy":"page-type","embeddable":true,"href":"https:\/\/www.capgemini.com\/pl-pl\/wp-json\/wp\/v2\/page-type?post=701090"},{"taxonomy":"content-group","embeddable":true,"href":"https:\/\/www.capgemini.com\/pl-pl\/wp-json\/wp\/v2\/content-group?post=701090"}],"curies":[{"name":"wp","href":"https:\/\/api.w.org\/{rel}","templated":true}]}}