{"id":700236,"date":"2023-01-25T13:02:41","date_gmt":"2023-01-25T13:02:41","guid":{"rendered":"https:\/\/www.capgemini.com\/pl-pl\/?page_id=700236"},"modified":"2025-03-12T05:59:43","modified_gmt":"2025-03-12T05:59:43","slug":"intelligent-automation-oferty-pracy","status":"publish","type":"page","link":"https:\/\/www.capgemini.com\/pl-pl\/intelligent-automation-oferty-pracy\/","title":{"rendered":"Intelligent automation- oferty pracy"},"content":{"rendered":"\n<div class=\"wp-block-cg-blocks-hero-picture-card undefined  heroPictureCard\"><div class=\"heroPictureCardBgs\"><picture><source srcset=\"https:\/\/www.capgemini.com\/pl-pl\/wp-content\/uploads\/sites\/27\/2023\/01\/Automation-1.png?w=2880&amp;quality=70 1x, https:\/\/www.capgemini.com\/pl-pl\/wp-content\/uploads\/sites\/27\/2023\/01\/Automation-1.png?w=2880&amp;quality=70 2x\" media=\"(min-width: 1500px)\"\/><source srcset=\"https:\/\/www.capgemini.com\/pl-pl\/wp-content\/uploads\/sites\/27\/2023\/01\/Automation-1.png?w=1440&amp;quality=70 1x, https:\/\/www.capgemini.com\/pl-pl\/wp-content\/uploads\/sites\/27\/2023\/01\/Automation-1.png?w=2880&amp;quality=70 2x\" media=\"(min-width: 992px)\"\/><source srcset=\"https:\/\/www.capgemini.com\/pl-pl\/wp-content\/uploads\/sites\/27\/2023\/01\/Automation-1.png?w=1024&amp;quality=70 1x, https:\/\/www.capgemini.com\/pl-pl\/wp-content\/uploads\/sites\/27\/2023\/01\/Automation-1.png?w=1024&amp;quality=70 2x\" media=\"(min-width: 768px)\"\/><source srcset=\"https:\/\/www.capgemini.com\/pl-pl\/wp-content\/uploads\/sites\/27\/2023\/01\/Automation-1.png?w=768&amp;quality=70 1x, https:\/\/www.capgemini.com\/pl-pl\/wp-content\/uploads\/sites\/27\/2023\/01\/Automation-1.png?w=768&amp;quality=70 2x\" media=\"(min-width: 0)\"\/><img decoding=\"async\" src=\"https:\/\/www.capgemini.com\/pl-pl\/wp-content\/uploads\/sites\/27\/2023\/01\/Automation-1.png\" class=\"desktopImage\" alt=\"\" style=\"object-fit:cover;object-position:50% 31%\" loading=\"eager\"\/><\/picture><picture><source srcset=\"https:\/\/www.capgemini.com\/pl-pl\/wp-content\/uploads\/sites\/27\/2023\/01\/Automation-1.png?w=2880&amp;quality=70 1x, https:\/\/www.capgemini.com\/pl-pl\/wp-content\/uploads\/sites\/27\/2023\/01\/Automation-1.png?w=2880&amp;quality=70 2x\" media=\"(min-width: 1500px)\"\/><source srcset=\"https:\/\/www.capgemini.com\/pl-pl\/wp-content\/uploads\/sites\/27\/2023\/01\/Automation-1.png?w=1440&amp;quality=70 1x, https:\/\/www.capgemini.com\/pl-pl\/wp-content\/uploads\/sites\/27\/2023\/01\/Automation-1.png?w=2880&amp;quality=70 2x\" media=\"(min-width: 992px)\"\/><source srcset=\"https:\/\/www.capgemini.com\/pl-pl\/wp-content\/uploads\/sites\/27\/2023\/01\/Automation-1.png?w=1024&amp;quality=70 1x, https:\/\/www.capgemini.com\/pl-pl\/wp-content\/uploads\/sites\/27\/2023\/01\/Automation-1.png?w=1024&amp;quality=70 2x\" media=\"(min-width: 768px)\"\/><source srcset=\"https:\/\/www.capgemini.com\/pl-pl\/wp-content\/uploads\/sites\/27\/2023\/01\/Automation-1.png?w=768&amp;quality=70 1x, https:\/\/www.capgemini.com\/pl-pl\/wp-content\/uploads\/sites\/27\/2023\/01\/Automation-1.png?w=768&amp;quality=70 2x\" media=\"(min-width: 0)\"\/><img decoding=\"async\" src=\"https:\/\/www.capgemini.com\/pl-pl\/wp-content\/uploads\/sites\/27\/2023\/01\/Automation-1.png\" class=\"mobileImage\" alt=\"\" style=\"object-fit:cover;object-position:50% 31%\" loading=\"eager\"\/><\/picture><\/div><div class=\"heroPictureCardHeaderShape\"><\/div><div class=\"container\"><div class=\"row\"><div class=\"col-md-8 col-lg-6\"><div class=\"heroPictureCardBox\"><div class=\"heroPictureCardBoxTitle\"><h1 data-maxlength=\"144\">Intelligent automation- oferty pracy<\/h1><\/div><\/div><\/div><\/div><\/div><div class=\"small-device\"><div class=\"brandLogoWrapper\"> <\/div><\/div><\/div>\n\n\n\n<section class=\"wp-block-cg-blocks-group undefined section section--article-content\"><div class=\"article-main-content\"><div class=\"container\"><div class=\"row\"><div class=\"col-12 col-md-1\"><nav class=\"article-social\"><ul class=\"social-nav\"><li class=\"ip-order-fb\"><a href=\"https:\/\/www.facebook.com\/sharer\/sharer.php?u=https:\/\/www.capgemini.com\/pl-pl\/?page_id=22302\" target=\"_blank\" rel=\"noopener noreferrer\" title=\"otwiera si\u0119 w nowym oknie\"><i aria-hidden=\"true\" class=\"icon-fb\"><\/i><span class=\"sr-only\">Facebook<\/span><\/a><\/li><li class=\"ip-order-tw\"><a href=\"https:\/\/twitter.com\/intent\/tweet?url=https:\/\/www.capgemini.com\/pl-pl\/?page_id=22302&amp;text=\" target=\"_blank\" rel=\"noopener noreferrer\" title=\"otwiera si\u0119 w nowym oknie\"><i aria-hidden=\"true\" class=\"icon-tw\"><\/i><span class=\"sr-only\">Twitter<\/span><\/a><\/li><li class=\"ip-order-li\"><a href=\"https:\/\/www.linkedin.com\/sharing\/share-offsite\/?url=https:\/\/www.capgemini.com\/pl-pl\/?page_id=22302&amp;text=\" target=\"_blank\" rel=\"noopener noreferrer\" title=\"otwiera si\u0119 w nowym oknie\"><i aria-hidden=\"true\" class=\"icon-li\"><\/i><span class=\"sr-only\">Linkedin<\/span><\/a><\/li><\/ul><\/nav><\/div><div class=\"col-12 col-md-11 col-lg-10\"><div class=\"article-text article-quote-text\">\n<figure class=\"wp-block-image aligncenter size-large\"><img loading=\"lazy\" decoding=\"async\" width=\"357\" height=\"124\" src=\"https:\/\/www.capgemini.com\/pl-pl\/wp-content\/uploads\/sites\/27\/2022\/12\/logo-AI-Prasctice1_RGB.png?w=357\" alt=\"\" class=\"wp-image-698777\" srcset=\"https:\/\/www.capgemini.com\/pl-pl\/wp-content\/uploads\/sites\/27\/2022\/12\/logo-AI-Prasctice1_RGB.png 357w, https:\/\/www.capgemini.com\/pl-pl\/wp-content\/uploads\/sites\/27\/2022\/12\/logo-AI-Prasctice1_RGB.png?resize=300,104 300w\" sizes=\"auto, (max-width: 357px) 100vw, 357px\" \/><\/figure>\n\n\n\n<p><\/p>\n\n\n\n<h4 class=\"wp-block-heading\" id=\"h-rewolucja-technologiczna-przetacza-sie-przez-swiat-a-zespol-ia-practice-stal-sie-jej-czescia-dbajac-o-to-by-biznes-mogl-sie-kreatywnie-rozwijac-a-algorytmy-przejmowac-proste-czynnosci-ty-rowniez-masz-szanse-dolaczyc-do-grona-ekspertow-i-wraz-z-naszym-zespolem-sprawic-by-rewolucja-technologiczna-stala-sie-rzeczywistoscia\">Rewolucja technologiczna przetacza si\u0119 przez \u015bwiat, a zesp\u00f3\u0142 IA Practice sta\u0142 si\u0119 jej cz\u0119\u015bci\u0105, dbaj\u0105c o to, by biznes m\u00f3g\u0142 si\u0119 kreatywnie rozwija\u0107, a algorytmy przejmowa\u0107 proste czynno\u015bci. Ty r\u00f3wnie\u017c masz szans\u0119 do\u0142\u0105czy\u0107 do grona ekspert\u00f3w i wraz z naszym zespo\u0142em sprawi\u0107, by rewolucja technologiczna sta\u0142a si\u0119 rzeczywisto\u015bci\u0105.<\/h4>\n\n\n\n<p>Wybierz interesuj\u0105c\u0105 Ci\u0119 ofert\u0119 i sprawd\u017a, kogo szukamy. Je\u015bli posiadasz wszystkie lub wi\u0119kszo\u015b\u0107 kompetencji wyr\u00f3\u017cnionych w ofercie, jest du\u017ca szansa, \u017ce nasz rekruter skontaktuje si\u0119 z Tob\u0105 i wkr\u00f3tce spotkamy si\u0119 na IA Practice.<\/p>\n\n\n\n<p>W razie jakichkolwiek pyta\u0144 prosimy o kontakt z naszym rekruterem Rafa\u0142em Rzepk\u0105&nbsp;<a href=\"mailto:rafal.rzepka@capgemini.com\" target=\"_blank\" rel=\"noreferrer noopener\">rafal.rzepka@capgemini.com<\/a><\/p>\n\n\n\n<div class=\"wp-block-buttons is-layout-flex wp-block-buttons-is-layout-flex\">\n<div class=\"wp-block-button is-style-outline is-style-outline--1\"><a class=\"wp-block-button__link wp-element-button\" href=\"https:\/\/www.capgemini.com\/pl-pl\/intelligent-automation-oferty-pracy\/\">RPA Infrastructure Senior Developer<\/a><\/div>\n<\/div>\n\n\n\n<p><\/p>\n\n\n\n<div class=\"wp-block-buttons is-layout-flex wp-block-buttons-is-layout-flex\">\n<div class=\"wp-block-button is-style-outline is-style-outline--2\"><a class=\"wp-block-button__link wp-element-button\" href=\"https:\/\/www.capgemini.com\/pl-pl\/intelligent-automation-oferty-pracy\/\">Intelligent Automation Project Manager<\/a><\/div>\n<\/div>\n\n\n\n<p><\/p>\n\n\n\n<div class=\"wp-block-buttons is-layout-flex wp-block-buttons-is-layout-flex\">\n<div class=\"wp-block-button is-style-outline is-style-outline--3\"><a class=\"wp-block-button__link wp-element-button\" href=\"https:\/\/www.capgemini.com\/pl-pl\/intelligent-automation-oferty-pracy\/\">Data Engineer<\/a><\/div>\n<\/div>\n\n\n\n<p><\/p>\n\n\n\n<div class=\"wp-block-buttons is-layout-flex wp-block-buttons-is-layout-flex\">\n<div class=\"wp-block-button is-style-outline is-style-outline--4\"><a class=\"wp-block-button__link wp-element-button\" href=\"https:\/\/www.capgemini.com\/pl-pl\/intelligent-automation-oferty-pracy\/\">Chatbot Developer<\/a><\/div>\n<\/div>\n\n\n\n<p><\/p>\n\n\n\n<div class=\"wp-block-buttons is-layout-flex wp-block-buttons-is-layout-flex\">\n<div class=\"wp-block-button is-style-outline is-style-outline--5\"><a class=\"wp-block-button__link wp-element-button\" href=\"https:\/\/www.capgemini.com\/pl-pl\/intelligent-automation-oferty-pracy\/\">Business Process Automation Senior Analyst<\/a><\/div>\n<\/div>\n\n\n\n<p><\/p>\n\n\n\n<div class=\"wp-block-buttons is-layout-flex wp-block-buttons-is-layout-flex\">\n<div class=\"wp-block-button is-style-outline is-style-outline--6\"><a class=\"wp-block-button__link wp-element-button\" href=\"https:\/\/www.capgemini.com\/pl-pl\/intelligent-automation-oferty-pracy\/\">Automation Architect<\/a><\/div>\n<\/div>\n<\/div><\/div><\/div><\/div><\/div><\/section>\n","protected":false},"excerpt":{"rendered":"","protected":false},"author":413,"featured_media":0,"parent":0,"menu_order":0,"comment_status":"closed","ping_status":"closed","template":"","meta":{"cg_dt_proposed_to":[],"cg_seo_hreflang_relations":"[]","cg_seo_canonical_relation":"","cg_seo_hreflang_x_default_relation":"{\"uuid\":\"cf3850bc-6c3c-409a-ada6-e83559e991c1\",\"blogId\":\"\",\"domain\":\"\",\"sitePath\":\"\",\"postLink\":\"\",\"postId\":null,\"isSaved\":true,\"isCrossLink\":false,\"hasCrossLink\":false}","cg_dt_approved_content":true,"cg_dt_mandatory_content":false,"cg_dt_notes":"","cg_dg_source_changed":false,"cg_dt_link_disabled":false,"_yoast_wpseo_primary_brand":"","footnotes":"","featured_focal_points":"","partner_card_description":"","gsap_animation":0},"brand":[],"partner_type":[],"service":[],"industry":[],"partners":[],"page-type":[],"content-group":[],"class_list":["post-700236","page","type-page","status-publish","hentry"],"yoast_head":"<!-- This site is optimized with the Yoast SEO Premium plugin v22.8 (Yoast SEO v22.8) - https:\/\/yoast.com\/wordpress\/plugins\/seo\/ -->\n<title>Intelligent automation- oferty pracy - Capgemini Poland<\/title>\n<meta name=\"description\" content=\"Rewolucja technologiczna przetacza si\u0119 przez \u015bwiat, a zesp\u00f3\u0142 IA Practice sta\u0142 si\u0119 jej cz\u0119\u015bci\u0105, dbaj\u0105c o to, by biznes m\u00f3g\u0142 si\u0119 kreatywnie rozwija\u0107, a algorytmy przejmowa\u0107 proste czynno\u015bci.\" \/>\n<meta name=\"robots\" content=\"index, follow, max-snippet:-1, max-image-preview:large, max-video-preview:-1\" \/>\n<link rel=\"canonical\" href=\"https:\/\/www.capgemini.com\/pl-pl\/intelligent-automation-oferty-pracy\/\" \/>\n<meta property=\"og:locale\" content=\"pl_PL\" \/>\n<meta property=\"og:type\" content=\"article\" \/>\n<meta property=\"og:title\" content=\"Intelligent automation- oferty pracy\" \/>\n<meta property=\"og:description\" content=\"Rewolucja technologiczna przetacza si\u0119 przez \u015bwiat, a zesp\u00f3\u0142 IA Practice sta\u0142 si\u0119 jej cz\u0119\u015bci\u0105, dbaj\u0105c o to, by biznes m\u00f3g\u0142 si\u0119 kreatywnie rozwija\u0107, a algorytmy przejmowa\u0107 proste czynno\u015bci.\" \/>\n<meta property=\"og:url\" content=\"https:\/\/www.capgemini.com\/pl-pl\/intelligent-automation-oferty-pracy\/\" \/>\n<meta property=\"og:site_name\" content=\"Capgemini Poland\" \/>\n<meta property=\"article:modified_time\" content=\"2025-03-12T05:59:43+00:00\" \/>\n<meta property=\"og:image\" content=\"https:\/\/www.capgemini.com\/pl-pl\/wp-content\/uploads\/sites\/27\/2023\/01\/Automation-1.png\" \/>\n<meta name=\"twitter:card\" content=\"summary_large_image\" \/>\n<meta name=\"twitter:label1\" content=\"Est. reading time\" \/>\n\t<meta name=\"twitter:data1\" content=\"2 minutes\" \/>\n<script type=\"application\/ld+json\" class=\"yoast-schema-graph\">{\"@context\":\"https:\/\/schema.org\",\"@graph\":[{\"@type\":\"WebPage\",\"@id\":\"https:\/\/www.capgemini.com\/pl-pl\/intelligent-automation-oferty-pracy\/\",\"url\":\"https:\/\/www.capgemini.com\/pl-pl\/intelligent-automation-oferty-pracy\/\",\"name\":\"Intelligent automation- oferty pracy - Capgemini Poland\",\"isPartOf\":{\"@id\":\"https:\/\/www.capgemini.com\/pl-pl\/#website\"},\"primaryImageOfPage\":{\"@id\":\"https:\/\/www.capgemini.com\/pl-pl\/intelligent-automation-oferty-pracy\/#primaryimage\"},\"image\":{\"@id\":\"https:\/\/www.capgemini.com\/pl-pl\/intelligent-automation-oferty-pracy\/#primaryimage\"},\"thumbnailUrl\":\"https:\/\/www.capgemini.com\/pl-pl\/wp-content\/uploads\/sites\/27\/2023\/01\/Automation-1.png\",\"datePublished\":\"2023-01-25T13:02:41+00:00\",\"dateModified\":\"2025-03-12T05:59:43+00:00\",\"description\":\"Rewolucja technologiczna przetacza si\u0119 przez \u015bwiat, a zesp\u00f3\u0142 IA Practice sta\u0142 si\u0119 jej cz\u0119\u015bci\u0105, dbaj\u0105c o to, by biznes m\u00f3g\u0142 si\u0119 kreatywnie rozwija\u0107, a algorytmy przejmowa\u0107 proste czynno\u015bci.\",\"breadcrumb\":{\"@id\":\"https:\/\/www.capgemini.com\/pl-pl\/intelligent-automation-oferty-pracy\/#breadcrumb\"},\"inLanguage\":\"pl-PL\",\"potentialAction\":[{\"@type\":\"ReadAction\",\"target\":[\"https:\/\/www.capgemini.com\/pl-pl\/intelligent-automation-oferty-pracy\/\"]}]},{\"@type\":\"ImageObject\",\"inLanguage\":\"pl-PL\",\"@id\":\"https:\/\/www.capgemini.com\/pl-pl\/intelligent-automation-oferty-pracy\/#primaryimage\",\"url\":\"https:\/\/www.capgemini.com\/pl-pl\/wp-content\/uploads\/sites\/27\/2023\/01\/Automation-1.png\",\"contentUrl\":\"https:\/\/www.capgemini.com\/pl-pl\/wp-content\/uploads\/sites\/27\/2023\/01\/Automation-1.png\"},{\"@type\":\"BreadcrumbList\",\"@id\":\"https:\/\/www.capgemini.com\/pl-pl\/intelligent-automation-oferty-pracy\/#breadcrumb\",\"itemListElement\":[{\"@type\":\"ListItem\",\"position\":1,\"name\":\"Home\",\"item\":\"https:\/\/www.capgemini.com\/pl-pl\/\"},{\"@type\":\"ListItem\",\"position\":2,\"name\":\"Intelligent automation- oferty pracy\"}]},{\"@type\":\"WebSite\",\"@id\":\"https:\/\/www.capgemini.com\/pl-pl\/#website\",\"url\":\"https:\/\/www.capgemini.com\/pl-pl\/\",\"name\":\"Capgemini Polska\",\"description\":\"Capgemini\",\"potentialAction\":[{\"@type\":\"SearchAction\",\"target\":{\"@type\":\"EntryPoint\",\"urlTemplate\":\"https:\/\/www.capgemini.com\/pl-pl\/?s={search_term_string}\"},\"query-input\":\"required name=search_term_string\"}],\"inLanguage\":\"pl-PL\"}]}<\/script>\n<!-- \/ Yoast SEO Premium plugin. -->","yoast_head_json":{"title":"Intelligent automation- oferty pracy - Capgemini Poland","description":"Rewolucja technologiczna przetacza si\u0119 przez \u015bwiat, a zesp\u00f3\u0142 IA Practice sta\u0142 si\u0119 jej cz\u0119\u015bci\u0105, dbaj\u0105c o to, by biznes m\u00f3g\u0142 si\u0119 kreatywnie rozwija\u0107, a algorytmy przejmowa\u0107 proste czynno\u015bci.","robots":{"index":"index","follow":"follow","max-snippet":"max-snippet:-1","max-image-preview":"max-image-preview:large","max-video-preview":"max-video-preview:-1"},"canonical":"https:\/\/www.capgemini.com\/pl-pl\/intelligent-automation-oferty-pracy\/","og_locale":"pl_PL","og_type":"article","og_title":"Intelligent automation- oferty pracy","og_description":"Rewolucja technologiczna przetacza si\u0119 przez \u015bwiat, a zesp\u00f3\u0142 IA Practice sta\u0142 si\u0119 jej cz\u0119\u015bci\u0105, dbaj\u0105c o to, by biznes m\u00f3g\u0142 si\u0119 kreatywnie rozwija\u0107, a algorytmy przejmowa\u0107 proste czynno\u015bci.","og_url":"https:\/\/www.capgemini.com\/pl-pl\/intelligent-automation-oferty-pracy\/","og_site_name":"Capgemini Poland","article_modified_time":"2025-03-12T05:59:43+00:00","og_image":[{"url":"https:\/\/www.capgemini.com\/pl-pl\/wp-content\/uploads\/sites\/27\/2023\/01\/Automation-1.png"}],"twitter_card":"summary_large_image","twitter_misc":{"Est. reading time":"2 minutes"},"schema":{"@context":"https:\/\/schema.org","@graph":[{"@type":"WebPage","@id":"https:\/\/www.capgemini.com\/pl-pl\/intelligent-automation-oferty-pracy\/","url":"https:\/\/www.capgemini.com\/pl-pl\/intelligent-automation-oferty-pracy\/","name":"Intelligent automation- oferty pracy - Capgemini Poland","isPartOf":{"@id":"https:\/\/www.capgemini.com\/pl-pl\/#website"},"primaryImageOfPage":{"@id":"https:\/\/www.capgemini.com\/pl-pl\/intelligent-automation-oferty-pracy\/#primaryimage"},"image":{"@id":"https:\/\/www.capgemini.com\/pl-pl\/intelligent-automation-oferty-pracy\/#primaryimage"},"thumbnailUrl":"https:\/\/www.capgemini.com\/pl-pl\/wp-content\/uploads\/sites\/27\/2023\/01\/Automation-1.png","datePublished":"2023-01-25T13:02:41+00:00","dateModified":"2025-03-12T05:59:43+00:00","description":"Rewolucja technologiczna przetacza si\u0119 przez \u015bwiat, a zesp\u00f3\u0142 IA Practice sta\u0142 si\u0119 jej cz\u0119\u015bci\u0105, dbaj\u0105c o to, by biznes m\u00f3g\u0142 si\u0119 kreatywnie rozwija\u0107, a algorytmy przejmowa\u0107 proste czynno\u015bci.","breadcrumb":{"@id":"https:\/\/www.capgemini.com\/pl-pl\/intelligent-automation-oferty-pracy\/#breadcrumb"},"inLanguage":"pl-PL","potentialAction":[{"@type":"ReadAction","target":["https:\/\/www.capgemini.com\/pl-pl\/intelligent-automation-oferty-pracy\/"]}]},{"@type":"ImageObject","inLanguage":"pl-PL","@id":"https:\/\/www.capgemini.com\/pl-pl\/intelligent-automation-oferty-pracy\/#primaryimage","url":"https:\/\/www.capgemini.com\/pl-pl\/wp-content\/uploads\/sites\/27\/2023\/01\/Automation-1.png","contentUrl":"https:\/\/www.capgemini.com\/pl-pl\/wp-content\/uploads\/sites\/27\/2023\/01\/Automation-1.png"},{"@type":"BreadcrumbList","@id":"https:\/\/www.capgemini.com\/pl-pl\/intelligent-automation-oferty-pracy\/#breadcrumb","itemListElement":[{"@type":"ListItem","position":1,"name":"Home","item":"https:\/\/www.capgemini.com\/pl-pl\/"},{"@type":"ListItem","position":2,"name":"Intelligent automation- oferty pracy"}]},{"@type":"WebSite","@id":"https:\/\/www.capgemini.com\/pl-pl\/#website","url":"https:\/\/www.capgemini.com\/pl-pl\/","name":"Capgemini Polska","description":"Capgemini","potentialAction":[{"@type":"SearchAction","target":{"@type":"EntryPoint","urlTemplate":"https:\/\/www.capgemini.com\/pl-pl\/?s={search_term_string}"},"query-input":"required name=search_term_string"}],"inLanguage":"pl-PL"}]}},"brand_term":[],"parsely":{"version":"1.1.0","canonical_url":"https:\/\/capgemini.com\/pl-pl\/intelligent-automation-oferty-pracy\/","smart_links":{"inbound":0,"outbound":0},"traffic_boost_suggestions_count":0,"meta":{"@context":"https:\/\/schema.org","@type":"WebPage","headline":"Intelligent automation- oferty pracy","url":"https:\/\/www.capgemini.com\/pl-pl\/intelligent-automation-oferty-pracy\/","mainEntityOfPage":{"@type":"WebPage","@id":"https:\/\/www.capgemini.com\/pl-pl\/intelligent-automation-oferty-pracy\/"},"thumbnailUrl":"","image":{"@type":"ImageObject","url":""},"articleSection":"Uncategorized","author":[],"creator":[],"publisher":{"@type":"Organization","name":"Capgemini Poland","logo":""},"keywords":[],"dateCreated":"2023-01-25T13:02:41Z","datePublished":"2023-01-25T13:02:41Z","dateModified":"2025-03-12T05:59:43Z"},"rendered":"<meta name=\"parsely-title\" content=\"Intelligent automation- oferty pracy\" \/>\n<meta name=\"parsely-link\" content=\"https:\/\/www.capgemini.com\/pl-pl\/intelligent-automation-oferty-pracy\/\" \/>\n<meta name=\"parsely-type\" content=\"index\" \/>\n<meta name=\"parsely-pub-date\" content=\"2023-01-25T13:02:41Z\" \/>\n<meta name=\"parsely-section\" content=\"Uncategorized\" \/>","tracker_url":"https:\/\/cdn.parsely.com\/keys\/capgemini.com\/p.js"},"archive_status":false,"featured_image_src":"https:\/\/www.capgemini.com\/pl-pl\/wp-content\/themes\/capgemini2025\/assets\/images\/mockup.png","featured_image_alt":false,"jetpack_sharing_enabled":true,"distributor_meta":false,"distributor_terms":false,"distributor_media":false,"distributor_original_site_name":"Capgemini Poland","distributor_original_site_url":"https:\/\/www.capgemini.com\/pl-pl","push-errors":false,"_links":{"self":[{"href":"https:\/\/www.capgemini.com\/pl-pl\/wp-json\/wp\/v2\/pages\/700236","targetHints":{"allow":["GET"]}}],"collection":[{"href":"https:\/\/www.capgemini.com\/pl-pl\/wp-json\/wp\/v2\/pages"}],"about":[{"href":"https:\/\/www.capgemini.com\/pl-pl\/wp-json\/wp\/v2\/types\/page"}],"author":[{"embeddable":true,"href":"https:\/\/www.capgemini.com\/pl-pl\/wp-json\/wp\/v2\/users\/413"}],"replies":[{"embeddable":true,"href":"https:\/\/www.capgemini.com\/pl-pl\/wp-json\/wp\/v2\/comments?post=700236"}],"version-history":[{"count":6,"href":"https:\/\/www.capgemini.com\/pl-pl\/wp-json\/wp\/v2\/pages\/700236\/revisions"}],"predecessor-version":[{"id":909178,"href":"https:\/\/www.capgemini.com\/pl-pl\/wp-json\/wp\/v2\/pages\/700236\/revisions\/909178"}],"wp:attachment":[{"href":"https:\/\/www.capgemini.com\/pl-pl\/wp-json\/wp\/v2\/media?parent=700236"}],"wp:term":[{"taxonomy":"brand","embeddable":true,"href":"https:\/\/www.capgemini.com\/pl-pl\/wp-json\/wp\/v2\/brand?post=700236"},{"taxonomy":"partner_type","embeddable":true,"href":"https:\/\/www.capgemini.com\/pl-pl\/wp-json\/wp\/v2\/partner_type?post=700236"},{"taxonomy":"service","embeddable":true,"href":"https:\/\/www.capgemini.com\/pl-pl\/wp-json\/wp\/v2\/service?post=700236"},{"taxonomy":"industry","embeddable":true,"href":"https:\/\/www.capgemini.com\/pl-pl\/wp-json\/wp\/v2\/industry?post=700236"},{"taxonomy":"partners","embeddable":true,"href":"https:\/\/www.capgemini.com\/pl-pl\/wp-json\/wp\/v2\/partners?post=700236"},{"taxonomy":"page-type","embeddable":true,"href":"https:\/\/www.capgemini.com\/pl-pl\/wp-json\/wp\/v2\/page-type?post=700236"},{"taxonomy":"content-group","embeddable":true,"href":"https:\/\/www.capgemini.com\/pl-pl\/wp-json\/wp\/v2\/content-group?post=700236"}],"curies":[{"name":"wp","href":"https:\/\/api.w.org\/{rel}","templated":true}]}}