{"id":699939,"date":"2023-01-24T07:20:51","date_gmt":"2023-01-24T07:20:51","guid":{"rendered":"https:\/\/www.capgemini.com\/pl-pl\/?page_id=699939"},"modified":"2026-02-02T12:24:57","modified_gmt":"2026-02-02T12:24:57","slug":"poznaj-nasze-communities","status":"publish","type":"page","link":"https:\/\/www.capgemini.com\/pl-pl\/kariera\/dlaczego-capgemini\/kultura-inkluzywna\/poznaj-nasze-communities\/","title":{"rendered":"Poznaj nasze communities"},"content":{"rendered":"\n<div class=\"wp-block-cg-blocks-hero-picture-card undefined  heroPictureCard\"><div class=\"heroPictureCardBgs\"><picture><source srcset=\"https:\/\/www.capgemini.com\/pl-pl\/wp-content\/uploads\/sites\/27\/2023\/01\/Capgemini_ERP-groups.webp?w=2880&amp;quality=70 1x, https:\/\/www.capgemini.com\/pl-pl\/wp-content\/uploads\/sites\/27\/2023\/01\/Capgemini_ERP-groups.webp?w=2880&amp;quality=70 2x\" media=\"(min-width: 1500px)\"\/><source srcset=\"https:\/\/www.capgemini.com\/pl-pl\/wp-content\/uploads\/sites\/27\/2023\/01\/Capgemini_ERP-groups.webp?w=1440&amp;quality=70 1x, https:\/\/www.capgemini.com\/pl-pl\/wp-content\/uploads\/sites\/27\/2023\/01\/Capgemini_ERP-groups.webp?w=2880&amp;quality=70 2x\" media=\"(min-width: 992px)\"\/><source srcset=\"https:\/\/www.capgemini.com\/pl-pl\/wp-content\/uploads\/sites\/27\/2023\/01\/Capgemini_ERP-groups.webp?w=1024&amp;quality=70 1x, https:\/\/www.capgemini.com\/pl-pl\/wp-content\/uploads\/sites\/27\/2023\/01\/Capgemini_ERP-groups.webp?w=1024&amp;quality=70 2x\" media=\"(min-width: 768px)\"\/><source srcset=\"https:\/\/www.capgemini.com\/pl-pl\/wp-content\/uploads\/sites\/27\/2023\/01\/Capgemini_ERP-groups.webp?w=768&amp;quality=70 1x, https:\/\/www.capgemini.com\/pl-pl\/wp-content\/uploads\/sites\/27\/2023\/01\/Capgemini_ERP-groups.webp?w=768&amp;quality=70 2x\" media=\"(min-width: 0)\"\/><img decoding=\"async\" src=\"https:\/\/www.capgemini.com\/pl-pl\/wp-content\/uploads\/sites\/27\/2023\/01\/Capgemini_ERP-groups.webp\" class=\"desktopImage\" alt=\"\" style=\"object-fit:cover;object-position:41% 11%\" loading=\"eager\"\/><\/picture><picture><source srcset=\"https:\/\/www.capgemini.com\/pl-pl\/wp-content\/uploads\/sites\/27\/2023\/01\/Capgemini_ERP-groups.webp?w=2880&amp;quality=70 1x, https:\/\/www.capgemini.com\/pl-pl\/wp-content\/uploads\/sites\/27\/2023\/01\/Capgemini_ERP-groups.webp?w=2880&amp;quality=70 2x\" media=\"(min-width: 1500px)\"\/><source srcset=\"https:\/\/www.capgemini.com\/pl-pl\/wp-content\/uploads\/sites\/27\/2023\/01\/Capgemini_ERP-groups.webp?w=1440&amp;quality=70 1x, https:\/\/www.capgemini.com\/pl-pl\/wp-content\/uploads\/sites\/27\/2023\/01\/Capgemini_ERP-groups.webp?w=2880&amp;quality=70 2x\" media=\"(min-width: 992px)\"\/><source srcset=\"https:\/\/www.capgemini.com\/pl-pl\/wp-content\/uploads\/sites\/27\/2023\/01\/Capgemini_ERP-groups.webp?w=1024&amp;quality=70 1x, https:\/\/www.capgemini.com\/pl-pl\/wp-content\/uploads\/sites\/27\/2023\/01\/Capgemini_ERP-groups.webp?w=1024&amp;quality=70 2x\" media=\"(min-width: 768px)\"\/><source srcset=\"https:\/\/www.capgemini.com\/pl-pl\/wp-content\/uploads\/sites\/27\/2023\/01\/Capgemini_ERP-groups.webp?w=768&amp;quality=70 1x, https:\/\/www.capgemini.com\/pl-pl\/wp-content\/uploads\/sites\/27\/2023\/01\/Capgemini_ERP-groups.webp?w=768&amp;quality=70 2x\" media=\"(min-width: 0)\"\/><img decoding=\"async\" src=\"https:\/\/www.capgemini.com\/pl-pl\/wp-content\/uploads\/sites\/27\/2023\/01\/Capgemini_ERP-groups.webp\" class=\"mobileImage\" alt=\"\" style=\"object-fit:cover;object-position:41% 11%\" loading=\"eager\"\/><\/picture><\/div><div class=\"heroPictureCardHeaderShape\"><\/div><div class=\"container\"><div class=\"row\"><div class=\"col-md-8 col-lg-6\"><div class=\"heroPictureCardBox\"><div class=\"heroPictureCardBoxTitle\"><h1 data-maxlength=\"144\">Poznaj nasze communities<\/h1><\/div><\/div><\/div><\/div><\/div><div class=\"small-device\"><div class=\"brandLogoWrapper\"> <\/div><\/div><\/div>\n\n\n\n<section class=\"wp-block-cg-blocks-group undefined section section--article-content\"><div class=\"article-main-content\"><div class=\"container\"><div class=\"row\"><div class=\"col-12 col-md-1\"><nav class=\"article-social\"><ul class=\"social-nav\"><li class=\"ip-order-fb\"><a href=\"https:\/\/www.facebook.com\/sharer\/sharer.php?u=https:\/\/www.capgemini.com\/pl-pl\/?page_id=699939\" target=\"_blank\" rel=\"noopener noreferrer\" title=\"opens in a new window\"><i aria-hidden=\"true\" class=\"icon-fb\"><\/i><span class=\"sr-only\">Facebook<\/span><\/a><\/li><li class=\"ip-order-tw\"><a href=\"https:\/\/twitter.com\/intent\/tweet?url=https:\/\/www.capgemini.com\/pl-pl\/?page_id=699939&amp;text=\" target=\"_blank\" rel=\"noopener noreferrer\" title=\"opens in a new window\"><i aria-hidden=\"true\" class=\"icon-tw\"><\/i><span class=\"sr-only\">Twitter<\/span><\/a><\/li><li class=\"ip-order-li\"><a href=\"https:\/\/www.linkedin.com\/sharing\/share-offsite\/?url=https:\/\/www.capgemini.com\/pl-pl\/?page_id=699939&amp;text=\" target=\"_blank\" rel=\"noopener noreferrer\" title=\"opens in a new window\"><i aria-hidden=\"true\" class=\"icon-li\"><\/i><span class=\"sr-only\">Linkedin<\/span><\/a><\/li><\/ul><\/nav><\/div><div class=\"col-12 col-md-11 col-lg-10\"><div class=\"article-text article-quote-text\">\n<h2 class=\"wp-block-heading\" id=\"h-w-capgemini-laczymy-ludzi-pelnych-pasji-dzialajacych-na-rzecz-roznorodnosci-rownego-traktowania-tworzenia-inkluzywnych-miejsc-pracy-oraz-troski-o-srodowisko-naturalne\">W Capgemini \u0142\u0105czymy ludzi pe\u0142nych pasji, dzia\u0142aj\u0105cych na rzecz r\u00f3\u017cnorodno\u015bci, r\u00f3wnego traktowania, tworzenia inkluzywnych miejsc pracy oraz troski o \u015brodowisko naturalne.<\/h2>\n\n\n\n<p>W polskim oddziale Capgemini aktywnie dzia\u0142aj\u0105 sieci pracownicze: Women@Capgemini, Men@Capgemini, CulturALL, OUTfront, NeuroAbility Community, CapAbility Community, Accessibility Community oraz Green it! Community.<\/p>\n\n\n\n<h4 class=\"wp-block-heading\" id=\"h-culturall\"><strong>CulturALL<\/strong><\/h4>\n\n\n\n<p>CulturALL powsta\u0142o z inicjatywy os\u00f3b, kt\u00f3re po przeprowadzce do Polski znalaz\u0142y si\u0119 w nowym \u015brodowisku i stworzy\u0142y w firmie sie\u0107 wzajemnego wsparcia. Z czasem grupa sta\u0142a si\u0119 przestrzeni\u0105 mi\u0119dzykulturowej wymiany, poznawania zwyczaj\u00f3w r\u00f3\u017cnych kraj\u00f3w oraz celebrowania zar\u00f3wno lokalnych, jak i globalnych \u015bwi\u0105t. Do CulturALL zapraszamy zar\u00f3wno osoby przyjezdne, jak i lokalne \u2013 wszystkich, kt\u00f3rzy chc\u0105 odkrywa\u0107 \u015bwiat i poznawa\u0107 ludzi z r\u00f3\u017cnych kultur i \u015brodowisk.<\/p>\n\n\n\n<h4 class=\"wp-block-heading\" id=\"h-outfront\"><strong>OutFront <\/strong><\/h4>\n\n\n\n<p>OUTfront skupia osoby LGBT+ oraz osoby sojusznicze, kt\u00f3re chc\u0105 budowa\u0107 przestrze\u0144 do edukacji, zwi\u0119kszania \u015bwiadomo\u015bci oraz wspierania rozwoju zawodowego i autentyczno\u015bci os\u00f3b LGBT+ w miejscu pracy. Grupa k\u0142adzie szczeg\u00f3lny nacisk na w\u0142\u0105czanie os\u00f3b transp\u0142ciowych oraz tworzenie bezpiecznego i wspieraj\u0105cego \u015brodowiska pracy w Capgemini Polska.<\/p>\n\n\n\n<h4 class=\"wp-block-heading\" id=\"h-women-capgemini\"><strong>Women@Capgemini<\/strong> <\/h4>\n\n\n\n<p>Women@Capgemini to globalny program uruchomiony w 2012 roku z inicjatywy \u00f3wczesnego dyrektora generalnego Paula Hermelina. Jego celem jest wyznaczanie i realizowanie strategii dotycz\u0105cej r\u00f3wnowagi p\u0142ci w ca\u0142ej Grupie Capgemini. W Polsce Women@Capgemini ju\u017c od 10 lat integruje i wspiera kobiety w \u017cyciu zawodowym i spo\u0142ecznym. Kluczow\u0105 rol\u0119 odgrywa networking, wymiana wiedzy i do\u015bwiadcze\u0144 oraz budowanie relacji. Grupa anga\u017cuje si\u0119 r\u00f3wnie\u017c w inicjatywy na rzecz lokalnych spo\u0142eczno\u015bci, wzmacniania talent\u00f3w kobiet i ich mo\u017cliwo\u015bci rozwojowych.<\/p>\n\n\n\n<h4 class=\"wp-block-heading\" id=\"h-men-capgemini\">Men@Capgemini<\/h4>\n\n\n\n<p>Grupa dzia\u0142a od 2025 roku, \u0142\u0105cz\u0105c osoby, kt\u00f3re chc\u0105 wspiera\u0107 m\u0119\u017cczyzn w rozwoju zawodowym i prywatnym, a tak\u017ce promowa\u0107 ich dobrostan \u2013 zar\u00f3wno fizyczny, jak i psychiczny. Men@Capgemini skupia si\u0119 na budowaniu relacji, wymianie do\u015bwiadcze\u0144 i rozwijaniu wsp\u00f3lnych pasji. W\u0142\u0105cza si\u0119 w inicjatywy zwi\u0105zane m.in. z rodzicielstwem, profilaktyk\u0105 i leczeniem chor\u00f3b nowotworowych oraz promowaniem zdrowego stylu \u017cycia.<\/p>\n\n\n\n<h4 class=\"wp-block-heading\" id=\"h-neuroability-community\">Neuroability Community <\/h4>\n\n\n\n<p>Sie\u0107 powsta\u0142a w 2024 roku, aby wspiera\u0107 budowanie inkluzywnego i bezpiecznego \u015brodowiska dla os\u00f3b neuroatypowych. Jej celem jest stworzenie przestrzeni, w kt\u00f3rej ka\u017cdy mo\u017ce czu\u0107 si\u0119 doceniany, szanowany i mie\u0107 mo\u017cliwo\u015b\u0107 dzielenia si\u0119 swoimi unikalnymi perspektywami i talentami. Grupa organizuje spotkania po\u015bwi\u0119cone wsparciu os\u00f3b neuroatypowych w miejscu pracy, a tak\u017ce tworzy okazje do wymiany obserwacji i opinii dotycz\u0105cych neuror\u00f3\u017cnorodno\u015bci. Do wsp\u00f3\u0142pracy zaprasza organizacje zewn\u0119trzne w dziedziny neuronauki oraz w\u0142\u0105czania, a tak\u017ce przedstawicieli biznesu i sektora non-profit.<\/p>\n\n\n\n<h4 class=\"wp-block-heading\" id=\"h-capability-community\">CapAbility Community<\/h4>\n\n\n\n<p>Celem tej sieci jest wspieranie r\u00f3\u017cnorodno\u015bci w miejscu pracy, ze szczeg\u00f3lnym uwzgl\u0119dnieniem os\u00f3b z niepe\u0142nosprawno\u015bciami. Jak podkre\u015blaj\u0105 liderki i liderzy CapAbility Community: \u201eChcemy stworzy\u0107 bezpieczn\u0105 przestrze\u0144, w kt\u00f3rej ka\u017cda osoba \u2013 niezale\u017cnie od etapu w\u0142asnej drogi czy wyzwa\u0144, z jakimi si\u0119 mierzy \u2013 mo\u017ce odnale\u017a\u0107 wsparcie i zrozumienie.\u201d CapAbilty Community zosta\u0142o uruchomione w 2024 roku.<\/p>\n\n\n\n<h4 class=\"wp-block-heading\" id=\"h-accessibility-community\">Accessibility Community<\/h4>\n\n\n\n<p>Sie\u0107 wspiera tworzenie dost\u0119pnych cyfrowo rozwi\u0105za\u0144 i produkt\u00f3w. Cz\u0142onkowie i cz\u0142onkinie Accessibility Community dziel\u0105 si\u0119 wiedz\u0105 eksperck\u0105, aby zwi\u0119ksza\u0107 \u015bwiadomo\u015b\u0107, edukowa\u0107 i przekazywa\u0107 praktyczne wskaz\u00f3wki przydatne w codziennej pracy \u2013 m.in. w projektowaniu, programowaniu, testowaniu oraz zarz\u0105dzaniu produktami cyfrowymi. Regularnie publikowany jest newsletter po\u015bwi\u0119cony tematyce dost\u0119pno\u015bci. Grupa aktywnie uczestniczy tak\u017ce w webinarach, szkoleniach i konferencjach, buduj\u0105c sie\u0107 kontakt\u00f3w i rozwijaj\u0105c kompetencje z zakresu accessibility.<\/p>\n\n\n\n<h4 class=\"wp-block-heading\" id=\"h-green-it-community\">Green it! Community<\/h4>\n\n\n\n<p>Grupa zrzesza osoby zainteresowane nowymi technologiami i promuj\u0105ce rozwi\u0105zania IT, kt\u00f3re oszcz\u0119dzaj\u0105 zasoby, redukuj\u0105 wp\u0142yw cz\u0142owieka na \u015brodowisko oraz wspieraj\u0105 tzw. zielone kodowanie i ograniczanie cyfrowego \u015bladu w\u0119glowego. Ekspertki i eksperci Green it! Community wspieraj\u0105 r\u00f3wnie\u017c ekologiczne dzia\u0142ania wolontariatu pracowniczego w Capgemini Polska, realizowane w ramach strategicznego filaru CSR \u201etroska o \u015brodowisko\u201d.<\/p>\n<\/div><\/div><\/div><\/div><\/div><\/section>\n","protected":false},"excerpt":{"rendered":"","protected":false},"author":413,"featured_media":0,"parent":515080,"menu_order":0,"comment_status":"closed","ping_status":"closed","template":"","meta":{"cg_dt_proposed_to":[],"cg_seo_hreflang_relations":"[]","cg_seo_canonical_relation":"","cg_seo_hreflang_x_default_relation":"{\"uuid\":\"0585a46b-5068-4233-a724-de1459fd6525\",\"blogId\":\"\",\"domain\":\"\",\"sitePath\":\"\",\"postLink\":\"\",\"postId\":null,\"isSaved\":true,\"isCrossLink\":false,\"hasCrossLink\":false}","cg_dt_approved_content":true,"cg_dt_mandatory_content":false,"cg_dt_notes":"","cg_dg_source_changed":false,"cg_dt_link_disabled":false,"_yoast_wpseo_primary_brand":"","footnotes":"","featured_focal_points":"","partner_card_description":"","gsap_animation":0},"brand":[],"partner_type":[],"service":[],"industry":[],"partners":[],"page-type":[],"content-group":[],"class_list":["post-699939","page","type-page","status-publish","hentry"],"yoast_head":"<!-- This site is optimized with the Yoast SEO Premium plugin v22.8 (Yoast SEO v22.8) - https:\/\/yoast.com\/wordpress\/plugins\/seo\/ -->\n<title>Poznaj nasze communities - Capgemini Poland<\/title>\n<meta name=\"description\" content=\"\u0141\u0105czymy ze sob\u0105 ludzi pe\u0142nych pasji do dzia\u0142ania na rzecz wspierania r\u00f3\u017cnorodno\u015bci, sprawiedliwego traktowania i tworzenia inkluzywnych miejsc pracy.\" \/>\n<meta name=\"robots\" content=\"index, follow, max-snippet:-1, max-image-preview:large, max-video-preview:-1\" \/>\n<link rel=\"canonical\" href=\"https:\/\/www.capgemini.com\/pl-pl\/kariera\/dlaczego-capgemini\/kultura-inkluzywna\/poznaj-nasze-communities\/\" \/>\n<meta property=\"og:locale\" content=\"pl_PL\" \/>\n<meta property=\"og:type\" content=\"article\" \/>\n<meta property=\"og:title\" content=\"Poznaj nasze communities\" \/>\n<meta property=\"og:description\" content=\"\u0141\u0105czymy ze sob\u0105 ludzi pe\u0142nych pasji do dzia\u0142ania na rzecz wspierania r\u00f3\u017cnorodno\u015bci, sprawiedliwego traktowania i tworzenia inkluzywnych miejsc pracy.\" \/>\n<meta property=\"og:url\" content=\"https:\/\/www.capgemini.com\/pl-pl\/kariera\/dlaczego-capgemini\/kultura-inkluzywna\/poznaj-nasze-communities\/\" \/>\n<meta property=\"og:site_name\" content=\"Capgemini Poland\" \/>\n<meta property=\"article:modified_time\" content=\"2026-02-02T12:24:57+00:00\" \/>\n<meta property=\"og:image\" content=\"https:\/\/www.capgemini.com\/pl-pl\/wp-content\/uploads\/sites\/27\/2023\/01\/Capgemini_ERP-groups.webp\" \/>\n<meta name=\"twitter:card\" content=\"summary_large_image\" \/>\n<meta name=\"twitter:label1\" content=\"Est. reading time\" \/>\n\t<meta name=\"twitter:data1\" content=\"4 minutes\" \/>\n<script type=\"application\/ld+json\" class=\"yoast-schema-graph\">{\"@context\":\"https:\/\/schema.org\",\"@graph\":[{\"@type\":\"WebPage\",\"@id\":\"https:\/\/www.capgemini.com\/pl-pl\/kariera\/dlaczego-capgemini\/kultura-inkluzywna\/poznaj-nasze-communities\/\",\"url\":\"https:\/\/www.capgemini.com\/pl-pl\/kariera\/dlaczego-capgemini\/kultura-inkluzywna\/poznaj-nasze-communities\/\",\"name\":\"Poznaj nasze communities - Capgemini Poland\",\"isPartOf\":{\"@id\":\"https:\/\/www.capgemini.com\/pl-pl\/#website\"},\"primaryImageOfPage\":{\"@id\":\"https:\/\/www.capgemini.com\/pl-pl\/kariera\/dlaczego-capgemini\/kultura-inkluzywna\/poznaj-nasze-communities\/#primaryimage\"},\"image\":{\"@id\":\"https:\/\/www.capgemini.com\/pl-pl\/kariera\/dlaczego-capgemini\/kultura-inkluzywna\/poznaj-nasze-communities\/#primaryimage\"},\"thumbnailUrl\":\"https:\/\/www.capgemini.com\/pl-pl\/wp-content\/uploads\/sites\/27\/2023\/01\/Capgemini_ERP-groups.webp\",\"datePublished\":\"2023-01-24T07:20:51+00:00\",\"dateModified\":\"2026-02-02T12:24:57+00:00\",\"description\":\"\u0141\u0105czymy ze sob\u0105 ludzi pe\u0142nych pasji do dzia\u0142ania na rzecz wspierania r\u00f3\u017cnorodno\u015bci, sprawiedliwego traktowania i tworzenia inkluzywnych miejsc pracy.\",\"breadcrumb\":{\"@id\":\"https:\/\/www.capgemini.com\/pl-pl\/kariera\/dlaczego-capgemini\/kultura-inkluzywna\/poznaj-nasze-communities\/#breadcrumb\"},\"inLanguage\":\"pl-PL\",\"potentialAction\":[{\"@type\":\"ReadAction\",\"target\":[\"https:\/\/www.capgemini.com\/pl-pl\/kariera\/dlaczego-capgemini\/kultura-inkluzywna\/poznaj-nasze-communities\/\"]}]},{\"@type\":\"ImageObject\",\"inLanguage\":\"pl-PL\",\"@id\":\"https:\/\/www.capgemini.com\/pl-pl\/kariera\/dlaczego-capgemini\/kultura-inkluzywna\/poznaj-nasze-communities\/#primaryimage\",\"url\":\"https:\/\/www.capgemini.com\/pl-pl\/wp-content\/uploads\/sites\/27\/2023\/01\/Capgemini_ERP-groups.webp\",\"contentUrl\":\"https:\/\/www.capgemini.com\/pl-pl\/wp-content\/uploads\/sites\/27\/2023\/01\/Capgemini_ERP-groups.webp\"},{\"@type\":\"BreadcrumbList\",\"@id\":\"https:\/\/www.capgemini.com\/pl-pl\/kariera\/dlaczego-capgemini\/kultura-inkluzywna\/poznaj-nasze-communities\/#breadcrumb\",\"itemListElement\":[{\"@type\":\"ListItem\",\"position\":1,\"name\":\"Home\",\"item\":\"https:\/\/www.capgemini.com\/pl-pl\/\"},{\"@type\":\"ListItem\",\"position\":2,\"name\":\"Kariera\",\"item\":\"https:\/\/www.capgemini.com\/pl-pl\/kariera\/\"},{\"@type\":\"ListItem\",\"position\":3,\"name\":\"Dlaczego Capgemini\",\"item\":\"https:\/\/www.capgemini.com\/pl-pl\/kariera\/dlaczego-capgemini\/\"},{\"@type\":\"ListItem\",\"position\":4,\"name\":\"Kultura inkluzywna\",\"item\":\"https:\/\/www.capgemini.com\/pl-pl\/kariera\/dlaczego-capgemini\/kultura-inkluzywna\/\"},{\"@type\":\"ListItem\",\"position\":5,\"name\":\"Poznaj nasze communities\"}]},{\"@type\":\"WebSite\",\"@id\":\"https:\/\/www.capgemini.com\/pl-pl\/#website\",\"url\":\"https:\/\/www.capgemini.com\/pl-pl\/\",\"name\":\"Capgemini Polska\",\"description\":\"Capgemini\",\"potentialAction\":[{\"@type\":\"SearchAction\",\"target\":{\"@type\":\"EntryPoint\",\"urlTemplate\":\"https:\/\/www.capgemini.com\/pl-pl\/?s={search_term_string}\"},\"query-input\":\"required name=search_term_string\"}],\"inLanguage\":\"pl-PL\"}]}<\/script>\n<!-- \/ Yoast SEO Premium plugin. -->","yoast_head_json":{"title":"Poznaj nasze communities - Capgemini Poland","description":"\u0141\u0105czymy ze sob\u0105 ludzi pe\u0142nych pasji do dzia\u0142ania na rzecz wspierania r\u00f3\u017cnorodno\u015bci, sprawiedliwego traktowania i tworzenia inkluzywnych miejsc pracy.","robots":{"index":"index","follow":"follow","max-snippet":"max-snippet:-1","max-image-preview":"max-image-preview:large","max-video-preview":"max-video-preview:-1"},"canonical":"https:\/\/www.capgemini.com\/pl-pl\/kariera\/dlaczego-capgemini\/kultura-inkluzywna\/poznaj-nasze-communities\/","og_locale":"pl_PL","og_type":"article","og_title":"Poznaj nasze communities","og_description":"\u0141\u0105czymy ze sob\u0105 ludzi pe\u0142nych pasji do dzia\u0142ania na rzecz wspierania r\u00f3\u017cnorodno\u015bci, sprawiedliwego traktowania i tworzenia inkluzywnych miejsc pracy.","og_url":"https:\/\/www.capgemini.com\/pl-pl\/kariera\/dlaczego-capgemini\/kultura-inkluzywna\/poznaj-nasze-communities\/","og_site_name":"Capgemini Poland","article_modified_time":"2026-02-02T12:24:57+00:00","og_image":[{"url":"https:\/\/www.capgemini.com\/pl-pl\/wp-content\/uploads\/sites\/27\/2023\/01\/Capgemini_ERP-groups.webp"}],"twitter_card":"summary_large_image","twitter_misc":{"Est. reading time":"4 minutes"},"schema":{"@context":"https:\/\/schema.org","@graph":[{"@type":"WebPage","@id":"https:\/\/www.capgemini.com\/pl-pl\/kariera\/dlaczego-capgemini\/kultura-inkluzywna\/poznaj-nasze-communities\/","url":"https:\/\/www.capgemini.com\/pl-pl\/kariera\/dlaczego-capgemini\/kultura-inkluzywna\/poznaj-nasze-communities\/","name":"Poznaj nasze communities - Capgemini Poland","isPartOf":{"@id":"https:\/\/www.capgemini.com\/pl-pl\/#website"},"primaryImageOfPage":{"@id":"https:\/\/www.capgemini.com\/pl-pl\/kariera\/dlaczego-capgemini\/kultura-inkluzywna\/poznaj-nasze-communities\/#primaryimage"},"image":{"@id":"https:\/\/www.capgemini.com\/pl-pl\/kariera\/dlaczego-capgemini\/kultura-inkluzywna\/poznaj-nasze-communities\/#primaryimage"},"thumbnailUrl":"https:\/\/www.capgemini.com\/pl-pl\/wp-content\/uploads\/sites\/27\/2023\/01\/Capgemini_ERP-groups.webp","datePublished":"2023-01-24T07:20:51+00:00","dateModified":"2026-02-02T12:24:57+00:00","description":"\u0141\u0105czymy ze sob\u0105 ludzi pe\u0142nych pasji do dzia\u0142ania na rzecz wspierania r\u00f3\u017cnorodno\u015bci, sprawiedliwego traktowania i tworzenia inkluzywnych miejsc pracy.","breadcrumb":{"@id":"https:\/\/www.capgemini.com\/pl-pl\/kariera\/dlaczego-capgemini\/kultura-inkluzywna\/poznaj-nasze-communities\/#breadcrumb"},"inLanguage":"pl-PL","potentialAction":[{"@type":"ReadAction","target":["https:\/\/www.capgemini.com\/pl-pl\/kariera\/dlaczego-capgemini\/kultura-inkluzywna\/poznaj-nasze-communities\/"]}]},{"@type":"ImageObject","inLanguage":"pl-PL","@id":"https:\/\/www.capgemini.com\/pl-pl\/kariera\/dlaczego-capgemini\/kultura-inkluzywna\/poznaj-nasze-communities\/#primaryimage","url":"https:\/\/www.capgemini.com\/pl-pl\/wp-content\/uploads\/sites\/27\/2023\/01\/Capgemini_ERP-groups.webp","contentUrl":"https:\/\/www.capgemini.com\/pl-pl\/wp-content\/uploads\/sites\/27\/2023\/01\/Capgemini_ERP-groups.webp"},{"@type":"BreadcrumbList","@id":"https:\/\/www.capgemini.com\/pl-pl\/kariera\/dlaczego-capgemini\/kultura-inkluzywna\/poznaj-nasze-communities\/#breadcrumb","itemListElement":[{"@type":"ListItem","position":1,"name":"Home","item":"https:\/\/www.capgemini.com\/pl-pl\/"},{"@type":"ListItem","position":2,"name":"Kariera","item":"https:\/\/www.capgemini.com\/pl-pl\/kariera\/"},{"@type":"ListItem","position":3,"name":"Dlaczego Capgemini","item":"https:\/\/www.capgemini.com\/pl-pl\/kariera\/dlaczego-capgemini\/"},{"@type":"ListItem","position":4,"name":"Kultura inkluzywna","item":"https:\/\/www.capgemini.com\/pl-pl\/kariera\/dlaczego-capgemini\/kultura-inkluzywna\/"},{"@type":"ListItem","position":5,"name":"Poznaj nasze communities"}]},{"@type":"WebSite","@id":"https:\/\/www.capgemini.com\/pl-pl\/#website","url":"https:\/\/www.capgemini.com\/pl-pl\/","name":"Capgemini Polska","description":"Capgemini","potentialAction":[{"@type":"SearchAction","target":{"@type":"EntryPoint","urlTemplate":"https:\/\/www.capgemini.com\/pl-pl\/?s={search_term_string}"},"query-input":"required name=search_term_string"}],"inLanguage":"pl-PL"}]}},"brand_term":[],"parsely":{"version":"1.1.0","canonical_url":"https:\/\/capgemini.com\/pl-pl\/kariera\/dlaczego-capgemini\/kultura-inkluzywna\/poznaj-nasze-communities\/","smart_links":{"inbound":0,"outbound":0},"traffic_boost_suggestions_count":0,"meta":{"@context":"https:\/\/schema.org","@type":"WebPage","headline":"Poznaj nasze communities","url":"https:\/\/www.capgemini.com\/pl-pl\/kariera\/dlaczego-capgemini\/kultura-inkluzywna\/poznaj-nasze-communities\/","mainEntityOfPage":{"@type":"WebPage","@id":"https:\/\/www.capgemini.com\/pl-pl\/kariera\/dlaczego-capgemini\/kultura-inkluzywna\/poznaj-nasze-communities\/"},"thumbnailUrl":"","image":{"@type":"ImageObject","url":""},"articleSection":"Uncategorized","author":[],"creator":[],"publisher":{"@type":"Organization","name":"Capgemini Poland","logo":""},"keywords":[],"dateCreated":"2023-01-24T07:20:51Z","datePublished":"2023-01-24T07:20:51Z","dateModified":"2026-02-02T12:24:57Z"},"rendered":"<meta name=\"parsely-title\" content=\"Poznaj nasze communities\" \/>\n<meta name=\"parsely-link\" content=\"https:\/\/www.capgemini.com\/pl-pl\/kariera\/dlaczego-capgemini\/kultura-inkluzywna\/poznaj-nasze-communities\/\" \/>\n<meta name=\"parsely-type\" content=\"index\" \/>\n<meta name=\"parsely-pub-date\" content=\"2023-01-24T07:20:51Z\" \/>\n<meta name=\"parsely-section\" content=\"Uncategorized\" \/>","tracker_url":"https:\/\/cdn.parsely.com\/keys\/capgemini.com\/p.js"},"archive_status":false,"featured_image_src":"https:\/\/www.capgemini.com\/pl-pl\/wp-content\/themes\/capgemini2025\/assets\/images\/mockup.png","featured_image_alt":false,"jetpack_sharing_enabled":true,"distributor_meta":false,"distributor_terms":false,"distributor_media":false,"distributor_original_site_name":"Capgemini Poland","distributor_original_site_url":"https:\/\/www.capgemini.com\/pl-pl","push-errors":false,"_links":{"self":[{"href":"https:\/\/www.capgemini.com\/pl-pl\/wp-json\/wp\/v2\/pages\/699939","targetHints":{"allow":["GET"]}}],"collection":[{"href":"https:\/\/www.capgemini.com\/pl-pl\/wp-json\/wp\/v2\/pages"}],"about":[{"href":"https:\/\/www.capgemini.com\/pl-pl\/wp-json\/wp\/v2\/types\/page"}],"author":[{"embeddable":true,"href":"https:\/\/www.capgemini.com\/pl-pl\/wp-json\/wp\/v2\/users\/413"}],"replies":[{"embeddable":true,"href":"https:\/\/www.capgemini.com\/pl-pl\/wp-json\/wp\/v2\/comments?post=699939"}],"version-history":[{"count":20,"href":"https:\/\/www.capgemini.com\/pl-pl\/wp-json\/wp\/v2\/pages\/699939\/revisions"}],"predecessor-version":[{"id":914764,"href":"https:\/\/www.capgemini.com\/pl-pl\/wp-json\/wp\/v2\/pages\/699939\/revisions\/914764"}],"up":[{"embeddable":true,"href":"https:\/\/www.capgemini.com\/pl-pl\/wp-json\/wp\/v2\/pages\/515080"}],"wp:attachment":[{"href":"https:\/\/www.capgemini.com\/pl-pl\/wp-json\/wp\/v2\/media?parent=699939"}],"wp:term":[{"taxonomy":"brand","embeddable":true,"href":"https:\/\/www.capgemini.com\/pl-pl\/wp-json\/wp\/v2\/brand?post=699939"},{"taxonomy":"partner_type","embeddable":true,"href":"https:\/\/www.capgemini.com\/pl-pl\/wp-json\/wp\/v2\/partner_type?post=699939"},{"taxonomy":"service","embeddable":true,"href":"https:\/\/www.capgemini.com\/pl-pl\/wp-json\/wp\/v2\/service?post=699939"},{"taxonomy":"industry","embeddable":true,"href":"https:\/\/www.capgemini.com\/pl-pl\/wp-json\/wp\/v2\/industry?post=699939"},{"taxonomy":"partners","embeddable":true,"href":"https:\/\/www.capgemini.com\/pl-pl\/wp-json\/wp\/v2\/partners?post=699939"},{"taxonomy":"page-type","embeddable":true,"href":"https:\/\/www.capgemini.com\/pl-pl\/wp-json\/wp\/v2\/page-type?post=699939"},{"taxonomy":"content-group","embeddable":true,"href":"https:\/\/www.capgemini.com\/pl-pl\/wp-json\/wp\/v2\/content-group?post=699939"}],"curies":[{"name":"wp","href":"https:\/\/api.w.org\/{rel}","templated":true}]}}