{"id":699278,"date":"2023-01-12T11:00:46","date_gmt":"2023-01-12T11:00:46","guid":{"rendered":"https:\/\/www.capgemini.com\/pl-pl\/?page_id=699278"},"modified":"2026-01-15T11:34:27","modified_gmt":"2026-01-15T11:34:27","slug":"nagrody-i-wyroznienia","status":"publish","type":"page","link":"https:\/\/www.capgemini.com\/pl-pl\/kariera\/dlaczego-capgemini\/nagrody-i-wyroznienia\/","title":{"rendered":"Nagrody i wyr\u00f3\u017cnienia"},"content":{"rendered":"\n<div class=\"wp-block-cg-blocks-hero-picture-card undefined  heroPictureCard\"><div class=\"heroPictureCardBgs\"><picture><source srcset=\"https:\/\/www.capgemini.com\/pl-pl\/wp-content\/uploads\/sites\/27\/2023\/01\/Pracuj-z-nami.png?w=2880&amp;quality=70 1x, https:\/\/www.capgemini.com\/pl-pl\/wp-content\/uploads\/sites\/27\/2023\/01\/Pracuj-z-nami.png?w=2880&amp;quality=70 2x\" media=\"(min-width: 1500px)\"\/><source srcset=\"https:\/\/www.capgemini.com\/pl-pl\/wp-content\/uploads\/sites\/27\/2023\/01\/Pracuj-z-nami.png?w=1440&amp;quality=70 1x, https:\/\/www.capgemini.com\/pl-pl\/wp-content\/uploads\/sites\/27\/2023\/01\/Pracuj-z-nami.png?w=2880&amp;quality=70 2x\" media=\"(min-width: 992px)\"\/><source srcset=\"https:\/\/www.capgemini.com\/pl-pl\/wp-content\/uploads\/sites\/27\/2023\/01\/Pracuj-z-nami.png?w=1024&amp;quality=70 1x, https:\/\/www.capgemini.com\/pl-pl\/wp-content\/uploads\/sites\/27\/2023\/01\/Pracuj-z-nami.png?w=1024&amp;quality=70 2x\" media=\"(min-width: 768px)\"\/><source srcset=\"https:\/\/www.capgemini.com\/pl-pl\/wp-content\/uploads\/sites\/27\/2023\/01\/Pracuj-z-nami.png?w=768&amp;quality=70 1x, https:\/\/www.capgemini.com\/pl-pl\/wp-content\/uploads\/sites\/27\/2023\/01\/Pracuj-z-nami.png?w=768&amp;quality=70 2x\" media=\"(min-width: 0)\"\/><img decoding=\"async\" src=\"https:\/\/www.capgemini.com\/pl-pl\/wp-content\/uploads\/sites\/27\/2023\/01\/Pracuj-z-nami.png\" class=\"desktopImage\" alt=\"\" style=\"object-fit:cover;object-position:52% 83%\" loading=\"eager\"\/><\/picture><picture><source srcset=\"https:\/\/www.capgemini.com\/pl-pl\/wp-content\/uploads\/sites\/27\/2023\/01\/Pracuj-z-nami.png?w=2880&amp;quality=70 1x, https:\/\/www.capgemini.com\/pl-pl\/wp-content\/uploads\/sites\/27\/2023\/01\/Pracuj-z-nami.png?w=2880&amp;quality=70 2x\" media=\"(min-width: 1500px)\"\/><source srcset=\"https:\/\/www.capgemini.com\/pl-pl\/wp-content\/uploads\/sites\/27\/2023\/01\/Pracuj-z-nami.png?w=1440&amp;quality=70 1x, https:\/\/www.capgemini.com\/pl-pl\/wp-content\/uploads\/sites\/27\/2023\/01\/Pracuj-z-nami.png?w=2880&amp;quality=70 2x\" media=\"(min-width: 992px)\"\/><source srcset=\"https:\/\/www.capgemini.com\/pl-pl\/wp-content\/uploads\/sites\/27\/2023\/01\/Pracuj-z-nami.png?w=1024&amp;quality=70 1x, https:\/\/www.capgemini.com\/pl-pl\/wp-content\/uploads\/sites\/27\/2023\/01\/Pracuj-z-nami.png?w=1024&amp;quality=70 2x\" media=\"(min-width: 768px)\"\/><source srcset=\"https:\/\/www.capgemini.com\/pl-pl\/wp-content\/uploads\/sites\/27\/2023\/01\/Pracuj-z-nami.png?w=768&amp;quality=70 1x, https:\/\/www.capgemini.com\/pl-pl\/wp-content\/uploads\/sites\/27\/2023\/01\/Pracuj-z-nami.png?w=768&amp;quality=70 2x\" media=\"(min-width: 0)\"\/><img decoding=\"async\" src=\"https:\/\/www.capgemini.com\/pl-pl\/wp-content\/uploads\/sites\/27\/2023\/01\/Pracuj-z-nami.png\" class=\"mobileImage\" alt=\"\" style=\"object-fit:cover;object-position:52% 83%\" loading=\"eager\"\/><\/picture><\/div><div class=\"heroPictureCardHeaderShape\"><\/div><div class=\"container\"><div class=\"row\"><div class=\"col-md-8 col-lg-6\"><div class=\"heroPictureCardBox\"><div class=\"heroPictureCardBoxTitle\"><h1 data-maxlength=\"144\">Nagrody i wyr\u00f3\u017cnienia<\/h1><\/div><\/div><\/div><\/div><\/div><div class=\"small-device\"><div class=\"brandLogoWrapper\"> <\/div><\/div><\/div>\n\n\n\n<section class=\"wp-block-cg-blocks-group undefined section section--article-content\"><div class=\"article-main-content\"><div class=\"container\"><div class=\"row\"><div class=\"col-12 col-md-1\"><nav class=\"article-social\"><ul class=\"social-nav\"><li class=\"ip-order-fb\"><a href=\"https:\/\/www.facebook.com\/sharer\/sharer.php?u=https:\/\/www.capgemini.com\/pl-pl\/?page_id=699278\" target=\"_blank\" rel=\"noopener noreferrer\" title=\"opens in a new window\"><i aria-hidden=\"true\" class=\"icon-fb\"><\/i><span class=\"sr-only\">Facebook<\/span><\/a><\/li><li class=\"ip-order-tw\"><a href=\"https:\/\/twitter.com\/intent\/tweet?url=https:\/\/www.capgemini.com\/pl-pl\/?page_id=699278&amp;text=\" target=\"_blank\" rel=\"noopener noreferrer\" title=\"opens in a new window\"><i aria-hidden=\"true\" class=\"icon-tw\"><\/i><span class=\"sr-only\">Twitter<\/span><\/a><\/li><li class=\"ip-order-li\"><a href=\"https:\/\/www.linkedin.com\/sharing\/share-offsite\/?url=https:\/\/www.capgemini.com\/pl-pl\/?page_id=699278&amp;text=\" target=\"_blank\" rel=\"noopener noreferrer\" title=\"opens in a new window\"><i aria-hidden=\"true\" class=\"icon-li\"><\/i><span class=\"sr-only\">Linkedin<\/span><\/a><\/li><\/ul><\/nav><\/div><div class=\"col-12 col-md-11 col-lg-10\"><div class=\"article-text article-quote-text\">\n<h3 class=\"wp-block-heading\" id=\"h-w-capgemini-jestesmy-zaangazowani-w-tworzenie-innowacyjnego-wspierajacego-i-integracyjnego-srodowiska-pracy\">W Capgemini jeste\u015bmy zaanga\u017cowani w tworzenie innowacyjnego, wspieraj\u0105cego i integracyjnego \u015brodowiska pracy. <\/h3>\n\n\n\n<p>Ka\u017cdego roku nasze podej\u015bcie do pracy i ludzi znajduje odzwierciedlenie w nagrodach i wyr\u00f3\u017cnieniach \u2013 zar\u00f3wno na poziomie globalnym, jak i lokalnym. To dow\u00f3d na to, dlaczego tak wiele os\u00f3b decyduje si\u0119 na do\u0142\u0105czenie do Capgemini i budowanie swojej wieloletniej kariery w\u0142a\u015bnie z nami.<\/p>\n\n\n\n<p>Jeste\u015bmy uznawani za jednego z najlepszych pracodawc\u00f3w w sektorze IT i us\u0142ug biznesowych w Polsce. W 2019 roku organizacja znalaz\u0142a si\u0119 wysoko w rankingu Rzeczpospolitej, oraz na li\u015bcie <strong>Diament\u00f3w Forbesa 2020,<\/strong> w\u015br\u00f3d najlepiej rozwijaj\u0105cych si\u0119 i aktywnych firm w kraju. Firma jest te\u017c na li\u015bcie 15 najlepiej ocenianych pracodawc\u00f3w w Polsce w kategorii biznes w rankingu profesjonalist\u00f3w 2019 HRM Institute, badaj\u0105cym wymarzonego pracodawc\u0119.<\/p>\n\n\n\n<p>Od wielu lat Capgemini otrzymuje certyfikat <strong>Top Employer Polska<\/strong>,\u00a0kt\u00f3ry przyznawany jest firmom oferuj\u0105cym najlepsze warunki pracy, daj\u0105cym pracownikom mo\u017cliwo\u015bci ci\u0105g\u0142ego podnoszenia kwalifikacji, posiadaj\u0105cym odpowiedni\u0105 strategi\u0119 zarz\u0105dzania talentami i dobre praktyki w zakresie onboardingu. Niezmiennie od 2021 roku mo\u017cemy pochwali\u0107 si\u0119 te\u017c certyfikatem <strong>Top Employer Europe<\/strong>.<\/p>\n\n\n\n<figure class=\"wp-block-image size-large\"><img loading=\"lazy\" decoding=\"async\" height=\"576\" width=\"1024\" src=\"https:\/\/www.capgemini.com\/pl-pl\/wp-content\/uploads\/sites\/27\/2026\/01\/Forum-Odpowiedzialnego-Biznesu-\u2013-kopia.png?w=960\" alt=\"\" class=\"wp-image-914373\" srcset=\"https:\/\/www.capgemini.com\/pl-pl\/wp-content\/uploads\/sites\/27\/2026\/01\/Forum-Odpowiedzialnego-Biznesu-\u2013-kopia.png 1920w, https:\/\/www.capgemini.com\/pl-pl\/wp-content\/uploads\/sites\/27\/2026\/01\/Forum-Odpowiedzialnego-Biznesu-\u2013-kopia.png?resize=300,169 300w, https:\/\/www.capgemini.com\/pl-pl\/wp-content\/uploads\/sites\/27\/2026\/01\/Forum-Odpowiedzialnego-Biznesu-\u2013-kopia.png?resize=768,432 768w, https:\/\/www.capgemini.com\/pl-pl\/wp-content\/uploads\/sites\/27\/2026\/01\/Forum-Odpowiedzialnego-Biznesu-\u2013-kopia.png?resize=1024,576 1024w, https:\/\/www.capgemini.com\/pl-pl\/wp-content\/uploads\/sites\/27\/2026\/01\/Forum-Odpowiedzialnego-Biznesu-\u2013-kopia.png?resize=1536,864 1536w\" sizes=\"auto, (max-width: 1024px) 100vw, 1024px\" \/><\/figure>\n\n\n\n<p>Warto r\u00f3wnie\u017c wspomnie\u0107 o wyr\u00f3\u017cnieniu w konkursie <strong>Fair to Women<\/strong>, kt\u00f3ry promuje ide\u0119 r\u00f3wnego traktowania i wyr\u00f3wnywania szans kobiet na rynku pracy w Polsce. Capgemini Polska znalaz\u0142o si\u0119 w\u015br\u00f3d sze\u015bciu wyr\u00f3\u017cnionych pracodawc\u00f3w w 2022 roku (w\u015br\u00f3d pi\u0119ciu \u2013 w 2021 roku), kt\u00f3rzy tworz\u0105 najlepsze warunki pracy dla kobiet i anga\u017cuj\u0105 si\u0119 w prokobiece inicjatywy.<\/p>\n\n\n\n<p>Grupa Capgemini oraz wybrane lokalne oddzia\u0142y firmy mog\u0105 pochwali\u0107 si\u0119 te\u017c otrzymanym w przesz\u0142o\u015bci certyfikatem <strong>EDGE<\/strong>, kt\u00f3ry by\u0142 wyr\u00f3\u017cnieniem skupiaj\u0105cym si\u0119 na dzia\u0142aniach dotycz\u0105cych r\u00f3wno\u015bci p\u0142ciowej. Natomiast w 2022 roku Capgemini uzyska\u0142o r\u00f3wnie\u017c certyfikat <strong>EDGEplus <\/strong>dotycz\u0105cy szerszego zakresu sprawiedliwo\u015bci intersekcjonalnej, na poziomie ca\u0142ej Grupy.&nbsp;R\u00f3wnie\u017c wyniki osi\u0105gni\u0119te przez Capgemini Polska s\u0105 dowodem na to, \u017ce organizacja dba o to, by tworzy\u0107 miejsca pracy, w kt\u00f3rych kr\u00f3luje r\u00f3\u017cnorodno\u015b\u0107 i inkluzywno\u015b\u0107.<\/p>\n\n\n\n<p>Grupa Capgemini otrzymuje tak\u017ce wiele innych nagr\u00f3d za swoj\u0105 dzia\u0142alno\u015b\u0107 w \u015brodowisku mi\u0119dzynarodowym &#8211; od lat nale\u017cymy do grona najbardziej etycznych firm na \u015bwiecie, a w 2019 roku organizacja zosta\u0142a uznana za drug\u0105 najszybciej rozwijaj\u0105c\u0105 si\u0119 mark\u0119 IT na \u015bwiecie. Raporty Instytutu Badawczego Capgemini doceniane s\u0105 za wysok\u0105 jako\u015b\u0107 analiz badawczych.<\/p>\n\n\n\n<p><\/p>\n<\/div><\/div><\/div><\/div><\/div><\/section>\n","protected":false},"excerpt":{"rendered":"","protected":false},"author":413,"featured_media":0,"parent":515042,"menu_order":0,"comment_status":"closed","ping_status":"closed","template":"","meta":{"cg_dt_proposed_to":[],"cg_seo_hreflang_relations":"[]","cg_seo_canonical_relation":"","cg_seo_hreflang_x_default_relation":"{\"uuid\":\"50e943aa-944b-4d5b-9c55-9ebd13c2bfec\",\"blogId\":\"\",\"domain\":\"\",\"sitePath\":\"\",\"postLink\":\"\",\"postId\":null,\"isSaved\":true,\"isCrossLink\":false,\"hasCrossLink\":false}","cg_dt_approved_content":true,"cg_dt_mandatory_content":false,"cg_dt_notes":"","cg_dg_source_changed":false,"cg_dt_link_disabled":false,"_yoast_wpseo_primary_brand":"","footnotes":"","featured_focal_points":"","partner_card_description":"","gsap_animation":0},"brand":[],"partner_type":[],"service":[],"industry":[],"partners":[],"page-type":[],"content-group":[],"class_list":["post-699278","page","type-page","status-publish","hentry"],"yoast_head":"<!-- This site is optimized with the Yoast SEO Premium plugin v22.8 (Yoast SEO v22.8) - https:\/\/yoast.com\/wordpress\/plugins\/seo\/ -->\n<title>Nagrody i wyr\u00f3\u017cnienia | Capgemini Polska<\/title>\n<meta name=\"description\" content=\"W Capgemini jeste\u015bmy zaanga\u017cowani w tworzenie innowacyjnego, wspieraj\u0105cego i integracyjnego \u015brodowiska pracy.\" \/>\n<meta name=\"robots\" content=\"index, follow, max-snippet:-1, max-image-preview:large, max-video-preview:-1\" \/>\n<link rel=\"canonical\" href=\"https:\/\/www.capgemini.com\/pl-pl\/kariera\/dlaczego-capgemini\/nagrody-i-wyroznienia\/\" \/>\n<meta property=\"og:locale\" content=\"pl_PL\" \/>\n<meta property=\"og:type\" content=\"article\" \/>\n<meta property=\"og:title\" content=\"Nagrody i wyr\u00f3\u017cnienia\" \/>\n<meta property=\"og:description\" content=\"W Capgemini jeste\u015bmy zaanga\u017cowani w tworzenie innowacyjnego, wspieraj\u0105cego i integracyjnego \u015brodowiska pracy.\" \/>\n<meta property=\"og:url\" content=\"https:\/\/www.capgemini.com\/pl-pl\/kariera\/dlaczego-capgemini\/nagrody-i-wyroznienia\/\" \/>\n<meta property=\"og:site_name\" content=\"Capgemini Poland\" \/>\n<meta property=\"article:modified_time\" content=\"2026-01-15T11:34:27+00:00\" \/>\n<meta property=\"og:image\" content=\"https:\/\/www.capgemini.com\/pl-pl\/wp-content\/uploads\/sites\/27\/2023\/01\/Pracuj-z-nami.png\" \/>\n<meta name=\"twitter:card\" content=\"summary_large_image\" \/>\n<meta name=\"twitter:label1\" content=\"Est. reading time\" \/>\n\t<meta name=\"twitter:data1\" content=\"3 minutes\" \/>\n<script type=\"application\/ld+json\" class=\"yoast-schema-graph\">{\"@context\":\"https:\/\/schema.org\",\"@graph\":[{\"@type\":\"WebPage\",\"@id\":\"https:\/\/www.capgemini.com\/pl-pl\/kariera\/dlaczego-capgemini\/nagrody-i-wyroznienia\/\",\"url\":\"https:\/\/www.capgemini.com\/pl-pl\/kariera\/dlaczego-capgemini\/nagrody-i-wyroznienia\/\",\"name\":\"Nagrody i wyr\u00f3\u017cnienia | Capgemini Polska\",\"isPartOf\":{\"@id\":\"https:\/\/www.capgemini.com\/pl-pl\/#website\"},\"primaryImageOfPage\":{\"@id\":\"https:\/\/www.capgemini.com\/pl-pl\/kariera\/dlaczego-capgemini\/nagrody-i-wyroznienia\/#primaryimage\"},\"image\":{\"@id\":\"https:\/\/www.capgemini.com\/pl-pl\/kariera\/dlaczego-capgemini\/nagrody-i-wyroznienia\/#primaryimage\"},\"thumbnailUrl\":\"https:\/\/www.capgemini.com\/pl-pl\/wp-content\/uploads\/sites\/27\/2023\/01\/Pracuj-z-nami.png\",\"datePublished\":\"2023-01-12T11:00:46+00:00\",\"dateModified\":\"2026-01-15T11:34:27+00:00\",\"description\":\"W Capgemini jeste\u015bmy zaanga\u017cowani w tworzenie innowacyjnego, wspieraj\u0105cego i integracyjnego \u015brodowiska pracy.\",\"breadcrumb\":{\"@id\":\"https:\/\/www.capgemini.com\/pl-pl\/kariera\/dlaczego-capgemini\/nagrody-i-wyroznienia\/#breadcrumb\"},\"inLanguage\":\"pl-PL\",\"potentialAction\":[{\"@type\":\"ReadAction\",\"target\":[\"https:\/\/www.capgemini.com\/pl-pl\/kariera\/dlaczego-capgemini\/nagrody-i-wyroznienia\/\"]}]},{\"@type\":\"ImageObject\",\"inLanguage\":\"pl-PL\",\"@id\":\"https:\/\/www.capgemini.com\/pl-pl\/kariera\/dlaczego-capgemini\/nagrody-i-wyroznienia\/#primaryimage\",\"url\":\"https:\/\/www.capgemini.com\/pl-pl\/wp-content\/uploads\/sites\/27\/2023\/01\/Pracuj-z-nami.png\",\"contentUrl\":\"https:\/\/www.capgemini.com\/pl-pl\/wp-content\/uploads\/sites\/27\/2023\/01\/Pracuj-z-nami.png\"},{\"@type\":\"BreadcrumbList\",\"@id\":\"https:\/\/www.capgemini.com\/pl-pl\/kariera\/dlaczego-capgemini\/nagrody-i-wyroznienia\/#breadcrumb\",\"itemListElement\":[{\"@type\":\"ListItem\",\"position\":1,\"name\":\"Home\",\"item\":\"https:\/\/www.capgemini.com\/pl-pl\/\"},{\"@type\":\"ListItem\",\"position\":2,\"name\":\"Kariera\",\"item\":\"https:\/\/www.capgemini.com\/pl-pl\/kariera\/\"},{\"@type\":\"ListItem\",\"position\":3,\"name\":\"Dlaczego Capgemini\",\"item\":\"https:\/\/www.capgemini.com\/pl-pl\/kariera\/dlaczego-capgemini\/\"},{\"@type\":\"ListItem\",\"position\":4,\"name\":\"Nagrody i wyr\u00f3\u017cnienia\"}]},{\"@type\":\"WebSite\",\"@id\":\"https:\/\/www.capgemini.com\/pl-pl\/#website\",\"url\":\"https:\/\/www.capgemini.com\/pl-pl\/\",\"name\":\"Capgemini Polska\",\"description\":\"Capgemini\",\"potentialAction\":[{\"@type\":\"SearchAction\",\"target\":{\"@type\":\"EntryPoint\",\"urlTemplate\":\"https:\/\/www.capgemini.com\/pl-pl\/?s={search_term_string}\"},\"query-input\":\"required name=search_term_string\"}],\"inLanguage\":\"pl-PL\"}]}<\/script>\n<!-- \/ Yoast SEO Premium plugin. -->","yoast_head_json":{"title":"Nagrody i wyr\u00f3\u017cnienia | Capgemini Polska","description":"W Capgemini jeste\u015bmy zaanga\u017cowani w tworzenie innowacyjnego, wspieraj\u0105cego i integracyjnego \u015brodowiska pracy.","robots":{"index":"index","follow":"follow","max-snippet":"max-snippet:-1","max-image-preview":"max-image-preview:large","max-video-preview":"max-video-preview:-1"},"canonical":"https:\/\/www.capgemini.com\/pl-pl\/kariera\/dlaczego-capgemini\/nagrody-i-wyroznienia\/","og_locale":"pl_PL","og_type":"article","og_title":"Nagrody i wyr\u00f3\u017cnienia","og_description":"W Capgemini jeste\u015bmy zaanga\u017cowani w tworzenie innowacyjnego, wspieraj\u0105cego i integracyjnego \u015brodowiska pracy.","og_url":"https:\/\/www.capgemini.com\/pl-pl\/kariera\/dlaczego-capgemini\/nagrody-i-wyroznienia\/","og_site_name":"Capgemini Poland","article_modified_time":"2026-01-15T11:34:27+00:00","og_image":[{"url":"https:\/\/www.capgemini.com\/pl-pl\/wp-content\/uploads\/sites\/27\/2023\/01\/Pracuj-z-nami.png"}],"twitter_card":"summary_large_image","twitter_misc":{"Est. reading time":"3 minutes"},"schema":{"@context":"https:\/\/schema.org","@graph":[{"@type":"WebPage","@id":"https:\/\/www.capgemini.com\/pl-pl\/kariera\/dlaczego-capgemini\/nagrody-i-wyroznienia\/","url":"https:\/\/www.capgemini.com\/pl-pl\/kariera\/dlaczego-capgemini\/nagrody-i-wyroznienia\/","name":"Nagrody i wyr\u00f3\u017cnienia | Capgemini Polska","isPartOf":{"@id":"https:\/\/www.capgemini.com\/pl-pl\/#website"},"primaryImageOfPage":{"@id":"https:\/\/www.capgemini.com\/pl-pl\/kariera\/dlaczego-capgemini\/nagrody-i-wyroznienia\/#primaryimage"},"image":{"@id":"https:\/\/www.capgemini.com\/pl-pl\/kariera\/dlaczego-capgemini\/nagrody-i-wyroznienia\/#primaryimage"},"thumbnailUrl":"https:\/\/www.capgemini.com\/pl-pl\/wp-content\/uploads\/sites\/27\/2023\/01\/Pracuj-z-nami.png","datePublished":"2023-01-12T11:00:46+00:00","dateModified":"2026-01-15T11:34:27+00:00","description":"W Capgemini jeste\u015bmy zaanga\u017cowani w tworzenie innowacyjnego, wspieraj\u0105cego i integracyjnego \u015brodowiska pracy.","breadcrumb":{"@id":"https:\/\/www.capgemini.com\/pl-pl\/kariera\/dlaczego-capgemini\/nagrody-i-wyroznienia\/#breadcrumb"},"inLanguage":"pl-PL","potentialAction":[{"@type":"ReadAction","target":["https:\/\/www.capgemini.com\/pl-pl\/kariera\/dlaczego-capgemini\/nagrody-i-wyroznienia\/"]}]},{"@type":"ImageObject","inLanguage":"pl-PL","@id":"https:\/\/www.capgemini.com\/pl-pl\/kariera\/dlaczego-capgemini\/nagrody-i-wyroznienia\/#primaryimage","url":"https:\/\/www.capgemini.com\/pl-pl\/wp-content\/uploads\/sites\/27\/2023\/01\/Pracuj-z-nami.png","contentUrl":"https:\/\/www.capgemini.com\/pl-pl\/wp-content\/uploads\/sites\/27\/2023\/01\/Pracuj-z-nami.png"},{"@type":"BreadcrumbList","@id":"https:\/\/www.capgemini.com\/pl-pl\/kariera\/dlaczego-capgemini\/nagrody-i-wyroznienia\/#breadcrumb","itemListElement":[{"@type":"ListItem","position":1,"name":"Home","item":"https:\/\/www.capgemini.com\/pl-pl\/"},{"@type":"ListItem","position":2,"name":"Kariera","item":"https:\/\/www.capgemini.com\/pl-pl\/kariera\/"},{"@type":"ListItem","position":3,"name":"Dlaczego Capgemini","item":"https:\/\/www.capgemini.com\/pl-pl\/kariera\/dlaczego-capgemini\/"},{"@type":"ListItem","position":4,"name":"Nagrody i wyr\u00f3\u017cnienia"}]},{"@type":"WebSite","@id":"https:\/\/www.capgemini.com\/pl-pl\/#website","url":"https:\/\/www.capgemini.com\/pl-pl\/","name":"Capgemini Polska","description":"Capgemini","potentialAction":[{"@type":"SearchAction","target":{"@type":"EntryPoint","urlTemplate":"https:\/\/www.capgemini.com\/pl-pl\/?s={search_term_string}"},"query-input":"required name=search_term_string"}],"inLanguage":"pl-PL"}]}},"brand_term":[],"parsely":{"version":"1.1.0","canonical_url":"https:\/\/capgemini.com\/pl-pl\/kariera\/dlaczego-capgemini\/nagrody-i-wyroznienia\/","smart_links":{"inbound":0,"outbound":0},"traffic_boost_suggestions_count":0,"meta":{"@context":"https:\/\/schema.org","@type":"WebPage","headline":"Nagrody i wyr\u00f3\u017cnienia","url":"https:\/\/www.capgemini.com\/pl-pl\/kariera\/dlaczego-capgemini\/nagrody-i-wyroznienia\/","mainEntityOfPage":{"@type":"WebPage","@id":"https:\/\/www.capgemini.com\/pl-pl\/kariera\/dlaczego-capgemini\/nagrody-i-wyroznienia\/"},"thumbnailUrl":"","image":{"@type":"ImageObject","url":""},"articleSection":"Uncategorized","author":[],"creator":[],"publisher":{"@type":"Organization","name":"Capgemini Poland","logo":""},"keywords":[],"dateCreated":"2023-01-12T11:00:46Z","datePublished":"2023-01-12T11:00:46Z","dateModified":"2026-01-15T11:34:27Z"},"rendered":"<meta name=\"parsely-title\" content=\"Nagrody i wyr\u00f3\u017cnienia\" \/>\n<meta name=\"parsely-link\" content=\"https:\/\/www.capgemini.com\/pl-pl\/kariera\/dlaczego-capgemini\/nagrody-i-wyroznienia\/\" \/>\n<meta name=\"parsely-type\" content=\"index\" \/>\n<meta name=\"parsely-pub-date\" content=\"2023-01-12T11:00:46Z\" \/>\n<meta name=\"parsely-section\" content=\"Uncategorized\" \/>","tracker_url":"https:\/\/cdn.parsely.com\/keys\/capgemini.com\/p.js"},"archive_status":false,"featured_image_src":"https:\/\/www.capgemini.com\/pl-pl\/wp-content\/themes\/capgemini2025\/assets\/images\/mockup.png","featured_image_alt":false,"jetpack_sharing_enabled":true,"distributor_meta":false,"distributor_terms":false,"distributor_media":false,"distributor_original_site_name":"Capgemini Poland","distributor_original_site_url":"https:\/\/www.capgemini.com\/pl-pl","push-errors":false,"_links":{"self":[{"href":"https:\/\/www.capgemini.com\/pl-pl\/wp-json\/wp\/v2\/pages\/699278","targetHints":{"allow":["GET"]}}],"collection":[{"href":"https:\/\/www.capgemini.com\/pl-pl\/wp-json\/wp\/v2\/pages"}],"about":[{"href":"https:\/\/www.capgemini.com\/pl-pl\/wp-json\/wp\/v2\/types\/page"}],"author":[{"embeddable":true,"href":"https:\/\/www.capgemini.com\/pl-pl\/wp-json\/wp\/v2\/users\/413"}],"replies":[{"embeddable":true,"href":"https:\/\/www.capgemini.com\/pl-pl\/wp-json\/wp\/v2\/comments?post=699278"}],"version-history":[{"count":19,"href":"https:\/\/www.capgemini.com\/pl-pl\/wp-json\/wp\/v2\/pages\/699278\/revisions"}],"predecessor-version":[{"id":914375,"href":"https:\/\/www.capgemini.com\/pl-pl\/wp-json\/wp\/v2\/pages\/699278\/revisions\/914375"}],"up":[{"embeddable":true,"href":"https:\/\/www.capgemini.com\/pl-pl\/wp-json\/wp\/v2\/pages\/515042"}],"wp:attachment":[{"href":"https:\/\/www.capgemini.com\/pl-pl\/wp-json\/wp\/v2\/media?parent=699278"}],"wp:term":[{"taxonomy":"brand","embeddable":true,"href":"https:\/\/www.capgemini.com\/pl-pl\/wp-json\/wp\/v2\/brand?post=699278"},{"taxonomy":"partner_type","embeddable":true,"href":"https:\/\/www.capgemini.com\/pl-pl\/wp-json\/wp\/v2\/partner_type?post=699278"},{"taxonomy":"service","embeddable":true,"href":"https:\/\/www.capgemini.com\/pl-pl\/wp-json\/wp\/v2\/service?post=699278"},{"taxonomy":"industry","embeddable":true,"href":"https:\/\/www.capgemini.com\/pl-pl\/wp-json\/wp\/v2\/industry?post=699278"},{"taxonomy":"partners","embeddable":true,"href":"https:\/\/www.capgemini.com\/pl-pl\/wp-json\/wp\/v2\/partners?post=699278"},{"taxonomy":"page-type","embeddable":true,"href":"https:\/\/www.capgemini.com\/pl-pl\/wp-json\/wp\/v2\/page-type?post=699278"},{"taxonomy":"content-group","embeddable":true,"href":"https:\/\/www.capgemini.com\/pl-pl\/wp-json\/wp\/v2\/content-group?post=699278"}],"curies":[{"name":"wp","href":"https:\/\/api.w.org\/{rel}","templated":true}]}}