{"id":698896,"date":"2023-01-02T11:13:58","date_gmt":"2023-01-02T11:13:58","guid":{"rendered":"https:\/\/www.capgemini.com\/pl-pl\/?page_id=698896"},"modified":"2025-03-12T06:05:57","modified_gmt":"2025-03-12T06:05:57","slug":"koniec-automatyzacji-i-robotyzacji-czas-na-humanoizacje","status":"publish","type":"page","link":"https:\/\/www.capgemini.com\/pl-pl\/artykuly-i-publikacje-capgemini-polska\/koniec-automatyzacji-i-robotyzacji-czas-na-humanoizacje\/","title":{"rendered":"Koniec automatyzacji i robotyzacji. Czas na humanoizacj\u0119."},"content":{"rendered":"\n<div class=\"wp-block-cg-blocks-hero-picture-card undefined  heroPictureCard\"><div class=\"heroPictureCardBgs\"><picture><source srcset=\"https:\/\/www.capgemini.com\/pl-pl\/wp-content\/uploads\/sites\/27\/2023\/01\/Automation-1.png?w=2880&amp;quality=70 1x, https:\/\/www.capgemini.com\/pl-pl\/wp-content\/uploads\/sites\/27\/2023\/01\/Automation-1.png?w=2880&amp;quality=70 2x\" media=\"(min-width: 1500px)\"\/><source srcset=\"https:\/\/www.capgemini.com\/pl-pl\/wp-content\/uploads\/sites\/27\/2023\/01\/Automation-1.png?w=1440&amp;quality=70 1x, https:\/\/www.capgemini.com\/pl-pl\/wp-content\/uploads\/sites\/27\/2023\/01\/Automation-1.png?w=2880&amp;quality=70 2x\" media=\"(min-width: 992px)\"\/><source srcset=\"https:\/\/www.capgemini.com\/pl-pl\/wp-content\/uploads\/sites\/27\/2023\/01\/Automation-1.png?w=1024&amp;quality=70 1x, https:\/\/www.capgemini.com\/pl-pl\/wp-content\/uploads\/sites\/27\/2023\/01\/Automation-1.png?w=1024&amp;quality=70 2x\" media=\"(min-width: 768px)\"\/><source srcset=\"https:\/\/www.capgemini.com\/pl-pl\/wp-content\/uploads\/sites\/27\/2023\/01\/Automation-1.png?w=768&amp;quality=70 1x, https:\/\/www.capgemini.com\/pl-pl\/wp-content\/uploads\/sites\/27\/2023\/01\/Automation-1.png?w=768&amp;quality=70 2x\" media=\"(min-width: 0)\"\/><img decoding=\"async\" src=\"https:\/\/www.capgemini.com\/pl-pl\/wp-content\/uploads\/sites\/27\/2023\/01\/Automation-1.png\" class=\"desktopImage\" alt=\"\" style=\"object-fit:cover;object-position:50% 50%\" loading=\"eager\"\/><\/picture><picture><source srcset=\"https:\/\/www.capgemini.com\/pl-pl\/wp-content\/uploads\/sites\/27\/2023\/01\/Automation-1.png?w=2880&amp;quality=70 1x, https:\/\/www.capgemini.com\/pl-pl\/wp-content\/uploads\/sites\/27\/2023\/01\/Automation-1.png?w=2880&amp;quality=70 2x\" media=\"(min-width: 1500px)\"\/><source srcset=\"https:\/\/www.capgemini.com\/pl-pl\/wp-content\/uploads\/sites\/27\/2023\/01\/Automation-1.png?w=1440&amp;quality=70 1x, https:\/\/www.capgemini.com\/pl-pl\/wp-content\/uploads\/sites\/27\/2023\/01\/Automation-1.png?w=2880&amp;quality=70 2x\" media=\"(min-width: 992px)\"\/><source srcset=\"https:\/\/www.capgemini.com\/pl-pl\/wp-content\/uploads\/sites\/27\/2023\/01\/Automation-1.png?w=1024&amp;quality=70 1x, https:\/\/www.capgemini.com\/pl-pl\/wp-content\/uploads\/sites\/27\/2023\/01\/Automation-1.png?w=1024&amp;quality=70 2x\" media=\"(min-width: 768px)\"\/><source srcset=\"https:\/\/www.capgemini.com\/pl-pl\/wp-content\/uploads\/sites\/27\/2023\/01\/Automation-1.png?w=768&amp;quality=70 1x, https:\/\/www.capgemini.com\/pl-pl\/wp-content\/uploads\/sites\/27\/2023\/01\/Automation-1.png?w=768&amp;quality=70 2x\" media=\"(min-width: 0)\"\/><img decoding=\"async\" src=\"https:\/\/www.capgemini.com\/pl-pl\/wp-content\/uploads\/sites\/27\/2023\/01\/Automation-1.png\" class=\"mobileImage\" alt=\"\" style=\"object-fit:cover;object-position:50% 50%\" loading=\"eager\"\/><\/picture><\/div><div class=\"heroPictureCardHeaderShape\"><\/div><div class=\"container\"><div class=\"row\"><div class=\"col-md-8 col-lg-6\"><div class=\"heroPictureCardBox\"><div class=\"heroPictureCardBoxTitle\"><h1 data-maxlength=\"144\">Koniec automatyzacji i robotyzacji. Czas na humanoizacj\u0119.<\/h1><\/div><\/div><\/div><\/div><\/div><div class=\"small-device\"><div class=\"brandLogoWrapper\"> <\/div><\/div><\/div>\n\n\n\n<section class=\"wp-block-cg-blocks-group undefined section section--article-content\"><div class=\"article-main-content\"><div class=\"container\"><div class=\"row\"><div class=\"col-12 col-md-1\"><nav class=\"article-social\"><ul class=\"social-nav\"><li class=\"ip-order-fb\"><a href=\"https:\/\/www.facebook.com\/sharer\/sharer.php?u=https:\/\/www.capgemini.com\/pl-pl\/?page_id=698896\" target=\"_blank\" rel=\"noopener noreferrer\" title=\"otwiera si\u0119 w nowym oknie\"><i aria-hidden=\"true\" class=\"icon-fb\"><\/i><span class=\"sr-only\">Facebook<\/span><\/a><\/li><li class=\"ip-order-tw\"><a href=\"https:\/\/twitter.com\/intent\/tweet?url=https:\/\/www.capgemini.com\/pl-pl\/?page_id=698896&amp;text=\" target=\"_blank\" rel=\"noopener noreferrer\" title=\"otwiera si\u0119 w nowym oknie\"><i aria-hidden=\"true\" class=\"icon-tw\"><\/i><span class=\"sr-only\">Twitter<\/span><\/a><\/li><li class=\"ip-order-li\"><a href=\"https:\/\/www.linkedin.com\/sharing\/share-offsite\/?url=https:\/\/www.capgemini.com\/pl-pl\/?page_id=698896&amp;text=\" target=\"_blank\" rel=\"noopener noreferrer\" title=\"otwiera si\u0119 w nowym oknie\"><i aria-hidden=\"true\" class=\"icon-li\"><\/i><span class=\"sr-only\">Linkedin<\/span><\/a><\/li><\/ul><\/nav><\/div><div class=\"col-12 col-md-11 col-lg-10\"><div class=\"article-text article-quote-text\">\n<figure class=\"wp-block-image alignleft size-large is-resized\"><img loading=\"lazy\" decoding=\"async\" height=\"682\" width=\"1024\" src=\"https:\/\/www.capgemini.com\/pl-pl\/wp-content\/uploads\/sites\/27\/2022\/12\/IMG_1998.jpg?w=960\" alt=\"\" class=\"wp-image-22291\" style=\"width:356px;height:237px\" srcset=\"https:\/\/www.capgemini.com\/pl-pl\/wp-content\/uploads\/sites\/27\/2022\/12\/IMG_1998.jpg 1136w, https:\/\/www.capgemini.com\/pl-pl\/wp-content\/uploads\/sites\/27\/2022\/12\/IMG_1998.jpg?resize=300,200 300w, https:\/\/www.capgemini.com\/pl-pl\/wp-content\/uploads\/sites\/27\/2022\/12\/IMG_1998.jpg?resize=768,512 768w, https:\/\/www.capgemini.com\/pl-pl\/wp-content\/uploads\/sites\/27\/2022\/12\/IMG_1998.jpg?resize=1024,682 1024w\" sizes=\"auto, (max-width: 1024px) 100vw, 1024px\" \/><\/figure>\n\n\n\n<p><strong>Jak wskazuje Capgemini, automatyzacja pracy za wszelk\u0105 cen\u0119 to trend w fazie schy\u0142kowej. Wykorzystanie robot\u00f3w i sztucznej inteligencji przechodzi obecnie w humanoizacj\u0119 \u2013 czyli integracj\u0119 zaawansowanych maszyn i algorytm\u00f3w z ludzk\u0105 tkank\u0105 organizacji. Na fali tych zmian powstaj\u0105 superinteligentne (hyperintelligent) przedsi\u0119biorstwa, kt\u00f3re \u0142\u0105cz\u0105 w sobie potencja\u0142 ludzi pracuj\u0105cych rami\u0119 w rami\u0119 z robotami.<\/strong><\/p>\n\n\n\n<p>Eksperci Capgemini wskazuj\u0105, \u017ce stworzone na przestrzeni ostatnich kilunastu lat roboty nie dosz\u0142y jeszcze do momentu, w kt\u00f3rym mog\u0105 dzia\u0142a\u0107 w pe\u0142ni autonomicznie. Procesy uczenia maszynowego nie pozwalaj\u0105 na razie sztucznej inteligencji na dokonywanie wielu abstrakcyjnych analiz czy radzenie sobie z danymi wymagaj\u0105cymi interpretacji, a tym bardziej \u2013 na inteligencj\u0119 emocjonaln\u0105.<\/p>\n\n\n\n<p>\u2013 Na fali doniesie\u0144 o sztucznej inteligencji pokonuj\u0105cej cz\u0142owieka wiele firm wyobrazi\u0142o sobie, \u017ce jeste\u015bmy w stanie tworzy\u0107 roboty na poziomie C-3PO z \u201eGwiezdnych Wojen\u201d. Nic bardziej mylnego. To wci\u0105\u017c tylko w du\u017cej ilo\u015bci algorytmy, kt\u00f3re tylko dobrze zintegrowane z organizacj\u0105 i wsp\u00f3\u0142pracuj\u0105ce z przygotowanymi do takiej wsp\u00f3\u0142pracy lud\u017ami mog\u0105 zapewni\u0107 oczekiwane efekty. Przestali\u015bmy wi\u0119c m\u00f3wi\u0107 o automatyzacji oderwanej od dzia\u0142a\u0144 ludzkich, kt\u00f3r\u0105 firmy chcia\u0142y masowo i cz\u0119sto na si\u0142\u0119, wprowadza\u0107, a weszli\u015bmy w faz\u0119 humanoizacji. Tworzymy roboty, kt\u00f3re chcemy jak najbardziej upodobni\u0107 do ludzi, ale za kt\u00f3rymi wci\u0105\u017c stoj\u0105 i b\u0119d\u0105 stali ludzie \u2013 m\u00f3wi&nbsp;<strong>Wojciech Cicho\u0144, Dyrektor Zarz\u0105dzaj\u0105cy Capgemini Business Services Europe<\/strong>.<\/p>\n\n\n\n<p>Wed\u0142ug danych Capgemini, jednymi z najcz\u0119\u015bciej si\u0119gaj\u0105cych po automatyzacj\u0119 dzia\u0142\u00f3w firm s\u0105 obszary finansowo-kadrowe. Powstaj\u0105 wi\u0119c wirtualne roboty do emulowania i automatyzowania r\u0119cznych czynno\u015bci zwi\u0105zanych np. z tworzeniem i ksi\u0119gowaniem faktur, kopiowaniem i wklejaniem danych oraz ich uzgadnianiem, jak te\u017c wykonywaniem prostych i powtarzalnych oblicze\u0144 i manipulowaniem ci\u0105giem tekstowym. Tworzone s\u0105 r\u00f3wnie\u017c knowledge boty zajmuj\u0105ce si\u0119 gromadzeniem wiedzy oraz voice boty, kt\u00f3re ju\u017c mog\u0105 przeprowadzi\u0107 prawdziw\u0105, prost\u0105 konwersacj\u0119 telefoniczn\u0105. Takie boty s\u0105 wykorzystywane na przyk\u0142ad do wykonywania telefon\u00f3w zwi\u0105zanych z windykacj\u0105 faktur. Zdejmuj\u0105 wi\u0119c z ludzi nieprzyjemny i stresuj\u0105cy obowi\u0105zek, pozwalaj\u0105c na po\u015bwi\u0119cenie uwagi zadaniom o wi\u0119kszej wadze.<\/p>\n\n\n\n<p>\u2013 Poprzez powierzenie prostych, ale czasoch\u0142onnych element\u00f3w proces\u00f3w biznesowych robotom i po\u0142\u0105czenie ich z wy\u017csz\u0105 inteligencj\u0105 ludzk\u0105 osi\u0105gamy efekt superinteligencji, czy te\u017c hiperinteligencji przedsi\u0119biorstw. Uwalniamy zasoby umys\u0142u cz\u0142owieka, kt\u00f3re do tej pory by\u0142y marnowane na powtarzalne czynno\u015bci. Superinteligencja w rozumieniu science-fiction jest kojarzona raczej z form\u0105 sztuczn\u0105, ale przewy\u017cszaj\u0105c\u0105 ludzki umys\u0142. Zapomnieli\u015bmy jednak, \u017ce potencja\u0142 ludzkiego m\u00f3zgu jest na razie niemo\u017cliwy do skopiowania i tylko po\u0142\u0105czenie cz\u0142owiek-maszyna ma racj\u0119 bytu. W biznesie m\u00f3wimy o tym jako o zintegrowanej automatyzacji \u2013 komentuje&nbsp;<strong>Piotr Grzywacz, Vice President w Zespole Transformacji Biznesowej<\/strong>.<\/p>\n\n\n\n<p>Eksperci Capgemini wskazuj\u0105, \u017ce wprowadzenie zintegrowanych, zhumanoizowanych rozwiaza\u0144 automatyzacyjych wymaga dobrego przygotowania samej organizacji.<\/p>\n\n\n\n<p>\u2013 Nie dopasowujemy proces\u00f3w do robot\u00f3w, ale roboty do zespo\u0142\u00f3w ludzkich funkcjonuj\u0105cych w ramach organizacji. Musimy przy tym sprawi\u0107, \u017ceby pracownicy nie bali si\u0119 bota i chcieli si\u0119 z nim zaprzyja\u017ani\u0107. Ka\u017cdemu robotowi nadajemy wi\u0119c imi\u0119, pokazujemy czym si\u0119 dok\u0142adnie zajmuje i jakie s\u0105 jego mo\u017cliwo\u015bci. Trzeba jednak pami\u0119ta\u0107, \u017ce roboty sprawdz\u0105 si\u0119 g\u0142\u00f3wnie w dojrza\u0142ych przedsi\u0119biorstwach z dobrze wypracowan\u0105 kultur\u0105 organizacyjn\u0105. \u017beby je wdro\u017cy\u0107, trzeba si\u0119 wi\u0119c najpierw przyjrze\u0107 jak funkcjonuje obecnie dana firma, co mo\u017cna poprawi\u0107 w jej ju\u017c istniej\u0105cych strukturach i i procesach i odpowiednio je zaprojektowa\u0107 \u2013 podsumowuje&nbsp;<strong>Danuta Lipowska, Director w Zespole Transformacji Biznesowej<\/strong>.<\/p>\n\n\n\n<p>Bior\u0105c pod uwag\u0119 p\u0119dz\u0105cy wr\u0119cz post\u0119p technologiczny oraz ch\u0119\u0107 zmian w samych przedsi\u0119biorstwach, zdaniem Capgemini, wschodz\u0105cy w\u0142a\u015bnie trend humanoizacji wejdzie wkr\u00f3tce w kolejn\u0105 faz\u0119. Roboty prawdopodobnie zaczn\u0105 w\u00f3wczas dojrza\u0142o\u015b\u0107, kiedy to faktycznie one b\u0119d\u0105 proponowa\u0142y rozwi\u0105zania ludziom. Ci\u0105gle jednak to cz\u0142owiek b\u0119dzie decydowa\u0142 o w\u0142a\u015bciwej ich interpretacji.<\/p>\n<\/div><\/div><\/div><\/div><\/div><\/section>\n","protected":false},"excerpt":{"rendered":"","protected":false},"author":413,"featured_media":0,"parent":0,"menu_order":0,"comment_status":"closed","ping_status":"closed","template":"","meta":{"cg_dt_proposed_to":[],"cg_seo_hreflang_relations":"[]","cg_seo_canonical_relation":"","cg_seo_hreflang_x_default_relation":"{\"uuid\":\"d85f10da-c129-4723-a4eb-7a0c277619d2\",\"blogId\":\"\",\"domain\":\"\",\"sitePath\":\"\",\"postLink\":\"\",\"postId\":null,\"isSaved\":false,\"isCrossLink\":false,\"hasCrossLink\":false}","cg_dt_approved_content":true,"cg_dt_mandatory_content":false,"cg_dt_notes":"","cg_dg_source_changed":false,"cg_dt_link_disabled":false,"_yoast_wpseo_primary_brand":"","footnotes":"","featured_focal_points":"","partner_card_description":"","gsap_animation":0},"brand":[],"partner_type":[],"service":[],"industry":[],"partners":[],"page-type":[],"content-group":[],"class_list":["post-698896","page","type-page","status-publish","hentry"],"yoast_head":"<!-- This site is optimized with the Yoast SEO Premium plugin v22.8 (Yoast SEO v22.8) - https:\/\/yoast.com\/wordpress\/plugins\/seo\/ -->\n<title>Koniec automatyzacji i robotyzacji. Czas na humanoizacj\u0119. - Capgemini Poland<\/title>\n<meta name=\"description\" content=\"Jak wskazuje Capgemini, automatyzacja pracy za wszelk\u0105 cen\u0119 to trend w fazie schy\u0142kowej.\" \/>\n<meta name=\"robots\" content=\"index, follow, max-snippet:-1, max-image-preview:large, max-video-preview:-1\" \/>\n<link rel=\"canonical\" href=\"https:\/\/www.capgemini.com\/pl-pl\/artykuly-i-publikacje-capgemini-polska\/koniec-automatyzacji-i-robotyzacji-czas-na-humanoizacje\/\" \/>\n<meta property=\"og:locale\" content=\"pl_PL\" \/>\n<meta property=\"og:type\" content=\"article\" \/>\n<meta property=\"og:title\" content=\"Koniec automatyzacji i robotyzacji. Czas na humanoizacj\u0119.\" \/>\n<meta property=\"og:description\" content=\"Jak wskazuje Capgemini, automatyzacja pracy za wszelk\u0105 cen\u0119 to trend w fazie schy\u0142kowej.\" \/>\n<meta property=\"og:url\" content=\"https:\/\/www.capgemini.com\/pl-pl\/artykuly-i-publikacje-capgemini-polska\/koniec-automatyzacji-i-robotyzacji-czas-na-humanoizacje\/\" \/>\n<meta property=\"og:site_name\" content=\"Capgemini Poland\" \/>\n<meta property=\"article:modified_time\" content=\"2025-03-12T06:05:57+00:00\" \/>\n<meta property=\"og:image\" content=\"https:\/\/www.capgemini.com\/pl-pl\/wp-content\/uploads\/sites\/27\/2023\/01\/Automation-1.png\" \/>\n<meta name=\"twitter:card\" content=\"summary_large_image\" \/>\n<meta name=\"twitter:label1\" content=\"Est. reading time\" \/>\n\t<meta name=\"twitter:data1\" content=\"4 minutes\" \/>\n<script type=\"application\/ld+json\" class=\"yoast-schema-graph\">{\"@context\":\"https:\/\/schema.org\",\"@graph\":[{\"@type\":\"WebPage\",\"@id\":\"https:\/\/www.capgemini.com\/pl-pl\/artykuly-i-publikacje-capgemini-polska\/koniec-automatyzacji-i-robotyzacji-czas-na-humanoizacje\/\",\"url\":\"https:\/\/www.capgemini.com\/pl-pl\/artykuly-i-publikacje-capgemini-polska\/koniec-automatyzacji-i-robotyzacji-czas-na-humanoizacje\/\",\"name\":\"Koniec automatyzacji i robotyzacji. Czas na humanoizacj\u0119. - Capgemini Poland\",\"isPartOf\":{\"@id\":\"https:\/\/www.capgemini.com\/pl-pl\/#website\"},\"primaryImageOfPage\":{\"@id\":\"https:\/\/www.capgemini.com\/pl-pl\/artykuly-i-publikacje-capgemini-polska\/koniec-automatyzacji-i-robotyzacji-czas-na-humanoizacje\/#primaryimage\"},\"image\":{\"@id\":\"https:\/\/www.capgemini.com\/pl-pl\/artykuly-i-publikacje-capgemini-polska\/koniec-automatyzacji-i-robotyzacji-czas-na-humanoizacje\/#primaryimage\"},\"thumbnailUrl\":\"https:\/\/www.capgemini.com\/pl-pl\/wp-content\/uploads\/sites\/27\/2023\/01\/Automation-1.png\",\"datePublished\":\"2023-01-02T11:13:58+00:00\",\"dateModified\":\"2025-03-12T06:05:57+00:00\",\"description\":\"Jak wskazuje Capgemini, automatyzacja pracy za wszelk\u0105 cen\u0119 to trend w fazie schy\u0142kowej.\",\"breadcrumb\":{\"@id\":\"https:\/\/www.capgemini.com\/pl-pl\/artykuly-i-publikacje-capgemini-polska\/koniec-automatyzacji-i-robotyzacji-czas-na-humanoizacje\/#breadcrumb\"},\"inLanguage\":\"pl-PL\",\"potentialAction\":[{\"@type\":\"ReadAction\",\"target\":[\"https:\/\/www.capgemini.com\/pl-pl\/artykuly-i-publikacje-capgemini-polska\/koniec-automatyzacji-i-robotyzacji-czas-na-humanoizacje\/\"]}]},{\"@type\":\"ImageObject\",\"inLanguage\":\"pl-PL\",\"@id\":\"https:\/\/www.capgemini.com\/pl-pl\/artykuly-i-publikacje-capgemini-polska\/koniec-automatyzacji-i-robotyzacji-czas-na-humanoizacje\/#primaryimage\",\"url\":\"https:\/\/www.capgemini.com\/pl-pl\/wp-content\/uploads\/sites\/27\/2023\/01\/Automation-1.png\",\"contentUrl\":\"https:\/\/www.capgemini.com\/pl-pl\/wp-content\/uploads\/sites\/27\/2023\/01\/Automation-1.png\"},{\"@type\":\"BreadcrumbList\",\"@id\":\"https:\/\/www.capgemini.com\/pl-pl\/artykuly-i-publikacje-capgemini-polska\/koniec-automatyzacji-i-robotyzacji-czas-na-humanoizacje\/#breadcrumb\",\"itemListElement\":[{\"@type\":\"ListItem\",\"position\":1,\"name\":\"Home\",\"item\":\"https:\/\/www.capgemini.com\/pl-pl\/\"},{\"@type\":\"ListItem\",\"position\":2,\"name\":\"Koniec automatyzacji i robotyzacji. Czas na humanoizacj\u0119.\"}]},{\"@type\":\"WebSite\",\"@id\":\"https:\/\/www.capgemini.com\/pl-pl\/#website\",\"url\":\"https:\/\/www.capgemini.com\/pl-pl\/\",\"name\":\"Capgemini Polska\",\"description\":\"Capgemini\",\"potentialAction\":[{\"@type\":\"SearchAction\",\"target\":{\"@type\":\"EntryPoint\",\"urlTemplate\":\"https:\/\/www.capgemini.com\/pl-pl\/?s={search_term_string}\"},\"query-input\":\"required name=search_term_string\"}],\"inLanguage\":\"pl-PL\"}]}<\/script>\n<!-- \/ Yoast SEO Premium plugin. -->","yoast_head_json":{"title":"Koniec automatyzacji i robotyzacji. Czas na humanoizacj\u0119. - Capgemini Poland","description":"Jak wskazuje Capgemini, automatyzacja pracy za wszelk\u0105 cen\u0119 to trend w fazie schy\u0142kowej.","robots":{"index":"index","follow":"follow","max-snippet":"max-snippet:-1","max-image-preview":"max-image-preview:large","max-video-preview":"max-video-preview:-1"},"canonical":"https:\/\/www.capgemini.com\/pl-pl\/artykuly-i-publikacje-capgemini-polska\/koniec-automatyzacji-i-robotyzacji-czas-na-humanoizacje\/","og_locale":"pl_PL","og_type":"article","og_title":"Koniec automatyzacji i robotyzacji. Czas na humanoizacj\u0119.","og_description":"Jak wskazuje Capgemini, automatyzacja pracy za wszelk\u0105 cen\u0119 to trend w fazie schy\u0142kowej.","og_url":"https:\/\/www.capgemini.com\/pl-pl\/artykuly-i-publikacje-capgemini-polska\/koniec-automatyzacji-i-robotyzacji-czas-na-humanoizacje\/","og_site_name":"Capgemini Poland","article_modified_time":"2025-03-12T06:05:57+00:00","og_image":[{"url":"https:\/\/www.capgemini.com\/pl-pl\/wp-content\/uploads\/sites\/27\/2023\/01\/Automation-1.png"}],"twitter_card":"summary_large_image","twitter_misc":{"Est. reading time":"4 minutes"},"schema":{"@context":"https:\/\/schema.org","@graph":[{"@type":"WebPage","@id":"https:\/\/www.capgemini.com\/pl-pl\/artykuly-i-publikacje-capgemini-polska\/koniec-automatyzacji-i-robotyzacji-czas-na-humanoizacje\/","url":"https:\/\/www.capgemini.com\/pl-pl\/artykuly-i-publikacje-capgemini-polska\/koniec-automatyzacji-i-robotyzacji-czas-na-humanoizacje\/","name":"Koniec automatyzacji i robotyzacji. Czas na humanoizacj\u0119. - Capgemini Poland","isPartOf":{"@id":"https:\/\/www.capgemini.com\/pl-pl\/#website"},"primaryImageOfPage":{"@id":"https:\/\/www.capgemini.com\/pl-pl\/artykuly-i-publikacje-capgemini-polska\/koniec-automatyzacji-i-robotyzacji-czas-na-humanoizacje\/#primaryimage"},"image":{"@id":"https:\/\/www.capgemini.com\/pl-pl\/artykuly-i-publikacje-capgemini-polska\/koniec-automatyzacji-i-robotyzacji-czas-na-humanoizacje\/#primaryimage"},"thumbnailUrl":"https:\/\/www.capgemini.com\/pl-pl\/wp-content\/uploads\/sites\/27\/2023\/01\/Automation-1.png","datePublished":"2023-01-02T11:13:58+00:00","dateModified":"2025-03-12T06:05:57+00:00","description":"Jak wskazuje Capgemini, automatyzacja pracy za wszelk\u0105 cen\u0119 to trend w fazie schy\u0142kowej.","breadcrumb":{"@id":"https:\/\/www.capgemini.com\/pl-pl\/artykuly-i-publikacje-capgemini-polska\/koniec-automatyzacji-i-robotyzacji-czas-na-humanoizacje\/#breadcrumb"},"inLanguage":"pl-PL","potentialAction":[{"@type":"ReadAction","target":["https:\/\/www.capgemini.com\/pl-pl\/artykuly-i-publikacje-capgemini-polska\/koniec-automatyzacji-i-robotyzacji-czas-na-humanoizacje\/"]}]},{"@type":"ImageObject","inLanguage":"pl-PL","@id":"https:\/\/www.capgemini.com\/pl-pl\/artykuly-i-publikacje-capgemini-polska\/koniec-automatyzacji-i-robotyzacji-czas-na-humanoizacje\/#primaryimage","url":"https:\/\/www.capgemini.com\/pl-pl\/wp-content\/uploads\/sites\/27\/2023\/01\/Automation-1.png","contentUrl":"https:\/\/www.capgemini.com\/pl-pl\/wp-content\/uploads\/sites\/27\/2023\/01\/Automation-1.png"},{"@type":"BreadcrumbList","@id":"https:\/\/www.capgemini.com\/pl-pl\/artykuly-i-publikacje-capgemini-polska\/koniec-automatyzacji-i-robotyzacji-czas-na-humanoizacje\/#breadcrumb","itemListElement":[{"@type":"ListItem","position":1,"name":"Home","item":"https:\/\/www.capgemini.com\/pl-pl\/"},{"@type":"ListItem","position":2,"name":"Koniec automatyzacji i robotyzacji. Czas na humanoizacj\u0119."}]},{"@type":"WebSite","@id":"https:\/\/www.capgemini.com\/pl-pl\/#website","url":"https:\/\/www.capgemini.com\/pl-pl\/","name":"Capgemini Polska","description":"Capgemini","potentialAction":[{"@type":"SearchAction","target":{"@type":"EntryPoint","urlTemplate":"https:\/\/www.capgemini.com\/pl-pl\/?s={search_term_string}"},"query-input":"required name=search_term_string"}],"inLanguage":"pl-PL"}]}},"brand_term":[],"parsely":{"version":"1.1.0","canonical_url":"https:\/\/capgemini.com\/pl-pl\/artykuly-i-publikacje-capgemini-polska\/koniec-automatyzacji-i-robotyzacji-czas-na-humanoizacje\/","smart_links":{"inbound":0,"outbound":0},"traffic_boost_suggestions_count":0,"meta":{"@context":"https:\/\/schema.org","@type":"WebPage","headline":"Koniec automatyzacji i robotyzacji. Czas na humanoizacj\u0119.","url":"https:\/\/www.capgemini.com\/pl-pl\/artykuly-i-publikacje-capgemini-polska\/koniec-automatyzacji-i-robotyzacji-czas-na-humanoizacje\/","mainEntityOfPage":{"@type":"WebPage","@id":"https:\/\/www.capgemini.com\/pl-pl\/artykuly-i-publikacje-capgemini-polska\/koniec-automatyzacji-i-robotyzacji-czas-na-humanoizacje\/"},"thumbnailUrl":"","image":{"@type":"ImageObject","url":""},"articleSection":"Uncategorized","author":[],"creator":[],"publisher":{"@type":"Organization","name":"Capgemini Poland","logo":""},"keywords":[],"dateCreated":"2023-01-02T11:13:58Z","datePublished":"2023-01-02T11:13:58Z","dateModified":"2025-03-12T06:05:57Z"},"rendered":"<meta name=\"parsely-title\" content=\"Koniec automatyzacji i robotyzacji. Czas na humanoizacj\u0119.\" \/>\n<meta name=\"parsely-link\" content=\"https:\/\/www.capgemini.com\/pl-pl\/artykuly-i-publikacje-capgemini-polska\/koniec-automatyzacji-i-robotyzacji-czas-na-humanoizacje\/\" \/>\n<meta name=\"parsely-type\" content=\"index\" \/>\n<meta name=\"parsely-pub-date\" content=\"2023-01-02T11:13:58Z\" \/>\n<meta name=\"parsely-section\" content=\"Uncategorized\" \/>","tracker_url":"https:\/\/cdn.parsely.com\/keys\/capgemini.com\/p.js"},"archive_status":false,"featured_image_src":"https:\/\/www.capgemini.com\/pl-pl\/wp-content\/themes\/capgemini2025\/assets\/images\/mockup.png","featured_image_alt":false,"jetpack_sharing_enabled":true,"distributor_meta":false,"distributor_terms":false,"distributor_media":false,"distributor_original_site_name":"Capgemini Poland","distributor_original_site_url":"https:\/\/www.capgemini.com\/pl-pl","push-errors":false,"_links":{"self":[{"href":"https:\/\/www.capgemini.com\/pl-pl\/wp-json\/wp\/v2\/pages\/698896","targetHints":{"allow":["GET"]}}],"collection":[{"href":"https:\/\/www.capgemini.com\/pl-pl\/wp-json\/wp\/v2\/pages"}],"about":[{"href":"https:\/\/www.capgemini.com\/pl-pl\/wp-json\/wp\/v2\/types\/page"}],"author":[{"embeddable":true,"href":"https:\/\/www.capgemini.com\/pl-pl\/wp-json\/wp\/v2\/users\/413"}],"replies":[{"embeddable":true,"href":"https:\/\/www.capgemini.com\/pl-pl\/wp-json\/wp\/v2\/comments?post=698896"}],"version-history":[{"count":4,"href":"https:\/\/www.capgemini.com\/pl-pl\/wp-json\/wp\/v2\/pages\/698896\/revisions"}],"predecessor-version":[{"id":909193,"href":"https:\/\/www.capgemini.com\/pl-pl\/wp-json\/wp\/v2\/pages\/698896\/revisions\/909193"}],"wp:attachment":[{"href":"https:\/\/www.capgemini.com\/pl-pl\/wp-json\/wp\/v2\/media?parent=698896"}],"wp:term":[{"taxonomy":"brand","embeddable":true,"href":"https:\/\/www.capgemini.com\/pl-pl\/wp-json\/wp\/v2\/brand?post=698896"},{"taxonomy":"partner_type","embeddable":true,"href":"https:\/\/www.capgemini.com\/pl-pl\/wp-json\/wp\/v2\/partner_type?post=698896"},{"taxonomy":"service","embeddable":true,"href":"https:\/\/www.capgemini.com\/pl-pl\/wp-json\/wp\/v2\/service?post=698896"},{"taxonomy":"industry","embeddable":true,"href":"https:\/\/www.capgemini.com\/pl-pl\/wp-json\/wp\/v2\/industry?post=698896"},{"taxonomy":"partners","embeddable":true,"href":"https:\/\/www.capgemini.com\/pl-pl\/wp-json\/wp\/v2\/partners?post=698896"},{"taxonomy":"page-type","embeddable":true,"href":"https:\/\/www.capgemini.com\/pl-pl\/wp-json\/wp\/v2\/page-type?post=698896"},{"taxonomy":"content-group","embeddable":true,"href":"https:\/\/www.capgemini.com\/pl-pl\/wp-json\/wp\/v2\/content-group?post=698896"}],"curies":[{"name":"wp","href":"https:\/\/api.w.org\/{rel}","templated":true}]}}