{"id":698829,"date":"2022-12-27T08:51:52","date_gmt":"2022-12-27T08:51:52","guid":{"rendered":"https:\/\/www.capgemini.com\/pl-pl\/?page_id=698829"},"modified":"2025-12-18T14:34:04","modified_gmt":"2025-12-18T14:34:04","slug":"profil-firmy","status":"publish","type":"page","link":"https:\/\/www.capgemini.com\/pl-pl\/kariera\/spotkaj-sie-z-nami\/profil-firmy\/","title":{"rendered":"Profil firmy"},"content":{"rendered":"\n<div class=\"wp-block-cg-blocks-hero-picture-card undefined  heroPictureCard\"><div class=\"heroPictureCardBgs\"><picture><source srcset=\"\/wp-content\/themes\/capgemini2025\/assets\/images\/mockup.png?w=2880&amp;quality=70 1x, \/wp-content\/themes\/capgemini2025\/assets\/images\/mockup.png?w=2880&amp;quality=70 2x\" media=\"(min-width: 1500px)\"\/><source srcset=\"\/wp-content\/themes\/capgemini2025\/assets\/images\/mockup.png?w=1440&amp;quality=70 1x, \/wp-content\/themes\/capgemini2025\/assets\/images\/mockup.png?w=2880&amp;quality=70 2x\" media=\"(min-width: 992px)\"\/><source srcset=\"\/wp-content\/themes\/capgemini2025\/assets\/images\/mockup.png?w=1024&amp;quality=70 1x, \/wp-content\/themes\/capgemini2025\/assets\/images\/mockup.png?w=1024&amp;quality=70 2x\" media=\"(min-width: 768px)\"\/><source srcset=\"\/wp-content\/themes\/capgemini2025\/assets\/images\/mockup.png?w=768&amp;quality=70 1x, \/wp-content\/themes\/capgemini2025\/assets\/images\/mockup.png?w=768&amp;quality=70 2x\" media=\"(min-width: 0)\"\/><img decoding=\"async\" src=\"\/wp-content\/themes\/capgemini2025\/assets\/images\/mockup.png\" class=\"desktopImage\" style=\"object-fit:cover;object-position:50% 50%\" loading=\"eager\"\/><\/picture><picture><source srcset=\"\/wp-content\/themes\/capgemini2025\/assets\/images\/mockup.png?w=2880&amp;quality=70 1x, \/wp-content\/themes\/capgemini2025\/assets\/images\/mockup.png?w=2880&amp;quality=70 2x\" media=\"(min-width: 1500px)\"\/><source srcset=\"\/wp-content\/themes\/capgemini2025\/assets\/images\/mockup.png?w=1440&amp;quality=70 1x, \/wp-content\/themes\/capgemini2025\/assets\/images\/mockup.png?w=2880&amp;quality=70 2x\" media=\"(min-width: 992px)\"\/><source srcset=\"\/wp-content\/themes\/capgemini2025\/assets\/images\/mockup.png?w=1024&amp;quality=70 1x, \/wp-content\/themes\/capgemini2025\/assets\/images\/mockup.png?w=1024&amp;quality=70 2x\" media=\"(min-width: 768px)\"\/><source srcset=\"\/wp-content\/themes\/capgemini2025\/assets\/images\/mockup.png?w=768&amp;quality=70 1x, \/wp-content\/themes\/capgemini2025\/assets\/images\/mockup.png?w=768&amp;quality=70 2x\" media=\"(min-width: 0)\"\/><img decoding=\"async\" src=\"\/wp-content\/themes\/capgemini2025\/assets\/images\/mockup.png\" class=\"mobileImage\" style=\"object-fit:cover;object-position:50% 50%\" loading=\"eager\"\/><\/picture><\/div><div class=\"heroPictureCardHeaderShape\"><\/div><div class=\"container\"><div class=\"row\"><div class=\"col-md-8 col-lg-6\"><div class=\"heroPictureCardBox\"><div class=\"heroPictureCardBoxTitle\"><h1 data-maxlength=\"144\">Profil firmy<\/h1><\/div><\/div><\/div><\/div><\/div><div class=\"small-device\"><div class=\"brandLogoWrapper\"> <\/div><\/div><\/div>\n\n\n\n<section class=\"wp-block-cg-blocks-group undefined section section--article-content\"><div class=\"article-main-content\"><div class=\"container\"><div class=\"row\"><div class=\"col-12 col-md-1\"><nav class=\"article-social\"><ul class=\"social-nav\"><li class=\"ip-order-fb\"><a href=\"https:\/\/www.facebook.com\/sharer\/sharer.php?u=https:\/\/www.capgemini.com\/pl-pl\/?page_id=698829\" target=\"_blank\" rel=\"noopener noreferrer\" title=\"opens in a new window\"><i aria-hidden=\"true\" class=\"icon-fb\"><\/i><span class=\"sr-only\">Facebook<\/span><\/a><\/li><li class=\"ip-order-tw\"><a href=\"https:\/\/twitter.com\/intent\/tweet?url=https:\/\/www.capgemini.com\/pl-pl\/?page_id=698829&amp;text=\" target=\"_blank\" rel=\"noopener noreferrer\" title=\"opens in a new window\"><i aria-hidden=\"true\" class=\"icon-tw\"><\/i><span class=\"sr-only\">Twitter<\/span><\/a><\/li><li class=\"ip-order-li\"><a href=\"https:\/\/www.linkedin.com\/sharing\/share-offsite\/?url=https:\/\/www.capgemini.com\/pl-pl\/?page_id=698829&amp;text=\" target=\"_blank\" rel=\"noopener noreferrer\" title=\"opens in a new window\"><i aria-hidden=\"true\" class=\"icon-li\"><\/i><span class=\"sr-only\">Linkedin<\/span><\/a><\/li><\/ul><\/nav><\/div><div class=\"col-12 col-md-11 col-lg-10\"><div class=\"article-text article-quote-text\">\n<p>Capgemini to wielokulturowa firma zatrudniaj\u0105ca ponad 350.000 pracownik\u00f3w w ponad 50 krajach.<\/p>\n\n\n\n<h3 class=\"wp-block-heading\" id=\"h-grupa-capgemini\">Grupa Capgemini<\/h3>\n\n\n\n<p>Capgemini to \u015bwiatowy lider w dziedzinie doradztwa w zakresie transformacji i zarz\u0105dzania biznesem poprzez wykorzystanie mocy technologii. Celem Grupy jest d\u0105\u017cenie do odpowiedzialnej spo\u0142ecznie, zintegrowanej i zr\u00f3wnowa\u017conej przysz\u0142o\u015bci, w kt\u00f3rej potencja\u0142 ludzki jest wspierany nowymi technologiami. Capgemini jest odpowiedzialn\u0105 i wielokulturow\u0105 organizacj\u0105, licz\u0105c\u0105 ponad 350 000 pracownik\u00f3w zatrudnionych w ponad 50 krajach. Dzi\u0119ki silnemu 55-letniemu dziedzictwu i szerokiej wiedzy bran\u017cowej Grupa cieszy si\u0119 zaufaniem swoich klient\u00f3w, a tak\u017ce jest zdolna kompleksowo zaspokoi\u0107 ich potrzeby biznesowe: od strategii i projektowania rozwi\u0105za\u0144 po dzia\u0142ania operacyjne nap\u0119dzane przez dynamicznie rozwijaj\u0105cy si\u0119 i innowacyjny \u015bwiat technologii chmury, danych, sztucznej inteligencji, \u0142\u0105czno\u015bci, oprogramowania, in\u017cynierii cyfrowej i platform. W 2021 roku Grupa odnotowa\u0142a globalne przychody w wysoko\u015bci 18 miliard\u00f3w euro.<\/p>\n\n\n\n<h4 class=\"wp-block-heading\"><a href=\"https:\/\/www.capgemini.com\/pl-pl\/company-profile-key-figures\/corporate-governance\/\" target=\"_blank\" rel=\"noreferrer noopener\">\u0141ad korporacyjny<\/a><\/h4>\n\n\n\n<p><a href=\"https:\/\/www.capgemini.com\/about-us\/management-and-governance\/\">Szczeg\u00f3\u0142y dotycz\u0105ce globalnych struktur i zarz\u0105du firmy<\/a>.<\/p>\n\n\n\n<h4 class=\"wp-block-heading\"><a href=\"https:\/\/www.capgemini.com\/pl-pl\/company-profile-key-figures\/management-team-group-executive-committee\/\" target=\"_blank\" rel=\"noreferrer noopener\">Zesp\u00f3\u0142 zarz\u0105dzaj\u0105cy<\/a><\/h4>\n\n\n\n<p><a href=\"https:\/\/www.capgemini.com\/about-us\/management-and-governance\/board-of-directors\/\" target=\"_blank\" rel=\"noreferrer noopener\">G\u0142\u00f3wni dyrektorzy firmy<\/a>.<\/p>\n\n\n\n<h4 class=\"wp-block-heading\"><a href=\"https:\/\/www.capgemini.com\/pl-pl\/resources\/annual-report-2019\/\" target=\"_blank\" rel=\"noreferrer noopener\">Dane finansowe<\/a><\/h4>\n\n\n\n<p>Informacj\u0119 o realizowanej strategii podatkowej za rok 2020 mo\u017cna znale\u017a\u0107&nbsp;<a href=\"https:\/\/www.capgemini.com\/pl-pl\/wp-content\/uploads\/sites\/27\/2022\/12\/Capgemini-Polska-Informacja-o-realizowanej-strategii-podatkowej-za-rok-2020.pdf\">tutaj<\/a>.<\/p>\n\n\n\n<p>Informacj\u0119 o realizowanej strategii podatkowej za rok 2021 mo\u017cna znale\u017a\u0107&nbsp;<a href=\"https:\/\/www.capgemini.com\/pl-pl\/wp-content\/uploads\/sites\/27\/2022\/12\/Capgemini-Polska-Informacja-o-realizowanej-strategii-podatkowej-za-rok-2021.pdf\" target=\"_blank\" rel=\"noreferrer noopener\">tutaj<\/a>.<\/p>\n\n\n\n<p>Informacj\u0119 o realizowanej strategii podatkowej za rok 2022 mo\u017cna znale\u017a\u0107&nbsp;<a href=\"https:\/\/www.capgemini.com\/pl-pl\/informacja-o-realizowanej-strategii-podatkowej-za-rok-2022\/\">tutaj<\/a>.<\/p>\n\n\n\n<p>Informacj\u0119 o realizowanej strategii podatkowej za rok 2023 mo\u017cna znale\u017a\u0107 <a href=\"https:\/\/www.capgemini.com\/pl-pl\/wp-content\/uploads\/sites\/27\/2024\/12\/Informacja-o-realizowanej-strategii-podatkowej-za-rok-2023.pdf\">tutaj<\/a>.<\/p>\n\n\n\n<h4 class=\"wp-block-heading\"><a href=\"https:\/\/www.capgemini.com\/pl-pl\/what-do-capgemini-do\/\" target=\"_blank\" rel=\"noreferrer noopener\">Us\u0142ugi biznesowe<\/a><\/h4>\n\n\n\n<p>Przegl\u0105d naszych <a href=\"https:\/\/www.capgemini.com\/pl-pl\/uslugi\/\">us\u0142ug doradczych, technologicznych i innych us\u0142ug<\/a>.<\/p>\n\n\n\n<h4 class=\"wp-block-heading\"><a href=\"https:\/\/www.capgemini.com\/pl-pl\/company-profile-key-figures\/sektory-dzialalnosci\/\" target=\"_blank\" rel=\"noreferrer noopener\">Ekspertyza bran\u017cowa<\/a><\/h4>\n\n\n\n<p>Informacje <a href=\"https:\/\/www.capgemini.com\/pl-pl\/branze\/\">o wiedzy eksperckiej w poszczeg\u00f3lnych sektorach<\/a>.<\/p>\n\n\n\n<h4 class=\"wp-block-heading\"><a href=\"https:\/\/www.capgemini.com\/pl-pl\/zobowiazanie-do-csr\/\" target=\"_blank\" rel=\"noreferrer noopener\">Spo\u0142eczna odpowiedzialno\u015b\u0107<\/a><\/h4>\n\n\n\n<p>Informacje na temat <a href=\"https:\/\/www.capgemini.com\/about-us\/csr\/\" target=\"_blank\" rel=\"noreferrer noopener\">odpowiedzialno\u015bci spo\u0142ecznej<\/a> oraz <a href=\"https:\/\/www.capgemini.com\/about-us\/who-we-are\/values-and-ethics\/\" target=\"_blank\" rel=\"noreferrer noopener\">warto\u015bciach naszej firmy<\/a>.<\/p>\n<\/div><\/div><\/div><\/div><\/div><\/section>\n","protected":false},"excerpt":{"rendered":"","protected":false},"author":413,"featured_media":0,"parent":699425,"menu_order":3,"comment_status":"closed","ping_status":"closed","template":"","meta":{"cg_dt_proposed_to":[],"cg_seo_hreflang_relations":"[]","cg_seo_canonical_relation":"","cg_seo_hreflang_x_default_relation":"{\"uuid\":\"1d73969c-7449-4e0f-bcb3-8665efb55ba6\",\"blogId\":\"\",\"domain\":\"\",\"sitePath\":\"\",\"postLink\":\"\",\"postId\":null,\"isSaved\":true,\"isCrossLink\":false,\"hasCrossLink\":false}","cg_dt_approved_content":true,"cg_dt_mandatory_content":false,"cg_dt_notes":"","cg_dg_source_changed":false,"cg_dt_link_disabled":false,"_yoast_wpseo_primary_brand":"","footnotes":"","featured_focal_points":"","partner_card_description":"","gsap_animation":0},"brand":[],"partner_type":[],"service":[],"industry":[],"partners":[],"page-type":[],"content-group":[],"class_list":["post-698829","page","type-page","status-publish","hentry"],"yoast_head":"<!-- This site is optimized with the Yoast SEO Premium plugin v22.8 (Yoast SEO v22.8) - https:\/\/yoast.com\/wordpress\/plugins\/seo\/ -->\n<title>Profil firmy - Capgemini Poland<\/title>\n<meta name=\"description\" content=\"Capgemini to wielokulturowa firma zatrudniaj\u0105ca ponad 350.000 pracownik\u00f3w w ponad 50 krajach.\" \/>\n<meta name=\"robots\" content=\"index, follow, max-snippet:-1, max-image-preview:large, max-video-preview:-1\" \/>\n<link rel=\"canonical\" href=\"https:\/\/www.capgemini.com\/pl-pl\/kariera\/spotkaj-sie-z-nami\/profil-firmy\/\" \/>\n<meta property=\"og:locale\" content=\"pl_PL\" \/>\n<meta property=\"og:type\" content=\"article\" \/>\n<meta property=\"og:title\" content=\"Profil firmy\" \/>\n<meta property=\"og:description\" content=\"Capgemini to wielokulturowa firma zatrudniaj\u0105ca ponad 350.000 pracownik\u00f3w w ponad 50 krajach.\" \/>\n<meta property=\"og:url\" content=\"https:\/\/www.capgemini.com\/pl-pl\/kariera\/spotkaj-sie-z-nami\/profil-firmy\/\" \/>\n<meta property=\"og:site_name\" content=\"Capgemini Poland\" \/>\n<meta property=\"article:modified_time\" content=\"2025-12-18T14:34:04+00:00\" \/>\n<meta property=\"og:image\" content=\"https:\/\/www.capgemini.com\/pl-pl\/wp-content\/uploads\/sites\/27\/2025\/10\/New-Web-preview-global.jpg\" \/>\n\t<meta property=\"og:image:width\" content=\"1200\" \/>\n\t<meta property=\"og:image:height\" content=\"627\" \/>\n\t<meta property=\"og:image:type\" content=\"image\/jpeg\" \/>\n<meta name=\"twitter:card\" content=\"summary_large_image\" \/>\n<meta name=\"twitter:label1\" content=\"Est. reading time\" \/>\n\t<meta name=\"twitter:data1\" content=\"2 minutes\" \/>\n<script type=\"application\/ld+json\" class=\"yoast-schema-graph\">{\"@context\":\"https:\/\/schema.org\",\"@graph\":[{\"@type\":\"WebPage\",\"@id\":\"https:\/\/www.capgemini.com\/pl-pl\/kariera\/spotkaj-sie-z-nami\/profil-firmy\/\",\"url\":\"https:\/\/www.capgemini.com\/pl-pl\/kariera\/spotkaj-sie-z-nami\/profil-firmy\/\",\"name\":\"Profil firmy - Capgemini Poland\",\"isPartOf\":{\"@id\":\"https:\/\/www.capgemini.com\/pl-pl\/#website\"},\"datePublished\":\"2022-12-27T08:51:52+00:00\",\"dateModified\":\"2025-12-18T14:34:04+00:00\",\"description\":\"Capgemini to wielokulturowa firma zatrudniaj\u0105ca ponad 350.000 pracownik\u00f3w w ponad 50 krajach.\",\"breadcrumb\":{\"@id\":\"https:\/\/www.capgemini.com\/pl-pl\/kariera\/spotkaj-sie-z-nami\/profil-firmy\/#breadcrumb\"},\"inLanguage\":\"pl-PL\",\"potentialAction\":[{\"@type\":\"ReadAction\",\"target\":[\"https:\/\/www.capgemini.com\/pl-pl\/kariera\/spotkaj-sie-z-nami\/profil-firmy\/\"]}]},{\"@type\":\"BreadcrumbList\",\"@id\":\"https:\/\/www.capgemini.com\/pl-pl\/kariera\/spotkaj-sie-z-nami\/profil-firmy\/#breadcrumb\",\"itemListElement\":[{\"@type\":\"ListItem\",\"position\":1,\"name\":\"Home\",\"item\":\"https:\/\/www.capgemini.com\/pl-pl\/\"},{\"@type\":\"ListItem\",\"position\":2,\"name\":\"Kariera\",\"item\":\"https:\/\/www.capgemini.com\/pl-pl\/kariera\/\"},{\"@type\":\"ListItem\",\"position\":3,\"name\":\"Spotkajmy si\u0119\",\"item\":\"https:\/\/www.capgemini.com\/pl-pl\/kariera\/spotkaj-sie-z-nami\/\"},{\"@type\":\"ListItem\",\"position\":4,\"name\":\"Profil firmy\"}]},{\"@type\":\"WebSite\",\"@id\":\"https:\/\/www.capgemini.com\/pl-pl\/#website\",\"url\":\"https:\/\/www.capgemini.com\/pl-pl\/\",\"name\":\"Capgemini Polska\",\"description\":\"Capgemini\",\"potentialAction\":[{\"@type\":\"SearchAction\",\"target\":{\"@type\":\"EntryPoint\",\"urlTemplate\":\"https:\/\/www.capgemini.com\/pl-pl\/?s={search_term_string}\"},\"query-input\":\"required name=search_term_string\"}],\"inLanguage\":\"pl-PL\"}]}<\/script>\n<!-- \/ Yoast SEO Premium plugin. -->","yoast_head_json":{"title":"Profil firmy - Capgemini Poland","description":"Capgemini to wielokulturowa firma zatrudniaj\u0105ca ponad 350.000 pracownik\u00f3w w ponad 50 krajach.","robots":{"index":"index","follow":"follow","max-snippet":"max-snippet:-1","max-image-preview":"max-image-preview:large","max-video-preview":"max-video-preview:-1"},"canonical":"https:\/\/www.capgemini.com\/pl-pl\/kariera\/spotkaj-sie-z-nami\/profil-firmy\/","og_locale":"pl_PL","og_type":"article","og_title":"Profil firmy","og_description":"Capgemini to wielokulturowa firma zatrudniaj\u0105ca ponad 350.000 pracownik\u00f3w w ponad 50 krajach.","og_url":"https:\/\/www.capgemini.com\/pl-pl\/kariera\/spotkaj-sie-z-nami\/profil-firmy\/","og_site_name":"Capgemini Poland","article_modified_time":"2025-12-18T14:34:04+00:00","og_image":[{"width":1200,"height":627,"url":"https:\/\/www.capgemini.com\/pl-pl\/wp-content\/uploads\/sites\/27\/2025\/10\/New-Web-preview-global.jpg","type":"image\/jpeg"}],"twitter_card":"summary_large_image","twitter_misc":{"Est. reading time":"2 minutes"},"schema":{"@context":"https:\/\/schema.org","@graph":[{"@type":"WebPage","@id":"https:\/\/www.capgemini.com\/pl-pl\/kariera\/spotkaj-sie-z-nami\/profil-firmy\/","url":"https:\/\/www.capgemini.com\/pl-pl\/kariera\/spotkaj-sie-z-nami\/profil-firmy\/","name":"Profil firmy - Capgemini Poland","isPartOf":{"@id":"https:\/\/www.capgemini.com\/pl-pl\/#website"},"datePublished":"2022-12-27T08:51:52+00:00","dateModified":"2025-12-18T14:34:04+00:00","description":"Capgemini to wielokulturowa firma zatrudniaj\u0105ca ponad 350.000 pracownik\u00f3w w ponad 50 krajach.","breadcrumb":{"@id":"https:\/\/www.capgemini.com\/pl-pl\/kariera\/spotkaj-sie-z-nami\/profil-firmy\/#breadcrumb"},"inLanguage":"pl-PL","potentialAction":[{"@type":"ReadAction","target":["https:\/\/www.capgemini.com\/pl-pl\/kariera\/spotkaj-sie-z-nami\/profil-firmy\/"]}]},{"@type":"BreadcrumbList","@id":"https:\/\/www.capgemini.com\/pl-pl\/kariera\/spotkaj-sie-z-nami\/profil-firmy\/#breadcrumb","itemListElement":[{"@type":"ListItem","position":1,"name":"Home","item":"https:\/\/www.capgemini.com\/pl-pl\/"},{"@type":"ListItem","position":2,"name":"Kariera","item":"https:\/\/www.capgemini.com\/pl-pl\/kariera\/"},{"@type":"ListItem","position":3,"name":"Spotkajmy si\u0119","item":"https:\/\/www.capgemini.com\/pl-pl\/kariera\/spotkaj-sie-z-nami\/"},{"@type":"ListItem","position":4,"name":"Profil firmy"}]},{"@type":"WebSite","@id":"https:\/\/www.capgemini.com\/pl-pl\/#website","url":"https:\/\/www.capgemini.com\/pl-pl\/","name":"Capgemini Polska","description":"Capgemini","potentialAction":[{"@type":"SearchAction","target":{"@type":"EntryPoint","urlTemplate":"https:\/\/www.capgemini.com\/pl-pl\/?s={search_term_string}"},"query-input":"required name=search_term_string"}],"inLanguage":"pl-PL"}]}},"brand_term":[],"parsely":{"version":"1.1.0","canonical_url":"https:\/\/capgemini.com\/pl-pl\/kariera\/spotkaj-sie-z-nami\/profil-firmy\/","smart_links":{"inbound":0,"outbound":0},"traffic_boost_suggestions_count":0,"meta":{"@context":"https:\/\/schema.org","@type":"WebPage","headline":"Profil firmy","url":"https:\/\/www.capgemini.com\/pl-pl\/kariera\/spotkaj-sie-z-nami\/profil-firmy\/","mainEntityOfPage":{"@type":"WebPage","@id":"https:\/\/www.capgemini.com\/pl-pl\/kariera\/spotkaj-sie-z-nami\/profil-firmy\/"},"thumbnailUrl":"","image":{"@type":"ImageObject","url":""},"articleSection":"Uncategorized","author":[],"creator":[],"publisher":{"@type":"Organization","name":"Capgemini Poland","logo":""},"keywords":[],"dateCreated":"2022-12-27T08:51:52Z","datePublished":"2022-12-27T08:51:52Z","dateModified":"2025-12-18T14:34:04Z"},"rendered":"<meta name=\"parsely-title\" content=\"Profil firmy\" \/>\n<meta name=\"parsely-link\" content=\"https:\/\/www.capgemini.com\/pl-pl\/kariera\/spotkaj-sie-z-nami\/profil-firmy\/\" \/>\n<meta name=\"parsely-type\" content=\"index\" \/>\n<meta name=\"parsely-pub-date\" content=\"2022-12-27T08:51:52Z\" \/>\n<meta name=\"parsely-section\" content=\"Uncategorized\" \/>","tracker_url":"https:\/\/cdn.parsely.com\/keys\/capgemini.com\/p.js"},"archive_status":false,"featured_image_src":"https:\/\/www.capgemini.com\/pl-pl\/wp-content\/themes\/capgemini2025\/assets\/images\/mockup.png","featured_image_alt":false,"jetpack_sharing_enabled":true,"distributor_meta":false,"distributor_terms":false,"distributor_media":false,"distributor_original_site_name":"Capgemini Poland","distributor_original_site_url":"https:\/\/www.capgemini.com\/pl-pl","push-errors":false,"_links":{"self":[{"href":"https:\/\/www.capgemini.com\/pl-pl\/wp-json\/wp\/v2\/pages\/698829","targetHints":{"allow":["GET"]}}],"collection":[{"href":"https:\/\/www.capgemini.com\/pl-pl\/wp-json\/wp\/v2\/pages"}],"about":[{"href":"https:\/\/www.capgemini.com\/pl-pl\/wp-json\/wp\/v2\/types\/page"}],"author":[{"embeddable":true,"href":"https:\/\/www.capgemini.com\/pl-pl\/wp-json\/wp\/v2\/users\/413"}],"replies":[{"embeddable":true,"href":"https:\/\/www.capgemini.com\/pl-pl\/wp-json\/wp\/v2\/comments?post=698829"}],"version-history":[{"count":10,"href":"https:\/\/www.capgemini.com\/pl-pl\/wp-json\/wp\/v2\/pages\/698829\/revisions"}],"predecessor-version":[{"id":914047,"href":"https:\/\/www.capgemini.com\/pl-pl\/wp-json\/wp\/v2\/pages\/698829\/revisions\/914047"}],"up":[{"embeddable":true,"href":"https:\/\/www.capgemini.com\/pl-pl\/wp-json\/wp\/v2\/pages\/699425"}],"wp:attachment":[{"href":"https:\/\/www.capgemini.com\/pl-pl\/wp-json\/wp\/v2\/media?parent=698829"}],"wp:term":[{"taxonomy":"brand","embeddable":true,"href":"https:\/\/www.capgemini.com\/pl-pl\/wp-json\/wp\/v2\/brand?post=698829"},{"taxonomy":"partner_type","embeddable":true,"href":"https:\/\/www.capgemini.com\/pl-pl\/wp-json\/wp\/v2\/partner_type?post=698829"},{"taxonomy":"service","embeddable":true,"href":"https:\/\/www.capgemini.com\/pl-pl\/wp-json\/wp\/v2\/service?post=698829"},{"taxonomy":"industry","embeddable":true,"href":"https:\/\/www.capgemini.com\/pl-pl\/wp-json\/wp\/v2\/industry?post=698829"},{"taxonomy":"partners","embeddable":true,"href":"https:\/\/www.capgemini.com\/pl-pl\/wp-json\/wp\/v2\/partners?post=698829"},{"taxonomy":"page-type","embeddable":true,"href":"https:\/\/www.capgemini.com\/pl-pl\/wp-json\/wp\/v2\/page-type?post=698829"},{"taxonomy":"content-group","embeddable":true,"href":"https:\/\/www.capgemini.com\/pl-pl\/wp-json\/wp\/v2\/content-group?post=698829"}],"curies":[{"name":"wp","href":"https:\/\/api.w.org\/{rel}","templated":true}]}}