{"id":698772,"date":"2022-12-27T03:56:54","date_gmt":"2022-12-27T03:56:54","guid":{"rendered":"https:\/\/www.capgemini.com\/pl-pl\/?page_id=698772"},"modified":"2025-03-12T06:08:38","modified_gmt":"2025-03-12T06:08:38","slug":"w-capgemini-szukamy-ekspertow-z-obszaru-finansow-i-ksiegowosci","status":"publish","type":"page","link":"https:\/\/www.capgemini.com\/pl-pl\/kariera\/specialists-in-finance\/","title":{"rendered":"Eksperci z obszaru finans\u00f3w i ksi\u0119gowo\u015bci"},"content":{"rendered":"\n<div class=\"wp-block-cg-blocks-hero-picture-card undefined  heroPictureCard\"><div class=\"heroPictureCardBgs\"><picture><source srcset=\"https:\/\/www.capgemini.com\/pl-pl\/wp-content\/uploads\/sites\/27\/2023\/01\/Ksiegowosc.png?w=2880&amp;quality=70 1x, https:\/\/www.capgemini.com\/pl-pl\/wp-content\/uploads\/sites\/27\/2023\/01\/Ksiegowosc.png?w=2880&amp;quality=70 2x\" media=\"(min-width: 1500px)\"\/><source srcset=\"https:\/\/www.capgemini.com\/pl-pl\/wp-content\/uploads\/sites\/27\/2023\/01\/Ksiegowosc.png?w=1440&amp;quality=70 1x, https:\/\/www.capgemini.com\/pl-pl\/wp-content\/uploads\/sites\/27\/2023\/01\/Ksiegowosc.png?w=2880&amp;quality=70 2x\" media=\"(min-width: 992px)\"\/><source srcset=\"https:\/\/www.capgemini.com\/pl-pl\/wp-content\/uploads\/sites\/27\/2023\/01\/Ksiegowosc.png?w=1024&amp;quality=70 1x, https:\/\/www.capgemini.com\/pl-pl\/wp-content\/uploads\/sites\/27\/2023\/01\/Ksiegowosc.png?w=1024&amp;quality=70 2x\" media=\"(min-width: 768px)\"\/><source srcset=\"https:\/\/www.capgemini.com\/pl-pl\/wp-content\/uploads\/sites\/27\/2023\/01\/Ksiegowosc.png?w=768&amp;quality=70 1x, https:\/\/www.capgemini.com\/pl-pl\/wp-content\/uploads\/sites\/27\/2023\/01\/Ksiegowosc.png?w=768&amp;quality=70 2x\" media=\"(min-width: 0)\"\/><img decoding=\"async\" src=\"https:\/\/www.capgemini.com\/pl-pl\/wp-content\/uploads\/sites\/27\/2023\/01\/Ksiegowosc.png\" class=\"desktopImage\" alt=\"\" style=\"object-fit:cover;object-position:50% 50%\" loading=\"eager\"\/><\/picture><picture><source srcset=\"https:\/\/www.capgemini.com\/pl-pl\/wp-content\/uploads\/sites\/27\/2023\/01\/Ksiegowosc.png?w=2880&amp;quality=70 1x, https:\/\/www.capgemini.com\/pl-pl\/wp-content\/uploads\/sites\/27\/2023\/01\/Ksiegowosc.png?w=2880&amp;quality=70 2x\" media=\"(min-width: 1500px)\"\/><source srcset=\"https:\/\/www.capgemini.com\/pl-pl\/wp-content\/uploads\/sites\/27\/2023\/01\/Ksiegowosc.png?w=1440&amp;quality=70 1x, https:\/\/www.capgemini.com\/pl-pl\/wp-content\/uploads\/sites\/27\/2023\/01\/Ksiegowosc.png?w=2880&amp;quality=70 2x\" media=\"(min-width: 992px)\"\/><source srcset=\"https:\/\/www.capgemini.com\/pl-pl\/wp-content\/uploads\/sites\/27\/2023\/01\/Ksiegowosc.png?w=1024&amp;quality=70 1x, https:\/\/www.capgemini.com\/pl-pl\/wp-content\/uploads\/sites\/27\/2023\/01\/Ksiegowosc.png?w=1024&amp;quality=70 2x\" media=\"(min-width: 768px)\"\/><source srcset=\"https:\/\/www.capgemini.com\/pl-pl\/wp-content\/uploads\/sites\/27\/2023\/01\/Ksiegowosc.png?w=768&amp;quality=70 1x, https:\/\/www.capgemini.com\/pl-pl\/wp-content\/uploads\/sites\/27\/2023\/01\/Ksiegowosc.png?w=768&amp;quality=70 2x\" media=\"(min-width: 0)\"\/><img decoding=\"async\" src=\"https:\/\/www.capgemini.com\/pl-pl\/wp-content\/uploads\/sites\/27\/2023\/01\/Ksiegowosc.png\" class=\"mobileImage\" alt=\"\" style=\"object-fit:cover;object-position:50% 50%\" loading=\"eager\"\/><\/picture><\/div><div class=\"heroPictureCardHeaderShape\"><\/div><div class=\"container\"><div class=\"row\"><div class=\"col-md-8 col-lg-6\"><div class=\"heroPictureCardBox\"><div class=\"heroPictureCardBoxTitle\"><h1 data-maxlength=\"144\">W Capgemini szukamy ekspert\u00f3w z obszaru finans\u00f3w i ksi\u0119gowo\u015bci<\/h1><\/div><\/div><\/div><\/div><\/div><div class=\"small-device\"><div class=\"brandLogoWrapper\"> <\/div><\/div><\/div>\n\n\n\n<section class=\"wp-block-cg-blocks-group undefined section section--article-content\"><div class=\"article-main-content\"><div class=\"container\"><div class=\"row\"><div class=\"col-12 col-md-1\"><nav class=\"article-social\"><ul class=\"social-nav\"><li class=\"ip-order-fb\"><a href=\"https:\/\/www.facebook.com\/sharer\/sharer.php?u=https:\/\/www.capgemini.com\/pl-pl\/?page_id=698772\" target=\"_blank\" rel=\"noopener noreferrer\" title=\"otwiera si\u0119 w nowym oknie\"><i aria-hidden=\"true\" class=\"icon-fb\"><\/i><span class=\"sr-only\">Facebook<\/span><\/a><\/li><li class=\"ip-order-tw\"><a href=\"https:\/\/twitter.com\/intent\/tweet?url=https:\/\/www.capgemini.com\/pl-pl\/?page_id=698772&amp;text=\" target=\"_blank\" rel=\"noopener noreferrer\" title=\"otwiera si\u0119 w nowym oknie\"><i aria-hidden=\"true\" class=\"icon-tw\"><\/i><span class=\"sr-only\">Twitter<\/span><\/a><\/li><li class=\"ip-order-li\"><a href=\"https:\/\/www.linkedin.com\/sharing\/share-offsite\/?url=https:\/\/www.capgemini.com\/pl-pl\/?page_id=698772&amp;text=\" target=\"_blank\" rel=\"noopener noreferrer\" title=\"otwiera si\u0119 w nowym oknie\"><i aria-hidden=\"true\" class=\"icon-li\"><\/i><span class=\"sr-only\">Linkedin<\/span><\/a><\/li><\/ul><\/nav><\/div><div class=\"col-12 col-md-11 col-lg-10\"><div class=\"article-text article-quote-text\">\n<h3 class=\"wp-block-heading\" id=\"h-dzieki-stabilnemu-zatrudnieniu-mozesz-dalej-rozwijac-swoje-dotychczas-zdobyte-doswiadczenie-zawodowe\">Dzi\u0119ki stabilnemu zatrudnieniu, mo\u017cesz dalej rozwija\u0107 swoje dotychczas zdobyte do\u015bwiadczenie zawodowe.<\/h3>\n\n\n\n<p>Szukamy specjalist\u00f3w z obszaru finans\u00f3w i ksi\u0119gowo\u015bci, obs\u0142ugi klienta, kt\u00f3rzy znaj\u0105 j\u0119zyk angielski lub\/i inny j\u0119zyk obcy na poziomie minimum B2.&nbsp;<\/p>\n\n\n\n<h4 class=\"wp-block-heading\" id=\"h-zobacz-jakie-przykladowe-stanowiska-i-obowiazki-czekaja-na-ciebie-po-dolaczeniu-do-naszego-grona-ekspertow\">Zobacz, jakie przyk\u0142adowe stanowiska i obowi\u0105zki czekaj\u0105 na Ciebie po do\u0142\u0105czeniu do naszego grona ekspert\u00f3w.<\/h4>\n\n\n\n<p><strong>AP Finance &amp; Accounting Senior Specialist\/Reporting Specialist<\/strong><\/p>\n\n\n\n<ul class=\"wp-block-list\">\n<li>Zarz\u0105dzanie procesami zwi\u0105zanymi z AP Quality Assurance<\/li>\n\n\n\n<li>Dostarczanie dziennych\/tygodniowych\/miesi\u0119cznych raport\u00f3w zwi\u0105zanych z kontrol\u0105 jako\u015bci procesu<\/li>\n\n\n\n<li>Utrzymywanie narz\u0119dzia do \u015bledzenia jako\u015bci \u2013 SAP FCC<\/li>\n\n\n\n<li>Wspieranie zespo\u0142u operacyjnego w projektach<\/li>\n\n\n\n<li>Prowadzenie aktualnego rejestru problem\u00f3w<\/li>\n<\/ul>\n\n\n\n<p><strong>&nbsp;<\/strong><strong>R2A Finance and Accounting Process Specialist<\/strong><\/p>\n\n\n\n<ul class=\"wp-block-list\">\n<li>Ksi\u0119gowanie i przygotowanie wpis\u00f3w finansowych<\/li>\n\n\n\n<li>Rozliczanie mi\u0119dzyokresowe<\/li>\n\n\n\n<li>Kalkulowanie \u015bredniego kosztu zakupu<\/li>\n\n\n\n<li>Utrzymanie kont \u2013 nale\u017cno\u015bci i rezerwy, rozliczenia mi\u0119dzyokresowe koszt\u00f3w, kapita\u0142 w\u0142asny, uzgodnienia bankowe itp.<\/li>\n\n\n\n<li>Rabaty dla klient\u00f3w (obs\u0142uga um\u00f3w, naliczanie rozlicze\u0144 mi\u0119dzyokresowych, korekta prowizji, ksi\u0119gowanie korekt)<\/li>\n<\/ul>\n\n\n\n<div class=\"wp-block-media-text alignwide has-media-on-the-right is-stacked-on-mobile\" style=\"grid-template-columns:auto 30%\"><div class=\"wp-block-media-text__content\">\n<blockquote class=\"wp-block-quote is-layout-flow wp-block-quote-is-layout-flow\">\n<p>\u201eOsoby poszukuj\u0105ce pracy na rynku F&amp;A maj\u0105 do wyboru firmy, kt\u00f3re generalnie oferuj\u0105 podobne warunki pracy, jednak wi\u0119kszo\u015b\u0107 os\u00f3b pracuj\u0105cych w Capgemini podkre\u015bla, \u017ce \u200b\u200bto w\u0142a\u015bnie tam jest najlepsza atmosfera do pracy. Mam ponad 12-letnie do\u015bwiadczenie zawodowe i wiem \u017ce najwa\u017cniejsza w pracy jest atmosfera. Bez ludzi, na kt\u00f3rych mo\u017cesz polega\u0107, nie mo\u017cesz osi\u0105gn\u0105\u0107 swoich cel\u00f3w.\u201d<\/p>\n<cite>Krzysztof Gedyk, Team Leader<\/cite><\/blockquote>\n<\/div><figure class=\"wp-block-media-text__media\"><img loading=\"lazy\" decoding=\"async\" width=\"500\" height=\"500\" src=\"https:\/\/www.capgemini.com\/pl-pl\/wp-content\/uploads\/sites\/27\/2023\/03\/Krzysztof-Gedyk-.jpg?w=500\" alt=\"\" class=\"wp-image-705484 size-full\" srcset=\"https:\/\/www.capgemini.com\/pl-pl\/wp-content\/uploads\/sites\/27\/2023\/03\/Krzysztof-Gedyk-.jpg 500w, https:\/\/www.capgemini.com\/pl-pl\/wp-content\/uploads\/sites\/27\/2023\/03\/Krzysztof-Gedyk-.jpg?resize=150,150 150w, https:\/\/www.capgemini.com\/pl-pl\/wp-content\/uploads\/sites\/27\/2023\/03\/Krzysztof-Gedyk-.jpg?resize=300,300 300w, https:\/\/www.capgemini.com\/pl-pl\/wp-content\/uploads\/sites\/27\/2023\/03\/Krzysztof-Gedyk-.jpg?resize=400,400 400w\" sizes=\"auto, (max-width: 500px) 100vw, 500px\" \/><\/figure><\/div>\n\n\n\n<p><strong>Finance &amp; Accounting Systems Support Specialist<\/strong><\/p>\n\n\n\n<ul class=\"wp-block-list\">\n<li>Wsparcie utrzymania wewn\u0119trznych narz\u0119dzi i rozwi\u0105za\u0144 (transfery systemowe, zg\u0142aszanie problem\u00f3w) w Systemie Oracle R12<\/li>\n\n\n\n<li>Testowanie funkcjonalno\u015bci nowego systemu<\/li>\n\n\n\n<li>Bliska wsp\u00f3\u0142praca z wszystkimi zespo\u0142ami finansowo-ksi\u0119gowymi, innymi osobami wspieraj\u0105cymi oraz programistami<\/li>\n\n\n\n<li>Identyfikowanie obszar\u00f3w dla potencjalnych usprawnie\u0144 systemu<\/li>\n<\/ul>\n\n\n\n<p><strong>&nbsp;<\/strong><strong>C2C Process Leader\/ Senior Accountant<\/strong><\/p>\n\n\n\n<ul class=\"wp-block-list\">\n<li>Monitorowanie wynik\u00f3w SLA\/KPI i obs\u0142uga zapyta\u0144 Klienta<\/li>\n\n\n\n<li>Dostarczanie Klientowi raport\u00f3w<\/li>\n\n\n\n<li>Samodzielne prowadzenie projekt\u00f3w wewn\u0119trznych i zarz\u0105dzanie procesami w ramach P2P<\/li>\n\n\n\n<li>\u015acis\u0142a wsp\u00f3\u0142praca z Klientem i utrzymywanie dobrych relacji<\/li>\n\n\n\n<li>Budowanie pozytywnej i przyjaznej atmosfery w zespole, budowanie relacji mi\u0119dzy cz\u0142onkami zespo\u0142u<\/li>\n\n\n\n<li><\/li>\n<\/ul>\n\n\n\n<p><\/p>\n\n\n\n<p>Pracujemy w mi\u0119dzynarodowych zespo\u0142ach, obs\u0142ugujemy klient\u00f3w z wielu cz\u0119\u015bci Europy i \u015bwiata. Cenimy wsp\u00f3\u0142prac\u0119, uczciwo\u015b\u0107 i odwag\u0119 w podejmowaniu codziennych wyzwa\u0144.<\/p>\n<\/div><\/div><\/div><\/div><\/div><\/section>\n\n\n\n<section class=\"wp-block-cg-blocks-call-to-action undefined call-to-action-block\"><div class=\"container\"><div class=\"call-to-action-block-content-wrapper has-description\"><div class=\"text-wrapper has-description\"><h3 class=\"title\" data-maxlength=\"144\">Chcesz do nas do\u0142\u0105czy\u0107?<\/h3><p class=\"description\" data-maxlength=\"210\">Sprawd\u017a aktualne oferty pracy!<\/p><\/div><div class=\"button-wrapper has-description\"><a class=\" cta-btn action-valid\" href=\"https:\/\/www.capgemini.com\/pl-pl\/kariera\/oferty-pracy\/#country_code=pl-pl&amp;size=15\" target=\"\" rel=\"noopener noreferrer\" aria-label=\"Aplikuj o Chcesz do nas do\u0142\u0105czy\u0107?\" title=\"Otwiera si\u0119 w nowym oknie\" data-maxlength=\"24\"> Aplikuj <\/a><\/div><\/div><\/div><\/section>\n","protected":false},"excerpt":{"rendered":"","protected":false},"author":413,"featured_media":0,"parent":22295,"menu_order":0,"comment_status":"closed","ping_status":"closed","template":"","meta":{"cg_dt_proposed_to":[],"cg_seo_hreflang_relations":"[]","cg_seo_canonical_relation":"","cg_seo_hreflang_x_default_relation":"{\"uuid\":\"efc2f63f-ba79-4497-a441-d3d47e826cfb\",\"blogId\":\"\",\"domain\":\"\",\"sitePath\":\"\",\"postLink\":\"\",\"postId\":null,\"isSaved\":true,\"isCrossLink\":false,\"hasCrossLink\":false}","cg_dt_approved_content":true,"cg_dt_mandatory_content":false,"cg_dt_notes":"","cg_dg_source_changed":false,"cg_dt_link_disabled":false,"_yoast_wpseo_primary_brand":"","footnotes":"","featured_focal_points":"","partner_card_description":"","gsap_animation":0},"brand":[],"partner_type":[],"service":[],"industry":[],"partners":[],"page-type":[],"content-group":[],"class_list":["post-698772","page","type-page","status-publish","hentry"],"yoast_head":"<!-- This site is optimized with the Yoast SEO Premium plugin v22.8 (Yoast SEO v22.8) - https:\/\/yoast.com\/wordpress\/plugins\/seo\/ -->\n<title>Eksperci z obszaru finans\u00f3w i ksi\u0119gowo\u015bci - Capgemini Poland<\/title>\n<meta name=\"description\" content=\"Dzi\u0119ki stabilnemu zatrudnieniu, mo\u017cesz dalej rozwija\u0107 swoje dotychczas zdobyte do\u015bwiadczenie zawodowe.\" \/>\n<meta name=\"robots\" content=\"index, follow, max-snippet:-1, max-image-preview:large, max-video-preview:-1\" \/>\n<link rel=\"canonical\" href=\"https:\/\/www.capgemini.com\/pl-pl\/kariera\/specialists-in-finance\/\" \/>\n<meta property=\"og:locale\" content=\"pl_PL\" \/>\n<meta property=\"og:type\" content=\"article\" \/>\n<meta property=\"og:title\" content=\"Eksperci z obszaru finans\u00f3w i ksi\u0119gowo\u015bci\" \/>\n<meta property=\"og:description\" content=\"Dzi\u0119ki stabilnemu zatrudnieniu, mo\u017cesz dalej rozwija\u0107 swoje dotychczas zdobyte do\u015bwiadczenie zawodowe.\" \/>\n<meta property=\"og:url\" content=\"https:\/\/www.capgemini.com\/pl-pl\/kariera\/specialists-in-finance\/\" \/>\n<meta property=\"og:site_name\" content=\"Capgemini Poland\" \/>\n<meta property=\"article:modified_time\" content=\"2025-03-12T06:08:38+00:00\" \/>\n<meta property=\"og:image\" content=\"https:\/\/www.capgemini.com\/pl-pl\/wp-content\/uploads\/sites\/27\/2023\/01\/Ksiegowosc.png\" \/>\n<meta name=\"twitter:card\" content=\"summary_large_image\" \/>\n<meta name=\"twitter:label1\" content=\"Est. reading time\" \/>\n\t<meta name=\"twitter:data1\" content=\"3 minutes\" \/>\n<script type=\"application\/ld+json\" class=\"yoast-schema-graph\">{\"@context\":\"https:\/\/schema.org\",\"@graph\":[{\"@type\":\"WebPage\",\"@id\":\"https:\/\/www.capgemini.com\/pl-pl\/kariera\/specialists-in-finance\/\",\"url\":\"https:\/\/www.capgemini.com\/pl-pl\/kariera\/specialists-in-finance\/\",\"name\":\"Eksperci z obszaru finans\u00f3w i ksi\u0119gowo\u015bci - Capgemini Poland\",\"isPartOf\":{\"@id\":\"https:\/\/www.capgemini.com\/pl-pl\/#website\"},\"primaryImageOfPage\":{\"@id\":\"https:\/\/www.capgemini.com\/pl-pl\/kariera\/specialists-in-finance\/#primaryimage\"},\"image\":{\"@id\":\"https:\/\/www.capgemini.com\/pl-pl\/kariera\/specialists-in-finance\/#primaryimage\"},\"thumbnailUrl\":\"https:\/\/www.capgemini.com\/pl-pl\/wp-content\/uploads\/sites\/27\/2023\/01\/Ksiegowosc.png\",\"datePublished\":\"2022-12-27T03:56:54+00:00\",\"dateModified\":\"2025-03-12T06:08:38+00:00\",\"description\":\"Dzi\u0119ki stabilnemu zatrudnieniu, mo\u017cesz dalej rozwija\u0107 swoje dotychczas zdobyte do\u015bwiadczenie zawodowe.\",\"breadcrumb\":{\"@id\":\"https:\/\/www.capgemini.com\/pl-pl\/kariera\/specialists-in-finance\/#breadcrumb\"},\"inLanguage\":\"pl-PL\",\"potentialAction\":[{\"@type\":\"ReadAction\",\"target\":[\"https:\/\/www.capgemini.com\/pl-pl\/kariera\/specialists-in-finance\/\"]}]},{\"@type\":\"ImageObject\",\"inLanguage\":\"pl-PL\",\"@id\":\"https:\/\/www.capgemini.com\/pl-pl\/kariera\/specialists-in-finance\/#primaryimage\",\"url\":\"https:\/\/www.capgemini.com\/pl-pl\/wp-content\/uploads\/sites\/27\/2023\/01\/Ksiegowosc.png\",\"contentUrl\":\"https:\/\/www.capgemini.com\/pl-pl\/wp-content\/uploads\/sites\/27\/2023\/01\/Ksiegowosc.png\"},{\"@type\":\"BreadcrumbList\",\"@id\":\"https:\/\/www.capgemini.com\/pl-pl\/kariera\/specialists-in-finance\/#breadcrumb\",\"itemListElement\":[{\"@type\":\"ListItem\",\"position\":1,\"name\":\"Home\",\"item\":\"https:\/\/www.capgemini.com\/pl-pl\/\"},{\"@type\":\"ListItem\",\"position\":2,\"name\":\"Kariera\",\"item\":\"https:\/\/www.capgemini.com\/pl-pl\/kariera\/\"},{\"@type\":\"ListItem\",\"position\":3,\"name\":\"Finance &amp; accounting experts\",\"item\":\"https:\/\/www.capgemini.com\/pl-pl\/kariera\/eksperci-pokaz-jezyk-w-finansach\/\"},{\"@type\":\"ListItem\",\"position\":4,\"name\":\"Eksperci z obszaru finans\u00f3w i ksi\u0119gowo\u015bci\"}]},{\"@type\":\"WebSite\",\"@id\":\"https:\/\/www.capgemini.com\/pl-pl\/#website\",\"url\":\"https:\/\/www.capgemini.com\/pl-pl\/\",\"name\":\"Capgemini Polska\",\"description\":\"Capgemini\",\"potentialAction\":[{\"@type\":\"SearchAction\",\"target\":{\"@type\":\"EntryPoint\",\"urlTemplate\":\"https:\/\/www.capgemini.com\/pl-pl\/?s={search_term_string}\"},\"query-input\":\"required name=search_term_string\"}],\"inLanguage\":\"pl-PL\"}]}<\/script>\n<!-- \/ Yoast SEO Premium plugin. -->","yoast_head_json":{"title":"Eksperci z obszaru finans\u00f3w i ksi\u0119gowo\u015bci - Capgemini Poland","description":"Dzi\u0119ki stabilnemu zatrudnieniu, mo\u017cesz dalej rozwija\u0107 swoje dotychczas zdobyte do\u015bwiadczenie zawodowe.","robots":{"index":"index","follow":"follow","max-snippet":"max-snippet:-1","max-image-preview":"max-image-preview:large","max-video-preview":"max-video-preview:-1"},"canonical":"https:\/\/www.capgemini.com\/pl-pl\/kariera\/specialists-in-finance\/","og_locale":"pl_PL","og_type":"article","og_title":"Eksperci z obszaru finans\u00f3w i ksi\u0119gowo\u015bci","og_description":"Dzi\u0119ki stabilnemu zatrudnieniu, mo\u017cesz dalej rozwija\u0107 swoje dotychczas zdobyte do\u015bwiadczenie zawodowe.","og_url":"https:\/\/www.capgemini.com\/pl-pl\/kariera\/specialists-in-finance\/","og_site_name":"Capgemini Poland","article_modified_time":"2025-03-12T06:08:38+00:00","og_image":[{"url":"https:\/\/www.capgemini.com\/pl-pl\/wp-content\/uploads\/sites\/27\/2023\/01\/Ksiegowosc.png"}],"twitter_card":"summary_large_image","twitter_misc":{"Est. reading time":"3 minutes"},"schema":{"@context":"https:\/\/schema.org","@graph":[{"@type":"WebPage","@id":"https:\/\/www.capgemini.com\/pl-pl\/kariera\/specialists-in-finance\/","url":"https:\/\/www.capgemini.com\/pl-pl\/kariera\/specialists-in-finance\/","name":"Eksperci z obszaru finans\u00f3w i ksi\u0119gowo\u015bci - Capgemini Poland","isPartOf":{"@id":"https:\/\/www.capgemini.com\/pl-pl\/#website"},"primaryImageOfPage":{"@id":"https:\/\/www.capgemini.com\/pl-pl\/kariera\/specialists-in-finance\/#primaryimage"},"image":{"@id":"https:\/\/www.capgemini.com\/pl-pl\/kariera\/specialists-in-finance\/#primaryimage"},"thumbnailUrl":"https:\/\/www.capgemini.com\/pl-pl\/wp-content\/uploads\/sites\/27\/2023\/01\/Ksiegowosc.png","datePublished":"2022-12-27T03:56:54+00:00","dateModified":"2025-03-12T06:08:38+00:00","description":"Dzi\u0119ki stabilnemu zatrudnieniu, mo\u017cesz dalej rozwija\u0107 swoje dotychczas zdobyte do\u015bwiadczenie zawodowe.","breadcrumb":{"@id":"https:\/\/www.capgemini.com\/pl-pl\/kariera\/specialists-in-finance\/#breadcrumb"},"inLanguage":"pl-PL","potentialAction":[{"@type":"ReadAction","target":["https:\/\/www.capgemini.com\/pl-pl\/kariera\/specialists-in-finance\/"]}]},{"@type":"ImageObject","inLanguage":"pl-PL","@id":"https:\/\/www.capgemini.com\/pl-pl\/kariera\/specialists-in-finance\/#primaryimage","url":"https:\/\/www.capgemini.com\/pl-pl\/wp-content\/uploads\/sites\/27\/2023\/01\/Ksiegowosc.png","contentUrl":"https:\/\/www.capgemini.com\/pl-pl\/wp-content\/uploads\/sites\/27\/2023\/01\/Ksiegowosc.png"},{"@type":"BreadcrumbList","@id":"https:\/\/www.capgemini.com\/pl-pl\/kariera\/specialists-in-finance\/#breadcrumb","itemListElement":[{"@type":"ListItem","position":1,"name":"Home","item":"https:\/\/www.capgemini.com\/pl-pl\/"},{"@type":"ListItem","position":2,"name":"Kariera","item":"https:\/\/www.capgemini.com\/pl-pl\/kariera\/"},{"@type":"ListItem","position":3,"name":"Finance &amp; accounting experts","item":"https:\/\/www.capgemini.com\/pl-pl\/kariera\/eksperci-pokaz-jezyk-w-finansach\/"},{"@type":"ListItem","position":4,"name":"Eksperci z obszaru finans\u00f3w i ksi\u0119gowo\u015bci"}]},{"@type":"WebSite","@id":"https:\/\/www.capgemini.com\/pl-pl\/#website","url":"https:\/\/www.capgemini.com\/pl-pl\/","name":"Capgemini Polska","description":"Capgemini","potentialAction":[{"@type":"SearchAction","target":{"@type":"EntryPoint","urlTemplate":"https:\/\/www.capgemini.com\/pl-pl\/?s={search_term_string}"},"query-input":"required name=search_term_string"}],"inLanguage":"pl-PL"}]}},"brand_term":[],"parsely":{"version":"1.1.0","canonical_url":"https:\/\/capgemini.com\/pl-pl\/kariera\/specialists-in-finance\/","smart_links":{"inbound":0,"outbound":0},"traffic_boost_suggestions_count":0,"meta":{"@context":"https:\/\/schema.org","@type":"WebPage","headline":"Eksperci z obszaru finans\u00f3w i ksi\u0119gowo\u015bci","url":"https:\/\/www.capgemini.com\/pl-pl\/kariera\/specialists-in-finance\/","mainEntityOfPage":{"@type":"WebPage","@id":"https:\/\/www.capgemini.com\/pl-pl\/kariera\/specialists-in-finance\/"},"thumbnailUrl":"","image":{"@type":"ImageObject","url":""},"articleSection":"Uncategorized","author":[],"creator":[],"publisher":{"@type":"Organization","name":"Capgemini Poland","logo":""},"keywords":[],"dateCreated":"2022-12-27T03:56:54Z","datePublished":"2022-12-27T03:56:54Z","dateModified":"2025-03-12T06:08:38Z"},"rendered":"<meta name=\"parsely-title\" content=\"Eksperci z obszaru finans\u00f3w i ksi\u0119gowo\u015bci\" \/>\n<meta name=\"parsely-link\" content=\"https:\/\/www.capgemini.com\/pl-pl\/kariera\/specialists-in-finance\/\" \/>\n<meta name=\"parsely-type\" content=\"index\" \/>\n<meta name=\"parsely-pub-date\" content=\"2022-12-27T03:56:54Z\" \/>\n<meta name=\"parsely-section\" content=\"Uncategorized\" \/>","tracker_url":"https:\/\/cdn.parsely.com\/keys\/capgemini.com\/p.js"},"archive_status":false,"featured_image_src":"https:\/\/www.capgemini.com\/pl-pl\/wp-content\/themes\/capgemini2025\/assets\/images\/mockup.png","featured_image_alt":false,"jetpack_sharing_enabled":true,"distributor_meta":false,"distributor_terms":false,"distributor_media":false,"distributor_original_site_name":"Capgemini Poland","distributor_original_site_url":"https:\/\/www.capgemini.com\/pl-pl","push-errors":false,"_links":{"self":[{"href":"https:\/\/www.capgemini.com\/pl-pl\/wp-json\/wp\/v2\/pages\/698772","targetHints":{"allow":["GET"]}}],"collection":[{"href":"https:\/\/www.capgemini.com\/pl-pl\/wp-json\/wp\/v2\/pages"}],"about":[{"href":"https:\/\/www.capgemini.com\/pl-pl\/wp-json\/wp\/v2\/types\/page"}],"author":[{"embeddable":true,"href":"https:\/\/www.capgemini.com\/pl-pl\/wp-json\/wp\/v2\/users\/413"}],"replies":[{"embeddable":true,"href":"https:\/\/www.capgemini.com\/pl-pl\/wp-json\/wp\/v2\/comments?post=698772"}],"version-history":[{"count":11,"href":"https:\/\/www.capgemini.com\/pl-pl\/wp-json\/wp\/v2\/pages\/698772\/revisions"}],"predecessor-version":[{"id":909201,"href":"https:\/\/www.capgemini.com\/pl-pl\/wp-json\/wp\/v2\/pages\/698772\/revisions\/909201"}],"up":[{"embeddable":true,"href":"https:\/\/www.capgemini.com\/pl-pl\/wp-json\/wp\/v2\/pages\/22295"}],"wp:attachment":[{"href":"https:\/\/www.capgemini.com\/pl-pl\/wp-json\/wp\/v2\/media?parent=698772"}],"wp:term":[{"taxonomy":"brand","embeddable":true,"href":"https:\/\/www.capgemini.com\/pl-pl\/wp-json\/wp\/v2\/brand?post=698772"},{"taxonomy":"partner_type","embeddable":true,"href":"https:\/\/www.capgemini.com\/pl-pl\/wp-json\/wp\/v2\/partner_type?post=698772"},{"taxonomy":"service","embeddable":true,"href":"https:\/\/www.capgemini.com\/pl-pl\/wp-json\/wp\/v2\/service?post=698772"},{"taxonomy":"industry","embeddable":true,"href":"https:\/\/www.capgemini.com\/pl-pl\/wp-json\/wp\/v2\/industry?post=698772"},{"taxonomy":"partners","embeddable":true,"href":"https:\/\/www.capgemini.com\/pl-pl\/wp-json\/wp\/v2\/partners?post=698772"},{"taxonomy":"page-type","embeddable":true,"href":"https:\/\/www.capgemini.com\/pl-pl\/wp-json\/wp\/v2\/page-type?post=698772"},{"taxonomy":"content-group","embeddable":true,"href":"https:\/\/www.capgemini.com\/pl-pl\/wp-json\/wp\/v2\/content-group?post=698772"}],"curies":[{"name":"wp","href":"https:\/\/api.w.org\/{rel}","templated":true}]}}