{"id":679357,"date":"2022-04-14T15:12:41","date_gmt":"2022-04-14T15:12:41","guid":{"rendered":"https:\/\/www.capgemini.com\/?page_id=679357"},"modified":"2025-03-12T06:28:19","modified_gmt":"2025-03-12T06:28:19","slug":"konflikt-interesow-capgemini-polska","status":"publish","type":"page","link":"https:\/\/www.capgemini.com\/pl-pl\/o-nas\/kim-jestesmy\/wartosci-etyka\/polityka-w-zakresie-konfliktu-interesow\/","title":{"rendered":"Polityka w zakresie konfliktu interes\u00f3w"},"content":{"rendered":"\n<div class=\"wp-block-cg-blocks-hero-picture-card undefined  heroPictureCard is-style-blue-theme-2\"><div class=\"heroPictureCardBgs\"><picture><source srcset=\"https:\/\/www.capgemini.com\/wp-content\/uploads\/2021\/09\/Capgemini_Ethics_Managing-conflicts-of-interest.jpg?w=2880&amp;quality=70 1x, https:\/\/www.capgemini.com\/wp-content\/uploads\/2021\/09\/Capgemini_Ethics_Managing-conflicts-of-interest.jpg?w=2880&amp;quality=70 2x\" media=\"(min-width: 1500px)\"\/><source srcset=\"https:\/\/www.capgemini.com\/wp-content\/uploads\/2021\/09\/Capgemini_Ethics_Managing-conflicts-of-interest.jpg?w=1440&amp;quality=70 1x, https:\/\/www.capgemini.com\/wp-content\/uploads\/2021\/09\/Capgemini_Ethics_Managing-conflicts-of-interest.jpg?w=2880&amp;quality=70 2x\" media=\"(min-width: 992px)\"\/><source srcset=\"https:\/\/www.capgemini.com\/wp-content\/uploads\/2021\/09\/Capgemini_Ethics_Managing-conflicts-of-interest.jpg?w=1024&amp;quality=70 1x, https:\/\/www.capgemini.com\/wp-content\/uploads\/2021\/09\/Capgemini_Ethics_Managing-conflicts-of-interest.jpg?w=1024&amp;quality=70 2x\" media=\"(min-width: 768px)\"\/><source srcset=\"https:\/\/www.capgemini.com\/wp-content\/uploads\/2021\/09\/Capgemini_Ethics_Managing-conflicts-of-interest.jpg?w=768&amp;quality=70 1x, https:\/\/www.capgemini.com\/wp-content\/uploads\/2021\/09\/Capgemini_Ethics_Managing-conflicts-of-interest.jpg?w=768&amp;quality=70 2x\" media=\"(min-width: 0)\"\/><img decoding=\"async\" src=\"https:\/\/www.capgemini.com\/wp-content\/uploads\/2021\/09\/Capgemini_Ethics_Managing-conflicts-of-interest.jpg\" class=\"desktopImage\" alt=\"\" style=\"object-fit:cover;object-position:49% 44%\" loading=\"eager\"\/><\/picture><picture><source srcset=\"https:\/\/www.capgemini.com\/wp-content\/uploads\/2021\/09\/Capgemini_Ethics_Managing-conflicts-of-interest.jpg?w=2880&amp;quality=70 1x, https:\/\/www.capgemini.com\/wp-content\/uploads\/2021\/09\/Capgemini_Ethics_Managing-conflicts-of-interest.jpg?w=2880&amp;quality=70 2x\" media=\"(min-width: 1500px)\"\/><source srcset=\"https:\/\/www.capgemini.com\/wp-content\/uploads\/2021\/09\/Capgemini_Ethics_Managing-conflicts-of-interest.jpg?w=1440&amp;quality=70 1x, https:\/\/www.capgemini.com\/wp-content\/uploads\/2021\/09\/Capgemini_Ethics_Managing-conflicts-of-interest.jpg?w=2880&amp;quality=70 2x\" media=\"(min-width: 992px)\"\/><source srcset=\"https:\/\/www.capgemini.com\/wp-content\/uploads\/2021\/09\/Capgemini_Ethics_Managing-conflicts-of-interest.jpg?w=1024&amp;quality=70 1x, https:\/\/www.capgemini.com\/wp-content\/uploads\/2021\/09\/Capgemini_Ethics_Managing-conflicts-of-interest.jpg?w=1024&amp;quality=70 2x\" media=\"(min-width: 768px)\"\/><source srcset=\"https:\/\/www.capgemini.com\/wp-content\/uploads\/2021\/09\/Capgemini_Ethics_Managing-conflicts-of-interest.jpg?w=768&amp;quality=70 1x, https:\/\/www.capgemini.com\/wp-content\/uploads\/2021\/09\/Capgemini_Ethics_Managing-conflicts-of-interest.jpg?w=768&amp;quality=70 2x\" media=\"(min-width: 0)\"\/><img decoding=\"async\" src=\"https:\/\/www.capgemini.com\/wp-content\/uploads\/2021\/09\/Capgemini_Ethics_Managing-conflicts-of-interest.jpg\" class=\"mobileImage\" alt=\"\" style=\"object-fit:cover;object-position:49% 44%\" loading=\"eager\"\/><\/picture><\/div><div class=\"heroPictureCardHeaderShape\"><\/div><div class=\"container\"><div class=\"row\"><div class=\"col-md-8 col-lg-6\"><div class=\"heroPictureCardBox\"><div class=\"heroPictureCardBoxTitle\"><h1 data-maxlength=\"144\">Polityka w zakresie konfliktu interes\u00f3w <\/h1><\/div><\/div><\/div><\/div><\/div><div class=\"small-device\"><div class=\"brandLogoWrapper\"> <\/div><\/div><\/div>\n\n\n\n<div class=\"wp-block-columns is-layout-flex wp-container-core-columns-is-layout-28f84493 wp-block-columns-is-layout-flex\">\n<div class=\"wp-block-column is-layout-flow wp-block-column-is-layout-flow\" style=\"flex-basis:100%\">\n<section class=\"wp-block-cg-blocks-intro-para undefined section section--intro\"><div class=\"intro-para\"><div class=\"container\"><div class=\"row\"><div class=\"col-12 col-md-1\"><nav class=\"article-social\"><ul class=\"social-nav\"><li class=\"ip-order-fb\"><a href=\"https:\/\/www.facebook.com\/sharer\/sharer.php?u=https:\/\/www.capgemini.com\/pl-pl\/o-nas\/kim-jestesmy\/wartosci-etyka\/polityka-w-zakresie-konfliktu-interesow\/\" target=\"_blank\" rel=\"noopener noreferrer\" title=\"otwiera si\u0119 w nowym oknie\"><i aria-hidden=\"true\" class=\"icon-fb\"><\/i><span class=\"sr-only\">Facebook<\/span><\/a><\/li><li class=\"ip-order-li\"><a href=\"https:\/\/www.linkedin.com\/sharing\/share-offsite\/?url=https:\/\/www.capgemini.com\/pl-pl\/o-nas\/kim-jestesmy\/wartosci-etyka\/polityka-w-zakresie-konfliktu-interesow\/\" target=\"_blank\" rel=\"noopener noreferrer\" title=\"otwiera si\u0119 w nowym oknie\"><i aria-hidden=\"true\" class=\"icon-li\"><\/i><span class=\"sr-only\">Linkedin<\/span><\/a><\/li><\/ul><\/nav><\/div><div class=\"col-12 col-md-11 col-lg-10\"><h2 class=\"intro-para-title\">Nasza polityka dotycz\u0105ca konfliktu interes\u00f3w (Conflict of Interest, CoI) odnosi si\u0119 do wszystkich os\u00f3b pracuj\u0105cych w Capgemini, we wszystkich sp\u00f3\u0142kach Grupy. Zasady te maj\u0105 pom\u00f3c nam przestrzega\u0107 zasad etycznych okre\u015blonych w\u00a0<a href=\"https:\/\/www.capgemini.com\/policies\/our-code-of-business-ethics\/\">Kodeksie etyki biznesowej<\/a> Capgemini. <\/h2><\/div><\/div><\/div><\/div><\/section>\n\n\n\n<section class=\"wp-block-cg-blocks-group undefined section section--article-content\"><div class=\"article-main-content\"><div class=\"container\"><div class=\"row\"><div class=\"col-12 col-md-11 col-lg-10 offset-md-1 offset-lg-1\"><div class=\"article-text article-quote-text\">\n<p>Capgemini w pe\u0142ni szanuje \u017cycie prywatne i uznaje, \u017ce ka\u017cda osoba \u2014 poza prac\u0105 w Capgemini \u2014 mo\u017ce by\u0107 cz\u0119\u015bci\u0105 legalnie dzia\u0142aj\u0105cych sieci finansowych, biznesowych, obywatelskich i&nbsp;spo\u0142ecznych. W takich sytuacjach interesy osobiste mog\u0105 potencjalnie negatywnie wp\u0142ywa\u0107 na nasz spos\u00f3b oceny, obiektywizm lub lojalno\u015b\u0107 wobec firmy, co mo\u017ce sta\u0107 si\u0119 powodem konfliktu interes\u00f3w mi\u0119dzy tym, co istotne dla firmy a co istotne dla pracownika\/pracownicy.<\/p>\n\n\n\n<p>Declare to poufne internetowe narz\u0119dzie do zarz\u0105dzania konfliktami interes\u00f3w, kt\u00f3re Capgemini udost\u0119pnia ka\u017cdej zatrudnionej osobie oraz cz\u0142onkom zarz\u0105d\u00f3w na ca\u0142ym \u015bwiecie w celu zg\u0142aszania i zarz\u0105dzania konfliktami interes\u00f3w (takimi jak zewn\u0119trzne interesy biznesowe, bliskie relacje, cz\u0142onkostwo w zarz\u0105dzie, zewn\u0119trzne interesy finansowe i inne konflikty interes\u00f3w).<\/p>\n\n\n\n<figure class=\"wp-block-image is-resized is-style-default\"><img decoding=\"async\" src=\"https:\/\/www.capgemini.com\/wp-content\/uploads\/2021\/03\/Value-and-ethics.jpg?w=300\" alt=\"\" class=\"wp-image-569375\" style=\"width:150px;height:78px\"\/><\/figure>\n\n\n\n<p><\/p>\n\n\n\n<div style=\"height:23px\" aria-hidden=\"true\" class=\"wp-block-spacer\"><\/div>\n\n\n\n<p>Pobierz polityk\u0119 dotycz\u0105c\u0105 konflikt\u00f3w interes\u00f3w:<\/p>\n\n\n\n<p><a class=\"sm-c-nm\" href=\"https:\/\/www.capgemini.com\/wp-content\/uploads\/2021\/12\/Capgemini-Group_Conflict_of_Interest_Policy-2020-1.pdf\" target=\"_blank\" rel=\"noreferrer noopener\">EN<\/a>&nbsp;|&nbsp;<a class=\"sm-c-nm\" href=\"https:\/\/www.capgemini.com\/wp-content\/uploads\/2021\/12\/COI_Spanish.pdf\" target=\"_blank\" rel=\"noreferrer noopener\">ES<\/a>&nbsp;| <a class=\"sm-c-nm\" href=\"https:\/\/www.capgemini.com\/wp-content\/uploads\/2021\/12\/COI_German.pdf\" target=\"_blank\" rel=\"noreferrer noopener\">DE<\/a> | <a class=\"sm-c-nm\" href=\"https:\/\/www.capgemini.com\/wp-content\/uploads\/2021\/12\/COI_French.pdf\" target=\"_blank\" rel=\"noreferrer noopener\">FR<\/a> | <a class=\"sm-c-nm\" href=\"https:\/\/www.capgemini.com\/wp-content\/uploads\/2021\/12\/COI_Italian.pdf\" target=\"_blank\" rel=\"noreferrer noopener\">IT<\/a> | <a class=\"sm-c-nm\" href=\"https:\/\/www.capgemini.com\/wp-content\/uploads\/2021\/12\/COI_Japanese.pdf\" target=\"_blank\" rel=\"noreferrer noopener\">JP<\/a> | <a class=\"sm-c-nm\" href=\"https:\/\/www.capgemini.com\/wp-content\/uploads\/2021\/12\/COI_Polish.pdf\" target=\"_blank\" rel=\"noreferrer noopener\">PL<\/a> | <a class=\"sm-c-nm\" href=\"https:\/\/www.capgemini.com\/wp-content\/uploads\/2021\/12\/COI_Portuguese-for-Brazil.pdf\" target=\"_blank\" rel=\"noreferrer noopener\">PT<\/a> | <a class=\"sm-c-nm\" href=\"https:\/\/www.capgemini.com\/wp-content\/uploads\/2021\/12\/COI_Russian.pdf\" target=\"_blank\" rel=\"noreferrer noopener\">RU<\/a> |&nbsp;<a class=\"sm-c-nm\" href=\"https:\/\/www.capgemini.com\/wp-content\/uploads\/2021\/12\/COI_Chinese.pdf\" target=\"_blank\" rel=\"noreferrer noopener\">ZH<\/a><\/p>\n<\/div><\/div><\/div><\/div><\/div><\/section>\n<\/div>\n<\/div>\n","protected":false},"excerpt":{"rendered":"","protected":false},"author":121,"featured_media":0,"parent":505386,"menu_order":6,"comment_status":"closed","ping_status":"closed","template":"","meta":{"cg_dt_proposed_to":[8,18,5,30],"cg_seo_hreflang_relations":"[]","cg_seo_canonical_relation":"","cg_seo_hreflang_x_default_relation":"{\"uuid\":\"600f197e-4bc0-4760-9f42-11ab1f3a9121\",\"blogId\":\"\",\"domain\":\"\",\"sitePath\":\"\",\"postLink\":\"\",\"postId\":null,\"isSaved\":true,\"isCrossLink\":false,\"hasCrossLink\":false}","cg_dt_approved_content":true,"cg_dt_mandatory_content":false,"cg_dt_notes":"","cg_dg_source_changed":false,"cg_dt_link_disabled":true,"_yoast_wpseo_primary_brand":"","footnotes":"","featured_focal_points":"","partner_card_description":"","gsap_animation":0},"brand":[],"partner_type":[],"service":[],"industry":[],"partners":[],"page-type":[],"content-group":[],"class_list":["post-679357","page","type-page","status-publish","hentry"],"yoast_head":"<!-- This site is optimized with the Yoast SEO Premium plugin v22.8 (Yoast SEO v22.8) - https:\/\/yoast.com\/wordpress\/plugins\/seo\/ -->\n<title>Capgemini\u2019s Conflict of Interest (CoI) Policy | Capgemini<\/title>\n<meta name=\"description\" content=\"Nasza polityka dotycz\u0105ca konfliktu interes\u00f3w odnosi si\u0119 do wszystkich os\u00f3b pracuj\u0105cych w Capgemini, we wszystkich sp\u00f3\u0142kach Grupy.\" \/>\n<meta name=\"robots\" content=\"index, follow, max-snippet:-1, max-image-preview:large, max-video-preview:-1\" \/>\n<link rel=\"canonical\" href=\"https:\/\/www.capgemini.com\/pl-pl\/o-nas\/kim-jestesmy\/wartosci-etyka\/polityka-w-zakresie-konfliktu-interesow\/\" \/>\n<meta property=\"og:locale\" content=\"pl_PL\" \/>\n<meta property=\"og:type\" content=\"article\" \/>\n<meta property=\"og:title\" content=\"Polityka w zakresie konfliktu interes\u00f3w\" \/>\n<meta property=\"og:description\" content=\"Nasza polityka dotycz\u0105ca konfliktu interes\u00f3w odnosi si\u0119 do wszystkich os\u00f3b pracuj\u0105cych w Capgemini, we wszystkich sp\u00f3\u0142kach Grupy.\" \/>\n<meta property=\"og:url\" content=\"https:\/\/www.capgemini.com\/pl-pl\/o-nas\/kim-jestesmy\/wartosci-etyka\/polityka-w-zakresie-konfliktu-interesow\/\" \/>\n<meta property=\"og:site_name\" content=\"Capgemini Poland\" \/>\n<meta property=\"article:modified_time\" content=\"2025-03-12T06:28:19+00:00\" \/>\n<meta property=\"og:image\" content=\"https:\/\/www.capgemini.com\/wp-content\/uploads\/2021\/09\/Capgemini_Ethics_Managing-conflicts-of-interest.jpg\" \/>\n<meta name=\"twitter:card\" content=\"summary_large_image\" \/>\n<meta name=\"twitter:label1\" content=\"Est. reading time\" \/>\n\t<meta name=\"twitter:data1\" content=\"2 minutes\" \/>\n<script type=\"application\/ld+json\" class=\"yoast-schema-graph\">{\"@context\":\"https:\/\/schema.org\",\"@graph\":[{\"@type\":\"WebPage\",\"@id\":\"https:\/\/www.capgemini.com\/pl-pl\/o-nas\/kim-jestesmy\/wartosci-etyka\/polityka-w-zakresie-konfliktu-interesow\/\",\"url\":\"https:\/\/www.capgemini.com\/pl-pl\/o-nas\/kim-jestesmy\/wartosci-etyka\/polityka-w-zakresie-konfliktu-interesow\/\",\"name\":\"Capgemini\u2019s Conflict of Interest (CoI) Policy | Capgemini\",\"isPartOf\":{\"@id\":\"https:\/\/www.capgemini.com\/pl-pl\/#website\"},\"primaryImageOfPage\":{\"@id\":\"https:\/\/www.capgemini.com\/pl-pl\/o-nas\/kim-jestesmy\/wartosci-etyka\/polityka-w-zakresie-konfliktu-interesow\/#primaryimage\"},\"image\":{\"@id\":\"https:\/\/www.capgemini.com\/pl-pl\/o-nas\/kim-jestesmy\/wartosci-etyka\/polityka-w-zakresie-konfliktu-interesow\/#primaryimage\"},\"thumbnailUrl\":\"https:\/\/www.capgemini.com\/wp-content\/uploads\/2021\/09\/Capgemini_Ethics_Managing-conflicts-of-interest.jpg\",\"datePublished\":\"2022-04-14T15:12:41+00:00\",\"dateModified\":\"2025-03-12T06:28:19+00:00\",\"description\":\"Nasza polityka dotycz\u0105ca konfliktu interes\u00f3w odnosi si\u0119 do wszystkich os\u00f3b pracuj\u0105cych w Capgemini, we wszystkich sp\u00f3\u0142kach Grupy.\",\"breadcrumb\":{\"@id\":\"https:\/\/www.capgemini.com\/pl-pl\/o-nas\/kim-jestesmy\/wartosci-etyka\/polityka-w-zakresie-konfliktu-interesow\/#breadcrumb\"},\"inLanguage\":\"pl-PL\",\"potentialAction\":[{\"@type\":\"ReadAction\",\"target\":[\"https:\/\/www.capgemini.com\/pl-pl\/o-nas\/kim-jestesmy\/wartosci-etyka\/polityka-w-zakresie-konfliktu-interesow\/\"]}]},{\"@type\":\"ImageObject\",\"inLanguage\":\"pl-PL\",\"@id\":\"https:\/\/www.capgemini.com\/pl-pl\/o-nas\/kim-jestesmy\/wartosci-etyka\/polityka-w-zakresie-konfliktu-interesow\/#primaryimage\",\"url\":\"https:\/\/www.capgemini.com\/wp-content\/uploads\/2021\/09\/Capgemini_Ethics_Managing-conflicts-of-interest.jpg\",\"contentUrl\":\"https:\/\/www.capgemini.com\/wp-content\/uploads\/2021\/09\/Capgemini_Ethics_Managing-conflicts-of-interest.jpg\"},{\"@type\":\"BreadcrumbList\",\"@id\":\"https:\/\/www.capgemini.com\/pl-pl\/o-nas\/kim-jestesmy\/wartosci-etyka\/polityka-w-zakresie-konfliktu-interesow\/#breadcrumb\",\"itemListElement\":[{\"@type\":\"ListItem\",\"position\":1,\"name\":\"Home\",\"item\":\"https:\/\/www.capgemini.com\/pl-pl\/\"},{\"@type\":\"ListItem\",\"position\":2,\"name\":\"O nas\",\"item\":\"https:\/\/www.capgemini.com\/pl-pl\/o-nas\/\"},{\"@type\":\"ListItem\",\"position\":3,\"name\":\"Kim jeste\u015bmy\",\"item\":\"https:\/\/www.capgemini.com\/pl-pl\/o-nas\/kim-jestesmy\/\"},{\"@type\":\"ListItem\",\"position\":4,\"name\":\"Warto\u015bci i etyka\",\"item\":\"https:\/\/www.capgemini.com\/pl-pl\/o-nas\/kim-jestesmy\/wartosci-etyka\/\"},{\"@type\":\"ListItem\",\"position\":5,\"name\":\"Polityka w zakresie konfliktu interes\u00f3w\"}]},{\"@type\":\"WebSite\",\"@id\":\"https:\/\/www.capgemini.com\/pl-pl\/#website\",\"url\":\"https:\/\/www.capgemini.com\/pl-pl\/\",\"name\":\"Capgemini Polska\",\"description\":\"Capgemini\",\"potentialAction\":[{\"@type\":\"SearchAction\",\"target\":{\"@type\":\"EntryPoint\",\"urlTemplate\":\"https:\/\/www.capgemini.com\/pl-pl\/?s={search_term_string}\"},\"query-input\":\"required name=search_term_string\"}],\"inLanguage\":\"pl-PL\"}]}<\/script>\n<!-- \/ Yoast SEO Premium plugin. -->","yoast_head_json":{"title":"Capgemini\u2019s Conflict of Interest (CoI) Policy | Capgemini","description":"Nasza polityka dotycz\u0105ca konfliktu interes\u00f3w odnosi si\u0119 do wszystkich os\u00f3b pracuj\u0105cych w Capgemini, we wszystkich sp\u00f3\u0142kach Grupy.","robots":{"index":"index","follow":"follow","max-snippet":"max-snippet:-1","max-image-preview":"max-image-preview:large","max-video-preview":"max-video-preview:-1"},"canonical":"https:\/\/www.capgemini.com\/pl-pl\/o-nas\/kim-jestesmy\/wartosci-etyka\/polityka-w-zakresie-konfliktu-interesow\/","og_locale":"pl_PL","og_type":"article","og_title":"Polityka w zakresie konfliktu interes\u00f3w","og_description":"Nasza polityka dotycz\u0105ca konfliktu interes\u00f3w odnosi si\u0119 do wszystkich os\u00f3b pracuj\u0105cych w Capgemini, we wszystkich sp\u00f3\u0142kach Grupy.","og_url":"https:\/\/www.capgemini.com\/pl-pl\/o-nas\/kim-jestesmy\/wartosci-etyka\/polityka-w-zakresie-konfliktu-interesow\/","og_site_name":"Capgemini Poland","article_modified_time":"2025-03-12T06:28:19+00:00","og_image":[{"url":"https:\/\/www.capgemini.com\/wp-content\/uploads\/2021\/09\/Capgemini_Ethics_Managing-conflicts-of-interest.jpg"}],"twitter_card":"summary_large_image","twitter_misc":{"Est. reading time":"2 minutes"},"schema":{"@context":"https:\/\/schema.org","@graph":[{"@type":"WebPage","@id":"https:\/\/www.capgemini.com\/pl-pl\/o-nas\/kim-jestesmy\/wartosci-etyka\/polityka-w-zakresie-konfliktu-interesow\/","url":"https:\/\/www.capgemini.com\/pl-pl\/o-nas\/kim-jestesmy\/wartosci-etyka\/polityka-w-zakresie-konfliktu-interesow\/","name":"Capgemini\u2019s Conflict of Interest (CoI) Policy | Capgemini","isPartOf":{"@id":"https:\/\/www.capgemini.com\/pl-pl\/#website"},"primaryImageOfPage":{"@id":"https:\/\/www.capgemini.com\/pl-pl\/o-nas\/kim-jestesmy\/wartosci-etyka\/polityka-w-zakresie-konfliktu-interesow\/#primaryimage"},"image":{"@id":"https:\/\/www.capgemini.com\/pl-pl\/o-nas\/kim-jestesmy\/wartosci-etyka\/polityka-w-zakresie-konfliktu-interesow\/#primaryimage"},"thumbnailUrl":"https:\/\/www.capgemini.com\/wp-content\/uploads\/2021\/09\/Capgemini_Ethics_Managing-conflicts-of-interest.jpg","datePublished":"2022-04-14T15:12:41+00:00","dateModified":"2025-03-12T06:28:19+00:00","description":"Nasza polityka dotycz\u0105ca konfliktu interes\u00f3w odnosi si\u0119 do wszystkich os\u00f3b pracuj\u0105cych w Capgemini, we wszystkich sp\u00f3\u0142kach Grupy.","breadcrumb":{"@id":"https:\/\/www.capgemini.com\/pl-pl\/o-nas\/kim-jestesmy\/wartosci-etyka\/polityka-w-zakresie-konfliktu-interesow\/#breadcrumb"},"inLanguage":"pl-PL","potentialAction":[{"@type":"ReadAction","target":["https:\/\/www.capgemini.com\/pl-pl\/o-nas\/kim-jestesmy\/wartosci-etyka\/polityka-w-zakresie-konfliktu-interesow\/"]}]},{"@type":"ImageObject","inLanguage":"pl-PL","@id":"https:\/\/www.capgemini.com\/pl-pl\/o-nas\/kim-jestesmy\/wartosci-etyka\/polityka-w-zakresie-konfliktu-interesow\/#primaryimage","url":"https:\/\/www.capgemini.com\/wp-content\/uploads\/2021\/09\/Capgemini_Ethics_Managing-conflicts-of-interest.jpg","contentUrl":"https:\/\/www.capgemini.com\/wp-content\/uploads\/2021\/09\/Capgemini_Ethics_Managing-conflicts-of-interest.jpg"},{"@type":"BreadcrumbList","@id":"https:\/\/www.capgemini.com\/pl-pl\/o-nas\/kim-jestesmy\/wartosci-etyka\/polityka-w-zakresie-konfliktu-interesow\/#breadcrumb","itemListElement":[{"@type":"ListItem","position":1,"name":"Home","item":"https:\/\/www.capgemini.com\/pl-pl\/"},{"@type":"ListItem","position":2,"name":"O nas","item":"https:\/\/www.capgemini.com\/pl-pl\/o-nas\/"},{"@type":"ListItem","position":3,"name":"Kim jeste\u015bmy","item":"https:\/\/www.capgemini.com\/pl-pl\/o-nas\/kim-jestesmy\/"},{"@type":"ListItem","position":4,"name":"Warto\u015bci i etyka","item":"https:\/\/www.capgemini.com\/pl-pl\/o-nas\/kim-jestesmy\/wartosci-etyka\/"},{"@type":"ListItem","position":5,"name":"Polityka w zakresie konfliktu interes\u00f3w"}]},{"@type":"WebSite","@id":"https:\/\/www.capgemini.com\/pl-pl\/#website","url":"https:\/\/www.capgemini.com\/pl-pl\/","name":"Capgemini Polska","description":"Capgemini","potentialAction":[{"@type":"SearchAction","target":{"@type":"EntryPoint","urlTemplate":"https:\/\/www.capgemini.com\/pl-pl\/?s={search_term_string}"},"query-input":"required name=search_term_string"}],"inLanguage":"pl-PL"}]}},"brand_term":[],"parsely":{"version":"1.1.0","canonical_url":"https:\/\/capgemini.com\/pl-pl\/o-nas\/kim-jestesmy\/wartosci-etyka\/polityka-w-zakresie-konfliktu-interesow\/","smart_links":{"inbound":0,"outbound":0},"traffic_boost_suggestions_count":0,"meta":{"@context":"https:\/\/schema.org","@type":"WebPage","headline":"Polityka w zakresie konfliktu interes\u00f3w","url":"https:\/\/www.capgemini.com\/pl-pl\/o-nas\/kim-jestesmy\/wartosci-etyka\/polityka-w-zakresie-konfliktu-interesow\/","mainEntityOfPage":{"@type":"WebPage","@id":"https:\/\/www.capgemini.com\/pl-pl\/o-nas\/kim-jestesmy\/wartosci-etyka\/polityka-w-zakresie-konfliktu-interesow\/"},"thumbnailUrl":"","image":{"@type":"ImageObject","url":""},"articleSection":"Uncategorized","author":[],"creator":[],"publisher":{"@type":"Organization","name":"Capgemini Poland","logo":""},"keywords":[],"dateCreated":"2022-04-14T15:12:41Z","datePublished":"2022-04-14T15:12:41Z","dateModified":"2025-03-12T06:28:19Z"},"rendered":"<meta name=\"parsely-title\" content=\"Polityka w zakresie konfliktu interes\u00f3w\" \/>\n<meta name=\"parsely-link\" content=\"https:\/\/www.capgemini.com\/pl-pl\/o-nas\/kim-jestesmy\/wartosci-etyka\/polityka-w-zakresie-konfliktu-interesow\/\" \/>\n<meta name=\"parsely-type\" content=\"index\" \/>\n<meta name=\"parsely-pub-date\" content=\"2022-04-14T15:12:41Z\" \/>\n<meta name=\"parsely-section\" content=\"Uncategorized\" \/>","tracker_url":"https:\/\/cdn.parsely.com\/keys\/capgemini.com\/p.js"},"archive_status":false,"featured_image_src":"https:\/\/www.capgemini.com\/pl-pl\/wp-content\/themes\/capgemini2025\/assets\/images\/mockup.png","featured_image_alt":false,"jetpack_sharing_enabled":true,"distributor_meta":false,"distributor_terms":false,"distributor_media":false,"distributor_original_site_name":"Capgemini Poland","distributor_original_site_url":"https:\/\/www.capgemini.com\/pl-pl","push-errors":false,"_links":{"self":[{"href":"https:\/\/www.capgemini.com\/pl-pl\/wp-json\/wp\/v2\/pages\/679357","targetHints":{"allow":["GET"]}}],"collection":[{"href":"https:\/\/www.capgemini.com\/pl-pl\/wp-json\/wp\/v2\/pages"}],"about":[{"href":"https:\/\/www.capgemini.com\/pl-pl\/wp-json\/wp\/v2\/types\/page"}],"author":[{"embeddable":true,"href":"https:\/\/www.capgemini.com\/pl-pl\/wp-json\/wp\/v2\/users\/121"}],"replies":[{"embeddable":true,"href":"https:\/\/www.capgemini.com\/pl-pl\/wp-json\/wp\/v2\/comments?post=679357"}],"version-history":[{"count":7,"href":"https:\/\/www.capgemini.com\/pl-pl\/wp-json\/wp\/v2\/pages\/679357\/revisions"}],"predecessor-version":[{"id":909257,"href":"https:\/\/www.capgemini.com\/pl-pl\/wp-json\/wp\/v2\/pages\/679357\/revisions\/909257"}],"up":[{"embeddable":true,"href":"https:\/\/www.capgemini.com\/pl-pl\/wp-json\/wp\/v2\/pages\/505386"}],"wp:attachment":[{"href":"https:\/\/www.capgemini.com\/pl-pl\/wp-json\/wp\/v2\/media?parent=679357"}],"wp:term":[{"taxonomy":"brand","embeddable":true,"href":"https:\/\/www.capgemini.com\/pl-pl\/wp-json\/wp\/v2\/brand?post=679357"},{"taxonomy":"partner_type","embeddable":true,"href":"https:\/\/www.capgemini.com\/pl-pl\/wp-json\/wp\/v2\/partner_type?post=679357"},{"taxonomy":"service","embeddable":true,"href":"https:\/\/www.capgemini.com\/pl-pl\/wp-json\/wp\/v2\/service?post=679357"},{"taxonomy":"industry","embeddable":true,"href":"https:\/\/www.capgemini.com\/pl-pl\/wp-json\/wp\/v2\/industry?post=679357"},{"taxonomy":"partners","embeddable":true,"href":"https:\/\/www.capgemini.com\/pl-pl\/wp-json\/wp\/v2\/partners?post=679357"},{"taxonomy":"page-type","embeddable":true,"href":"https:\/\/www.capgemini.com\/pl-pl\/wp-json\/wp\/v2\/page-type?post=679357"},{"taxonomy":"content-group","embeddable":true,"href":"https:\/\/www.capgemini.com\/pl-pl\/wp-json\/wp\/v2\/content-group?post=679357"}],"curies":[{"name":"wp","href":"https:\/\/api.w.org\/{rel}","templated":true}]}}