{"id":678974,"date":"2022-04-14T12:09:10","date_gmt":"2022-04-14T12:09:10","guid":{"rendered":"https:\/\/www.capgemini.com\/?page_id=678974"},"modified":"2026-01-28T08:11:12","modified_gmt":"2026-01-28T08:11:12","slug":"speakup","status":"publish","type":"page","link":"https:\/\/www.capgemini.com\/pl-pl\/o-nas\/kim-jestesmy\/wartosci-etyka\/speakup\/","title":{"rendered":"SpeakUp"},"content":{"rendered":"\n<div class=\"wp-block-cg-blocks-hero-picture-card undefined is-style-blue-theme-2  heroPictureCard\"><div class=\"heroPictureCardBgs\"><picture><source srcset=\"https:\/\/www.capgemini.com\/wp-content\/uploads\/2021\/09\/Capgemini_Ethics_SpeakUP.jpg?w=2880&amp;quality=70 1x, https:\/\/www.capgemini.com\/wp-content\/uploads\/2021\/09\/Capgemini_Ethics_SpeakUP.jpg?w=2880&amp;quality=70 2x\" media=\"(min-width: 1500px)\"\/><source srcset=\"https:\/\/www.capgemini.com\/wp-content\/uploads\/2021\/09\/Capgemini_Ethics_SpeakUP.jpg?w=1440&amp;quality=70 1x, https:\/\/www.capgemini.com\/wp-content\/uploads\/2021\/09\/Capgemini_Ethics_SpeakUP.jpg?w=2880&amp;quality=70 2x\" media=\"(min-width: 992px)\"\/><source srcset=\"https:\/\/www.capgemini.com\/wp-content\/uploads\/2021\/09\/Capgemini_Ethics_SpeakUP.jpg?w=1024&amp;quality=70 1x, https:\/\/www.capgemini.com\/wp-content\/uploads\/2021\/09\/Capgemini_Ethics_SpeakUP.jpg?w=1024&amp;quality=70 2x\" media=\"(min-width: 768px)\"\/><source srcset=\"https:\/\/www.capgemini.com\/wp-content\/uploads\/2021\/09\/Capgemini_Ethics_SpeakUP.jpg?w=768&amp;quality=70 1x, https:\/\/www.capgemini.com\/wp-content\/uploads\/2021\/09\/Capgemini_Ethics_SpeakUP.jpg?w=768&amp;quality=70 2x\" media=\"(min-width: 0)\"\/><img decoding=\"async\" src=\"https:\/\/www.capgemini.com\/wp-content\/uploads\/2021\/09\/Capgemini_Ethics_SpeakUP.jpg\" class=\"desktopImage\" alt=\"\" style=\"object-fit:cover;object-position:0% 43%\" loading=\"eager\"\/><\/picture><picture><source srcset=\"https:\/\/www.capgemini.com\/wp-content\/uploads\/2021\/09\/Capgemini_Ethics_SpeakUP.jpg?w=2880&amp;quality=70 1x, https:\/\/www.capgemini.com\/wp-content\/uploads\/2021\/09\/Capgemini_Ethics_SpeakUP.jpg?w=2880&amp;quality=70 2x\" media=\"(min-width: 1500px)\"\/><source srcset=\"https:\/\/www.capgemini.com\/wp-content\/uploads\/2021\/09\/Capgemini_Ethics_SpeakUP.jpg?w=1440&amp;quality=70 1x, https:\/\/www.capgemini.com\/wp-content\/uploads\/2021\/09\/Capgemini_Ethics_SpeakUP.jpg?w=2880&amp;quality=70 2x\" media=\"(min-width: 992px)\"\/><source srcset=\"https:\/\/www.capgemini.com\/wp-content\/uploads\/2021\/09\/Capgemini_Ethics_SpeakUP.jpg?w=1024&amp;quality=70 1x, https:\/\/www.capgemini.com\/wp-content\/uploads\/2021\/09\/Capgemini_Ethics_SpeakUP.jpg?w=1024&amp;quality=70 2x\" media=\"(min-width: 768px)\"\/><source srcset=\"https:\/\/www.capgemini.com\/wp-content\/uploads\/2021\/09\/Capgemini_Ethics_SpeakUP.jpg?w=768&amp;quality=70 1x, https:\/\/www.capgemini.com\/wp-content\/uploads\/2021\/09\/Capgemini_Ethics_SpeakUP.jpg?w=768&amp;quality=70 2x\" media=\"(min-width: 0)\"\/><img decoding=\"async\" src=\"https:\/\/www.capgemini.com\/wp-content\/uploads\/2021\/09\/Capgemini_Ethics_SpeakUP.jpg\" class=\"mobileImage\" alt=\"\" style=\"object-fit:cover;object-position:0% 43%\" loading=\"eager\"\/><\/picture><\/div><div class=\"heroPictureCardHeaderShape\"><\/div><div class=\"container\"><div class=\"row\"><div class=\"col-md-8 col-lg-6\"><div class=\"heroPictureCardBox\"><div class=\"heroPictureCardBoxTitle\"><h1 data-maxlength=\"144\">Zg\u0142aszanie problem\u00f3w etycznych<\/h1><\/div><\/div><\/div><\/div><\/div><div class=\"small-device\"><div class=\"brandLogoWrapper\"> <\/div><\/div><\/div>\n\n\n\n<section class=\"wp-block-cg-blocks-intro-para undefined section section--intro\"><div class=\"intro-para\"><div class=\"container\"><div class=\"row\"><div class=\"col-12 col-md-1\"><nav class=\"article-social\"><ul class=\"social-nav\"><li class=\"ip-order-fb\"><a href=\"https:\/\/www.facebook.com\/sharer\/sharer.php?u=https:\/\/www.capgemini.com\/pl-pl\/o-nas\/kim-jestesmy\/wartosci-etyka\/speakup\/\" target=\"_blank\" rel=\"noopener noreferrer\" title=\"opens in a new window\"><i aria-hidden=\"true\" class=\"icon-fb\"><\/i><span class=\"sr-only\">Facebook<\/span><\/a><\/li><li class=\"ip-order-li\"><a href=\"https:\/\/www.linkedin.com\/sharing\/share-offsite\/?url=https:\/\/www.capgemini.com\/pl-pl\/o-nas\/kim-jestesmy\/wartosci-etyka\/speakup\/\" target=\"_blank\" rel=\"noopener noreferrer\" title=\"opens in a new window\"><i aria-hidden=\"true\" class=\"icon-li\"><\/i><span class=\"sr-only\">Linkedin<\/span><\/a><\/li><\/ul><\/nav><\/div><div class=\"col-12 col-md-11 col-lg-10\"><h2 class=\"intro-para-title\">SpeakUp to internetowa i telefoniczna infolinia, kt\u00f3ra s\u0142u\u017cy do zg\u0142aszania problem\u00f3w zwi\u0105zanych z etyk\u0105, a tak\u017ce pozwala nam na zarz\u0105dzanie przypadkami jej naruszenia. Dzi\u0119ki SpeakUp osoby pracuj\u0105ce w Capgemini mog\u0105 skorzysta\u0107 z porad niezale\u017cnych konsultant\u00f3w.<\/h2><p class=\"intro-para-content\">Narz\u0119dzie jakim jest SpekUp jest zarz\u0105dzane przez dzia\u0142 ds. etyki powo\u0142any przez Grup\u0119 i wspierane przez nasz\u0105 globaln\u0105 sie\u0107 os\u00f3b na stanowiskach radc\u00f3w prawnych, specjalist\u00f3w ds. etyki i zgodno\u015bci z przepisami oraz inspektor\u00f3w ds. kadrowych.   <br><br>Korzystanie z tego narz\u0119dzia jest dobrowolne i poufne i zapewnia anonimowo\u015b\u0107 (z wyj\u0105tkiem kraj\u00f3w, w kt\u00f3rych nie by\u0142oby to zgodne z lokalnym prawem). Jest udost\u0119pniane przez Capgemini dla wszystkich zespo\u0142\u00f3w, a tak\u017ce dla naszych klient\u00f3w, dostawc\u00f3w i partner\u00f3w biznesowych.<\/p><\/div><\/div><\/div><\/div><\/section>\n\n\n\n<section class=\"wp-block-cg-blocks-intro-para-video is-style-cg-sapphire3 section section--info-2cols section--insights section-video \"><div class=\"bg-color video-align-left\"><div class=\"container\"><div class=\"row video-align-right\"><div class=\"col-md-12\"><div class=\"video-align-right row box box--4 box--mini\"><div class=\"col-md-1\"><\/div><div class=\"col-md-8 box-img-wrapper\"><div class=\"video-box\"><div class=\"video-wrapper\"><iframe title=\"video-section\" src=\"https:\/\/www.youtube.com\/embed\/B86vB6qSXi0?rel=0&amp;modestbranding=1&amp;playsinline=1&amp;enablejsapi=1\" frameborder=\"0\" allow=\"accelerometer; autoplay; clipboard-write; encrypted-media; gyroscope; picture-in-picture\" allowfullscreen loading=\"lazy\" referrerpolicy=\"strict-origin-when-cross-origin\"><\/iframe><\/div><\/div><\/div><div class=\"col-md-3\"><h3 class=\"Video-title\" data-maxlength=\"34\">Introduction to SpeakUp<\/h3><div class=\"video-info\"><p data-maxlength=\"68\">One way employees can raise concerns at work<\/p><\/div><\/div><div class=\"col-md-1\"><\/div><\/div><\/div><\/div><\/div><\/div><\/section>\n\n\n\n<section class=\"wp-block-cg-blocks-group undefined section section--article-content\"><div class=\"article-main-content\"><div class=\"container\"><div class=\"row\"><div class=\"col-12 col-md-11 col-lg-10 offset-md-1 offset-lg-1\"><div class=\"article-text article-quote-text\">\n<p>SpeakUp, nasza dzia\u0142aj\u0105ca 24 godziny na dob\u0119, internetowa i telefoniczna infolinia ds. etyki, mo\u017ce by\u0107 wykorzystywana do zg\u0142aszania swoich w\u0105tpliwo\u015bci oraz w celu pro\u015bby o porad\u0119 lub wskaz\u00f3wki dotycz\u0105ce dzia\u0142a\u0144 lub zachowa\u0144, kt\u00f3re:<\/p>\n\n\n\n<ul class=\"wp-block-list\">\n<li>s\u0105 niezgodne z naszymi&nbsp;<a href=\"\/about-us\/who-we-are\/values-and-ethics\/\">warto\u015bciami<\/a>&nbsp;i aspiracjami etycznymi okre\u015blonymi w <a href=\"\/about-us\/who-we-are\/our-values\/our-ethical-culture\/code-of-business-ethics\/\">naszym Kodeksie etyki biznesowej <\/a>i w powi\u0105zanych wytycznych;<\/li>\n\n\n\n<li>s\u0105 niezgodne z obowi\u0105zuj\u0105cym prawem, przepisami i wewn\u0119trznymi wymogami dotycz\u0105cymi zgodno\u015bci z przepisami;<\/li>\n\n\n\n<li>mog\u0105 znacz\u0105co wp\u0142ywa\u0107 na interesy Grupy Capgemini i jej podmiot\u00f3w stowarzyszonych.<\/li>\n<\/ul>\n\n\n\n<div class=\"wp-block-buttons is-layout-flex wp-block-buttons-is-layout-flex\">\n<div class=\"wp-block-button\"><a class=\"wp-block-button__link wp-element-button\" href=\"https:\/\/capgemini.integrityline.com\/\">Skontaktuj si\u0119 z infolini\u0105 SpeakUp<\/a><\/div>\n<\/div>\n\n\n\n<div style=\"height:30px\" aria-hidden=\"true\" class=\"wp-block-spacer\"><\/div>\n\n\n\n<div class=\"wp-block-buttons is-layout-flex wp-block-buttons-is-layout-flex\">\n<div class=\"wp-block-button\"><a class=\"wp-block-button__link wp-element-button\" href=\"https:\/\/www.capgemini.com\/wp-content\/uploads\/2022\/01\/Capgemini_SpeakUpPolicy_Polish.pdf\">Polityka SpeakUp<\/a><\/div>\n<\/div>\n\n\n\n<div style=\"height:30px\" aria-hidden=\"true\" class=\"wp-block-spacer\"><\/div>\n\n\n\n<div class=\"wp-block-buttons is-layout-flex wp-block-buttons-is-layout-flex\">\n<div class=\"wp-block-button\"><a class=\"wp-block-button__link wp-element-button\" href=\"https:\/\/www.capgemini.com\/pl-pl\/wp-content\/uploads\/sites\/27\/2026\/01\/Polish-SpeakUp-Amendment-.pdf\" target=\"_blank\" rel=\"noreferrer noopener\">Aneks do polityki SpeakUp &#8211; wersja polska<\/a><\/div>\n<\/div>\n\n\n\n<div style=\"height:30px\" aria-hidden=\"true\" class=\"wp-block-spacer\"><\/div>\n\n\n\n<div class=\"wp-block-buttons is-layout-flex wp-block-buttons-is-layout-flex\">\n<div class=\"wp-block-button\"><a class=\"wp-block-button__link wp-element-button\" href=\"https:\/\/www.capgemini.com\/pl-pl\/wp-content\/uploads\/sites\/27\/2026\/01\/Polish-SpeakUp-Amendment-1-1.pdf#page=4\" target=\"_blank\" rel=\"noreferrer noopener\">Informacja o ochronie danych osobowych<\/a><\/div>\n<\/div>\n\n\n\n<div style=\"height:31px\" aria-hidden=\"true\" class=\"wp-block-spacer\"><\/div>\n\n\n\n<h5 class=\"wp-block-heading\" id=\"h-polityka-speakup-jest-dostepna-w-nastepujacych-jezykach\">Polityka SpeakUp jest dost\u0119pna w nast\u0119puj\u0105cych j\u0119zykach:<\/h5>\n\n\n\n<p><a href=\"https:\/\/www.capgemini.com\/wp-content\/uploads\/2022\/01\/Capgemini_SpeakUpPolicy_English.pdf\" target=\"_blank\" rel=\"noreferrer noopener\">EN<\/a>&nbsp;| <a href=\"https:\/\/www.capgemini.com\/wp-content\/uploads\/2022\/01\/Capgemini_SpeakUpPolicy_Arabic.pdf\" target=\"_blank\" rel=\"noreferrer noopener\">AR<\/a>&nbsp;|&nbsp;<a href=\"https:\/\/www.capgemini.com\/wp-content\/uploads\/2022\/01\/Capgemini_SpeakUpPolicy_Czech.pdf\" target=\"_blank\" rel=\"noreferrer noopener\">CZ<\/a>&nbsp;|&nbsp;<a href=\"https:\/\/www.capgemini.com\/wp-content\/uploads\/2022\/01\/Capgemini_SpeakUpPolicy_Dutch.pdf\" target=\"_blank\" rel=\"noreferrer noopener\">NL<\/a>&nbsp;|&nbsp;<a href=\"https:\/\/www.capgemini.com\/wp-content\/uploads\/2022\/01\/Capgemini_SpeakUpPolicy_Danish.pdf\" target=\"_blank\" rel=\"noreferrer noopener\">DA<\/a>&nbsp;|&nbsp;<a href=\"https:\/\/www.capgemini.com\/wp-content\/uploads\/2022\/01\/Capgemini_SpeakUpPolicy_EuropeanSpanish.pdf\" target=\"_blank\" rel=\"noreferrer noopener\">EU-ES<\/a>&nbsp;|&nbsp;<a href=\"https:\/\/www.capgemini.com\/wp-content\/uploads\/2022\/01\/Capgemini_SpeakUpPolicy_Finnish.pdf\" target=\"_blank\" rel=\"noreferrer noopener\">FI<\/a>&nbsp;|&nbsp;<a href=\"https:\/\/www.capgemini.com\/wp-content\/uploads\/2022\/01\/Capgemini_SpeakUpPolicy__French-1.pdf\" target=\"_blank\" rel=\"noreferrer noopener\">FR<\/a>&nbsp;|&nbsp;<a href=\"https:\/\/www.capgemini.com\/wp-content\/uploads\/2022\/01\/SpeakUp_Policy_FR-Maroc-v1.4-ABE_11102021.pdf\" target=\"_blank\" rel=\"noreferrer noopener\">FR-MA<\/a>&nbsp;|&nbsp;<a href=\"https:\/\/www.capgemini.com\/wp-content\/uploads\/2022\/01\/Capgemini_SpeakUpPolicy_German-1.pdf\" target=\"_blank\" rel=\"noreferrer noopener\">DE<\/a> |&nbsp;<a href=\"https:\/\/www.capgemini.com\/wp-content\/uploads\/2022\/01\/SpeakUp_Policy_English-for-Hungary-v1_20201103.pdf\" target=\"_blank\" rel=\"noreferrer noopener\">EN-HU<\/a>&nbsp;|&nbsp;<a href=\"https:\/\/www.capgemini.com\/wp-content\/uploads\/2022\/01\/SpeakUp_Policy_Hungarian-v1_20201103.pdf\" target=\"_blank\" rel=\"noreferrer noopener\">HU<\/a>&nbsp;|&nbsp;<a href=\"https:\/\/www.capgemini.com\/wp-content\/uploads\/2022\/01\/Capgemini_SpeakUpPolicy_Italian.pdf\" target=\"_blank\" rel=\"noreferrer noopener\">IT<\/a>&nbsp;|&nbsp;<a href=\"https:\/\/www.capgemini.com\/wp-content\/uploads\/2022\/01\/Capgemini_SpeakUpPolicy_Japanese.pdf\" target=\"_blank\" rel=\"noreferrer noopener\">JP<\/a>&nbsp;|&nbsp;<a href=\"https:\/\/www.capgemini.com\/wp-content\/uploads\/2022\/01\/Capgemini_SpeakUpPolicy_Norwegian.pdf\" target=\"_blank\" rel=\"noreferrer noopener\">NO<\/a>&nbsp;|&nbsp;<a href=\"https:\/\/www.capgemini.com\/wp-content\/uploads\/2022\/01\/Capgemini_SpeakUpPolicy_Polish.pdf\" target=\"_blank\" rel=\"noreferrer noopener\">PL<\/a>&nbsp;|&nbsp;<a href=\"https:\/\/www.capgemini.com\/wp-content\/uploads\/2022\/01\/Capgemini_SpeakUpPolicy_Portugese.pdf\" target=\"_blank\" rel=\"noreferrer noopener\">PO<\/a>&nbsp;|&nbsp;<a href=\"https:\/\/www.capgemini.com\/wp-content\/uploads\/2022\/01\/Capgemini_SpeakUpPolicy_Romanian.pdf\" target=\"_blank\" rel=\"noreferrer noopener\">RO<\/a>  |&nbsp;<a href=\"https:\/\/www.capgemini.com\/wp-content\/uploads\/2022\/01\/Capgemini_SpeakUpPolicy_SimplifiedChinese.pdf\" target=\"_blank\" rel=\"noreferrer noopener\">ZH<\/a>&nbsp;|&nbsp;<a href=\"https:\/\/www.capgemini.com\/wp-content\/uploads\/2022\/01\/Capgemini_SpeakUpPolicy_Slovak.pdf\" target=\"_blank\" rel=\"noreferrer noopener\">SL<\/a>&nbsp;|&nbsp;<a href=\"https:\/\/www.capgemini.com\/wp-content\/uploads\/2022\/01\/Capgemini_SpeakUpPolicy_Spanish.pdf\" target=\"_blank\" rel=\"noreferrer noopener\">ES<\/a>&nbsp;|&nbsp;<a href=\"https:\/\/www.capgemini.com\/wp-content\/uploads\/2022\/01\/Capgemini_SpeakUpPolicy_Swedish.pdf\" target=\"_blank\" rel=\"noreferrer noopener\">SE<\/a>&nbsp;|&nbsp;<a href=\"https:\/\/www.capgemini.com\/wp-content\/uploads\/2022\/01\/Capgemini_SpeakUpPolicy_Russian.pdf\" target=\"_blank\" rel=\"noreferrer noopener\">RU<\/a> | <a href=\"https:\/\/www.capgemini.com\/wp-content\/uploads\/2022\/01\/Capgemini_SpeakUpPolicy_Vietnamese.pdf\" target=\"_blank\" rel=\"noreferrer noopener\">VN<\/a> &nbsp;<\/p>\n<\/div><\/div><\/div><\/div><\/div><\/section>\n\n\n\n<p><\/p>\n","protected":false},"excerpt":{"rendered":"","protected":false},"author":121,"featured_media":0,"parent":505386,"menu_order":4,"comment_status":"closed","ping_status":"closed","template":"","meta":{"cg_dt_proposed_to":[8,18,5,30],"cg_seo_hreflang_relations":"[]","cg_seo_canonical_relation":"","cg_seo_hreflang_x_default_relation":"{\"uuid\":\"9324c5b3-30c6-42d3-8397-2fa460e20c05\",\"blogId\":\"\",\"domain\":\"\",\"sitePath\":\"\",\"postLink\":\"\",\"postId\":null,\"isSaved\":true,\"isCrossLink\":false,\"hasCrossLink\":false}","cg_dt_approved_content":true,"cg_dt_mandatory_content":false,"cg_dt_notes":"","cg_dg_source_changed":false,"cg_dt_link_disabled":true,"_yoast_wpseo_primary_brand":"","footnotes":"","featured_focal_points":"","partner_card_description":"","gsap_animation":0},"brand":[],"partner_type":[],"service":[],"industry":[],"partners":[],"page-type":[],"content-group":[],"class_list":["post-678974","page","type-page","status-publish","hentry"],"yoast_head":"<!-- This site is optimized with the Yoast SEO Premium plugin v22.8 (Yoast SEO v22.8) - https:\/\/yoast.com\/wordpress\/plugins\/seo\/ -->\n<title>SpeakUp - Zg\u0142aszanie problem\u00f3w etycznych | Capgemini Polska<\/title>\n<meta name=\"description\" content=\"SpeakUp to internetowe i telefoniczne narz\u0119dzie do zg\u0142aszania problem\u00f3w etycznych.\" \/>\n<meta name=\"robots\" content=\"index, follow, max-snippet:-1, max-image-preview:large, max-video-preview:-1\" \/>\n<link rel=\"canonical\" href=\"https:\/\/www.capgemini.com\/pl-pl\/o-nas\/kim-jestesmy\/wartosci-etyka\/speakup\/\" \/>\n<meta property=\"og:locale\" content=\"pl_PL\" \/>\n<meta property=\"og:type\" content=\"article\" \/>\n<meta property=\"og:title\" content=\"SpeakUp\" \/>\n<meta property=\"og:description\" content=\"SpeakUp to internetowe i telefoniczne narz\u0119dzie do zg\u0142aszania problem\u00f3w etycznych.\" \/>\n<meta property=\"og:url\" content=\"https:\/\/www.capgemini.com\/pl-pl\/o-nas\/kim-jestesmy\/wartosci-etyka\/speakup\/\" \/>\n<meta property=\"og:site_name\" content=\"Capgemini Poland\" \/>\n<meta property=\"article:modified_time\" content=\"2026-01-28T08:11:12+00:00\" \/>\n<meta property=\"og:image\" content=\"https:\/\/www.capgemini.com\/wp-content\/uploads\/2021\/09\/Capgemini_Ethics_SpeakUP.jpg\" \/>\n<meta name=\"twitter:card\" content=\"summary_large_image\" \/>\n<meta name=\"twitter:label1\" content=\"Est. reading time\" \/>\n\t<meta name=\"twitter:data1\" content=\"3 minutes\" \/>\n<script type=\"application\/ld+json\" class=\"yoast-schema-graph\">{\"@context\":\"https:\/\/schema.org\",\"@graph\":[{\"@type\":\"WebPage\",\"@id\":\"https:\/\/www.capgemini.com\/pl-pl\/o-nas\/kim-jestesmy\/wartosci-etyka\/speakup\/\",\"url\":\"https:\/\/www.capgemini.com\/pl-pl\/o-nas\/kim-jestesmy\/wartosci-etyka\/speakup\/\",\"name\":\"SpeakUp - Zg\u0142aszanie problem\u00f3w etycznych | Capgemini Polska\",\"isPartOf\":{\"@id\":\"https:\/\/www.capgemini.com\/pl-pl\/#website\"},\"primaryImageOfPage\":{\"@id\":\"https:\/\/www.capgemini.com\/pl-pl\/o-nas\/kim-jestesmy\/wartosci-etyka\/speakup\/#primaryimage\"},\"image\":{\"@id\":\"https:\/\/www.capgemini.com\/pl-pl\/o-nas\/kim-jestesmy\/wartosci-etyka\/speakup\/#primaryimage\"},\"thumbnailUrl\":\"https:\/\/www.capgemini.com\/wp-content\/uploads\/2021\/09\/Capgemini_Ethics_SpeakUP.jpg\",\"datePublished\":\"2022-04-14T12:09:10+00:00\",\"dateModified\":\"2026-01-28T08:11:12+00:00\",\"description\":\"SpeakUp to internetowe i telefoniczne narz\u0119dzie do zg\u0142aszania problem\u00f3w etycznych.\",\"breadcrumb\":{\"@id\":\"https:\/\/www.capgemini.com\/pl-pl\/o-nas\/kim-jestesmy\/wartosci-etyka\/speakup\/#breadcrumb\"},\"inLanguage\":\"pl-PL\",\"potentialAction\":[{\"@type\":\"ReadAction\",\"target\":[\"https:\/\/www.capgemini.com\/pl-pl\/o-nas\/kim-jestesmy\/wartosci-etyka\/speakup\/\"]}]},{\"@type\":\"ImageObject\",\"inLanguage\":\"pl-PL\",\"@id\":\"https:\/\/www.capgemini.com\/pl-pl\/o-nas\/kim-jestesmy\/wartosci-etyka\/speakup\/#primaryimage\",\"url\":\"https:\/\/www.capgemini.com\/wp-content\/uploads\/2021\/09\/Capgemini_Ethics_SpeakUP.jpg\",\"contentUrl\":\"https:\/\/www.capgemini.com\/wp-content\/uploads\/2021\/09\/Capgemini_Ethics_SpeakUP.jpg\"},{\"@type\":\"BreadcrumbList\",\"@id\":\"https:\/\/www.capgemini.com\/pl-pl\/o-nas\/kim-jestesmy\/wartosci-etyka\/speakup\/#breadcrumb\",\"itemListElement\":[{\"@type\":\"ListItem\",\"position\":1,\"name\":\"Home\",\"item\":\"https:\/\/www.capgemini.com\/pl-pl\/\"},{\"@type\":\"ListItem\",\"position\":2,\"name\":\"O nas\",\"item\":\"https:\/\/www.capgemini.com\/pl-pl\/o-nas\/\"},{\"@type\":\"ListItem\",\"position\":3,\"name\":\"Kim jeste\u015bmy\",\"item\":\"https:\/\/www.capgemini.com\/pl-pl\/o-nas\/kim-jestesmy\/\"},{\"@type\":\"ListItem\",\"position\":4,\"name\":\"Warto\u015bci i etyka\",\"item\":\"https:\/\/www.capgemini.com\/pl-pl\/o-nas\/kim-jestesmy\/wartosci-etyka\/\"},{\"@type\":\"ListItem\",\"position\":5,\"name\":\"SpeakUp\"}]},{\"@type\":\"WebSite\",\"@id\":\"https:\/\/www.capgemini.com\/pl-pl\/#website\",\"url\":\"https:\/\/www.capgemini.com\/pl-pl\/\",\"name\":\"Capgemini Polska\",\"description\":\"Capgemini\",\"potentialAction\":[{\"@type\":\"SearchAction\",\"target\":{\"@type\":\"EntryPoint\",\"urlTemplate\":\"https:\/\/www.capgemini.com\/pl-pl\/?s={search_term_string}\"},\"query-input\":\"required name=search_term_string\"}],\"inLanguage\":\"pl-PL\"}]}<\/script>\n<!-- \/ Yoast SEO Premium plugin. -->","yoast_head_json":{"title":"SpeakUp - Zg\u0142aszanie problem\u00f3w etycznych | Capgemini Polska","description":"SpeakUp to internetowe i telefoniczne narz\u0119dzie do zg\u0142aszania problem\u00f3w etycznych.","robots":{"index":"index","follow":"follow","max-snippet":"max-snippet:-1","max-image-preview":"max-image-preview:large","max-video-preview":"max-video-preview:-1"},"canonical":"https:\/\/www.capgemini.com\/pl-pl\/o-nas\/kim-jestesmy\/wartosci-etyka\/speakup\/","og_locale":"pl_PL","og_type":"article","og_title":"SpeakUp","og_description":"SpeakUp to internetowe i telefoniczne narz\u0119dzie do zg\u0142aszania problem\u00f3w etycznych.","og_url":"https:\/\/www.capgemini.com\/pl-pl\/o-nas\/kim-jestesmy\/wartosci-etyka\/speakup\/","og_site_name":"Capgemini Poland","article_modified_time":"2026-01-28T08:11:12+00:00","og_image":[{"url":"https:\/\/www.capgemini.com\/wp-content\/uploads\/2021\/09\/Capgemini_Ethics_SpeakUP.jpg"}],"twitter_card":"summary_large_image","twitter_misc":{"Est. reading time":"3 minutes"},"schema":{"@context":"https:\/\/schema.org","@graph":[{"@type":"WebPage","@id":"https:\/\/www.capgemini.com\/pl-pl\/o-nas\/kim-jestesmy\/wartosci-etyka\/speakup\/","url":"https:\/\/www.capgemini.com\/pl-pl\/o-nas\/kim-jestesmy\/wartosci-etyka\/speakup\/","name":"SpeakUp - Zg\u0142aszanie problem\u00f3w etycznych | Capgemini Polska","isPartOf":{"@id":"https:\/\/www.capgemini.com\/pl-pl\/#website"},"primaryImageOfPage":{"@id":"https:\/\/www.capgemini.com\/pl-pl\/o-nas\/kim-jestesmy\/wartosci-etyka\/speakup\/#primaryimage"},"image":{"@id":"https:\/\/www.capgemini.com\/pl-pl\/o-nas\/kim-jestesmy\/wartosci-etyka\/speakup\/#primaryimage"},"thumbnailUrl":"https:\/\/www.capgemini.com\/wp-content\/uploads\/2021\/09\/Capgemini_Ethics_SpeakUP.jpg","datePublished":"2022-04-14T12:09:10+00:00","dateModified":"2026-01-28T08:11:12+00:00","description":"SpeakUp to internetowe i telefoniczne narz\u0119dzie do zg\u0142aszania problem\u00f3w etycznych.","breadcrumb":{"@id":"https:\/\/www.capgemini.com\/pl-pl\/o-nas\/kim-jestesmy\/wartosci-etyka\/speakup\/#breadcrumb"},"inLanguage":"pl-PL","potentialAction":[{"@type":"ReadAction","target":["https:\/\/www.capgemini.com\/pl-pl\/o-nas\/kim-jestesmy\/wartosci-etyka\/speakup\/"]}]},{"@type":"ImageObject","inLanguage":"pl-PL","@id":"https:\/\/www.capgemini.com\/pl-pl\/o-nas\/kim-jestesmy\/wartosci-etyka\/speakup\/#primaryimage","url":"https:\/\/www.capgemini.com\/wp-content\/uploads\/2021\/09\/Capgemini_Ethics_SpeakUP.jpg","contentUrl":"https:\/\/www.capgemini.com\/wp-content\/uploads\/2021\/09\/Capgemini_Ethics_SpeakUP.jpg"},{"@type":"BreadcrumbList","@id":"https:\/\/www.capgemini.com\/pl-pl\/o-nas\/kim-jestesmy\/wartosci-etyka\/speakup\/#breadcrumb","itemListElement":[{"@type":"ListItem","position":1,"name":"Home","item":"https:\/\/www.capgemini.com\/pl-pl\/"},{"@type":"ListItem","position":2,"name":"O nas","item":"https:\/\/www.capgemini.com\/pl-pl\/o-nas\/"},{"@type":"ListItem","position":3,"name":"Kim jeste\u015bmy","item":"https:\/\/www.capgemini.com\/pl-pl\/o-nas\/kim-jestesmy\/"},{"@type":"ListItem","position":4,"name":"Warto\u015bci i etyka","item":"https:\/\/www.capgemini.com\/pl-pl\/o-nas\/kim-jestesmy\/wartosci-etyka\/"},{"@type":"ListItem","position":5,"name":"SpeakUp"}]},{"@type":"WebSite","@id":"https:\/\/www.capgemini.com\/pl-pl\/#website","url":"https:\/\/www.capgemini.com\/pl-pl\/","name":"Capgemini Polska","description":"Capgemini","potentialAction":[{"@type":"SearchAction","target":{"@type":"EntryPoint","urlTemplate":"https:\/\/www.capgemini.com\/pl-pl\/?s={search_term_string}"},"query-input":"required name=search_term_string"}],"inLanguage":"pl-PL"}]}},"brand_term":[],"parsely":{"version":"1.1.0","canonical_url":"https:\/\/capgemini.com\/pl-pl\/o-nas\/kim-jestesmy\/wartosci-etyka\/speakup\/","smart_links":{"inbound":0,"outbound":0},"traffic_boost_suggestions_count":0,"meta":{"@context":"https:\/\/schema.org","@type":"WebPage","headline":"SpeakUp","url":"https:\/\/www.capgemini.com\/pl-pl\/o-nas\/kim-jestesmy\/wartosci-etyka\/speakup\/","mainEntityOfPage":{"@type":"WebPage","@id":"https:\/\/www.capgemini.com\/pl-pl\/o-nas\/kim-jestesmy\/wartosci-etyka\/speakup\/"},"thumbnailUrl":"","image":{"@type":"ImageObject","url":""},"articleSection":"Uncategorized","author":[],"creator":[],"publisher":{"@type":"Organization","name":"Capgemini Poland","logo":""},"keywords":[],"dateCreated":"2022-04-14T12:09:10Z","datePublished":"2022-04-14T12:09:10Z","dateModified":"2026-01-28T08:11:12Z"},"rendered":"<meta name=\"parsely-title\" content=\"SpeakUp\" \/>\n<meta name=\"parsely-link\" content=\"https:\/\/www.capgemini.com\/pl-pl\/o-nas\/kim-jestesmy\/wartosci-etyka\/speakup\/\" \/>\n<meta name=\"parsely-type\" content=\"index\" \/>\n<meta name=\"parsely-pub-date\" content=\"2022-04-14T12:09:10Z\" \/>\n<meta name=\"parsely-section\" content=\"Uncategorized\" \/>","tracker_url":"https:\/\/cdn.parsely.com\/keys\/capgemini.com\/p.js"},"archive_status":false,"featured_image_src":"https:\/\/www.capgemini.com\/pl-pl\/wp-content\/themes\/capgemini2025\/assets\/images\/mockup.png","featured_image_alt":false,"jetpack_sharing_enabled":true,"distributor_meta":false,"distributor_terms":false,"distributor_media":false,"distributor_original_site_name":"Capgemini Poland","distributor_original_site_url":"https:\/\/www.capgemini.com\/pl-pl","push-errors":false,"_links":{"self":[{"href":"https:\/\/www.capgemini.com\/pl-pl\/wp-json\/wp\/v2\/pages\/678974","targetHints":{"allow":["GET"]}}],"collection":[{"href":"https:\/\/www.capgemini.com\/pl-pl\/wp-json\/wp\/v2\/pages"}],"about":[{"href":"https:\/\/www.capgemini.com\/pl-pl\/wp-json\/wp\/v2\/types\/page"}],"author":[{"embeddable":true,"href":"https:\/\/www.capgemini.com\/pl-pl\/wp-json\/wp\/v2\/users\/121"}],"replies":[{"embeddable":true,"href":"https:\/\/www.capgemini.com\/pl-pl\/wp-json\/wp\/v2\/comments?post=678974"}],"version-history":[{"count":15,"href":"https:\/\/www.capgemini.com\/pl-pl\/wp-json\/wp\/v2\/pages\/678974\/revisions"}],"predecessor-version":[{"id":914666,"href":"https:\/\/www.capgemini.com\/pl-pl\/wp-json\/wp\/v2\/pages\/678974\/revisions\/914666"}],"up":[{"embeddable":true,"href":"https:\/\/www.capgemini.com\/pl-pl\/wp-json\/wp\/v2\/pages\/505386"}],"wp:attachment":[{"href":"https:\/\/www.capgemini.com\/pl-pl\/wp-json\/wp\/v2\/media?parent=678974"}],"wp:term":[{"taxonomy":"brand","embeddable":true,"href":"https:\/\/www.capgemini.com\/pl-pl\/wp-json\/wp\/v2\/brand?post=678974"},{"taxonomy":"partner_type","embeddable":true,"href":"https:\/\/www.capgemini.com\/pl-pl\/wp-json\/wp\/v2\/partner_type?post=678974"},{"taxonomy":"service","embeddable":true,"href":"https:\/\/www.capgemini.com\/pl-pl\/wp-json\/wp\/v2\/service?post=678974"},{"taxonomy":"industry","embeddable":true,"href":"https:\/\/www.capgemini.com\/pl-pl\/wp-json\/wp\/v2\/industry?post=678974"},{"taxonomy":"partners","embeddable":true,"href":"https:\/\/www.capgemini.com\/pl-pl\/wp-json\/wp\/v2\/partners?post=678974"},{"taxonomy":"page-type","embeddable":true,"href":"https:\/\/www.capgemini.com\/pl-pl\/wp-json\/wp\/v2\/page-type?post=678974"},{"taxonomy":"content-group","embeddable":true,"href":"https:\/\/www.capgemini.com\/pl-pl\/wp-json\/wp\/v2\/content-group?post=678974"}],"curies":[{"name":"wp","href":"https:\/\/api.w.org\/{rel}","templated":true}]}}