{"id":666248,"date":"2022-03-29T12:02:59","date_gmt":"2022-03-29T12:02:59","guid":{"rendered":"https:\/\/www.capgemini.com\/?page_id=666248"},"modified":"2025-05-20T10:05:09","modified_gmt":"2025-05-20T10:05:09","slug":"environmental-policy","status":"publish","type":"page","link":"https:\/\/www.capgemini.com\/pl-pl\/o-nas\/zarzadzanie-lad-korporacyjny\/polityki\/polityka-ochrony-srodowiska\/","title":{"rendered":"Polityka ochrony \u015brodowiska"},"content":{"rendered":"\n<header class=\"wp-block-cg-blocks-hero-reusable is-style-blue-line header heroReusable  \"><div class=\"header-bgs\"><\/div><div class=\"heroPictureCardHeaderShape\"><\/div><div class=\"container\"><div class=\"row\"><div class=\"col-md-12\"><div class=\"box\"><div class=\"boxTagWrapper\"><div class=\"tagInfo\"><div><span class=\"box-tag\">Policies<\/span><\/div><\/div><\/div><div class=\"box-title\"><h1 data-maxlength=\"34\">Polityka ochrony \u015brodowiska<\/h1><\/div><div class=\"inner-row-insight download-btn\"><\/div><\/div><\/div><\/div><\/div><\/header>\n\n\n\n<section class=\"wp-block-cg-blocks-group undefined section section--article-content\"><div class=\"article-main-content\"><div class=\"container\"><div class=\"row\"><div class=\"col-12 col-md-1\"><nav class=\"article-social\"><ul class=\"social-nav\"><li class=\"ip-order-fb\"><a href=\"https:\/\/www.facebook.com\/sharer\/sharer.php?u=https:\/\/www.capgemini.com\/pl-pl\/?page_id=666248&amp;preview_id=666248\" target=\"_blank\" rel=\"noopener noreferrer\" title=\"otwiera si\u0119 w nowym oknie\"><i aria-hidden=\"true\" class=\"icon-fb\"><\/i><span class=\"sr-only\">Facebook<\/span><\/a><\/li><li class=\"ip-order-tw\"><a href=\"https:\/\/twitter.com\/intent\/tweet?url=https:\/\/www.capgemini.com\/pl-pl\/?page_id=666248&amp;preview_id=666248&amp;text=Polityka%20ochrony%20%C5%9Brodowiska\" target=\"_blank\" rel=\"noopener noreferrer\" title=\"otwiera si\u0119 w nowym oknie\"><i aria-hidden=\"true\" class=\"icon-tw\"><\/i><span class=\"sr-only\">Twitter<\/span><\/a><\/li><li class=\"ip-order-li\"><a href=\"https:\/\/www.linkedin.com\/sharing\/share-offsite\/?url=https:\/\/www.capgemini.com\/pl-pl\/?page_id=666248&amp;preview_id=666248&amp;text=Polityka%20ochrony%20%C5%9Brodowiska\" target=\"_blank\" rel=\"noopener noreferrer\" title=\"otwiera si\u0119 w nowym oknie\"><i aria-hidden=\"true\" class=\"icon-li\"><\/i><span class=\"sr-only\">Linkedin<\/span><\/a><\/li><\/ul><\/nav><\/div><div class=\"col-12 col-md-11 col-lg-10\"><div class=\"article-text article-quote-text\">\n<h3 class=\"wp-block-heading\" id=\"h-podejscie-capgemini-do-odpowiedzialnego-biznesu-jest-regulowane-przez-polityki-ktore-sa-na-biezaco-aktualizowane\">Podej\u015bcie Capgemini do odpowiedzialnego biznesu jest regulowane przez polityki, kt\u00f3re s\u0105 na bie\u017c\u0105co aktualizowane.<\/h3>\n\n\n\n<div style=\"height:49px\" aria-hidden=\"true\" class=\"wp-block-spacer\"><\/div>\n\n\n\n<p><strong>Polityka ochrony \u015brodowiska Grupy Capgemini 2023 r. <\/strong><\/p>\n\n\n\n<p>Zdajemy sobie spraw\u0119, \u017ce nasza dzia\u0142alno\u015b\u0107 biznesowa ma wp\u0142yw na \u015brodowisko i zobowi\u0105zujemy si\u0119 do ci\u0105g\u0142ej poprawy naszych wynik\u00f3w w zakresie ochrony \u015brodowiska oraz do wsp\u00f3\u0142pracy z naszymi klientami, aby pom\u00f3c im zmniejszy\u0107 ich wp\u0142yw na \u015brodowisko.&nbsp;Niniejsze o\u015bwiadczenie dotyczy wszystkich biur i centr\u00f3w danych zarz\u0105dzanych przez Capgemini oraz wszystkich pracownik\u00f3w i dostawc\u00f3w Capgemini.&nbsp;<\/p>\n\n\n\n<div class=\"wp-block-buttons is-layout-flex wp-block-buttons-is-layout-flex\">\n<div class=\"wp-block-button has-custom-font-size is-style-outline has-small-font-size is-style-outline--1\"><a class=\"wp-block-button__link wp-element-button\" href=\"https:\/\/www.capgemini.com\/wp-content\/uploads\/2023\/06\/2023-06-Policy-Env-June-2023-update.pdf\" target=\"_blank\" rel=\"noreferrer noopener\">Pobierz<\/a><\/div>\n<\/div>\n\n\n\n<div style=\"height:100px\" aria-hidden=\"true\" class=\"wp-block-spacer\"><\/div>\n\n\n\n<p><strong>Polityka \u015arodowiskowa Capgemni Polska<\/strong> <strong>2023<\/strong> r.<\/p>\n\n\n\n<div class=\"wp-block-buttons is-layout-flex wp-block-buttons-is-layout-flex\">\n<div class=\"wp-block-button is-style-outline is-style-outline--2\"><a class=\"wp-block-button__link wp-element-button\" href=\"https:\/\/www.capgemini.com\/pl-pl\/wp-content\/uploads\/sites\/27\/2023\/09\/Capgemini-Environmental-Policy-Statement-for-Capgemini-Polska-2023.pdf\" target=\"_blank\" rel=\"noreferrer noopener\">Pobierz<\/a><\/div>\n<\/div>\n\n\n\n<div style=\"height:75px\" aria-hidden=\"true\" class=\"wp-block-spacer\"><\/div>\n\n\n\n<p><strong>Certyfikat ISO 14001 Grupy Capgemini <\/strong><\/p>\n\n\n\n<p>Certyfikat EMS obejmuje zarz\u0105dzanie znacz\u0105cymi wp\u0142ywami na \u015brodowisko zwi\u0105zane z dzia\u0142alno\u015bci\u0105 w wynajmowanych lub posiadanych przez nas pomieszczeniach w 31 kluczowych krajach. <\/p>\n\n\n\n<div class=\"wp-block-buttons is-layout-flex wp-block-buttons-is-layout-flex\">\n<div class=\"wp-block-button has-custom-font-size is-style-outline has-small-font-size is-style-outline--3\"><a class=\"wp-block-button__link wp-element-button\" href=\"https:\/\/www.capgemini.com\/wp-content\/uploads\/2023\/04\/14001-EMS-667977.pdf\" target=\"_blank\" rel=\"noreferrer noopener\">Pobierz<\/a><\/div>\n<\/div>\n\n\n\n<div style=\"height:75px\" aria-hidden=\"true\" class=\"wp-block-spacer\"><\/div>\n\n\n\n<p><strong>Certyfikat ISO 50001 Grupy Capgemini <\/strong><\/p>\n\n\n\n<p>Certyfikat dotyczy naszego systemu zarz\u0105dzania energi\u0105 (obecnie obejmuje Francj\u0119, Holandi\u0119 i Wielk\u0105 Brytani\u0119). <\/p>\n\n\n\n<div class=\"wp-block-buttons is-layout-flex wp-block-buttons-is-layout-flex\">\n<div class=\"wp-block-button has-custom-font-size is-style-outline has-small-font-size is-style-outline--4\"><a class=\"wp-block-button__link wp-element-button\" href=\"https:\/\/www.capgemini.com\/wp-content\/uploads\/2023\/04\/50001-ENMS-659644.pdf\" target=\"_blank\" rel=\"noreferrer noopener\">Pobierz<\/a><\/div>\n<\/div>\n\n\n\n<div style=\"height:75px\" aria-hidden=\"true\" class=\"wp-block-spacer\"><\/div>\n\n\n\n<p><strong>Certyfikat ISO 45001 Grupy Capgemini <\/strong><\/p>\n\n\n\n<p>Certyfikat ten dotyczy naszego systemu zarz\u0105dzania bezpiecze\u0144stwem i higien\u0105 pracy (obecnie obejmuje Niemcy i Holandi\u0119) 5. Grupa Capgemini ISO \u2014 dokument pomocniczy, wykaz kontrolowanych budynk\u00f3w.<\/p>\n\n\n\n<div class=\"wp-block-buttons is-layout-flex wp-block-buttons-is-layout-flex\">\n<div class=\"wp-block-button has-custom-font-size is-style-outline has-small-font-size is-style-outline--5\"><a class=\"wp-block-button__link wp-element-button\" href=\"https:\/\/www.capgemini.com\/wp-content\/uploads\/2023\/04\/45001-OHS-733295.pdf\" target=\"_blank\" rel=\"noreferrer noopener\">Pobierz<\/a><\/div>\n<\/div>\n\n\n\n<div style=\"height:75px\" aria-hidden=\"true\" class=\"wp-block-spacer\"><\/div>\n\n\n\n<p><strong>Certyfikat ISO 14001 Grupy Capgemini \u2014 dokument pomocniczy, lista kontrolowanych budynk\u00f3w.<\/strong><\/p>\n\n\n\n<div class=\"wp-block-buttons is-layout-flex wp-block-buttons-is-layout-flex\">\n<div class=\"wp-block-button has-custom-font-size is-style-outline has-small-font-size is-style-outline--6\"><a class=\"wp-block-button__link wp-element-button\" href=\"https:\/\/www.capgemini.com\/wp-content\/uploads\/2023\/04\/14001-EMS-667977-Controlled-List-of-certified-site-addresses.pdf\" target=\"_blank\" rel=\"noreferrer noopener\">Pobierz<\/a><\/div>\n<\/div>\n\n\n\n<div style=\"height:100px\" aria-hidden=\"true\" class=\"wp-block-spacer\"><\/div>\n\n\n\n<p><strong>Certyfikat ISO 50001 Grupy Capgemini \u2014 dokument pomocniczy, lista kontrolowanych budynk\u00f3w.<\/strong><\/p>\n\n\n\n<div class=\"wp-block-buttons is-layout-flex wp-block-buttons-is-layout-flex\">\n<div class=\"wp-block-button is-style-outline is-style-outline--7\"><a class=\"wp-block-button__link wp-element-button\" href=\"https:\/\/www.capgemini.com\/wp-content\/uploads\/2023\/04\/50001-ENMS-659644-Controlled-List-of-certified-site-addresses-.pdf\" target=\"_blank\" rel=\"noreferrer noopener\">Pobierz<\/a><\/div>\n<\/div>\n\n\n\n<div style=\"height:100px\" aria-hidden=\"true\" class=\"wp-block-spacer\"><\/div>\n\n\n\n<p><strong>Certyfikat ISO 45001 Grupy Capgemini \u2014 dokument pomocniczy, lista kontrolowanych budynk\u00f3w.<\/strong><\/p>\n\n\n\n<div class=\"wp-block-buttons is-layout-flex wp-block-buttons-is-layout-flex\">\n<div class=\"wp-block-button is-style-outline is-style-outline--8\"><a class=\"wp-block-button__link wp-element-button\" href=\"https:\/\/www.capgemini.com\/wp-content\/uploads\/2023\/04\/45001-OHS-733295-Controlled-List.pdf\" target=\"_blank\" rel=\"noreferrer noopener\">Pobierz<\/a><\/div>\n<\/div>\n\n\n\n<p><\/p>\n<\/div><\/div><\/div><\/div><\/div><\/section>\n","protected":false},"excerpt":{"rendered":"","protected":false},"author":121,"featured_media":0,"parent":639065,"menu_order":5,"comment_status":"closed","ping_status":"closed","template":"","meta":{"cg_dt_proposed_to":[8,18,5,30],"cg_seo_hreflang_relations":"[]","cg_seo_canonical_relation":"","cg_seo_hreflang_x_default_relation":"{\"uuid\":\"fad8a34a-77ec-4b5c-9a1f-fbdfa3ea0cb2\",\"blogId\":\"\",\"domain\":\"\",\"sitePath\":\"\",\"postLink\":\"\",\"postId\":null,\"isSaved\":true,\"isCrossLink\":false,\"hasCrossLink\":false}","cg_dt_approved_content":true,"cg_dt_mandatory_content":false,"cg_dt_notes":"","cg_dg_source_changed":false,"cg_dt_link_disabled":true,"_yoast_wpseo_primary_brand":"","footnotes":"","featured_focal_points":"","partner_card_description":"","gsap_animation":0},"brand":[],"partner_type":[],"service":[],"industry":[],"partners":[],"page-type":[],"content-group":[],"class_list":["post-666248","page","type-page","status-publish","hentry"],"yoast_head":"<!-- This site is optimized with the Yoast SEO Premium plugin v22.8 (Yoast SEO v22.8) - https:\/\/yoast.com\/wordpress\/plugins\/seo\/ -->\n<title>Environmental Policy | Management And Governance | Capgemini<\/title>\n<meta name=\"robots\" content=\"index, follow, max-snippet:-1, max-image-preview:large, max-video-preview:-1\" \/>\n<link rel=\"canonical\" href=\"https:\/\/www.capgemini.com\/pl-pl\/o-nas\/zarzadzanie-lad-korporacyjny\/polityki\/polityka-ochrony-srodowiska\/\" \/>\n<meta property=\"og:locale\" content=\"pl_PL\" \/>\n<meta property=\"og:type\" content=\"article\" \/>\n<meta property=\"og:title\" content=\"Polityka ochrony \u015brodowiska\" \/>\n<meta property=\"og:url\" content=\"https:\/\/www.capgemini.com\/pl-pl\/o-nas\/zarzadzanie-lad-korporacyjny\/polityki\/polityka-ochrony-srodowiska\/\" \/>\n<meta property=\"og:site_name\" content=\"Capgemini Poland\" \/>\n<meta property=\"article:modified_time\" content=\"2025-05-20T10:05:09+00:00\" \/>\n<meta property=\"og:image\" content=\"https:\/\/www.capgemini.com\/pl-pl\/wp-content\/uploads\/sites\/27\/2025\/10\/New-Web-preview-global.jpg\" \/>\n\t<meta property=\"og:image:width\" content=\"1200\" \/>\n\t<meta property=\"og:image:height\" content=\"627\" \/>\n\t<meta property=\"og:image:type\" content=\"image\/jpeg\" \/>\n<meta name=\"twitter:card\" content=\"summary_large_image\" \/>\n<meta name=\"twitter:label1\" content=\"Est. reading time\" \/>\n\t<meta name=\"twitter:data1\" content=\"2 minutes\" \/>\n<script type=\"application\/ld+json\" class=\"yoast-schema-graph\">{\"@context\":\"https:\/\/schema.org\",\"@graph\":[{\"@type\":\"WebPage\",\"@id\":\"https:\/\/www.capgemini.com\/pl-pl\/o-nas\/zarzadzanie-lad-korporacyjny\/polityki\/polityka-ochrony-srodowiska\/\",\"url\":\"https:\/\/www.capgemini.com\/pl-pl\/o-nas\/zarzadzanie-lad-korporacyjny\/polityki\/polityka-ochrony-srodowiska\/\",\"name\":\"Environmental Policy | Management And Governance | Capgemini\",\"isPartOf\":{\"@id\":\"https:\/\/www.capgemini.com\/pl-pl\/#website\"},\"datePublished\":\"2022-03-29T12:02:59+00:00\",\"dateModified\":\"2025-05-20T10:05:09+00:00\",\"breadcrumb\":{\"@id\":\"https:\/\/www.capgemini.com\/pl-pl\/o-nas\/zarzadzanie-lad-korporacyjny\/polityki\/polityka-ochrony-srodowiska\/#breadcrumb\"},\"inLanguage\":\"pl-PL\",\"potentialAction\":[{\"@type\":\"ReadAction\",\"target\":[\"https:\/\/www.capgemini.com\/pl-pl\/o-nas\/zarzadzanie-lad-korporacyjny\/polityki\/polityka-ochrony-srodowiska\/\"]}]},{\"@type\":\"BreadcrumbList\",\"@id\":\"https:\/\/www.capgemini.com\/pl-pl\/o-nas\/zarzadzanie-lad-korporacyjny\/polityki\/polityka-ochrony-srodowiska\/#breadcrumb\",\"itemListElement\":[{\"@type\":\"ListItem\",\"position\":1,\"name\":\"Home\",\"item\":\"https:\/\/www.capgemini.com\/pl-pl\/\"},{\"@type\":\"ListItem\",\"position\":2,\"name\":\"O nas\",\"item\":\"https:\/\/www.capgemini.com\/pl-pl\/o-nas\/\"},{\"@type\":\"ListItem\",\"position\":3,\"name\":\"Zarz\u0105dzanie i \u0142ad korporacyjny\",\"item\":\"https:\/\/www.capgemini.com\/pl-pl\/o-nas\/zarzadzanie-lad-korporacyjny\/\"},{\"@type\":\"ListItem\",\"position\":4,\"name\":\"Polityki\",\"item\":\"https:\/\/www.capgemini.com\/pl-pl\/o-nas\/zarzadzanie-lad-korporacyjny\/polityki\/\"},{\"@type\":\"ListItem\",\"position\":5,\"name\":\"Polityka ochrony \u015brodowiska\"}]},{\"@type\":\"WebSite\",\"@id\":\"https:\/\/www.capgemini.com\/pl-pl\/#website\",\"url\":\"https:\/\/www.capgemini.com\/pl-pl\/\",\"name\":\"Capgemini Polska\",\"description\":\"Capgemini\",\"potentialAction\":[{\"@type\":\"SearchAction\",\"target\":{\"@type\":\"EntryPoint\",\"urlTemplate\":\"https:\/\/www.capgemini.com\/pl-pl\/?s={search_term_string}\"},\"query-input\":\"required name=search_term_string\"}],\"inLanguage\":\"pl-PL\"}]}<\/script>\n<!-- \/ Yoast SEO Premium plugin. -->","yoast_head_json":{"title":"Environmental Policy | Management And Governance | Capgemini","robots":{"index":"index","follow":"follow","max-snippet":"max-snippet:-1","max-image-preview":"max-image-preview:large","max-video-preview":"max-video-preview:-1"},"canonical":"https:\/\/www.capgemini.com\/pl-pl\/o-nas\/zarzadzanie-lad-korporacyjny\/polityki\/polityka-ochrony-srodowiska\/","og_locale":"pl_PL","og_type":"article","og_title":"Polityka ochrony \u015brodowiska","og_url":"https:\/\/www.capgemini.com\/pl-pl\/o-nas\/zarzadzanie-lad-korporacyjny\/polityki\/polityka-ochrony-srodowiska\/","og_site_name":"Capgemini Poland","article_modified_time":"2025-05-20T10:05:09+00:00","og_image":[{"width":1200,"height":627,"url":"https:\/\/www.capgemini.com\/pl-pl\/wp-content\/uploads\/sites\/27\/2025\/10\/New-Web-preview-global.jpg","type":"image\/jpeg"}],"twitter_card":"summary_large_image","twitter_misc":{"Est. reading time":"2 minutes"},"schema":{"@context":"https:\/\/schema.org","@graph":[{"@type":"WebPage","@id":"https:\/\/www.capgemini.com\/pl-pl\/o-nas\/zarzadzanie-lad-korporacyjny\/polityki\/polityka-ochrony-srodowiska\/","url":"https:\/\/www.capgemini.com\/pl-pl\/o-nas\/zarzadzanie-lad-korporacyjny\/polityki\/polityka-ochrony-srodowiska\/","name":"Environmental Policy | Management And Governance | Capgemini","isPartOf":{"@id":"https:\/\/www.capgemini.com\/pl-pl\/#website"},"datePublished":"2022-03-29T12:02:59+00:00","dateModified":"2025-05-20T10:05:09+00:00","breadcrumb":{"@id":"https:\/\/www.capgemini.com\/pl-pl\/o-nas\/zarzadzanie-lad-korporacyjny\/polityki\/polityka-ochrony-srodowiska\/#breadcrumb"},"inLanguage":"pl-PL","potentialAction":[{"@type":"ReadAction","target":["https:\/\/www.capgemini.com\/pl-pl\/o-nas\/zarzadzanie-lad-korporacyjny\/polityki\/polityka-ochrony-srodowiska\/"]}]},{"@type":"BreadcrumbList","@id":"https:\/\/www.capgemini.com\/pl-pl\/o-nas\/zarzadzanie-lad-korporacyjny\/polityki\/polityka-ochrony-srodowiska\/#breadcrumb","itemListElement":[{"@type":"ListItem","position":1,"name":"Home","item":"https:\/\/www.capgemini.com\/pl-pl\/"},{"@type":"ListItem","position":2,"name":"O nas","item":"https:\/\/www.capgemini.com\/pl-pl\/o-nas\/"},{"@type":"ListItem","position":3,"name":"Zarz\u0105dzanie i \u0142ad korporacyjny","item":"https:\/\/www.capgemini.com\/pl-pl\/o-nas\/zarzadzanie-lad-korporacyjny\/"},{"@type":"ListItem","position":4,"name":"Polityki","item":"https:\/\/www.capgemini.com\/pl-pl\/o-nas\/zarzadzanie-lad-korporacyjny\/polityki\/"},{"@type":"ListItem","position":5,"name":"Polityka ochrony \u015brodowiska"}]},{"@type":"WebSite","@id":"https:\/\/www.capgemini.com\/pl-pl\/#website","url":"https:\/\/www.capgemini.com\/pl-pl\/","name":"Capgemini Polska","description":"Capgemini","potentialAction":[{"@type":"SearchAction","target":{"@type":"EntryPoint","urlTemplate":"https:\/\/www.capgemini.com\/pl-pl\/?s={search_term_string}"},"query-input":"required name=search_term_string"}],"inLanguage":"pl-PL"}]}},"brand_term":[],"parsely":{"version":"1.1.0","canonical_url":"https:\/\/capgemini.com\/pl-pl\/o-nas\/zarzadzanie-lad-korporacyjny\/polityki\/polityka-ochrony-srodowiska\/","smart_links":{"inbound":0,"outbound":0},"traffic_boost_suggestions_count":0,"meta":{"@context":"https:\/\/schema.org","@type":"WebPage","headline":"Polityka ochrony \u015brodowiska","url":"https:\/\/www.capgemini.com\/pl-pl\/o-nas\/zarzadzanie-lad-korporacyjny\/polityki\/polityka-ochrony-srodowiska\/","mainEntityOfPage":{"@type":"WebPage","@id":"https:\/\/www.capgemini.com\/pl-pl\/o-nas\/zarzadzanie-lad-korporacyjny\/polityki\/polityka-ochrony-srodowiska\/"},"thumbnailUrl":"","image":{"@type":"ImageObject","url":""},"articleSection":"Uncategorized","author":[],"creator":[],"publisher":{"@type":"Organization","name":"Capgemini Poland","logo":""},"keywords":[],"dateCreated":"2022-03-29T12:02:59Z","datePublished":"2022-03-29T12:02:59Z","dateModified":"2025-05-20T10:05:09Z"},"rendered":"<meta name=\"parsely-title\" content=\"Polityka ochrony \u015brodowiska\" \/>\n<meta name=\"parsely-link\" content=\"https:\/\/www.capgemini.com\/pl-pl\/o-nas\/zarzadzanie-lad-korporacyjny\/polityki\/polityka-ochrony-srodowiska\/\" \/>\n<meta name=\"parsely-type\" content=\"index\" \/>\n<meta name=\"parsely-pub-date\" content=\"2022-03-29T12:02:59Z\" \/>\n<meta name=\"parsely-section\" content=\"Uncategorized\" \/>","tracker_url":"https:\/\/cdn.parsely.com\/keys\/capgemini.com\/p.js"},"archive_status":false,"featured_image_src":"https:\/\/www.capgemini.com\/pl-pl\/wp-content\/themes\/capgemini2025\/assets\/images\/mockup.png","featured_image_alt":false,"jetpack_sharing_enabled":true,"distributor_meta":false,"distributor_terms":false,"distributor_media":false,"distributor_original_site_name":"Capgemini Poland","distributor_original_site_url":"https:\/\/www.capgemini.com\/pl-pl","push-errors":false,"_links":{"self":[{"href":"https:\/\/www.capgemini.com\/pl-pl\/wp-json\/wp\/v2\/pages\/666248","targetHints":{"allow":["GET"]}}],"collection":[{"href":"https:\/\/www.capgemini.com\/pl-pl\/wp-json\/wp\/v2\/pages"}],"about":[{"href":"https:\/\/www.capgemini.com\/pl-pl\/wp-json\/wp\/v2\/types\/page"}],"author":[{"embeddable":true,"href":"https:\/\/www.capgemini.com\/pl-pl\/wp-json\/wp\/v2\/users\/121"}],"replies":[{"embeddable":true,"href":"https:\/\/www.capgemini.com\/pl-pl\/wp-json\/wp\/v2\/comments?post=666248"}],"version-history":[{"count":6,"href":"https:\/\/www.capgemini.com\/pl-pl\/wp-json\/wp\/v2\/pages\/666248\/revisions"}],"predecessor-version":[{"id":909265,"href":"https:\/\/www.capgemini.com\/pl-pl\/wp-json\/wp\/v2\/pages\/666248\/revisions\/909265"}],"up":[{"embeddable":true,"href":"https:\/\/www.capgemini.com\/pl-pl\/wp-json\/wp\/v2\/pages\/639065"}],"wp:attachment":[{"href":"https:\/\/www.capgemini.com\/pl-pl\/wp-json\/wp\/v2\/media?parent=666248"}],"wp:term":[{"taxonomy":"brand","embeddable":true,"href":"https:\/\/www.capgemini.com\/pl-pl\/wp-json\/wp\/v2\/brand?post=666248"},{"taxonomy":"partner_type","embeddable":true,"href":"https:\/\/www.capgemini.com\/pl-pl\/wp-json\/wp\/v2\/partner_type?post=666248"},{"taxonomy":"service","embeddable":true,"href":"https:\/\/www.capgemini.com\/pl-pl\/wp-json\/wp\/v2\/service?post=666248"},{"taxonomy":"industry","embeddable":true,"href":"https:\/\/www.capgemini.com\/pl-pl\/wp-json\/wp\/v2\/industry?post=666248"},{"taxonomy":"partners","embeddable":true,"href":"https:\/\/www.capgemini.com\/pl-pl\/wp-json\/wp\/v2\/partners?post=666248"},{"taxonomy":"page-type","embeddable":true,"href":"https:\/\/www.capgemini.com\/pl-pl\/wp-json\/wp\/v2\/page-type?post=666248"},{"taxonomy":"content-group","embeddable":true,"href":"https:\/\/www.capgemini.com\/pl-pl\/wp-json\/wp\/v2\/content-group?post=666248"}],"curies":[{"name":"wp","href":"https:\/\/api.w.org\/{rel}","templated":true}]}}