{"id":656194,"date":"2022-03-09T05:18:05","date_gmt":"2022-03-09T05:18:05","guid":{"rendered":"https:\/\/www.capgemini.com\/?page_id=656194"},"modified":"2025-03-12T06:32:40","modified_gmt":"2025-03-12T06:32:40","slug":"manufacturing","status":"publish","type":"page","link":"https:\/\/www.capgemini.com\/pl-pl\/branze\/produkcja\/","title":{"rendered":"Produkcja"},"content":{"rendered":"\n<div class=\"wp-block-cg-blocks-hero-picture-card undefined  heroPictureCard\"><div class=\"heroPictureCardBgs\"><picture><source srcset=\"https:\/\/www.capgemini.com\/wp-content\/uploads\/2021\/03\/Capgemini-Industries-hero-banner.jpg?w=2880&amp;quality=70 1x, https:\/\/www.capgemini.com\/wp-content\/uploads\/2021\/03\/Capgemini-Industries-hero-banner.jpg?w=2880&amp;quality=70 2x\" media=\"(min-width: 1500px)\"\/><source srcset=\"https:\/\/www.capgemini.com\/wp-content\/uploads\/2021\/03\/Capgemini-Industries-hero-banner.jpg?w=1440&amp;quality=70 1x, https:\/\/www.capgemini.com\/wp-content\/uploads\/2021\/03\/Capgemini-Industries-hero-banner.jpg?w=2880&amp;quality=70 2x\" media=\"(min-width: 992px)\"\/><source srcset=\"https:\/\/www.capgemini.com\/wp-content\/uploads\/2021\/03\/Capgemini-Industries-hero-banner.jpg?w=1024&amp;quality=70 1x, https:\/\/www.capgemini.com\/wp-content\/uploads\/2021\/03\/Capgemini-Industries-hero-banner.jpg?w=1024&amp;quality=70 2x\" media=\"(min-width: 768px)\"\/><source srcset=\"https:\/\/www.capgemini.com\/wp-content\/uploads\/2021\/03\/Capgemini-Industries-hero-banner.jpg?w=768&amp;quality=70 1x, https:\/\/www.capgemini.com\/wp-content\/uploads\/2021\/03\/Capgemini-Industries-hero-banner.jpg?w=768&amp;quality=70 2x\" media=\"(min-width: 0)\"\/><img decoding=\"async\" src=\"https:\/\/www.capgemini.com\/wp-content\/uploads\/2021\/03\/Capgemini-Industries-hero-banner.jpg\" class=\"desktopImage\" alt=\"\" style=\"object-fit:cover;object-position:50% 45%\" loading=\"eager\"\/><\/picture><picture><source srcset=\"https:\/\/www.capgemini.com\/wp-content\/uploads\/2021\/03\/Capgemini-Industries-hero-banner.jpg?w=2880&amp;quality=70 1x, https:\/\/www.capgemini.com\/wp-content\/uploads\/2021\/03\/Capgemini-Industries-hero-banner.jpg?w=2880&amp;quality=70 2x\" media=\"(min-width: 1500px)\"\/><source srcset=\"https:\/\/www.capgemini.com\/wp-content\/uploads\/2021\/03\/Capgemini-Industries-hero-banner.jpg?w=1440&amp;quality=70 1x, https:\/\/www.capgemini.com\/wp-content\/uploads\/2021\/03\/Capgemini-Industries-hero-banner.jpg?w=2880&amp;quality=70 2x\" media=\"(min-width: 992px)\"\/><source srcset=\"https:\/\/www.capgemini.com\/wp-content\/uploads\/2021\/03\/Capgemini-Industries-hero-banner.jpg?w=1024&amp;quality=70 1x, https:\/\/www.capgemini.com\/wp-content\/uploads\/2021\/03\/Capgemini-Industries-hero-banner.jpg?w=1024&amp;quality=70 2x\" media=\"(min-width: 768px)\"\/><source srcset=\"https:\/\/www.capgemini.com\/wp-content\/uploads\/2021\/03\/Capgemini-Industries-hero-banner.jpg?w=768&amp;quality=70 1x, https:\/\/www.capgemini.com\/wp-content\/uploads\/2021\/03\/Capgemini-Industries-hero-banner.jpg?w=768&amp;quality=70 2x\" media=\"(min-width: 0)\"\/><img decoding=\"async\" src=\"https:\/\/www.capgemini.com\/wp-content\/uploads\/2021\/03\/Capgemini-Industries-hero-banner.jpg\" class=\"mobileImage\" alt=\"\" style=\"object-fit:cover;object-position:50% 45%\" loading=\"eager\"\/><\/picture><\/div><div class=\"heroPictureCardHeaderShape\"><\/div><div class=\"container\"><div class=\"row\"><div class=\"col-md-8 col-lg-6\"><div class=\"heroPictureCardBox\"><div class=\"heroPictureCardBoxTitle\"><h1 data-maxlength=\"144\">Produkcja<\/h1><\/div><\/div><\/div><\/div><\/div><div class=\"small-device\"><div class=\"brandLogoWrapper\"> <\/div><\/div><\/div>\n\n\n\n<section class=\"wp-block-cg-blocks-intro-para undefined section section--intro\"><div class=\"intro-para\"><div class=\"container\"><div class=\"row\"><div class=\"col-12 col-md-1\"><nav class=\"article-social\"><ul class=\"social-nav\"><li class=\"ip-order-fb\"><a href=\"https:\/\/www.facebook.com\/sharer\/sharer.php?u=https:\/\/www.capgemini.com\/pl-pl\/branze\/produkcja\/\" target=\"_blank\" rel=\"noopener noreferrer\" title=\"otwiera si\u0119 w nowym oknie\"><i aria-hidden=\"true\" class=\"icon-fb\"><\/i><span class=\"sr-only\">Facebook<\/span><\/a><\/li><li class=\"ip-order-tw\"><a href=\"https:\/\/twitter.com\/intent\/tweet?url=https:\/\/www.capgemini.com\/pl-pl\/branze\/produkcja\/&amp;text=Produkcja\" target=\"_blank\" rel=\"noopener noreferrer\" title=\"otwiera si\u0119 w nowym oknie\"><i aria-hidden=\"true\" class=\"icon-tw\"><\/i><span class=\"sr-only\">Twitter<\/span><\/a><\/li><li class=\"ip-order-li\"><a href=\"https:\/\/www.linkedin.com\/sharing\/share-offsite\/?url=https:\/\/www.capgemini.com\/pl-pl\/branze\/produkcja\/&amp;text=Produkcja\" target=\"_blank\" rel=\"noopener noreferrer\" title=\"otwiera si\u0119 w nowym oknie\"><i aria-hidden=\"true\" class=\"icon-li\"><\/i><span class=\"sr-only\">Linkedin<\/span><\/a><\/li><\/ul><\/nav><\/div><div class=\"col-12 col-md-11 col-lg-10\"><h2 class=\"intro-para-title\">Inteligentna, zorientowana na wiedz\u0119 i zr\u00f3wnowa\u017cona \u2014 nadesz\u0142a nowa era produkcji.\u00a0<\/h2><p class=\"intro-para-content\">Niezale\u017cnie od tego, czy Twoja firma skupia si\u0119 na produkcji dyskretnej czy procesowej, producenci musz\u0105 szybko dostosowywa\u0107 si\u0119 do zmieniaj\u0105cych si\u0119 wymaga\u0144 rynku i innowacji technologicznych, jednocze\u015bnie r\u00f3wnowa\u017c\u0105c wydajne i zr\u00f3wnowa\u017cone dzia\u0142ania.<br><br>Wsp\u00f3\u0142pracujemy z naszymi klientami, aby po\u0142\u0105czy\u0107 technologi\u0119 cyfrow\u0105 z in\u017cynieri\u0105 z\u0142o\u017conych urz\u0105dze\u0144, pojazd\u00f3w i sprz\u0119tu, aby opracowa\u0107 i dostarczy\u0107 bardziej inteligentne do\u015bwiadczenie produkcyjne dla ich firm.\u00a0\u00a0<\/p><\/div><\/div><\/div><\/div><\/section>\n\n\n\n<section class=\"wp-block-cg-blocks-learn-more learnMoreBlock updated-new-sample-amal\"><div class=\"container\"><div class=\"content-title\"><h2 class=\"learnmore-heading\">Nasze obszary dzia\u0142a\u0144<\/h2><\/div><div class=\"content-title\"><p class=\"blockDesc\">Pomagamy naszym klientom z bran\u017cy produkcyjnej dostosowa\u0107 si\u0119 do szybko zmieniaj\u0105cego si\u0119 \u015bwiata dzi\u0119ki specjalistycznym us\u0142ugom w nast\u0119puj\u0105cych obszarach:\u00a0<\/p><\/div><div class=\"row\"><div class=\"col-md-4\"><div class=\"box\"><div class=\"box-wrapper\"><a class=\"box-title\" href=\"https:\/\/www.capgemini.com\/pl-pl\/branze\/branza-lotnicza-i-obronna\/\" target=\"\" aria-label=\"Bran\u017ca lotnicza i obronna\" rel=\"noopener noreferrer\"><div class=\"box-img-wrapper\"><img decoding=\"async\" src=\"https:\/\/www.capgemini.com\/wp-content\/uploads\/2021\/09\/Capgemini_Client-stories_HELPING-A-GLOBAL-AEROSPACE-MANUFACTURER-TAKE-OFF.jpg?w=500&amp;quality=70\" srcset=\"https:\/\/www.capgemini.com\/wp-content\/uploads\/2021\/09\/Capgemini_Client-stories_HELPING-A-GLOBAL-AEROSPACE-MANUFACTURER-TAKE-OFF.jpg?w=500&amp;quality=70 1x, https:\/\/www.capgemini.com\/wp-content\/uploads\/2021\/09\/Capgemini_Client-stories_HELPING-A-GLOBAL-AEROSPACE-MANUFACTURER-TAKE-OFF.jpg?w=1000&amp;quality=70 2x\" class=\"box-img\" alt=\"\" style=\"object-fit:cover;object-position:50% 50%\" loading=\"lazy\"\/><\/div><h3 class=\"titleWithoutLink_learnMore\">Bran\u017ca lotnicza i obronna<\/h3><\/a><\/div><\/div><div class=\"box-inner\"><p class=\"box-desc\">Rozw\u00f3j bran\u017cy lotniczej i obronnej by\u0142 spowolniony, a w niekt\u00f3rych przypadkach znacznie zak\u0142\u00f3cony przez globaln\u0105 pandemi\u0119. Wraz ze zmiennym i niejednolitym powrotem do podr\u00f3\u017cy, oba sektory pprzygotowuj\u0105 si\u0119 do na przysz\u0142o\u015b\u0107.<\/p><\/div><\/div><div class=\"col-md-4\"><div class=\"box\"><div class=\"box-wrapper\"><a class=\"box-title\" href=\"https:\/\/www.capgemini.com\/pl-pl\/branze\/branza-motoryzacyjna\/\" target=\"\" aria-label=\"Bran\u017ca motoryzacyjna\" rel=\"noopener noreferrer\"><div class=\"box-img-wrapper\"><img decoding=\"async\" src=\"https:\/\/www.capgemini.com\/wp-content\/uploads\/2020\/04\/Capgemini_Research_COVID-19-AND-THE-AUTOMOTIVE-CONSUMER.jpg?w=500&amp;quality=70\" srcset=\"https:\/\/www.capgemini.com\/wp-content\/uploads\/2020\/04\/Capgemini_Research_COVID-19-AND-THE-AUTOMOTIVE-CONSUMER.jpg?w=500&amp;quality=70 1x, https:\/\/www.capgemini.com\/wp-content\/uploads\/2020\/04\/Capgemini_Research_COVID-19-AND-THE-AUTOMOTIVE-CONSUMER.jpg?w=1000&amp;quality=70 2x\" class=\"box-img\" alt=\"\" style=\"object-fit:cover;object-position:50% 50%\" loading=\"lazy\"\/><\/div><h3 class=\"titleWithoutLink_learnMore\">Bran\u017ca motoryzacyjna<\/h3><\/a><\/div><\/div><div class=\"box-inner\"><p class=\"box-desc\">Zmieniaj\u0105ce si\u0119 zachowania i oczekiwania klient\u00f3w, nowe przepisy, cyfryzacja i presja spo\u0142eczna na zr\u00f3wnowa\u017cony rozw\u00f3j wprowadzi\u0142y wiele nowych, czasami konkuruj\u0105cych ze sob\u0105 priorytet\u00f3w dla wszystkich firm z bran\u017cy motoryzacyjnej.<\/p><\/div><\/div><div class=\"col-md-4\"><div class=\"box\"><div class=\"box-wrapper\"><a class=\"box-title\" href=\"https:\/\/www.capgemini.com\/pl-pl\/branze\/produkcja\/branze\/produkcja\/produkcja-przemyslowa\" target=\"\" aria-label=\"Produkcja przemys\u0142owa\" rel=\"noopener noreferrer\"><div class=\"box-img-wrapper\"><img decoding=\"async\" src=\"https:\/\/www.capgemini.com\/pl-pl\/wp-content\/uploads\/sites\/27\/2022\/09\/Capgemini_industrial-manufacturing.jpg?w=500&amp;quality=70\" srcset=\"https:\/\/www.capgemini.com\/pl-pl\/wp-content\/uploads\/sites\/27\/2022\/09\/Capgemini_industrial-manufacturing.jpg?w=500&amp;quality=70 1x, https:\/\/www.capgemini.com\/pl-pl\/wp-content\/uploads\/sites\/27\/2022\/09\/Capgemini_industrial-manufacturing.jpg?w=1000&amp;quality=70 2x\" class=\"box-img\" alt=\"\" style=\"object-fit:cover;object-position:50% 50%\" loading=\"lazy\"\/><\/div><h3 class=\"titleWithoutLink_learnMore\">Produkcja przemys\u0142owa<\/h3><\/a><\/div><\/div><div class=\"box-inner\"><p class=\"box-desc\">Wspieramy przemys\u0142 wytw\u00f3rczy w utrzymaniu konkurencyjno\u015bci i innowacyjno\u015bci.<\/p><\/div><\/div><div class=\"col-md-4\"><div class=\"box\"><div class=\"box-wrapper\"><a class=\"box-title\" href=\"https:\/\/www.capgemini.com\/pl-pl\/branze\/nauki-przyrodnicze\/\" target=\"\" aria-label=\"Nauki przyrodnicze\" rel=\"noopener noreferrer\"><div class=\"box-img-wrapper\"><img decoding=\"async\" src=\"https:\/\/www.capgemini.com\/wp-content\/uploads\/2021\/01\/hero-life-d.png?w=500&amp;quality=70\" srcset=\"https:\/\/www.capgemini.com\/wp-content\/uploads\/2021\/01\/hero-life-d.png?w=500&amp;quality=70 1x, https:\/\/www.capgemini.com\/wp-content\/uploads\/2021\/01\/hero-life-d.png?w=1000&amp;quality=70 2x\" class=\"box-img\" alt=\"\" style=\"object-fit:cover;object-position:50% 50%\" loading=\"lazy\"\/><\/div><h3 class=\"titleWithoutLink_learnMore\">Nauki przyrodnicze<\/h3><\/a><\/div><\/div><div class=\"box-inner\"><p class=\"box-desc\">Organizacje z sektora nauk przyrodniczych stoj\u0105 przed wsp\u00f3lnym wyzwaniem: przyspieszeniem czasu realizacji projektu, w spos\u00f3b wyk\u0142adniczy i na du\u017c\u0105 skal\u0119. Aby sprosta\u0107 temu wyzwaniu, bran\u017ca musi wyj\u015b\u0107 poza prost\u0105 optymalizacj\u0119 proces\u00f3w i stopniowe zmiany, a zamiast tego przyj\u0105\u0107 \u015bmia\u0142\u0105 wizj\u0119 przysz\u0142o\u015bci.<\/p><\/div><\/div><div class=\"col-md-4\"><div class=\"box\"><div class=\"box-wrapper\"><a class=\"box-title\" href=\"https:\/\/www.capgemini.com\/pl-pl\/branze\/produkcja\/polprzewodniki\" target=\"\" aria-label=\"<a href=&quot;https:\/\/www.capgemini.com\/pl-pl\/branze\/produkcja\/polprzewodniki&quot;&gt;P\u00f3\u0142przewodniki<\/a&gt;\" rel=\"noopener noreferrer\"><div class=\"box-img-wrapper\"><img decoding=\"async\" src=\"https:\/\/www.capgemini.com\/pl-pl\/wp-content\/uploads\/sites\/27\/2023\/05\/Capgemini_Semiconductors.jpg?w=500&amp;quality=70\" srcset=\"https:\/\/www.capgemini.com\/pl-pl\/wp-content\/uploads\/sites\/27\/2023\/05\/Capgemini_Semiconductors.jpg?w=500&amp;quality=70 1x, https:\/\/www.capgemini.com\/pl-pl\/wp-content\/uploads\/sites\/27\/2023\/05\/Capgemini_Semiconductors.jpg?w=1000&amp;quality=70 2x\" class=\"box-img\" alt=\"\" style=\"object-fit:cover;object-position:50% 50%\" loading=\"lazy\"\/><\/div><h3 class=\"titleWithoutLink_learnMore\"><a href=\"https:\/\/www.capgemini.com\/pl-pl\/branze\/produkcja\/polprzewodniki\">P\u00f3\u0142przewodniki<\/a><\/h3><\/a><\/div><\/div><div class=\"box-inner\"><p class=\"box-desc\">Capgemini Engineering jest \u015bwiatowym liderem w zakresie us\u0142ug ER&amp;D zwi\u0105zanych z projektowaniem uk\u0142ad\u00f3w krzemowych. Wykorzystujemy ponad 16-letnie do\u015bwiadczenie w bran\u017cy, aby pom\u00f3c firmom z sektora p\u00f3\u0142przewodnik\u00f3w we wprowadzaniu na rynek uk\u0142ad\u00f3w scalonych.<\/p><\/div><\/div><div class=\"col-md-4\"><div class=\"box\"><div class=\"box-wrapper\"><a class=\"box-title\" href=\"https:\/\/www.capgemini.com\/industries\/railway\/\" target=\"_blank\" aria-label=\"Infrastruktura kolejowa i transport\" rel=\"noopener noreferrer\"><div class=\"box-img-wrapper\"><img decoding=\"async\" src=\"https:\/\/www.capgemini.com\/wp-content\/uploads\/2022\/04\/Capgemini_solutions_next-gen-railway-networks-1.jpg?w=500&amp;quality=70\" srcset=\"https:\/\/www.capgemini.com\/wp-content\/uploads\/2022\/04\/Capgemini_solutions_next-gen-railway-networks-1.jpg?w=500&amp;quality=70 1x, https:\/\/www.capgemini.com\/wp-content\/uploads\/2022\/04\/Capgemini_solutions_next-gen-railway-networks-1.jpg?w=1000&amp;quality=70 2x\" class=\"box-img\" alt=\"\" style=\"object-fit:cover;object-position:50% 50%\" loading=\"lazy\"\/><\/div><h3 class=\"titleWithoutLink_learnMore\">Infrastruktura kolejowa i transport<\/h3><\/a><\/div><\/div><div class=\"box-inner\"><p class=\"box-desc\">Szybka rozbudowa miast w po\u0142\u0105czeniu z przej\u015bciem na zr\u00f3wnowa\u017cony transport oznacza, \u017ce wzro\u015bnie zapotrzebowanie na sieci kolejowe \u0142\u0105cz\u0105ce g\u0142\u00f3wne miasta i zasilaj\u0105ce multimodalny transport lokalny.<\/p><\/div><\/div><\/div><\/div><\/section>\n","protected":false},"excerpt":{"rendered":"","protected":false},"author":118,"featured_media":0,"parent":506597,"menu_order":11,"comment_status":"closed","ping_status":"closed","template":"","meta":{"cg_dt_proposed_to":[8,18,5,30],"cg_seo_hreflang_relations":"[]","cg_seo_canonical_relation":"","cg_seo_hreflang_x_default_relation":"{\"uuid\":\"7b113f1d-4c80-4bd3-94c5-64dbffcc9c2f\",\"blogId\":\"\",\"domain\":\"\",\"sitePath\":\"\",\"postLink\":\"\",\"postId\":null,\"isSaved\":true,\"isCrossLink\":false,\"hasCrossLink\":false}","cg_dt_approved_content":true,"cg_dt_mandatory_content":false,"cg_dt_notes":"","cg_dg_source_changed":false,"cg_dt_link_disabled":true,"_yoast_wpseo_primary_brand":"","footnotes":"","featured_focal_points":"","partner_card_description":"","gsap_animation":0},"brand":[],"partner_type":[],"service":[],"industry":[],"partners":[],"page-type":[197],"content-group":[],"class_list":["post-656194","page","type-page","status-publish","hentry","page-type-industry"],"yoast_head":"<!-- This site is optimized with the Yoast SEO Premium plugin v22.8 (Yoast SEO v22.8) - https:\/\/yoast.com\/wordpress\/plugins\/seo\/ -->\n<title>Produkcja | Capgemini Polska<\/title>\n<meta name=\"description\" content=\"Wsp\u00f3\u0142pracujemy z naszymi klientami, aby po\u0142\u0105czy\u0107 technologi\u0119 cyfrow\u0105 z in\u017cynieri\u0105 z\u0142o\u017conych urz\u0105dze\u0144, pojazd\u00f3w i sprz\u0119tu.\" \/>\n<meta name=\"robots\" content=\"index, follow, max-snippet:-1, max-image-preview:large, max-video-preview:-1\" \/>\n<link rel=\"canonical\" href=\"https:\/\/www.capgemini.com\/pl-pl\/branze\/produkcja\/\" \/>\n<meta property=\"og:locale\" content=\"pl_PL\" \/>\n<meta property=\"og:type\" content=\"article\" \/>\n<meta property=\"og:title\" content=\"Produkcja\" \/>\n<meta property=\"og:description\" content=\"Wsp\u00f3\u0142pracujemy z naszymi klientami, aby po\u0142\u0105czy\u0107 technologi\u0119 cyfrow\u0105 z in\u017cynieri\u0105 z\u0142o\u017conych urz\u0105dze\u0144, pojazd\u00f3w i sprz\u0119tu.\" \/>\n<meta property=\"og:url\" content=\"https:\/\/www.capgemini.com\/pl-pl\/branze\/produkcja\/\" \/>\n<meta property=\"og:site_name\" content=\"Capgemini Poland\" \/>\n<meta property=\"article:modified_time\" content=\"2025-03-12T06:32:40+00:00\" \/>\n<meta property=\"og:image\" content=\"https:\/\/www.capgemini.com\/wp-content\/uploads\/2021\/03\/Capgemini-Industries-hero-banner.jpg\" \/>\n<meta name=\"twitter:card\" content=\"summary_large_image\" \/>\n<meta name=\"twitter:label1\" content=\"Est. reading time\" \/>\n\t<meta name=\"twitter:data1\" content=\"4 minutes\" \/>\n<script type=\"application\/ld+json\" class=\"yoast-schema-graph\">{\"@context\":\"https:\/\/schema.org\",\"@graph\":[{\"@type\":\"WebPage\",\"@id\":\"https:\/\/www.capgemini.com\/pl-pl\/branze\/produkcja\/\",\"url\":\"https:\/\/www.capgemini.com\/pl-pl\/branze\/produkcja\/\",\"name\":\"Produkcja | Capgemini Polska\",\"isPartOf\":{\"@id\":\"https:\/\/www.capgemini.com\/pl-pl\/#website\"},\"primaryImageOfPage\":{\"@id\":\"https:\/\/www.capgemini.com\/pl-pl\/branze\/produkcja\/#primaryimage\"},\"image\":{\"@id\":\"https:\/\/www.capgemini.com\/pl-pl\/branze\/produkcja\/#primaryimage\"},\"thumbnailUrl\":\"https:\/\/www.capgemini.com\/wp-content\/uploads\/2021\/03\/Capgemini-Industries-hero-banner.jpg\",\"datePublished\":\"2022-03-09T05:18:05+00:00\",\"dateModified\":\"2025-03-12T06:32:40+00:00\",\"description\":\"Wsp\u00f3\u0142pracujemy z naszymi klientami, aby po\u0142\u0105czy\u0107 technologi\u0119 cyfrow\u0105 z in\u017cynieri\u0105 z\u0142o\u017conych urz\u0105dze\u0144, pojazd\u00f3w i sprz\u0119tu.\",\"breadcrumb\":{\"@id\":\"https:\/\/www.capgemini.com\/pl-pl\/branze\/produkcja\/#breadcrumb\"},\"inLanguage\":\"pl-PL\",\"potentialAction\":[{\"@type\":\"ReadAction\",\"target\":[\"https:\/\/www.capgemini.com\/pl-pl\/branze\/produkcja\/\"]}]},{\"@type\":\"ImageObject\",\"inLanguage\":\"pl-PL\",\"@id\":\"https:\/\/www.capgemini.com\/pl-pl\/branze\/produkcja\/#primaryimage\",\"url\":\"https:\/\/www.capgemini.com\/wp-content\/uploads\/2021\/03\/Capgemini-Industries-hero-banner.jpg\",\"contentUrl\":\"https:\/\/www.capgemini.com\/wp-content\/uploads\/2021\/03\/Capgemini-Industries-hero-banner.jpg\"},{\"@type\":\"BreadcrumbList\",\"@id\":\"https:\/\/www.capgemini.com\/pl-pl\/branze\/produkcja\/#breadcrumb\",\"itemListElement\":[{\"@type\":\"ListItem\",\"position\":1,\"name\":\"Home\",\"item\":\"https:\/\/www.capgemini.com\/pl-pl\/\"},{\"@type\":\"ListItem\",\"position\":2,\"name\":\"Bran\u017ce\",\"item\":\"https:\/\/www.capgemini.com\/pl-pl\/branze\/\"},{\"@type\":\"ListItem\",\"position\":3,\"name\":\"Produkcja\"}]},{\"@type\":\"WebSite\",\"@id\":\"https:\/\/www.capgemini.com\/pl-pl\/#website\",\"url\":\"https:\/\/www.capgemini.com\/pl-pl\/\",\"name\":\"Capgemini Polska\",\"description\":\"Capgemini\",\"potentialAction\":[{\"@type\":\"SearchAction\",\"target\":{\"@type\":\"EntryPoint\",\"urlTemplate\":\"https:\/\/www.capgemini.com\/pl-pl\/?s={search_term_string}\"},\"query-input\":\"required name=search_term_string\"}],\"inLanguage\":\"pl-PL\"}]}<\/script>\n<!-- \/ Yoast SEO Premium plugin. -->","yoast_head_json":{"title":"Produkcja | Capgemini Polska","description":"Wsp\u00f3\u0142pracujemy z naszymi klientami, aby po\u0142\u0105czy\u0107 technologi\u0119 cyfrow\u0105 z in\u017cynieri\u0105 z\u0142o\u017conych urz\u0105dze\u0144, pojazd\u00f3w i sprz\u0119tu.","robots":{"index":"index","follow":"follow","max-snippet":"max-snippet:-1","max-image-preview":"max-image-preview:large","max-video-preview":"max-video-preview:-1"},"canonical":"https:\/\/www.capgemini.com\/pl-pl\/branze\/produkcja\/","og_locale":"pl_PL","og_type":"article","og_title":"Produkcja","og_description":"Wsp\u00f3\u0142pracujemy z naszymi klientami, aby po\u0142\u0105czy\u0107 technologi\u0119 cyfrow\u0105 z in\u017cynieri\u0105 z\u0142o\u017conych urz\u0105dze\u0144, pojazd\u00f3w i sprz\u0119tu.","og_url":"https:\/\/www.capgemini.com\/pl-pl\/branze\/produkcja\/","og_site_name":"Capgemini Poland","article_modified_time":"2025-03-12T06:32:40+00:00","og_image":[{"url":"https:\/\/www.capgemini.com\/wp-content\/uploads\/2021\/03\/Capgemini-Industries-hero-banner.jpg"}],"twitter_card":"summary_large_image","twitter_misc":{"Est. reading time":"4 minutes"},"schema":{"@context":"https:\/\/schema.org","@graph":[{"@type":"WebPage","@id":"https:\/\/www.capgemini.com\/pl-pl\/branze\/produkcja\/","url":"https:\/\/www.capgemini.com\/pl-pl\/branze\/produkcja\/","name":"Produkcja | Capgemini Polska","isPartOf":{"@id":"https:\/\/www.capgemini.com\/pl-pl\/#website"},"primaryImageOfPage":{"@id":"https:\/\/www.capgemini.com\/pl-pl\/branze\/produkcja\/#primaryimage"},"image":{"@id":"https:\/\/www.capgemini.com\/pl-pl\/branze\/produkcja\/#primaryimage"},"thumbnailUrl":"https:\/\/www.capgemini.com\/wp-content\/uploads\/2021\/03\/Capgemini-Industries-hero-banner.jpg","datePublished":"2022-03-09T05:18:05+00:00","dateModified":"2025-03-12T06:32:40+00:00","description":"Wsp\u00f3\u0142pracujemy z naszymi klientami, aby po\u0142\u0105czy\u0107 technologi\u0119 cyfrow\u0105 z in\u017cynieri\u0105 z\u0142o\u017conych urz\u0105dze\u0144, pojazd\u00f3w i sprz\u0119tu.","breadcrumb":{"@id":"https:\/\/www.capgemini.com\/pl-pl\/branze\/produkcja\/#breadcrumb"},"inLanguage":"pl-PL","potentialAction":[{"@type":"ReadAction","target":["https:\/\/www.capgemini.com\/pl-pl\/branze\/produkcja\/"]}]},{"@type":"ImageObject","inLanguage":"pl-PL","@id":"https:\/\/www.capgemini.com\/pl-pl\/branze\/produkcja\/#primaryimage","url":"https:\/\/www.capgemini.com\/wp-content\/uploads\/2021\/03\/Capgemini-Industries-hero-banner.jpg","contentUrl":"https:\/\/www.capgemini.com\/wp-content\/uploads\/2021\/03\/Capgemini-Industries-hero-banner.jpg"},{"@type":"BreadcrumbList","@id":"https:\/\/www.capgemini.com\/pl-pl\/branze\/produkcja\/#breadcrumb","itemListElement":[{"@type":"ListItem","position":1,"name":"Home","item":"https:\/\/www.capgemini.com\/pl-pl\/"},{"@type":"ListItem","position":2,"name":"Bran\u017ce","item":"https:\/\/www.capgemini.com\/pl-pl\/branze\/"},{"@type":"ListItem","position":3,"name":"Produkcja"}]},{"@type":"WebSite","@id":"https:\/\/www.capgemini.com\/pl-pl\/#website","url":"https:\/\/www.capgemini.com\/pl-pl\/","name":"Capgemini Polska","description":"Capgemini","potentialAction":[{"@type":"SearchAction","target":{"@type":"EntryPoint","urlTemplate":"https:\/\/www.capgemini.com\/pl-pl\/?s={search_term_string}"},"query-input":"required name=search_term_string"}],"inLanguage":"pl-PL"}]}},"brand_term":[],"parsely":{"version":"1.1.0","canonical_url":"https:\/\/capgemini.com\/pl-pl\/branze\/produkcja\/","smart_links":{"inbound":0,"outbound":0},"traffic_boost_suggestions_count":0,"meta":{"@context":"https:\/\/schema.org","@type":"WebPage","headline":"Produkcja","url":"https:\/\/www.capgemini.com\/pl-pl\/branze\/produkcja\/","mainEntityOfPage":{"@type":"WebPage","@id":"https:\/\/www.capgemini.com\/pl-pl\/branze\/produkcja\/"},"thumbnailUrl":"","image":{"@type":"ImageObject","url":""},"articleSection":"Uncategorized","author":[],"creator":[],"publisher":{"@type":"Organization","name":"Capgemini Poland","logo":""},"keywords":[],"dateCreated":"2022-03-09T05:18:05Z","datePublished":"2022-03-09T05:18:05Z","dateModified":"2025-03-12T06:32:40Z"},"rendered":"<meta name=\"parsely-title\" content=\"Produkcja\" \/>\n<meta name=\"parsely-link\" content=\"https:\/\/www.capgemini.com\/pl-pl\/branze\/produkcja\/\" \/>\n<meta name=\"parsely-type\" content=\"index\" \/>\n<meta name=\"parsely-pub-date\" content=\"2022-03-09T05:18:05Z\" \/>\n<meta name=\"parsely-section\" content=\"Uncategorized\" \/>","tracker_url":"https:\/\/cdn.parsely.com\/keys\/capgemini.com\/p.js"},"archive_status":false,"featured_image_src":"https:\/\/www.capgemini.com\/pl-pl\/wp-content\/themes\/capgemini2025\/assets\/images\/mockup.png","featured_image_alt":false,"jetpack_sharing_enabled":true,"distributor_meta":false,"distributor_terms":false,"distributor_media":false,"distributor_original_site_name":"Capgemini Poland","distributor_original_site_url":"https:\/\/www.capgemini.com\/pl-pl","push-errors":false,"_links":{"self":[{"href":"https:\/\/www.capgemini.com\/pl-pl\/wp-json\/wp\/v2\/pages\/656194","targetHints":{"allow":["GET"]}}],"collection":[{"href":"https:\/\/www.capgemini.com\/pl-pl\/wp-json\/wp\/v2\/pages"}],"about":[{"href":"https:\/\/www.capgemini.com\/pl-pl\/wp-json\/wp\/v2\/types\/page"}],"author":[{"embeddable":true,"href":"https:\/\/www.capgemini.com\/pl-pl\/wp-json\/wp\/v2\/users\/118"}],"replies":[{"embeddable":true,"href":"https:\/\/www.capgemini.com\/pl-pl\/wp-json\/wp\/v2\/comments?post=656194"}],"version-history":[{"count":9,"href":"https:\/\/www.capgemini.com\/pl-pl\/wp-json\/wp\/v2\/pages\/656194\/revisions"}],"predecessor-version":[{"id":909269,"href":"https:\/\/www.capgemini.com\/pl-pl\/wp-json\/wp\/v2\/pages\/656194\/revisions\/909269"}],"up":[{"embeddable":true,"href":"https:\/\/www.capgemini.com\/pl-pl\/wp-json\/wp\/v2\/pages\/506597"}],"wp:attachment":[{"href":"https:\/\/www.capgemini.com\/pl-pl\/wp-json\/wp\/v2\/media?parent=656194"}],"wp:term":[{"taxonomy":"brand","embeddable":true,"href":"https:\/\/www.capgemini.com\/pl-pl\/wp-json\/wp\/v2\/brand?post=656194"},{"taxonomy":"partner_type","embeddable":true,"href":"https:\/\/www.capgemini.com\/pl-pl\/wp-json\/wp\/v2\/partner_type?post=656194"},{"taxonomy":"service","embeddable":true,"href":"https:\/\/www.capgemini.com\/pl-pl\/wp-json\/wp\/v2\/service?post=656194"},{"taxonomy":"industry","embeddable":true,"href":"https:\/\/www.capgemini.com\/pl-pl\/wp-json\/wp\/v2\/industry?post=656194"},{"taxonomy":"partners","embeddable":true,"href":"https:\/\/www.capgemini.com\/pl-pl\/wp-json\/wp\/v2\/partners?post=656194"},{"taxonomy":"page-type","embeddable":true,"href":"https:\/\/www.capgemini.com\/pl-pl\/wp-json\/wp\/v2\/page-type?post=656194"},{"taxonomy":"content-group","embeddable":true,"href":"https:\/\/www.capgemini.com\/pl-pl\/wp-json\/wp\/v2\/content-group?post=656194"}],"curies":[{"name":"wp","href":"https:\/\/api.w.org\/{rel}","templated":true}]}}