{"id":650171,"date":"2022-02-10T06:53:31","date_gmt":"2022-02-10T06:53:31","guid":{"rendered":"https:\/\/www.capgemini.com\/?page_id=650171"},"modified":"2025-03-10T13:51:06","modified_gmt":"2025-03-10T13:51:06","slug":"650171-2","status":"publish","type":"page","link":"https:\/\/www.capgemini.com\/pl-pl\/kariera\/poznaj-nasz-zespol\/","title":{"rendered":"Poznaj nasz zesp\u00f3\u0142"},"content":{"rendered":"\n<div class=\"wp-block-cg-blocks-hero-picture-card undefined  heroPictureCard\"><div class=\"heroPictureCardBgs\"><picture><source srcset=\"https:\/\/www.capgemini.com\/pl-pl\/wp-content\/uploads\/sites\/27\/2023\/01\/3_-2.png?w=2880&amp;quality=70 1x, https:\/\/www.capgemini.com\/pl-pl\/wp-content\/uploads\/sites\/27\/2023\/01\/3_-2.png?w=2880&amp;quality=70 2x\" media=\"(min-width: 1500px)\"\/><source srcset=\"https:\/\/www.capgemini.com\/pl-pl\/wp-content\/uploads\/sites\/27\/2023\/01\/3_-2.png?w=1440&amp;quality=70 1x, https:\/\/www.capgemini.com\/pl-pl\/wp-content\/uploads\/sites\/27\/2023\/01\/3_-2.png?w=2880&amp;quality=70 2x\" media=\"(min-width: 992px)\"\/><source srcset=\"https:\/\/www.capgemini.com\/pl-pl\/wp-content\/uploads\/sites\/27\/2023\/01\/3_-2.png?w=1024&amp;quality=70 1x, https:\/\/www.capgemini.com\/pl-pl\/wp-content\/uploads\/sites\/27\/2023\/01\/3_-2.png?w=1024&amp;quality=70 2x\" media=\"(min-width: 768px)\"\/><source srcset=\"https:\/\/www.capgemini.com\/pl-pl\/wp-content\/uploads\/sites\/27\/2023\/01\/3_-2.png?w=768&amp;quality=70 1x, https:\/\/www.capgemini.com\/pl-pl\/wp-content\/uploads\/sites\/27\/2023\/01\/3_-2.png?w=768&amp;quality=70 2x\" media=\"(min-width: 0)\"\/><img decoding=\"async\" src=\"https:\/\/www.capgemini.com\/pl-pl\/wp-content\/uploads\/sites\/27\/2023\/01\/3_-2.png\" class=\"desktopImage\" alt=\"\" style=\"object-fit:cover;object-position:40% 14.000000000000002%\" loading=\"eager\"\/><\/picture><picture><source srcset=\"https:\/\/www.capgemini.com\/pl-pl\/wp-content\/uploads\/sites\/27\/2023\/01\/3_-2.png?w=2880&amp;quality=70 1x, https:\/\/www.capgemini.com\/pl-pl\/wp-content\/uploads\/sites\/27\/2023\/01\/3_-2.png?w=2880&amp;quality=70 2x\" media=\"(min-width: 1500px)\"\/><source srcset=\"https:\/\/www.capgemini.com\/pl-pl\/wp-content\/uploads\/sites\/27\/2023\/01\/3_-2.png?w=1440&amp;quality=70 1x, https:\/\/www.capgemini.com\/pl-pl\/wp-content\/uploads\/sites\/27\/2023\/01\/3_-2.png?w=2880&amp;quality=70 2x\" media=\"(min-width: 992px)\"\/><source srcset=\"https:\/\/www.capgemini.com\/pl-pl\/wp-content\/uploads\/sites\/27\/2023\/01\/3_-2.png?w=1024&amp;quality=70 1x, https:\/\/www.capgemini.com\/pl-pl\/wp-content\/uploads\/sites\/27\/2023\/01\/3_-2.png?w=1024&amp;quality=70 2x\" media=\"(min-width: 768px)\"\/><source srcset=\"https:\/\/www.capgemini.com\/pl-pl\/wp-content\/uploads\/sites\/27\/2023\/01\/3_-2.png?w=768&amp;quality=70 1x, https:\/\/www.capgemini.com\/pl-pl\/wp-content\/uploads\/sites\/27\/2023\/01\/3_-2.png?w=768&amp;quality=70 2x\" media=\"(min-width: 0)\"\/><img decoding=\"async\" src=\"https:\/\/www.capgemini.com\/pl-pl\/wp-content\/uploads\/sites\/27\/2023\/01\/3_-2.png\" class=\"mobileImage\" alt=\"\" style=\"object-fit:cover;object-position:40% 14.000000000000002%\" loading=\"eager\"\/><\/picture><\/div><div class=\"heroPictureCardHeaderShape\"><\/div><div class=\"container\"><div class=\"row\"><div class=\"col-md-8 col-lg-6\"><div class=\"heroPictureCardBox\"><div class=\"heroPictureCardBoxTitle\"><h1 data-maxlength=\"144\">Poznaj nasz zesp\u00f3\u0142<\/h1><\/div><\/div><\/div><\/div><\/div><div class=\"small-device\"><div class=\"brandLogoWrapper\"> <\/div><\/div><\/div>\n\n\n\n<section class=\"wp-block-cg-blocks-intro-para undefined section section--intro\"><div class=\"intro-para\"><div class=\"container\"><div class=\"row\"><div class=\"col-12 col-md-11 col-lg-10\"><h2 class=\"intro-para-title\">Co w Capgemini znaczy has\u0142o \u201eGet the future you want\u201d? Poznaj historie os\u00f3b, kt\u00f3re tworz\u0105 nasz\u0105 firm\u0119. <\/h2><\/div><\/div><\/div><\/div><\/section>\n\n\n<section class=\"section section--grey-boxes section--testimonial-boxes archive-pages\">\n\n\t<div class=\"container\">\n\n\t\t<div class=\"filters filters--vertical\" data-max=\"10\">\n\n\t\t\t<!-- filterStart -->\n\t\t\t<div class=\"filter-container\">\n\t\t\t\t<div class=\"filters-selects-label\" tabindex=\"0\" role=\"button\" aria-pressed=\"false\" aria-expanded=\"false\">\n\t\t\t\t\t<span class=\"d-none d-md-inline\">Filtry<\/span>\n\t\t\t\t\t<span class=\"d-inline d-md-none\">Filtrowanie wynik\u00f3w<\/span>\n\t\t\t\t<\/div>\n\n\t\t\t\t<div class=\"filters-selects-list\">\n\n\t\t\t\t\t<!-- filterDropdownGradeStart -->\n\t\t\t\t\t<div class=\"filters-selects-box\">\n\t\t\t\t\t\t<select aria-label=\"Do\u015bwiadczenie dropdown\"\n\t\t\t\t\t\t        placeholder=\"Do\u015bwiadczenie\" class=\"js-filter js-with-select2\"\n\t\t\t\t\t\t        name=\"grade\" id=\"select_et_grade\" multiple data-filter-select=\"0\">\n\t\t\t\t\t\t\t<option id=\"et-filter-options-first\" value=\"executives\" >Executives (20) <\/option><option id=\"et-filter-options-first\" value=\"experienced-proffesionals\" >Experienced professionals (63) <\/option><option id=\"et-filter-options-first\" value=\"students-and-graduates\" >Students and graduates (5) <\/option>\n\t\t\t\t\t\t<\/select>\n\t\t\t\t\t<\/div>\n\t\t\t\t\t<!-- filterDropdownGradeEnd -->\n\n\t\t\t\t\t<!-- filterDropdownJobFamilyStart -->\n\t\t\t\t\t<div class=\"filters-selects-box\">\n\t\t\t\t\t\t<select aria-label=\"Obszar dropdown\"\n\t\t\t\t\t\t        placeholder=\"Obszar\" class=\"js-filter js-with-select2\"\n\t\t\t\t\t\t        name=\"job_family\" id=\"select_et_job_family\" multiple data-filter-select=\"1\">\n\t\t\t\t\t\t\t<option id=\"et-filter-options-first\" value=\"administrative-support\" >Administrative support (1) <\/option><option id=\"et-filter-options-first\" value=\"architecture\" >Architecture (5) <\/option><option id=\"et-filter-options-first\" value=\"business-analysis\" >Business analysis (12) <\/option><option id=\"et-filter-options-first\" value=\"business-risk-management\" >Business risk management (2) <\/option><option id=\"et-filter-options-first\" value=\"cloud-infrastructure-management\" >Cloud infrastructure management (7) <\/option><option id=\"et-filter-options-first\" value=\"content-marketing\" >Content Marketing (1) <\/option><option id=\"et-filter-options-first\" value=\"creative-and-design\" >Creative and design (5) <\/option><option id=\"et-filter-options-first\" value=\"data-and-ai\" >Data and AI (4) <\/option><option id=\"et-filter-options-first\" value=\"delivery-excellence\" >Delivery excellence (26) <\/option><option id=\"et-filter-options-first\" value=\"human-resources\" >Human resources (2) <\/option><option id=\"et-filter-options-first\" value=\"marketing-and-communications\" >Marketing and Communications (3) <\/option><option id=\"et-filter-options-first\" value=\"portfolio-and-product-management\" >Portfolio and product management (4) <\/option><option id=\"et-filter-options-first\" value=\"procurement\" >Procurement (3) <\/option><option id=\"et-filter-options-first\" value=\"products-and-systems-engineering\" >Products and systems engineering (4) <\/option><option id=\"et-filter-options-first\" value=\"quality-engineering-and-testing\" >Quality engineering and testing (4) <\/option><option id=\"et-filter-options-first\" value=\"saas-solutions\" >SAAS Solutions (1) <\/option><option id=\"et-filter-options-first\" value=\"software-engineering\" >Software engineering (17) <\/option><option id=\"et-filter-options-first\" value=\"strategy-and-transformation\" >Strategy and Transformation (16) <\/option><option id=\"et-filter-options-first\" value=\"workplace-management\" >Workplace Management (5) <\/option>\n\t\t\t\t\t\t<\/select>\n\t\t\t\t\t<\/div>\n\t\t\t\t\t<!-- filterDropdownJobFamilyEnd -->\n\n\t\t\t\t\t<!-- filterDropdownCountryStart --><!-- filterDropdownCountryEnd -->\n\n\t\t\t\t\t<!-- filterDropdownBrandStart -->\n\t\t\t\t\t<div class=\"filters-selects-box\">\n\t\t\t\t\t\t<select aria-label=\"Marka dropdown\"\n\t\t\t\t\t\t        placeholder=\"Marka\" class=\"js-filter js-with-select2\"\n\t\t\t\t\t\t        name=\"brand\" id=\"select_et_brand\" multiple data-filter-select=\"3\">\n\t\t\t\t\t\t\t<option id=\"et-filter-options-first\" value=\"capgemini\" >Capgemini (72) <\/option><option id=\"et-filter-options-first\" value=\"capgemini-engineering\" >Capgemini Engineering (8) <\/option><option id=\"et-filter-options-first\" value=\"capgemini-invent\" >Capgemini Invent (4) <\/option><option id=\"et-filter-options-first\" value=\"frog\"  disabled>frog (0) <\/option>\n\t\t\t\t\t\t<\/select>\n\t\t\t\t\t<\/div>\n\t\t\t\t\t<!-- filterDropdownBrandEnd -->\n\n\t\t\t\t\t<!-- filterDropdownIndustryStart --><!-- filterDropdownIndustryEnd -->\n\n\t\t\t\t<\/div>\n\n\t\t\t\t<div class=\"filters-tags-wrapper\">\n\t\t\t\t\t<div class=\"filters-tags-list\"><\/div>\n\t\t\t\t\t<button class=\"filters-clear\">Wyczy\u015b\u0107 wszystko<\/button>\n\t\t\t\t<\/div>\n\t\t\t<\/div>\n\t\t\t<!-- filterEnd -->\n\n\t\t\t<div class=\"row\">\n\n\t\t\t\t<!-- Single Research & Insight REST Template -->\n\t\t\t\t<script id=\"search_result_item_template\" type=\"text\/template\">\n\n\t\t\t\t\t<div class=\"col-sm-12 col-md-6 col-lg-4 card-detail\">\n\n\t\t\t\t\t\t<div class=\"box\">\n\t\t\t\t\t\t\t{{ featuredimage }}\n\n\t\t\t\t\t\t\t<div class=\"box-inner\">\n\n\t\t\t\t\t\t\t\t<a class=\"box-title\" href=\"{{ url }}\"><h3 class=\"box-title__text archive-blogs-subtitle\">{{ title }}<\/h3><\/a>\n\n\t\t\t\t\t\t\t\t<p class=\"box-position\">{{ testimonialtitle }}<\/p>\n\n\t\t\t\t\t\t\t\t<p class=\"box-subtitle\">{{ excerpt }}<\/p>\n\n\t\t\t\t\t\t\t\t<div class=\"box-tags\"><\/div>\n\n\t\t\t\t\t\t\t<\/div>\n\n\t\t\t\t\t\t<\/div>\n\n\t\t\t\t\t<\/div>\n\n\t\t\t\t<\/script>\n\n\t\t\t<\/div>\n\n\t\t\t<div class=\"row filters-content filters-content-archive\" data-page=\"1\" data-type=\"employee-testimonial\"><\/div>\n\n\t\t\t<h3 class=\"js-no-results\">No results matching your search<\/h3>\n\n\t\t\t<div class=\"slider-bottom filters-pagination\"><\/div>\n\n\t\t<\/div>\n\n\t<\/div>\n\n<\/section>\n\n","protected":false},"excerpt":{"rendered":"","protected":false},"author":120,"featured_media":0,"parent":515050,"menu_order":0,"comment_status":"closed","ping_status":"closed","template":"","meta":{"cg_dt_proposed_to":[8,18,5,30,8,18,5,30],"cg_seo_hreflang_relations":"[]","cg_seo_canonical_relation":"","cg_seo_hreflang_x_default_relation":"{\"uuid\":\"c1ef397b-eeca-4682-84d1-b11e9d4fe23a\",\"blogId\":\"\",\"domain\":\"\",\"sitePath\":\"\",\"postLink\":\"\",\"postId\":null,\"isSaved\":true,\"isCrossLink\":false,\"hasCrossLink\":false}","cg_dt_approved_content":true,"cg_dt_mandatory_content":false,"cg_dt_notes":"","cg_dg_source_changed":false,"cg_dt_link_disabled":true,"_yoast_wpseo_primary_brand":"","footnotes":"","featured_focal_points":"","partner_card_description":"","gsap_animation":0},"brand":[],"partner_type":[],"service":[],"industry":[],"partners":[],"page-type":[161],"content-group":[],"class_list":["post-650171","page","type-page","status-publish","hentry","page-type-careers"],"yoast_head":"<!-- This site is optimized with the Yoast SEO Premium plugin v22.8 (Yoast SEO v22.8) - https:\/\/yoast.com\/wordpress\/plugins\/seo\/ -->\n<title>Poznaj nasz zesp\u00f3\u0142 | Capgemini Polska<\/title>\n<meta name=\"description\" content=\"Co w Capgemini znaczy has\u0142o \u201eGet the Future you Want\u201d? Poznaj historie os\u00f3b, kt\u00f3re tworz\u0105 nasza firm\u0119.\" \/>\n<meta name=\"robots\" content=\"index, follow, max-snippet:-1, max-image-preview:large, max-video-preview:-1\" \/>\n<link rel=\"canonical\" href=\"https:\/\/www.capgemini.com\/pl-pl\/kariera\/poznaj-nasz-zespol\/\" \/>\n<meta property=\"og:locale\" content=\"pl_PL\" \/>\n<meta property=\"og:type\" content=\"article\" \/>\n<meta property=\"og:title\" content=\"Poznaj nasz zesp\u00f3\u0142\" \/>\n<meta property=\"og:description\" content=\"Co w Capgemini znaczy has\u0142o \u201eGet the Future you Want\u201d? Poznaj historie os\u00f3b, kt\u00f3re tworz\u0105 nasza firm\u0119.\" \/>\n<meta property=\"og:url\" content=\"https:\/\/www.capgemini.com\/pl-pl\/kariera\/poznaj-nasz-zespol\/\" \/>\n<meta property=\"og:site_name\" content=\"Capgemini Poland\" \/>\n<meta property=\"article:modified_time\" content=\"2025-03-10T13:51:06+00:00\" \/>\n<meta property=\"og:image\" content=\"https:\/\/www.capgemini.com\/pl-pl\/wp-content\/uploads\/sites\/27\/2023\/01\/3_-2.png\" \/>\n<meta name=\"twitter:card\" content=\"summary_large_image\" \/>\n<meta name=\"twitter:label1\" content=\"Est. reading time\" \/>\n\t<meta name=\"twitter:data1\" content=\"1 minute\" \/>\n<script type=\"application\/ld+json\" class=\"yoast-schema-graph\">{\"@context\":\"https:\/\/schema.org\",\"@graph\":[{\"@type\":\"WebPage\",\"@id\":\"https:\/\/www.capgemini.com\/pl-pl\/kariera\/poznaj-nasz-zespol\/\",\"url\":\"https:\/\/www.capgemini.com\/pl-pl\/kariera\/poznaj-nasz-zespol\/\",\"name\":\"Poznaj nasz zesp\u00f3\u0142 | Capgemini Polska\",\"isPartOf\":{\"@id\":\"https:\/\/www.capgemini.com\/pl-pl\/#website\"},\"primaryImageOfPage\":{\"@id\":\"https:\/\/www.capgemini.com\/pl-pl\/kariera\/poznaj-nasz-zespol\/#primaryimage\"},\"image\":{\"@id\":\"https:\/\/www.capgemini.com\/pl-pl\/kariera\/poznaj-nasz-zespol\/#primaryimage\"},\"thumbnailUrl\":\"https:\/\/www.capgemini.com\/pl-pl\/wp-content\/uploads\/sites\/27\/2023\/01\/3_-2.png\",\"datePublished\":\"2022-02-10T06:53:31+00:00\",\"dateModified\":\"2025-03-10T13:51:06+00:00\",\"description\":\"Co w Capgemini znaczy has\u0142o \u201eGet the Future you Want\u201d? Poznaj historie os\u00f3b, kt\u00f3re tworz\u0105 nasza firm\u0119.\",\"breadcrumb\":{\"@id\":\"https:\/\/www.capgemini.com\/pl-pl\/kariera\/poznaj-nasz-zespol\/#breadcrumb\"},\"inLanguage\":\"pl-PL\",\"potentialAction\":[{\"@type\":\"ReadAction\",\"target\":[\"https:\/\/www.capgemini.com\/pl-pl\/kariera\/poznaj-nasz-zespol\/\"]}]},{\"@type\":\"ImageObject\",\"inLanguage\":\"pl-PL\",\"@id\":\"https:\/\/www.capgemini.com\/pl-pl\/kariera\/poznaj-nasz-zespol\/#primaryimage\",\"url\":\"https:\/\/www.capgemini.com\/pl-pl\/wp-content\/uploads\/sites\/27\/2023\/01\/3_-2.png\",\"contentUrl\":\"https:\/\/www.capgemini.com\/pl-pl\/wp-content\/uploads\/sites\/27\/2023\/01\/3_-2.png\"},{\"@type\":\"BreadcrumbList\",\"@id\":\"https:\/\/www.capgemini.com\/pl-pl\/kariera\/poznaj-nasz-zespol\/#breadcrumb\",\"itemListElement\":[{\"@type\":\"ListItem\",\"position\":1,\"name\":\"Home\",\"item\":\"https:\/\/www.capgemini.com\/pl-pl\/\"},{\"@type\":\"ListItem\",\"position\":2,\"name\":\"Kariera\",\"item\":\"https:\/\/www.capgemini.com\/pl-pl\/kariera\/\"},{\"@type\":\"ListItem\",\"position\":3,\"name\":\"Poznaj nasz zesp\u00f3\u0142\"}]},{\"@type\":\"WebSite\",\"@id\":\"https:\/\/www.capgemini.com\/pl-pl\/#website\",\"url\":\"https:\/\/www.capgemini.com\/pl-pl\/\",\"name\":\"Capgemini Polska\",\"description\":\"Capgemini\",\"potentialAction\":[{\"@type\":\"SearchAction\",\"target\":{\"@type\":\"EntryPoint\",\"urlTemplate\":\"https:\/\/www.capgemini.com\/pl-pl\/?s={search_term_string}\"},\"query-input\":\"required name=search_term_string\"}],\"inLanguage\":\"pl-PL\"}]}<\/script>\n<!-- \/ Yoast SEO Premium plugin. -->","yoast_head_json":{"title":"Poznaj nasz zesp\u00f3\u0142 | Capgemini Polska","description":"Co w Capgemini znaczy has\u0142o \u201eGet the Future you Want\u201d? Poznaj historie os\u00f3b, kt\u00f3re tworz\u0105 nasza firm\u0119.","robots":{"index":"index","follow":"follow","max-snippet":"max-snippet:-1","max-image-preview":"max-image-preview:large","max-video-preview":"max-video-preview:-1"},"canonical":"https:\/\/www.capgemini.com\/pl-pl\/kariera\/poznaj-nasz-zespol\/","og_locale":"pl_PL","og_type":"article","og_title":"Poznaj nasz zesp\u00f3\u0142","og_description":"Co w Capgemini znaczy has\u0142o \u201eGet the Future you Want\u201d? Poznaj historie os\u00f3b, kt\u00f3re tworz\u0105 nasza firm\u0119.","og_url":"https:\/\/www.capgemini.com\/pl-pl\/kariera\/poznaj-nasz-zespol\/","og_site_name":"Capgemini Poland","article_modified_time":"2025-03-10T13:51:06+00:00","og_image":[{"url":"https:\/\/www.capgemini.com\/pl-pl\/wp-content\/uploads\/sites\/27\/2023\/01\/3_-2.png"}],"twitter_card":"summary_large_image","twitter_misc":{"Est. reading time":"1 minute"},"schema":{"@context":"https:\/\/schema.org","@graph":[{"@type":"WebPage","@id":"https:\/\/www.capgemini.com\/pl-pl\/kariera\/poznaj-nasz-zespol\/","url":"https:\/\/www.capgemini.com\/pl-pl\/kariera\/poznaj-nasz-zespol\/","name":"Poznaj nasz zesp\u00f3\u0142 | Capgemini Polska","isPartOf":{"@id":"https:\/\/www.capgemini.com\/pl-pl\/#website"},"primaryImageOfPage":{"@id":"https:\/\/www.capgemini.com\/pl-pl\/kariera\/poznaj-nasz-zespol\/#primaryimage"},"image":{"@id":"https:\/\/www.capgemini.com\/pl-pl\/kariera\/poznaj-nasz-zespol\/#primaryimage"},"thumbnailUrl":"https:\/\/www.capgemini.com\/pl-pl\/wp-content\/uploads\/sites\/27\/2023\/01\/3_-2.png","datePublished":"2022-02-10T06:53:31+00:00","dateModified":"2025-03-10T13:51:06+00:00","description":"Co w Capgemini znaczy has\u0142o \u201eGet the Future you Want\u201d? Poznaj historie os\u00f3b, kt\u00f3re tworz\u0105 nasza firm\u0119.","breadcrumb":{"@id":"https:\/\/www.capgemini.com\/pl-pl\/kariera\/poznaj-nasz-zespol\/#breadcrumb"},"inLanguage":"pl-PL","potentialAction":[{"@type":"ReadAction","target":["https:\/\/www.capgemini.com\/pl-pl\/kariera\/poznaj-nasz-zespol\/"]}]},{"@type":"ImageObject","inLanguage":"pl-PL","@id":"https:\/\/www.capgemini.com\/pl-pl\/kariera\/poznaj-nasz-zespol\/#primaryimage","url":"https:\/\/www.capgemini.com\/pl-pl\/wp-content\/uploads\/sites\/27\/2023\/01\/3_-2.png","contentUrl":"https:\/\/www.capgemini.com\/pl-pl\/wp-content\/uploads\/sites\/27\/2023\/01\/3_-2.png"},{"@type":"BreadcrumbList","@id":"https:\/\/www.capgemini.com\/pl-pl\/kariera\/poznaj-nasz-zespol\/#breadcrumb","itemListElement":[{"@type":"ListItem","position":1,"name":"Home","item":"https:\/\/www.capgemini.com\/pl-pl\/"},{"@type":"ListItem","position":2,"name":"Kariera","item":"https:\/\/www.capgemini.com\/pl-pl\/kariera\/"},{"@type":"ListItem","position":3,"name":"Poznaj nasz zesp\u00f3\u0142"}]},{"@type":"WebSite","@id":"https:\/\/www.capgemini.com\/pl-pl\/#website","url":"https:\/\/www.capgemini.com\/pl-pl\/","name":"Capgemini Polska","description":"Capgemini","potentialAction":[{"@type":"SearchAction","target":{"@type":"EntryPoint","urlTemplate":"https:\/\/www.capgemini.com\/pl-pl\/?s={search_term_string}"},"query-input":"required name=search_term_string"}],"inLanguage":"pl-PL"}]}},"brand_term":[],"parsely":{"version":"1.1.0","canonical_url":"https:\/\/capgemini.com\/pl-pl\/kariera\/poznaj-nasz-zespol\/","smart_links":{"inbound":0,"outbound":0},"traffic_boost_suggestions_count":0,"meta":{"@context":"https:\/\/schema.org","@type":"WebPage","headline":"Poznaj nasz zesp\u00f3\u0142","url":"https:\/\/www.capgemini.com\/pl-pl\/kariera\/poznaj-nasz-zespol\/","mainEntityOfPage":{"@type":"WebPage","@id":"https:\/\/www.capgemini.com\/pl-pl\/kariera\/poznaj-nasz-zespol\/"},"thumbnailUrl":"","image":{"@type":"ImageObject","url":""},"articleSection":"Uncategorized","author":[],"creator":[],"publisher":{"@type":"Organization","name":"Capgemini Poland","logo":""},"keywords":[],"dateCreated":"2022-02-10T06:53:31Z","datePublished":"2022-02-10T06:53:31Z","dateModified":"2025-03-10T13:51:06Z"},"rendered":"<meta name=\"parsely-title\" content=\"Poznaj nasz zesp\u00f3\u0142\" \/>\n<meta name=\"parsely-link\" content=\"https:\/\/www.capgemini.com\/pl-pl\/kariera\/poznaj-nasz-zespol\/\" \/>\n<meta name=\"parsely-type\" content=\"index\" \/>\n<meta name=\"parsely-pub-date\" content=\"2022-02-10T06:53:31Z\" \/>\n<meta name=\"parsely-section\" content=\"Uncategorized\" \/>","tracker_url":"https:\/\/cdn.parsely.com\/keys\/capgemini.com\/p.js"},"archive_status":false,"featured_image_src":"https:\/\/www.capgemini.com\/pl-pl\/wp-content\/themes\/capgemini2025\/assets\/images\/mockup.png","featured_image_alt":false,"jetpack_sharing_enabled":true,"distributor_meta":false,"distributor_terms":false,"distributor_media":false,"distributor_original_site_name":"Capgemini Poland","distributor_original_site_url":"https:\/\/www.capgemini.com\/pl-pl","push-errors":false,"_links":{"self":[{"href":"https:\/\/www.capgemini.com\/pl-pl\/wp-json\/wp\/v2\/pages\/650171","targetHints":{"allow":["GET"]}}],"collection":[{"href":"https:\/\/www.capgemini.com\/pl-pl\/wp-json\/wp\/v2\/pages"}],"about":[{"href":"https:\/\/www.capgemini.com\/pl-pl\/wp-json\/wp\/v2\/types\/page"}],"author":[{"embeddable":true,"href":"https:\/\/www.capgemini.com\/pl-pl\/wp-json\/wp\/v2\/users\/120"}],"replies":[{"embeddable":true,"href":"https:\/\/www.capgemini.com\/pl-pl\/wp-json\/wp\/v2\/comments?post=650171"}],"version-history":[{"count":9,"href":"https:\/\/www.capgemini.com\/pl-pl\/wp-json\/wp\/v2\/pages\/650171\/revisions"}],"predecessor-version":[{"id":908585,"href":"https:\/\/www.capgemini.com\/pl-pl\/wp-json\/wp\/v2\/pages\/650171\/revisions\/908585"}],"up":[{"embeddable":true,"href":"https:\/\/www.capgemini.com\/pl-pl\/wp-json\/wp\/v2\/pages\/515050"}],"wp:attachment":[{"href":"https:\/\/www.capgemini.com\/pl-pl\/wp-json\/wp\/v2\/media?parent=650171"}],"wp:term":[{"taxonomy":"brand","embeddable":true,"href":"https:\/\/www.capgemini.com\/pl-pl\/wp-json\/wp\/v2\/brand?post=650171"},{"taxonomy":"partner_type","embeddable":true,"href":"https:\/\/www.capgemini.com\/pl-pl\/wp-json\/wp\/v2\/partner_type?post=650171"},{"taxonomy":"service","embeddable":true,"href":"https:\/\/www.capgemini.com\/pl-pl\/wp-json\/wp\/v2\/service?post=650171"},{"taxonomy":"industry","embeddable":true,"href":"https:\/\/www.capgemini.com\/pl-pl\/wp-json\/wp\/v2\/industry?post=650171"},{"taxonomy":"partners","embeddable":true,"href":"https:\/\/www.capgemini.com\/pl-pl\/wp-json\/wp\/v2\/partners?post=650171"},{"taxonomy":"page-type","embeddable":true,"href":"https:\/\/www.capgemini.com\/pl-pl\/wp-json\/wp\/v2\/page-type?post=650171"},{"taxonomy":"content-group","embeddable":true,"href":"https:\/\/www.capgemini.com\/pl-pl\/wp-json\/wp\/v2\/content-group?post=650171"}],"curies":[{"name":"wp","href":"https:\/\/api.w.org\/{rel}","templated":true}]}}