{"id":642108,"date":"2022-01-10T06:44:28","date_gmt":"2022-01-10T06:44:28","guid":{"rendered":"https:\/\/www.capgemini.com\/?page_id=642108"},"modified":"2025-03-12T06:47:40","modified_gmt":"2025-03-12T06:47:40","slug":"supplier-standards-of-conduct","status":"publish","type":"page","link":"https:\/\/www.capgemini.com\/pl-pl\/o-nas\/zarzadzanie-lad-korporacyjny\/polityki\/kodeks-postepowania-dostawcow\/","title":{"rendered":"Kodeks post\u0119powania dostawc\u00f3w"},"content":{"rendered":"\n<header class=\"wp-block-cg-blocks-hero-reusable is-style-blue-line header heroReusable  \"><div class=\"header-bgs\"><\/div><div class=\"heroPictureCardHeaderShape\"><\/div><div class=\"container\"><div class=\"row\"><div class=\"col-md-12\"><div class=\"box\"><div class=\"boxTagWrapper\"><div class=\"tagInfo\"><div><span class=\"box-tag\">Policy<\/span><\/div><\/div><\/div><div class=\"box-title\"><h1 data-maxlength=\"34\">Kodeks post\u0119powania dostawc\u00f3w<\/h1><\/div><div class=\"inner-row-insight download-btn\"><div class=\"col-md-4 downloadFiles addPadding\"><a class=\"button-download--small\" type=\"download\" href=\"https:\/\/www.capgemini.com\/wp-content\/uploads\/2022\/01\/Capgemini_Supplier_Standards_of_Conduct.pdf\" target=\"_blank\" rel=\"noopener noreferrer\" title=\"otwiera si\u0119 w nowym oknie\"><span>Download standards (EN) <\/span><span class=\"type\">835 KB  pdf<\/span><\/a><\/div><\/div><\/div><\/div><\/div><\/div><\/header>\n\n\n\n<section class=\"wp-block-cg-blocks-group undefined section section--article-content\"><div class=\"article-main-content\"><div class=\"container\"><div class=\"row\"><div class=\"col-12 col-md-11 col-lg-10 offset-md-1 offset-lg-1\"><div class=\"article-text article-quote-text\">\n<h4 class=\"wp-block-heading\" id=\"h-nasz-kodeks-postepowania-dostawcow-okresla-minimalne-wymagania-jakie-grupa-capgemini-kieruje-w-stosunku-do-swoich-dostawcow-w-zakresie-spolecznej-odpowiedzialnosci-biznesu-etyki-i-przeciwdzialania-korupcji-zgodnosci-z-przepisami-i-standardow-relacji-biznesowych-nbsp\">Nasz Kodeks post\u0119powania dostawc\u00f3w okre\u015bla minimalne wymagania, jakie Grupa Capgemini kieruje w stosunku do swoich dostawc\u00f3w w zakresie spo\u0142ecznej odpowiedzialno\u015bci biznesu, etyki i przeciwdzia\u0142ania korupcji, zgodno\u015bci z przepisami i standard\u00f3w relacji biznesowych.&nbsp; <\/h4>\n\n\n\n<p>Przestrzegania niniejszego Kodeksu post\u0119powania oczekuje si\u0119 od wszystkich dostawc\u00f3w Capgemini \u2014 bez wyj\u0105tku, oraz niezale\u017cnie od rodzaju i warto\u015bci dzia\u0142a\u0144 biznesowych, kt\u00f3re wsp\u00f3lnie prowadzimy.&nbsp;<\/p>\n\n\n\n<p>Kodeks post\u0119powania zawiera zasady dotycz\u0105ce zgodno\u015bci z prawem mi\u0119dzynarodowym, krajowym i lokalnym, ochrony praw cz\u0142owieka i praw pracowniczych oraz tzw. wsp\u00f3\u0142czesnego niewolnictwa. Okre\u015bla r\u00f3wnie\u017c obowi\u0105zek naszych dostawc\u00f3w w zakresie prowadzenia dzia\u0142alno\u015bci z zachowaniem najwy\u017cszych standard\u00f3w uczciwo\u015bci, unikania wszelkich form korupcji, przekupstwa, wymusze\u0144 i malwersacji oraz nieuczciwych praktyk biznesowych.&nbsp;<\/p>\n<\/div><\/div><\/div><\/div><\/div><\/section>\n","protected":false},"excerpt":{"rendered":"","protected":false},"author":121,"featured_media":0,"parent":639065,"menu_order":10,"comment_status":"closed","ping_status":"closed","template":"","meta":{"cg_dt_proposed_to":[8,18,5,30,8,18,5,30],"cg_seo_hreflang_relations":"[]","cg_seo_canonical_relation":"","cg_seo_hreflang_x_default_relation":"{\"uuid\":\"7c29df29-69a2-4e26-bb1f-3b58e3b1cd8b\",\"blogId\":\"\",\"domain\":\"\",\"sitePath\":\"\",\"postLink\":\"\",\"postId\":null,\"isSaved\":true,\"isCrossLink\":false,\"hasCrossLink\":false}","cg_dt_approved_content":true,"cg_dt_mandatory_content":false,"cg_dt_notes":"","cg_dg_source_changed":false,"cg_dt_link_disabled":true,"_yoast_wpseo_primary_brand":"","footnotes":"","featured_focal_points":"","partner_card_description":"","gsap_animation":0},"brand":[],"partner_type":[],"service":[],"industry":[],"partners":[],"page-type":[],"content-group":[],"class_list":["post-642108","page","type-page","status-publish","hentry"],"yoast_head":"<!-- This site is optimized with the Yoast SEO Premium plugin v22.8 (Yoast SEO v22.8) - https:\/\/yoast.com\/wordpress\/plugins\/seo\/ -->\n<title>Supplier Standards of Conduct Policy | Management And Governance | Capgemini<\/title>\n<meta name=\"robots\" content=\"index, follow, max-snippet:-1, max-image-preview:large, max-video-preview:-1\" \/>\n<link rel=\"canonical\" href=\"https:\/\/www.capgemini.com\/pl-pl\/o-nas\/zarzadzanie-lad-korporacyjny\/polityki\/kodeks-postepowania-dostawcow\/\" \/>\n<meta property=\"og:locale\" content=\"pl_PL\" \/>\n<meta property=\"og:type\" content=\"article\" \/>\n<meta property=\"og:title\" content=\"Kodeks post\u0119powania dostawc\u00f3w\" \/>\n<meta property=\"og:url\" content=\"https:\/\/www.capgemini.com\/pl-pl\/o-nas\/zarzadzanie-lad-korporacyjny\/polityki\/kodeks-postepowania-dostawcow\/\" \/>\n<meta property=\"og:site_name\" content=\"Capgemini Poland\" \/>\n<meta property=\"article:modified_time\" content=\"2025-03-12T06:47:40+00:00\" \/>\n<meta property=\"og:image\" content=\"https:\/\/www.capgemini.com\/pl-pl\/wp-content\/uploads\/sites\/27\/2025\/10\/New-Web-preview-global.jpg\" \/>\n\t<meta property=\"og:image:width\" content=\"1200\" \/>\n\t<meta property=\"og:image:height\" content=\"627\" \/>\n\t<meta property=\"og:image:type\" content=\"image\/jpeg\" \/>\n<meta name=\"twitter:card\" content=\"summary_large_image\" \/>\n<meta name=\"twitter:label1\" content=\"Est. reading time\" \/>\n\t<meta name=\"twitter:data1\" content=\"1 minute\" \/>\n<script type=\"application\/ld+json\" class=\"yoast-schema-graph\">{\"@context\":\"https:\/\/schema.org\",\"@graph\":[{\"@type\":\"WebPage\",\"@id\":\"https:\/\/www.capgemini.com\/pl-pl\/o-nas\/zarzadzanie-lad-korporacyjny\/polityki\/kodeks-postepowania-dostawcow\/\",\"url\":\"https:\/\/www.capgemini.com\/pl-pl\/o-nas\/zarzadzanie-lad-korporacyjny\/polityki\/kodeks-postepowania-dostawcow\/\",\"name\":\"Supplier Standards of Conduct Policy | Management And Governance | Capgemini\",\"isPartOf\":{\"@id\":\"https:\/\/www.capgemini.com\/pl-pl\/#website\"},\"datePublished\":\"2022-01-10T06:44:28+00:00\",\"dateModified\":\"2025-03-12T06:47:40+00:00\",\"breadcrumb\":{\"@id\":\"https:\/\/www.capgemini.com\/pl-pl\/o-nas\/zarzadzanie-lad-korporacyjny\/polityki\/kodeks-postepowania-dostawcow\/#breadcrumb\"},\"inLanguage\":\"pl-PL\",\"potentialAction\":[{\"@type\":\"ReadAction\",\"target\":[\"https:\/\/www.capgemini.com\/pl-pl\/o-nas\/zarzadzanie-lad-korporacyjny\/polityki\/kodeks-postepowania-dostawcow\/\"]}]},{\"@type\":\"BreadcrumbList\",\"@id\":\"https:\/\/www.capgemini.com\/pl-pl\/o-nas\/zarzadzanie-lad-korporacyjny\/polityki\/kodeks-postepowania-dostawcow\/#breadcrumb\",\"itemListElement\":[{\"@type\":\"ListItem\",\"position\":1,\"name\":\"Home\",\"item\":\"https:\/\/www.capgemini.com\/pl-pl\/\"},{\"@type\":\"ListItem\",\"position\":2,\"name\":\"O nas\",\"item\":\"https:\/\/www.capgemini.com\/pl-pl\/o-nas\/\"},{\"@type\":\"ListItem\",\"position\":3,\"name\":\"Zarz\u0105dzanie i \u0142ad korporacyjny\",\"item\":\"https:\/\/www.capgemini.com\/pl-pl\/o-nas\/zarzadzanie-lad-korporacyjny\/\"},{\"@type\":\"ListItem\",\"position\":4,\"name\":\"Polityki\",\"item\":\"https:\/\/www.capgemini.com\/pl-pl\/o-nas\/zarzadzanie-lad-korporacyjny\/polityki\/\"},{\"@type\":\"ListItem\",\"position\":5,\"name\":\"Kodeks post\u0119powania dostawc\u00f3w\"}]},{\"@type\":\"WebSite\",\"@id\":\"https:\/\/www.capgemini.com\/pl-pl\/#website\",\"url\":\"https:\/\/www.capgemini.com\/pl-pl\/\",\"name\":\"Capgemini Polska\",\"description\":\"Capgemini\",\"potentialAction\":[{\"@type\":\"SearchAction\",\"target\":{\"@type\":\"EntryPoint\",\"urlTemplate\":\"https:\/\/www.capgemini.com\/pl-pl\/?s={search_term_string}\"},\"query-input\":\"required name=search_term_string\"}],\"inLanguage\":\"pl-PL\"}]}<\/script>\n<!-- \/ Yoast SEO Premium plugin. -->","yoast_head_json":{"title":"Supplier Standards of Conduct Policy | Management And Governance | Capgemini","robots":{"index":"index","follow":"follow","max-snippet":"max-snippet:-1","max-image-preview":"max-image-preview:large","max-video-preview":"max-video-preview:-1"},"canonical":"https:\/\/www.capgemini.com\/pl-pl\/o-nas\/zarzadzanie-lad-korporacyjny\/polityki\/kodeks-postepowania-dostawcow\/","og_locale":"pl_PL","og_type":"article","og_title":"Kodeks post\u0119powania dostawc\u00f3w","og_url":"https:\/\/www.capgemini.com\/pl-pl\/o-nas\/zarzadzanie-lad-korporacyjny\/polityki\/kodeks-postepowania-dostawcow\/","og_site_name":"Capgemini Poland","article_modified_time":"2025-03-12T06:47:40+00:00","og_image":[{"width":1200,"height":627,"url":"https:\/\/www.capgemini.com\/pl-pl\/wp-content\/uploads\/sites\/27\/2025\/10\/New-Web-preview-global.jpg","type":"image\/jpeg"}],"twitter_card":"summary_large_image","twitter_misc":{"Est. reading time":"1 minute"},"schema":{"@context":"https:\/\/schema.org","@graph":[{"@type":"WebPage","@id":"https:\/\/www.capgemini.com\/pl-pl\/o-nas\/zarzadzanie-lad-korporacyjny\/polityki\/kodeks-postepowania-dostawcow\/","url":"https:\/\/www.capgemini.com\/pl-pl\/o-nas\/zarzadzanie-lad-korporacyjny\/polityki\/kodeks-postepowania-dostawcow\/","name":"Supplier Standards of Conduct Policy | Management And Governance | Capgemini","isPartOf":{"@id":"https:\/\/www.capgemini.com\/pl-pl\/#website"},"datePublished":"2022-01-10T06:44:28+00:00","dateModified":"2025-03-12T06:47:40+00:00","breadcrumb":{"@id":"https:\/\/www.capgemini.com\/pl-pl\/o-nas\/zarzadzanie-lad-korporacyjny\/polityki\/kodeks-postepowania-dostawcow\/#breadcrumb"},"inLanguage":"pl-PL","potentialAction":[{"@type":"ReadAction","target":["https:\/\/www.capgemini.com\/pl-pl\/o-nas\/zarzadzanie-lad-korporacyjny\/polityki\/kodeks-postepowania-dostawcow\/"]}]},{"@type":"BreadcrumbList","@id":"https:\/\/www.capgemini.com\/pl-pl\/o-nas\/zarzadzanie-lad-korporacyjny\/polityki\/kodeks-postepowania-dostawcow\/#breadcrumb","itemListElement":[{"@type":"ListItem","position":1,"name":"Home","item":"https:\/\/www.capgemini.com\/pl-pl\/"},{"@type":"ListItem","position":2,"name":"O nas","item":"https:\/\/www.capgemini.com\/pl-pl\/o-nas\/"},{"@type":"ListItem","position":3,"name":"Zarz\u0105dzanie i \u0142ad korporacyjny","item":"https:\/\/www.capgemini.com\/pl-pl\/o-nas\/zarzadzanie-lad-korporacyjny\/"},{"@type":"ListItem","position":4,"name":"Polityki","item":"https:\/\/www.capgemini.com\/pl-pl\/o-nas\/zarzadzanie-lad-korporacyjny\/polityki\/"},{"@type":"ListItem","position":5,"name":"Kodeks post\u0119powania dostawc\u00f3w"}]},{"@type":"WebSite","@id":"https:\/\/www.capgemini.com\/pl-pl\/#website","url":"https:\/\/www.capgemini.com\/pl-pl\/","name":"Capgemini Polska","description":"Capgemini","potentialAction":[{"@type":"SearchAction","target":{"@type":"EntryPoint","urlTemplate":"https:\/\/www.capgemini.com\/pl-pl\/?s={search_term_string}"},"query-input":"required name=search_term_string"}],"inLanguage":"pl-PL"}]}},"brand_term":[],"parsely":{"version":"1.1.0","canonical_url":"https:\/\/capgemini.com\/pl-pl\/o-nas\/zarzadzanie-lad-korporacyjny\/polityki\/kodeks-postepowania-dostawcow\/","smart_links":{"inbound":0,"outbound":0},"traffic_boost_suggestions_count":0,"meta":{"@context":"https:\/\/schema.org","@type":"WebPage","headline":"Kodeks post\u0119powania dostawc\u00f3w","url":"https:\/\/www.capgemini.com\/pl-pl\/o-nas\/zarzadzanie-lad-korporacyjny\/polityki\/kodeks-postepowania-dostawcow\/","mainEntityOfPage":{"@type":"WebPage","@id":"https:\/\/www.capgemini.com\/pl-pl\/o-nas\/zarzadzanie-lad-korporacyjny\/polityki\/kodeks-postepowania-dostawcow\/"},"thumbnailUrl":"","image":{"@type":"ImageObject","url":""},"articleSection":"Uncategorized","author":[],"creator":[],"publisher":{"@type":"Organization","name":"Capgemini Poland","logo":""},"keywords":[],"dateCreated":"2022-01-10T06:44:28Z","datePublished":"2022-01-10T06:44:28Z","dateModified":"2025-03-12T06:47:40Z"},"rendered":"<meta name=\"parsely-title\" content=\"Kodeks post\u0119powania dostawc\u00f3w\" \/>\n<meta name=\"parsely-link\" content=\"https:\/\/www.capgemini.com\/pl-pl\/o-nas\/zarzadzanie-lad-korporacyjny\/polityki\/kodeks-postepowania-dostawcow\/\" \/>\n<meta name=\"parsely-type\" content=\"index\" \/>\n<meta name=\"parsely-pub-date\" content=\"2022-01-10T06:44:28Z\" \/>\n<meta name=\"parsely-section\" content=\"Uncategorized\" \/>","tracker_url":"https:\/\/cdn.parsely.com\/keys\/capgemini.com\/p.js"},"archive_status":false,"featured_image_src":"https:\/\/www.capgemini.com\/pl-pl\/wp-content\/themes\/capgemini2025\/assets\/images\/mockup.png","featured_image_alt":false,"jetpack_sharing_enabled":true,"distributor_meta":false,"distributor_terms":false,"distributor_media":false,"distributor_original_site_name":"Capgemini Poland","distributor_original_site_url":"https:\/\/www.capgemini.com\/pl-pl","push-errors":false,"_links":{"self":[{"href":"https:\/\/www.capgemini.com\/pl-pl\/wp-json\/wp\/v2\/pages\/642108","targetHints":{"allow":["GET"]}}],"collection":[{"href":"https:\/\/www.capgemini.com\/pl-pl\/wp-json\/wp\/v2\/pages"}],"about":[{"href":"https:\/\/www.capgemini.com\/pl-pl\/wp-json\/wp\/v2\/types\/page"}],"author":[{"embeddable":true,"href":"https:\/\/www.capgemini.com\/pl-pl\/wp-json\/wp\/v2\/users\/121"}],"replies":[{"embeddable":true,"href":"https:\/\/www.capgemini.com\/pl-pl\/wp-json\/wp\/v2\/comments?post=642108"}],"version-history":[{"count":3,"href":"https:\/\/www.capgemini.com\/pl-pl\/wp-json\/wp\/v2\/pages\/642108\/revisions"}],"predecessor-version":[{"id":889979,"href":"https:\/\/www.capgemini.com\/pl-pl\/wp-json\/wp\/v2\/pages\/642108\/revisions\/889979"}],"up":[{"embeddable":true,"href":"https:\/\/www.capgemini.com\/pl-pl\/wp-json\/wp\/v2\/pages\/639065"}],"wp:attachment":[{"href":"https:\/\/www.capgemini.com\/pl-pl\/wp-json\/wp\/v2\/media?parent=642108"}],"wp:term":[{"taxonomy":"brand","embeddable":true,"href":"https:\/\/www.capgemini.com\/pl-pl\/wp-json\/wp\/v2\/brand?post=642108"},{"taxonomy":"partner_type","embeddable":true,"href":"https:\/\/www.capgemini.com\/pl-pl\/wp-json\/wp\/v2\/partner_type?post=642108"},{"taxonomy":"service","embeddable":true,"href":"https:\/\/www.capgemini.com\/pl-pl\/wp-json\/wp\/v2\/service?post=642108"},{"taxonomy":"industry","embeddable":true,"href":"https:\/\/www.capgemini.com\/pl-pl\/wp-json\/wp\/v2\/industry?post=642108"},{"taxonomy":"partners","embeddable":true,"href":"https:\/\/www.capgemini.com\/pl-pl\/wp-json\/wp\/v2\/partners?post=642108"},{"taxonomy":"page-type","embeddable":true,"href":"https:\/\/www.capgemini.com\/pl-pl\/wp-json\/wp\/v2\/page-type?post=642108"},{"taxonomy":"content-group","embeddable":true,"href":"https:\/\/www.capgemini.com\/pl-pl\/wp-json\/wp\/v2\/content-group?post=642108"}],"curies":[{"name":"wp","href":"https:\/\/api.w.org\/{rel}","templated":true}]}}